{"id":11558,"date":"2021-11-12T00:00:00","date_gmt":"2021-11-12T00:00:00","guid":{"rendered":"https:\/\/idecesos.com\/seguros\/?page_id=11558"},"modified":"2022-01-03T12:29:54","modified_gmt":"2022-01-03T12:29:54","slug":"prima-mixta","status":"publish","type":"page","link":"https:\/\/idecesos.com\/seguros\/companias\/atlantis\/prima-mixta\/","title":{"rendered":"Seguro de decesos Atlantis Prima Mixta"},"content":{"rendered":"<div id=\"ez-toc-container\" class=\"ez-toc-v2_0_82_2 ez-toc-wrap-center counter-hierarchy ez-toc-counter ez-toc-custom ez-toc-container-direction\">\n<div class=\"ez-toc-title-container\">\n<p class=\"ez-toc-title\" style=\"cursor:inherit\">Tabla de Contenido<\/p>\n<span class=\"ez-toc-title-toggle\"><a href=\"#\" class=\"ez-toc-pull-right ez-toc-btn ez-toc-btn-xs ez-toc-btn-default ez-toc-toggle\" aria-label=\"Alternar tabla de contenidos\"><span class=\"ez-toc-js-icon-con\"><span class=\"\"><span class=\"eztoc-hide\" style=\"display:none;\">Toggle<\/span><span class=\"ez-toc-icon-toggle-span\"><svg style=\"fill: #db6415;color:#db6415\" xmlns=\"http:\/\/www.w3.org\/2000\/svg\" class=\"list-377408\" width=\"20px\" height=\"20px\" viewBox=\"0 0 24 24\" fill=\"none\"><path d=\"M6 6H4v2h2V6zm14 0H8v2h12V6zM4 11h2v2H4v-2zm16 0H8v2h12v-2zM4 16h2v2H4v-2zm16 0H8v2h12v-2z\" fill=\"currentColor\"><\/path><\/svg><svg style=\"fill: #db6415;color:#db6415\" class=\"arrow-unsorted-368013\" xmlns=\"http:\/\/www.w3.org\/2000\/svg\" width=\"10px\" height=\"10px\" viewBox=\"0 0 24 24\" version=\"1.2\" baseProfile=\"tiny\"><path d=\"M18.2 9.3l-6.2-6.3-6.2 6.3c-.2.2-.3.4-.3.7s.1.5.3.7c.2.2.4.3.7.3h11c.3 0 .5-.1.7-.3.2-.2.3-.5.3-.7s-.1-.5-.3-.7zM5.8 14.7l6.2 6.3 6.2-6.3c.2-.2.3-.5.3-.7s-.1-.5-.3-.7c-.2-.2-.4-.3-.7-.3h-11c-.3 0-.5.1-.7.3-.2.2-.3.5-.3.7s.1.5.3.7z\"\/><\/svg><\/span><\/span><\/span><\/a><\/span><\/div>\n<nav><ul class='ez-toc-list ez-toc-list-level-1 ' ><li class='ez-toc-page-1 ez-toc-heading-level-2'><a class=\"ez-toc-link ez-toc-heading-1\" href=\"https:\/\/idecesos.com\/seguros\/companias\/atlantis\/prima-mixta\/#Coberturas_seguro_Prima_Mixta_Atlantis\" >Coberturas seguro Prima Mixta Atlantis<\/a><ul class='ez-toc-list-level-3' ><li class='ez-toc-heading-level-3'><a class=\"ez-toc-link ez-toc-heading-2\" href=\"https:\/\/idecesos.com\/seguros\/companias\/atlantis\/prima-mixta\/#%C2%BFA_quien_va_dirigido_el_seguro_de_decesos_Prima_Mixta_de_Atlantis\" >\u00bfA qui\u00e9n va dirigido el seguro de decesos Prima Mixta de Atlantis?<\/a><\/li><\/ul><\/li><li class='ez-toc-page-1 ez-toc-heading-level-2'><a class=\"ez-toc-link ez-toc-heading-3\" href=\"https:\/\/idecesos.com\/seguros\/companias\/atlantis\/prima-mixta\/#Precio_de_seguro_de_decesos_Prima_Mixta_Atlantis\" >Precio de seguro de decesos Prima Mixta Atlantis<\/a><\/li><li class='ez-toc-page-1 ez-toc-heading-level-2'><a class=\"ez-toc-link ez-toc-heading-4\" href=\"https:\/\/idecesos.com\/seguros\/companias\/atlantis\/prima-mixta\/#Productos_Prima_Mixta_Atlantis\" >Productos Prima Mixta Atlantis<\/a><\/li><li class='ez-toc-page-1 ez-toc-heading-level-2'><a class=\"ez-toc-link ez-toc-heading-5\" href=\"https:\/\/idecesos.com\/seguros\/companias\/atlantis\/prima-mixta\/#Opiniones_del_seguro_de_decesos_de_Prima_Mixta_de_Atlantis\" >Opiniones del seguro de decesos de Prima Mixta de Atlantis<\/a><ul class='ez-toc-list-level-3' ><li class='ez-toc-heading-level-3'><a class=\"ez-toc-link ez-toc-heading-6\" href=\"https:\/\/idecesos.com\/seguros\/companias\/atlantis\/prima-mixta\/#Paginas_relacionadas\" >P\u00e1ginas relacionadas<\/a><\/li><\/ul><\/li><\/ul><\/nav><\/div>\n\n<p>Gracias a la combinaci\u00f3n de prima nivelada y natural, el seguro de decesos de Atlantis mixta es de las m\u00e1s resaltables. Es una ventaja que cuando se est\u00e1 en una edad m\u00e1s temprana resulte m\u00e1s econ\u00f3mico, m\u00e1s no se queda nivelada hasta el momento en que se llegue a una edad en concreto. <\/p>\n<p>Leer m\u00e1s: <a href=\"https:\/\/idecesos.com\/seguros\/tipo\/mixta\/\">Seguro de decesos Prima Mixta<\/a><\/p>\n<div class=\"colorf \"  ><div class=\"container clearfix\"><div class=\"col-md-7\"><\/p>\n<h2><span class=\"ez-toc-section\" id=\"Coberturas_seguro_Prima_Mixta_Atlantis\"><\/span>Coberturas seguro Prima Mixta Atlantis<span class=\"ez-toc-section-end\"><\/span><\/h2>\n<p>Para los clientes m\u00e1s exigentes pueden contar con las coberturas de la prima mixta Atlantis adem\u00e1s de tener una calidad conforme las creencias de cada cliente del servicio. Dentro de todas las opiniones, resalta el servicio funerario por Atlantis, puesto que los clientes del servicio lo han valorado como de las mejores coberturas que cuenta dentro de prima mixta Atlantis. Las coberturas principales que recogen el condicionado general de la p\u00f3liza de prima mixta Atlantis engloban desde el desplazamiento con chofer especializado en turismos l\u00fagubres, tanatorio con todos y cada uno de los complementos que lo incluyen (acto religioso, servicio de asistencia a los familiares en la gu\u00eda de preparativos y consultas, sala de velatorio donde puedan darle el \u00faltimo adi\u00f3s al fallecido entre otros), adecuaci\u00f3n del cad\u00e1ver para su presentaci\u00f3n guardando los m\u00e1s rigurosos controles de higiene y c\u00e1nones de elegancia a fin de que sea lo menos traum\u00e1tico posible para sus familiares despedirse en su \u00faltimo momento. Se har\u00e1 de la forma m\u00e1s exhaustiva, adecuando todo en ese d\u00eda tan especial, el ata\u00fad, florister\u00eda, ya sea incineraci\u00f3n o urna. <\/p>\n<p><\/div><\/div><\/div>\n<h3><span class=\"ez-toc-section\" id=\"%C2%BFA_quien_va_dirigido_el_seguro_de_decesos_Prima_Mixta_de_Atlantis\"><\/span>\u00bfA qui\u00e9n va dirigido el seguro de decesos Prima Mixta de Atlantis?<span class=\"ez-toc-section-end\"><\/span><\/h3>\n<p>El seguro que m\u00e1s se puede beneficiar de un bajo precio es el seguro de prima mixta Atlantis siempre que cumpla con los requisitos de estar alrededor de los 50 a\u00f1os o bien m\u00e1s. A diferencia de la prima nivelada. Cada cliente del servicio que pertenezca a la p\u00f3liza de prima mixta Atlantis cuenta con el beneficio de combinaci\u00f3n de prima natural y nivelada. <\/p>\n<div class=\"colorf \"  ><div class=\"container clearfix\"><div class=\"col-md-7\"><\/p>\n<h2><span class=\"ez-toc-section\" id=\"Precio_de_seguro_de_decesos_Prima_Mixta_Atlantis\"><\/span>Precio de seguro de decesos Prima Mixta Atlantis<span class=\"ez-toc-section-end\"><\/span><\/h2>\n<p>Para el seguro de prima mixta Atlantis su precio es de 2,10\u20ac cada mes, siempre y cuando se tenga en cuenta algunas referencias como es la localidad, ya los servicios funerarios pueden ser m\u00e1s bajos y con una edad de m\u00e1s de 19 a\u00f1os. Es bastante dif\u00edcil hallar una Atlantis de prima mixta que ofrece unas coberturas de calidad y que su precio sea accesible. De las dudas que puedan surgir de Atlantis dentro de iDecesos podr\u00e1s equiparar los precios que hay de prima mixta con toda la informaci\u00f3n al instante. <\/p>\n<p><\/div><\/div><\/div>\n<h2><span class=\"ez-toc-section\" id=\"Productos_Prima_Mixta_Atlantis\"><\/span>Productos Prima Mixta Atlantis<span class=\"ez-toc-section-end\"><\/span><\/h2>\n<div class=\"colorf\"><div class=\"container clearfix\"><div class=\"col-md-7\"><div class=\"opiniones\">\n<h2><span class=\"ez-toc-section\" id=\"Opiniones_del_seguro_de_decesos_de_Prima_Mixta_de_Atlantis\"><\/span>Opiniones del seguro de decesos de Prima Mixta de Atlantis<span class=\"ez-toc-section-end\"><\/span><\/h2>\n<p>La prima mixta de Atlantis es de las que mejor opinan tienen dentro de iDecesos, ya que est\u00e1n de forma filtrada y son clasificadas por expertos. Esta valoraci\u00f3n tan buena es debido a que el producto es muy equilibrado, con un coste muy barato y coberturas y servicios de enorme calidad. La compa\u00f1\u00eda seguros Atlantis tiene diferentes niveles de calidad por la Direcci\u00f3n General de seguros (D. G. S). <\/p>\n<div class=\"opinion \"  >\n\t\t\t<div class=\"cabecera_opinion\">\n\t\t\t\t<div class=\"avatar\">C D M <\/div>\n\t\t\t\t<div class=\"datos_opinion\">\n\t\t\t\t\t<div class=\"nombre_opinion\">Cristina del Mill\u00e1n<\/div>\n\t\t\t\t\t<div class=\"info_opinion\">\t\t\t\t\t\t\n\t\t\t\t\t\t<div class=\"cuenta_opinion\"><i class=\"fas fa-pencil-alt\"><\/i><!--span class=\"dashicons dashicons-edit\" style=\"font-size:20px\"><\/span--><span>1 Opini\u00f3n<\/span><\/div>\t\t\t\t\t\t\n\t\t\t\t\t\t<div class=\"localizacion_opinion\">\n\t\t\t\t\t\t\t<i class=\"fas fa-map-marker-alt\"><\/i><!--span class=\"dashicons dashicons-location\" style=\"font-size:20px\"><\/span-->\n\t\t\t\t\t\t\t<span>ES<\/span>\n\t\t\t\t\t\t<\/div>\t\n\t\t\t\t\t<\/div>\n\t\t\t\t<\/div>\n\t\t\t<\/div><div class=\"texto_opinion\"><\/p>\n<p>Muchos de mis conocidos me recomendaron Atlantis y decid\u00ed realizar la contrataci\u00f3n con ellos, aparte de que me aconsejaron al detalle me dieron toda la informaci\u00f3n que precisaba saber, como un presupuesto adaptado para mi, con lo que su tarifa fue una de los principales motivos por el que escog\u00ed esta Atlantis.<\/p>\n<p><\/div><\/div>\n<div class=\"opinion \"  >\n\t\t\t<div class=\"cabecera_opinion\">\n\t\t\t\t<div class=\"avatar\">N E <\/div>\n\t\t\t\t<div class=\"datos_opinion\">\n\t\t\t\t\t<div class=\"nombre_opinion\">Natanael Eugenio<\/div>\n\t\t\t\t\t<div class=\"info_opinion\">\t\t\t\t\t\t\n\t\t\t\t\t\t<div class=\"cuenta_opinion\"><i class=\"fas fa-pencil-alt\"><\/i><!--span class=\"dashicons dashicons-edit\" style=\"font-size:20px\"><\/span--><span>1 Opini\u00f3n<\/span><\/div>\t\t\t\t\t\t\n\t\t\t\t\t\t<div class=\"localizacion_opinion\">\n\t\t\t\t\t\t\t<i class=\"fas fa-map-marker-alt\"><\/i><!--span class=\"dashicons dashicons-location\" style=\"font-size:20px\"><\/span-->\n\t\t\t\t\t\t\t<span>ES<\/span>\n\t\t\t\t\t\t<\/div>\t\n\t\t\t\t\t<\/div>\n\t\t\t\t<\/div>\n\t\t\t<\/div><div class=\"texto_opinion\"><\/p>\n<p>Aconsejo el seguro de decesos de prima Mixta de Atlantis, lo contratamos para mi fallecido padre y nos dieron un servicio muy apropiado.<\/p>\n<p><\/div><\/div>\n<div class=\"opinion \"  >\n\t\t\t<div class=\"cabecera_opinion\">\n\t\t\t\t<div class=\"avatar\">N B <\/div>\n\t\t\t\t<div class=\"datos_opinion\">\n\t\t\t\t\t<div class=\"nombre_opinion\">Nilo Barrera<\/div>\n\t\t\t\t\t<div class=\"info_opinion\">\t\t\t\t\t\t\n\t\t\t\t\t\t<div class=\"cuenta_opinion\"><i class=\"fas fa-pencil-alt\"><\/i><!--span class=\"dashicons dashicons-edit\" style=\"font-size:20px\"><\/span--><span>1 Opini\u00f3n<\/span><\/div>\t\t\t\t\t\t\n\t\t\t\t\t\t<div class=\"localizacion_opinion\">\n\t\t\t\t\t\t\t<i class=\"fas fa-map-marker-alt\"><\/i><!--span class=\"dashicons dashicons-location\" style=\"font-size:20px\"><\/span-->\n\t\t\t\t\t\t\t<span>ES<\/span>\n\t\t\t\t\t\t<\/div>\t\n\t\t\t\t\t<\/div>\n\t\t\t\t<\/div>\n\t\t\t<\/div><div class=\"texto_opinion\"><\/p>\n<p>Dentro de mis criterios Atlantis es la mejor que existe, adem\u00e1s de esto los asesores son muy profesionales en el \u00e1mbito de los seguros, por lo que me dieron mayor seguridad y tranquilidad, me resulta importante ya antes de efectuar una contrataci\u00f3n que conozca al detalle el producto, por lo que atendieron estupendamente,  hice la contrataci\u00f3n hace bastante poco con lo que la tarifa me result\u00f3 muy rentable, contaba con todas las coberturas que precisaba, con lo que no puedo estar m\u00e1s contenta con Atlantis.<\/p>\n<p><\/div><\/div>\n<\/div><\/div><\/div><\/div>\n<p><div class=\"oficinas\"><br \/>\n<h3><span class=\"ez-toc-section\" id=\"Paginas_relacionadas\"><\/span>P\u00e1ginas relacionadas<span class=\"ez-toc-section-end\"><\/span><\/h3><div class=\"enlazado\"><ul> <li><a href=\"https:\/\/idecesos.com\/seguros\/companias\/atlantis\/coberturas\/\">Coberturas Seguro de Decesos Atlantis<\/a><\/li> <li><a href=\"https:\/\/idecesos.com\/seguros\/companias\/atlantis\/opiniones\/\">Opiniones Atlantis<\/a><\/li> <li><a href=\"https:\/\/idecesos.com\/seguros\/companias\/atlantis\/precio\/\">Precio seguro Atlantis<\/a><\/li> <li><a href=\"https:\/\/idecesos.com\/seguros\/companias\/atlantis\/prima-mixta\/\">Atlantis Prima Mixta<\/a><\/li> <li><a href=\"https:\/\/idecesos.com\/seguros\/companias\/atlantis\/prima-natural\/\">Atlantis Prima Natural<\/a><\/li> <li><a href=\"https:\/\/idecesos.com\/seguros\/companias\/atlantis\/prima-nivelada\/\">Atlantis Prima Nivelada<\/a><\/li> <li><a href=\"https:\/\/idecesos.com\/seguros\/companias\/atlantis\/prima-unica\/\">Atlantis Prima \u00danica<\/a><\/li> <li><a href=\"https:\/\/idecesos.com\/seguros\/companias\/atlantis\/repatriacion\/\">Atlantis Repatriaci\u00f3n<\/a><\/li> <li><a href=\"https:\/\/idecesos.com\/seguros\/companias\/atlantis\/telefono\/\">Tel\u00e9fono Gratuito Atlantis<\/a><\/li><\/ul><\/div><\/p>\n<\/div>\n","protected":false},"excerpt":{"rendered":"<p>Gracias a la combinaci\u00f3n de prima nivelada y natural, el seguro de decesos de Atlantis mixta es de las m\u00e1s resaltables. Es una ventaja que cuando se est\u00e1 en una edad m\u00e1s temprana resulte m\u00e1s econ\u00f3mico, m\u00e1s no se queda nivelada hasta el momento en que se llegue a una edad en concreto. Leer m\u00e1s:&hellip; <\/p>\n","protected":false},"author":3,"featured_media":0,"parent":233,"menu_order":0,"comment_status":"closed","ping_status":"closed","template":"single.php","meta":{"footnotes":""},"class_list":["post-11558","page","type-page","status-publish","hentry"],"yoast_head":"<!-- This site is optimized with the Yoast SEO plugin v27.3 - https:\/\/yoast.com\/product\/yoast-seo-wordpress\/ -->\n<title>Seguro Decesos Atlantis Prima Mixta \u25b7 Opiniones y Precio 2026<\/title>\n<meta name=\"description\" content=\"Click aqu\u00ed \u3010Seguro de Decesos Prima Mixta Atlantis\u3011 Mejores precios Atlantis seguro de fallecidos Prima Mixta \u2611\ufe0f Actualizado por iDecesos\u00ae\" \/>\n<meta name=\"robots\" content=\"index, follow, max-snippet:-1, max-image-preview:large, max-video-preview:-1\" \/>\n<link rel=\"canonical\" href=\"https:\/\/idecesos.com\/seguros\/companias\/atlantis\/prima-mixta\/\" \/>\n<meta property=\"og:locale\" content=\"es_ES\" \/>\n<meta property=\"og:type\" content=\"article\" \/>\n<meta property=\"og:title\" content=\"Seguro Decesos Atlantis Prima Mixta \u25b7 Opiniones y Precio 2026\" \/>\n<meta property=\"og:description\" content=\"Click aqu\u00ed \u3010Seguro de Decesos Prima Mixta Atlantis\u3011 Mejores precios Atlantis seguro de fallecidos Prima Mixta \u2611\ufe0f Actualizado por iDecesos\u00ae\" \/>\n<meta property=\"og:url\" content=\"https:\/\/idecesos.com\/seguros\/companias\/atlantis\/prima-mixta\/\" \/>\n<meta property=\"article:modified_time\" content=\"2022-01-03T12:29:54+00:00\" \/>\n<meta name=\"twitter:card\" content=\"summary_large_image\" \/>\n<meta name=\"twitter:label1\" content=\"Tiempo de lectura\" \/>\n\t<meta name=\"twitter:data1\" content=\"54 minutos\" \/>\n<script type=\"application\/ld+json\" class=\"yoast-schema-graph\">{\"@context\":\"https:\\\/\\\/schema.org\",\"@graph\":[{\"@type\":\"WebPage\",\"@id\":\"https:\\\/\\\/idecesos.com\\\/seguros\\\/companias\\\/atlantis\\\/prima-mixta\\\/\",\"url\":\"https:\\\/\\\/idecesos.com\\\/seguros\\\/companias\\\/atlantis\\\/prima-mixta\\\/\",\"name\":\"Seguro Decesos Atlantis Prima Mixta \u25b7 Opiniones y Precio 2026\",\"isPartOf\":{\"@id\":\"https:\\\/\\\/idecesos.com\\\/seguros\\\/#website\"},\"datePublished\":\"2021-11-12T00:00:00+00:00\",\"dateModified\":\"2022-01-03T12:29:54+00:00\",\"description\":\"Click aqu\u00ed \u3010Seguro de Decesos Prima Mixta Atlantis\u3011 Mejores precios Atlantis seguro de fallecidos Prima Mixta \u2611\ufe0f Actualizado por iDecesos\u00ae\",\"breadcrumb\":{\"@id\":\"https:\\\/\\\/idecesos.com\\\/seguros\\\/companias\\\/atlantis\\\/prima-mixta\\\/#breadcrumb\"},\"inLanguage\":\"es\",\"potentialAction\":[{\"@type\":\"ReadAction\",\"target\":[\"https:\\\/\\\/idecesos.com\\\/seguros\\\/companias\\\/atlantis\\\/prima-mixta\\\/\"]}]},{\"@type\":\"BreadcrumbList\",\"@id\":\"https:\\\/\\\/idecesos.com\\\/seguros\\\/companias\\\/atlantis\\\/prima-mixta\\\/#breadcrumb\",\"itemListElement\":[{\"@type\":\"ListItem\",\"position\":1,\"name\":\"Portada\",\"item\":\"https:\\\/\\\/idecesos.com\\\/seguros\\\/\"},{\"@type\":\"ListItem\",\"position\":2,\"name\":\"Compa\u00f1\u00edas de Seguros de Decesos en Espa\u00f1a\",\"item\":\"https:\\\/\\\/idecesos.com\\\/seguros\\\/companias\\\/\"},{\"@type\":\"ListItem\",\"position\":3,\"name\":\"Seguro de decesos Atlantis\",\"item\":\"https:\\\/\\\/idecesos.com\\\/seguros\\\/companias\\\/atlantis\\\/\"},{\"@type\":\"ListItem\",\"position\":4,\"name\":\"Seguro de decesos Atlantis Prima Mixta\"}]},{\"@type\":\"WebSite\",\"@id\":\"https:\\\/\\\/idecesos.com\\\/seguros\\\/#website\",\"url\":\"https:\\\/\\\/idecesos.com\\\/seguros\\\/\",\"name\":\"\",\"description\":\"\",\"potentialAction\":[{\"@type\":\"SearchAction\",\"target\":{\"@type\":\"EntryPoint\",\"urlTemplate\":\"https:\\\/\\\/idecesos.com\\\/seguros\\\/?s={search_term_string}\"},\"query-input\":{\"@type\":\"PropertyValueSpecification\",\"valueRequired\":true,\"valueName\":\"search_term_string\"}}],\"inLanguage\":\"es\"}]}<\/script>\n<!-- \/ Yoast SEO plugin. -->","yoast_head_json":{"title":"Seguro Decesos Atlantis Prima Mixta \u25b7 Opiniones y Precio 2026","description":"Click aqu\u00ed \u3010Seguro de Decesos Prima Mixta Atlantis\u3011 Mejores precios Atlantis seguro de fallecidos Prima Mixta \u2611\ufe0f Actualizado por iDecesos\u00ae","robots":{"index":"index","follow":"follow","max-snippet":"max-snippet:-1","max-image-preview":"max-image-preview:large","max-video-preview":"max-video-preview:-1"},"canonical":"https:\/\/idecesos.com\/seguros\/companias\/atlantis\/prima-mixta\/","og_locale":"es_ES","og_type":"article","og_title":"Seguro Decesos Atlantis Prima Mixta \u25b7 Opiniones y Precio 2026","og_description":"Click aqu\u00ed \u3010Seguro de Decesos Prima Mixta Atlantis\u3011 Mejores precios Atlantis seguro de fallecidos Prima Mixta \u2611\ufe0f Actualizado por iDecesos\u00ae","og_url":"https:\/\/idecesos.com\/seguros\/companias\/atlantis\/prima-mixta\/","article_modified_time":"2022-01-03T12:29:54+00:00","twitter_card":"summary_large_image","twitter_misc":{"Tiempo de lectura":"54 minutos"},"schema":{"@context":"https:\/\/schema.org","@graph":[{"@type":"WebPage","@id":"https:\/\/idecesos.com\/seguros\/companias\/atlantis\/prima-mixta\/","url":"https:\/\/idecesos.com\/seguros\/companias\/atlantis\/prima-mixta\/","name":"Seguro Decesos Atlantis Prima Mixta \u25b7 Opiniones y Precio 2026","isPartOf":{"@id":"https:\/\/idecesos.com\/seguros\/#website"},"datePublished":"2021-11-12T00:00:00+00:00","dateModified":"2022-01-03T12:29:54+00:00","description":"Click aqu\u00ed \u3010Seguro de Decesos Prima Mixta Atlantis\u3011 Mejores precios Atlantis seguro de fallecidos Prima Mixta \u2611\ufe0f Actualizado por iDecesos\u00ae","breadcrumb":{"@id":"https:\/\/idecesos.com\/seguros\/companias\/atlantis\/prima-mixta\/#breadcrumb"},"inLanguage":"es","potentialAction":[{"@type":"ReadAction","target":["https:\/\/idecesos.com\/seguros\/companias\/atlantis\/prima-mixta\/"]}]},{"@type":"BreadcrumbList","@id":"https:\/\/idecesos.com\/seguros\/companias\/atlantis\/prima-mixta\/#breadcrumb","itemListElement":[{"@type":"ListItem","position":1,"name":"Portada","item":"https:\/\/idecesos.com\/seguros\/"},{"@type":"ListItem","position":2,"name":"Compa\u00f1\u00edas de Seguros de Decesos en Espa\u00f1a","item":"https:\/\/idecesos.com\/seguros\/companias\/"},{"@type":"ListItem","position":3,"name":"Seguro de decesos Atlantis","item":"https:\/\/idecesos.com\/seguros\/companias\/atlantis\/"},{"@type":"ListItem","position":4,"name":"Seguro de decesos Atlantis Prima Mixta"}]},{"@type":"WebSite","@id":"https:\/\/idecesos.com\/seguros\/#website","url":"https:\/\/idecesos.com\/seguros\/","name":"","description":"","potentialAction":[{"@type":"SearchAction","target":{"@type":"EntryPoint","urlTemplate":"https:\/\/idecesos.com\/seguros\/?s={search_term_string}"},"query-input":{"@type":"PropertyValueSpecification","valueRequired":true,"valueName":"search_term_string"}}],"inLanguage":"es"}]}},"_links":{"self":[{"href":"https:\/\/idecesos.com\/seguros\/wp-json\/wp\/v2\/pages\/11558","targetHints":{"allow":["GET"]}}],"collection":[{"href":"https:\/\/idecesos.com\/seguros\/wp-json\/wp\/v2\/pages"}],"about":[{"href":"https:\/\/idecesos.com\/seguros\/wp-json\/wp\/v2\/types\/page"}],"author":[{"embeddable":true,"href":"https:\/\/idecesos.com\/seguros\/wp-json\/wp\/v2\/users\/3"}],"replies":[{"embeddable":true,"href":"https:\/\/idecesos.com\/seguros\/wp-json\/wp\/v2\/comments?post=11558"}],"version-history":[{"count":1,"href":"https:\/\/idecesos.com\/seguros\/wp-json\/wp\/v2\/pages\/11558\/revisions"}],"predecessor-version":[{"id":13059,"href":"https:\/\/idecesos.com\/seguros\/wp-json\/wp\/v2\/pages\/11558\/revisions\/13059"}],"up":[{"embeddable":true,"href":"https:\/\/idecesos.com\/seguros\/wp-json\/wp\/v2\/pages\/233"}],"wp:attachment":[{"href":"https:\/\/idecesos.com\/seguros\/wp-json\/wp\/v2\/media?parent=11558"}],"curies":[{"name":"wp","href":"https:\/\/api.w.org\/{rel}","templated":true}]}}