{"id":11563,"date":"2021-11-12T00:00:00","date_gmt":"2021-11-12T00:00:00","guid":{"rendered":"https:\/\/idecesos.com\/seguros\/?page_id=11563"},"modified":"2022-01-03T12:30:03","modified_gmt":"2022-01-03T12:30:03","slug":"prima-natural","status":"publish","type":"page","link":"https:\/\/idecesos.com\/seguros\/companias\/banco-caixa-general\/prima-natural\/","title":{"rendered":"Seguro de decesos Caixa Geral Prima Natural"},"content":{"rendered":"<div id=\"ez-toc-container\" class=\"ez-toc-v2_0_83 ez-toc-wrap-center counter-hierarchy ez-toc-counter ez-toc-custom ez-toc-container-direction\">\n<div class=\"ez-toc-title-container\">\n<p class=\"ez-toc-title\" style=\"cursor:inherit\">Tabla de Contenido<\/p>\n<span class=\"ez-toc-title-toggle\"><a href=\"#\" class=\"ez-toc-pull-right ez-toc-btn ez-toc-btn-xs ez-toc-btn-default ez-toc-toggle\" aria-label=\"Alternar tabla de contenidos\"><span class=\"ez-toc-js-icon-con\"><span class=\"\"><span class=\"eztoc-hide\" style=\"display:none;\">Toggle<\/span><span class=\"ez-toc-icon-toggle-span\"><svg style=\"fill: #db6415;color:#db6415\" xmlns=\"http:\/\/www.w3.org\/2000\/svg\" class=\"list-377408\" width=\"20px\" height=\"20px\" viewBox=\"0 0 24 24\" fill=\"none\"><path d=\"M6 6H4v2h2V6zm14 0H8v2h12V6zM4 11h2v2H4v-2zm16 0H8v2h12v-2zM4 16h2v2H4v-2zm16 0H8v2h12v-2z\" fill=\"currentColor\"><\/path><\/svg><svg style=\"fill: #db6415;color:#db6415\" class=\"arrow-unsorted-368013\" xmlns=\"http:\/\/www.w3.org\/2000\/svg\" width=\"10px\" height=\"10px\" viewBox=\"0 0 24 24\" version=\"1.2\" baseProfile=\"tiny\"><path d=\"M18.2 9.3l-6.2-6.3-6.2 6.3c-.2.2-.3.4-.3.7s.1.5.3.7c.2.2.4.3.7.3h11c.3 0 .5-.1.7-.3.2-.2.3-.5.3-.7s-.1-.5-.3-.7zM5.8 14.7l6.2 6.3 6.2-6.3c.2-.2.3-.5.3-.7s-.1-.5-.3-.7c-.2-.2-.4-.3-.7-.3h-11c-.3 0-.5.1-.7.3-.2.2-.3.5-.3.7s.1.5.3.7z\"\/><\/svg><\/span><\/span><\/span><\/a><\/span><\/div>\n<nav><ul class='ez-toc-list ez-toc-list-level-1 ' ><li class='ez-toc-page-1 ez-toc-heading-level-2'><a class=\"ez-toc-link ez-toc-heading-1\" href=\"https:\/\/idecesos.com\/seguros\/companias\/banco-caixa-general\/prima-natural\/#Coberturas_seguro_Prima_Natural_Caixa_Geral\" >Coberturas seguro Prima Natural Caixa Geral<\/a><ul class='ez-toc-list-level-3' ><li class='ez-toc-heading-level-3'><a class=\"ez-toc-link ez-toc-heading-2\" href=\"https:\/\/idecesos.com\/seguros\/companias\/banco-caixa-general\/prima-natural\/#%C2%BFA_quien_va_dirigido_el_seguro_de_decesos_Prima_Natural_de_Caixa_Geral\" >\u00bfA qui\u00e9n va dirigido el seguro de decesos Prima Natural de Caixa Geral?<\/a><\/li><\/ul><\/li><li class='ez-toc-page-1 ez-toc-heading-level-2'><a class=\"ez-toc-link ez-toc-heading-3\" href=\"https:\/\/idecesos.com\/seguros\/companias\/banco-caixa-general\/prima-natural\/#Precio_de_seguro_de_decesos_Prima_Natural_Caixa_Geral\" >Precio de seguro de decesos Prima Natural Caixa Geral<\/a><\/li><li class='ez-toc-page-1 ez-toc-heading-level-2'><a class=\"ez-toc-link ez-toc-heading-4\" href=\"https:\/\/idecesos.com\/seguros\/companias\/banco-caixa-general\/prima-natural\/#Productos_Prima_Natural_Caixa_Geral\" >Productos Prima Natural Caixa Geral<\/a><\/li><li class='ez-toc-page-1 ez-toc-heading-level-2'><a class=\"ez-toc-link ez-toc-heading-5\" href=\"https:\/\/idecesos.com\/seguros\/companias\/banco-caixa-general\/prima-natural\/#Opiniones_del_seguro_de_decesos_de_Prima_Natural_de_Caixa_Geral\" >Opiniones del seguro de decesos de Prima Natural de Caixa Geral<\/a><\/li><\/ul><\/nav><\/div>\n\n<p>En Caixa Geral el seguro de prima natural es aquella que de forma anual van renovando los precios con relaci\u00f3n a la edad que vaya cumpliendo el asegurado, por lo que se podr\u00e1 apreciar una ligera subida de precio. La modalidad que consta el seguro de prima natural de empresa es aquella renovaci\u00f3n que se va haciendo anualmente, asimismo influye con la edad del asegurado cuanto m\u00e1s a\u00f1os vaya cumpliendo esto va a subir de manera leve. En Caixa Geral la p\u00f3liza de prima natural resulta m\u00e1s barata en cuanto en edad seas joven, con lo que cuando vayas sumando a\u00f1os resulta menos rentable. Esta clase de p\u00f3liza de prima natural de empresa resulta financieramente rentable cuando se est\u00e1s un rango de edad joven, cuando se marcha envejeciendo ya no resultar\u00e1 econ\u00f3mico. La creaci\u00f3n de este producto es para las familias que cuenten con asegurados j\u00f3venes de las que quieran obtener un seguro de decesos de prima natural de Caixa Geral que resultara econ\u00f3mico. <\/p>\n<p>Leer m\u00e1s: <a href=\"https:\/\/idecesos.com\/seguros\/tipo\/natural\/\">Seguro de decesos Prima Natural<\/a><\/p>\n<div class=\"colorf \"  ><div class=\"container clearfix\"><div class=\"col-md-7\"><\/p>\n<h2><span class=\"ez-toc-section\" id=\"Coberturas_seguro_Prima_Natural_Caixa_Geral\"><\/span>Coberturas seguro Prima Natural Caixa Geral<span class=\"ez-toc-section-end\"><\/span><\/h2>\n<p>Caixa Geral cuenta con las mejores coberturas de prima natural del mercado de Espa\u00f1a, adaptados a los nuevos tiempos y rehabilitados con el que se adapta a cada persona. \u00bfLas coberturas de prima natural de Caixa Geral que cubren? En el servicio de sepelio cuenta con el traslado del cuerpo, coche funerario, contando desde un servicio de asistencia familiar para el apoyo familiar a lo largo de todo el proceso o para cualquier duda que se tenga, gestiones burocr\u00e1ticas. Dentro de las coberturas la que m\u00e1s importancia es contar con el servicio de tanatorio en tanto que arreglan la sala seg\u00fan las indicaciones de los familiares, aparte de preparar al cuerpo para que puedan despedirse los familiares. En Caixa Geral el seguro de prima natural dentro de las coberturas cuenta con la preparaci\u00f3n del cad\u00e1ver para que luzca de manera m\u00e1s adecuada para que los familiares puedan despedirse, dentro de ello el acto religioso, corona floral, esquela entre otros. <\/p>\n<p><\/div><\/div><\/div>\n<h3><span class=\"ez-toc-section\" id=\"%C2%BFA_quien_va_dirigido_el_seguro_de_decesos_Prima_Natural_de_Caixa_Geral\"><\/span>\u00bfA qui\u00e9n va dirigido el seguro de decesos Prima Natural de Caixa Geral?<span class=\"ez-toc-section-end\"><\/span><\/h3>\n<p>Prima natural de Caixa Geral se dirige para aquellas personas j\u00f3venes que deseen estar cubierto al 100 por cien mas no pagar mucho m\u00e1s y mucho menos cuando haya subidas de prima. En su gran mayor\u00eda, este p\u00fablico con el paso del tiempo se cambia a otro g\u00e9nero de prima que contenga m\u00e1s esas subidas de precio. <\/p>\n<div class=\"colorf \"  ><div class=\"container clearfix\"><div class=\"col-md-7\"><\/p>\n<h2><span class=\"ez-toc-section\" id=\"Precio_de_seguro_de_decesos_Prima_Natural_Caixa_Geral\"><\/span>Precio de seguro de decesos Prima Natural Caixa Geral<span class=\"ez-toc-section-end\"><\/span><\/h2>\n<p>Todos nuestros interesados desean saber cu\u00e1nto cuesta el seguro de prima natural de Caixa Geral y su precio es 1,99 euros por asegurado, hemos tenido en cuenta una edad de las m\u00e1s bajas contratables y en una de las localidades m\u00e1s econ\u00f3micas de Espa\u00f1a para celebrar un funeral. Equipara precios de seguros de prima natural con el de Caixa Geral en iDecesos, es f\u00e1cil, gratuito y saldr\u00e1s de dudas en 1 minuto. <\/p>\n<p><\/div><\/div><\/div>\n<h2><span class=\"ez-toc-section\" id=\"Productos_Prima_Natural_Caixa_Geral\"><\/span>Productos Prima Natural Caixa Geral<span class=\"ez-toc-section-end\"><\/span><\/h2>\n<div class=\"colorf\"><div class=\"container clearfix\"><div class=\"col-md-7\"><div class=\"opiniones\">\n<h2><span class=\"ez-toc-section\" id=\"Opiniones_del_seguro_de_decesos_de_Prima_Natural_de_Caixa_Geral\"><\/span>Opiniones del seguro de decesos de Prima Natural de Caixa Geral<span class=\"ez-toc-section-end\"><\/span><\/h2>\n<div class=\"opinion \"  >\n\t\t\t<div class=\"cabecera_opinion\">\n\t\t\t\t<div class=\"avatar\">L S <\/div>\n\t\t\t\t<div class=\"datos_opinion\">\n\t\t\t\t\t<div class=\"nombre_opinion\">Leonor S\u00e1nchez<\/div>\n\t\t\t\t\t<div class=\"info_opinion\">\t\t\t\t\t\t\n\t\t\t\t\t\t<div class=\"cuenta_opinion\"><i class=\"fas fa-pencil-alt\"><\/i><!--span class=\"dashicons dashicons-edit\" style=\"font-size:20px\"><\/span--><span>1 Opini\u00f3n<\/span><\/div>\t\t\t\t\t\t\n\t\t\t\t\t\t<div class=\"localizacion_opinion\">\n\t\t\t\t\t\t\t<i class=\"fas fa-map-marker-alt\"><\/i><!--span class=\"dashicons dashicons-location\" style=\"font-size:20px\"><\/span-->\n\t\t\t\t\t\t\t<span>ES<\/span>\n\t\t\t\t\t\t<\/div>\t\n\t\t\t\t\t<\/div>\n\t\t\t\t<\/div>\n\t\t\t<\/div><div class=\"texto_opinion\"><\/p>\n<p>Puedo hablar muy bien de Caixa Geral, ya que tengo buena experiencia con ellos con el seguro de decesos de prima natural. Si bien ahora me resulte a nivel econ\u00f3mico barato, con los a\u00f1os esto va a ir aumentado.<\/p>\n<p><\/div><\/div>\n<div class=\"opinion \"  >\n\t\t\t<div class=\"cabecera_opinion\">\n\t\t\t\t<div class=\"avatar\">A F <\/div>\n\t\t\t\t<div class=\"datos_opinion\">\n\t\t\t\t\t<div class=\"nombre_opinion\">Andr\u00e9s Felipe<\/div>\n\t\t\t\t\t<div class=\"info_opinion\">\t\t\t\t\t\t\n\t\t\t\t\t\t<div class=\"cuenta_opinion\"><i class=\"fas fa-pencil-alt\"><\/i><!--span class=\"dashicons dashicons-edit\" style=\"font-size:20px\"><\/span--><span>1 Opini\u00f3n<\/span><\/div>\t\t\t\t\t\t\n\t\t\t\t\t\t<div class=\"localizacion_opinion\">\n\t\t\t\t\t\t\t<i class=\"fas fa-map-marker-alt\"><\/i><!--span class=\"dashicons dashicons-location\" style=\"font-size:20px\"><\/span-->\n\t\t\t\t\t\t\t<span>ES<\/span>\n\t\t\t\t\t\t<\/div>\t\n\t\t\t\t\t<\/div>\n\t\t\t\t<\/div>\n\t\t\t<\/div><div class=\"texto_opinion\"><\/p>\n<p>S\u00e9 que al principio os va a parecer un poco m\u00e1s complicado dar con la compa\u00f1\u00eda de seguros y que adem\u00e1s de ello cumplan con las cl\u00e1usulas que se\u00f1alan, adem\u00e1s de todo ello de que la prima sea suficientemente buena,  os recomiendo Caixa Geral debido que cuenta con todas y cada una las caracter\u00edsticas necesarias para contar con \u00e9l, como adem\u00e1s de esto de la profesionalidad que tienen, os comento que teng\u00e1is en cuenta que cada a\u00f1o ocurre una subida, con el de forma natural ya que no es siempre y en todo momento el mismo pago, para que lo teng\u00e1is en cuenta al instante de contratarlo de Caixa Geral.<\/p>\n<p><\/div><\/div>\n<div class=\"opinion \"  >\n\t\t\t<div class=\"cabecera_opinion\">\n\t\t\t\t<div class=\"avatar\">T J <\/div>\n\t\t\t\t<div class=\"datos_opinion\">\n\t\t\t\t\t<div class=\"nombre_opinion\">Trist\u00e1n Joel<\/div>\n\t\t\t\t\t<div class=\"info_opinion\">\t\t\t\t\t\t\n\t\t\t\t\t\t<div class=\"cuenta_opinion\"><i class=\"fas fa-pencil-alt\"><\/i><!--span class=\"dashicons dashicons-edit\" style=\"font-size:20px\"><\/span--><span>1 Opini\u00f3n<\/span><\/div>\t\t\t\t\t\t\n\t\t\t\t\t\t<div class=\"localizacion_opinion\">\n\t\t\t\t\t\t\t<i class=\"fas fa-map-marker-alt\"><\/i><!--span class=\"dashicons dashicons-location\" style=\"font-size:20px\"><\/span-->\n\t\t\t\t\t\t\t<span>ES<\/span>\n\t\t\t\t\t\t<\/div>\t\n\t\t\t\t\t<\/div>\n\t\t\t\t<\/div>\n\t\t\t<\/div><div class=\"texto_opinion\"><\/p>\n<p>Mi marido lleva trabajando como consultor m\u00e1s de 15 a\u00f1os por lo que le parec\u00eda estupendo la idea de optar por el seguro de prima natural deCaixa Geral para nuestros 3 hijos.<\/p>\n<p><\/div><\/div>\n<\/div><\/div><\/div><\/div>\n<p><div class=\"oficinas\"><br \/>\n<h3>P\u00e1ginas relacionadas<\/h3><div class=\"enlazado\"><ul> <li><a href=\"https:\/\/idecesos.com\/seguros\/companias\/banco-caixa-general\/opiniones\/\">Opiniones Caixa Geral<\/a><\/li> <li><a href=\"https:\/\/idecesos.com\/seguros\/companias\/banco-caixa-general\/precio\/\">Precio seguro Caixa Geral<\/a><\/li> <li><a href=\"https:\/\/idecesos.com\/seguros\/companias\/banco-caixa-general\/prima-mixta\/\">Caixa Geral Prima Mixta<\/a><\/li> <li><a href=\"https:\/\/idecesos.com\/seguros\/companias\/banco-caixa-general\/prima-natural\/\">Caixa Geral Prima Natural<\/a><\/li> <li><a href=\"https:\/\/idecesos.com\/seguros\/companias\/banco-caixa-general\/prima-nivelada\/\">Caixa Geral Prima Nivelada<\/a><\/li> <li><a href=\"https:\/\/idecesos.com\/seguros\/companias\/banco-caixa-general\/prima-unica\/\">Caixa Geral Prima \u00danica<\/a><\/li> <li><a href=\"https:\/\/idecesos.com\/seguros\/companias\/banco-caixa-general\/repatriacion\/\">Caixa Geral Repatriaci\u00f3n<\/a><\/li> <li><a href=\"https:\/\/idecesos.com\/seguros\/companias\/banco-caixa-general\/telefono\/\">Tel\u00e9fono Gratuito Caixa Geral<\/a><\/li><\/ul><\/div><\/p>\n<\/div>\n","protected":false},"excerpt":{"rendered":"<p>En Caixa Geral el seguro de prima natural es aquella que de forma anual van renovando los precios con relaci\u00f3n a la edad que vaya cumpliendo el asegurado, por lo que se podr\u00e1 apreciar una ligera subida de precio. La modalidad que consta el seguro de prima natural de empresa es aquella renovaci\u00f3n que se&hellip; <\/p>\n","protected":false},"author":3,"featured_media":0,"parent":275,"menu_order":0,"comment_status":"closed","ping_status":"closed","template":"single.php","meta":{"footnotes":""},"class_list":["post-11563","page","type-page","status-publish","hentry"],"yoast_head":"<!-- This site is optimized with the Yoast SEO plugin v27.5 - https:\/\/yoast.com\/product\/yoast-seo-wordpress\/ -->\n<title>Seguro Decesos Caixa Geral Prima Natural \u25b7 Opiniones y Precio 2026<\/title>\n<meta name=\"description\" content=\"Click aqu\u00ed \u3010Seguro de Decesos Prima Natural Caixa Geral\u3011 Mejores precios Caixa Geral seguro de fallecidos Prima Natural \u2611\ufe0f Actualizado por iDecesos\u00ae\" \/>\n<meta name=\"robots\" content=\"index, follow, max-snippet:-1, max-image-preview:large, max-video-preview:-1\" \/>\n<link rel=\"canonical\" href=\"https:\/\/idecesos.com\/seguros\/companias\/banco-caixa-general\/prima-natural\/\" \/>\n<meta property=\"og:locale\" content=\"es_ES\" \/>\n<meta property=\"og:type\" content=\"article\" \/>\n<meta property=\"og:title\" content=\"Seguro Decesos Caixa Geral Prima Natural \u25b7 Opiniones y Precio 2026\" \/>\n<meta property=\"og:description\" content=\"Click aqu\u00ed \u3010Seguro de Decesos Prima Natural Caixa Geral\u3011 Mejores precios Caixa Geral seguro de fallecidos Prima Natural \u2611\ufe0f Actualizado por iDecesos\u00ae\" \/>\n<meta property=\"og:url\" content=\"https:\/\/idecesos.com\/seguros\/companias\/banco-caixa-general\/prima-natural\/\" \/>\n<meta property=\"article:modified_time\" content=\"2022-01-03T12:30:03+00:00\" \/>\n<meta name=\"twitter:card\" content=\"summary_large_image\" \/>\n<meta name=\"twitter:label1\" content=\"Tiempo de lectura\" \/>\n\t<meta name=\"twitter:data1\" content=\"54 minutos\" \/>\n<script type=\"application\/ld+json\" class=\"yoast-schema-graph\">{\"@context\":\"https:\\\/\\\/schema.org\",\"@graph\":[{\"@type\":\"WebPage\",\"@id\":\"https:\\\/\\\/idecesos.com\\\/seguros\\\/companias\\\/banco-caixa-general\\\/prima-natural\\\/\",\"url\":\"https:\\\/\\\/idecesos.com\\\/seguros\\\/companias\\\/banco-caixa-general\\\/prima-natural\\\/\",\"name\":\"Seguro Decesos Caixa Geral Prima Natural \u25b7 Opiniones y Precio 2026\",\"isPartOf\":{\"@id\":\"https:\\\/\\\/idecesos.com\\\/seguros\\\/#website\"},\"datePublished\":\"2021-11-12T00:00:00+00:00\",\"dateModified\":\"2022-01-03T12:30:03+00:00\",\"description\":\"Click aqu\u00ed \u3010Seguro de Decesos Prima Natural Caixa Geral\u3011 Mejores precios Caixa Geral seguro de fallecidos Prima Natural \u2611\ufe0f Actualizado por iDecesos\u00ae\",\"breadcrumb\":{\"@id\":\"https:\\\/\\\/idecesos.com\\\/seguros\\\/companias\\\/banco-caixa-general\\\/prima-natural\\\/#breadcrumb\"},\"inLanguage\":\"es\",\"potentialAction\":[{\"@type\":\"ReadAction\",\"target\":[\"https:\\\/\\\/idecesos.com\\\/seguros\\\/companias\\\/banco-caixa-general\\\/prima-natural\\\/\"]}]},{\"@type\":\"BreadcrumbList\",\"@id\":\"https:\\\/\\\/idecesos.com\\\/seguros\\\/companias\\\/banco-caixa-general\\\/prima-natural\\\/#breadcrumb\",\"itemListElement\":[{\"@type\":\"ListItem\",\"position\":1,\"name\":\"Portada\",\"item\":\"https:\\\/\\\/idecesos.com\\\/seguros\\\/\"},{\"@type\":\"ListItem\",\"position\":2,\"name\":\"Compa\u00f1\u00edas de Seguros de Decesos en Espa\u00f1a\",\"item\":\"https:\\\/\\\/idecesos.com\\\/seguros\\\/companias\\\/\"},{\"@type\":\"ListItem\",\"position\":3,\"name\":\"Seguro de decesos Caixa Geral\",\"item\":\"https:\\\/\\\/idecesos.com\\\/seguros\\\/companias\\\/banco-caixa-general\\\/\"},{\"@type\":\"ListItem\",\"position\":4,\"name\":\"Seguro de decesos Caixa Geral Prima Natural\"}]},{\"@type\":\"WebSite\",\"@id\":\"https:\\\/\\\/idecesos.com\\\/seguros\\\/#website\",\"url\":\"https:\\\/\\\/idecesos.com\\\/seguros\\\/\",\"name\":\"\",\"description\":\"\",\"potentialAction\":[{\"@type\":\"SearchAction\",\"target\":{\"@type\":\"EntryPoint\",\"urlTemplate\":\"https:\\\/\\\/idecesos.com\\\/seguros\\\/?s={search_term_string}\"},\"query-input\":{\"@type\":\"PropertyValueSpecification\",\"valueRequired\":true,\"valueName\":\"search_term_string\"}}],\"inLanguage\":\"es\"}]}<\/script>\n<!-- \/ Yoast SEO plugin. -->","yoast_head_json":{"title":"Seguro Decesos Caixa Geral Prima Natural \u25b7 Opiniones y Precio 2026","description":"Click aqu\u00ed \u3010Seguro de Decesos Prima Natural Caixa Geral\u3011 Mejores precios Caixa Geral seguro de fallecidos Prima Natural \u2611\ufe0f Actualizado por iDecesos\u00ae","robots":{"index":"index","follow":"follow","max-snippet":"max-snippet:-1","max-image-preview":"max-image-preview:large","max-video-preview":"max-video-preview:-1"},"canonical":"https:\/\/idecesos.com\/seguros\/companias\/banco-caixa-general\/prima-natural\/","og_locale":"es_ES","og_type":"article","og_title":"Seguro Decesos Caixa Geral Prima Natural \u25b7 Opiniones y Precio 2026","og_description":"Click aqu\u00ed \u3010Seguro de Decesos Prima Natural Caixa Geral\u3011 Mejores precios Caixa Geral seguro de fallecidos Prima Natural \u2611\ufe0f Actualizado por iDecesos\u00ae","og_url":"https:\/\/idecesos.com\/seguros\/companias\/banco-caixa-general\/prima-natural\/","article_modified_time":"2022-01-03T12:30:03+00:00","twitter_card":"summary_large_image","twitter_misc":{"Tiempo de lectura":"54 minutos"},"schema":{"@context":"https:\/\/schema.org","@graph":[{"@type":"WebPage","@id":"https:\/\/idecesos.com\/seguros\/companias\/banco-caixa-general\/prima-natural\/","url":"https:\/\/idecesos.com\/seguros\/companias\/banco-caixa-general\/prima-natural\/","name":"Seguro Decesos Caixa Geral Prima Natural \u25b7 Opiniones y Precio 2026","isPartOf":{"@id":"https:\/\/idecesos.com\/seguros\/#website"},"datePublished":"2021-11-12T00:00:00+00:00","dateModified":"2022-01-03T12:30:03+00:00","description":"Click aqu\u00ed \u3010Seguro de Decesos Prima Natural Caixa Geral\u3011 Mejores precios Caixa Geral seguro de fallecidos Prima Natural \u2611\ufe0f Actualizado por iDecesos\u00ae","breadcrumb":{"@id":"https:\/\/idecesos.com\/seguros\/companias\/banco-caixa-general\/prima-natural\/#breadcrumb"},"inLanguage":"es","potentialAction":[{"@type":"ReadAction","target":["https:\/\/idecesos.com\/seguros\/companias\/banco-caixa-general\/prima-natural\/"]}]},{"@type":"BreadcrumbList","@id":"https:\/\/idecesos.com\/seguros\/companias\/banco-caixa-general\/prima-natural\/#breadcrumb","itemListElement":[{"@type":"ListItem","position":1,"name":"Portada","item":"https:\/\/idecesos.com\/seguros\/"},{"@type":"ListItem","position":2,"name":"Compa\u00f1\u00edas de Seguros de Decesos en Espa\u00f1a","item":"https:\/\/idecesos.com\/seguros\/companias\/"},{"@type":"ListItem","position":3,"name":"Seguro de decesos Caixa Geral","item":"https:\/\/idecesos.com\/seguros\/companias\/banco-caixa-general\/"},{"@type":"ListItem","position":4,"name":"Seguro de decesos Caixa Geral Prima Natural"}]},{"@type":"WebSite","@id":"https:\/\/idecesos.com\/seguros\/#website","url":"https:\/\/idecesos.com\/seguros\/","name":"","description":"","potentialAction":[{"@type":"SearchAction","target":{"@type":"EntryPoint","urlTemplate":"https:\/\/idecesos.com\/seguros\/?s={search_term_string}"},"query-input":{"@type":"PropertyValueSpecification","valueRequired":true,"valueName":"search_term_string"}}],"inLanguage":"es"}]}},"_links":{"self":[{"href":"https:\/\/idecesos.com\/seguros\/wp-json\/wp\/v2\/pages\/11563","targetHints":{"allow":["GET"]}}],"collection":[{"href":"https:\/\/idecesos.com\/seguros\/wp-json\/wp\/v2\/pages"}],"about":[{"href":"https:\/\/idecesos.com\/seguros\/wp-json\/wp\/v2\/types\/page"}],"author":[{"embeddable":true,"href":"https:\/\/idecesos.com\/seguros\/wp-json\/wp\/v2\/users\/3"}],"replies":[{"embeddable":true,"href":"https:\/\/idecesos.com\/seguros\/wp-json\/wp\/v2\/comments?post=11563"}],"version-history":[{"count":1,"href":"https:\/\/idecesos.com\/seguros\/wp-json\/wp\/v2\/pages\/11563\/revisions"}],"predecessor-version":[{"id":13070,"href":"https:\/\/idecesos.com\/seguros\/wp-json\/wp\/v2\/pages\/11563\/revisions\/13070"}],"up":[{"embeddable":true,"href":"https:\/\/idecesos.com\/seguros\/wp-json\/wp\/v2\/pages\/275"}],"wp:attachment":[{"href":"https:\/\/idecesos.com\/seguros\/wp-json\/wp\/v2\/media?parent=11563"}],"curies":[{"name":"wp","href":"https:\/\/api.w.org\/{rel}","templated":true}]}}