{"id":11567,"date":"2021-11-13T00:00:00","date_gmt":"2021-11-13T00:00:00","guid":{"rendered":"https:\/\/idecesos.com\/seguros\/?page_id=11567"},"modified":"2022-01-03T12:29:58","modified_gmt":"2022-01-03T12:29:58","slug":"repatriacion","status":"publish","type":"page","link":"https:\/\/idecesos.com\/seguros\/companias\/banco-caminos\/repatriacion\/","title":{"rendered":"Seguro de decesos Banco Caminos con repatriaci\u00f3n"},"content":{"rendered":"<div id=\"ez-toc-container\" class=\"ez-toc-v2_0_82_2 ez-toc-wrap-center counter-hierarchy ez-toc-counter ez-toc-custom ez-toc-container-direction\">\n<div class=\"ez-toc-title-container\">\n<p class=\"ez-toc-title\" style=\"cursor:inherit\">Tabla de Contenido<\/p>\n<span class=\"ez-toc-title-toggle\"><a href=\"#\" class=\"ez-toc-pull-right ez-toc-btn ez-toc-btn-xs ez-toc-btn-default ez-toc-toggle\" aria-label=\"Alternar tabla de contenidos\"><span class=\"ez-toc-js-icon-con\"><span class=\"\"><span class=\"eztoc-hide\" style=\"display:none;\">Toggle<\/span><span class=\"ez-toc-icon-toggle-span\"><svg style=\"fill: #db6415;color:#db6415\" xmlns=\"http:\/\/www.w3.org\/2000\/svg\" class=\"list-377408\" width=\"20px\" height=\"20px\" viewBox=\"0 0 24 24\" fill=\"none\"><path d=\"M6 6H4v2h2V6zm14 0H8v2h12V6zM4 11h2v2H4v-2zm16 0H8v2h12v-2zM4 16h2v2H4v-2zm16 0H8v2h12v-2z\" fill=\"currentColor\"><\/path><\/svg><svg style=\"fill: #db6415;color:#db6415\" class=\"arrow-unsorted-368013\" xmlns=\"http:\/\/www.w3.org\/2000\/svg\" width=\"10px\" height=\"10px\" viewBox=\"0 0 24 24\" version=\"1.2\" baseProfile=\"tiny\"><path d=\"M18.2 9.3l-6.2-6.3-6.2 6.3c-.2.2-.3.4-.3.7s.1.5.3.7c.2.2.4.3.7.3h11c.3 0 .5-.1.7-.3.2-.2.3-.5.3-.7s-.1-.5-.3-.7zM5.8 14.7l6.2 6.3 6.2-6.3c.2-.2.3-.5.3-.7s-.1-.5-.3-.7c-.2-.2-.4-.3-.7-.3h-11c-.3 0-.5.1-.7.3-.2.2-.3.5-.3.7s.1.5.3.7z\"\/><\/svg><\/span><\/span><\/span><\/a><\/span><\/div>\n<nav><ul class='ez-toc-list ez-toc-list-level-1 ' ><li class='ez-toc-page-1 ez-toc-heading-level-2'><a class=\"ez-toc-link ez-toc-heading-1\" href=\"https:\/\/idecesos.com\/seguros\/companias\/banco-caminos\/repatriacion\/#Coberturas_seguro_Banco_Caminos_con_repatriacion\" >Coberturas seguro Banco Caminos con repatriaci\u00f3n<\/a><ul class='ez-toc-list-level-3' ><li class='ez-toc-heading-level-3'><a class=\"ez-toc-link ez-toc-heading-2\" href=\"https:\/\/idecesos.com\/seguros\/companias\/banco-caminos\/repatriacion\/#%C2%BFA_quien_va_dirigido_el_seguro_de_decesos_con_repatriacion_de_Banco_Caminos\" >\u00bfA qui\u00e9n va dirigido el seguro de decesos con repatriaci\u00f3n de Banco Caminos?<\/a><\/li><\/ul><\/li><li class='ez-toc-page-1 ez-toc-heading-level-2'><a class=\"ez-toc-link ez-toc-heading-3\" href=\"https:\/\/idecesos.com\/seguros\/companias\/banco-caminos\/repatriacion\/#Precio_de_seguro_de_decesos_Banco_Caminos_con_repatriacion\" >Precio de seguro de decesos Banco Caminos con repatriaci\u00f3n<\/a><\/li><li class='ez-toc-page-1 ez-toc-heading-level-2'><a class=\"ez-toc-link ez-toc-heading-4\" href=\"https:\/\/idecesos.com\/seguros\/companias\/banco-caminos\/repatriacion\/#Productos_Repatriacion_Banco_Caminos\" >Productos Repatriaci\u00f3n Banco Caminos<\/a><\/li><li class='ez-toc-page-1 ez-toc-heading-level-2'><a class=\"ez-toc-link ez-toc-heading-5\" href=\"https:\/\/idecesos.com\/seguros\/companias\/banco-caminos\/repatriacion\/#Opiniones_del_seguro_de_decesos_de_Repatriacion_de_Banco_Caminos\" >Opiniones del seguro de decesos de Repatriaci\u00f3n de Banco Caminos<\/a><ul class='ez-toc-list-level-3' ><li class='ez-toc-heading-level-3'><a class=\"ez-toc-link ez-toc-heading-6\" href=\"https:\/\/idecesos.com\/seguros\/companias\/banco-caminos\/repatriacion\/#Paginas_relacionadas\" >P\u00e1ginas relacionadas<\/a><\/li><\/ul><\/li><\/ul><\/nav><\/div>\n\n<p>El seguro de repatriaci\u00f3n Banco Caminos, aparte de las coberturas b\u00e1sicas y las auxiliares cuenta con esta cobertura. Muchas de las personas han abandonado su sitio de origen para residir en Espa\u00f1a, para encontrar una mejora destacable en su vida, como es el caso de Marruecos con una cantidad de 711792. Debes considerar adelantarte a lo que pueda pasar, para dar a tu familia una serenidad completa. Eludiendo sorpresas como en el caso de que no puedan hacer en frente de un gasto de una manera tan repentina. Aunque este seguro aparte de poder asegurar a los inmigrantes le garantizan un servicio de repatriaci\u00f3n de manera inmediata en la medida de lo posible. <\/p>\n<p>Leer m\u00e1s: <a href=\"https:\/\/idecesos.com\/seguros\/tipo\/extranjeros-repatriacion\/\">Seguro de decesos con repatriaci\u00f3n<\/a><\/p>\n<div class=\"colorf \"  ><div class=\"container clearfix\"><div class=\"col-md-7\"><\/p>\n<h2><span class=\"ez-toc-section\" id=\"Coberturas_seguro_Banco_Caminos_con_repatriacion\"><\/span>Coberturas seguro Banco Caminos con repatriaci\u00f3n<span class=\"ez-toc-section-end\"><\/span><\/h2>\n<p>Coberturas seguro de repatriaci\u00f3n de Banco Caminos \u00bfQuien podr\u00e1 beneficiarse de estas coberturas? Son todas las personas que se hallen en cualquier pa\u00eds del mundo, dentro de las coberturas como la administraci\u00f3n de los tr\u00e1mites, servicio funerario, libre elecci\u00f3n del camposanto o bien incineraci\u00f3n, asistencia en viaje, cobertura de los gastos en diferentes categor\u00edas, todas y cada una estas coberturas est\u00e1n en el contrato, donde lo vas a tener de forma considerablemente m\u00e1s detallado. <\/p>\n<p><\/div><\/div><\/div>\n<h3><span class=\"ez-toc-section\" id=\"%C2%BFA_quien_va_dirigido_el_seguro_de_decesos_con_repatriacion_de_Banco_Caminos\"><\/span>\u00bfA qui\u00e9n va dirigido el seguro de decesos con repatriaci\u00f3n de Banco Caminos?<span class=\"ez-toc-section-end\"><\/span><\/h3>\n<p>El seguro de decesos de repatriaci\u00f3n de Banco Caminos quien podr\u00e1 beneficiarse de estas coberturas son todas y cada una aquellas personas que se hallen en alg\u00fan pa\u00eds del planeta en cual radiquen en Espa\u00f1a, por cualquier motivo deseen volver a su pa\u00eds de origen tras el fallecimiento, resulte posible que este proceso no produzca ninguna complicaci\u00f3n a sus seres queridos o bien les suponga un extra econ\u00f3mico fuera de sitio. Lo mejor de todo es la garant\u00eda que te da con la cobertura, es la que cualquier gastos quedar\u00e1 de forma cubierta, se valorar\u00e1 donde radique la persona fallecida. Dentro de la p\u00f3liza se observa todo cuanto quede contratado. <\/p>\n<div class=\"colorf \"  ><div class=\"container clearfix\"><div class=\"col-md-7\"><\/p>\n<h2><span class=\"ez-toc-section\" id=\"Precio_de_seguro_de_decesos_Banco_Caminos_con_repatriacion\"><\/span>Precio de seguro de decesos Banco Caminos con repatriaci\u00f3n<span class=\"ez-toc-section-end\"><\/span><\/h2>\n<p>Ahora vas a poder contar con del seguro de decesos de repatriaci\u00f3n de la Banco Caminos en unos precios incre\u00edbles que es desde 3,25\u20ac. Una de las cosas m\u00e1s esencial de la p\u00f3liza que en cualquier pa\u00eds del mundo en casa de fallecimiento, podr\u00e1 llevar tu cuerpo hasta tu lugar de origen. En cada p\u00f3liza incluir\u00e1 las cl\u00e1usulas relativas al precio, garantizando el servicio l\u00fagubre al completo, donde haya fallecido la persona asegurada. Ya sea en su sitio de origen o fuera del pa\u00eds. Otra ventaja que se a\u00f1ade es que se puede pagar de diferentes modalidades, por lo que eso puede asistir en los pagos. <\/p>\n<p><\/div><\/div><\/div>\n<h2><span class=\"ez-toc-section\" id=\"Productos_Repatriacion_Banco_Caminos\"><\/span>Productos Repatriaci\u00f3n Banco Caminos<span class=\"ez-toc-section-end\"><\/span><\/h2>\n<div class=\"colorf\"><div class=\"container clearfix\"><div class=\"col-md-7\"><div class=\"opiniones\">\n<h2><span class=\"ez-toc-section\" id=\"Opiniones_del_seguro_de_decesos_de_Repatriacion_de_Banco_Caminos\"><\/span>Opiniones del seguro de decesos de Repatriaci\u00f3n de Banco Caminos<span class=\"ez-toc-section-end\"><\/span><\/h2>\n<p>&nbsp;<\/p>\n<div class=\"opinion \"  >\n\t\t\t<div class=\"cabecera_opinion\">\n\t\t\t\t<div class=\"avatar\">J M P <\/div>\n\t\t\t\t<div class=\"datos_opinion\">\n\t\t\t\t\t<div class=\"nombre_opinion\">Jose Manuel Palma<\/div>\n\t\t\t\t\t<div class=\"info_opinion\">\t\t\t\t\t\t\n\t\t\t\t\t\t<div class=\"cuenta_opinion\"><i class=\"fas fa-pencil-alt\"><\/i><!--span class=\"dashicons dashicons-edit\" style=\"font-size:20px\"><\/span--><span>1 Opini\u00f3n<\/span><\/div>\t\t\t\t\t\t\n\t\t\t\t\t\t<div class=\"localizacion_opinion\">\n\t\t\t\t\t\t\t<i class=\"fas fa-map-marker-alt\"><\/i><!--span class=\"dashicons dashicons-location\" style=\"font-size:20px\"><\/span-->\n\t\t\t\t\t\t\t<span>ES<\/span>\n\t\t\t\t\t\t<\/div>\t\n\t\t\t\t\t<\/div>\n\t\t\t\t<\/div>\n\t\t\t<\/div><div class=\"texto_opinion\"><\/p>\n<p>LLevo m\u00e1s 7 a\u00f1os, con lo que desde mi experiencia Banco Caminos da las mejores ventajas as\u00ed como adaptabilidad de sus tarifas, quedando asegurado en todo momento y  se hacen cargo de la administraci\u00f3n de cualquier tramitaci\u00f3n, Banco Caminos me ha brindado un servicio inmaculado en el momento que lo necesite.<\/p>\n<p><\/div><\/div>\n<div class=\"opinion \"  >\n\t\t\t<div class=\"cabecera_opinion\">\n\t\t\t\t<div class=\"avatar\">B C <\/div>\n\t\t\t\t<div class=\"datos_opinion\">\n\t\t\t\t\t<div class=\"nombre_opinion\">Bernardo Contreras<\/div>\n\t\t\t\t\t<div class=\"info_opinion\">\t\t\t\t\t\t\n\t\t\t\t\t\t<div class=\"cuenta_opinion\"><i class=\"fas fa-pencil-alt\"><\/i><!--span class=\"dashicons dashicons-edit\" style=\"font-size:20px\"><\/span--><span>1 Opini\u00f3n<\/span><\/div>\t\t\t\t\t\t\n\t\t\t\t\t\t<div class=\"localizacion_opinion\">\n\t\t\t\t\t\t\t<i class=\"fas fa-map-marker-alt\"><\/i><!--span class=\"dashicons dashicons-location\" style=\"font-size:20px\"><\/span-->\n\t\t\t\t\t\t\t<span>ES<\/span>\n\t\t\t\t\t\t<\/div>\t\n\t\t\t\t\t<\/div>\n\t\t\t\t<\/div>\n\t\t\t<\/div><div class=\"texto_opinion\"><\/p>\n<p>Una conocida muri\u00f3 en un viaje de erasmus, por lo que yo este a\u00f1o iba a efectuar mi viaje, pero es cierto que jam\u00e1s se sabe que puede llegar a pasar por lo que asegure mi viaje, y voy a poder irme de erasmus mucho m\u00e1s apacible sabiendo que mis padres no va a correr con ning\u00fan gasto si me llega a suceder algo. Por suerte no ocurri\u00f3 ninguna incidencia, pero brindaron su protecci\u00f3n en todo momento.<\/p>\n<p><\/div><\/div>\n<div class=\"opinion \"  >\n\t\t\t<div class=\"cabecera_opinion\">\n\t\t\t\t<div class=\"avatar\">S F <\/div>\n\t\t\t\t<div class=\"datos_opinion\">\n\t\t\t\t\t<div class=\"nombre_opinion\">Sosimo Ferr\u00e1ndiz<\/div>\n\t\t\t\t\t<div class=\"info_opinion\">\t\t\t\t\t\t\n\t\t\t\t\t\t<div class=\"cuenta_opinion\"><i class=\"fas fa-pencil-alt\"><\/i><!--span class=\"dashicons dashicons-edit\" style=\"font-size:20px\"><\/span--><span>1 Opini\u00f3n<\/span><\/div>\t\t\t\t\t\t\n\t\t\t\t\t\t<div class=\"localizacion_opinion\">\n\t\t\t\t\t\t\t<i class=\"fas fa-map-marker-alt\"><\/i><!--span class=\"dashicons dashicons-location\" style=\"font-size:20px\"><\/span-->\n\t\t\t\t\t\t\t<span>ES<\/span>\n\t\t\t\t\t\t<\/div>\t\n\t\t\t\t\t<\/div>\n\t\t\t\t<\/div>\n\t\t\t<\/div><div class=\"texto_opinion\"><\/p>\n<p>El marido de mi mejor amiga es consultor de Banco Caminos con lo que aparte de decirme todas y cada una de las coberturas que contar\u00eda dentro de la p\u00f3liza de repatriaci\u00f3n era todo cuanto buscaba, puesto que me hijo iba a viajar y necesitaba contar con una tranquilidad tanto para \u00e9l como para mi, con lo que Banco Caminos contaba con buen\u00edsima tarifa en el momento que realice el contrato.<\/p>\n<p><\/div><\/div>\n<\/div><\/div><\/div><\/div>\n<p><div class=\"oficinas\"><br \/>\n<h3><span class=\"ez-toc-section\" id=\"Paginas_relacionadas\"><\/span>P\u00e1ginas relacionadas<span class=\"ez-toc-section-end\"><\/span><\/h3><div class=\"enlazado\"><ul> <li><a href=\"https:\/\/idecesos.com\/seguros\/companias\/banco-caminos\/opiniones\/\">Opiniones Banco Caminos<\/a><\/li> <li><a href=\"https:\/\/idecesos.com\/seguros\/companias\/banco-caminos\/precio\/\">Precio seguro Banco Caminos<\/a><\/li> <li><a href=\"https:\/\/idecesos.com\/seguros\/companias\/banco-caminos\/prima-mixta\/\">Banco Caminos Prima Mixta<\/a><\/li> <li><a href=\"https:\/\/idecesos.com\/seguros\/companias\/banco-caminos\/prima-natural\/\">Banco Caminos Prima Natural<\/a><\/li> <li><a href=\"https:\/\/idecesos.com\/seguros\/companias\/banco-caminos\/prima-nivelada\/\">Banco Caminos Prima Nivelada<\/a><\/li> <li><a href=\"https:\/\/idecesos.com\/seguros\/companias\/banco-caminos\/prima-unica\/\">Banco Caminos Prima \u00danica<\/a><\/li> <li><a href=\"https:\/\/idecesos.com\/seguros\/companias\/banco-caminos\/repatriacion\/\">Banco Caminos Repatriaci\u00f3n<\/a><\/li> <li><a href=\"https:\/\/idecesos.com\/seguros\/companias\/banco-caminos\/telefono\/\">Tel\u00e9fono Gratuito Banco Caminos<\/a><\/li><\/ul><\/div><\/p>\n<\/div>\n","protected":false},"excerpt":{"rendered":"<p>El seguro de repatriaci\u00f3n Banco Caminos, aparte de las coberturas b\u00e1sicas y las auxiliares cuenta con esta cobertura. Muchas de las personas han abandonado su sitio de origen para residir en Espa\u00f1a, para encontrar una mejora destacable en su vida, como es el caso de Marruecos con una cantidad de 711792. Debes considerar adelantarte a&hellip; <\/p>\n","protected":false},"author":3,"featured_media":0,"parent":285,"menu_order":0,"comment_status":"closed","ping_status":"closed","template":"single.php","meta":{"footnotes":""},"class_list":["post-11567","page","type-page","status-publish","hentry"],"yoast_head":"<!-- This site is optimized with the Yoast SEO plugin v27.3 - https:\/\/yoast.com\/product\/yoast-seo-wordpress\/ -->\n<title>Seguro Decesos Banco Caminos Repatriaci\u00f3n \u25b7 Opiniones y Precio 2026<\/title>\n<meta name=\"description\" content=\"Click aqu\u00ed \u3010Seguro de Decesos con repatriaci\u00f3n Banco Caminos\u3011 Mejores precios Banco Caminos seguro de fallecidos con repatriaci\u00f3n \u2611\ufe0f Actualizado por iDecesos\u00ae\" \/>\n<meta name=\"robots\" content=\"index, follow, max-snippet:-1, max-image-preview:large, max-video-preview:-1\" \/>\n<link rel=\"canonical\" href=\"https:\/\/idecesos.com\/seguros\/companias\/banco-caminos\/repatriacion\/\" \/>\n<meta property=\"og:locale\" content=\"es_ES\" \/>\n<meta property=\"og:type\" content=\"article\" \/>\n<meta property=\"og:title\" content=\"Seguro Decesos Banco Caminos Repatriaci\u00f3n \u25b7 Opiniones y Precio 2026\" \/>\n<meta property=\"og:description\" content=\"Click aqu\u00ed \u3010Seguro de Decesos con repatriaci\u00f3n Banco Caminos\u3011 Mejores precios Banco Caminos seguro de fallecidos con repatriaci\u00f3n \u2611\ufe0f Actualizado por iDecesos\u00ae\" \/>\n<meta property=\"og:url\" content=\"https:\/\/idecesos.com\/seguros\/companias\/banco-caminos\/repatriacion\/\" \/>\n<meta property=\"article:modified_time\" content=\"2022-01-03T12:29:58+00:00\" \/>\n<meta name=\"twitter:card\" content=\"summary_large_image\" \/>\n<meta name=\"twitter:label1\" content=\"Tiempo de lectura\" \/>\n\t<meta name=\"twitter:data1\" content=\"56 minutos\" \/>\n<script type=\"application\/ld+json\" class=\"yoast-schema-graph\">{\"@context\":\"https:\\\/\\\/schema.org\",\"@graph\":[{\"@type\":\"WebPage\",\"@id\":\"https:\\\/\\\/idecesos.com\\\/seguros\\\/companias\\\/banco-caminos\\\/repatriacion\\\/\",\"url\":\"https:\\\/\\\/idecesos.com\\\/seguros\\\/companias\\\/banco-caminos\\\/repatriacion\\\/\",\"name\":\"Seguro Decesos Banco Caminos Repatriaci\u00f3n \u25b7 Opiniones y Precio 2026\",\"isPartOf\":{\"@id\":\"https:\\\/\\\/idecesos.com\\\/seguros\\\/#website\"},\"datePublished\":\"2021-11-13T00:00:00+00:00\",\"dateModified\":\"2022-01-03T12:29:58+00:00\",\"description\":\"Click aqu\u00ed \u3010Seguro de Decesos con repatriaci\u00f3n Banco Caminos\u3011 Mejores precios Banco Caminos seguro de fallecidos con repatriaci\u00f3n \u2611\ufe0f Actualizado por iDecesos\u00ae\",\"breadcrumb\":{\"@id\":\"https:\\\/\\\/idecesos.com\\\/seguros\\\/companias\\\/banco-caminos\\\/repatriacion\\\/#breadcrumb\"},\"inLanguage\":\"es\",\"potentialAction\":[{\"@type\":\"ReadAction\",\"target\":[\"https:\\\/\\\/idecesos.com\\\/seguros\\\/companias\\\/banco-caminos\\\/repatriacion\\\/\"]}]},{\"@type\":\"BreadcrumbList\",\"@id\":\"https:\\\/\\\/idecesos.com\\\/seguros\\\/companias\\\/banco-caminos\\\/repatriacion\\\/#breadcrumb\",\"itemListElement\":[{\"@type\":\"ListItem\",\"position\":1,\"name\":\"Portada\",\"item\":\"https:\\\/\\\/idecesos.com\\\/seguros\\\/\"},{\"@type\":\"ListItem\",\"position\":2,\"name\":\"Compa\u00f1\u00edas de Seguros de Decesos en Espa\u00f1a\",\"item\":\"https:\\\/\\\/idecesos.com\\\/seguros\\\/companias\\\/\"},{\"@type\":\"ListItem\",\"position\":3,\"name\":\"Seguro de decesos Banco Caminos\",\"item\":\"https:\\\/\\\/idecesos.com\\\/seguros\\\/companias\\\/banco-caminos\\\/\"},{\"@type\":\"ListItem\",\"position\":4,\"name\":\"Seguro de decesos Banco Caminos con repatriaci\u00f3n\"}]},{\"@type\":\"WebSite\",\"@id\":\"https:\\\/\\\/idecesos.com\\\/seguros\\\/#website\",\"url\":\"https:\\\/\\\/idecesos.com\\\/seguros\\\/\",\"name\":\"\",\"description\":\"\",\"potentialAction\":[{\"@type\":\"SearchAction\",\"target\":{\"@type\":\"EntryPoint\",\"urlTemplate\":\"https:\\\/\\\/idecesos.com\\\/seguros\\\/?s={search_term_string}\"},\"query-input\":{\"@type\":\"PropertyValueSpecification\",\"valueRequired\":true,\"valueName\":\"search_term_string\"}}],\"inLanguage\":\"es\"}]}<\/script>\n<!-- \/ Yoast SEO plugin. -->","yoast_head_json":{"title":"Seguro Decesos Banco Caminos Repatriaci\u00f3n \u25b7 Opiniones y Precio 2026","description":"Click aqu\u00ed \u3010Seguro de Decesos con repatriaci\u00f3n Banco Caminos\u3011 Mejores precios Banco Caminos seguro de fallecidos con repatriaci\u00f3n \u2611\ufe0f Actualizado por iDecesos\u00ae","robots":{"index":"index","follow":"follow","max-snippet":"max-snippet:-1","max-image-preview":"max-image-preview:large","max-video-preview":"max-video-preview:-1"},"canonical":"https:\/\/idecesos.com\/seguros\/companias\/banco-caminos\/repatriacion\/","og_locale":"es_ES","og_type":"article","og_title":"Seguro Decesos Banco Caminos Repatriaci\u00f3n \u25b7 Opiniones y Precio 2026","og_description":"Click aqu\u00ed \u3010Seguro de Decesos con repatriaci\u00f3n Banco Caminos\u3011 Mejores precios Banco Caminos seguro de fallecidos con repatriaci\u00f3n \u2611\ufe0f Actualizado por iDecesos\u00ae","og_url":"https:\/\/idecesos.com\/seguros\/companias\/banco-caminos\/repatriacion\/","article_modified_time":"2022-01-03T12:29:58+00:00","twitter_card":"summary_large_image","twitter_misc":{"Tiempo de lectura":"56 minutos"},"schema":{"@context":"https:\/\/schema.org","@graph":[{"@type":"WebPage","@id":"https:\/\/idecesos.com\/seguros\/companias\/banco-caminos\/repatriacion\/","url":"https:\/\/idecesos.com\/seguros\/companias\/banco-caminos\/repatriacion\/","name":"Seguro Decesos Banco Caminos Repatriaci\u00f3n \u25b7 Opiniones y Precio 2026","isPartOf":{"@id":"https:\/\/idecesos.com\/seguros\/#website"},"datePublished":"2021-11-13T00:00:00+00:00","dateModified":"2022-01-03T12:29:58+00:00","description":"Click aqu\u00ed \u3010Seguro de Decesos con repatriaci\u00f3n Banco Caminos\u3011 Mejores precios Banco Caminos seguro de fallecidos con repatriaci\u00f3n \u2611\ufe0f Actualizado por iDecesos\u00ae","breadcrumb":{"@id":"https:\/\/idecesos.com\/seguros\/companias\/banco-caminos\/repatriacion\/#breadcrumb"},"inLanguage":"es","potentialAction":[{"@type":"ReadAction","target":["https:\/\/idecesos.com\/seguros\/companias\/banco-caminos\/repatriacion\/"]}]},{"@type":"BreadcrumbList","@id":"https:\/\/idecesos.com\/seguros\/companias\/banco-caminos\/repatriacion\/#breadcrumb","itemListElement":[{"@type":"ListItem","position":1,"name":"Portada","item":"https:\/\/idecesos.com\/seguros\/"},{"@type":"ListItem","position":2,"name":"Compa\u00f1\u00edas de Seguros de Decesos en Espa\u00f1a","item":"https:\/\/idecesos.com\/seguros\/companias\/"},{"@type":"ListItem","position":3,"name":"Seguro de decesos Banco Caminos","item":"https:\/\/idecesos.com\/seguros\/companias\/banco-caminos\/"},{"@type":"ListItem","position":4,"name":"Seguro de decesos Banco Caminos con repatriaci\u00f3n"}]},{"@type":"WebSite","@id":"https:\/\/idecesos.com\/seguros\/#website","url":"https:\/\/idecesos.com\/seguros\/","name":"","description":"","potentialAction":[{"@type":"SearchAction","target":{"@type":"EntryPoint","urlTemplate":"https:\/\/idecesos.com\/seguros\/?s={search_term_string}"},"query-input":{"@type":"PropertyValueSpecification","valueRequired":true,"valueName":"search_term_string"}}],"inLanguage":"es"}]}},"_links":{"self":[{"href":"https:\/\/idecesos.com\/seguros\/wp-json\/wp\/v2\/pages\/11567","targetHints":{"allow":["GET"]}}],"collection":[{"href":"https:\/\/idecesos.com\/seguros\/wp-json\/wp\/v2\/pages"}],"about":[{"href":"https:\/\/idecesos.com\/seguros\/wp-json\/wp\/v2\/types\/page"}],"author":[{"embeddable":true,"href":"https:\/\/idecesos.com\/seguros\/wp-json\/wp\/v2\/users\/3"}],"replies":[{"embeddable":true,"href":"https:\/\/idecesos.com\/seguros\/wp-json\/wp\/v2\/comments?post=11567"}],"version-history":[{"count":1,"href":"https:\/\/idecesos.com\/seguros\/wp-json\/wp\/v2\/pages\/11567\/revisions"}],"predecessor-version":[{"id":13080,"href":"https:\/\/idecesos.com\/seguros\/wp-json\/wp\/v2\/pages\/11567\/revisions\/13080"}],"up":[{"embeddable":true,"href":"https:\/\/idecesos.com\/seguros\/wp-json\/wp\/v2\/pages\/285"}],"wp:attachment":[{"href":"https:\/\/idecesos.com\/seguros\/wp-json\/wp\/v2\/media?parent=11567"}],"curies":[{"name":"wp","href":"https:\/\/api.w.org\/{rel}","templated":true}]}}