{"id":11575,"date":"2021-11-13T00:00:00","date_gmt":"2021-11-13T00:00:00","guid":{"rendered":"https:\/\/idecesos.com\/seguros\/?page_id=11575"},"modified":"2022-01-03T12:30:11","modified_gmt":"2022-01-03T12:30:11","slug":"prima-mixta","status":"publish","type":"page","link":"https:\/\/idecesos.com\/seguros\/companias\/divina-pastora\/prima-mixta\/","title":{"rendered":"Seguro de decesos Divina Pastora Prima Mixta"},"content":{"rendered":"<div id=\"ez-toc-container\" class=\"ez-toc-v2_0_82_2 ez-toc-wrap-center counter-hierarchy ez-toc-counter ez-toc-custom ez-toc-container-direction\">\n<div class=\"ez-toc-title-container\">\n<p class=\"ez-toc-title\" style=\"cursor:inherit\">Tabla de Contenido<\/p>\n<span class=\"ez-toc-title-toggle\"><a href=\"#\" class=\"ez-toc-pull-right ez-toc-btn ez-toc-btn-xs ez-toc-btn-default ez-toc-toggle\" aria-label=\"Alternar tabla de contenidos\"><span class=\"ez-toc-js-icon-con\"><span class=\"\"><span class=\"eztoc-hide\" style=\"display:none;\">Toggle<\/span><span class=\"ez-toc-icon-toggle-span\"><svg style=\"fill: #db6415;color:#db6415\" xmlns=\"http:\/\/www.w3.org\/2000\/svg\" class=\"list-377408\" width=\"20px\" height=\"20px\" viewBox=\"0 0 24 24\" fill=\"none\"><path d=\"M6 6H4v2h2V6zm14 0H8v2h12V6zM4 11h2v2H4v-2zm16 0H8v2h12v-2zM4 16h2v2H4v-2zm16 0H8v2h12v-2z\" fill=\"currentColor\"><\/path><\/svg><svg style=\"fill: #db6415;color:#db6415\" class=\"arrow-unsorted-368013\" xmlns=\"http:\/\/www.w3.org\/2000\/svg\" width=\"10px\" height=\"10px\" viewBox=\"0 0 24 24\" version=\"1.2\" baseProfile=\"tiny\"><path d=\"M18.2 9.3l-6.2-6.3-6.2 6.3c-.2.2-.3.4-.3.7s.1.5.3.7c.2.2.4.3.7.3h11c.3 0 .5-.1.7-.3.2-.2.3-.5.3-.7s-.1-.5-.3-.7zM5.8 14.7l6.2 6.3 6.2-6.3c.2-.2.3-.5.3-.7s-.1-.5-.3-.7c-.2-.2-.4-.3-.7-.3h-11c-.3 0-.5.1-.7.3-.2.2-.3.5-.3.7s.1.5.3.7z\"\/><\/svg><\/span><\/span><\/span><\/a><\/span><\/div>\n<nav><ul class='ez-toc-list ez-toc-list-level-1 ' ><li class='ez-toc-page-1 ez-toc-heading-level-2'><a class=\"ez-toc-link ez-toc-heading-1\" href=\"https:\/\/idecesos.com\/seguros\/companias\/divina-pastora\/prima-mixta\/#Coberturas_seguro_Prima_Mixta_Divina_Pastora\" >Coberturas seguro Prima Mixta Divina Pastora<\/a><ul class='ez-toc-list-level-3' ><li class='ez-toc-heading-level-3'><a class=\"ez-toc-link ez-toc-heading-2\" href=\"https:\/\/idecesos.com\/seguros\/companias\/divina-pastora\/prima-mixta\/#%C2%BFA_quien_va_dirigido_el_seguro_de_decesos_Prima_Mixta_de_Divina_Pastora\" >\u00bfA qui\u00e9n va dirigido el seguro de decesos Prima Mixta de Divina Pastora?<\/a><\/li><\/ul><\/li><li class='ez-toc-page-1 ez-toc-heading-level-2'><a class=\"ez-toc-link ez-toc-heading-3\" href=\"https:\/\/idecesos.com\/seguros\/companias\/divina-pastora\/prima-mixta\/#Precio_de_seguro_de_decesos_Prima_Mixta_Divina_Pastora\" >Precio de seguro de decesos Prima Mixta Divina Pastora<\/a><\/li><li class='ez-toc-page-1 ez-toc-heading-level-2'><a class=\"ez-toc-link ez-toc-heading-4\" href=\"https:\/\/idecesos.com\/seguros\/companias\/divina-pastora\/prima-mixta\/#Productos_Prima_Mixta_Divina_Pastora\" >Productos Prima Mixta Divina Pastora<\/a><\/li><li class='ez-toc-page-1 ez-toc-heading-level-2'><a class=\"ez-toc-link ez-toc-heading-5\" href=\"https:\/\/idecesos.com\/seguros\/companias\/divina-pastora\/prima-mixta\/#Opiniones_del_seguro_de_decesos_de_Prima_Mixta_de_Divina_Pastora\" >Opiniones del seguro de decesos de Prima Mixta de Divina Pastora<\/a><ul class='ez-toc-list-level-3' ><li class='ez-toc-heading-level-3'><a class=\"ez-toc-link ez-toc-heading-6\" href=\"https:\/\/idecesos.com\/seguros\/companias\/divina-pastora\/prima-mixta\/#Paginas_relacionadas\" >P\u00e1ginas relacionadas<\/a><\/li><\/ul><\/li><\/ul><\/nav><\/div>\n\n<p>Dentro de las diferentes modalidades que contemplan la m\u00e1s triunfante entre ellos es la p\u00f3liza de decesos de prima mixta de Divina Pastora. Esto se debe a que re\u00fane lo mejor de la prima natural y la prima nivelada, esto es, hasta determinada edad la prima anualmente va creciendo pero prosigue siendo barata pues se acorta la esperanza de vida de los asegurados y la actualizaci\u00f3n de los precios de los servicios y cuando llega a una edad m\u00e1s mayor se nivela para estabilizar la prima en los a\u00f1os donde los asegurados deber\u00edan estar retirados. <\/p>\n<p>Leer m\u00e1s: <a href=\"https:\/\/idecesos.com\/seguros\/tipo\/mixta\/\">Seguro de decesos Prima Mixta<\/a><\/p>\n<div class=\"colorf \"  ><div class=\"container clearfix\"><div class=\"col-md-7\"><\/p>\n<h2><span class=\"ez-toc-section\" id=\"Coberturas_seguro_Prima_Mixta_Divina_Pastora\"><\/span>Coberturas seguro Prima Mixta Divina Pastora<span class=\"ez-toc-section-end\"><\/span><\/h2>\n<p>Frente a las dudas que han hecho cada cliente con respecto a las coberturas de Divina Pastora pueden quedarse sosegado en tanto que el seguro de decesos de prima mixta Divina Pastora cubren todas y cada una de las gestiones pertinentes al sepelio dejando en absoluto todo al cubierto, desde el desplazamiento, velorio y escuelas entre otros. El seguro de prima mixta Divina Pastora cuenta con ciertas coberturas que resultan gratis para usarlo de diferentes modalidades. Dentro de Divina Pastora del seguro de decesos de prima mixta es importante conocer las coberturas que ofrecen entre las diferentes compa\u00f1\u00edas que hay dentro de iDecesos de esta forma va a poder valorar el que mejor le convenga y se adapte a lo que est\u00e9 buscando. Tan sencillo como apuntarnos tu edad y sitio de vivienda, para brindarte una mayor cobertura en detalle de tu seguro de decesos de prima mixta de Divina Pastora. Cada compa\u00f1\u00eda cuenta con diferentes condiciones, pero dentro de la empresa aseguradora Divina Pastora es de las especialistas en seguro de decesos de prima mixta donde de la los mejores servicios de calidad en el caso de sobrar el capital del asegurado se repartir\u00e1 a los familiares, podr\u00e1s observar en detalle las condiciones de Divina Pastora de prima mixta. <\/p>\n<p><\/div><\/div><\/div>\n<h3><span class=\"ez-toc-section\" id=\"%C2%BFA_quien_va_dirigido_el_seguro_de_decesos_Prima_Mixta_de_Divina_Pastora\"><\/span>\u00bfA qui\u00e9n va dirigido el seguro de decesos Prima Mixta de Divina Pastora?<span class=\"ez-toc-section-end\"><\/span><\/h3>\n<p>Es un seguro magn\u00edfico para personas o bien familias que su edad est\u00e9 muy cercana a los 50 a\u00f1os para que se puedan beneficiar del bajo precio de la prima y que no tengan cerca la nivelaci\u00f3n. <\/p>\n<div class=\"colorf \"  ><div class=\"container clearfix\"><div class=\"col-md-7\"><\/p>\n<h2><span class=\"ez-toc-section\" id=\"Precio_de_seguro_de_decesos_Prima_Mixta_Divina_Pastora\"><\/span>Precio de seguro de decesos Prima Mixta Divina Pastora<span class=\"ez-toc-section-end\"><\/span><\/h2>\n<p>Para el seguro de prima mixta Divina Pastora su precio es de 2,10 euros cada mes, toda vez que se tenga en cuenta ciertas referencias como es la localidad, ya los servicios funerarios pueden ser m\u00e1s bajos y con una edad de m\u00e1s de 19 a\u00f1os. Divina Pastora resalta por el mejor precio de prima mixta en todo el \u00e1mbito, en tanto que es barato y de calidad las coberturas con las que cuentan. De las dudas que puedan surgir de Divina Pastora dentro de iDecesos podr\u00e1s equiparar los costes que hay de prima mixta con toda la informaci\u00f3n al instante. <\/p>\n<p><\/div><\/div><\/div>\n<h2><span class=\"ez-toc-section\" id=\"Productos_Prima_Mixta_Divina_Pastora\"><\/span>Productos Prima Mixta Divina Pastora<span class=\"ez-toc-section-end\"><\/span><\/h2>\n<div class=\"colorf\"><div class=\"container clearfix\"><div class=\"col-md-7\"><div class=\"opiniones\">\n<h2><span class=\"ez-toc-section\" id=\"Opiniones_del_seguro_de_decesos_de_Prima_Mixta_de_Divina_Pastora\"><\/span>Opiniones del seguro de decesos de Prima Mixta de Divina Pastora<span class=\"ez-toc-section-end\"><\/span><\/h2>\n<p>Divina Pastora cuenta con las mejores creencias del mercado por el producto de prima mixta o semi natural. El mejor directivo de iDecesos ha dejado por hecho que el seguro de prima mixta, es el conjunto de los diferentes categor\u00edas de prima natural y nivelada, formando una de las mejores p\u00f3lizas del mercado. <\/p>\n<div class=\"opinion \"  >\n\t\t\t<div class=\"cabecera_opinion\">\n\t\t\t\t<div class=\"avatar\">E S <\/div>\n\t\t\t\t<div class=\"datos_opinion\">\n\t\t\t\t\t<div class=\"nombre_opinion\">Emigdio Salamanca<\/div>\n\t\t\t\t\t<div class=\"info_opinion\">\t\t\t\t\t\t\n\t\t\t\t\t\t<div class=\"cuenta_opinion\"><i class=\"fas fa-pencil-alt\"><\/i><!--span class=\"dashicons dashicons-edit\" style=\"font-size:20px\"><\/span--><span>1 Opini\u00f3n<\/span><\/div>\t\t\t\t\t\t\n\t\t\t\t\t\t<div class=\"localizacion_opinion\">\n\t\t\t\t\t\t\t<i class=\"fas fa-map-marker-alt\"><\/i><!--span class=\"dashicons dashicons-location\" style=\"font-size:20px\"><\/span-->\n\t\t\t\t\t\t\t<span>ES<\/span>\n\t\t\t\t\t\t<\/div>\t\n\t\t\t\t\t<\/div>\n\t\t\t\t<\/div>\n\t\t\t<\/div><div class=\"texto_opinion\"><\/p>\n<p>Si todav\u00eda tienes dudas de como elegir, con Divina Pastora vas a contar con muchas ventajas si a\u00fan eres joven, puesto que sus tarifas van muy amoldados a esas edades, por ello sin duda alguna no deber\u00edas pensarlo tanto, aparte de estar con ellos muchos a\u00f1os me dieron las mejores coberturas que hay en el mercado, pero debes conocer que una vez vaya aumentando los a\u00f1os, va en desarrollo el precio de Divina Pastora ya que consideran que puede haber m\u00e1s riesgo en edades mayores.<\/p>\n<p><\/div><\/div>\n<div class=\"opinion \"  >\n\t\t\t<div class=\"cabecera_opinion\">\n\t\t\t\t<div class=\"avatar\">T R <\/div>\n\t\t\t\t<div class=\"datos_opinion\">\n\t\t\t\t\t<div class=\"nombre_opinion\">Tadeo Redondo<\/div>\n\t\t\t\t\t<div class=\"info_opinion\">\t\t\t\t\t\t\n\t\t\t\t\t\t<div class=\"cuenta_opinion\"><i class=\"fas fa-pencil-alt\"><\/i><!--span class=\"dashicons dashicons-edit\" style=\"font-size:20px\"><\/span--><span>1 Opini\u00f3n<\/span><\/div>\t\t\t\t\t\t\n\t\t\t\t\t\t<div class=\"localizacion_opinion\">\n\t\t\t\t\t\t\t<i class=\"fas fa-map-marker-alt\"><\/i><!--span class=\"dashicons dashicons-location\" style=\"font-size:20px\"><\/span-->\n\t\t\t\t\t\t\t<span>ES<\/span>\n\t\t\t\t\t\t<\/div>\t\n\t\t\t\t\t<\/div>\n\t\t\t\t<\/div>\n\t\t\t<\/div><div class=\"texto_opinion\"><\/p>\n<p>Recomiendo el seguro de decesos de prima Mixta de Divina Pastora, lo contratamos para mi difunto padre y nos dieron un servicio muy apropiado.<\/p>\n<p><\/div><\/div>\n<div class=\"opinion \"  >\n\t\t\t<div class=\"cabecera_opinion\">\n\t\t\t\t<div class=\"avatar\">B C <\/div>\n\t\t\t\t<div class=\"datos_opinion\">\n\t\t\t\t\t<div class=\"nombre_opinion\">Bautista Casas<\/div>\n\t\t\t\t\t<div class=\"info_opinion\">\t\t\t\t\t\t\n\t\t\t\t\t\t<div class=\"cuenta_opinion\"><i class=\"fas fa-pencil-alt\"><\/i><!--span class=\"dashicons dashicons-edit\" style=\"font-size:20px\"><\/span--><span>1 Opini\u00f3n<\/span><\/div>\t\t\t\t\t\t\n\t\t\t\t\t\t<div class=\"localizacion_opinion\">\n\t\t\t\t\t\t\t<i class=\"fas fa-map-marker-alt\"><\/i><!--span class=\"dashicons dashicons-location\" style=\"font-size:20px\"><\/span-->\n\t\t\t\t\t\t\t<span>ES<\/span>\n\t\t\t\t\t\t<\/div>\t\n\t\t\t\t\t<\/div>\n\t\t\t\t<\/div>\n\t\t\t<\/div><div class=\"texto_opinion\"><\/p>\n<p>He contratado el seguro de prima Mixta de Divina Pastora y s\u00f3lo puedo decir que desde el instante que llamamos al tel\u00e9fono de asistencia se encargaron de todo y fue todo correcto por la parte de su personal.<\/p>\n<p><\/div><\/div>\n<\/div><\/div><\/div><\/div>\n<p><div class=\"oficinas\"><br \/>\n<h3><span class=\"ez-toc-section\" id=\"Paginas_relacionadas\"><\/span>P\u00e1ginas relacionadas<span class=\"ez-toc-section-end\"><\/span><\/h3><div class=\"enlazado\"><ul> <li><a href=\"https:\/\/idecesos.com\/seguros\/companias\/divina-pastora\/coberturas\/\">Coberturas Seguro de Decesos Divina Pastora<\/a><\/li> <li><a href=\"https:\/\/idecesos.com\/seguros\/companias\/divina-pastora\/opiniones\/\">Opiniones Divina Pastora<\/a><\/li> <li><a href=\"https:\/\/idecesos.com\/seguros\/companias\/divina-pastora\/precio\/\">Precio seguro Divina Pastora<\/a><\/li> <li><a href=\"https:\/\/idecesos.com\/seguros\/companias\/divina-pastora\/prima-mixta\/\">Divina Pastora Prima Mixta<\/a><\/li> <li><a href=\"https:\/\/idecesos.com\/seguros\/companias\/divina-pastora\/prima-natural\/\">Divina Pastora Prima Natural<\/a><\/li> <li><a href=\"https:\/\/idecesos.com\/seguros\/companias\/divina-pastora\/prima-nivelada\/\">Divina Pastora Prima Nivelada<\/a><\/li> <li><a href=\"https:\/\/idecesos.com\/seguros\/companias\/divina-pastora\/prima-unica\/\">Divina Pastora Prima \u00danica<\/a><\/li> <li><a href=\"https:\/\/idecesos.com\/seguros\/companias\/divina-pastora\/repatriacion\/\">Divina Pastora Repatriaci\u00f3n<\/a><\/li> <li><a href=\"https:\/\/idecesos.com\/seguros\/companias\/divina-pastora\/telefono\/\">Tel\u00e9fono Gratuito Divina Pastora<\/a><\/li><\/ul><\/div><\/p>\n<\/div>\n","protected":false},"excerpt":{"rendered":"<p>Dentro de las diferentes modalidades que contemplan la m\u00e1s triunfante entre ellos es la p\u00f3liza de decesos de prima mixta de Divina Pastora. Esto se debe a que re\u00fane lo mejor de la prima natural y la prima nivelada, esto es, hasta determinada edad la prima anualmente va creciendo pero prosigue siendo barata pues se&hellip; <\/p>\n","protected":false},"author":3,"featured_media":0,"parent":304,"menu_order":0,"comment_status":"closed","ping_status":"closed","template":"single.php","meta":{"footnotes":""},"class_list":["post-11575","page","type-page","status-publish","hentry"],"yoast_head":"<!-- This site is optimized with the Yoast SEO plugin v27.5 - https:\/\/yoast.com\/product\/yoast-seo-wordpress\/ -->\n<title>Seguro Decesos Divina Pastora Prima Mixta \u25b7 Opiniones y Precio 2026<\/title>\n<meta name=\"description\" content=\"Click aqu\u00ed \u3010Seguro de Decesos Prima Mixta Divina Pastora\u3011 Mejores precios Divina Pastora seguro de fallecidos Prima Mixta \u2611\ufe0f Actualizado por iDecesos\u00ae\" \/>\n<meta name=\"robots\" content=\"index, follow, max-snippet:-1, max-image-preview:large, max-video-preview:-1\" \/>\n<link rel=\"canonical\" href=\"https:\/\/idecesos.com\/seguros\/companias\/divina-pastora\/prima-mixta\/\" \/>\n<meta property=\"og:locale\" content=\"es_ES\" \/>\n<meta property=\"og:type\" content=\"article\" \/>\n<meta property=\"og:title\" content=\"Seguro Decesos Divina Pastora Prima Mixta \u25b7 Opiniones y Precio 2026\" \/>\n<meta property=\"og:description\" content=\"Click aqu\u00ed \u3010Seguro de Decesos Prima Mixta Divina Pastora\u3011 Mejores precios Divina Pastora seguro de fallecidos Prima Mixta \u2611\ufe0f Actualizado por iDecesos\u00ae\" \/>\n<meta property=\"og:url\" content=\"https:\/\/idecesos.com\/seguros\/companias\/divina-pastora\/prima-mixta\/\" \/>\n<meta property=\"article:modified_time\" content=\"2022-01-03T12:30:11+00:00\" \/>\n<meta name=\"twitter:card\" content=\"summary_large_image\" \/>\n<meta name=\"twitter:label1\" content=\"Tiempo de lectura\" \/>\n\t<meta name=\"twitter:data1\" content=\"54 minutos\" \/>\n<script type=\"application\/ld+json\" class=\"yoast-schema-graph\">{\"@context\":\"https:\\\/\\\/schema.org\",\"@graph\":[{\"@type\":\"WebPage\",\"@id\":\"https:\\\/\\\/idecesos.com\\\/seguros\\\/companias\\\/divina-pastora\\\/prima-mixta\\\/\",\"url\":\"https:\\\/\\\/idecesos.com\\\/seguros\\\/companias\\\/divina-pastora\\\/prima-mixta\\\/\",\"name\":\"Seguro Decesos Divina Pastora Prima Mixta \u25b7 Opiniones y Precio 2026\",\"isPartOf\":{\"@id\":\"https:\\\/\\\/idecesos.com\\\/seguros\\\/#website\"},\"datePublished\":\"2021-11-13T00:00:00+00:00\",\"dateModified\":\"2022-01-03T12:30:11+00:00\",\"description\":\"Click aqu\u00ed \u3010Seguro de Decesos Prima Mixta Divina Pastora\u3011 Mejores precios Divina Pastora seguro de fallecidos Prima Mixta \u2611\ufe0f Actualizado por iDecesos\u00ae\",\"breadcrumb\":{\"@id\":\"https:\\\/\\\/idecesos.com\\\/seguros\\\/companias\\\/divina-pastora\\\/prima-mixta\\\/#breadcrumb\"},\"inLanguage\":\"es\",\"potentialAction\":[{\"@type\":\"ReadAction\",\"target\":[\"https:\\\/\\\/idecesos.com\\\/seguros\\\/companias\\\/divina-pastora\\\/prima-mixta\\\/\"]}]},{\"@type\":\"BreadcrumbList\",\"@id\":\"https:\\\/\\\/idecesos.com\\\/seguros\\\/companias\\\/divina-pastora\\\/prima-mixta\\\/#breadcrumb\",\"itemListElement\":[{\"@type\":\"ListItem\",\"position\":1,\"name\":\"Portada\",\"item\":\"https:\\\/\\\/idecesos.com\\\/seguros\\\/\"},{\"@type\":\"ListItem\",\"position\":2,\"name\":\"Compa\u00f1\u00edas de Seguros de Decesos en Espa\u00f1a\",\"item\":\"https:\\\/\\\/idecesos.com\\\/seguros\\\/companias\\\/\"},{\"@type\":\"ListItem\",\"position\":3,\"name\":\"Seguro de decesos Divina Pastora\",\"item\":\"https:\\\/\\\/idecesos.com\\\/seguros\\\/companias\\\/divina-pastora\\\/\"},{\"@type\":\"ListItem\",\"position\":4,\"name\":\"Seguro de decesos Divina Pastora Prima Mixta\"}]},{\"@type\":\"WebSite\",\"@id\":\"https:\\\/\\\/idecesos.com\\\/seguros\\\/#website\",\"url\":\"https:\\\/\\\/idecesos.com\\\/seguros\\\/\",\"name\":\"\",\"description\":\"\",\"potentialAction\":[{\"@type\":\"SearchAction\",\"target\":{\"@type\":\"EntryPoint\",\"urlTemplate\":\"https:\\\/\\\/idecesos.com\\\/seguros\\\/?s={search_term_string}\"},\"query-input\":{\"@type\":\"PropertyValueSpecification\",\"valueRequired\":true,\"valueName\":\"search_term_string\"}}],\"inLanguage\":\"es\"}]}<\/script>\n<!-- \/ Yoast SEO plugin. -->","yoast_head_json":{"title":"Seguro Decesos Divina Pastora Prima Mixta \u25b7 Opiniones y Precio 2026","description":"Click aqu\u00ed \u3010Seguro de Decesos Prima Mixta Divina Pastora\u3011 Mejores precios Divina Pastora seguro de fallecidos Prima Mixta \u2611\ufe0f Actualizado por iDecesos\u00ae","robots":{"index":"index","follow":"follow","max-snippet":"max-snippet:-1","max-image-preview":"max-image-preview:large","max-video-preview":"max-video-preview:-1"},"canonical":"https:\/\/idecesos.com\/seguros\/companias\/divina-pastora\/prima-mixta\/","og_locale":"es_ES","og_type":"article","og_title":"Seguro Decesos Divina Pastora Prima Mixta \u25b7 Opiniones y Precio 2026","og_description":"Click aqu\u00ed \u3010Seguro de Decesos Prima Mixta Divina Pastora\u3011 Mejores precios Divina Pastora seguro de fallecidos Prima Mixta \u2611\ufe0f Actualizado por iDecesos\u00ae","og_url":"https:\/\/idecesos.com\/seguros\/companias\/divina-pastora\/prima-mixta\/","article_modified_time":"2022-01-03T12:30:11+00:00","twitter_card":"summary_large_image","twitter_misc":{"Tiempo de lectura":"54 minutos"},"schema":{"@context":"https:\/\/schema.org","@graph":[{"@type":"WebPage","@id":"https:\/\/idecesos.com\/seguros\/companias\/divina-pastora\/prima-mixta\/","url":"https:\/\/idecesos.com\/seguros\/companias\/divina-pastora\/prima-mixta\/","name":"Seguro Decesos Divina Pastora Prima Mixta \u25b7 Opiniones y Precio 2026","isPartOf":{"@id":"https:\/\/idecesos.com\/seguros\/#website"},"datePublished":"2021-11-13T00:00:00+00:00","dateModified":"2022-01-03T12:30:11+00:00","description":"Click aqu\u00ed \u3010Seguro de Decesos Prima Mixta Divina Pastora\u3011 Mejores precios Divina Pastora seguro de fallecidos Prima Mixta \u2611\ufe0f Actualizado por iDecesos\u00ae","breadcrumb":{"@id":"https:\/\/idecesos.com\/seguros\/companias\/divina-pastora\/prima-mixta\/#breadcrumb"},"inLanguage":"es","potentialAction":[{"@type":"ReadAction","target":["https:\/\/idecesos.com\/seguros\/companias\/divina-pastora\/prima-mixta\/"]}]},{"@type":"BreadcrumbList","@id":"https:\/\/idecesos.com\/seguros\/companias\/divina-pastora\/prima-mixta\/#breadcrumb","itemListElement":[{"@type":"ListItem","position":1,"name":"Portada","item":"https:\/\/idecesos.com\/seguros\/"},{"@type":"ListItem","position":2,"name":"Compa\u00f1\u00edas de Seguros de Decesos en Espa\u00f1a","item":"https:\/\/idecesos.com\/seguros\/companias\/"},{"@type":"ListItem","position":3,"name":"Seguro de decesos Divina Pastora","item":"https:\/\/idecesos.com\/seguros\/companias\/divina-pastora\/"},{"@type":"ListItem","position":4,"name":"Seguro de decesos Divina Pastora Prima Mixta"}]},{"@type":"WebSite","@id":"https:\/\/idecesos.com\/seguros\/#website","url":"https:\/\/idecesos.com\/seguros\/","name":"","description":"","potentialAction":[{"@type":"SearchAction","target":{"@type":"EntryPoint","urlTemplate":"https:\/\/idecesos.com\/seguros\/?s={search_term_string}"},"query-input":{"@type":"PropertyValueSpecification","valueRequired":true,"valueName":"search_term_string"}}],"inLanguage":"es"}]}},"_links":{"self":[{"href":"https:\/\/idecesos.com\/seguros\/wp-json\/wp\/v2\/pages\/11575","targetHints":{"allow":["GET"]}}],"collection":[{"href":"https:\/\/idecesos.com\/seguros\/wp-json\/wp\/v2\/pages"}],"about":[{"href":"https:\/\/idecesos.com\/seguros\/wp-json\/wp\/v2\/types\/page"}],"author":[{"embeddable":true,"href":"https:\/\/idecesos.com\/seguros\/wp-json\/wp\/v2\/users\/3"}],"replies":[{"embeddable":true,"href":"https:\/\/idecesos.com\/seguros\/wp-json\/wp\/v2\/comments?post=11575"}],"version-history":[{"count":1,"href":"https:\/\/idecesos.com\/seguros\/wp-json\/wp\/v2\/pages\/11575\/revisions"}],"predecessor-version":[{"id":13078,"href":"https:\/\/idecesos.com\/seguros\/wp-json\/wp\/v2\/pages\/11575\/revisions\/13078"}],"up":[{"embeddable":true,"href":"https:\/\/idecesos.com\/seguros\/wp-json\/wp\/v2\/pages\/304"}],"wp:attachment":[{"href":"https:\/\/idecesos.com\/seguros\/wp-json\/wp\/v2\/media?parent=11575"}],"curies":[{"name":"wp","href":"https:\/\/api.w.org\/{rel}","templated":true}]}}