{"id":11584,"date":"2021-11-14T00:00:00","date_gmt":"2021-11-14T00:00:00","guid":{"rendered":"https:\/\/idecesos.com\/seguros\/?page_id=11584"},"modified":"2022-01-03T12:30:59","modified_gmt":"2022-01-03T12:30:59","slug":"repatriacion","status":"publish","type":"page","link":"https:\/\/idecesos.com\/seguros\/companias\/imq\/repatriacion\/","title":{"rendered":"Seguro de decesos IMQ con repatriaci\u00f3n"},"content":{"rendered":"<div id=\"ez-toc-container\" class=\"ez-toc-v2_0_82_2 ez-toc-wrap-center counter-hierarchy ez-toc-counter ez-toc-custom ez-toc-container-direction\">\n<div class=\"ez-toc-title-container\">\n<p class=\"ez-toc-title\" style=\"cursor:inherit\">Tabla de Contenido<\/p>\n<span class=\"ez-toc-title-toggle\"><a href=\"#\" class=\"ez-toc-pull-right ez-toc-btn ez-toc-btn-xs ez-toc-btn-default ez-toc-toggle\" aria-label=\"Alternar tabla de contenidos\"><span class=\"ez-toc-js-icon-con\"><span class=\"\"><span class=\"eztoc-hide\" style=\"display:none;\">Toggle<\/span><span class=\"ez-toc-icon-toggle-span\"><svg style=\"fill: #db6415;color:#db6415\" xmlns=\"http:\/\/www.w3.org\/2000\/svg\" class=\"list-377408\" width=\"20px\" height=\"20px\" viewBox=\"0 0 24 24\" fill=\"none\"><path d=\"M6 6H4v2h2V6zm14 0H8v2h12V6zM4 11h2v2H4v-2zm16 0H8v2h12v-2zM4 16h2v2H4v-2zm16 0H8v2h12v-2z\" fill=\"currentColor\"><\/path><\/svg><svg style=\"fill: #db6415;color:#db6415\" class=\"arrow-unsorted-368013\" xmlns=\"http:\/\/www.w3.org\/2000\/svg\" width=\"10px\" height=\"10px\" viewBox=\"0 0 24 24\" version=\"1.2\" baseProfile=\"tiny\"><path d=\"M18.2 9.3l-6.2-6.3-6.2 6.3c-.2.2-.3.4-.3.7s.1.5.3.7c.2.2.4.3.7.3h11c.3 0 .5-.1.7-.3.2-.2.3-.5.3-.7s-.1-.5-.3-.7zM5.8 14.7l6.2 6.3 6.2-6.3c.2-.2.3-.5.3-.7s-.1-.5-.3-.7c-.2-.2-.4-.3-.7-.3h-11c-.3 0-.5.1-.7.3-.2.2-.3.5-.3.7s.1.5.3.7z\"\/><\/svg><\/span><\/span><\/span><\/a><\/span><\/div>\n<nav><ul class='ez-toc-list ez-toc-list-level-1 ' ><li class='ez-toc-page-1 ez-toc-heading-level-2'><a class=\"ez-toc-link ez-toc-heading-1\" href=\"https:\/\/idecesos.com\/seguros\/companias\/imq\/repatriacion\/#Coberturas_seguro_IMQ_con_repatriacion\" >Coberturas seguro IMQ con repatriaci\u00f3n<\/a><ul class='ez-toc-list-level-3' ><li class='ez-toc-heading-level-3'><a class=\"ez-toc-link ez-toc-heading-2\" href=\"https:\/\/idecesos.com\/seguros\/companias\/imq\/repatriacion\/#%C2%BFA_quien_va_dirigido_el_seguro_de_decesos_con_repatriacion_de_IMQ\" >\u00bfA qui\u00e9n va dirigido el seguro de decesos con repatriaci\u00f3n de IMQ?<\/a><\/li><\/ul><\/li><li class='ez-toc-page-1 ez-toc-heading-level-2'><a class=\"ez-toc-link ez-toc-heading-3\" href=\"https:\/\/idecesos.com\/seguros\/companias\/imq\/repatriacion\/#Precio_de_seguro_de_decesos_IMQ_con_repatriacion\" >Precio de seguro de decesos IMQ con repatriaci\u00f3n<\/a><\/li><li class='ez-toc-page-1 ez-toc-heading-level-2'><a class=\"ez-toc-link ez-toc-heading-4\" href=\"https:\/\/idecesos.com\/seguros\/companias\/imq\/repatriacion\/#Productos_Repatriacion_IMQ\" >Productos Repatriaci\u00f3n IMQ<\/a><\/li><li class='ez-toc-page-1 ez-toc-heading-level-2'><a class=\"ez-toc-link ez-toc-heading-5\" href=\"https:\/\/idecesos.com\/seguros\/companias\/imq\/repatriacion\/#Opiniones_del_seguro_de_decesos_de_Repatriacion_de_IMQ\" >Opiniones del seguro de decesos de Repatriaci\u00f3n de IMQ<\/a><ul class='ez-toc-list-level-3' ><li class='ez-toc-heading-level-3'><a class=\"ez-toc-link ez-toc-heading-6\" href=\"https:\/\/idecesos.com\/seguros\/companias\/imq\/repatriacion\/#Paginas_relacionadas\" >P\u00e1ginas relacionadas<\/a><\/li><\/ul><\/li><\/ul><\/nav><\/div>\n\n<p>Teniendo en cuenta sus coberturas m\u00e1s f\u00e1ciles hay que tener en consideraci\u00f3n que el seguro de repatriaci\u00f3n de IMQ cuenta con las coberturas complementarias. En los \u00faltimos a\u00f1os las personas han abandonado su sitio de origen para residir en Espa\u00f1a siendo este uno de los pa\u00edses con m\u00e1s extranjeros como en el caso de Marruecos con 711792 radicando en Espa\u00f1a. Es de gran importancia que prevengas lo que puede llegar a suceder en un futuro, en el que evitar\u00e1s a tu familia desembolsar una cantidad elevada del cual no puedan hacer frente. Aunque este seguro aparte de poder asegurar a los inmigrantes le garantizan un servicio de repatriaci\u00f3n de forma inmediata dentro de lo posible. <\/p>\n<p>Leer m\u00e1s: <a href=\"https:\/\/idecesos.com\/seguros\/tipo\/extranjeros-repatriacion\/\">Seguro de decesos con repatriaci\u00f3n<\/a><\/p>\n<div class=\"colorf \"  ><div class=\"container clearfix\"><div class=\"col-md-7\"><\/p>\n<h2><span class=\"ez-toc-section\" id=\"Coberturas_seguro_IMQ_con_repatriacion\"><\/span>Coberturas seguro IMQ con repatriaci\u00f3n<span class=\"ez-toc-section-end\"><\/span><\/h2>\n<p>En determinados casos va dirigido a unas ciertas personas el seguro de decesos de repatriaci\u00f3n de IMQ, as\u00ed sea donde se hallen en alg\u00fan lugar del mundo. Las coberturas que van a quedar incluidas son m\u00e1s b\u00e1sicas como elecci\u00f3n al cementerio o incineraci\u00f3n o bien los gastos de diferentes niveles. La p\u00f3liza viene constituida por las partes definidas y las extensas, donde incluir\u00e1n todas y cada una de las cl\u00e1usulas detalladamente. <\/p>\n<p><\/div><\/div><\/div>\n<h3><span class=\"ez-toc-section\" id=\"%C2%BFA_quien_va_dirigido_el_seguro_de_decesos_con_repatriacion_de_IMQ\"><\/span>\u00bfA qui\u00e9n va dirigido el seguro de decesos con repatriaci\u00f3n de IMQ?<span class=\"ez-toc-section-end\"><\/span><\/h3>\n<p>En el seguro de decesos de repatriaci\u00f3n de IMQ va para todas aquellas vivan en cualquier pa\u00eds o radiquen en Espa\u00f1a, tras el \u00f3bito quieran volver a su lugar de origen, con esto el proceso va a ser m\u00e1s rentable y menos dif\u00edcil. Puesto que la aseguradora se encargar\u00e1 de todo. En el contrato se debe de valorar la garant\u00eda que ofrecidas cuando la persona que muere se encuentre en su pa\u00eds de origen o cualquier otra una parte del mundo. <\/p>\n<div class=\"colorf \"  ><div class=\"container clearfix\"><div class=\"col-md-7\"><\/p>\n<h2><span class=\"ez-toc-section\" id=\"Precio_de_seguro_de_decesos_IMQ_con_repatriacion\"><\/span>Precio de seguro de decesos IMQ con repatriaci\u00f3n<span class=\"ez-toc-section-end\"><\/span><\/h2>\n<p>El precio de seguro de decesos repatriaci\u00f3n de la IMQ se tendr\u00e1 presente las coberturas que incluyan la p\u00f3liza, con lo que seguramente en cada uno puede llegar a tener un precio diferente, va a depender de la p\u00f3liza contratada o de la prima que se haya escogido. <\/p>\n<p><\/div><\/div><\/div>\n<h2><span class=\"ez-toc-section\" id=\"Productos_Repatriacion_IMQ\"><\/span>Productos Repatriaci\u00f3n IMQ<span class=\"ez-toc-section-end\"><\/span><\/h2>\n<div class=\"colorf\"><div class=\"container clearfix\"><div class=\"col-md-7\"><div class=\"opiniones\">\n<h2><span class=\"ez-toc-section\" id=\"Opiniones_del_seguro_de_decesos_de_Repatriacion_de_IMQ\"><\/span>Opiniones del seguro de decesos de Repatriaci\u00f3n de IMQ<span class=\"ez-toc-section-end\"><\/span><\/h2>\n<p>&nbsp;<\/p>\n<div class=\"opinion \"  >\n\t\t\t<div class=\"cabecera_opinion\">\n\t\t\t\t<div class=\"avatar\">J X B <\/div>\n\t\t\t\t<div class=\"datos_opinion\">\n\t\t\t\t\t<div class=\"nombre_opinion\">Julieta Xiomara Bartolom\u00e9<\/div>\n\t\t\t\t\t<div class=\"info_opinion\">\t\t\t\t\t\t\n\t\t\t\t\t\t<div class=\"cuenta_opinion\"><i class=\"fas fa-pencil-alt\"><\/i><!--span class=\"dashicons dashicons-edit\" style=\"font-size:20px\"><\/span--><span>1 Opini\u00f3n<\/span><\/div>\t\t\t\t\t\t\n\t\t\t\t\t\t<div class=\"localizacion_opinion\">\n\t\t\t\t\t\t\t<i class=\"fas fa-map-marker-alt\"><\/i><!--span class=\"dashicons dashicons-location\" style=\"font-size:20px\"><\/span-->\n\t\t\t\t\t\t\t<span>ES<\/span>\n\t\t\t\t\t\t<\/div>\t\n\t\t\t\t\t<\/div>\n\t\t\t\t<\/div>\n\t\t\t<\/div><div class=\"texto_opinion\"><\/p>\n<p>Realice el contrato con ellos puesto que me dieron confianza y la seguridad de poder contar con sus servicios fuera de Espa\u00f1a, puesto que era lo que estaba buscando, y se amolda perfectamente a mis circustancias, el servicio que recib\u00ed ha sido de forma extraordinaria, me aconsejan en todo instante y con calma, aparte de ello mi familia se va a poder sentir m\u00e1s sosegado cada vez que realice alg\u00fan viaje. Solventaron todo aquel inconveniente que pudo ocurrir, donde nos apoyaron en todo momento.<\/p>\n<p><\/div><\/div>\n<div class=\"opinion \"  >\n\t\t\t<div class=\"cabecera_opinion\">\n\t\t\t\t<div class=\"avatar\">A G <\/div>\n\t\t\t\t<div class=\"datos_opinion\">\n\t\t\t\t\t<div class=\"nombre_opinion\">Ang\u00e9lica Gallo<\/div>\n\t\t\t\t\t<div class=\"info_opinion\">\t\t\t\t\t\t\n\t\t\t\t\t\t<div class=\"cuenta_opinion\"><i class=\"fas fa-pencil-alt\"><\/i><!--span class=\"dashicons dashicons-edit\" style=\"font-size:20px\"><\/span--><span>1 Opini\u00f3n<\/span><\/div>\t\t\t\t\t\t\n\t\t\t\t\t\t<div class=\"localizacion_opinion\">\n\t\t\t\t\t\t\t<i class=\"fas fa-map-marker-alt\"><\/i><!--span class=\"dashicons dashicons-location\" style=\"font-size:20px\"><\/span-->\n\t\t\t\t\t\t\t<span>ES<\/span>\n\t\t\t\t\t\t<\/div>\t\n\t\t\t\t\t<\/div>\n\t\t\t\t<\/div>\n\t\t\t<\/div><div class=\"texto_opinion\"><\/p>\n<p>Con sinceridad estoy content\u00edsima con IMQ desde el momento en que lo he efectuado no he tenido ning\u00fan problema, me han gestionado todo de forma profesional, con lo que da ventaja de poder efectuar el pago de diferentes forma, se adapta a la necesidades de cualquiera en estos tiempos tan complicado, le doy un 10 a IMQ, por lo que el seguro de repatriaci\u00f3n y sus coberturas excelente.<\/p>\n<p><\/div><\/div>\n<div class=\"opinion \"  >\n\t\t\t<div class=\"cabecera_opinion\">\n\t\t\t\t<div class=\"avatar\">N B <\/div>\n\t\t\t\t<div class=\"datos_opinion\">\n\t\t\t\t\t<div class=\"nombre_opinion\">Nilo Barrera<\/div>\n\t\t\t\t\t<div class=\"info_opinion\">\t\t\t\t\t\t\n\t\t\t\t\t\t<div class=\"cuenta_opinion\"><i class=\"fas fa-pencil-alt\"><\/i><!--span class=\"dashicons dashicons-edit\" style=\"font-size:20px\"><\/span--><span>1 Opini\u00f3n<\/span><\/div>\t\t\t\t\t\t\n\t\t\t\t\t\t<div class=\"localizacion_opinion\">\n\t\t\t\t\t\t\t<i class=\"fas fa-map-marker-alt\"><\/i><!--span class=\"dashicons dashicons-location\" style=\"font-size:20px\"><\/span-->\n\t\t\t\t\t\t\t<span>ES<\/span>\n\t\t\t\t\t\t<\/div>\t\n\t\t\t\t\t<\/div>\n\t\t\t\t<\/div>\n\t\t\t<\/div><div class=\"texto_opinion\"><\/p>\n<p>Llevo con esta empresa de seguros m\u00e1s de 15 a\u00f1os, mis progenitores ya lo ten\u00edan desde que eran j\u00f3venes, casi toda mi familia lo ten\u00eda, no obstante en un d\u00eda poco afortunado muri\u00f3 mi hermano siendo una de las p\u00e9rdidas m\u00e1s grande en toda mi familia, esto es de los peores momentos para todos, nos cogi\u00f3 por sorpresa a todos, mas he decir que gracias a tener el seguro de decesos contratado, la compa\u00f1\u00eda se encarg\u00f3 de todo durante esa transici\u00f3n tan dura, aparte de que nuestra mente estaba en otro parte, nos hubiese resultado bastante dif\u00edcil sin su ayuda, quedo todos y cada uno de los gastos de sepelio cubierto, merced a las sesiones psicol\u00f3gicas que aportan, logramos progresar, estoy agradecida por el servicio que nos dieron, as\u00ed como la calidad reciba.<\/p>\n<p><\/div><\/div>\n<\/div><\/div><\/div><\/div>\n<p><div class=\"oficinas\"><br \/>\n<h3><span class=\"ez-toc-section\" id=\"Paginas_relacionadas\"><\/span>P\u00e1ginas relacionadas<span class=\"ez-toc-section-end\"><\/span><\/h3><div class=\"enlazado\"><ul> <li><a href=\"https:\/\/idecesos.com\/seguros\/companias\/imq\/opiniones\/\">Opiniones IMQ<\/a><\/li> <li><a href=\"https:\/\/idecesos.com\/seguros\/companias\/imq\/precio\/\">Precio seguro IMQ<\/a><\/li> <li><a href=\"https:\/\/idecesos.com\/seguros\/companias\/imq\/prima-mixta\/\">IMQ Prima Mixta<\/a><\/li> <li><a href=\"https:\/\/idecesos.com\/seguros\/companias\/imq\/prima-natural\/\">IMQ Prima Natural<\/a><\/li> <li><a href=\"https:\/\/idecesos.com\/seguros\/companias\/imq\/prima-nivelada\/\">IMQ Prima Nivelada<\/a><\/li> <li><a href=\"https:\/\/idecesos.com\/seguros\/companias\/imq\/prima-unica\/\">IMQ Prima \u00danica<\/a><\/li> <li><a href=\"https:\/\/idecesos.com\/seguros\/companias\/imq\/repatriacion\/\">IMQ Repatriaci\u00f3n<\/a><\/li> <li><a href=\"https:\/\/idecesos.com\/seguros\/companias\/imq\/telefono\/\">Tel\u00e9fono Gratuito IMQ<\/a><\/li><\/ul><\/div><\/p>\n<\/div>\n","protected":false},"excerpt":{"rendered":"<p>Teniendo en cuenta sus coberturas m\u00e1s f\u00e1ciles hay que tener en consideraci\u00f3n que el seguro de repatriaci\u00f3n de IMQ cuenta con las coberturas complementarias. En los \u00faltimos a\u00f1os las personas han abandonado su sitio de origen para residir en Espa\u00f1a siendo este uno de los pa\u00edses con m\u00e1s extranjeros como en el caso de Marruecos&hellip; <\/p>\n","protected":false},"author":3,"featured_media":0,"parent":372,"menu_order":0,"comment_status":"closed","ping_status":"closed","template":"single.php","meta":{"footnotes":""},"class_list":["post-11584","page","type-page","status-publish","hentry"],"yoast_head":"<!-- This site is optimized with the Yoast SEO plugin v27.3 - https:\/\/yoast.com\/product\/yoast-seo-wordpress\/ -->\n<title>Seguro Decesos IMQ Repatriaci\u00f3n \u25b7 Opiniones y Precio 2026<\/title>\n<meta name=\"description\" content=\"Click aqu\u00ed \u3010Seguro de Decesos con repatriaci\u00f3n IMQ\u3011 Mejores precios IMQ seguro de fallecidos con repatriaci\u00f3n \u2611\ufe0f Actualizado por iDecesos\u00ae\" \/>\n<meta name=\"robots\" content=\"index, follow, max-snippet:-1, max-image-preview:large, max-video-preview:-1\" \/>\n<link rel=\"canonical\" href=\"https:\/\/idecesos.com\/seguros\/companias\/imq\/repatriacion\/\" \/>\n<meta property=\"og:locale\" content=\"es_ES\" \/>\n<meta property=\"og:type\" content=\"article\" \/>\n<meta property=\"og:title\" content=\"Seguro Decesos IMQ Repatriaci\u00f3n \u25b7 Opiniones y Precio 2026\" \/>\n<meta property=\"og:description\" content=\"Click aqu\u00ed \u3010Seguro de Decesos con repatriaci\u00f3n IMQ\u3011 Mejores precios IMQ seguro de fallecidos con repatriaci\u00f3n \u2611\ufe0f Actualizado por iDecesos\u00ae\" \/>\n<meta property=\"og:url\" content=\"https:\/\/idecesos.com\/seguros\/companias\/imq\/repatriacion\/\" \/>\n<meta property=\"article:modified_time\" content=\"2022-01-03T12:30:59+00:00\" \/>\n<meta name=\"twitter:card\" content=\"summary_large_image\" \/>\n<meta name=\"twitter:label1\" content=\"Tiempo de lectura\" \/>\n\t<meta name=\"twitter:data1\" content=\"56 minutos\" \/>\n<script type=\"application\/ld+json\" class=\"yoast-schema-graph\">{\"@context\":\"https:\\\/\\\/schema.org\",\"@graph\":[{\"@type\":\"WebPage\",\"@id\":\"https:\\\/\\\/idecesos.com\\\/seguros\\\/companias\\\/imq\\\/repatriacion\\\/\",\"url\":\"https:\\\/\\\/idecesos.com\\\/seguros\\\/companias\\\/imq\\\/repatriacion\\\/\",\"name\":\"Seguro Decesos IMQ Repatriaci\u00f3n \u25b7 Opiniones y Precio 2026\",\"isPartOf\":{\"@id\":\"https:\\\/\\\/idecesos.com\\\/seguros\\\/#website\"},\"datePublished\":\"2021-11-14T00:00:00+00:00\",\"dateModified\":\"2022-01-03T12:30:59+00:00\",\"description\":\"Click aqu\u00ed \u3010Seguro de Decesos con repatriaci\u00f3n IMQ\u3011 Mejores precios IMQ seguro de fallecidos con repatriaci\u00f3n \u2611\ufe0f Actualizado por iDecesos\u00ae\",\"breadcrumb\":{\"@id\":\"https:\\\/\\\/idecesos.com\\\/seguros\\\/companias\\\/imq\\\/repatriacion\\\/#breadcrumb\"},\"inLanguage\":\"es\",\"potentialAction\":[{\"@type\":\"ReadAction\",\"target\":[\"https:\\\/\\\/idecesos.com\\\/seguros\\\/companias\\\/imq\\\/repatriacion\\\/\"]}]},{\"@type\":\"BreadcrumbList\",\"@id\":\"https:\\\/\\\/idecesos.com\\\/seguros\\\/companias\\\/imq\\\/repatriacion\\\/#breadcrumb\",\"itemListElement\":[{\"@type\":\"ListItem\",\"position\":1,\"name\":\"Portada\",\"item\":\"https:\\\/\\\/idecesos.com\\\/seguros\\\/\"},{\"@type\":\"ListItem\",\"position\":2,\"name\":\"Compa\u00f1\u00edas de Seguros de Decesos en Espa\u00f1a\",\"item\":\"https:\\\/\\\/idecesos.com\\\/seguros\\\/companias\\\/\"},{\"@type\":\"ListItem\",\"position\":3,\"name\":\"Seguro de decesos IMQ\",\"item\":\"https:\\\/\\\/idecesos.com\\\/seguros\\\/companias\\\/imq\\\/\"},{\"@type\":\"ListItem\",\"position\":4,\"name\":\"Seguro de decesos IMQ con repatriaci\u00f3n\"}]},{\"@type\":\"WebSite\",\"@id\":\"https:\\\/\\\/idecesos.com\\\/seguros\\\/#website\",\"url\":\"https:\\\/\\\/idecesos.com\\\/seguros\\\/\",\"name\":\"\",\"description\":\"\",\"potentialAction\":[{\"@type\":\"SearchAction\",\"target\":{\"@type\":\"EntryPoint\",\"urlTemplate\":\"https:\\\/\\\/idecesos.com\\\/seguros\\\/?s={search_term_string}\"},\"query-input\":{\"@type\":\"PropertyValueSpecification\",\"valueRequired\":true,\"valueName\":\"search_term_string\"}}],\"inLanguage\":\"es\"}]}<\/script>\n<!-- \/ Yoast SEO plugin. -->","yoast_head_json":{"title":"Seguro Decesos IMQ Repatriaci\u00f3n \u25b7 Opiniones y Precio 2026","description":"Click aqu\u00ed \u3010Seguro de Decesos con repatriaci\u00f3n IMQ\u3011 Mejores precios IMQ seguro de fallecidos con repatriaci\u00f3n \u2611\ufe0f Actualizado por iDecesos\u00ae","robots":{"index":"index","follow":"follow","max-snippet":"max-snippet:-1","max-image-preview":"max-image-preview:large","max-video-preview":"max-video-preview:-1"},"canonical":"https:\/\/idecesos.com\/seguros\/companias\/imq\/repatriacion\/","og_locale":"es_ES","og_type":"article","og_title":"Seguro Decesos IMQ Repatriaci\u00f3n \u25b7 Opiniones y Precio 2026","og_description":"Click aqu\u00ed \u3010Seguro de Decesos con repatriaci\u00f3n IMQ\u3011 Mejores precios IMQ seguro de fallecidos con repatriaci\u00f3n \u2611\ufe0f Actualizado por iDecesos\u00ae","og_url":"https:\/\/idecesos.com\/seguros\/companias\/imq\/repatriacion\/","article_modified_time":"2022-01-03T12:30:59+00:00","twitter_card":"summary_large_image","twitter_misc":{"Tiempo de lectura":"56 minutos"},"schema":{"@context":"https:\/\/schema.org","@graph":[{"@type":"WebPage","@id":"https:\/\/idecesos.com\/seguros\/companias\/imq\/repatriacion\/","url":"https:\/\/idecesos.com\/seguros\/companias\/imq\/repatriacion\/","name":"Seguro Decesos IMQ Repatriaci\u00f3n \u25b7 Opiniones y Precio 2026","isPartOf":{"@id":"https:\/\/idecesos.com\/seguros\/#website"},"datePublished":"2021-11-14T00:00:00+00:00","dateModified":"2022-01-03T12:30:59+00:00","description":"Click aqu\u00ed \u3010Seguro de Decesos con repatriaci\u00f3n IMQ\u3011 Mejores precios IMQ seguro de fallecidos con repatriaci\u00f3n \u2611\ufe0f Actualizado por iDecesos\u00ae","breadcrumb":{"@id":"https:\/\/idecesos.com\/seguros\/companias\/imq\/repatriacion\/#breadcrumb"},"inLanguage":"es","potentialAction":[{"@type":"ReadAction","target":["https:\/\/idecesos.com\/seguros\/companias\/imq\/repatriacion\/"]}]},{"@type":"BreadcrumbList","@id":"https:\/\/idecesos.com\/seguros\/companias\/imq\/repatriacion\/#breadcrumb","itemListElement":[{"@type":"ListItem","position":1,"name":"Portada","item":"https:\/\/idecesos.com\/seguros\/"},{"@type":"ListItem","position":2,"name":"Compa\u00f1\u00edas de Seguros de Decesos en Espa\u00f1a","item":"https:\/\/idecesos.com\/seguros\/companias\/"},{"@type":"ListItem","position":3,"name":"Seguro de decesos IMQ","item":"https:\/\/idecesos.com\/seguros\/companias\/imq\/"},{"@type":"ListItem","position":4,"name":"Seguro de decesos IMQ con repatriaci\u00f3n"}]},{"@type":"WebSite","@id":"https:\/\/idecesos.com\/seguros\/#website","url":"https:\/\/idecesos.com\/seguros\/","name":"","description":"","potentialAction":[{"@type":"SearchAction","target":{"@type":"EntryPoint","urlTemplate":"https:\/\/idecesos.com\/seguros\/?s={search_term_string}"},"query-input":{"@type":"PropertyValueSpecification","valueRequired":true,"valueName":"search_term_string"}}],"inLanguage":"es"}]}},"_links":{"self":[{"href":"https:\/\/idecesos.com\/seguros\/wp-json\/wp\/v2\/pages\/11584","targetHints":{"allow":["GET"]}}],"collection":[{"href":"https:\/\/idecesos.com\/seguros\/wp-json\/wp\/v2\/pages"}],"about":[{"href":"https:\/\/idecesos.com\/seguros\/wp-json\/wp\/v2\/types\/page"}],"author":[{"embeddable":true,"href":"https:\/\/idecesos.com\/seguros\/wp-json\/wp\/v2\/users\/3"}],"replies":[{"embeddable":true,"href":"https:\/\/idecesos.com\/seguros\/wp-json\/wp\/v2\/comments?post=11584"}],"version-history":[{"count":1,"href":"https:\/\/idecesos.com\/seguros\/wp-json\/wp\/v2\/pages\/11584\/revisions"}],"predecessor-version":[{"id":13098,"href":"https:\/\/idecesos.com\/seguros\/wp-json\/wp\/v2\/pages\/11584\/revisions\/13098"}],"up":[{"embeddable":true,"href":"https:\/\/idecesos.com\/seguros\/wp-json\/wp\/v2\/pages\/372"}],"wp:attachment":[{"href":"https:\/\/idecesos.com\/seguros\/wp-json\/wp\/v2\/media?parent=11584"}],"curies":[{"name":"wp","href":"https:\/\/api.w.org\/{rel}","templated":true}]}}