{"id":11589,"date":"2021-11-14T00:00:00","date_gmt":"2021-11-14T00:00:00","guid":{"rendered":"https:\/\/idecesos.com\/seguros\/?page_id=11589"},"modified":"2022-01-03T12:30:12","modified_gmt":"2022-01-03T12:30:12","slug":"prima-mixta","status":"publish","type":"page","link":"https:\/\/idecesos.com\/seguros\/companias\/ergo\/prima-mixta\/","title":{"rendered":"Seguro de decesos Ergo Prima Mixta"},"content":{"rendered":"<div id=\"ez-toc-container\" class=\"ez-toc-v2_0_82_2 ez-toc-wrap-center counter-hierarchy ez-toc-counter ez-toc-custom ez-toc-container-direction\">\n<div class=\"ez-toc-title-container\">\n<p class=\"ez-toc-title\" style=\"cursor:inherit\">Tabla de Contenido<\/p>\n<span class=\"ez-toc-title-toggle\"><a href=\"#\" class=\"ez-toc-pull-right ez-toc-btn ez-toc-btn-xs ez-toc-btn-default ez-toc-toggle\" aria-label=\"Alternar tabla de contenidos\"><span class=\"ez-toc-js-icon-con\"><span class=\"\"><span class=\"eztoc-hide\" style=\"display:none;\">Toggle<\/span><span class=\"ez-toc-icon-toggle-span\"><svg style=\"fill: #db6415;color:#db6415\" xmlns=\"http:\/\/www.w3.org\/2000\/svg\" class=\"list-377408\" width=\"20px\" height=\"20px\" viewBox=\"0 0 24 24\" fill=\"none\"><path d=\"M6 6H4v2h2V6zm14 0H8v2h12V6zM4 11h2v2H4v-2zm16 0H8v2h12v-2zM4 16h2v2H4v-2zm16 0H8v2h12v-2z\" fill=\"currentColor\"><\/path><\/svg><svg style=\"fill: #db6415;color:#db6415\" class=\"arrow-unsorted-368013\" xmlns=\"http:\/\/www.w3.org\/2000\/svg\" width=\"10px\" height=\"10px\" viewBox=\"0 0 24 24\" version=\"1.2\" baseProfile=\"tiny\"><path d=\"M18.2 9.3l-6.2-6.3-6.2 6.3c-.2.2-.3.4-.3.7s.1.5.3.7c.2.2.4.3.7.3h11c.3 0 .5-.1.7-.3.2-.2.3-.5.3-.7s-.1-.5-.3-.7zM5.8 14.7l6.2 6.3 6.2-6.3c.2-.2.3-.5.3-.7s-.1-.5-.3-.7c-.2-.2-.4-.3-.7-.3h-11c-.3 0-.5.1-.7.3-.2.2-.3.5-.3.7s.1.5.3.7z\"\/><\/svg><\/span><\/span><\/span><\/a><\/span><\/div>\n<nav><ul class='ez-toc-list ez-toc-list-level-1 ' ><li class='ez-toc-page-1 ez-toc-heading-level-2'><a class=\"ez-toc-link ez-toc-heading-1\" href=\"https:\/\/idecesos.com\/seguros\/companias\/ergo\/prima-mixta\/#Coberturas_seguro_Prima_Mixta_Ergo\" >Coberturas seguro Prima Mixta Ergo<\/a><ul class='ez-toc-list-level-3' ><li class='ez-toc-heading-level-3'><a class=\"ez-toc-link ez-toc-heading-2\" href=\"https:\/\/idecesos.com\/seguros\/companias\/ergo\/prima-mixta\/#%C2%BFA_quien_va_dirigido_el_seguro_de_decesos_Prima_Mixta_de_Ergo\" >\u00bfA qui\u00e9n va dirigido el seguro de decesos Prima Mixta de Ergo?<\/a><\/li><\/ul><\/li><li class='ez-toc-page-1 ez-toc-heading-level-2'><a class=\"ez-toc-link ez-toc-heading-3\" href=\"https:\/\/idecesos.com\/seguros\/companias\/ergo\/prima-mixta\/#Precio_de_seguro_de_decesos_Prima_Mixta_Ergo\" >Precio de seguro de decesos Prima Mixta Ergo<\/a><\/li><li class='ez-toc-page-1 ez-toc-heading-level-2'><a class=\"ez-toc-link ez-toc-heading-4\" href=\"https:\/\/idecesos.com\/seguros\/companias\/ergo\/prima-mixta\/#Productos_Prima_Mixta_Ergo\" >Productos Prima Mixta Ergo<\/a><\/li><li class='ez-toc-page-1 ez-toc-heading-level-2'><a class=\"ez-toc-link ez-toc-heading-5\" href=\"https:\/\/idecesos.com\/seguros\/companias\/ergo\/prima-mixta\/#Opiniones_del_seguro_de_decesos_de_Prima_Mixta_de_Ergo\" >Opiniones del seguro de decesos de Prima Mixta de Ergo<\/a><ul class='ez-toc-list-level-3' ><li class='ez-toc-heading-level-3'><a class=\"ez-toc-link ez-toc-heading-6\" href=\"https:\/\/idecesos.com\/seguros\/companias\/ergo\/prima-mixta\/#Paginas_relacionadas\" >P\u00e1ginas relacionadas<\/a><\/li><\/ul><\/li><\/ul><\/nav><\/div>\n\n<p>El seguro de prima mixta Ergo es la combinaci\u00f3n de la prima natural y la prima nivelada. O sea, la prima es creciente conforme se marchan cumpliendo los a\u00f1os y asimismo se valoriza el valor del servicio mortuorio asociado pero se estabiliza ya mayor para que el coste de la prima no se vuelva inaccesible y cuando seamos pensionistas no nos pese seguir pagando la prima mixta de Ergo. Dentro de los gastos cuenta con la calma de que no ocurrir\u00e1 ninguna alteraci\u00f3n a lo largo del transcurso de los a\u00f1os. <\/p>\n<p>Leer m\u00e1s: <a href=\"https:\/\/idecesos.com\/seguros\/tipo\/mixta\/\">Seguro de decesos Prima Mixta<\/a><\/p>\n<div class=\"colorf \"  ><div class=\"container clearfix\"><div class=\"col-md-7\"><\/p>\n<h2><span class=\"ez-toc-section\" id=\"Coberturas_seguro_Prima_Mixta_Ergo\"><\/span>Coberturas seguro Prima Mixta Ergo<span class=\"ez-toc-section-end\"><\/span><\/h2>\n<p>Ergo da cobertura de la prima mixta que cubre todo el tr\u00e1mite del sepelio de manera 100 por ciento completa. Es de enorme inter\u00e9s conocer que una de las coberturas que tiene el seguro, dentro de la parte de la tramitaci\u00f3n del \u00f3bito del asegurado se encargan de todo, en este caso el desplazamiento del fallecido se hace por personas profesionales y especialistas en el \u00e1mbito, una vez que llegu\u00e9 al tanatorio se encargan de hacer lucir al cad\u00e1ver una presentaci\u00f3n a fin de que sus seres queridos puedan verlo. Dan el mejor servicio para que la familia disponga de una persona para cualquier gesti\u00f3n en cualquier instante como cualquier tipo de duda que puedan surgirle. Aparte de informar a cada asistente al acontecimiento la hora del velatorio, cuenta con las coberturas m\u00e1s completas dentro de ellos est\u00e1 el servicio religioso, corona floral, necrol\u00f3gica, ata\u00fad en caso de inhumaci\u00f3n o bien urna en caso de que desee cremaci\u00f3n. Se efectuar\u00e1 el servicio en funci\u00f3n de los gustos de su localidad como las costumbres de cada familiar, siempre y en todo momento contando del capital de la persona asegurada. <\/p>\n<p><\/div><\/div><\/div>\n<h3><span class=\"ez-toc-section\" id=\"%C2%BFA_quien_va_dirigido_el_seguro_de_decesos_Prima_Mixta_de_Ergo\"><\/span>\u00bfA qui\u00e9n va dirigido el seguro de decesos Prima Mixta de Ergo?<span class=\"ez-toc-section-end\"><\/span><\/h3>\n<p>El seguro de prima mixta Ergo va dirigido a familias o bien personas en torno a los 50-55 a\u00f1os que se pueden beneficiar del bajo precio de la prima hasta el momento en que llegue a determinada edad y se estabilice sin adelantar dinero por su sepelio como en la prima nivelada. Una de las modalidades destacadas de prima mixta Ergo es el conjunto de prima nivelada y natural donde cuenta como una ventaja para cada uno de sus clientes. <\/p>\n<div class=\"colorf \"  ><div class=\"container clearfix\"><div class=\"col-md-7\"><\/p>\n<h2><span class=\"ez-toc-section\" id=\"Precio_de_seguro_de_decesos_Prima_Mixta_Ergo\"><\/span>Precio de seguro de decesos Prima Mixta Ergo<span class=\"ez-toc-section-end\"><\/span><\/h2>\n<p>Para el seguro de prima mixta Ergo su coste es de 2,10 euros cada mes, toda vez que se tenga presente algunas referencias como es la localidad, ya los servicios funerarios pueden ser m\u00e1s bajos y con una edad de m\u00e1s de 19 a\u00f1os. Lo m\u00e1s seguro es que de los mejores costes de prima mixta del mercado es el de Ergo. De las dudas que puedan surgir de Ergo dentro de iDecesos podr\u00e1s equiparar los costes que hay de prima mixta con toda la informaci\u00f3n al instante. <\/p>\n<p><\/div><\/div><\/div>\n<h2><span class=\"ez-toc-section\" id=\"Productos_Prima_Mixta_Ergo\"><\/span>Productos Prima Mixta Ergo<span class=\"ez-toc-section-end\"><\/span><\/h2>\n<div class=\"colorf\"><div class=\"container clearfix\"><div class=\"col-md-7\"><div class=\"opiniones\">\n<h2><span class=\"ez-toc-section\" id=\"Opiniones_del_seguro_de_decesos_de_Prima_Mixta_de_Ergo\"><\/span>Opiniones del seguro de decesos de Prima Mixta de Ergo<span class=\"ez-toc-section-end\"><\/span><\/h2>\n<p>Las creencias que hemos analizado los asesores profesionales de Decesos, vienen de diferentes sitios, y en conclusi\u00f3n podemos aseverar que el seguro de decesos de prima semi natural o bien mixta de Ergo es un enorme seguro, en constante evoluci\u00f3n y tambi\u00e9n innovador de conformidad con coberturas, precios, forma de pago, y servicios que lo componen. <\/p>\n<div class=\"opinion \"  >\n\t\t\t<div class=\"cabecera_opinion\">\n\t\t\t\t<div class=\"avatar\">C D M <\/div>\n\t\t\t\t<div class=\"datos_opinion\">\n\t\t\t\t\t<div class=\"nombre_opinion\">Cristina del Mill\u00e1n<\/div>\n\t\t\t\t\t<div class=\"info_opinion\">\t\t\t\t\t\t\n\t\t\t\t\t\t<div class=\"cuenta_opinion\"><i class=\"fas fa-pencil-alt\"><\/i><!--span class=\"dashicons dashicons-edit\" style=\"font-size:20px\"><\/span--><span>1 Opini\u00f3n<\/span><\/div>\t\t\t\t\t\t\n\t\t\t\t\t\t<div class=\"localizacion_opinion\">\n\t\t\t\t\t\t\t<i class=\"fas fa-map-marker-alt\"><\/i><!--span class=\"dashicons dashicons-location\" style=\"font-size:20px\"><\/span-->\n\t\t\t\t\t\t\t<span>ES<\/span>\n\t\t\t\t\t\t<\/div>\t\n\t\t\t\t\t<\/div>\n\t\t\t\t<\/div>\n\t\t\t<\/div><div class=\"texto_opinion\"><\/p>\n<p>Entrando en detalle aconsejo Ergo por los diferentes tipos de tarifa con los que cuenta, adem\u00e1s de que un asesor. se hace cargo de efectuarte un presupuesto muy amoldado a ti,  estoy content\u00edsimo con Ergo puesto que siendo una de las personas joven dentro de esa categor\u00eda el coste que pago es muy asequible, todas las coberturas que necesito.<\/p>\n<p><\/div><\/div>\n<div class=\"opinion \"  >\n\t\t\t<div class=\"cabecera_opinion\">\n\t\t\t\t<div class=\"avatar\">G B <\/div>\n\t\t\t\t<div class=\"datos_opinion\">\n\t\t\t\t\t<div class=\"nombre_opinion\">Gervasio Barrios<\/div>\n\t\t\t\t\t<div class=\"info_opinion\">\t\t\t\t\t\t\n\t\t\t\t\t\t<div class=\"cuenta_opinion\"><i class=\"fas fa-pencil-alt\"><\/i><!--span class=\"dashicons dashicons-edit\" style=\"font-size:20px\"><\/span--><span>1 Opini\u00f3n<\/span><\/div>\t\t\t\t\t\t\n\t\t\t\t\t\t<div class=\"localizacion_opinion\">\n\t\t\t\t\t\t\t<i class=\"fas fa-map-marker-alt\"><\/i><!--span class=\"dashicons dashicons-location\" style=\"font-size:20px\"><\/span-->\n\t\t\t\t\t\t\t<span>ES<\/span>\n\t\t\t\t\t\t<\/div>\t\n\t\t\t\t\t<\/div>\n\t\t\t\t<\/div>\n\t\t\t<\/div><div class=\"texto_opinion\"><\/p>\n<p>Tengo despu\u00e9s de la muerte de mi madre, tengo la mejor opini\u00f3n del seguro de decesos de prima Mixta de Ergo, pues nos trataron de forma deliciosa y profesional.<\/p>\n<p><\/div><\/div>\n<div class=\"opinion \"  >\n\t\t\t<div class=\"cabecera_opinion\">\n\t\t\t\t<div class=\"avatar\">O M <\/div>\n\t\t\t\t<div class=\"datos_opinion\">\n\t\t\t\t\t<div class=\"nombre_opinion\">Ovidio Maldonado<\/div>\n\t\t\t\t\t<div class=\"info_opinion\">\t\t\t\t\t\t\n\t\t\t\t\t\t<div class=\"cuenta_opinion\"><i class=\"fas fa-pencil-alt\"><\/i><!--span class=\"dashicons dashicons-edit\" style=\"font-size:20px\"><\/span--><span>1 Opini\u00f3n<\/span><\/div>\t\t\t\t\t\t\n\t\t\t\t\t\t<div class=\"localizacion_opinion\">\n\t\t\t\t\t\t\t<i class=\"fas fa-map-marker-alt\"><\/i><!--span class=\"dashicons dashicons-location\" style=\"font-size:20px\"><\/span-->\n\t\t\t\t\t\t\t<span>ES<\/span>\n\t\t\t\t\t\t<\/div>\t\n\t\t\t\t\t<\/div>\n\t\t\t\t<\/div>\n\t\t\t<\/div><div class=\"texto_opinion\"><\/p>\n<p>A diferencia de las dem\u00e1s compa\u00f1\u00edas esta cuenta con el mejor seguro de prima Mixta de Ergo, la atenci\u00f3n recibida gracias a los mejores especialistas del mercado resolviendo todas y cada una mis dudas, lo aconsejo 100 por ciento .<\/p>\n<p><\/div><\/div>\n<\/div><\/div><\/div><\/div>\n<p><div class=\"oficinas\"><br \/>\n<h3><span class=\"ez-toc-section\" id=\"Paginas_relacionadas\"><\/span>P\u00e1ginas relacionadas<span class=\"ez-toc-section-end\"><\/span><\/h3><div class=\"enlazado\"><ul> <li><a href=\"https:\/\/idecesos.com\/seguros\/companias\/ergo\/opiniones\/\">Opiniones Ergo<\/a><\/li> <li><a href=\"https:\/\/idecesos.com\/seguros\/companias\/ergo\/precio\/\">Precio seguro Ergo<\/a><\/li> <li><a href=\"https:\/\/idecesos.com\/seguros\/companias\/ergo\/prima-mixta\/\">Ergo Prima Mixta<\/a><\/li> <li><a href=\"https:\/\/idecesos.com\/seguros\/companias\/ergo\/prima-natural\/\">Ergo Prima Natural<\/a><\/li> <li><a href=\"https:\/\/idecesos.com\/seguros\/companias\/ergo\/prima-nivelada\/\">Ergo Prima Nivelada<\/a><\/li> <li><a href=\"https:\/\/idecesos.com\/seguros\/companias\/ergo\/prima-unica\/\">Ergo Prima \u00danica<\/a><\/li> <li><a href=\"https:\/\/idecesos.com\/seguros\/companias\/ergo\/repatriacion\/\">Ergo Repatriaci\u00f3n<\/a><\/li> <li><a href=\"https:\/\/idecesos.com\/seguros\/companias\/ergo\/telefono\/\">Tel\u00e9fono Gratuito Ergo<\/a><\/li><\/ul><\/div><\/p>\n<\/div>\n","protected":false},"excerpt":{"rendered":"<p>El seguro de prima mixta Ergo es la combinaci\u00f3n de la prima natural y la prima nivelada. O sea, la prima es creciente conforme se marchan cumpliendo los a\u00f1os y asimismo se valoriza el valor del servicio mortuorio asociado pero se estabiliza ya mayor para que el coste de la prima no se vuelva inaccesible&hellip; <\/p>\n","protected":false},"author":3,"featured_media":0,"parent":349,"menu_order":0,"comment_status":"closed","ping_status":"closed","template":"single.php","meta":{"footnotes":""},"class_list":["post-11589","page","type-page","status-publish","hentry"],"yoast_head":"<!-- This site is optimized with the Yoast SEO plugin v27.3 - https:\/\/yoast.com\/product\/yoast-seo-wordpress\/ -->\n<title>Seguro Decesos Ergo Prima Mixta \u25b7 Opiniones y Precio 2026<\/title>\n<meta name=\"description\" content=\"Click aqu\u00ed \u3010Seguro de Decesos Prima Mixta Ergo\u3011 Mejores precios Ergo seguro de fallecidos Prima Mixta \u2611\ufe0f Actualizado por iDecesos\u00ae\" \/>\n<meta name=\"robots\" content=\"index, follow, max-snippet:-1, max-image-preview:large, max-video-preview:-1\" \/>\n<link rel=\"canonical\" href=\"https:\/\/idecesos.com\/seguros\/companias\/ergo\/prima-mixta\/\" \/>\n<meta property=\"og:locale\" content=\"es_ES\" \/>\n<meta property=\"og:type\" content=\"article\" \/>\n<meta property=\"og:title\" content=\"Seguro Decesos Ergo Prima Mixta \u25b7 Opiniones y Precio 2026\" \/>\n<meta property=\"og:description\" content=\"Click aqu\u00ed \u3010Seguro de Decesos Prima Mixta Ergo\u3011 Mejores precios Ergo seguro de fallecidos Prima Mixta \u2611\ufe0f Actualizado por iDecesos\u00ae\" \/>\n<meta property=\"og:url\" content=\"https:\/\/idecesos.com\/seguros\/companias\/ergo\/prima-mixta\/\" \/>\n<meta property=\"article:modified_time\" content=\"2022-01-03T12:30:12+00:00\" \/>\n<meta name=\"twitter:card\" content=\"summary_large_image\" \/>\n<meta name=\"twitter:label1\" content=\"Tiempo de lectura\" \/>\n\t<meta name=\"twitter:data1\" content=\"54 minutos\" \/>\n<script type=\"application\/ld+json\" class=\"yoast-schema-graph\">{\"@context\":\"https:\\\/\\\/schema.org\",\"@graph\":[{\"@type\":\"WebPage\",\"@id\":\"https:\\\/\\\/idecesos.com\\\/seguros\\\/companias\\\/ergo\\\/prima-mixta\\\/\",\"url\":\"https:\\\/\\\/idecesos.com\\\/seguros\\\/companias\\\/ergo\\\/prima-mixta\\\/\",\"name\":\"Seguro Decesos Ergo Prima Mixta \u25b7 Opiniones y Precio 2026\",\"isPartOf\":{\"@id\":\"https:\\\/\\\/idecesos.com\\\/seguros\\\/#website\"},\"datePublished\":\"2021-11-14T00:00:00+00:00\",\"dateModified\":\"2022-01-03T12:30:12+00:00\",\"description\":\"Click aqu\u00ed \u3010Seguro de Decesos Prima Mixta Ergo\u3011 Mejores precios Ergo seguro de fallecidos Prima Mixta \u2611\ufe0f Actualizado por iDecesos\u00ae\",\"breadcrumb\":{\"@id\":\"https:\\\/\\\/idecesos.com\\\/seguros\\\/companias\\\/ergo\\\/prima-mixta\\\/#breadcrumb\"},\"inLanguage\":\"es\",\"potentialAction\":[{\"@type\":\"ReadAction\",\"target\":[\"https:\\\/\\\/idecesos.com\\\/seguros\\\/companias\\\/ergo\\\/prima-mixta\\\/\"]}]},{\"@type\":\"BreadcrumbList\",\"@id\":\"https:\\\/\\\/idecesos.com\\\/seguros\\\/companias\\\/ergo\\\/prima-mixta\\\/#breadcrumb\",\"itemListElement\":[{\"@type\":\"ListItem\",\"position\":1,\"name\":\"Portada\",\"item\":\"https:\\\/\\\/idecesos.com\\\/seguros\\\/\"},{\"@type\":\"ListItem\",\"position\":2,\"name\":\"Compa\u00f1\u00edas de Seguros de Decesos en Espa\u00f1a\",\"item\":\"https:\\\/\\\/idecesos.com\\\/seguros\\\/companias\\\/\"},{\"@type\":\"ListItem\",\"position\":3,\"name\":\"Seguro de decesos Ergo\",\"item\":\"https:\\\/\\\/idecesos.com\\\/seguros\\\/companias\\\/ergo\\\/\"},{\"@type\":\"ListItem\",\"position\":4,\"name\":\"Seguro de decesos Ergo Prima Mixta\"}]},{\"@type\":\"WebSite\",\"@id\":\"https:\\\/\\\/idecesos.com\\\/seguros\\\/#website\",\"url\":\"https:\\\/\\\/idecesos.com\\\/seguros\\\/\",\"name\":\"\",\"description\":\"\",\"potentialAction\":[{\"@type\":\"SearchAction\",\"target\":{\"@type\":\"EntryPoint\",\"urlTemplate\":\"https:\\\/\\\/idecesos.com\\\/seguros\\\/?s={search_term_string}\"},\"query-input\":{\"@type\":\"PropertyValueSpecification\",\"valueRequired\":true,\"valueName\":\"search_term_string\"}}],\"inLanguage\":\"es\"}]}<\/script>\n<!-- \/ Yoast SEO plugin. -->","yoast_head_json":{"title":"Seguro Decesos Ergo Prima Mixta \u25b7 Opiniones y Precio 2026","description":"Click aqu\u00ed \u3010Seguro de Decesos Prima Mixta Ergo\u3011 Mejores precios Ergo seguro de fallecidos Prima Mixta \u2611\ufe0f Actualizado por iDecesos\u00ae","robots":{"index":"index","follow":"follow","max-snippet":"max-snippet:-1","max-image-preview":"max-image-preview:large","max-video-preview":"max-video-preview:-1"},"canonical":"https:\/\/idecesos.com\/seguros\/companias\/ergo\/prima-mixta\/","og_locale":"es_ES","og_type":"article","og_title":"Seguro Decesos Ergo Prima Mixta \u25b7 Opiniones y Precio 2026","og_description":"Click aqu\u00ed \u3010Seguro de Decesos Prima Mixta Ergo\u3011 Mejores precios Ergo seguro de fallecidos Prima Mixta \u2611\ufe0f Actualizado por iDecesos\u00ae","og_url":"https:\/\/idecesos.com\/seguros\/companias\/ergo\/prima-mixta\/","article_modified_time":"2022-01-03T12:30:12+00:00","twitter_card":"summary_large_image","twitter_misc":{"Tiempo de lectura":"54 minutos"},"schema":{"@context":"https:\/\/schema.org","@graph":[{"@type":"WebPage","@id":"https:\/\/idecesos.com\/seguros\/companias\/ergo\/prima-mixta\/","url":"https:\/\/idecesos.com\/seguros\/companias\/ergo\/prima-mixta\/","name":"Seguro Decesos Ergo Prima Mixta \u25b7 Opiniones y Precio 2026","isPartOf":{"@id":"https:\/\/idecesos.com\/seguros\/#website"},"datePublished":"2021-11-14T00:00:00+00:00","dateModified":"2022-01-03T12:30:12+00:00","description":"Click aqu\u00ed \u3010Seguro de Decesos Prima Mixta Ergo\u3011 Mejores precios Ergo seguro de fallecidos Prima Mixta \u2611\ufe0f Actualizado por iDecesos\u00ae","breadcrumb":{"@id":"https:\/\/idecesos.com\/seguros\/companias\/ergo\/prima-mixta\/#breadcrumb"},"inLanguage":"es","potentialAction":[{"@type":"ReadAction","target":["https:\/\/idecesos.com\/seguros\/companias\/ergo\/prima-mixta\/"]}]},{"@type":"BreadcrumbList","@id":"https:\/\/idecesos.com\/seguros\/companias\/ergo\/prima-mixta\/#breadcrumb","itemListElement":[{"@type":"ListItem","position":1,"name":"Portada","item":"https:\/\/idecesos.com\/seguros\/"},{"@type":"ListItem","position":2,"name":"Compa\u00f1\u00edas de Seguros de Decesos en Espa\u00f1a","item":"https:\/\/idecesos.com\/seguros\/companias\/"},{"@type":"ListItem","position":3,"name":"Seguro de decesos Ergo","item":"https:\/\/idecesos.com\/seguros\/companias\/ergo\/"},{"@type":"ListItem","position":4,"name":"Seguro de decesos Ergo Prima Mixta"}]},{"@type":"WebSite","@id":"https:\/\/idecesos.com\/seguros\/#website","url":"https:\/\/idecesos.com\/seguros\/","name":"","description":"","potentialAction":[{"@type":"SearchAction","target":{"@type":"EntryPoint","urlTemplate":"https:\/\/idecesos.com\/seguros\/?s={search_term_string}"},"query-input":{"@type":"PropertyValueSpecification","valueRequired":true,"valueName":"search_term_string"}}],"inLanguage":"es"}]}},"_links":{"self":[{"href":"https:\/\/idecesos.com\/seguros\/wp-json\/wp\/v2\/pages\/11589","targetHints":{"allow":["GET"]}}],"collection":[{"href":"https:\/\/idecesos.com\/seguros\/wp-json\/wp\/v2\/pages"}],"about":[{"href":"https:\/\/idecesos.com\/seguros\/wp-json\/wp\/v2\/types\/page"}],"author":[{"embeddable":true,"href":"https:\/\/idecesos.com\/seguros\/wp-json\/wp\/v2\/users\/3"}],"replies":[{"embeddable":true,"href":"https:\/\/idecesos.com\/seguros\/wp-json\/wp\/v2\/comments?post=11589"}],"version-history":[{"count":1,"href":"https:\/\/idecesos.com\/seguros\/wp-json\/wp\/v2\/pages\/11589\/revisions"}],"predecessor-version":[{"id":13090,"href":"https:\/\/idecesos.com\/seguros\/wp-json\/wp\/v2\/pages\/11589\/revisions\/13090"}],"up":[{"embeddable":true,"href":"https:\/\/idecesos.com\/seguros\/wp-json\/wp\/v2\/pages\/349"}],"wp:attachment":[{"href":"https:\/\/idecesos.com\/seguros\/wp-json\/wp\/v2\/media?parent=11589"}],"curies":[{"name":"wp","href":"https:\/\/api.w.org\/{rel}","templated":true}]}}