{"id":11600,"date":"2021-11-15T00:00:00","date_gmt":"2021-11-15T00:00:00","guid":{"rendered":"https:\/\/idecesos.com\/seguros\/?page_id=11600"},"modified":"2022-01-03T12:31:04","modified_gmt":"2022-01-03T12:31:04","slug":"prima-nivelada","status":"publish","type":"page","link":"https:\/\/idecesos.com\/seguros\/companias\/liberbank\/prima-nivelada\/","title":{"rendered":"Seguro de decesos Liberbank Prima Nivelada"},"content":{"rendered":"<div id=\"ez-toc-container\" class=\"ez-toc-v2_0_83 ez-toc-wrap-center counter-hierarchy ez-toc-counter ez-toc-custom ez-toc-container-direction\">\n<div class=\"ez-toc-title-container\">\n<p class=\"ez-toc-title\" style=\"cursor:inherit\">Tabla de Contenido<\/p>\n<span class=\"ez-toc-title-toggle\"><a href=\"#\" class=\"ez-toc-pull-right ez-toc-btn ez-toc-btn-xs ez-toc-btn-default ez-toc-toggle\" aria-label=\"Alternar tabla de contenidos\"><span class=\"ez-toc-js-icon-con\"><span class=\"\"><span class=\"eztoc-hide\" style=\"display:none;\">Toggle<\/span><span class=\"ez-toc-icon-toggle-span\"><svg style=\"fill: #db6415;color:#db6415\" xmlns=\"http:\/\/www.w3.org\/2000\/svg\" class=\"list-377408\" width=\"20px\" height=\"20px\" viewBox=\"0 0 24 24\" fill=\"none\"><path d=\"M6 6H4v2h2V6zm14 0H8v2h12V6zM4 11h2v2H4v-2zm16 0H8v2h12v-2zM4 16h2v2H4v-2zm16 0H8v2h12v-2z\" fill=\"currentColor\"><\/path><\/svg><svg style=\"fill: #db6415;color:#db6415\" class=\"arrow-unsorted-368013\" xmlns=\"http:\/\/www.w3.org\/2000\/svg\" width=\"10px\" height=\"10px\" viewBox=\"0 0 24 24\" version=\"1.2\" baseProfile=\"tiny\"><path d=\"M18.2 9.3l-6.2-6.3-6.2 6.3c-.2.2-.3.4-.3.7s.1.5.3.7c.2.2.4.3.7.3h11c.3 0 .5-.1.7-.3.2-.2.3-.5.3-.7s-.1-.5-.3-.7zM5.8 14.7l6.2 6.3 6.2-6.3c.2-.2.3-.5.3-.7s-.1-.5-.3-.7c-.2-.2-.4-.3-.7-.3h-11c-.3 0-.5.1-.7.3-.2.2-.3.5-.3.7s.1.5.3.7z\"\/><\/svg><\/span><\/span><\/span><\/a><\/span><\/div>\n<nav><ul class='ez-toc-list ez-toc-list-level-1 ' ><li class='ez-toc-page-1 ez-toc-heading-level-2'><a class=\"ez-toc-link ez-toc-heading-1\" href=\"https:\/\/idecesos.com\/seguros\/companias\/liberbank\/prima-nivelada\/#Coberturas_seguro_Prima_Nivelada_Liberbank\" >Coberturas seguro Prima Nivelada Liberbank<\/a><ul class='ez-toc-list-level-3' ><li class='ez-toc-heading-level-3'><a class=\"ez-toc-link ez-toc-heading-2\" href=\"https:\/\/idecesos.com\/seguros\/companias\/liberbank\/prima-nivelada\/#%C2%BFA_quien_va_dirigido_el_seguro_de_decesos_Prima_Nivelada_de_Liberbank\" >\u00bfA qui\u00e9n va dirigido el seguro de decesos Prima Nivelada de Liberbank?<\/a><\/li><\/ul><\/li><li class='ez-toc-page-1 ez-toc-heading-level-2'><a class=\"ez-toc-link ez-toc-heading-3\" href=\"https:\/\/idecesos.com\/seguros\/companias\/liberbank\/prima-nivelada\/#Precio_de_seguro_de_decesos_Prima_Nivelada_Liberbank\" >Precio de seguro de decesos Prima Nivelada Liberbank<\/a><\/li><li class='ez-toc-page-1 ez-toc-heading-level-2'><a class=\"ez-toc-link ez-toc-heading-4\" href=\"https:\/\/idecesos.com\/seguros\/companias\/liberbank\/prima-nivelada\/#Productos_Prima_Nivelada_Liberbank\" >Productos Prima Nivelada Liberbank<\/a><\/li><li class='ez-toc-page-1 ez-toc-heading-level-2'><a class=\"ez-toc-link ez-toc-heading-5\" href=\"https:\/\/idecesos.com\/seguros\/companias\/liberbank\/prima-nivelada\/#Opiniones_del_seguro_de_decesos_de_Prima_Nivelada_de_Liberbank\" >Opiniones del seguro de decesos de Prima Nivelada de Liberbank<\/a><\/li><\/ul><\/nav><\/div>\n\n<p>El seguro de decesos de prima nivelada de Liberbank es la p\u00f3liza que buscas ya que resulta incesante con lo que no var\u00eda pr\u00e1cticamente nada al vencimiento de la anualidad desde el inicio de la contrataci\u00f3n. En la diferencia que se halla de una prima natural, siendo de una edad m\u00e1s joven realizar\u00e1 un pago m\u00e1s elevado. Destaca en lo que se refiere a la mejor p\u00f3liza en tanto que si eres mayor, en el momento de realizar el abono va a ser m\u00e1s econ\u00f3mico que si eres joven. <\/p>\n<p>Leer m\u00e1s: <a href=\"https:\/\/idecesos.com\/seguros\/tipo\/nivelada\/\">Seguro de decesos Prima Nivelada<\/a><\/p>\n<div class=\"colorf \"  ><div class=\"container clearfix\"><div class=\"col-md-7\"><\/p>\n<h2><span class=\"ez-toc-section\" id=\"Coberturas_seguro_Prima_Nivelada_Liberbank\"><\/span>Coberturas seguro Prima Nivelada Liberbank<span class=\"ez-toc-section-end\"><\/span><\/h2>\n<p>Prima nivelada de Liberbank da unas coberturas de calidad para sus clientes, dando el mejor servicio y dedicaci\u00f3n en las funerarias. Dando altas esperanzas de sus garant\u00edas. Dar serenidad a tu familia entra parte de las gestiones esenciales como es el caso de realizar todas y cada una de las gestiones burocr\u00e1ticas llev\u00e1ndolo a un proceso legal ante los organismos p\u00fablicos. Lo servicios con mejor garantia es la que entra en todo el servicio funerario, ata\u00fad, tanatorio o bien caso de que deseen inhumaci\u00f3n o urna. Liberbank se ha abierto paso al mercado merced a sus renovaciones y grandes mejoras en las coberturas de prima nivelada, en las que incluyen entierro o bien cremaci\u00f3n. Conoce las coberturas que contemplan el seguro de decesos Liberbank, en tanto que es de gran importancia tomar en consideraci\u00f3n cuales son las que poseen antes de realizar la contrataci\u00f3n. Con iDecesos podr\u00e1s observar toda la informaci\u00f3n de una forma m\u00e1s detallada y ver las condiciones generales que disponen de prima nivelada. <\/p>\n<p><\/div><\/div><\/div>\n<h3><span class=\"ez-toc-section\" id=\"%C2%BFA_quien_va_dirigido_el_seguro_de_decesos_Prima_Nivelada_de_Liberbank\"><\/span>\u00bfA qui\u00e9n va dirigido el seguro de decesos Prima Nivelada de Liberbank?<span class=\"ez-toc-section-end\"><\/span><\/h3>\n<p>Una de las peculiaridades del seguro de prima nivelada de Liberbank es que va a dirigido a cualquier persona, para todas aquellas personas que est\u00e9n buscando una estabilidad financiera dentro del precio de mercado, asegurando que le den un servicio con unas garant\u00edas altas y muy especializado. <\/p>\n<div class=\"colorf \"  ><div class=\"container clearfix\"><div class=\"col-md-7\"><\/p>\n<h2><span class=\"ez-toc-section\" id=\"Precio_de_seguro_de_decesos_Prima_Nivelada_Liberbank\"><\/span>Precio de seguro de decesos Prima Nivelada Liberbank<span class=\"ez-toc-section-end\"><\/span><\/h2>\n<p>El precio en el que se encuentra ahora mismo el seguro de prima nivelada Liberbank es 5\u20ac mensualmente, tomando en cuenta siempre y en todo momento la edad del contratante en Liberbank, como la localidad. En Liberbank incluyen todos y cada uno de los descuentos libres dejando el coste de una forma considerablemente m\u00e1s accesible en el momento de realizar los pagos. Cuenta con diferentes vertientes a la hora de realizar los pagos, facilitando a los clientes de Liberbank del seguro de prima nivelada estas ventajas exclusivas. Con iDecesos conseguir\u00e1s obtener la tarifa m\u00e1s incre\u00edble entre los seguros de prima nivelada Liberbank de esta forma vas a conocer si era el m\u00e1s barato en las distintas compa\u00f1\u00edas de seguros, en menos de 1 minuto. <\/p>\n<p><\/div><\/div><\/div>\n<h2><span class=\"ez-toc-section\" id=\"Productos_Prima_Nivelada_Liberbank\"><\/span>Productos Prima Nivelada Liberbank<span class=\"ez-toc-section-end\"><\/span><\/h2>\n<div class=\"colorf\"><div class=\"container clearfix\"><div class=\"col-md-7\"><div class=\"opiniones\">\n<h2><span class=\"ez-toc-section\" id=\"Opiniones_del_seguro_de_decesos_de_Prima_Nivelada_de_Liberbank\"><\/span>Opiniones del seguro de decesos de Prima Nivelada de Liberbank<span class=\"ez-toc-section-end\"><\/span><\/h2>\n<p>iDecesos aparte de ser de los mejores expertos en comparador y ser especialistas en los seguros de defunci\u00f3n, las rese\u00f1as que provienen de prima nivelada de Liberbank son buen\u00edsimas. Este criterio se fundamenta en un an\u00e1lisis profundo cobertura a cobertura y haciendo un estudio de mercado con otras compa\u00f1\u00edas que ofertan prima nivelada. <\/p>\n<div class=\"opinion \"  >\n\t\t\t<div class=\"cabecera_opinion\">\n\t\t\t\t<div class=\"avatar\">H C <\/div>\n\t\t\t\t<div class=\"datos_opinion\">\n\t\t\t\t\t<div class=\"nombre_opinion\">Heriberto Carrera<\/div>\n\t\t\t\t\t<div class=\"info_opinion\">\t\t\t\t\t\t\n\t\t\t\t\t\t<div class=\"cuenta_opinion\"><i class=\"fas fa-pencil-alt\"><\/i><!--span class=\"dashicons dashicons-edit\" style=\"font-size:20px\"><\/span--><span>1 Opini\u00f3n<\/span><\/div>\t\t\t\t\t\t\n\t\t\t\t\t\t<div class=\"localizacion_opinion\">\n\t\t\t\t\t\t\t<i class=\"fas fa-map-marker-alt\"><\/i><!--span class=\"dashicons dashicons-location\" style=\"font-size:20px\"><\/span-->\n\t\t\t\t\t\t\t<span>ES<\/span>\n\t\t\t\t\t\t<\/div>\t\n\t\t\t\t\t<\/div>\n\t\t\t\t<\/div>\n\t\t\t<\/div><div class=\"texto_opinion\"><\/p>\n<p>Me informe anteriormente amigos o conocidos que tuviesen contratada la prima nivelada de Liberbank para asegurarme que tal funcionaba, me puse en contacto con ellos y qued\u00e9 encantada con el servicio que recib\u00ed. Uno de los mejores servicios de atenci\u00f3n que tienen es la asistencia telef\u00f3nica, que solucionan cualquier inconveniente inmediatamente, con lo que resulta m\u00e1s sencillo, dando tantas ventajas en ese momento tan doloroso. <\/p>\n<p><\/div><\/div>\n<div class=\"opinion \"  >\n\t\t\t<div class=\"cabecera_opinion\">\n\t\t\t\t<div class=\"avatar\">T R <\/div>\n\t\t\t\t<div class=\"datos_opinion\">\n\t\t\t\t\t<div class=\"nombre_opinion\">Tadeo Redondo<\/div>\n\t\t\t\t\t<div class=\"info_opinion\">\t\t\t\t\t\t\n\t\t\t\t\t\t<div class=\"cuenta_opinion\"><i class=\"fas fa-pencil-alt\"><\/i><!--span class=\"dashicons dashicons-edit\" style=\"font-size:20px\"><\/span--><span>1 Opini\u00f3n<\/span><\/div>\t\t\t\t\t\t\n\t\t\t\t\t\t<div class=\"localizacion_opinion\">\n\t\t\t\t\t\t\t<i class=\"fas fa-map-marker-alt\"><\/i><!--span class=\"dashicons dashicons-location\" style=\"font-size:20px\"><\/span-->\n\t\t\t\t\t\t\t<span>ES<\/span>\n\t\t\t\t\t\t<\/div>\t\n\t\t\t\t\t<\/div>\n\t\t\t\t<\/div>\n\t\t\t<\/div><div class=\"texto_opinion\"><\/p>\n<p>Un compa\u00f1ero de trabajo me charl\u00f3 de Liberbank por lo que en ese momento me sorprendi\u00f3 bastante por lo que bien que estaba con esa empresa aseguradora, me puse en contacto con ellos de inmediato, y un consultor se encarg\u00f3 de toda la tramitaci\u00f3n de manera inmediata, haciendo muy f\u00e1cil la contrataci\u00f3n de la p\u00f3liza de prima nivelada de Liberbank. <\/p>\n<p><\/div><\/div>\n<div class=\"opinion \"  >\n\t\t\t<div class=\"cabecera_opinion\">\n\t\t\t\t<div class=\"avatar\">S A <\/div>\n\t\t\t\t<div class=\"datos_opinion\">\n\t\t\t\t\t<div class=\"nombre_opinion\">Samuel Ayll\u00f3n<\/div>\n\t\t\t\t\t<div class=\"info_opinion\">\t\t\t\t\t\t\n\t\t\t\t\t\t<div class=\"cuenta_opinion\"><i class=\"fas fa-pencil-alt\"><\/i><!--span class=\"dashicons dashicons-edit\" style=\"font-size:20px\"><\/span--><span>1 Opini\u00f3n<\/span><\/div>\t\t\t\t\t\t\n\t\t\t\t\t\t<div class=\"localizacion_opinion\">\n\t\t\t\t\t\t\t<i class=\"fas fa-map-marker-alt\"><\/i><!--span class=\"dashicons dashicons-location\" style=\"font-size:20px\"><\/span-->\n\t\t\t\t\t\t\t<span>ES<\/span>\n\t\t\t\t\t\t<\/div>\t\n\t\t\t\t\t<\/div>\n\t\t\t\t<\/div>\n\t\t\t<\/div><div class=\"texto_opinion\"><\/p>\n<p>Liberbank en el instante que realice con ellos la p\u00f3liza de prima nivelada, la tarifa me pareci\u00f3 perfecta, no solo eso, sus trabajadores son inusuales, me trataron de manera que no tengo queja con ello, cuentan con unas coberturas muy atractivas, que desde un principio era lo que estaba buscando, gracias a Liberbank por el mejor el servicio. <\/p>\n<p><\/div><\/div>\n<\/div><\/div><\/div><\/div>\n<p><div class=\"oficinas\"><br \/>\n<h3>P\u00e1ginas relacionadas<\/h3><div class=\"enlazado\"><ul> <li><a href=\"https:\/\/idecesos.com\/seguros\/companias\/liberbank\/opiniones\/\">Opiniones Liberbank<\/a><\/li> <li><a href=\"https:\/\/idecesos.com\/seguros\/companias\/liberbank\/precio\/\">Precio seguro Liberbank<\/a><\/li> <li><a href=\"https:\/\/idecesos.com\/seguros\/companias\/liberbank\/prima-mixta\/\">Liberbank Prima Mixta<\/a><\/li> <li><a href=\"https:\/\/idecesos.com\/seguros\/companias\/liberbank\/prima-natural\/\">Liberbank Prima Natural<\/a><\/li> <li><a href=\"https:\/\/idecesos.com\/seguros\/companias\/liberbank\/prima-nivelada\/\">Liberbank Prima Nivelada<\/a><\/li> <li><a href=\"https:\/\/idecesos.com\/seguros\/companias\/liberbank\/prima-unica\/\">Liberbank Prima \u00danica<\/a><\/li> <li><a href=\"https:\/\/idecesos.com\/seguros\/companias\/liberbank\/repatriacion\/\">Liberbank Repatriaci\u00f3n<\/a><\/li> <li><a href=\"https:\/\/idecesos.com\/seguros\/companias\/liberbank\/telefono\/\">Tel\u00e9fono Gratuito Liberbank<\/a><\/li><\/ul><\/div><\/p>\n<\/div>\n","protected":false},"excerpt":{"rendered":"<p>El seguro de decesos de prima nivelada de Liberbank es la p\u00f3liza que buscas ya que resulta incesante con lo que no var\u00eda pr\u00e1cticamente nada al vencimiento de la anualidad desde el inicio de la contrataci\u00f3n. En la diferencia que se halla de una prima natural, siendo de una edad m\u00e1s joven realizar\u00e1 un pago&hellip; <\/p>\n","protected":false},"author":3,"featured_media":0,"parent":399,"menu_order":0,"comment_status":"closed","ping_status":"closed","template":"single.php","meta":{"footnotes":""},"class_list":["post-11600","page","type-page","status-publish","hentry"],"yoast_head":"<!-- This site is optimized with the Yoast SEO plugin v27.6 - https:\/\/yoast.com\/product\/yoast-seo-wordpress\/ -->\n<title>Seguro Decesos Liberbank Prima Nivelada \u25b7 Opiniones y Precio 2026<\/title>\n<meta name=\"description\" content=\"Click aqu\u00ed \u3010Seguro de Decesos Prima Nivelada Liberbank\u3011 Mejores precios Liberbank seguro de fallecidos Prima Nivelada \u2611\ufe0f Actualizado por iDecesos\u00ae\" \/>\n<meta name=\"robots\" content=\"index, follow, max-snippet:-1, max-image-preview:large, max-video-preview:-1\" \/>\n<link rel=\"canonical\" href=\"https:\/\/idecesos.com\/seguros\/companias\/liberbank\/prima-nivelada\/\" \/>\n<meta property=\"og:locale\" content=\"es_ES\" \/>\n<meta property=\"og:type\" content=\"article\" \/>\n<meta property=\"og:title\" content=\"Seguro Decesos Liberbank Prima Nivelada \u25b7 Opiniones y Precio 2026\" \/>\n<meta property=\"og:description\" content=\"Click aqu\u00ed \u3010Seguro de Decesos Prima Nivelada Liberbank\u3011 Mejores precios Liberbank seguro de fallecidos Prima Nivelada \u2611\ufe0f Actualizado por iDecesos\u00ae\" \/>\n<meta property=\"og:url\" content=\"https:\/\/idecesos.com\/seguros\/companias\/liberbank\/prima-nivelada\/\" \/>\n<meta property=\"article:modified_time\" content=\"2022-01-03T12:31:04+00:00\" \/>\n<meta name=\"twitter:card\" content=\"summary_large_image\" \/>\n<meta name=\"twitter:label1\" content=\"Tiempo de lectura\" \/>\n\t<meta name=\"twitter:data1\" content=\"57 minutos\" \/>\n<script type=\"application\/ld+json\" class=\"yoast-schema-graph\">{\"@context\":\"https:\\\/\\\/schema.org\",\"@graph\":[{\"@type\":\"WebPage\",\"@id\":\"https:\\\/\\\/idecesos.com\\\/seguros\\\/companias\\\/liberbank\\\/prima-nivelada\\\/\",\"url\":\"https:\\\/\\\/idecesos.com\\\/seguros\\\/companias\\\/liberbank\\\/prima-nivelada\\\/\",\"name\":\"Seguro Decesos Liberbank Prima Nivelada \u25b7 Opiniones y Precio 2026\",\"isPartOf\":{\"@id\":\"https:\\\/\\\/idecesos.com\\\/seguros\\\/#website\"},\"datePublished\":\"2021-11-15T00:00:00+00:00\",\"dateModified\":\"2022-01-03T12:31:04+00:00\",\"description\":\"Click aqu\u00ed \u3010Seguro de Decesos Prima Nivelada Liberbank\u3011 Mejores precios Liberbank seguro de fallecidos Prima Nivelada \u2611\ufe0f Actualizado por iDecesos\u00ae\",\"breadcrumb\":{\"@id\":\"https:\\\/\\\/idecesos.com\\\/seguros\\\/companias\\\/liberbank\\\/prima-nivelada\\\/#breadcrumb\"},\"inLanguage\":\"es\",\"potentialAction\":[{\"@type\":\"ReadAction\",\"target\":[\"https:\\\/\\\/idecesos.com\\\/seguros\\\/companias\\\/liberbank\\\/prima-nivelada\\\/\"]}]},{\"@type\":\"BreadcrumbList\",\"@id\":\"https:\\\/\\\/idecesos.com\\\/seguros\\\/companias\\\/liberbank\\\/prima-nivelada\\\/#breadcrumb\",\"itemListElement\":[{\"@type\":\"ListItem\",\"position\":1,\"name\":\"Portada\",\"item\":\"https:\\\/\\\/idecesos.com\\\/seguros\\\/\"},{\"@type\":\"ListItem\",\"position\":2,\"name\":\"Compa\u00f1\u00edas de Seguros de Decesos en Espa\u00f1a\",\"item\":\"https:\\\/\\\/idecesos.com\\\/seguros\\\/companias\\\/\"},{\"@type\":\"ListItem\",\"position\":3,\"name\":\"Seguro de decesos Liberbank\",\"item\":\"https:\\\/\\\/idecesos.com\\\/seguros\\\/companias\\\/liberbank\\\/\"},{\"@type\":\"ListItem\",\"position\":4,\"name\":\"Seguro de decesos Liberbank Prima Nivelada\"}]},{\"@type\":\"WebSite\",\"@id\":\"https:\\\/\\\/idecesos.com\\\/seguros\\\/#website\",\"url\":\"https:\\\/\\\/idecesos.com\\\/seguros\\\/\",\"name\":\"\",\"description\":\"\",\"potentialAction\":[{\"@type\":\"SearchAction\",\"target\":{\"@type\":\"EntryPoint\",\"urlTemplate\":\"https:\\\/\\\/idecesos.com\\\/seguros\\\/?s={search_term_string}\"},\"query-input\":{\"@type\":\"PropertyValueSpecification\",\"valueRequired\":true,\"valueName\":\"search_term_string\"}}],\"inLanguage\":\"es\"}]}<\/script>\n<!-- \/ Yoast SEO plugin. -->","yoast_head_json":{"title":"Seguro Decesos Liberbank Prima Nivelada \u25b7 Opiniones y Precio 2026","description":"Click aqu\u00ed \u3010Seguro de Decesos Prima Nivelada Liberbank\u3011 Mejores precios Liberbank seguro de fallecidos Prima Nivelada \u2611\ufe0f Actualizado por iDecesos\u00ae","robots":{"index":"index","follow":"follow","max-snippet":"max-snippet:-1","max-image-preview":"max-image-preview:large","max-video-preview":"max-video-preview:-1"},"canonical":"https:\/\/idecesos.com\/seguros\/companias\/liberbank\/prima-nivelada\/","og_locale":"es_ES","og_type":"article","og_title":"Seguro Decesos Liberbank Prima Nivelada \u25b7 Opiniones y Precio 2026","og_description":"Click aqu\u00ed \u3010Seguro de Decesos Prima Nivelada Liberbank\u3011 Mejores precios Liberbank seguro de fallecidos Prima Nivelada \u2611\ufe0f Actualizado por iDecesos\u00ae","og_url":"https:\/\/idecesos.com\/seguros\/companias\/liberbank\/prima-nivelada\/","article_modified_time":"2022-01-03T12:31:04+00:00","twitter_card":"summary_large_image","twitter_misc":{"Tiempo de lectura":"57 minutos"},"schema":{"@context":"https:\/\/schema.org","@graph":[{"@type":"WebPage","@id":"https:\/\/idecesos.com\/seguros\/companias\/liberbank\/prima-nivelada\/","url":"https:\/\/idecesos.com\/seguros\/companias\/liberbank\/prima-nivelada\/","name":"Seguro Decesos Liberbank Prima Nivelada \u25b7 Opiniones y Precio 2026","isPartOf":{"@id":"https:\/\/idecesos.com\/seguros\/#website"},"datePublished":"2021-11-15T00:00:00+00:00","dateModified":"2022-01-03T12:31:04+00:00","description":"Click aqu\u00ed \u3010Seguro de Decesos Prima Nivelada Liberbank\u3011 Mejores precios Liberbank seguro de fallecidos Prima Nivelada \u2611\ufe0f Actualizado por iDecesos\u00ae","breadcrumb":{"@id":"https:\/\/idecesos.com\/seguros\/companias\/liberbank\/prima-nivelada\/#breadcrumb"},"inLanguage":"es","potentialAction":[{"@type":"ReadAction","target":["https:\/\/idecesos.com\/seguros\/companias\/liberbank\/prima-nivelada\/"]}]},{"@type":"BreadcrumbList","@id":"https:\/\/idecesos.com\/seguros\/companias\/liberbank\/prima-nivelada\/#breadcrumb","itemListElement":[{"@type":"ListItem","position":1,"name":"Portada","item":"https:\/\/idecesos.com\/seguros\/"},{"@type":"ListItem","position":2,"name":"Compa\u00f1\u00edas de Seguros de Decesos en Espa\u00f1a","item":"https:\/\/idecesos.com\/seguros\/companias\/"},{"@type":"ListItem","position":3,"name":"Seguro de decesos Liberbank","item":"https:\/\/idecesos.com\/seguros\/companias\/liberbank\/"},{"@type":"ListItem","position":4,"name":"Seguro de decesos Liberbank Prima Nivelada"}]},{"@type":"WebSite","@id":"https:\/\/idecesos.com\/seguros\/#website","url":"https:\/\/idecesos.com\/seguros\/","name":"","description":"","potentialAction":[{"@type":"SearchAction","target":{"@type":"EntryPoint","urlTemplate":"https:\/\/idecesos.com\/seguros\/?s={search_term_string}"},"query-input":{"@type":"PropertyValueSpecification","valueRequired":true,"valueName":"search_term_string"}}],"inLanguage":"es"}]}},"_links":{"self":[{"href":"https:\/\/idecesos.com\/seguros\/wp-json\/wp\/v2\/pages\/11600","targetHints":{"allow":["GET"]}}],"collection":[{"href":"https:\/\/idecesos.com\/seguros\/wp-json\/wp\/v2\/pages"}],"about":[{"href":"https:\/\/idecesos.com\/seguros\/wp-json\/wp\/v2\/types\/page"}],"author":[{"embeddable":true,"href":"https:\/\/idecesos.com\/seguros\/wp-json\/wp\/v2\/users\/3"}],"replies":[{"embeddable":true,"href":"https:\/\/idecesos.com\/seguros\/wp-json\/wp\/v2\/comments?post=11600"}],"version-history":[{"count":1,"href":"https:\/\/idecesos.com\/seguros\/wp-json\/wp\/v2\/pages\/11600\/revisions"}],"predecessor-version":[{"id":13105,"href":"https:\/\/idecesos.com\/seguros\/wp-json\/wp\/v2\/pages\/11600\/revisions\/13105"}],"up":[{"embeddable":true,"href":"https:\/\/idecesos.com\/seguros\/wp-json\/wp\/v2\/pages\/399"}],"wp:attachment":[{"href":"https:\/\/idecesos.com\/seguros\/wp-json\/wp\/v2\/media?parent=11600"}],"curies":[{"name":"wp","href":"https:\/\/api.w.org\/{rel}","templated":true}]}}