{"id":11601,"date":"2021-11-15T00:00:00","date_gmt":"2021-11-15T00:00:00","guid":{"rendered":"https:\/\/idecesos.com\/seguros\/?page_id=11601"},"modified":"2022-01-03T12:31:04","modified_gmt":"2022-01-03T12:31:04","slug":"prima-nivelada","status":"publish","type":"page","link":"https:\/\/idecesos.com\/seguros\/companias\/liberty\/prima-nivelada\/","title":{"rendered":"Seguro de decesos Liberty Prima Nivelada"},"content":{"rendered":"<div id=\"ez-toc-container\" class=\"ez-toc-v2_0_82_2 ez-toc-wrap-center counter-hierarchy ez-toc-counter ez-toc-custom ez-toc-container-direction\">\n<div class=\"ez-toc-title-container\">\n<p class=\"ez-toc-title\" style=\"cursor:inherit\">Tabla de Contenido<\/p>\n<span class=\"ez-toc-title-toggle\"><a href=\"#\" class=\"ez-toc-pull-right ez-toc-btn ez-toc-btn-xs ez-toc-btn-default ez-toc-toggle\" aria-label=\"Alternar tabla de contenidos\"><span class=\"ez-toc-js-icon-con\"><span class=\"\"><span class=\"eztoc-hide\" style=\"display:none;\">Toggle<\/span><span class=\"ez-toc-icon-toggle-span\"><svg style=\"fill: #db6415;color:#db6415\" xmlns=\"http:\/\/www.w3.org\/2000\/svg\" class=\"list-377408\" width=\"20px\" height=\"20px\" viewBox=\"0 0 24 24\" fill=\"none\"><path d=\"M6 6H4v2h2V6zm14 0H8v2h12V6zM4 11h2v2H4v-2zm16 0H8v2h12v-2zM4 16h2v2H4v-2zm16 0H8v2h12v-2z\" fill=\"currentColor\"><\/path><\/svg><svg style=\"fill: #db6415;color:#db6415\" class=\"arrow-unsorted-368013\" xmlns=\"http:\/\/www.w3.org\/2000\/svg\" width=\"10px\" height=\"10px\" viewBox=\"0 0 24 24\" version=\"1.2\" baseProfile=\"tiny\"><path d=\"M18.2 9.3l-6.2-6.3-6.2 6.3c-.2.2-.3.4-.3.7s.1.5.3.7c.2.2.4.3.7.3h11c.3 0 .5-.1.7-.3.2-.2.3-.5.3-.7s-.1-.5-.3-.7zM5.8 14.7l6.2 6.3 6.2-6.3c.2-.2.3-.5.3-.7s-.1-.5-.3-.7c-.2-.2-.4-.3-.7-.3h-11c-.3 0-.5.1-.7.3-.2.2-.3.5-.3.7s.1.5.3.7z\"\/><\/svg><\/span><\/span><\/span><\/a><\/span><\/div>\n<nav><ul class='ez-toc-list ez-toc-list-level-1 ' ><li class='ez-toc-page-1 ez-toc-heading-level-2'><a class=\"ez-toc-link ez-toc-heading-1\" href=\"https:\/\/idecesos.com\/seguros\/companias\/liberty\/prima-nivelada\/#Coberturas_seguro_Prima_Nivelada_Liberty\" >Coberturas seguro Prima Nivelada Liberty<\/a><ul class='ez-toc-list-level-3' ><li class='ez-toc-heading-level-3'><a class=\"ez-toc-link ez-toc-heading-2\" href=\"https:\/\/idecesos.com\/seguros\/companias\/liberty\/prima-nivelada\/#%C2%BFA_quien_va_dirigido_el_seguro_de_decesos_Prima_Nivelada_de_Liberty\" >\u00bfA qui\u00e9n va dirigido el seguro de decesos Prima Nivelada de Liberty?<\/a><\/li><\/ul><\/li><li class='ez-toc-page-1 ez-toc-heading-level-2'><a class=\"ez-toc-link ez-toc-heading-3\" href=\"https:\/\/idecesos.com\/seguros\/companias\/liberty\/prima-nivelada\/#Precio_de_seguro_de_decesos_Prima_Nivelada_Liberty\" >Precio de seguro de decesos Prima Nivelada Liberty<\/a><\/li><li class='ez-toc-page-1 ez-toc-heading-level-2'><a class=\"ez-toc-link ez-toc-heading-4\" href=\"https:\/\/idecesos.com\/seguros\/companias\/liberty\/prima-nivelada\/#Productos_Prima_Nivelada_Liberty\" >Productos Prima Nivelada Liberty<\/a><\/li><li class='ez-toc-page-1 ez-toc-heading-level-2'><a class=\"ez-toc-link ez-toc-heading-5\" href=\"https:\/\/idecesos.com\/seguros\/companias\/liberty\/prima-nivelada\/#Opiniones_del_seguro_de_decesos_de_Prima_Nivelada_de_Liberty\" >Opiniones del seguro de decesos de Prima Nivelada de Liberty<\/a><ul class='ez-toc-list-level-3' ><li class='ez-toc-heading-level-3'><a class=\"ez-toc-link ez-toc-heading-6\" href=\"https:\/\/idecesos.com\/seguros\/companias\/liberty\/prima-nivelada\/#Paginas_relacionadas\" >P\u00e1ginas relacionadas<\/a><\/li><\/ul><\/li><\/ul><\/nav><\/div>\n\n<p>El seguro de decesos de prima nivelada Liberty se identifica por ser una tipolog\u00eda en la que el precio del seguro contin\u00faa incesante y se aplica a la suma asegurada el servicio f\u00fanebre que se ha contratado en el comienzo del seguro. En su cartera de clientes del servicio, el que m\u00e1s destaca de su cat\u00e1logo es la prima nivelada Liberty, aunque las personas m\u00e1s j\u00f3venes crees desembolsar m\u00e1s dinero del que es, con lo que ve un desarrollo en el pago demasiado elevado. En caso de siniestro de la p\u00f3liza de prima nivelada Liberty es muy f\u00e1cil pues sencillamente llamando al n\u00famero de asistencia familiar de Liberty y se hacen cargo absolutamente regular y gestionar todo los referido al deceso. <\/p>\n<p>Leer m\u00e1s: <a href=\"https:\/\/idecesos.com\/seguros\/tipo\/nivelada\/\">Seguro de decesos Prima Nivelada<\/a><\/p>\n<div class=\"colorf \"  ><div class=\"container clearfix\"><div class=\"col-md-7\"><\/p>\n<h2><span class=\"ez-toc-section\" id=\"Coberturas_seguro_Prima_Nivelada_Liberty\"><\/span>Coberturas seguro Prima Nivelada Liberty<span class=\"ez-toc-section-end\"><\/span><\/h2>\n<p>La prima nivelada Liberty es de lo mejor para dejar todo bajo control puesto que sus coberturas son adecuadas y de manera expresa explicadas. Las coberturas del seguro de prima nivelada Liberty vienen detalladas en el condicionado general, donde resaltan las del servicio f\u00fanebre que cubre los desplazamientos, inhumaci\u00f3n o bien incineraci\u00f3n, acondicionamiento del cada vez, tanatorio (sala de velatorio, personal, capilla), l\u00e1pida, ata\u00fad, servicio religioso, turismo de acompa\u00f1amiento, flores, recordatorios entre otros. Gestionar uno mismo las tramitaciones del fallecido no es cosa simple, ya que se debe tener un riguroso control de ello, y ejecutarlo de la manera m\u00e1s adecuada a fin de que ocurra ning\u00fan problema m\u00e1s adelante, gracias a la asegurada gestiona todo eso de forma veloz y f\u00e1cil, se encargaran de hacer toda la tramitaci\u00f3n burocr\u00e1tica. Para mayor claridad en las coberturas del seguro de prima nivelada de Liberty equipararlas en un minuto en iDecesos y veras de un solo vistazo los beneficios e inconvenientes con respecto a otras ofertas. <\/p>\n<p><\/div><\/div><\/div>\n<h3><span class=\"ez-toc-section\" id=\"%C2%BFA_quien_va_dirigido_el_seguro_de_decesos_Prima_Nivelada_de_Liberty\"><\/span>\u00bfA qui\u00e9n va dirigido el seguro de decesos Prima Nivelada de Liberty?<span class=\"ez-toc-section-end\"><\/span><\/h3>\n<p>\u00bfQue es el seguro de prima nivelada de Liberty ? Est\u00e1 desarrollada para ser asequible para personas de cualquier nivel de ingresos. El 90 por cien de las personas que adquieren esta clase de p\u00f3liza son mayores puesto que desean tener una cuota constante que no cambie con los a\u00f1os. Las creencias de los clientes del servicio en Liberty es esta modalidad en concreto es de las m\u00e1s valorada por ello que todos lo adquieren. <\/p>\n<div class=\"colorf \"  ><div class=\"container clearfix\"><div class=\"col-md-7\"><\/p>\n<h2><span class=\"ez-toc-section\" id=\"Precio_de_seguro_de_decesos_Prima_Nivelada_Liberty\"><\/span>Precio de seguro de decesos Prima Nivelada Liberty<span class=\"ez-toc-section-end\"><\/span><\/h2>\n<p>Liberty su precio del seguro de prima nivelada se encuentra en un rango que es de 5 euros forma mensuales, se va a tomar en cuenta la localidad del asegurado. En el mercado existen una infinidad de precios competitivos, pero dentro de Liberty que ponen a tu disposici\u00f3n el seguro de prima nivelada mucho m\u00e1s accesible contando con unas rebajas muy destacables en los seguros de decesos. Equipara los precios de prima nivelada de la compa\u00f1\u00eda Liberty con los costes de sus rivales directos y ahorra hasta un 60 por ciento . <\/p>\n<p><\/div><\/div><\/div>\n<h2><span class=\"ez-toc-section\" id=\"Productos_Prima_Nivelada_Liberty\"><\/span>Productos Prima Nivelada Liberty<span class=\"ez-toc-section-end\"><\/span><\/h2>\n<div class=\"colorf\"><div class=\"container clearfix\"><div class=\"col-md-7\"><div class=\"opiniones\">\n<h2><span class=\"ez-toc-section\" id=\"Opiniones_del_seguro_de_decesos_de_Prima_Nivelada_de_Liberty\"><\/span>Opiniones del seguro de decesos de Prima Nivelada de Liberty<span class=\"ez-toc-section-end\"><\/span><\/h2>\n<p>En Liberty que contiene el seguro de prima nivelada, en iDecesos ha destacado por tener de las mejores opiniones de esta compa\u00f1\u00eda. Este criterio se basa en un an\u00e1lisis profundo cobertura a cobertura y haciendo un estudio de mercado con otras compa\u00f1\u00edas que ofertan prima nivelada. <\/p>\n<div class=\"opinion \"  >\n\t\t\t<div class=\"cabecera_opinion\">\n\t\t\t\t<div class=\"avatar\">A T <\/div>\n\t\t\t\t<div class=\"datos_opinion\">\n\t\t\t\t\t<div class=\"nombre_opinion\">Amelia Trujillo<\/div>\n\t\t\t\t\t<div class=\"info_opinion\">\t\t\t\t\t\t\n\t\t\t\t\t\t<div class=\"cuenta_opinion\"><i class=\"fas fa-pencil-alt\"><\/i><!--span class=\"dashicons dashicons-edit\" style=\"font-size:20px\"><\/span--><span>1 Opini\u00f3n<\/span><\/div>\t\t\t\t\t\t\n\t\t\t\t\t\t<div class=\"localizacion_opinion\">\n\t\t\t\t\t\t\t<i class=\"fas fa-map-marker-alt\"><\/i><!--span class=\"dashicons dashicons-location\" style=\"font-size:20px\"><\/span-->\n\t\t\t\t\t\t\t<span>ES<\/span>\n\t\t\t\t\t\t<\/div>\t\n\t\t\t\t\t<\/div>\n\t\t\t\t<\/div>\n\t\t\t<\/div><div class=\"texto_opinion\"><\/p>\n<p>Me aconsejaron Liberty ya que estaba buscando el seguro de prima nivelada m\u00e1s econ\u00f3mico, realizando tambi\u00e9n una b\u00fasqueda muy pormenorizada di con iDecesos, honestamente para mi es una herramienta chapo ya que se encarga de decirte las diferentes tarifas que puede tener cada empresa aseguradora, por lo que me ayudo bastante y decid\u00ed contratar Liberty. <\/p>\n<p><\/div><\/div>\n<div class=\"opinion \"  >\n\t\t\t<div class=\"cabecera_opinion\">\n\t\t\t\t<div class=\"avatar\">R D Z <\/div>\n\t\t\t\t<div class=\"datos_opinion\">\n\t\t\t\t\t<div class=\"nombre_opinion\">Renato de Zabaleta<\/div>\n\t\t\t\t\t<div class=\"info_opinion\">\t\t\t\t\t\t\n\t\t\t\t\t\t<div class=\"cuenta_opinion\"><i class=\"fas fa-pencil-alt\"><\/i><!--span class=\"dashicons dashicons-edit\" style=\"font-size:20px\"><\/span--><span>1 Opini\u00f3n<\/span><\/div>\t\t\t\t\t\t\n\t\t\t\t\t\t<div class=\"localizacion_opinion\">\n\t\t\t\t\t\t\t<i class=\"fas fa-map-marker-alt\"><\/i><!--span class=\"dashicons dashicons-location\" style=\"font-size:20px\"><\/span-->\n\t\t\t\t\t\t\t<span>ES<\/span>\n\t\t\t\t\t\t<\/div>\t\n\t\t\t\t\t<\/div>\n\t\t\t\t<\/div>\n\t\t\t<\/div><div class=\"texto_opinion\"><\/p>\n<p>Ten\u00eda a este respecto m\u00faltiples dudas sobre las coberturas que ofrecen dentro de la p\u00f3liza, con lo que asist\u00ed a una de sus oficinas m\u00e1s cercanas, me atendieron profesionalmente, d\u00e1ndome calma y resolviendo indudablemente todas y cada una mis cuestiones. Disponen de diferentes soluciones para cualquier circunstancia que pueda ocurrir alg\u00fan g\u00e9nero de incidencia. <\/p>\n<p><\/div><\/div>\n<div class=\"opinion \"  >\n\t\t\t<div class=\"cabecera_opinion\">\n\t\t\t\t<div class=\"avatar\">B T <\/div>\n\t\t\t\t<div class=\"datos_opinion\">\n\t\t\t\t\t<div class=\"nombre_opinion\">Benita Torre<\/div>\n\t\t\t\t\t<div class=\"info_opinion\">\t\t\t\t\t\t\n\t\t\t\t\t\t<div class=\"cuenta_opinion\"><i class=\"fas fa-pencil-alt\"><\/i><!--span class=\"dashicons dashicons-edit\" style=\"font-size:20px\"><\/span--><span>1 Opini\u00f3n<\/span><\/div>\t\t\t\t\t\t\n\t\t\t\t\t\t<div class=\"localizacion_opinion\">\n\t\t\t\t\t\t\t<i class=\"fas fa-map-marker-alt\"><\/i><!--span class=\"dashicons dashicons-location\" style=\"font-size:20px\"><\/span-->\n\t\t\t\t\t\t\t<span>ES<\/span>\n\t\t\t\t\t\t<\/div>\t\n\t\t\t\t\t<\/div>\n\t\t\t\t<\/div>\n\t\t\t<\/div><div class=\"texto_opinion\"><\/p>\n<p>Me informe anteriormente amigos no bien conocidos que tuviesen contratada la prima nivelada de Liberty para asegurarme que tal funcionaba, me puse en contacto con ellos y qued\u00e9 encantada con el servicio que recib\u00ed. Uno de los mejores servicios de atenci\u00f3n que tienen es la asistencia telef\u00f3nica, que solventan cualquier inconveniente inmediatamente, por lo que resulta m\u00e1s f\u00e1cil, dando tantas ventajas en ese instante tan doloroso. <\/p>\n<p><\/div><\/div>\n<\/div><\/div><\/div><\/div>\n<p><div class=\"oficinas\"><br \/>\n<h3><span class=\"ez-toc-section\" id=\"Paginas_relacionadas\"><\/span>P\u00e1ginas relacionadas<span class=\"ez-toc-section-end\"><\/span><\/h3><div class=\"enlazado\"><ul> <li><a href=\"https:\/\/idecesos.com\/seguros\/companias\/liberty\/dental\/\">Liberty Dental<\/a><\/li> <li><a href=\"https:\/\/idecesos.com\/seguros\/companias\/liberty\/opiniones\/\">Opiniones Liberty<\/a><\/li> <li><a href=\"https:\/\/idecesos.com\/seguros\/companias\/liberty\/precio\/\">Precio seguro Liberty<\/a><\/li> <li><a href=\"https:\/\/idecesos.com\/seguros\/companias\/liberty\/prima-mixta\/\">Liberty Prima Mixta<\/a><\/li> <li><a href=\"https:\/\/idecesos.com\/seguros\/companias\/liberty\/prima-natural\/\">Liberty Prima Natural<\/a><\/li> <li><a href=\"https:\/\/idecesos.com\/seguros\/companias\/liberty\/prima-nivelada\/\">Liberty Prima Nivelada<\/a><\/li> <li><a href=\"https:\/\/idecesos.com\/seguros\/companias\/liberty\/prima-unica\/\">Liberty Prima \u00danica<\/a><\/li> <li><a href=\"https:\/\/idecesos.com\/seguros\/companias\/liberty\/repatriacion\/\">Liberty Repatriaci\u00f3n<\/a><\/li> <li><a href=\"https:\/\/idecesos.com\/seguros\/companias\/liberty\/telefono\/\">Tel\u00e9fono Gratuito Liberty<\/a><\/li><\/ul><\/div><\/p>\n<\/div>\n","protected":false},"excerpt":{"rendered":"<p>El seguro de decesos de prima nivelada Liberty se identifica por ser una tipolog\u00eda en la que el precio del seguro contin\u00faa incesante y se aplica a la suma asegurada el servicio f\u00fanebre que se ha contratado en el comienzo del seguro. En su cartera de clientes del servicio, el que m\u00e1s destaca de su&hellip; <\/p>\n","protected":false},"author":3,"featured_media":0,"parent":403,"menu_order":0,"comment_status":"closed","ping_status":"closed","template":"single.php","meta":{"footnotes":""},"class_list":["post-11601","page","type-page","status-publish","hentry"],"yoast_head":"<!-- This site is optimized with the Yoast SEO plugin v27.3 - https:\/\/yoast.com\/product\/yoast-seo-wordpress\/ -->\n<title>Seguro Decesos Liberty Prima Nivelada \u25b7 Opiniones y Precio 2026<\/title>\n<meta name=\"description\" content=\"Click aqu\u00ed \u3010Seguro de Decesos Prima Nivelada Liberty\u3011 Mejores precios Liberty seguro de fallecidos Prima Nivelada \u2611\ufe0f Actualizado por iDecesos\u00ae\" \/>\n<meta name=\"robots\" content=\"index, follow, max-snippet:-1, max-image-preview:large, max-video-preview:-1\" \/>\n<link rel=\"canonical\" href=\"https:\/\/idecesos.com\/seguros\/companias\/liberty\/prima-nivelada\/\" \/>\n<meta property=\"og:locale\" content=\"es_ES\" \/>\n<meta property=\"og:type\" content=\"article\" \/>\n<meta property=\"og:title\" content=\"Seguro Decesos Liberty Prima Nivelada \u25b7 Opiniones y Precio 2026\" \/>\n<meta property=\"og:description\" content=\"Click aqu\u00ed \u3010Seguro de Decesos Prima Nivelada Liberty\u3011 Mejores precios Liberty seguro de fallecidos Prima Nivelada \u2611\ufe0f Actualizado por iDecesos\u00ae\" \/>\n<meta property=\"og:url\" content=\"https:\/\/idecesos.com\/seguros\/companias\/liberty\/prima-nivelada\/\" \/>\n<meta property=\"article:modified_time\" content=\"2022-01-03T12:31:04+00:00\" \/>\n<meta name=\"twitter:card\" content=\"summary_large_image\" \/>\n<meta name=\"twitter:label1\" content=\"Tiempo de lectura\" \/>\n\t<meta name=\"twitter:data1\" content=\"57 minutos\" \/>\n<script type=\"application\/ld+json\" class=\"yoast-schema-graph\">{\"@context\":\"https:\\\/\\\/schema.org\",\"@graph\":[{\"@type\":\"WebPage\",\"@id\":\"https:\\\/\\\/idecesos.com\\\/seguros\\\/companias\\\/liberty\\\/prima-nivelada\\\/\",\"url\":\"https:\\\/\\\/idecesos.com\\\/seguros\\\/companias\\\/liberty\\\/prima-nivelada\\\/\",\"name\":\"Seguro Decesos Liberty Prima Nivelada \u25b7 Opiniones y Precio 2026\",\"isPartOf\":{\"@id\":\"https:\\\/\\\/idecesos.com\\\/seguros\\\/#website\"},\"datePublished\":\"2021-11-15T00:00:00+00:00\",\"dateModified\":\"2022-01-03T12:31:04+00:00\",\"description\":\"Click aqu\u00ed \u3010Seguro de Decesos Prima Nivelada Liberty\u3011 Mejores precios Liberty seguro de fallecidos Prima Nivelada \u2611\ufe0f Actualizado por iDecesos\u00ae\",\"breadcrumb\":{\"@id\":\"https:\\\/\\\/idecesos.com\\\/seguros\\\/companias\\\/liberty\\\/prima-nivelada\\\/#breadcrumb\"},\"inLanguage\":\"es\",\"potentialAction\":[{\"@type\":\"ReadAction\",\"target\":[\"https:\\\/\\\/idecesos.com\\\/seguros\\\/companias\\\/liberty\\\/prima-nivelada\\\/\"]}]},{\"@type\":\"BreadcrumbList\",\"@id\":\"https:\\\/\\\/idecesos.com\\\/seguros\\\/companias\\\/liberty\\\/prima-nivelada\\\/#breadcrumb\",\"itemListElement\":[{\"@type\":\"ListItem\",\"position\":1,\"name\":\"Portada\",\"item\":\"https:\\\/\\\/idecesos.com\\\/seguros\\\/\"},{\"@type\":\"ListItem\",\"position\":2,\"name\":\"Compa\u00f1\u00edas de Seguros de Decesos en Espa\u00f1a\",\"item\":\"https:\\\/\\\/idecesos.com\\\/seguros\\\/companias\\\/\"},{\"@type\":\"ListItem\",\"position\":3,\"name\":\"Seguro de decesos Liberty\",\"item\":\"https:\\\/\\\/idecesos.com\\\/seguros\\\/companias\\\/liberty\\\/\"},{\"@type\":\"ListItem\",\"position\":4,\"name\":\"Seguro de decesos Liberty Prima Nivelada\"}]},{\"@type\":\"WebSite\",\"@id\":\"https:\\\/\\\/idecesos.com\\\/seguros\\\/#website\",\"url\":\"https:\\\/\\\/idecesos.com\\\/seguros\\\/\",\"name\":\"\",\"description\":\"\",\"potentialAction\":[{\"@type\":\"SearchAction\",\"target\":{\"@type\":\"EntryPoint\",\"urlTemplate\":\"https:\\\/\\\/idecesos.com\\\/seguros\\\/?s={search_term_string}\"},\"query-input\":{\"@type\":\"PropertyValueSpecification\",\"valueRequired\":true,\"valueName\":\"search_term_string\"}}],\"inLanguage\":\"es\"}]}<\/script>\n<!-- \/ Yoast SEO plugin. -->","yoast_head_json":{"title":"Seguro Decesos Liberty Prima Nivelada \u25b7 Opiniones y Precio 2026","description":"Click aqu\u00ed \u3010Seguro de Decesos Prima Nivelada Liberty\u3011 Mejores precios Liberty seguro de fallecidos Prima Nivelada \u2611\ufe0f Actualizado por iDecesos\u00ae","robots":{"index":"index","follow":"follow","max-snippet":"max-snippet:-1","max-image-preview":"max-image-preview:large","max-video-preview":"max-video-preview:-1"},"canonical":"https:\/\/idecesos.com\/seguros\/companias\/liberty\/prima-nivelada\/","og_locale":"es_ES","og_type":"article","og_title":"Seguro Decesos Liberty Prima Nivelada \u25b7 Opiniones y Precio 2026","og_description":"Click aqu\u00ed \u3010Seguro de Decesos Prima Nivelada Liberty\u3011 Mejores precios Liberty seguro de fallecidos Prima Nivelada \u2611\ufe0f Actualizado por iDecesos\u00ae","og_url":"https:\/\/idecesos.com\/seguros\/companias\/liberty\/prima-nivelada\/","article_modified_time":"2022-01-03T12:31:04+00:00","twitter_card":"summary_large_image","twitter_misc":{"Tiempo de lectura":"57 minutos"},"schema":{"@context":"https:\/\/schema.org","@graph":[{"@type":"WebPage","@id":"https:\/\/idecesos.com\/seguros\/companias\/liberty\/prima-nivelada\/","url":"https:\/\/idecesos.com\/seguros\/companias\/liberty\/prima-nivelada\/","name":"Seguro Decesos Liberty Prima Nivelada \u25b7 Opiniones y Precio 2026","isPartOf":{"@id":"https:\/\/idecesos.com\/seguros\/#website"},"datePublished":"2021-11-15T00:00:00+00:00","dateModified":"2022-01-03T12:31:04+00:00","description":"Click aqu\u00ed \u3010Seguro de Decesos Prima Nivelada Liberty\u3011 Mejores precios Liberty seguro de fallecidos Prima Nivelada \u2611\ufe0f Actualizado por iDecesos\u00ae","breadcrumb":{"@id":"https:\/\/idecesos.com\/seguros\/companias\/liberty\/prima-nivelada\/#breadcrumb"},"inLanguage":"es","potentialAction":[{"@type":"ReadAction","target":["https:\/\/idecesos.com\/seguros\/companias\/liberty\/prima-nivelada\/"]}]},{"@type":"BreadcrumbList","@id":"https:\/\/idecesos.com\/seguros\/companias\/liberty\/prima-nivelada\/#breadcrumb","itemListElement":[{"@type":"ListItem","position":1,"name":"Portada","item":"https:\/\/idecesos.com\/seguros\/"},{"@type":"ListItem","position":2,"name":"Compa\u00f1\u00edas de Seguros de Decesos en Espa\u00f1a","item":"https:\/\/idecesos.com\/seguros\/companias\/"},{"@type":"ListItem","position":3,"name":"Seguro de decesos Liberty","item":"https:\/\/idecesos.com\/seguros\/companias\/liberty\/"},{"@type":"ListItem","position":4,"name":"Seguro de decesos Liberty Prima Nivelada"}]},{"@type":"WebSite","@id":"https:\/\/idecesos.com\/seguros\/#website","url":"https:\/\/idecesos.com\/seguros\/","name":"","description":"","potentialAction":[{"@type":"SearchAction","target":{"@type":"EntryPoint","urlTemplate":"https:\/\/idecesos.com\/seguros\/?s={search_term_string}"},"query-input":{"@type":"PropertyValueSpecification","valueRequired":true,"valueName":"search_term_string"}}],"inLanguage":"es"}]}},"_links":{"self":[{"href":"https:\/\/idecesos.com\/seguros\/wp-json\/wp\/v2\/pages\/11601","targetHints":{"allow":["GET"]}}],"collection":[{"href":"https:\/\/idecesos.com\/seguros\/wp-json\/wp\/v2\/pages"}],"about":[{"href":"https:\/\/idecesos.com\/seguros\/wp-json\/wp\/v2\/types\/page"}],"author":[{"embeddable":true,"href":"https:\/\/idecesos.com\/seguros\/wp-json\/wp\/v2\/users\/3"}],"replies":[{"embeddable":true,"href":"https:\/\/idecesos.com\/seguros\/wp-json\/wp\/v2\/comments?post=11601"}],"version-history":[{"count":1,"href":"https:\/\/idecesos.com\/seguros\/wp-json\/wp\/v2\/pages\/11601\/revisions"}],"predecessor-version":[{"id":13107,"href":"https:\/\/idecesos.com\/seguros\/wp-json\/wp\/v2\/pages\/11601\/revisions\/13107"}],"up":[{"embeddable":true,"href":"https:\/\/idecesos.com\/seguros\/wp-json\/wp\/v2\/pages\/403"}],"wp:attachment":[{"href":"https:\/\/idecesos.com\/seguros\/wp-json\/wp\/v2\/media?parent=11601"}],"curies":[{"name":"wp","href":"https:\/\/api.w.org\/{rel}","templated":true}]}}