{"id":11607,"date":"2021-11-15T00:00:00","date_gmt":"2021-11-15T00:00:00","guid":{"rendered":"https:\/\/idecesos.com\/seguros\/?page_id=11607"},"modified":"2022-01-03T12:31:04","modified_gmt":"2022-01-03T12:31:04","slug":"prima-natural","status":"publish","type":"page","link":"https:\/\/idecesos.com\/seguros\/companias\/liberty\/prima-natural\/","title":{"rendered":"Seguro de decesos Liberty Prima Natural"},"content":{"rendered":"<div id=\"ez-toc-container\" class=\"ez-toc-v2_0_83 ez-toc-wrap-center counter-hierarchy ez-toc-counter ez-toc-custom ez-toc-container-direction\">\n<div class=\"ez-toc-title-container\">\n<p class=\"ez-toc-title\" style=\"cursor:inherit\">Tabla de Contenido<\/p>\n<span class=\"ez-toc-title-toggle\"><a href=\"#\" class=\"ez-toc-pull-right ez-toc-btn ez-toc-btn-xs ez-toc-btn-default ez-toc-toggle\" aria-label=\"Alternar tabla de contenidos\"><span class=\"ez-toc-js-icon-con\"><span class=\"\"><span class=\"eztoc-hide\" style=\"display:none;\">Toggle<\/span><span class=\"ez-toc-icon-toggle-span\"><svg style=\"fill: #db6415;color:#db6415\" xmlns=\"http:\/\/www.w3.org\/2000\/svg\" class=\"list-377408\" width=\"20px\" height=\"20px\" viewBox=\"0 0 24 24\" fill=\"none\"><path d=\"M6 6H4v2h2V6zm14 0H8v2h12V6zM4 11h2v2H4v-2zm16 0H8v2h12v-2zM4 16h2v2H4v-2zm16 0H8v2h12v-2z\" fill=\"currentColor\"><\/path><\/svg><svg style=\"fill: #db6415;color:#db6415\" class=\"arrow-unsorted-368013\" xmlns=\"http:\/\/www.w3.org\/2000\/svg\" width=\"10px\" height=\"10px\" viewBox=\"0 0 24 24\" version=\"1.2\" baseProfile=\"tiny\"><path d=\"M18.2 9.3l-6.2-6.3-6.2 6.3c-.2.2-.3.4-.3.7s.1.5.3.7c.2.2.4.3.7.3h11c.3 0 .5-.1.7-.3.2-.2.3-.5.3-.7s-.1-.5-.3-.7zM5.8 14.7l6.2 6.3 6.2-6.3c.2-.2.3-.5.3-.7s-.1-.5-.3-.7c-.2-.2-.4-.3-.7-.3h-11c-.3 0-.5.1-.7.3-.2.2-.3.5-.3.7s.1.5.3.7z\"\/><\/svg><\/span><\/span><\/span><\/a><\/span><\/div>\n<nav><ul class='ez-toc-list ez-toc-list-level-1 ' ><li class='ez-toc-page-1 ez-toc-heading-level-2'><a class=\"ez-toc-link ez-toc-heading-1\" href=\"https:\/\/idecesos.com\/seguros\/companias\/liberty\/prima-natural\/#Coberturas_seguro_Prima_Natural_Liberty\" >Coberturas seguro Prima Natural Liberty<\/a><ul class='ez-toc-list-level-3' ><li class='ez-toc-heading-level-3'><a class=\"ez-toc-link ez-toc-heading-2\" href=\"https:\/\/idecesos.com\/seguros\/companias\/liberty\/prima-natural\/#%C2%BFA_quien_va_dirigido_el_seguro_de_decesos_Prima_Natural_de_Liberty\" >\u00bfA qui\u00e9n va dirigido el seguro de decesos Prima Natural de Liberty?<\/a><\/li><\/ul><\/li><li class='ez-toc-page-1 ez-toc-heading-level-2'><a class=\"ez-toc-link ez-toc-heading-3\" href=\"https:\/\/idecesos.com\/seguros\/companias\/liberty\/prima-natural\/#Precio_de_seguro_de_decesos_Prima_Natural_Liberty\" >Precio de seguro de decesos Prima Natural Liberty<\/a><\/li><li class='ez-toc-page-1 ez-toc-heading-level-2'><a class=\"ez-toc-link ez-toc-heading-4\" href=\"https:\/\/idecesos.com\/seguros\/companias\/liberty\/prima-natural\/#Productos_Prima_Natural_Liberty\" >Productos Prima Natural Liberty<\/a><\/li><li class='ez-toc-page-1 ez-toc-heading-level-2'><a class=\"ez-toc-link ez-toc-heading-5\" href=\"https:\/\/idecesos.com\/seguros\/companias\/liberty\/prima-natural\/#Opiniones_del_seguro_de_decesos_de_Prima_Natural_de_Liberty\" >Opiniones del seguro de decesos de Prima Natural de Liberty<\/a><\/li><\/ul><\/nav><\/div>\n\n<p>El seguro de prima natural de Liberty es el que examina su coste de forma anual renovable a medida que los asegurados van cumpliendo a\u00f1os y aumenta el precio muy ligeramente y conforme la suma asegurada del servicio mortuorio en de a\u00f1o en a\u00f1o. En Liberty la p\u00f3liza de prima natural resulta m\u00e1s barata cuando en edad seas joven, por lo que cuando vayas sumando a\u00f1os resulta menos rentable. Esta clase de p\u00f3liza de prima natural de empresa resulta financieramente rentable cuando se est\u00e1s un rango de edad joven, cuando se marcha envejeciendo ya no resultar\u00e1 barato. El contratar el seguro de decesos de prima natural de Liberty va enfocado para las todas las personas o familiares que contemplen asegurados j\u00f3venes por que desean tener esta p\u00f3liza por lo que les resultara m\u00e1s econ\u00f3mico. <\/p>\n<p>Leer m\u00e1s: <a href=\"https:\/\/idecesos.com\/seguros\/tipo\/natural\/\">Seguro de decesos Prima Natural<\/a><\/p>\n<div class=\"colorf \"  ><div class=\"container clearfix\"><div class=\"col-md-7\"><\/p>\n<h2><span class=\"ez-toc-section\" id=\"Coberturas_seguro_Prima_Natural_Liberty\"><\/span>Coberturas seguro Prima Natural Liberty<span class=\"ez-toc-section-end\"><\/span><\/h2>\n<p>Las coberturas del seguro de prima natural de Liberty son las m\u00e1s extensas del mercado cumpliendo con la misi\u00f3n fundamental de garantizar la administraci\u00f3n total y gastos de todos y cada uno de los servicios del sepelio, adem\u00e1s de otras coberturas y servicios a\u00f1adidos que le da un empleo a lo largo de la vida de la p\u00f3liza muy valorado por sus clientes del servicio. Esto es, ya no s\u00f3lo cubre el entierro, sino que va camino de ser un multirriesgo familiar y que se usen sus garant\u00edas por parte de los asegurados, as\u00ed aumentan la lealtad del cliente del servicio de Liberty. La cobertura de servicio funerario de Liberty en su seguro de prima natural entiende todos y cada uno de los servicios funerarios; desplazamientos del fallecido en todo el ciclo del sepelio, acondicionamiento del muerto ( dejan en perfectas condiciones f\u00edsicas para su presentaci\u00f3n en el velatorio), posibilidades asociadas (flores, esquela, turismo f\u00fanebre, ata\u00fad o bien urna), tanatorio (sala velorio, acto religioso), personal de asistencia familiar para el asesoramiento y adecuaci\u00f3n del entierro de conformidad con los gustos y costumbres locales y familiares. Una de las gestiones que tramites es el certificado m\u00e9dico de defunci\u00f3n, tambi\u00e9n la cobertura de entierro o bien incineraci\u00f3n, todo en las coberturas de entierro. Despu\u00e9s de todos y cada uno de los datos e informaci\u00f3n que te hemos proporcionado no te surgir\u00e1n ninguna pregunta al respecto del seguro de prima natural Liberty y lo que cubre. <\/p>\n<p><\/div><\/div><\/div>\n<h3><span class=\"ez-toc-section\" id=\"%C2%BFA_quien_va_dirigido_el_seguro_de_decesos_Prima_Natural_de_Liberty\"><\/span>\u00bfA qui\u00e9n va dirigido el seguro de decesos Prima Natural de Liberty?<span class=\"ez-toc-section-end\"><\/span><\/h3>\n<p>El seguro de prima natural Liberty es ideal para j\u00f3venes y que procuran un seguro de decesos que no sea caro y que le cubra sin inconvenientes el entierro en el momento del incidente. Una de los beneficios que se encuentra en el seguro de prima natural Liberty es por incremento de la prima todos los a\u00f1os. Por ende, el tomador de la p\u00f3liza de Liberty debe ser responsable de supervisar que la subida que viene anualmente no es desproporcionada y si es el en el caso de que si, llamar a iDecesos para que le cambie la modalidad de natural para contener esa subida. Destacada por una de las p\u00f3lizas m\u00e1s contratado por la gente joven el seguro de prima natural de Liberty. <\/p>\n<div class=\"colorf \"  ><div class=\"container clearfix\"><div class=\"col-md-7\"><\/p>\n<h2><span class=\"ez-toc-section\" id=\"Precio_de_seguro_de_decesos_Prima_Natural_Liberty\"><\/span>Precio de seguro de decesos Prima Natural Liberty<span class=\"ez-toc-section-end\"><\/span><\/h2>\n<p>El mejor precio de seguro de prima natural es 1,90 euros por mes, mas es un precio que hemos usado de referencia a una persona de poqu\u00edsima edad y que vive en una localidad que los gastos de sepelio son muy contenidos con respecto a otras localidades. Por eso, Liberty seguro de prima natural sale tan econ\u00f3mico, dicho esto y y\u00e9ndonos a ese extremo si tienes pocos a\u00f1os y lo que vas es tener un precio econ\u00f3mico la p\u00f3liza de prima natural de Liberty es el m\u00e1s conveniente a tus necesidades. <\/p>\n<p><\/div><\/div><\/div>\n<h2><span class=\"ez-toc-section\" id=\"Productos_Prima_Natural_Liberty\"><\/span>Productos Prima Natural Liberty<span class=\"ez-toc-section-end\"><\/span><\/h2>\n<div class=\"colorf\"><div class=\"container clearfix\"><div class=\"col-md-7\"><div class=\"opiniones\">\n<h2><span class=\"ez-toc-section\" id=\"Opiniones_del_seguro_de_decesos_de_Prima_Natural_de_Liberty\"><\/span>Opiniones del seguro de decesos de Prima Natural de Liberty<span class=\"ez-toc-section-end\"><\/span><\/h2>\n<div class=\"opinion \"  >\n\t\t\t<div class=\"cabecera_opinion\">\n\t\t\t\t<div class=\"avatar\">A F <\/div>\n\t\t\t\t<div class=\"datos_opinion\">\n\t\t\t\t\t<div class=\"nombre_opinion\">Agust\u00edn Feij\u00f3<\/div>\n\t\t\t\t\t<div class=\"info_opinion\">\t\t\t\t\t\t\n\t\t\t\t\t\t<div class=\"cuenta_opinion\"><i class=\"fas fa-pencil-alt\"><\/i><!--span class=\"dashicons dashicons-edit\" style=\"font-size:20px\"><\/span--><span>1 Opini\u00f3n<\/span><\/div>\t\t\t\t\t\t\n\t\t\t\t\t\t<div class=\"localizacion_opinion\">\n\t\t\t\t\t\t\t<i class=\"fas fa-map-marker-alt\"><\/i><!--span class=\"dashicons dashicons-location\" style=\"font-size:20px\"><\/span-->\n\t\t\t\t\t\t\t<span>ES<\/span>\n\t\t\t\t\t\t<\/div>\t\n\t\t\t\t\t<\/div>\n\t\t\t\t<\/div>\n\t\t\t<\/div><div class=\"texto_opinion\"><\/p>\n<p>Despu\u00e9s de efectuar las comparaciones con iDecesos me decant\u00e9 por el seguro de prima natural de Liberty adem\u00e1s de esto de sus coberturas, tiene un coste muy c\u00f3modo.<\/p>\n<p><\/div><\/div>\n<div class=\"opinion \"  >\n\t\t\t<div class=\"cabecera_opinion\">\n\t\t\t\t<div class=\"avatar\">L P <\/div>\n\t\t\t\t<div class=\"datos_opinion\">\n\t\t\t\t\t<div class=\"nombre_opinion\">Lorena Peinado<\/div>\n\t\t\t\t\t<div class=\"info_opinion\">\t\t\t\t\t\t\n\t\t\t\t\t\t<div class=\"cuenta_opinion\"><i class=\"fas fa-pencil-alt\"><\/i><!--span class=\"dashicons dashicons-edit\" style=\"font-size:20px\"><\/span--><span>1 Opini\u00f3n<\/span><\/div>\t\t\t\t\t\t\n\t\t\t\t\t\t<div class=\"localizacion_opinion\">\n\t\t\t\t\t\t\t<i class=\"fas fa-map-marker-alt\"><\/i><!--span class=\"dashicons dashicons-location\" style=\"font-size:20px\"><\/span-->\n\t\t\t\t\t\t\t<span>ES<\/span>\n\t\t\t\t\t\t<\/div>\t\n\t\t\t\t\t<\/div>\n\t\t\t\t<\/div>\n\t\t\t<\/div><div class=\"texto_opinion\"><\/p>\n<p>Yo estoy muy contenta ya que los pagos que realizo son de los m\u00e1s econ\u00f3micos, tengo asegurado a mis hijos con el seguro de prima natural de Liberty que cuentan con todos los servicios al completo. El pago que realizo es tan solo de 13 euros mensuales.<\/p>\n<p><\/div><\/div>\n<div class=\"opinion \"  >\n\t\t\t<div class=\"cabecera_opinion\">\n\t\t\t\t<div class=\"avatar\">C M <\/div>\n\t\t\t\t<div class=\"datos_opinion\">\n\t\t\t\t\t<div class=\"nombre_opinion\">Camilo Marqu\u00e9s<\/div>\n\t\t\t\t\t<div class=\"info_opinion\">\t\t\t\t\t\t\n\t\t\t\t\t\t<div class=\"cuenta_opinion\"><i class=\"fas fa-pencil-alt\"><\/i><!--span class=\"dashicons dashicons-edit\" style=\"font-size:20px\"><\/span--><span>1 Opini\u00f3n<\/span><\/div>\t\t\t\t\t\t\n\t\t\t\t\t\t<div class=\"localizacion_opinion\">\n\t\t\t\t\t\t\t<i class=\"fas fa-map-marker-alt\"><\/i><!--span class=\"dashicons dashicons-location\" style=\"font-size:20px\"><\/span-->\n\t\t\t\t\t\t\t<span>ES<\/span>\n\t\t\t\t\t\t<\/div>\t\n\t\t\t\t\t<\/div>\n\t\t\t\t<\/div>\n\t\t\t<\/div><div class=\"texto_opinion\"><\/p>\n<p>Estoy muy contenta con el trato que he recibido por parte de Liberty, con sinceridad sus coberturas est\u00e1n en un nivel muy alto por lo que considero que estoy con la mejor compa\u00f1\u00eda aseguradora del mercado, pero os recomiendo que si lo que busc\u00e1is es una cuota fija esta prima no va a ser la m\u00e1s adecuada, ya que Liberty cuanto con subidas anuales.<\/p>\n<p><\/div><\/div>\n<\/div><\/div><\/div><\/div>\n<p><div class=\"oficinas\"><br \/>\n<h3>P\u00e1ginas relacionadas<\/h3><div class=\"enlazado\"><ul> <li><a href=\"https:\/\/idecesos.com\/seguros\/companias\/liberty\/dental\/\">Liberty Dental<\/a><\/li> <li><a href=\"https:\/\/idecesos.com\/seguros\/companias\/liberty\/opiniones\/\">Opiniones Liberty<\/a><\/li> <li><a href=\"https:\/\/idecesos.com\/seguros\/companias\/liberty\/precio\/\">Precio seguro Liberty<\/a><\/li> <li><a href=\"https:\/\/idecesos.com\/seguros\/companias\/liberty\/prima-mixta\/\">Liberty Prima Mixta<\/a><\/li> <li><a href=\"https:\/\/idecesos.com\/seguros\/companias\/liberty\/prima-natural\/\">Liberty Prima Natural<\/a><\/li> <li><a href=\"https:\/\/idecesos.com\/seguros\/companias\/liberty\/prima-nivelada\/\">Liberty Prima Nivelada<\/a><\/li> <li><a href=\"https:\/\/idecesos.com\/seguros\/companias\/liberty\/prima-unica\/\">Liberty Prima \u00danica<\/a><\/li> <li><a href=\"https:\/\/idecesos.com\/seguros\/companias\/liberty\/repatriacion\/\">Liberty Repatriaci\u00f3n<\/a><\/li> <li><a href=\"https:\/\/idecesos.com\/seguros\/companias\/liberty\/telefono\/\">Tel\u00e9fono Gratuito Liberty<\/a><\/li><\/ul><\/div><\/p>\n<\/div>\n","protected":false},"excerpt":{"rendered":"<p>El seguro de prima natural de Liberty es el que examina su coste de forma anual renovable a medida que los asegurados van cumpliendo a\u00f1os y aumenta el precio muy ligeramente y conforme la suma asegurada del servicio mortuorio en de a\u00f1o en a\u00f1o. En Liberty la p\u00f3liza de prima natural resulta m\u00e1s barata cuando&hellip; <\/p>\n","protected":false},"author":3,"featured_media":0,"parent":403,"menu_order":0,"comment_status":"closed","ping_status":"closed","template":"single.php","meta":{"footnotes":""},"class_list":["post-11607","page","type-page","status-publish","hentry"],"yoast_head":"<!-- This site is optimized with the Yoast SEO plugin v27.5 - https:\/\/yoast.com\/product\/yoast-seo-wordpress\/ -->\n<title>Seguro Decesos Liberty Prima Natural \u25b7 Opiniones y Precio 2026<\/title>\n<meta name=\"description\" content=\"Click aqu\u00ed \u3010Seguro de Decesos Prima Natural Liberty\u3011 Mejores precios Liberty seguro de fallecidos Prima Natural \u2611\ufe0f Actualizado por iDecesos\u00ae\" \/>\n<meta name=\"robots\" content=\"index, follow, max-snippet:-1, max-image-preview:large, max-video-preview:-1\" \/>\n<link rel=\"canonical\" href=\"https:\/\/idecesos.com\/seguros\/companias\/liberty\/prima-natural\/\" \/>\n<meta property=\"og:locale\" content=\"es_ES\" \/>\n<meta property=\"og:type\" content=\"article\" \/>\n<meta property=\"og:title\" content=\"Seguro Decesos Liberty Prima Natural \u25b7 Opiniones y Precio 2026\" \/>\n<meta property=\"og:description\" content=\"Click aqu\u00ed \u3010Seguro de Decesos Prima Natural Liberty\u3011 Mejores precios Liberty seguro de fallecidos Prima Natural \u2611\ufe0f Actualizado por iDecesos\u00ae\" \/>\n<meta property=\"og:url\" content=\"https:\/\/idecesos.com\/seguros\/companias\/liberty\/prima-natural\/\" \/>\n<meta property=\"article:modified_time\" content=\"2022-01-03T12:31:04+00:00\" \/>\n<meta name=\"twitter:card\" content=\"summary_large_image\" \/>\n<meta name=\"twitter:label1\" content=\"Tiempo de lectura\" \/>\n\t<meta name=\"twitter:data1\" content=\"54 minutos\" \/>\n<script type=\"application\/ld+json\" class=\"yoast-schema-graph\">{\"@context\":\"https:\\\/\\\/schema.org\",\"@graph\":[{\"@type\":\"WebPage\",\"@id\":\"https:\\\/\\\/idecesos.com\\\/seguros\\\/companias\\\/liberty\\\/prima-natural\\\/\",\"url\":\"https:\\\/\\\/idecesos.com\\\/seguros\\\/companias\\\/liberty\\\/prima-natural\\\/\",\"name\":\"Seguro Decesos Liberty Prima Natural \u25b7 Opiniones y Precio 2026\",\"isPartOf\":{\"@id\":\"https:\\\/\\\/idecesos.com\\\/seguros\\\/#website\"},\"datePublished\":\"2021-11-15T00:00:00+00:00\",\"dateModified\":\"2022-01-03T12:31:04+00:00\",\"description\":\"Click aqu\u00ed \u3010Seguro de Decesos Prima Natural Liberty\u3011 Mejores precios Liberty seguro de fallecidos Prima Natural \u2611\ufe0f Actualizado por iDecesos\u00ae\",\"breadcrumb\":{\"@id\":\"https:\\\/\\\/idecesos.com\\\/seguros\\\/companias\\\/liberty\\\/prima-natural\\\/#breadcrumb\"},\"inLanguage\":\"es\",\"potentialAction\":[{\"@type\":\"ReadAction\",\"target\":[\"https:\\\/\\\/idecesos.com\\\/seguros\\\/companias\\\/liberty\\\/prima-natural\\\/\"]}]},{\"@type\":\"BreadcrumbList\",\"@id\":\"https:\\\/\\\/idecesos.com\\\/seguros\\\/companias\\\/liberty\\\/prima-natural\\\/#breadcrumb\",\"itemListElement\":[{\"@type\":\"ListItem\",\"position\":1,\"name\":\"Portada\",\"item\":\"https:\\\/\\\/idecesos.com\\\/seguros\\\/\"},{\"@type\":\"ListItem\",\"position\":2,\"name\":\"Compa\u00f1\u00edas de Seguros de Decesos en Espa\u00f1a\",\"item\":\"https:\\\/\\\/idecesos.com\\\/seguros\\\/companias\\\/\"},{\"@type\":\"ListItem\",\"position\":3,\"name\":\"Seguro de decesos Liberty\",\"item\":\"https:\\\/\\\/idecesos.com\\\/seguros\\\/companias\\\/liberty\\\/\"},{\"@type\":\"ListItem\",\"position\":4,\"name\":\"Seguro de decesos Liberty Prima Natural\"}]},{\"@type\":\"WebSite\",\"@id\":\"https:\\\/\\\/idecesos.com\\\/seguros\\\/#website\",\"url\":\"https:\\\/\\\/idecesos.com\\\/seguros\\\/\",\"name\":\"\",\"description\":\"\",\"potentialAction\":[{\"@type\":\"SearchAction\",\"target\":{\"@type\":\"EntryPoint\",\"urlTemplate\":\"https:\\\/\\\/idecesos.com\\\/seguros\\\/?s={search_term_string}\"},\"query-input\":{\"@type\":\"PropertyValueSpecification\",\"valueRequired\":true,\"valueName\":\"search_term_string\"}}],\"inLanguage\":\"es\"}]}<\/script>\n<!-- \/ Yoast SEO plugin. -->","yoast_head_json":{"title":"Seguro Decesos Liberty Prima Natural \u25b7 Opiniones y Precio 2026","description":"Click aqu\u00ed \u3010Seguro de Decesos Prima Natural Liberty\u3011 Mejores precios Liberty seguro de fallecidos Prima Natural \u2611\ufe0f Actualizado por iDecesos\u00ae","robots":{"index":"index","follow":"follow","max-snippet":"max-snippet:-1","max-image-preview":"max-image-preview:large","max-video-preview":"max-video-preview:-1"},"canonical":"https:\/\/idecesos.com\/seguros\/companias\/liberty\/prima-natural\/","og_locale":"es_ES","og_type":"article","og_title":"Seguro Decesos Liberty Prima Natural \u25b7 Opiniones y Precio 2026","og_description":"Click aqu\u00ed \u3010Seguro de Decesos Prima Natural Liberty\u3011 Mejores precios Liberty seguro de fallecidos Prima Natural \u2611\ufe0f Actualizado por iDecesos\u00ae","og_url":"https:\/\/idecesos.com\/seguros\/companias\/liberty\/prima-natural\/","article_modified_time":"2022-01-03T12:31:04+00:00","twitter_card":"summary_large_image","twitter_misc":{"Tiempo de lectura":"54 minutos"},"schema":{"@context":"https:\/\/schema.org","@graph":[{"@type":"WebPage","@id":"https:\/\/idecesos.com\/seguros\/companias\/liberty\/prima-natural\/","url":"https:\/\/idecesos.com\/seguros\/companias\/liberty\/prima-natural\/","name":"Seguro Decesos Liberty Prima Natural \u25b7 Opiniones y Precio 2026","isPartOf":{"@id":"https:\/\/idecesos.com\/seguros\/#website"},"datePublished":"2021-11-15T00:00:00+00:00","dateModified":"2022-01-03T12:31:04+00:00","description":"Click aqu\u00ed \u3010Seguro de Decesos Prima Natural Liberty\u3011 Mejores precios Liberty seguro de fallecidos Prima Natural \u2611\ufe0f Actualizado por iDecesos\u00ae","breadcrumb":{"@id":"https:\/\/idecesos.com\/seguros\/companias\/liberty\/prima-natural\/#breadcrumb"},"inLanguage":"es","potentialAction":[{"@type":"ReadAction","target":["https:\/\/idecesos.com\/seguros\/companias\/liberty\/prima-natural\/"]}]},{"@type":"BreadcrumbList","@id":"https:\/\/idecesos.com\/seguros\/companias\/liberty\/prima-natural\/#breadcrumb","itemListElement":[{"@type":"ListItem","position":1,"name":"Portada","item":"https:\/\/idecesos.com\/seguros\/"},{"@type":"ListItem","position":2,"name":"Compa\u00f1\u00edas de Seguros de Decesos en Espa\u00f1a","item":"https:\/\/idecesos.com\/seguros\/companias\/"},{"@type":"ListItem","position":3,"name":"Seguro de decesos Liberty","item":"https:\/\/idecesos.com\/seguros\/companias\/liberty\/"},{"@type":"ListItem","position":4,"name":"Seguro de decesos Liberty Prima Natural"}]},{"@type":"WebSite","@id":"https:\/\/idecesos.com\/seguros\/#website","url":"https:\/\/idecesos.com\/seguros\/","name":"","description":"","potentialAction":[{"@type":"SearchAction","target":{"@type":"EntryPoint","urlTemplate":"https:\/\/idecesos.com\/seguros\/?s={search_term_string}"},"query-input":{"@type":"PropertyValueSpecification","valueRequired":true,"valueName":"search_term_string"}}],"inLanguage":"es"}]}},"_links":{"self":[{"href":"https:\/\/idecesos.com\/seguros\/wp-json\/wp\/v2\/pages\/11607","targetHints":{"allow":["GET"]}}],"collection":[{"href":"https:\/\/idecesos.com\/seguros\/wp-json\/wp\/v2\/pages"}],"about":[{"href":"https:\/\/idecesos.com\/seguros\/wp-json\/wp\/v2\/types\/page"}],"author":[{"embeddable":true,"href":"https:\/\/idecesos.com\/seguros\/wp-json\/wp\/v2\/users\/3"}],"replies":[{"embeddable":true,"href":"https:\/\/idecesos.com\/seguros\/wp-json\/wp\/v2\/comments?post=11607"}],"version-history":[{"count":1,"href":"https:\/\/idecesos.com\/seguros\/wp-json\/wp\/v2\/pages\/11607\/revisions"}],"predecessor-version":[{"id":13114,"href":"https:\/\/idecesos.com\/seguros\/wp-json\/wp\/v2\/pages\/11607\/revisions\/13114"}],"up":[{"embeddable":true,"href":"https:\/\/idecesos.com\/seguros\/wp-json\/wp\/v2\/pages\/403"}],"wp:attachment":[{"href":"https:\/\/idecesos.com\/seguros\/wp-json\/wp\/v2\/media?parent=11607"}],"curies":[{"name":"wp","href":"https:\/\/api.w.org\/{rel}","templated":true}]}}