{"id":11613,"date":"2021-11-16T00:00:00","date_gmt":"2021-11-16T00:00:00","guid":{"rendered":"https:\/\/idecesos.com\/seguros\/?page_id=11613"},"modified":"2022-01-03T12:31:15","modified_gmt":"2022-01-03T12:31:15","slug":"repatriacion","status":"publish","type":"page","link":"https:\/\/idecesos.com\/seguros\/companias\/plus-ultra\/repatriacion\/","title":{"rendered":"Seguro de decesos Plus Ultra con repatriaci\u00f3n"},"content":{"rendered":"<div id=\"ez-toc-container\" class=\"ez-toc-v2_0_82_2 ez-toc-wrap-center counter-hierarchy ez-toc-counter ez-toc-custom ez-toc-container-direction\">\n<div class=\"ez-toc-title-container\">\n<p class=\"ez-toc-title\" style=\"cursor:inherit\">Tabla de Contenido<\/p>\n<span class=\"ez-toc-title-toggle\"><a href=\"#\" class=\"ez-toc-pull-right ez-toc-btn ez-toc-btn-xs ez-toc-btn-default ez-toc-toggle\" aria-label=\"Alternar tabla de contenidos\"><span class=\"ez-toc-js-icon-con\"><span class=\"\"><span class=\"eztoc-hide\" style=\"display:none;\">Toggle<\/span><span class=\"ez-toc-icon-toggle-span\"><svg style=\"fill: #db6415;color:#db6415\" xmlns=\"http:\/\/www.w3.org\/2000\/svg\" class=\"list-377408\" width=\"20px\" height=\"20px\" viewBox=\"0 0 24 24\" fill=\"none\"><path d=\"M6 6H4v2h2V6zm14 0H8v2h12V6zM4 11h2v2H4v-2zm16 0H8v2h12v-2zM4 16h2v2H4v-2zm16 0H8v2h12v-2z\" fill=\"currentColor\"><\/path><\/svg><svg style=\"fill: #db6415;color:#db6415\" class=\"arrow-unsorted-368013\" xmlns=\"http:\/\/www.w3.org\/2000\/svg\" width=\"10px\" height=\"10px\" viewBox=\"0 0 24 24\" version=\"1.2\" baseProfile=\"tiny\"><path d=\"M18.2 9.3l-6.2-6.3-6.2 6.3c-.2.2-.3.4-.3.7s.1.5.3.7c.2.2.4.3.7.3h11c.3 0 .5-.1.7-.3.2-.2.3-.5.3-.7s-.1-.5-.3-.7zM5.8 14.7l6.2 6.3 6.2-6.3c.2-.2.3-.5.3-.7s-.1-.5-.3-.7c-.2-.2-.4-.3-.7-.3h-11c-.3 0-.5.1-.7.3-.2.2-.3.5-.3.7s.1.5.3.7z\"\/><\/svg><\/span><\/span><\/span><\/a><\/span><\/div>\n<nav><ul class='ez-toc-list ez-toc-list-level-1 ' ><li class='ez-toc-page-1 ez-toc-heading-level-2'><a class=\"ez-toc-link ez-toc-heading-1\" href=\"https:\/\/idecesos.com\/seguros\/companias\/plus-ultra\/repatriacion\/#Coberturas_seguro_Plus_Ultra_con_repatriacion\" >Coberturas seguro Plus Ultra con repatriaci\u00f3n<\/a><ul class='ez-toc-list-level-3' ><li class='ez-toc-heading-level-3'><a class=\"ez-toc-link ez-toc-heading-2\" href=\"https:\/\/idecesos.com\/seguros\/companias\/plus-ultra\/repatriacion\/#%C2%BFA_quien_va_dirigido_el_seguro_de_decesos_con_repatriacion_de_Plus_Ultra\" >\u00bfA qui\u00e9n va dirigido el seguro de decesos con repatriaci\u00f3n de Plus Ultra?<\/a><\/li><\/ul><\/li><li class='ez-toc-page-1 ez-toc-heading-level-2'><a class=\"ez-toc-link ez-toc-heading-3\" href=\"https:\/\/idecesos.com\/seguros\/companias\/plus-ultra\/repatriacion\/#Precio_de_seguro_de_decesos_Plus_Ultra_con_repatriacion\" >Precio de seguro de decesos Plus Ultra con repatriaci\u00f3n<\/a><\/li><li class='ez-toc-page-1 ez-toc-heading-level-2'><a class=\"ez-toc-link ez-toc-heading-4\" href=\"https:\/\/idecesos.com\/seguros\/companias\/plus-ultra\/repatriacion\/#Productos_Repatriacion_Plus_Ultra\" >Productos Repatriaci\u00f3n Plus Ultra<\/a><\/li><li class='ez-toc-page-1 ez-toc-heading-level-2'><a class=\"ez-toc-link ez-toc-heading-5\" href=\"https:\/\/idecesos.com\/seguros\/companias\/plus-ultra\/repatriacion\/#Opiniones_del_seguro_de_decesos_de_Repatriacion_de_Plus_Ultra\" >Opiniones del seguro de decesos de Repatriaci\u00f3n de Plus Ultra<\/a><ul class='ez-toc-list-level-3' ><li class='ez-toc-heading-level-3'><a class=\"ez-toc-link ez-toc-heading-6\" href=\"https:\/\/idecesos.com\/seguros\/companias\/plus-ultra\/repatriacion\/#Paginas_relacionadas\" >P\u00e1ginas relacionadas<\/a><\/li><\/ul><\/li><\/ul><\/nav><\/div>\n\n<p>El seguro de repatriaci\u00f3n Plus Ultra, adem\u00e1s de las coberturas b\u00e1sicas y las adicionales cuenta con esta cobertura. Se puede destacar que en estos \u00faltimos a\u00f1os bastantes personas han decidido dejar su lugar donde originalmente viven, para radicar dentro de Espa\u00f1a. Con lo que es uno de los grandes pa\u00edses en acoger extranjeros como es el caso de Marruecos con una cifra de 711792. Debes considerar adelantarte a lo que pueda pasar, para dar a tu familia una serenidad completa. Eludiendo sorpresas como caso de que no puedan hacer frente a un gasto de una forma tan repentina. Este seguro incluye el seguro a los extranjeros, donde le aseguran una prestaci\u00f3n de repatriaci\u00f3n, en un proceso r\u00e1pido en la medida de lo posible. <\/p>\n<p>Leer m\u00e1s: <a href=\"https:\/\/idecesos.com\/seguros\/tipo\/extranjeros-repatriacion\/\">Seguro de decesos con repatriaci\u00f3n<\/a><\/p>\n<div class=\"colorf \"  ><div class=\"container clearfix\"><div class=\"col-md-7\"><\/p>\n<h2><span class=\"ez-toc-section\" id=\"Coberturas_seguro_Plus_Ultra_con_repatriacion\"><\/span>Coberturas seguro Plus Ultra con repatriaci\u00f3n<span class=\"ez-toc-section-end\"><\/span><\/h2>\n<p>Coberturas seguro de repatriaci\u00f3n de Plus Ultra \u00bfQuien podr\u00e1 beneficiarse de estas coberturas? Son todas y cada una de las personas que se encuentren en cualquier pa\u00eds del mundo, en las coberturas como la administraci\u00f3n de los tr\u00e1mites, servicio funerario, libre elecci\u00f3n del cementerio o bien incineraci\u00f3n, asistencia en viaje, cobertura de los gastos en diferentes categor\u00edas, todas estas coberturas est\u00e1n en el contrato, donde lo tendr\u00e1s de forma mucho m\u00e1s detallado. <\/p>\n<p><\/div><\/div><\/div>\n<h3><span class=\"ez-toc-section\" id=\"%C2%BFA_quien_va_dirigido_el_seguro_de_decesos_con_repatriacion_de_Plus_Ultra\"><\/span>\u00bfA qui\u00e9n va dirigido el seguro de decesos con repatriaci\u00f3n de Plus Ultra?<span class=\"ez-toc-section-end\"><\/span><\/h3>\n<p>En m\u00e1s de una ocasi\u00f3n te habr\u00e1s preguntado qu\u00e9 ocurre si mueres en cualquier una parte del planeta, puesto que te aseguramos que merced a sus coberturas van a quedar todo cubierto, d\u00e1ndote la cobertura de llevar tu cuerpo al pa\u00eds de origen. Todo eso va incluido en el seguro de decesos de repatriaci\u00f3n de Plus Ultra. Un dato esencial que debes de valorar es la garant\u00eda que dan en la cobertura, de todos los gastos cubiertos del servicio mortuorio en la localidad donde resida el fallecido. Todo ello lo contempla en el contrato de la p\u00f3liza del seguro. <\/p>\n<div class=\"colorf \"  ><div class=\"container clearfix\"><div class=\"col-md-7\"><\/p>\n<h2><span class=\"ez-toc-section\" id=\"Precio_de_seguro_de_decesos_Plus_Ultra_con_repatriacion\"><\/span>Precio de seguro de decesos Plus Ultra con repatriaci\u00f3n<span class=\"ez-toc-section-end\"><\/span><\/h2>\n<p>Pocas p\u00f3lizas son alcanzables su precio se estima es desde 3,60\u20ac. En los costes m\u00e1s atractivos de seguro de decesos de repatriaci\u00f3n de la Plus Ultra. A lo largo del proceso se valorar\u00e1 todas y cada una de las coberturas que vayan en la p\u00f3liza o bien de la prima que se haya elegido. <\/p>\n<p><\/div><\/div><\/div>\n<h2><span class=\"ez-toc-section\" id=\"Productos_Repatriacion_Plus_Ultra\"><\/span>Productos Repatriaci\u00f3n Plus Ultra<span class=\"ez-toc-section-end\"><\/span><\/h2>\n<div class=\"colorf\"><div class=\"container clearfix\"><div class=\"col-md-7\"><div class=\"opiniones\">\n<h2><span class=\"ez-toc-section\" id=\"Opiniones_del_seguro_de_decesos_de_Repatriacion_de_Plus_Ultra\"><\/span>Opiniones del seguro de decesos de Repatriaci\u00f3n de Plus Ultra<span class=\"ez-toc-section-end\"><\/span><\/h2>\n<p>&nbsp;<\/p>\n<div class=\"opinion \"  >\n\t\t\t<div class=\"cabecera_opinion\">\n\t\t\t\t<div class=\"avatar\">O P <\/div>\n\t\t\t\t<div class=\"datos_opinion\">\n\t\t\t\t\t<div class=\"nombre_opinion\">Obdulia Pinilla<\/div>\n\t\t\t\t\t<div class=\"info_opinion\">\t\t\t\t\t\t\n\t\t\t\t\t\t<div class=\"cuenta_opinion\"><i class=\"fas fa-pencil-alt\"><\/i><!--span class=\"dashicons dashicons-edit\" style=\"font-size:20px\"><\/span--><span>1 Opini\u00f3n<\/span><\/div>\t\t\t\t\t\t\n\t\t\t\t\t\t<div class=\"localizacion_opinion\">\n\t\t\t\t\t\t\t<i class=\"fas fa-map-marker-alt\"><\/i><!--span class=\"dashicons dashicons-location\" style=\"font-size:20px\"><\/span-->\n\t\t\t\t\t\t\t<span>ES<\/span>\n\t\t\t\t\t\t<\/div>\t\n\t\t\t\t\t<\/div>\n\t\t\t\t<\/div>\n\t\t\t<\/div><div class=\"texto_opinion\"><\/p>\n<p>Por mi condici\u00f3n laboral me vi forzado a efectuar esta p\u00f3liza, por el hecho de asegurar la tranquilidad a mi familia como seres queridos, no tuve ning\u00fan inconveniente en el momento de la contrataci\u00f3n la persona que me atendieron fueron lo m\u00e1s profesional posible, y era especialista en el \u00e1mbito con lo que me dejo claro todo en el momento. Adem\u00e1s de esto las coberturas se adaptan a la perfecci\u00f3n a mis necesidades, adem\u00e1s de que contaba con ciertas complementarias.<\/p>\n<p><\/div><\/div>\n<div class=\"opinion \"  >\n\t\t\t<div class=\"cabecera_opinion\">\n\t\t\t\t<div class=\"avatar\">L H <\/div>\n\t\t\t\t<div class=\"datos_opinion\">\n\t\t\t\t\t<div class=\"nombre_opinion\">Luciano Higueras<\/div>\n\t\t\t\t\t<div class=\"info_opinion\">\t\t\t\t\t\t\n\t\t\t\t\t\t<div class=\"cuenta_opinion\"><i class=\"fas fa-pencil-alt\"><\/i><!--span class=\"dashicons dashicons-edit\" style=\"font-size:20px\"><\/span--><span>1 Opini\u00f3n<\/span><\/div>\t\t\t\t\t\t\n\t\t\t\t\t\t<div class=\"localizacion_opinion\">\n\t\t\t\t\t\t\t<i class=\"fas fa-map-marker-alt\"><\/i><!--span class=\"dashicons dashicons-location\" style=\"font-size:20px\"><\/span-->\n\t\t\t\t\t\t\t<span>ES<\/span>\n\t\t\t\t\t\t<\/div>\t\n\t\t\t\t\t<\/div>\n\t\t\t\t<\/div>\n\t\t\t<\/div><div class=\"texto_opinion\"><\/p>\n<p>Precisamente mis tres hijos viajar por tema laboral por lo que decidimos contratar la p\u00f3liza de repatriaci\u00f3n de Plus Ultra en tanto que contaba con todas y cada una de las coberturas al completo, dentro de las cl\u00e1usulas vienen m\u00e1s detallada, nos efectuaron un presupuesto muy alcanzable, aparte de que me lo hab\u00edan recomendado m\u00faltiples amigas, tras informarme y contemplar diferentes opciones, me qued\u00e9 con Plus Ultra y de lo que llevo con ellos, no he tenido ninguna incidencia.<\/p>\n<p><\/div><\/div>\n<div class=\"opinion \"  >\n\t\t\t<div class=\"cabecera_opinion\">\n\t\t\t\t<div class=\"avatar\">S N <\/div>\n\t\t\t\t<div class=\"datos_opinion\">\n\t\t\t\t\t<div class=\"nombre_opinion\">Sancho Navarro<\/div>\n\t\t\t\t\t<div class=\"info_opinion\">\t\t\t\t\t\t\n\t\t\t\t\t\t<div class=\"cuenta_opinion\"><i class=\"fas fa-pencil-alt\"><\/i><!--span class=\"dashicons dashicons-edit\" style=\"font-size:20px\"><\/span--><span>1 Opini\u00f3n<\/span><\/div>\t\t\t\t\t\t\n\t\t\t\t\t\t<div class=\"localizacion_opinion\">\n\t\t\t\t\t\t\t<i class=\"fas fa-map-marker-alt\"><\/i><!--span class=\"dashicons dashicons-location\" style=\"font-size:20px\"><\/span-->\n\t\t\t\t\t\t\t<span>ES<\/span>\n\t\t\t\t\t\t<\/div>\t\n\t\t\t\t\t<\/div>\n\t\t\t\t<\/div>\n\t\t\t<\/div><div class=\"texto_opinion\"><\/p>\n<p>LLevo m\u00e1s 7 a\u00f1os, por lo que desde mi experiencia Plus Ultra da las mejores ventajas as\u00ed como adaptabilidad de sus tarifas, quedando asegurado en todo instante y  se hacen cargo de la gesti\u00f3n de cualquier tramitaci\u00f3n, Plus Ultra me ha brindado un servicio inmaculado en el instante que lo necesite.<\/p>\n<p><\/div><\/div>\n<\/div><\/div><\/div><\/div>\n<p><div class=\"oficinas\"><br \/>\n<h3><span class=\"ez-toc-section\" id=\"Paginas_relacionadas\"><\/span>P\u00e1ginas relacionadas<span class=\"ez-toc-section-end\"><\/span><\/h3><div class=\"enlazado\"><ul> <li><a href=\"https:\/\/idecesos.com\/seguros\/companias\/plus-ultra\/opiniones\/\">Opiniones Plus Ultra<\/a><\/li> <li><a href=\"https:\/\/idecesos.com\/seguros\/companias\/plus-ultra\/precio\/\">Precio seguro Plus Ultra<\/a><\/li> <li><a href=\"https:\/\/idecesos.com\/seguros\/companias\/plus-ultra\/prima-mixta\/\">Plus Ultra Prima Mixta<\/a><\/li> <li><a href=\"https:\/\/idecesos.com\/seguros\/companias\/plus-ultra\/prima-natural\/\">Plus Ultra Prima Natural<\/a><\/li> <li><a href=\"https:\/\/idecesos.com\/seguros\/companias\/plus-ultra\/prima-nivelada\/\">Plus Ultra Prima Nivelada<\/a><\/li> <li><a href=\"https:\/\/idecesos.com\/seguros\/companias\/plus-ultra\/prima-unica\/\">Plus Ultra Prima \u00danica<\/a><\/li> <li><a href=\"https:\/\/idecesos.com\/seguros\/companias\/plus-ultra\/repatriacion\/\">Plus Ultra Repatriaci\u00f3n<\/a><\/li> <li><a href=\"https:\/\/idecesos.com\/seguros\/companias\/plus-ultra\/telefono\/\">Tel\u00e9fono Gratuito Plus Ultra<\/a><\/li><\/ul><\/div><\/p>\n<\/div>\n","protected":false},"excerpt":{"rendered":"<p>El seguro de repatriaci\u00f3n Plus Ultra, adem\u00e1s de las coberturas b\u00e1sicas y las adicionales cuenta con esta cobertura. Se puede destacar que en estos \u00faltimos a\u00f1os bastantes personas han decidido dejar su lugar donde originalmente viven, para radicar dentro de Espa\u00f1a. Con lo que es uno de los grandes pa\u00edses en acoger extranjeros como es&hellip; <\/p>\n","protected":false},"author":3,"featured_media":0,"parent":445,"menu_order":0,"comment_status":"closed","ping_status":"closed","template":"single.php","meta":{"footnotes":""},"class_list":["post-11613","page","type-page","status-publish","hentry"],"yoast_head":"<!-- This site is optimized with the Yoast SEO plugin v27.3 - https:\/\/yoast.com\/product\/yoast-seo-wordpress\/ -->\n<title>Seguro Decesos Plus Ultra Repatriaci\u00f3n \u25b7 Opiniones y Precio 2026<\/title>\n<meta name=\"description\" content=\"Click aqu\u00ed \u3010Seguro de Decesos con repatriaci\u00f3n Plus Ultra\u3011 Mejores precios Plus Ultra seguro de fallecidos con repatriaci\u00f3n \u2611\ufe0f Actualizado por iDecesos\u00ae\" \/>\n<meta name=\"robots\" content=\"index, follow, max-snippet:-1, max-image-preview:large, max-video-preview:-1\" \/>\n<link rel=\"canonical\" href=\"https:\/\/idecesos.com\/seguros\/companias\/plus-ultra\/repatriacion\/\" \/>\n<meta property=\"og:locale\" content=\"es_ES\" \/>\n<meta property=\"og:type\" content=\"article\" \/>\n<meta property=\"og:title\" content=\"Seguro Decesos Plus Ultra Repatriaci\u00f3n \u25b7 Opiniones y Precio 2026\" \/>\n<meta property=\"og:description\" content=\"Click aqu\u00ed \u3010Seguro de Decesos con repatriaci\u00f3n Plus Ultra\u3011 Mejores precios Plus Ultra seguro de fallecidos con repatriaci\u00f3n \u2611\ufe0f Actualizado por iDecesos\u00ae\" \/>\n<meta property=\"og:url\" content=\"https:\/\/idecesos.com\/seguros\/companias\/plus-ultra\/repatriacion\/\" \/>\n<meta property=\"article:modified_time\" content=\"2022-01-03T12:31:15+00:00\" \/>\n<meta name=\"twitter:card\" content=\"summary_large_image\" \/>\n<meta name=\"twitter:label1\" content=\"Tiempo de lectura\" \/>\n\t<meta name=\"twitter:data1\" content=\"56 minutos\" \/>\n<script type=\"application\/ld+json\" class=\"yoast-schema-graph\">{\"@context\":\"https:\\\/\\\/schema.org\",\"@graph\":[{\"@type\":\"WebPage\",\"@id\":\"https:\\\/\\\/idecesos.com\\\/seguros\\\/companias\\\/plus-ultra\\\/repatriacion\\\/\",\"url\":\"https:\\\/\\\/idecesos.com\\\/seguros\\\/companias\\\/plus-ultra\\\/repatriacion\\\/\",\"name\":\"Seguro Decesos Plus Ultra Repatriaci\u00f3n \u25b7 Opiniones y Precio 2026\",\"isPartOf\":{\"@id\":\"https:\\\/\\\/idecesos.com\\\/seguros\\\/#website\"},\"datePublished\":\"2021-11-16T00:00:00+00:00\",\"dateModified\":\"2022-01-03T12:31:15+00:00\",\"description\":\"Click aqu\u00ed \u3010Seguro de Decesos con repatriaci\u00f3n Plus Ultra\u3011 Mejores precios Plus Ultra seguro de fallecidos con repatriaci\u00f3n \u2611\ufe0f Actualizado por iDecesos\u00ae\",\"breadcrumb\":{\"@id\":\"https:\\\/\\\/idecesos.com\\\/seguros\\\/companias\\\/plus-ultra\\\/repatriacion\\\/#breadcrumb\"},\"inLanguage\":\"es\",\"potentialAction\":[{\"@type\":\"ReadAction\",\"target\":[\"https:\\\/\\\/idecesos.com\\\/seguros\\\/companias\\\/plus-ultra\\\/repatriacion\\\/\"]}]},{\"@type\":\"BreadcrumbList\",\"@id\":\"https:\\\/\\\/idecesos.com\\\/seguros\\\/companias\\\/plus-ultra\\\/repatriacion\\\/#breadcrumb\",\"itemListElement\":[{\"@type\":\"ListItem\",\"position\":1,\"name\":\"Portada\",\"item\":\"https:\\\/\\\/idecesos.com\\\/seguros\\\/\"},{\"@type\":\"ListItem\",\"position\":2,\"name\":\"Compa\u00f1\u00edas de Seguros de Decesos en Espa\u00f1a\",\"item\":\"https:\\\/\\\/idecesos.com\\\/seguros\\\/companias\\\/\"},{\"@type\":\"ListItem\",\"position\":3,\"name\":\"Seguro de decesos Plus Ultra\",\"item\":\"https:\\\/\\\/idecesos.com\\\/seguros\\\/companias\\\/plus-ultra\\\/\"},{\"@type\":\"ListItem\",\"position\":4,\"name\":\"Seguro de decesos Plus Ultra con repatriaci\u00f3n\"}]},{\"@type\":\"WebSite\",\"@id\":\"https:\\\/\\\/idecesos.com\\\/seguros\\\/#website\",\"url\":\"https:\\\/\\\/idecesos.com\\\/seguros\\\/\",\"name\":\"\",\"description\":\"\",\"potentialAction\":[{\"@type\":\"SearchAction\",\"target\":{\"@type\":\"EntryPoint\",\"urlTemplate\":\"https:\\\/\\\/idecesos.com\\\/seguros\\\/?s={search_term_string}\"},\"query-input\":{\"@type\":\"PropertyValueSpecification\",\"valueRequired\":true,\"valueName\":\"search_term_string\"}}],\"inLanguage\":\"es\"}]}<\/script>\n<!-- \/ Yoast SEO plugin. -->","yoast_head_json":{"title":"Seguro Decesos Plus Ultra Repatriaci\u00f3n \u25b7 Opiniones y Precio 2026","description":"Click aqu\u00ed \u3010Seguro de Decesos con repatriaci\u00f3n Plus Ultra\u3011 Mejores precios Plus Ultra seguro de fallecidos con repatriaci\u00f3n \u2611\ufe0f Actualizado por iDecesos\u00ae","robots":{"index":"index","follow":"follow","max-snippet":"max-snippet:-1","max-image-preview":"max-image-preview:large","max-video-preview":"max-video-preview:-1"},"canonical":"https:\/\/idecesos.com\/seguros\/companias\/plus-ultra\/repatriacion\/","og_locale":"es_ES","og_type":"article","og_title":"Seguro Decesos Plus Ultra Repatriaci\u00f3n \u25b7 Opiniones y Precio 2026","og_description":"Click aqu\u00ed \u3010Seguro de Decesos con repatriaci\u00f3n Plus Ultra\u3011 Mejores precios Plus Ultra seguro de fallecidos con repatriaci\u00f3n \u2611\ufe0f Actualizado por iDecesos\u00ae","og_url":"https:\/\/idecesos.com\/seguros\/companias\/plus-ultra\/repatriacion\/","article_modified_time":"2022-01-03T12:31:15+00:00","twitter_card":"summary_large_image","twitter_misc":{"Tiempo de lectura":"56 minutos"},"schema":{"@context":"https:\/\/schema.org","@graph":[{"@type":"WebPage","@id":"https:\/\/idecesos.com\/seguros\/companias\/plus-ultra\/repatriacion\/","url":"https:\/\/idecesos.com\/seguros\/companias\/plus-ultra\/repatriacion\/","name":"Seguro Decesos Plus Ultra Repatriaci\u00f3n \u25b7 Opiniones y Precio 2026","isPartOf":{"@id":"https:\/\/idecesos.com\/seguros\/#website"},"datePublished":"2021-11-16T00:00:00+00:00","dateModified":"2022-01-03T12:31:15+00:00","description":"Click aqu\u00ed \u3010Seguro de Decesos con repatriaci\u00f3n Plus Ultra\u3011 Mejores precios Plus Ultra seguro de fallecidos con repatriaci\u00f3n \u2611\ufe0f Actualizado por iDecesos\u00ae","breadcrumb":{"@id":"https:\/\/idecesos.com\/seguros\/companias\/plus-ultra\/repatriacion\/#breadcrumb"},"inLanguage":"es","potentialAction":[{"@type":"ReadAction","target":["https:\/\/idecesos.com\/seguros\/companias\/plus-ultra\/repatriacion\/"]}]},{"@type":"BreadcrumbList","@id":"https:\/\/idecesos.com\/seguros\/companias\/plus-ultra\/repatriacion\/#breadcrumb","itemListElement":[{"@type":"ListItem","position":1,"name":"Portada","item":"https:\/\/idecesos.com\/seguros\/"},{"@type":"ListItem","position":2,"name":"Compa\u00f1\u00edas de Seguros de Decesos en Espa\u00f1a","item":"https:\/\/idecesos.com\/seguros\/companias\/"},{"@type":"ListItem","position":3,"name":"Seguro de decesos Plus Ultra","item":"https:\/\/idecesos.com\/seguros\/companias\/plus-ultra\/"},{"@type":"ListItem","position":4,"name":"Seguro de decesos Plus Ultra con repatriaci\u00f3n"}]},{"@type":"WebSite","@id":"https:\/\/idecesos.com\/seguros\/#website","url":"https:\/\/idecesos.com\/seguros\/","name":"","description":"","potentialAction":[{"@type":"SearchAction","target":{"@type":"EntryPoint","urlTemplate":"https:\/\/idecesos.com\/seguros\/?s={search_term_string}"},"query-input":{"@type":"PropertyValueSpecification","valueRequired":true,"valueName":"search_term_string"}}],"inLanguage":"es"}]}},"_links":{"self":[{"href":"https:\/\/idecesos.com\/seguros\/wp-json\/wp\/v2\/pages\/11613","targetHints":{"allow":["GET"]}}],"collection":[{"href":"https:\/\/idecesos.com\/seguros\/wp-json\/wp\/v2\/pages"}],"about":[{"href":"https:\/\/idecesos.com\/seguros\/wp-json\/wp\/v2\/types\/page"}],"author":[{"embeddable":true,"href":"https:\/\/idecesos.com\/seguros\/wp-json\/wp\/v2\/users\/3"}],"replies":[{"embeddable":true,"href":"https:\/\/idecesos.com\/seguros\/wp-json\/wp\/v2\/comments?post=11613"}],"version-history":[{"count":1,"href":"https:\/\/idecesos.com\/seguros\/wp-json\/wp\/v2\/pages\/11613\/revisions"}],"predecessor-version":[{"id":13126,"href":"https:\/\/idecesos.com\/seguros\/wp-json\/wp\/v2\/pages\/11613\/revisions\/13126"}],"up":[{"embeddable":true,"href":"https:\/\/idecesos.com\/seguros\/wp-json\/wp\/v2\/pages\/445"}],"wp:attachment":[{"href":"https:\/\/idecesos.com\/seguros\/wp-json\/wp\/v2\/media?parent=11613"}],"curies":[{"name":"wp","href":"https:\/\/api.w.org\/{rel}","templated":true}]}}