{"id":11617,"date":"2021-11-16T00:00:00","date_gmt":"2021-11-16T00:00:00","guid":{"rendered":"https:\/\/idecesos.com\/seguros\/?page_id=11617"},"modified":"2022-01-03T12:31:15","modified_gmt":"2022-01-03T12:31:15","slug":"prima-nivelada","status":"publish","type":"page","link":"https:\/\/idecesos.com\/seguros\/companias\/plus-ultra\/prima-nivelada\/","title":{"rendered":"Seguro de decesos Plus Ultra Prima Nivelada"},"content":{"rendered":"<div id=\"ez-toc-container\" class=\"ez-toc-v2_0_82_2 ez-toc-wrap-center counter-hierarchy ez-toc-counter ez-toc-custom ez-toc-container-direction\">\n<div class=\"ez-toc-title-container\">\n<p class=\"ez-toc-title\" style=\"cursor:inherit\">Tabla de Contenido<\/p>\n<span class=\"ez-toc-title-toggle\"><a href=\"#\" class=\"ez-toc-pull-right ez-toc-btn ez-toc-btn-xs ez-toc-btn-default ez-toc-toggle\" aria-label=\"Alternar tabla de contenidos\"><span class=\"ez-toc-js-icon-con\"><span class=\"\"><span class=\"eztoc-hide\" style=\"display:none;\">Toggle<\/span><span class=\"ez-toc-icon-toggle-span\"><svg style=\"fill: #db6415;color:#db6415\" xmlns=\"http:\/\/www.w3.org\/2000\/svg\" class=\"list-377408\" width=\"20px\" height=\"20px\" viewBox=\"0 0 24 24\" fill=\"none\"><path d=\"M6 6H4v2h2V6zm14 0H8v2h12V6zM4 11h2v2H4v-2zm16 0H8v2h12v-2zM4 16h2v2H4v-2zm16 0H8v2h12v-2z\" fill=\"currentColor\"><\/path><\/svg><svg style=\"fill: #db6415;color:#db6415\" class=\"arrow-unsorted-368013\" xmlns=\"http:\/\/www.w3.org\/2000\/svg\" width=\"10px\" height=\"10px\" viewBox=\"0 0 24 24\" version=\"1.2\" baseProfile=\"tiny\"><path d=\"M18.2 9.3l-6.2-6.3-6.2 6.3c-.2.2-.3.4-.3.7s.1.5.3.7c.2.2.4.3.7.3h11c.3 0 .5-.1.7-.3.2-.2.3-.5.3-.7s-.1-.5-.3-.7zM5.8 14.7l6.2 6.3 6.2-6.3c.2-.2.3-.5.3-.7s-.1-.5-.3-.7c-.2-.2-.4-.3-.7-.3h-11c-.3 0-.5.1-.7.3-.2.2-.3.5-.3.7s.1.5.3.7z\"\/><\/svg><\/span><\/span><\/span><\/a><\/span><\/div>\n<nav><ul class='ez-toc-list ez-toc-list-level-1 ' ><li class='ez-toc-page-1 ez-toc-heading-level-2'><a class=\"ez-toc-link ez-toc-heading-1\" href=\"https:\/\/idecesos.com\/seguros\/companias\/plus-ultra\/prima-nivelada\/#Coberturas_seguro_Prima_Nivelada_Plus_Ultra\" >Coberturas seguro Prima Nivelada Plus Ultra<\/a><ul class='ez-toc-list-level-3' ><li class='ez-toc-heading-level-3'><a class=\"ez-toc-link ez-toc-heading-2\" href=\"https:\/\/idecesos.com\/seguros\/companias\/plus-ultra\/prima-nivelada\/#%C2%BFA_quien_va_dirigido_el_seguro_de_decesos_Prima_Nivelada_de_Plus_Ultra\" >\u00bfA qui\u00e9n va dirigido el seguro de decesos Prima Nivelada de Plus Ultra?<\/a><\/li><\/ul><\/li><li class='ez-toc-page-1 ez-toc-heading-level-2'><a class=\"ez-toc-link ez-toc-heading-3\" href=\"https:\/\/idecesos.com\/seguros\/companias\/plus-ultra\/prima-nivelada\/#Precio_de_seguro_de_decesos_Prima_Nivelada_Plus_Ultra\" >Precio de seguro de decesos Prima Nivelada Plus Ultra<\/a><\/li><li class='ez-toc-page-1 ez-toc-heading-level-2'><a class=\"ez-toc-link ez-toc-heading-4\" href=\"https:\/\/idecesos.com\/seguros\/companias\/plus-ultra\/prima-nivelada\/#Productos_Prima_Nivelada_Plus_Ultra\" >Productos Prima Nivelada Plus Ultra<\/a><\/li><li class='ez-toc-page-1 ez-toc-heading-level-2'><a class=\"ez-toc-link ez-toc-heading-5\" href=\"https:\/\/idecesos.com\/seguros\/companias\/plus-ultra\/prima-nivelada\/#Opiniones_del_seguro_de_decesos_de_Prima_Nivelada_de_Plus_Ultra\" >Opiniones del seguro de decesos de Prima Nivelada de Plus Ultra<\/a><ul class='ez-toc-list-level-3' ><li class='ez-toc-heading-level-3'><a class=\"ez-toc-link ez-toc-heading-6\" href=\"https:\/\/idecesos.com\/seguros\/companias\/plus-ultra\/prima-nivelada\/#Paginas_relacionadas\" >P\u00e1ginas relacionadas<\/a><\/li><\/ul><\/li><\/ul><\/nav><\/div>\n\n<p>En el instante que se quiera lograr una p\u00f3liza de manera estable y que sea de forma permanente durante los a\u00f1os, el seguro de prima nivelada Plus Ultra cuenta con esas ventajas. Ya que no quiere que var\u00ede durante los a\u00f1os. El seguro de prima nivelada Plus Ultra agregar\u00e1 una modalidad que es como la edad que determine, en el caso de meter m\u00e1s gastos de los servicios funerarios. <\/p>\n<p>Leer m\u00e1s: <a href=\"https:\/\/idecesos.com\/seguros\/tipo\/nivelada\/\">Seguro de decesos Prima Nivelada<\/a><\/p>\n<div class=\"colorf \"  ><div class=\"container clearfix\"><div class=\"col-md-7\"><\/p>\n<h2><span class=\"ez-toc-section\" id=\"Coberturas_seguro_Prima_Nivelada_Plus_Ultra\"><\/span>Coberturas seguro Prima Nivelada Plus Ultra<span class=\"ez-toc-section-end\"><\/span><\/h2>\n<p>Todas las coberturas de la prima nivelada de Plus Ultra son enfocadas para darle un servicio funerario digno a sus asegurados y adem\u00e1s de esto para ofrecerles unas garant\u00edas altamenente \u00fatiles que podr\u00e1n utilizar durante toda la vigencia de la p\u00f3liza. destacamos las pr\u00f3ximas garant\u00edas; desplazamiento en veh\u00edculo f\u00fanebre, ata\u00fad, tanatorio con sus servicios internos incluidos para mayor confort de la familia, necrol\u00f3gica, recordatorios, entierro si quieren la inhumaci\u00f3n o urna en caso de cremaci\u00f3n, y gestoria para las tramitaciones ante todos los organismos p\u00fablicos para que quede plenamente legal el registro del deceso. Han renovado sus servicios de prima nivelada dej\u00e1ndolos de forma actual en Plus Ultra resaltando como de las mejores en los diferentes mercados que existen. Donde vas a poder contar con entierro o incineraci\u00f3n. Vas a poder observar de forma m\u00e1s completa las condiciones en iDecesos, asimismo las coberturas de prima nivelada las que son de gran importancia y puedas comprobar que los datos sean reales.<\/p>\n<p><\/div><\/div><\/div>\n<h3><span class=\"ez-toc-section\" id=\"%C2%BFA_quien_va_dirigido_el_seguro_de_decesos_Prima_Nivelada_de_Plus_Ultra\"><\/span>\u00bfA qui\u00e9n va dirigido el seguro de decesos Prima Nivelada de Plus Ultra?<span class=\"ez-toc-section-end\"><\/span><\/h3>\n<p>\u00bfQu\u00e9 prima se amolda econ\u00f3micamente a cualquier g\u00e9nero de circunstancias? En un caso as\u00ed el seguro de prima nivelada Plus Ultra es perfecta en tanto que se ajusta a las necesidades de cada uno de sus clientes del servicio. La mayor parte que efect\u00faa este contrato son personas mayores que tienen en cuenta que con los a\u00f1os no desean que siga creciendo las primas de la p\u00f3liza. De las diferentes modalidades el 65 por ciento optan por este servicio en Plus Ultra puesto que es de las mejores seg\u00fan las opiniones de cada cliente. <\/p>\n<div class=\"colorf \"  ><div class=\"container clearfix\"><div class=\"col-md-7\"><\/p>\n<h2><span class=\"ez-toc-section\" id=\"Precio_de_seguro_de_decesos_Prima_Nivelada_Plus_Ultra\"><\/span>Precio de seguro de decesos Prima Nivelada Plus Ultra<span class=\"ez-toc-section-end\"><\/span><\/h2>\n<p>El precio en el que se encuentra ahora el seguro de prima nivelada Plus Ultra es 5 euros mensualmente, tomando en cuenta siempre la edad del contratante en Plus Ultra, como la localidad. Adem\u00e1s de esto han sido aplicados todos los descuentos, obteniendo de los mejores costes y m\u00e1s econ\u00f3micos de Plus Ultra. Cuenta con diferentes vertientes en el momento de realizar los pagos, facilitando a los clientes del servicio de Plus Ultra del seguro de prima nivelada estas ventajas exclusivas. Para obtener la tarifa con las ofertas m\u00e1s incre\u00edbles semejantes a tu seguro de prima nivelada Plus Ultra nada m\u00e1s tienes que realizar una comparativa de precios en iDecesos en tan solo un minuto sabr\u00e1s si lo que quer\u00edas es lo m\u00e1s econ\u00f3mico a lo que puedes acceder con una prima incesante. <\/p>\n<p><\/div><\/div><\/div>\n<h2><span class=\"ez-toc-section\" id=\"Productos_Prima_Nivelada_Plus_Ultra\"><\/span>Productos Prima Nivelada Plus Ultra<span class=\"ez-toc-section-end\"><\/span><\/h2>\n<div class=\"colorf\"><div class=\"container clearfix\"><div class=\"col-md-7\"><div class=\"opiniones\">\n<h2><span class=\"ez-toc-section\" id=\"Opiniones_del_seguro_de_decesos_de_Prima_Nivelada_de_Plus_Ultra\"><\/span>Opiniones del seguro de decesos de Prima Nivelada de Plus Ultra<span class=\"ez-toc-section-end\"><\/span><\/h2>\n<p>En iDecesos a lo largo del tiempo a contemplar las mejores opiniones del seguro de prima nivelada de Plus Ultra, en la que son l\u00edderes en seguros de decesos, es m\u00e1s que satisfactoria. Despu\u00e9s de un cauteloso estudio de entre todas las coberturas en detalle, aparte de efectuar un enorme estudio del mercado con las competencias que tambi\u00e9n dan prima nivelada. <\/p>\n<div class=\"opinion \"  >\n\t\t\t<div class=\"cabecera_opinion\">\n\t\t\t\t<div class=\"avatar\">A D <\/div>\n\t\t\t\t<div class=\"datos_opinion\">\n\t\t\t\t\t<div class=\"nombre_opinion\">Amparo Diezma<\/div>\n\t\t\t\t\t<div class=\"info_opinion\">\t\t\t\t\t\t\n\t\t\t\t\t\t<div class=\"cuenta_opinion\"><i class=\"fas fa-pencil-alt\"><\/i><!--span class=\"dashicons dashicons-edit\" style=\"font-size:20px\"><\/span--><span>1 Opini\u00f3n<\/span><\/div>\t\t\t\t\t\t\n\t\t\t\t\t\t<div class=\"localizacion_opinion\">\n\t\t\t\t\t\t\t<i class=\"fas fa-map-marker-alt\"><\/i><!--span class=\"dashicons dashicons-location\" style=\"font-size:20px\"><\/span-->\n\t\t\t\t\t\t\t<span>ES<\/span>\n\t\t\t\t\t\t<\/div>\t\n\t\t\t\t\t<\/div>\n\t\t\t\t<\/div>\n\t\t\t<\/div><div class=\"texto_opinion\"><\/p>\n<p>Lo aconsejo en tanto que me dieron una de las mejores coberturas tanto a mi como a mi familia, en el momento del suceso, no vaciles con prima nivelada de Plus Ultra, se encarga de todo. Hace unos meses muri\u00f3 un familiar muy cercano por lo que contaba con esta p\u00f3liza, es verdad que le dieron todas las coberturas y dieron todas y cada una comodidades posibles en ese tan dif\u00edcil de administrar. <\/p>\n<p><\/div><\/div>\n<div class=\"opinion \"  >\n\t\t\t<div class=\"cabecera_opinion\">\n\t\t\t\t<div class=\"avatar\">S D <\/div>\n\t\t\t\t<div class=\"datos_opinion\">\n\t\t\t\t\t<div class=\"nombre_opinion\">Sabas del<\/div>\n\t\t\t\t\t<div class=\"info_opinion\">\t\t\t\t\t\t\n\t\t\t\t\t\t<div class=\"cuenta_opinion\"><i class=\"fas fa-pencil-alt\"><\/i><!--span class=\"dashicons dashicons-edit\" style=\"font-size:20px\"><\/span--><span>1 Opini\u00f3n<\/span><\/div>\t\t\t\t\t\t\n\t\t\t\t\t\t<div class=\"localizacion_opinion\">\n\t\t\t\t\t\t\t<i class=\"fas fa-map-marker-alt\"><\/i><!--span class=\"dashicons dashicons-location\" style=\"font-size:20px\"><\/span-->\n\t\t\t\t\t\t\t<span>ES<\/span>\n\t\t\t\t\t\t<\/div>\t\n\t\t\t\t\t<\/div>\n\t\t\t\t<\/div>\n\t\t\t<\/div><div class=\"texto_opinion\"><\/p>\n<p>No ten\u00eda clar\u00edsimo si esta p\u00f3liza era la adecuada para mi, con lo que acudi a una de sus oficinas, donde me atendieron personalizadamente resolviendo todas mis cuestiones a este respecto, qued\u00e9 muy contento me lo explicaron detalladamente, con lo que realice la contrataci\u00f3n en tanto que se adapta de manera perfecta a mi necesidades y a m\u00ed circunstancias. Adem\u00e1s de esto cuentan con muchas soluciones en el momento de que ocurra alg\u00fan problema. Lo que resulta importante tomarlo en cuenta. <\/p>\n<p><\/div><\/div>\n<div class=\"opinion \"  >\n\t\t\t<div class=\"cabecera_opinion\">\n\t\t\t\t<div class=\"avatar\">C U <\/div>\n\t\t\t\t<div class=\"datos_opinion\">\n\t\t\t\t\t<div class=\"nombre_opinion\">Chucho Ur\u00eda<\/div>\n\t\t\t\t\t<div class=\"info_opinion\">\t\t\t\t\t\t\n\t\t\t\t\t\t<div class=\"cuenta_opinion\"><i class=\"fas fa-pencil-alt\"><\/i><!--span class=\"dashicons dashicons-edit\" style=\"font-size:20px\"><\/span--><span>1 Opini\u00f3n<\/span><\/div>\t\t\t\t\t\t\n\t\t\t\t\t\t<div class=\"localizacion_opinion\">\n\t\t\t\t\t\t\t<i class=\"fas fa-map-marker-alt\"><\/i><!--span class=\"dashicons dashicons-location\" style=\"font-size:20px\"><\/span-->\n\t\t\t\t\t\t\t<span>ES<\/span>\n\t\t\t\t\t\t<\/div>\t\n\t\t\t\t\t<\/div>\n\t\t\t\t<\/div>\n\t\t\t<\/div><div class=\"texto_opinion\"><\/p>\n<p>Cuando realice el contrato de prima nivelada de Plus Ultra adem\u00e1s de que sus coberturas son muy destacables, me ayudaron en todo el proceso, yo lo realice de forma telef\u00f3nica, ya que me resultaba mucho m\u00e1s sencillo hacer la contrataci\u00f3n. Te lo aconsejo 100 por cien . <\/p>\n<p><\/div><\/div>\n<\/div><\/div><\/div><\/div>\n<p><div class=\"oficinas\"><br \/>\n<h3><span class=\"ez-toc-section\" id=\"Paginas_relacionadas\"><\/span>P\u00e1ginas relacionadas<span class=\"ez-toc-section-end\"><\/span><\/h3><div class=\"enlazado\"><ul> <li><a href=\"https:\/\/idecesos.com\/seguros\/companias\/plus-ultra\/opiniones\/\">Opiniones Plus Ultra<\/a><\/li> <li><a href=\"https:\/\/idecesos.com\/seguros\/companias\/plus-ultra\/precio\/\">Precio seguro Plus Ultra<\/a><\/li> <li><a href=\"https:\/\/idecesos.com\/seguros\/companias\/plus-ultra\/prima-mixta\/\">Plus Ultra Prima Mixta<\/a><\/li> <li><a href=\"https:\/\/idecesos.com\/seguros\/companias\/plus-ultra\/prima-natural\/\">Plus Ultra Prima Natural<\/a><\/li> <li><a href=\"https:\/\/idecesos.com\/seguros\/companias\/plus-ultra\/prima-nivelada\/\">Plus Ultra Prima Nivelada<\/a><\/li> <li><a href=\"https:\/\/idecesos.com\/seguros\/companias\/plus-ultra\/prima-unica\/\">Plus Ultra Prima \u00danica<\/a><\/li> <li><a href=\"https:\/\/idecesos.com\/seguros\/companias\/plus-ultra\/repatriacion\/\">Plus Ultra Repatriaci\u00f3n<\/a><\/li> <li><a href=\"https:\/\/idecesos.com\/seguros\/companias\/plus-ultra\/telefono\/\">Tel\u00e9fono Gratuito Plus Ultra<\/a><\/li><\/ul><\/div><\/p>\n<\/div>\n","protected":false},"excerpt":{"rendered":"<p>En el instante que se quiera lograr una p\u00f3liza de manera estable y que sea de forma permanente durante los a\u00f1os, el seguro de prima nivelada Plus Ultra cuenta con esas ventajas. Ya que no quiere que var\u00ede durante los a\u00f1os. El seguro de prima nivelada Plus Ultra agregar\u00e1 una modalidad que es como la&hellip; <\/p>\n","protected":false},"author":3,"featured_media":0,"parent":445,"menu_order":0,"comment_status":"closed","ping_status":"closed","template":"single.php","meta":{"footnotes":""},"class_list":["post-11617","page","type-page","status-publish","hentry"],"yoast_head":"<!-- This site is optimized with the Yoast SEO plugin v27.3 - https:\/\/yoast.com\/product\/yoast-seo-wordpress\/ -->\n<title>Seguro Decesos Plus Ultra Prima Nivelada \u25b7 Opiniones y Precio 2026<\/title>\n<meta name=\"description\" content=\"Click aqu\u00ed \u3010Seguro de Decesos Prima Nivelada Plus Ultra\u3011 Mejores precios Plus Ultra seguro de fallecidos Prima Nivelada \u2611\ufe0f Actualizado por iDecesos\u00ae\" \/>\n<meta name=\"robots\" content=\"index, follow, max-snippet:-1, max-image-preview:large, max-video-preview:-1\" \/>\n<link rel=\"canonical\" href=\"https:\/\/idecesos.com\/seguros\/companias\/plus-ultra\/prima-nivelada\/\" \/>\n<meta property=\"og:locale\" content=\"es_ES\" \/>\n<meta property=\"og:type\" content=\"article\" \/>\n<meta property=\"og:title\" content=\"Seguro Decesos Plus Ultra Prima Nivelada \u25b7 Opiniones y Precio 2026\" \/>\n<meta property=\"og:description\" content=\"Click aqu\u00ed \u3010Seguro de Decesos Prima Nivelada Plus Ultra\u3011 Mejores precios Plus Ultra seguro de fallecidos Prima Nivelada \u2611\ufe0f Actualizado por iDecesos\u00ae\" \/>\n<meta property=\"og:url\" content=\"https:\/\/idecesos.com\/seguros\/companias\/plus-ultra\/prima-nivelada\/\" \/>\n<meta property=\"article:modified_time\" content=\"2022-01-03T12:31:15+00:00\" \/>\n<meta name=\"twitter:card\" content=\"summary_large_image\" \/>\n<meta name=\"twitter:label1\" content=\"Tiempo de lectura\" \/>\n\t<meta name=\"twitter:data1\" content=\"57 minutos\" \/>\n<script type=\"application\/ld+json\" class=\"yoast-schema-graph\">{\"@context\":\"https:\\\/\\\/schema.org\",\"@graph\":[{\"@type\":\"WebPage\",\"@id\":\"https:\\\/\\\/idecesos.com\\\/seguros\\\/companias\\\/plus-ultra\\\/prima-nivelada\\\/\",\"url\":\"https:\\\/\\\/idecesos.com\\\/seguros\\\/companias\\\/plus-ultra\\\/prima-nivelada\\\/\",\"name\":\"Seguro Decesos Plus Ultra Prima Nivelada \u25b7 Opiniones y Precio 2026\",\"isPartOf\":{\"@id\":\"https:\\\/\\\/idecesos.com\\\/seguros\\\/#website\"},\"datePublished\":\"2021-11-16T00:00:00+00:00\",\"dateModified\":\"2022-01-03T12:31:15+00:00\",\"description\":\"Click aqu\u00ed \u3010Seguro de Decesos Prima Nivelada Plus Ultra\u3011 Mejores precios Plus Ultra seguro de fallecidos Prima Nivelada \u2611\ufe0f Actualizado por iDecesos\u00ae\",\"breadcrumb\":{\"@id\":\"https:\\\/\\\/idecesos.com\\\/seguros\\\/companias\\\/plus-ultra\\\/prima-nivelada\\\/#breadcrumb\"},\"inLanguage\":\"es\",\"potentialAction\":[{\"@type\":\"ReadAction\",\"target\":[\"https:\\\/\\\/idecesos.com\\\/seguros\\\/companias\\\/plus-ultra\\\/prima-nivelada\\\/\"]}]},{\"@type\":\"BreadcrumbList\",\"@id\":\"https:\\\/\\\/idecesos.com\\\/seguros\\\/companias\\\/plus-ultra\\\/prima-nivelada\\\/#breadcrumb\",\"itemListElement\":[{\"@type\":\"ListItem\",\"position\":1,\"name\":\"Portada\",\"item\":\"https:\\\/\\\/idecesos.com\\\/seguros\\\/\"},{\"@type\":\"ListItem\",\"position\":2,\"name\":\"Compa\u00f1\u00edas de Seguros de Decesos en Espa\u00f1a\",\"item\":\"https:\\\/\\\/idecesos.com\\\/seguros\\\/companias\\\/\"},{\"@type\":\"ListItem\",\"position\":3,\"name\":\"Seguro de decesos Plus Ultra\",\"item\":\"https:\\\/\\\/idecesos.com\\\/seguros\\\/companias\\\/plus-ultra\\\/\"},{\"@type\":\"ListItem\",\"position\":4,\"name\":\"Seguro de decesos Plus Ultra Prima Nivelada\"}]},{\"@type\":\"WebSite\",\"@id\":\"https:\\\/\\\/idecesos.com\\\/seguros\\\/#website\",\"url\":\"https:\\\/\\\/idecesos.com\\\/seguros\\\/\",\"name\":\"\",\"description\":\"\",\"potentialAction\":[{\"@type\":\"SearchAction\",\"target\":{\"@type\":\"EntryPoint\",\"urlTemplate\":\"https:\\\/\\\/idecesos.com\\\/seguros\\\/?s={search_term_string}\"},\"query-input\":{\"@type\":\"PropertyValueSpecification\",\"valueRequired\":true,\"valueName\":\"search_term_string\"}}],\"inLanguage\":\"es\"}]}<\/script>\n<!-- \/ Yoast SEO plugin. -->","yoast_head_json":{"title":"Seguro Decesos Plus Ultra Prima Nivelada \u25b7 Opiniones y Precio 2026","description":"Click aqu\u00ed \u3010Seguro de Decesos Prima Nivelada Plus Ultra\u3011 Mejores precios Plus Ultra seguro de fallecidos Prima Nivelada \u2611\ufe0f Actualizado por iDecesos\u00ae","robots":{"index":"index","follow":"follow","max-snippet":"max-snippet:-1","max-image-preview":"max-image-preview:large","max-video-preview":"max-video-preview:-1"},"canonical":"https:\/\/idecesos.com\/seguros\/companias\/plus-ultra\/prima-nivelada\/","og_locale":"es_ES","og_type":"article","og_title":"Seguro Decesos Plus Ultra Prima Nivelada \u25b7 Opiniones y Precio 2026","og_description":"Click aqu\u00ed \u3010Seguro de Decesos Prima Nivelada Plus Ultra\u3011 Mejores precios Plus Ultra seguro de fallecidos Prima Nivelada \u2611\ufe0f Actualizado por iDecesos\u00ae","og_url":"https:\/\/idecesos.com\/seguros\/companias\/plus-ultra\/prima-nivelada\/","article_modified_time":"2022-01-03T12:31:15+00:00","twitter_card":"summary_large_image","twitter_misc":{"Tiempo de lectura":"57 minutos"},"schema":{"@context":"https:\/\/schema.org","@graph":[{"@type":"WebPage","@id":"https:\/\/idecesos.com\/seguros\/companias\/plus-ultra\/prima-nivelada\/","url":"https:\/\/idecesos.com\/seguros\/companias\/plus-ultra\/prima-nivelada\/","name":"Seguro Decesos Plus Ultra Prima Nivelada \u25b7 Opiniones y Precio 2026","isPartOf":{"@id":"https:\/\/idecesos.com\/seguros\/#website"},"datePublished":"2021-11-16T00:00:00+00:00","dateModified":"2022-01-03T12:31:15+00:00","description":"Click aqu\u00ed \u3010Seguro de Decesos Prima Nivelada Plus Ultra\u3011 Mejores precios Plus Ultra seguro de fallecidos Prima Nivelada \u2611\ufe0f Actualizado por iDecesos\u00ae","breadcrumb":{"@id":"https:\/\/idecesos.com\/seguros\/companias\/plus-ultra\/prima-nivelada\/#breadcrumb"},"inLanguage":"es","potentialAction":[{"@type":"ReadAction","target":["https:\/\/idecesos.com\/seguros\/companias\/plus-ultra\/prima-nivelada\/"]}]},{"@type":"BreadcrumbList","@id":"https:\/\/idecesos.com\/seguros\/companias\/plus-ultra\/prima-nivelada\/#breadcrumb","itemListElement":[{"@type":"ListItem","position":1,"name":"Portada","item":"https:\/\/idecesos.com\/seguros\/"},{"@type":"ListItem","position":2,"name":"Compa\u00f1\u00edas de Seguros de Decesos en Espa\u00f1a","item":"https:\/\/idecesos.com\/seguros\/companias\/"},{"@type":"ListItem","position":3,"name":"Seguro de decesos Plus Ultra","item":"https:\/\/idecesos.com\/seguros\/companias\/plus-ultra\/"},{"@type":"ListItem","position":4,"name":"Seguro de decesos Plus Ultra Prima Nivelada"}]},{"@type":"WebSite","@id":"https:\/\/idecesos.com\/seguros\/#website","url":"https:\/\/idecesos.com\/seguros\/","name":"","description":"","potentialAction":[{"@type":"SearchAction","target":{"@type":"EntryPoint","urlTemplate":"https:\/\/idecesos.com\/seguros\/?s={search_term_string}"},"query-input":{"@type":"PropertyValueSpecification","valueRequired":true,"valueName":"search_term_string"}}],"inLanguage":"es"}]}},"_links":{"self":[{"href":"https:\/\/idecesos.com\/seguros\/wp-json\/wp\/v2\/pages\/11617","targetHints":{"allow":["GET"]}}],"collection":[{"href":"https:\/\/idecesos.com\/seguros\/wp-json\/wp\/v2\/pages"}],"about":[{"href":"https:\/\/idecesos.com\/seguros\/wp-json\/wp\/v2\/types\/page"}],"author":[{"embeddable":true,"href":"https:\/\/idecesos.com\/seguros\/wp-json\/wp\/v2\/users\/3"}],"replies":[{"embeddable":true,"href":"https:\/\/idecesos.com\/seguros\/wp-json\/wp\/v2\/comments?post=11617"}],"version-history":[{"count":1,"href":"https:\/\/idecesos.com\/seguros\/wp-json\/wp\/v2\/pages\/11617\/revisions"}],"predecessor-version":[{"id":13123,"href":"https:\/\/idecesos.com\/seguros\/wp-json\/wp\/v2\/pages\/11617\/revisions\/13123"}],"up":[{"embeddable":true,"href":"https:\/\/idecesos.com\/seguros\/wp-json\/wp\/v2\/pages\/445"}],"wp:attachment":[{"href":"https:\/\/idecesos.com\/seguros\/wp-json\/wp\/v2\/media?parent=11617"}],"curies":[{"name":"wp","href":"https:\/\/api.w.org\/{rel}","templated":true}]}}