{"id":11618,"date":"2021-11-16T00:00:00","date_gmt":"2021-11-16T00:00:00","guid":{"rendered":"https:\/\/idecesos.com\/seguros\/?page_id=11618"},"modified":"2022-01-03T12:31:15","modified_gmt":"2022-01-03T12:31:15","slug":"prima-mixta","status":"publish","type":"page","link":"https:\/\/idecesos.com\/seguros\/companias\/plus-ultra\/prima-mixta\/","title":{"rendered":"Seguro de decesos Plus Ultra Prima Mixta"},"content":{"rendered":"<div id=\"ez-toc-container\" class=\"ez-toc-v2_0_82_2 ez-toc-wrap-center counter-hierarchy ez-toc-counter ez-toc-custom ez-toc-container-direction\">\n<div class=\"ez-toc-title-container\">\n<p class=\"ez-toc-title\" style=\"cursor:inherit\">Tabla de Contenido<\/p>\n<span class=\"ez-toc-title-toggle\"><a href=\"#\" class=\"ez-toc-pull-right ez-toc-btn ez-toc-btn-xs ez-toc-btn-default ez-toc-toggle\" aria-label=\"Alternar tabla de contenidos\"><span class=\"ez-toc-js-icon-con\"><span class=\"\"><span class=\"eztoc-hide\" style=\"display:none;\">Toggle<\/span><span class=\"ez-toc-icon-toggle-span\"><svg style=\"fill: #db6415;color:#db6415\" xmlns=\"http:\/\/www.w3.org\/2000\/svg\" class=\"list-377408\" width=\"20px\" height=\"20px\" viewBox=\"0 0 24 24\" fill=\"none\"><path d=\"M6 6H4v2h2V6zm14 0H8v2h12V6zM4 11h2v2H4v-2zm16 0H8v2h12v-2zM4 16h2v2H4v-2zm16 0H8v2h12v-2z\" fill=\"currentColor\"><\/path><\/svg><svg style=\"fill: #db6415;color:#db6415\" class=\"arrow-unsorted-368013\" xmlns=\"http:\/\/www.w3.org\/2000\/svg\" width=\"10px\" height=\"10px\" viewBox=\"0 0 24 24\" version=\"1.2\" baseProfile=\"tiny\"><path d=\"M18.2 9.3l-6.2-6.3-6.2 6.3c-.2.2-.3.4-.3.7s.1.5.3.7c.2.2.4.3.7.3h11c.3 0 .5-.1.7-.3.2-.2.3-.5.3-.7s-.1-.5-.3-.7zM5.8 14.7l6.2 6.3 6.2-6.3c.2-.2.3-.5.3-.7s-.1-.5-.3-.7c-.2-.2-.4-.3-.7-.3h-11c-.3 0-.5.1-.7.3-.2.2-.3.5-.3.7s.1.5.3.7z\"\/><\/svg><\/span><\/span><\/span><\/a><\/span><\/div>\n<nav><ul class='ez-toc-list ez-toc-list-level-1 ' ><li class='ez-toc-page-1 ez-toc-heading-level-2'><a class=\"ez-toc-link ez-toc-heading-1\" href=\"https:\/\/idecesos.com\/seguros\/companias\/plus-ultra\/prima-mixta\/#Coberturas_seguro_Prima_Mixta_Plus_Ultra\" >Coberturas seguro Prima Mixta Plus Ultra<\/a><ul class='ez-toc-list-level-3' ><li class='ez-toc-heading-level-3'><a class=\"ez-toc-link ez-toc-heading-2\" href=\"https:\/\/idecesos.com\/seguros\/companias\/plus-ultra\/prima-mixta\/#%C2%BFA_quien_va_dirigido_el_seguro_de_decesos_Prima_Mixta_de_Plus_Ultra\" >\u00bfA qui\u00e9n va dirigido el seguro de decesos Prima Mixta de Plus Ultra?<\/a><\/li><\/ul><\/li><li class='ez-toc-page-1 ez-toc-heading-level-2'><a class=\"ez-toc-link ez-toc-heading-3\" href=\"https:\/\/idecesos.com\/seguros\/companias\/plus-ultra\/prima-mixta\/#Precio_de_seguro_de_decesos_Prima_Mixta_Plus_Ultra\" >Precio de seguro de decesos Prima Mixta Plus Ultra<\/a><\/li><li class='ez-toc-page-1 ez-toc-heading-level-2'><a class=\"ez-toc-link ez-toc-heading-4\" href=\"https:\/\/idecesos.com\/seguros\/companias\/plus-ultra\/prima-mixta\/#Productos_Prima_Mixta_Plus_Ultra\" >Productos Prima Mixta Plus Ultra<\/a><\/li><li class='ez-toc-page-1 ez-toc-heading-level-2'><a class=\"ez-toc-link ez-toc-heading-5\" href=\"https:\/\/idecesos.com\/seguros\/companias\/plus-ultra\/prima-mixta\/#Opiniones_del_seguro_de_decesos_de_Prima_Mixta_de_Plus_Ultra\" >Opiniones del seguro de decesos de Prima Mixta de Plus Ultra<\/a><ul class='ez-toc-list-level-3' ><li class='ez-toc-heading-level-3'><a class=\"ez-toc-link ez-toc-heading-6\" href=\"https:\/\/idecesos.com\/seguros\/companias\/plus-ultra\/prima-mixta\/#Paginas_relacionadas\" >P\u00e1ginas relacionadas<\/a><\/li><\/ul><\/li><\/ul><\/nav><\/div>\n\n<p>Siendo de todas la m\u00e1s rentable de sus categor\u00edas que dispone la p\u00f3liza de seguro de decesos de prima mixta Plus Ultra. Esto es debido a que re\u00fane lo mejor de la prima natural y la prima nivelada, es decir, hasta determinada edad la prima anualmente va creciendo m\u00e1s prosigue siendo barata porque se acorta la esperanza de vida de los asegurados y la actualizaci\u00f3n de los precios de los servicios y cuando llega a una edad mayor se nivela para estabilizar la prima en los a\u00f1os donde los asegurados deber\u00edan estar retirados. <\/p>\n<p>Leer m\u00e1s: <a href=\"https:\/\/idecesos.com\/seguros\/tipo\/mixta\/\">Seguro de decesos Prima Mixta<\/a><\/p>\n<div class=\"colorf \"  ><div class=\"container clearfix\"><div class=\"col-md-7\"><\/p>\n<h2><span class=\"ez-toc-section\" id=\"Coberturas_seguro_Prima_Mixta_Plus_Ultra\"><\/span>Coberturas seguro Prima Mixta Plus Ultra<span class=\"ez-toc-section-end\"><\/span><\/h2>\n<p>Los clientes de Plus Ultra se deben olvidar de preguntarse \u00bfQu\u00e9 cubre el seguro de decesos de prima mixta Plus Ultra? Porque sus coberturas m\u00e1s destacadas dejan resueltas la administraci\u00f3n completa del sepelio tanto el funeral como la incineraci\u00f3n, desplazamientos o traslados desde el centro de salud, o otros lugares, tanatorio, necrol\u00f3gicas, coronas entre otros. El seguro de prima mixta Plus Ultra cuenta con determinadas coberturas que resultan gratis para usarlo de diferentes modalidades. Para saber m\u00e1s coberturas que se ofrecen, efect\u00faa una comparativa en iDecesos y vas a poder examinar las condiciones generales, el producto informativo de los seguros de prima mixta y confrontarlo con tu seguro de Plus Ultra, quiz\u00e1 se asemeje m\u00e1s a tus necesidades otra oferta. Tan sencillo como apuntarnos tu edad y sitio de residencia, para brindarte una mayor cobertura en detalle de tu seguro de decesos de prima mixta de Plus Ultra. La compa\u00f1\u00eda Plus Ultra tiene una experiencia altamente especializada en seguros de decesos de prima mixta y podemos asegurar que si te decides por sus coberturas el servicio es de un enorme nivel asegurador, adem\u00e1s en caso de que sobre capital asegurado del servicio funerario se les va a ser devuelto a los familiares y esto lo recoge en el condicionado general, donde asimismo est\u00e1n las coberturas generales y particulares de la p\u00f3liza de prima mixta Plus Ultra. <\/p>\n<p><\/div><\/div><\/div>\n<h3><span class=\"ez-toc-section\" id=\"%C2%BFA_quien_va_dirigido_el_seguro_de_decesos_Prima_Mixta_de_Plus_Ultra\"><\/span>\u00bfA qui\u00e9n va dirigido el seguro de decesos Prima Mixta de Plus Ultra?<span class=\"ez-toc-section-end\"><\/span><\/h3>\n<p>Es el mejor seguro para todas y cada una aquellas personas que est\u00e1n muy cerca de cumplir los 50 a\u00f1os en tanto que se van a poder beneficiar de un pago m\u00e1s econ\u00f3mico. <\/p>\n<div class=\"colorf \"  ><div class=\"container clearfix\"><div class=\"col-md-7\"><\/p>\n<h2><span class=\"ez-toc-section\" id=\"Precio_de_seguro_de_decesos_Prima_Mixta_Plus_Ultra\"><\/span>Precio de seguro de decesos Prima Mixta Plus Ultra<span class=\"ez-toc-section-end\"><\/span><\/h2>\n<p>En Plus Ultra el seguro de decesos de prima mixta su precio es de 2,15 euros mensuales. Para realizar una estimaci\u00f3n del c\u00e1lculo se ha tomado en referencia a una persona que resida en una de las localidades m\u00e1s baratas del servicio funerario, as\u00ed como la edad. A nivel nacional queda contrastada que el mejor seguro de decesos de prima mixta Plus Ultra es de las m\u00e1s econ\u00f3micas. Si todav\u00eda tienes alguna duda al respecto, con iDecesos qu\u00edtate cualquier duda que tengas equipara el seguro de prima mixta en cuesti\u00f3n de instante sobre Plus Ultra, vas a poder verlo m\u00e1s detalladamente. <\/p>\n<p><\/div><\/div><\/div>\n<h2><span class=\"ez-toc-section\" id=\"Productos_Prima_Mixta_Plus_Ultra\"><\/span>Productos Prima Mixta Plus Ultra<span class=\"ez-toc-section-end\"><\/span><\/h2>\n<div class=\"colorf\"><div class=\"container clearfix\"><div class=\"col-md-7\"><div class=\"opiniones\">\n<h2><span class=\"ez-toc-section\" id=\"Opiniones_del_seguro_de_decesos_de_Prima_Mixta_de_Plus_Ultra\"><\/span>Opiniones del seguro de decesos de Prima Mixta de Plus Ultra<span class=\"ez-toc-section-end\"><\/span><\/h2>\n<p>Las creencias que hemos analizado los asesores profesionales de Decesos, vienen de diferentes sitios, y en conclusi\u00f3n podemos afirmar que el seguro de decesos de prima semi natural o mixta de Plus Ultra es un enorme seguro, en continua evoluci\u00f3n y tambi\u00e9n innovador conforme a coberturas, precios, forma de pago, y servicios que lo componen. <\/p>\n<div class=\"opinion \"  >\n\t\t\t<div class=\"cabecera_opinion\">\n\t\t\t\t<div class=\"avatar\">A G <\/div>\n\t\t\t\t<div class=\"datos_opinion\">\n\t\t\t\t\t<div class=\"nombre_opinion\">Alfredo Gorrindo<\/div>\n\t\t\t\t\t<div class=\"info_opinion\">\t\t\t\t\t\t\n\t\t\t\t\t\t<div class=\"cuenta_opinion\"><i class=\"fas fa-pencil-alt\"><\/i><!--span class=\"dashicons dashicons-edit\" style=\"font-size:20px\"><\/span--><span>1 Opini\u00f3n<\/span><\/div>\t\t\t\t\t\t\n\t\t\t\t\t\t<div class=\"localizacion_opinion\">\n\t\t\t\t\t\t\t<i class=\"fas fa-map-marker-alt\"><\/i><!--span class=\"dashicons dashicons-location\" style=\"font-size:20px\"><\/span-->\n\t\t\t\t\t\t\t<span>ES<\/span>\n\t\t\t\t\t\t<\/div>\t\n\t\t\t\t\t<\/div>\n\t\t\t\t<\/div>\n\t\t\t<\/div><div class=\"texto_opinion\"><\/p>\n<p>Muchos de mis conocidos me recomendaron Plus Ultra y decid\u00ed efectuar la contrataci\u00f3n con ellos, aparte de que me asesoraron al detalle me dieron toda la informaci\u00f3n que precisaba saber, como un presupuesto amoldado para mi, por lo que su tarifa fue una de los primordiales motivos por el cual eleg\u00ed esta Plus Ultra.<\/p>\n<p><\/div><\/div>\n<div class=\"opinion \"  >\n\t\t\t<div class=\"cabecera_opinion\">\n\t\t\t\t<div class=\"avatar\">S D <\/div>\n\t\t\t\t<div class=\"datos_opinion\">\n\t\t\t\t\t<div class=\"nombre_opinion\">Sabas del<\/div>\n\t\t\t\t\t<div class=\"info_opinion\">\t\t\t\t\t\t\n\t\t\t\t\t\t<div class=\"cuenta_opinion\"><i class=\"fas fa-pencil-alt\"><\/i><!--span class=\"dashicons dashicons-edit\" style=\"font-size:20px\"><\/span--><span>1 Opini\u00f3n<\/span><\/div>\t\t\t\t\t\t\n\t\t\t\t\t\t<div class=\"localizacion_opinion\">\n\t\t\t\t\t\t\t<i class=\"fas fa-map-marker-alt\"><\/i><!--span class=\"dashicons dashicons-location\" style=\"font-size:20px\"><\/span-->\n\t\t\t\t\t\t\t<span>ES<\/span>\n\t\t\t\t\t\t<\/div>\t\n\t\t\t\t\t<\/div>\n\t\t\t\t<\/div>\n\t\t\t<\/div><div class=\"texto_opinion\"><\/p>\n<p>Realice la contrataci\u00f3n del seguro de prima Mixta de Plus Ultra en tanto que las coberturas que cuentan, son las que necesito, aparte de recibir una buena atenci\u00f3n muy personalizada.<\/p>\n<p><\/div><\/div>\n<div class=\"opinion \"  >\n\t\t\t<div class=\"cabecera_opinion\">\n\t\t\t\t<div class=\"avatar\">I V <\/div>\n\t\t\t\t<div class=\"datos_opinion\">\n\t\t\t\t\t<div class=\"nombre_opinion\">Isa\u00edas Vilanova<\/div>\n\t\t\t\t\t<div class=\"info_opinion\">\t\t\t\t\t\t\n\t\t\t\t\t\t<div class=\"cuenta_opinion\"><i class=\"fas fa-pencil-alt\"><\/i><!--span class=\"dashicons dashicons-edit\" style=\"font-size:20px\"><\/span--><span>1 Opini\u00f3n<\/span><\/div>\t\t\t\t\t\t\n\t\t\t\t\t\t<div class=\"localizacion_opinion\">\n\t\t\t\t\t\t\t<i class=\"fas fa-map-marker-alt\"><\/i><!--span class=\"dashicons dashicons-location\" style=\"font-size:20px\"><\/span-->\n\t\t\t\t\t\t\t<span>ES<\/span>\n\t\t\t\t\t\t<\/div>\t\n\t\t\t\t\t<\/div>\n\t\t\t\t<\/div>\n\t\t\t<\/div><div class=\"texto_opinion\"><\/p>\n<p>Al comienzo Plus Ultra me ofrezco un trato fant\u00e1stico, ya sea forma telef\u00f3nica como presencialmente yendo a sus oficinas, de ah\u00ed que no he tenido ninguna protesta, yo cuando realice el contrato era muy joven por lo que el precio era bastante econ\u00f3mico, mas cuando he aumentado en a\u00f1os, he notado una subido en el importe del precio de Plus Ultra.<\/p>\n<p><\/div><\/div>\n<\/div><\/div><\/div><\/div>\n<p><div class=\"oficinas\"><br \/>\n<h3><span class=\"ez-toc-section\" id=\"Paginas_relacionadas\"><\/span>P\u00e1ginas relacionadas<span class=\"ez-toc-section-end\"><\/span><\/h3><div class=\"enlazado\"><ul> <li><a href=\"https:\/\/idecesos.com\/seguros\/companias\/plus-ultra\/opiniones\/\">Opiniones Plus Ultra<\/a><\/li> <li><a href=\"https:\/\/idecesos.com\/seguros\/companias\/plus-ultra\/precio\/\">Precio seguro Plus Ultra<\/a><\/li> <li><a href=\"https:\/\/idecesos.com\/seguros\/companias\/plus-ultra\/prima-mixta\/\">Plus Ultra Prima Mixta<\/a><\/li> <li><a href=\"https:\/\/idecesos.com\/seguros\/companias\/plus-ultra\/prima-natural\/\">Plus Ultra Prima Natural<\/a><\/li> <li><a href=\"https:\/\/idecesos.com\/seguros\/companias\/plus-ultra\/prima-nivelada\/\">Plus Ultra Prima Nivelada<\/a><\/li> <li><a href=\"https:\/\/idecesos.com\/seguros\/companias\/plus-ultra\/prima-unica\/\">Plus Ultra Prima \u00danica<\/a><\/li> <li><a href=\"https:\/\/idecesos.com\/seguros\/companias\/plus-ultra\/repatriacion\/\">Plus Ultra Repatriaci\u00f3n<\/a><\/li> <li><a href=\"https:\/\/idecesos.com\/seguros\/companias\/plus-ultra\/telefono\/\">Tel\u00e9fono Gratuito Plus Ultra<\/a><\/li><\/ul><\/div><\/p>\n<\/div>\n","protected":false},"excerpt":{"rendered":"<p>Siendo de todas la m\u00e1s rentable de sus categor\u00edas que dispone la p\u00f3liza de seguro de decesos de prima mixta Plus Ultra. Esto es debido a que re\u00fane lo mejor de la prima natural y la prima nivelada, es decir, hasta determinada edad la prima anualmente va creciendo m\u00e1s prosigue siendo barata porque se acorta&hellip; <\/p>\n","protected":false},"author":3,"featured_media":0,"parent":445,"menu_order":0,"comment_status":"closed","ping_status":"closed","template":"single.php","meta":{"footnotes":""},"class_list":["post-11618","page","type-page","status-publish","hentry"],"yoast_head":"<!-- This site is optimized with the Yoast SEO plugin v27.3 - https:\/\/yoast.com\/product\/yoast-seo-wordpress\/ -->\n<title>Seguro Decesos Plus Ultra Prima Mixta \u25b7 Opiniones y Precio 2026<\/title>\n<meta name=\"description\" content=\"Click aqu\u00ed \u3010Seguro de Decesos Prima Mixta Plus Ultra\u3011 Mejores precios Plus Ultra seguro de fallecidos Prima Mixta \u2611\ufe0f Actualizado por iDecesos\u00ae\" \/>\n<meta name=\"robots\" content=\"index, follow, max-snippet:-1, max-image-preview:large, max-video-preview:-1\" \/>\n<link rel=\"canonical\" href=\"https:\/\/idecesos.com\/seguros\/companias\/plus-ultra\/prima-mixta\/\" \/>\n<meta property=\"og:locale\" content=\"es_ES\" \/>\n<meta property=\"og:type\" content=\"article\" \/>\n<meta property=\"og:title\" content=\"Seguro Decesos Plus Ultra Prima Mixta \u25b7 Opiniones y Precio 2026\" \/>\n<meta property=\"og:description\" content=\"Click aqu\u00ed \u3010Seguro de Decesos Prima Mixta Plus Ultra\u3011 Mejores precios Plus Ultra seguro de fallecidos Prima Mixta \u2611\ufe0f Actualizado por iDecesos\u00ae\" \/>\n<meta property=\"og:url\" content=\"https:\/\/idecesos.com\/seguros\/companias\/plus-ultra\/prima-mixta\/\" \/>\n<meta property=\"article:modified_time\" content=\"2022-01-03T12:31:15+00:00\" \/>\n<meta name=\"twitter:card\" content=\"summary_large_image\" \/>\n<meta name=\"twitter:label1\" content=\"Tiempo de lectura\" \/>\n\t<meta name=\"twitter:data1\" content=\"54 minutos\" \/>\n<script type=\"application\/ld+json\" class=\"yoast-schema-graph\">{\"@context\":\"https:\\\/\\\/schema.org\",\"@graph\":[{\"@type\":\"WebPage\",\"@id\":\"https:\\\/\\\/idecesos.com\\\/seguros\\\/companias\\\/plus-ultra\\\/prima-mixta\\\/\",\"url\":\"https:\\\/\\\/idecesos.com\\\/seguros\\\/companias\\\/plus-ultra\\\/prima-mixta\\\/\",\"name\":\"Seguro Decesos Plus Ultra Prima Mixta \u25b7 Opiniones y Precio 2026\",\"isPartOf\":{\"@id\":\"https:\\\/\\\/idecesos.com\\\/seguros\\\/#website\"},\"datePublished\":\"2021-11-16T00:00:00+00:00\",\"dateModified\":\"2022-01-03T12:31:15+00:00\",\"description\":\"Click aqu\u00ed \u3010Seguro de Decesos Prima Mixta Plus Ultra\u3011 Mejores precios Plus Ultra seguro de fallecidos Prima Mixta \u2611\ufe0f Actualizado por iDecesos\u00ae\",\"breadcrumb\":{\"@id\":\"https:\\\/\\\/idecesos.com\\\/seguros\\\/companias\\\/plus-ultra\\\/prima-mixta\\\/#breadcrumb\"},\"inLanguage\":\"es\",\"potentialAction\":[{\"@type\":\"ReadAction\",\"target\":[\"https:\\\/\\\/idecesos.com\\\/seguros\\\/companias\\\/plus-ultra\\\/prima-mixta\\\/\"]}]},{\"@type\":\"BreadcrumbList\",\"@id\":\"https:\\\/\\\/idecesos.com\\\/seguros\\\/companias\\\/plus-ultra\\\/prima-mixta\\\/#breadcrumb\",\"itemListElement\":[{\"@type\":\"ListItem\",\"position\":1,\"name\":\"Portada\",\"item\":\"https:\\\/\\\/idecesos.com\\\/seguros\\\/\"},{\"@type\":\"ListItem\",\"position\":2,\"name\":\"Compa\u00f1\u00edas de Seguros de Decesos en Espa\u00f1a\",\"item\":\"https:\\\/\\\/idecesos.com\\\/seguros\\\/companias\\\/\"},{\"@type\":\"ListItem\",\"position\":3,\"name\":\"Seguro de decesos Plus Ultra\",\"item\":\"https:\\\/\\\/idecesos.com\\\/seguros\\\/companias\\\/plus-ultra\\\/\"},{\"@type\":\"ListItem\",\"position\":4,\"name\":\"Seguro de decesos Plus Ultra Prima Mixta\"}]},{\"@type\":\"WebSite\",\"@id\":\"https:\\\/\\\/idecesos.com\\\/seguros\\\/#website\",\"url\":\"https:\\\/\\\/idecesos.com\\\/seguros\\\/\",\"name\":\"\",\"description\":\"\",\"potentialAction\":[{\"@type\":\"SearchAction\",\"target\":{\"@type\":\"EntryPoint\",\"urlTemplate\":\"https:\\\/\\\/idecesos.com\\\/seguros\\\/?s={search_term_string}\"},\"query-input\":{\"@type\":\"PropertyValueSpecification\",\"valueRequired\":true,\"valueName\":\"search_term_string\"}}],\"inLanguage\":\"es\"}]}<\/script>\n<!-- \/ Yoast SEO plugin. -->","yoast_head_json":{"title":"Seguro Decesos Plus Ultra Prima Mixta \u25b7 Opiniones y Precio 2026","description":"Click aqu\u00ed \u3010Seguro de Decesos Prima Mixta Plus Ultra\u3011 Mejores precios Plus Ultra seguro de fallecidos Prima Mixta \u2611\ufe0f Actualizado por iDecesos\u00ae","robots":{"index":"index","follow":"follow","max-snippet":"max-snippet:-1","max-image-preview":"max-image-preview:large","max-video-preview":"max-video-preview:-1"},"canonical":"https:\/\/idecesos.com\/seguros\/companias\/plus-ultra\/prima-mixta\/","og_locale":"es_ES","og_type":"article","og_title":"Seguro Decesos Plus Ultra Prima Mixta \u25b7 Opiniones y Precio 2026","og_description":"Click aqu\u00ed \u3010Seguro de Decesos Prima Mixta Plus Ultra\u3011 Mejores precios Plus Ultra seguro de fallecidos Prima Mixta \u2611\ufe0f Actualizado por iDecesos\u00ae","og_url":"https:\/\/idecesos.com\/seguros\/companias\/plus-ultra\/prima-mixta\/","article_modified_time":"2022-01-03T12:31:15+00:00","twitter_card":"summary_large_image","twitter_misc":{"Tiempo de lectura":"54 minutos"},"schema":{"@context":"https:\/\/schema.org","@graph":[{"@type":"WebPage","@id":"https:\/\/idecesos.com\/seguros\/companias\/plus-ultra\/prima-mixta\/","url":"https:\/\/idecesos.com\/seguros\/companias\/plus-ultra\/prima-mixta\/","name":"Seguro Decesos Plus Ultra Prima Mixta \u25b7 Opiniones y Precio 2026","isPartOf":{"@id":"https:\/\/idecesos.com\/seguros\/#website"},"datePublished":"2021-11-16T00:00:00+00:00","dateModified":"2022-01-03T12:31:15+00:00","description":"Click aqu\u00ed \u3010Seguro de Decesos Prima Mixta Plus Ultra\u3011 Mejores precios Plus Ultra seguro de fallecidos Prima Mixta \u2611\ufe0f Actualizado por iDecesos\u00ae","breadcrumb":{"@id":"https:\/\/idecesos.com\/seguros\/companias\/plus-ultra\/prima-mixta\/#breadcrumb"},"inLanguage":"es","potentialAction":[{"@type":"ReadAction","target":["https:\/\/idecesos.com\/seguros\/companias\/plus-ultra\/prima-mixta\/"]}]},{"@type":"BreadcrumbList","@id":"https:\/\/idecesos.com\/seguros\/companias\/plus-ultra\/prima-mixta\/#breadcrumb","itemListElement":[{"@type":"ListItem","position":1,"name":"Portada","item":"https:\/\/idecesos.com\/seguros\/"},{"@type":"ListItem","position":2,"name":"Compa\u00f1\u00edas de Seguros de Decesos en Espa\u00f1a","item":"https:\/\/idecesos.com\/seguros\/companias\/"},{"@type":"ListItem","position":3,"name":"Seguro de decesos Plus Ultra","item":"https:\/\/idecesos.com\/seguros\/companias\/plus-ultra\/"},{"@type":"ListItem","position":4,"name":"Seguro de decesos Plus Ultra Prima Mixta"}]},{"@type":"WebSite","@id":"https:\/\/idecesos.com\/seguros\/#website","url":"https:\/\/idecesos.com\/seguros\/","name":"","description":"","potentialAction":[{"@type":"SearchAction","target":{"@type":"EntryPoint","urlTemplate":"https:\/\/idecesos.com\/seguros\/?s={search_term_string}"},"query-input":{"@type":"PropertyValueSpecification","valueRequired":true,"valueName":"search_term_string"}}],"inLanguage":"es"}]}},"_links":{"self":[{"href":"https:\/\/idecesos.com\/seguros\/wp-json\/wp\/v2\/pages\/11618","targetHints":{"allow":["GET"]}}],"collection":[{"href":"https:\/\/idecesos.com\/seguros\/wp-json\/wp\/v2\/pages"}],"about":[{"href":"https:\/\/idecesos.com\/seguros\/wp-json\/wp\/v2\/types\/page"}],"author":[{"embeddable":true,"href":"https:\/\/idecesos.com\/seguros\/wp-json\/wp\/v2\/users\/3"}],"replies":[{"embeddable":true,"href":"https:\/\/idecesos.com\/seguros\/wp-json\/wp\/v2\/comments?post=11618"}],"version-history":[{"count":1,"href":"https:\/\/idecesos.com\/seguros\/wp-json\/wp\/v2\/pages\/11618\/revisions"}],"predecessor-version":[{"id":13120,"href":"https:\/\/idecesos.com\/seguros\/wp-json\/wp\/v2\/pages\/11618\/revisions\/13120"}],"up":[{"embeddable":true,"href":"https:\/\/idecesos.com\/seguros\/wp-json\/wp\/v2\/pages\/445"}],"wp:attachment":[{"href":"https:\/\/idecesos.com\/seguros\/wp-json\/wp\/v2\/media?parent=11618"}],"curies":[{"name":"wp","href":"https:\/\/api.w.org\/{rel}","templated":true}]}}