{"id":11619,"date":"2021-11-16T00:00:00","date_gmt":"2021-11-16T00:00:00","guid":{"rendered":"https:\/\/idecesos.com\/seguros\/?page_id=11619"},"modified":"2022-01-03T12:29:57","modified_gmt":"2022-01-03T12:29:57","slug":"prima-nivelada","status":"publish","type":"page","link":"https:\/\/idecesos.com\/seguros\/companias\/pueyo\/prima-nivelada\/","title":{"rendered":"Seguro de decesos Banca Pueyo Prima Nivelada"},"content":{"rendered":"<div id=\"ez-toc-container\" class=\"ez-toc-v2_0_82_2 ez-toc-wrap-center counter-hierarchy ez-toc-counter ez-toc-custom ez-toc-container-direction\">\n<div class=\"ez-toc-title-container\">\n<p class=\"ez-toc-title\" style=\"cursor:inherit\">Tabla de Contenido<\/p>\n<span class=\"ez-toc-title-toggle\"><a href=\"#\" class=\"ez-toc-pull-right ez-toc-btn ez-toc-btn-xs ez-toc-btn-default ez-toc-toggle\" aria-label=\"Alternar tabla de contenidos\"><span class=\"ez-toc-js-icon-con\"><span class=\"\"><span class=\"eztoc-hide\" style=\"display:none;\">Toggle<\/span><span class=\"ez-toc-icon-toggle-span\"><svg style=\"fill: #db6415;color:#db6415\" xmlns=\"http:\/\/www.w3.org\/2000\/svg\" class=\"list-377408\" width=\"20px\" height=\"20px\" viewBox=\"0 0 24 24\" fill=\"none\"><path d=\"M6 6H4v2h2V6zm14 0H8v2h12V6zM4 11h2v2H4v-2zm16 0H8v2h12v-2zM4 16h2v2H4v-2zm16 0H8v2h12v-2z\" fill=\"currentColor\"><\/path><\/svg><svg style=\"fill: #db6415;color:#db6415\" class=\"arrow-unsorted-368013\" xmlns=\"http:\/\/www.w3.org\/2000\/svg\" width=\"10px\" height=\"10px\" viewBox=\"0 0 24 24\" version=\"1.2\" baseProfile=\"tiny\"><path d=\"M18.2 9.3l-6.2-6.3-6.2 6.3c-.2.2-.3.4-.3.7s.1.5.3.7c.2.2.4.3.7.3h11c.3 0 .5-.1.7-.3.2-.2.3-.5.3-.7s-.1-.5-.3-.7zM5.8 14.7l6.2 6.3 6.2-6.3c.2-.2.3-.5.3-.7s-.1-.5-.3-.7c-.2-.2-.4-.3-.7-.3h-11c-.3 0-.5.1-.7.3-.2.2-.3.5-.3.7s.1.5.3.7z\"\/><\/svg><\/span><\/span><\/span><\/a><\/span><\/div>\n<nav><ul class='ez-toc-list ez-toc-list-level-1 ' ><li class='ez-toc-page-1 ez-toc-heading-level-2'><a class=\"ez-toc-link ez-toc-heading-1\" href=\"https:\/\/idecesos.com\/seguros\/companias\/pueyo\/prima-nivelada\/#Coberturas_seguro_Prima_Nivelada_Banca_Pueyo\" >Coberturas seguro Prima Nivelada Banca Pueyo<\/a><ul class='ez-toc-list-level-3' ><li class='ez-toc-heading-level-3'><a class=\"ez-toc-link ez-toc-heading-2\" href=\"https:\/\/idecesos.com\/seguros\/companias\/pueyo\/prima-nivelada\/#%C2%BFA_quien_va_dirigido_el_seguro_de_decesos_Prima_Nivelada_de_Banca_Pueyo\" >\u00bfA qui\u00e9n va dirigido el seguro de decesos Prima Nivelada de Banca Pueyo?<\/a><\/li><\/ul><\/li><li class='ez-toc-page-1 ez-toc-heading-level-2'><a class=\"ez-toc-link ez-toc-heading-3\" href=\"https:\/\/idecesos.com\/seguros\/companias\/pueyo\/prima-nivelada\/#Precio_de_seguro_de_decesos_Prima_Nivelada_Banca_Pueyo\" >Precio de seguro de decesos Prima Nivelada Banca Pueyo<\/a><\/li><li class='ez-toc-page-1 ez-toc-heading-level-2'><a class=\"ez-toc-link ez-toc-heading-4\" href=\"https:\/\/idecesos.com\/seguros\/companias\/pueyo\/prima-nivelada\/#Productos_Prima_Nivelada_Banca_Pueyo\" >Productos Prima Nivelada Banca Pueyo<\/a><\/li><li class='ez-toc-page-1 ez-toc-heading-level-2'><a class=\"ez-toc-link ez-toc-heading-5\" href=\"https:\/\/idecesos.com\/seguros\/companias\/pueyo\/prima-nivelada\/#Opiniones_del_seguro_de_decesos_de_Prima_Nivelada_de_Banca_Pueyo\" >Opiniones del seguro de decesos de Prima Nivelada de Banca Pueyo<\/a><ul class='ez-toc-list-level-3' ><li class='ez-toc-heading-level-3'><a class=\"ez-toc-link ez-toc-heading-6\" href=\"https:\/\/idecesos.com\/seguros\/companias\/pueyo\/prima-nivelada\/#Paginas_relacionadas\" >P\u00e1ginas relacionadas<\/a><\/li><\/ul><\/li><\/ul><\/nav><\/div>\n\n<p>El seguro de decesos de prima nivelada Banca Pueyo se identifica por ser una tipolog\u00eda en la cual el precio del seguro contin\u00faa constante y se aplica a la suma asegurada el servicio mortuorio que se ha contratado en el comienzo del seguro. Incluso contando con un cat\u00e1logo ampl\u00edsimo, sus clientes optan por la p\u00f3liza de prima nivelada Banca Pueyo. En el c\u00edrculo de los que contemplan una edad muy joven, les resulta un importe muy elevado. Se hacen cargo de todo de una manera considerablemente m\u00e1s veloz y simple, marcando el n\u00famero de asistencia familiar de Banca Pueyo lo hicieran seg\u00fan el acuerdo de la p\u00f3liza de prima nivelada Banca Pueyo. <\/p>\n<p>Leer m\u00e1s: <a href=\"https:\/\/idecesos.com\/seguros\/tipo\/nivelada\/\">Seguro de decesos Prima Nivelada<\/a><\/p>\n<div class=\"colorf \"  ><div class=\"container clearfix\"><div class=\"col-md-7\"><\/p>\n<h2><span class=\"ez-toc-section\" id=\"Coberturas_seguro_Prima_Nivelada_Banca_Pueyo\"><\/span>Coberturas seguro Prima Nivelada Banca Pueyo<span class=\"ez-toc-section-end\"><\/span><\/h2>\n<p>Las coberturas del seguro de prima nivelada Banca Pueyo son completas y suficientemente extensas para dejarlo todo previsto. Las diferentes coberturas que contempla el seguro de prima nivelada Banca Pueyo van de forma expl\u00edcita dentro del condicionado general, dentro de la pluralidad de los servicios que sobresale es que queda al completo el servicio funerario, sala de velorio, flores entre otros. Es dif\u00edcil que cuando fallece una persona pr\u00f3xima a ti, puedas llevar a cabo tr\u00e1mites complicados, en esos la compa\u00f1\u00eda aseguradora se encargar\u00e1 de un proceso tan complicado, como es dar la baja en el registro civil o como conseguir el certificado m\u00e9dico de defunci\u00f3n. Para poder contemplar de manera m\u00e1s detallada los beneficios y tambi\u00e9n inconvenientes en contraste a otras ofertas lograras ver con iDecesos las mejores coberturas de prima nivelada de Banca Pueyo. <\/p>\n<p><\/div><\/div><\/div>\n<h3><span class=\"ez-toc-section\" id=\"%C2%BFA_quien_va_dirigido_el_seguro_de_decesos_Prima_Nivelada_de_Banca_Pueyo\"><\/span>\u00bfA qui\u00e9n va dirigido el seguro de decesos Prima Nivelada de Banca Pueyo?<span class=\"ez-toc-section-end\"><\/span><\/h3>\n<p>\u00bfQu\u00e9 destaca el seguro de prima nivelada de Banca Pueyo? es de las m\u00e1s atinadas en tanto que se adapta al nivel econ\u00f3mico de cada cliente. M\u00e1s del 85 por cien de las personas que han adquirido esta p\u00f3liza son de edad avanzada debido que desean que su prima se realice constantemente y no aumente. Las opiniones de los clientes en Banca Pueyo es esta modalidad espec\u00edficamente es de las m\u00e1s valorada por ello que todos lo adquieren. <\/p>\n<div class=\"colorf \"  ><div class=\"container clearfix\"><div class=\"col-md-7\"><\/p>\n<h2><span class=\"ez-toc-section\" id=\"Precio_de_seguro_de_decesos_Prima_Nivelada_Banca_Pueyo\"><\/span>Precio de seguro de decesos Prima Nivelada Banca Pueyo<span class=\"ez-toc-section-end\"><\/span><\/h2>\n<p>Resalta Banca Pueyo con su prima nivelada con una oscilaci\u00f3n que es desde 5,10\u20ac. Va a ir en funci\u00f3n de la edad que consiga la p\u00f3liza as\u00ed como la localidad del mismo. Dentro de iDecesos encontraras los diferentes precios respecto a la prima que deseas tener, con solo acceder al comparador. <\/p>\n<p><\/div><\/div><\/div>\n<h2><span class=\"ez-toc-section\" id=\"Productos_Prima_Nivelada_Banca_Pueyo\"><\/span>Productos Prima Nivelada Banca Pueyo<span class=\"ez-toc-section-end\"><\/span><\/h2>\n<div class=\"colorf\"><div class=\"container clearfix\"><div class=\"col-md-7\"><div class=\"opiniones\">\n<h2><span class=\"ez-toc-section\" id=\"Opiniones_del_seguro_de_decesos_de_Prima_Nivelada_de_Banca_Pueyo\"><\/span>Opiniones del seguro de decesos de Prima Nivelada de Banca Pueyo<span class=\"ez-toc-section-end\"><\/span><\/h2>\n<p>Tiene una de las mejores creencias el seguro de decesos de prima nivelada Banca Pueyo generado gracias a los mejores aconsejes del mercado que es iDecesos, dando accesibilidad a unas coberturas que hacen con eficacia las gestiones correspondientes. La prima nivelada Banca Pueyo produce muchas comodidades en el momento de efectuar los pagos dentro de los interesados. De forma ocasional Banca Pueyo pone a disposici\u00f3n de sus clientes del servicio promociones y descuentos muy interesantes y ventajosos. <\/p>\n<div class=\"opinion \"  >\n\t\t\t<div class=\"cabecera_opinion\">\n\t\t\t\t<div class=\"avatar\">O P <\/div>\n\t\t\t\t<div class=\"datos_opinion\">\n\t\t\t\t\t<div class=\"nombre_opinion\">Obdulia Pinilla<\/div>\n\t\t\t\t\t<div class=\"info_opinion\">\t\t\t\t\t\t\n\t\t\t\t\t\t<div class=\"cuenta_opinion\"><i class=\"fas fa-pencil-alt\"><\/i><!--span class=\"dashicons dashicons-edit\" style=\"font-size:20px\"><\/span--><span>1 Opini\u00f3n<\/span><\/div>\t\t\t\t\t\t\n\t\t\t\t\t\t<div class=\"localizacion_opinion\">\n\t\t\t\t\t\t\t<i class=\"fas fa-map-marker-alt\"><\/i><!--span class=\"dashicons dashicons-location\" style=\"font-size:20px\"><\/span-->\n\t\t\t\t\t\t\t<span>ES<\/span>\n\t\t\t\t\t\t<\/div>\t\n\t\t\t\t\t<\/div>\n\t\t\t\t<\/div>\n\t\t\t<\/div><div class=\"texto_opinion\"><\/p>\n<p>Actualmente es complicado encontrar una compa\u00f1\u00eda aseguradora con buen costo y buen atenci\u00f3n al servicio por ello Banca Pueyo me sorprendi\u00f3 bastante puesto que me daban muy buenas ventajas, dentro del presupuesto que me efectuaron fue muy espec\u00edfico con la p\u00f3liza de prima nivelada, si a\u00fan no das con la adecuada te recomiendo Banca Pueyo. <\/p>\n<p><\/div><\/div>\n<div class=\"opinion \"  >\n\t\t\t<div class=\"cabecera_opinion\">\n\t\t\t\t<div class=\"avatar\">S D <\/div>\n\t\t\t\t<div class=\"datos_opinion\">\n\t\t\t\t\t<div class=\"nombre_opinion\">Sabas del<\/div>\n\t\t\t\t\t<div class=\"info_opinion\">\t\t\t\t\t\t\n\t\t\t\t\t\t<div class=\"cuenta_opinion\"><i class=\"fas fa-pencil-alt\"><\/i><!--span class=\"dashicons dashicons-edit\" style=\"font-size:20px\"><\/span--><span>1 Opini\u00f3n<\/span><\/div>\t\t\t\t\t\t\n\t\t\t\t\t\t<div class=\"localizacion_opinion\">\n\t\t\t\t\t\t\t<i class=\"fas fa-map-marker-alt\"><\/i><!--span class=\"dashicons dashicons-location\" style=\"font-size:20px\"><\/span-->\n\t\t\t\t\t\t\t<span>ES<\/span>\n\t\t\t\t\t\t<\/div>\t\n\t\t\t\t\t<\/div>\n\t\t\t\t<\/div>\n\t\t\t<\/div><div class=\"texto_opinion\"><\/p>\n<p>Me aconsejaron Banca Pueyo ya que estaba buscando el seguro de prima nivelada m\u00e1s econ\u00f3mico, realizando asimismo una b\u00fasqueda muy pormenorizada di con iDecesos, con sinceridad para mi es una herramienta chapo ya que se encarga de decirte las diferentes tarifas que puede tener cada compa\u00f1\u00eda de seguros, por lo que me asisto bastante y decid\u00ed contratar Banca Pueyo. <\/p>\n<p><\/div><\/div>\n<div class=\"opinion \"  >\n\t\t\t<div class=\"cabecera_opinion\">\n\t\t\t\t<div class=\"avatar\">L J <\/div>\n\t\t\t\t<div class=\"datos_opinion\">\n\t\t\t\t\t<div class=\"nombre_opinion\">Luisina Jessica<\/div>\n\t\t\t\t\t<div class=\"info_opinion\">\t\t\t\t\t\t\n\t\t\t\t\t\t<div class=\"cuenta_opinion\"><i class=\"fas fa-pencil-alt\"><\/i><!--span class=\"dashicons dashicons-edit\" style=\"font-size:20px\"><\/span--><span>1 Opini\u00f3n<\/span><\/div>\t\t\t\t\t\t\n\t\t\t\t\t\t<div class=\"localizacion_opinion\">\n\t\t\t\t\t\t\t<i class=\"fas fa-map-marker-alt\"><\/i><!--span class=\"dashicons dashicons-location\" style=\"font-size:20px\"><\/span-->\n\t\t\t\t\t\t\t<span>ES<\/span>\n\t\t\t\t\t\t<\/div>\t\n\t\t\t\t\t<\/div>\n\t\t\t\t<\/div>\n\t\t\t<\/div><div class=\"texto_opinion\"><\/p>\n<p>Banca Pueyo en el momento que realice con ellos la p\u00f3liza de prima nivelada, la tarifa me pareci\u00f3 perfecta, no solo eso, sus trabajadores son inusuales, me trataron de manera que no tengo protesta con ello, cuentan con unas coberturas muy atractivas, que desde un principio era lo que estaba buscando, gracias a Banca Pueyo por el mejor el servicio. <\/p>\n<p><\/div><\/div>\n<\/div><\/div><\/div><\/div>\n<p><div class=\"oficinas\"><br \/>\n<h3><span class=\"ez-toc-section\" id=\"Paginas_relacionadas\"><\/span>P\u00e1ginas relacionadas<span class=\"ez-toc-section-end\"><\/span><\/h3><div class=\"enlazado\"><ul> <li><a href=\"https:\/\/idecesos.com\/seguros\/companias\/pueyo\/opiniones\/\">Opiniones Banca Pueyo<\/a><\/li> <li><a href=\"https:\/\/idecesos.com\/seguros\/companias\/pueyo\/precio\/\">Precio seguro Banca Pueyo<\/a><\/li> <li><a href=\"https:\/\/idecesos.com\/seguros\/companias\/pueyo\/prima-mixta\/\">Banca Pueyo Prima Mixta<\/a><\/li> <li><a href=\"https:\/\/idecesos.com\/seguros\/companias\/pueyo\/prima-natural\/\">Banca Pueyo Prima Natural<\/a><\/li> <li><a href=\"https:\/\/idecesos.com\/seguros\/companias\/pueyo\/prima-nivelada\/\">Banca Pueyo Prima Nivelada<\/a><\/li> <li><a href=\"https:\/\/idecesos.com\/seguros\/companias\/pueyo\/prima-unica\/\">Banca Pueyo Prima \u00danica<\/a><\/li> <li><a href=\"https:\/\/idecesos.com\/seguros\/companias\/pueyo\/repatriacion\/\">Banca Pueyo Repatriaci\u00f3n<\/a><\/li> <li><a href=\"https:\/\/idecesos.com\/seguros\/companias\/pueyo\/telefono\/\">Tel\u00e9fono Gratuito Banca Pueyo<\/a><\/li><\/ul><\/div><\/p>\n<\/div>\n","protected":false},"excerpt":{"rendered":"<p>El seguro de decesos de prima nivelada Banca Pueyo se identifica por ser una tipolog\u00eda en la cual el precio del seguro contin\u00faa constante y se aplica a la suma asegurada el servicio mortuorio que se ha contratado en el comienzo del seguro. Incluso contando con un cat\u00e1logo ampl\u00edsimo, sus clientes optan por la p\u00f3liza&hellip; <\/p>\n","protected":false},"author":3,"featured_media":0,"parent":453,"menu_order":0,"comment_status":"closed","ping_status":"closed","template":"single.php","meta":{"footnotes":""},"class_list":["post-11619","page","type-page","status-publish","hentry"],"yoast_head":"<!-- This site is optimized with the Yoast SEO plugin v27.3 - https:\/\/yoast.com\/product\/yoast-seo-wordpress\/ -->\n<title>Seguro Decesos Banca Pueyo Prima Nivelada \u25b7 Opiniones y Precio 2026<\/title>\n<meta name=\"description\" content=\"Click aqu\u00ed \u3010Seguro de Decesos Prima Nivelada Banca Pueyo\u3011 Mejores precios Banca Pueyo seguro de fallecidos Prima Nivelada \u2611\ufe0f Actualizado por iDecesos\u00ae\" \/>\n<meta name=\"robots\" content=\"index, follow, max-snippet:-1, max-image-preview:large, max-video-preview:-1\" \/>\n<link rel=\"canonical\" href=\"https:\/\/idecesos.com\/seguros\/companias\/pueyo\/prima-nivelada\/\" \/>\n<meta property=\"og:locale\" content=\"es_ES\" \/>\n<meta property=\"og:type\" content=\"article\" \/>\n<meta property=\"og:title\" content=\"Seguro Decesos Banca Pueyo Prima Nivelada \u25b7 Opiniones y Precio 2026\" \/>\n<meta property=\"og:description\" content=\"Click aqu\u00ed \u3010Seguro de Decesos Prima Nivelada Banca Pueyo\u3011 Mejores precios Banca Pueyo seguro de fallecidos Prima Nivelada \u2611\ufe0f Actualizado por iDecesos\u00ae\" \/>\n<meta property=\"og:url\" content=\"https:\/\/idecesos.com\/seguros\/companias\/pueyo\/prima-nivelada\/\" \/>\n<meta property=\"article:modified_time\" content=\"2022-01-03T12:29:57+00:00\" \/>\n<meta name=\"twitter:card\" content=\"summary_large_image\" \/>\n<meta name=\"twitter:label1\" content=\"Tiempo de lectura\" \/>\n\t<meta name=\"twitter:data1\" content=\"57 minutos\" \/>\n<script type=\"application\/ld+json\" class=\"yoast-schema-graph\">{\"@context\":\"https:\\\/\\\/schema.org\",\"@graph\":[{\"@type\":\"WebPage\",\"@id\":\"https:\\\/\\\/idecesos.com\\\/seguros\\\/companias\\\/pueyo\\\/prima-nivelada\\\/\",\"url\":\"https:\\\/\\\/idecesos.com\\\/seguros\\\/companias\\\/pueyo\\\/prima-nivelada\\\/\",\"name\":\"Seguro Decesos Banca Pueyo Prima Nivelada \u25b7 Opiniones y Precio 2026\",\"isPartOf\":{\"@id\":\"https:\\\/\\\/idecesos.com\\\/seguros\\\/#website\"},\"datePublished\":\"2021-11-16T00:00:00+00:00\",\"dateModified\":\"2022-01-03T12:29:57+00:00\",\"description\":\"Click aqu\u00ed \u3010Seguro de Decesos Prima Nivelada Banca Pueyo\u3011 Mejores precios Banca Pueyo seguro de fallecidos Prima Nivelada \u2611\ufe0f Actualizado por iDecesos\u00ae\",\"breadcrumb\":{\"@id\":\"https:\\\/\\\/idecesos.com\\\/seguros\\\/companias\\\/pueyo\\\/prima-nivelada\\\/#breadcrumb\"},\"inLanguage\":\"es\",\"potentialAction\":[{\"@type\":\"ReadAction\",\"target\":[\"https:\\\/\\\/idecesos.com\\\/seguros\\\/companias\\\/pueyo\\\/prima-nivelada\\\/\"]}]},{\"@type\":\"BreadcrumbList\",\"@id\":\"https:\\\/\\\/idecesos.com\\\/seguros\\\/companias\\\/pueyo\\\/prima-nivelada\\\/#breadcrumb\",\"itemListElement\":[{\"@type\":\"ListItem\",\"position\":1,\"name\":\"Portada\",\"item\":\"https:\\\/\\\/idecesos.com\\\/seguros\\\/\"},{\"@type\":\"ListItem\",\"position\":2,\"name\":\"Compa\u00f1\u00edas de Seguros de Decesos en Espa\u00f1a\",\"item\":\"https:\\\/\\\/idecesos.com\\\/seguros\\\/companias\\\/\"},{\"@type\":\"ListItem\",\"position\":3,\"name\":\"Seguro de decesos Banca Pueyo\",\"item\":\"https:\\\/\\\/idecesos.com\\\/seguros\\\/companias\\\/pueyo\\\/\"},{\"@type\":\"ListItem\",\"position\":4,\"name\":\"Seguro de decesos Banca Pueyo Prima Nivelada\"}]},{\"@type\":\"WebSite\",\"@id\":\"https:\\\/\\\/idecesos.com\\\/seguros\\\/#website\",\"url\":\"https:\\\/\\\/idecesos.com\\\/seguros\\\/\",\"name\":\"\",\"description\":\"\",\"potentialAction\":[{\"@type\":\"SearchAction\",\"target\":{\"@type\":\"EntryPoint\",\"urlTemplate\":\"https:\\\/\\\/idecesos.com\\\/seguros\\\/?s={search_term_string}\"},\"query-input\":{\"@type\":\"PropertyValueSpecification\",\"valueRequired\":true,\"valueName\":\"search_term_string\"}}],\"inLanguage\":\"es\"}]}<\/script>\n<!-- \/ Yoast SEO plugin. -->","yoast_head_json":{"title":"Seguro Decesos Banca Pueyo Prima Nivelada \u25b7 Opiniones y Precio 2026","description":"Click aqu\u00ed \u3010Seguro de Decesos Prima Nivelada Banca Pueyo\u3011 Mejores precios Banca Pueyo seguro de fallecidos Prima Nivelada \u2611\ufe0f Actualizado por iDecesos\u00ae","robots":{"index":"index","follow":"follow","max-snippet":"max-snippet:-1","max-image-preview":"max-image-preview:large","max-video-preview":"max-video-preview:-1"},"canonical":"https:\/\/idecesos.com\/seguros\/companias\/pueyo\/prima-nivelada\/","og_locale":"es_ES","og_type":"article","og_title":"Seguro Decesos Banca Pueyo Prima Nivelada \u25b7 Opiniones y Precio 2026","og_description":"Click aqu\u00ed \u3010Seguro de Decesos Prima Nivelada Banca Pueyo\u3011 Mejores precios Banca Pueyo seguro de fallecidos Prima Nivelada \u2611\ufe0f Actualizado por iDecesos\u00ae","og_url":"https:\/\/idecesos.com\/seguros\/companias\/pueyo\/prima-nivelada\/","article_modified_time":"2022-01-03T12:29:57+00:00","twitter_card":"summary_large_image","twitter_misc":{"Tiempo de lectura":"57 minutos"},"schema":{"@context":"https:\/\/schema.org","@graph":[{"@type":"WebPage","@id":"https:\/\/idecesos.com\/seguros\/companias\/pueyo\/prima-nivelada\/","url":"https:\/\/idecesos.com\/seguros\/companias\/pueyo\/prima-nivelada\/","name":"Seguro Decesos Banca Pueyo Prima Nivelada \u25b7 Opiniones y Precio 2026","isPartOf":{"@id":"https:\/\/idecesos.com\/seguros\/#website"},"datePublished":"2021-11-16T00:00:00+00:00","dateModified":"2022-01-03T12:29:57+00:00","description":"Click aqu\u00ed \u3010Seguro de Decesos Prima Nivelada Banca Pueyo\u3011 Mejores precios Banca Pueyo seguro de fallecidos Prima Nivelada \u2611\ufe0f Actualizado por iDecesos\u00ae","breadcrumb":{"@id":"https:\/\/idecesos.com\/seguros\/companias\/pueyo\/prima-nivelada\/#breadcrumb"},"inLanguage":"es","potentialAction":[{"@type":"ReadAction","target":["https:\/\/idecesos.com\/seguros\/companias\/pueyo\/prima-nivelada\/"]}]},{"@type":"BreadcrumbList","@id":"https:\/\/idecesos.com\/seguros\/companias\/pueyo\/prima-nivelada\/#breadcrumb","itemListElement":[{"@type":"ListItem","position":1,"name":"Portada","item":"https:\/\/idecesos.com\/seguros\/"},{"@type":"ListItem","position":2,"name":"Compa\u00f1\u00edas de Seguros de Decesos en Espa\u00f1a","item":"https:\/\/idecesos.com\/seguros\/companias\/"},{"@type":"ListItem","position":3,"name":"Seguro de decesos Banca Pueyo","item":"https:\/\/idecesos.com\/seguros\/companias\/pueyo\/"},{"@type":"ListItem","position":4,"name":"Seguro de decesos Banca Pueyo Prima Nivelada"}]},{"@type":"WebSite","@id":"https:\/\/idecesos.com\/seguros\/#website","url":"https:\/\/idecesos.com\/seguros\/","name":"","description":"","potentialAction":[{"@type":"SearchAction","target":{"@type":"EntryPoint","urlTemplate":"https:\/\/idecesos.com\/seguros\/?s={search_term_string}"},"query-input":{"@type":"PropertyValueSpecification","valueRequired":true,"valueName":"search_term_string"}}],"inLanguage":"es"}]}},"_links":{"self":[{"href":"https:\/\/idecesos.com\/seguros\/wp-json\/wp\/v2\/pages\/11619","targetHints":{"allow":["GET"]}}],"collection":[{"href":"https:\/\/idecesos.com\/seguros\/wp-json\/wp\/v2\/pages"}],"about":[{"href":"https:\/\/idecesos.com\/seguros\/wp-json\/wp\/v2\/types\/page"}],"author":[{"embeddable":true,"href":"https:\/\/idecesos.com\/seguros\/wp-json\/wp\/v2\/users\/3"}],"replies":[{"embeddable":true,"href":"https:\/\/idecesos.com\/seguros\/wp-json\/wp\/v2\/comments?post=11619"}],"version-history":[{"count":1,"href":"https:\/\/idecesos.com\/seguros\/wp-json\/wp\/v2\/pages\/11619\/revisions"}],"predecessor-version":[{"id":13124,"href":"https:\/\/idecesos.com\/seguros\/wp-json\/wp\/v2\/pages\/11619\/revisions\/13124"}],"up":[{"embeddable":true,"href":"https:\/\/idecesos.com\/seguros\/wp-json\/wp\/v2\/pages\/453"}],"wp:attachment":[{"href":"https:\/\/idecesos.com\/seguros\/wp-json\/wp\/v2\/media?parent=11619"}],"curies":[{"name":"wp","href":"https:\/\/api.w.org\/{rel}","templated":true}]}}