{"id":11633,"date":"2021-11-17T00:00:00","date_gmt":"2021-11-17T00:00:00","guid":{"rendered":"https:\/\/idecesos.com\/seguros\/?page_id=11633"},"modified":"2022-01-03T12:30:04","modified_gmt":"2022-01-03T12:30:04","slug":"prima-nivelada","status":"publish","type":"page","link":"https:\/\/idecesos.com\/seguros\/companias\/burriana\/prima-nivelada\/","title":{"rendered":"Seguro de decesos Caixa Rural Burriana Prima Nivelada"},"content":{"rendered":"<div id=\"ez-toc-container\" class=\"ez-toc-v2_0_82_2 ez-toc-wrap-center counter-hierarchy ez-toc-counter ez-toc-custom ez-toc-container-direction\">\n<div class=\"ez-toc-title-container\">\n<p class=\"ez-toc-title\" style=\"cursor:inherit\">Tabla de Contenido<\/p>\n<span class=\"ez-toc-title-toggle\"><a href=\"#\" class=\"ez-toc-pull-right ez-toc-btn ez-toc-btn-xs ez-toc-btn-default ez-toc-toggle\" aria-label=\"Alternar tabla de contenidos\"><span class=\"ez-toc-js-icon-con\"><span class=\"\"><span class=\"eztoc-hide\" style=\"display:none;\">Toggle<\/span><span class=\"ez-toc-icon-toggle-span\"><svg style=\"fill: #db6415;color:#db6415\" xmlns=\"http:\/\/www.w3.org\/2000\/svg\" class=\"list-377408\" width=\"20px\" height=\"20px\" viewBox=\"0 0 24 24\" fill=\"none\"><path d=\"M6 6H4v2h2V6zm14 0H8v2h12V6zM4 11h2v2H4v-2zm16 0H8v2h12v-2zM4 16h2v2H4v-2zm16 0H8v2h12v-2z\" fill=\"currentColor\"><\/path><\/svg><svg style=\"fill: #db6415;color:#db6415\" class=\"arrow-unsorted-368013\" xmlns=\"http:\/\/www.w3.org\/2000\/svg\" width=\"10px\" height=\"10px\" viewBox=\"0 0 24 24\" version=\"1.2\" baseProfile=\"tiny\"><path d=\"M18.2 9.3l-6.2-6.3-6.2 6.3c-.2.2-.3.4-.3.7s.1.5.3.7c.2.2.4.3.7.3h11c.3 0 .5-.1.7-.3.2-.2.3-.5.3-.7s-.1-.5-.3-.7zM5.8 14.7l6.2 6.3 6.2-6.3c.2-.2.3-.5.3-.7s-.1-.5-.3-.7c-.2-.2-.4-.3-.7-.3h-11c-.3 0-.5.1-.7.3-.2.2-.3.5-.3.7s.1.5.3.7z\"\/><\/svg><\/span><\/span><\/span><\/a><\/span><\/div>\n<nav><ul class='ez-toc-list ez-toc-list-level-1 ' ><li class='ez-toc-page-1 ez-toc-heading-level-2'><a class=\"ez-toc-link ez-toc-heading-1\" href=\"https:\/\/idecesos.com\/seguros\/companias\/burriana\/prima-nivelada\/#Coberturas_seguro_Prima_Nivelada_Caixa_Rural_Burriana\" >Coberturas seguro Prima Nivelada Caixa Rural Burriana<\/a><ul class='ez-toc-list-level-3' ><li class='ez-toc-heading-level-3'><a class=\"ez-toc-link ez-toc-heading-2\" href=\"https:\/\/idecesos.com\/seguros\/companias\/burriana\/prima-nivelada\/#%C2%BFA_quien_va_dirigido_el_seguro_de_decesos_Prima_Nivelada_de_Caixa_Rural_Burriana\" >\u00bfA qui\u00e9n va dirigido el seguro de decesos Prima Nivelada de Caixa Rural Burriana?<\/a><\/li><\/ul><\/li><li class='ez-toc-page-1 ez-toc-heading-level-2'><a class=\"ez-toc-link ez-toc-heading-3\" href=\"https:\/\/idecesos.com\/seguros\/companias\/burriana\/prima-nivelada\/#Precio_de_seguro_de_decesos_Prima_Nivelada_Caixa_Rural_Burriana\" >Precio de seguro de decesos Prima Nivelada Caixa Rural Burriana<\/a><\/li><li class='ez-toc-page-1 ez-toc-heading-level-2'><a class=\"ez-toc-link ez-toc-heading-4\" href=\"https:\/\/idecesos.com\/seguros\/companias\/burriana\/prima-nivelada\/#Productos_Prima_Nivelada_Caixa_Rural_Burriana\" >Productos Prima Nivelada Caixa Rural Burriana<\/a><\/li><li class='ez-toc-page-1 ez-toc-heading-level-2'><a class=\"ez-toc-link ez-toc-heading-5\" href=\"https:\/\/idecesos.com\/seguros\/companias\/burriana\/prima-nivelada\/#Opiniones_del_seguro_de_decesos_de_Prima_Nivelada_de_Caixa_Rural_Burriana\" >Opiniones del seguro de decesos de Prima Nivelada de Caixa Rural Burriana<\/a><ul class='ez-toc-list-level-3' ><li class='ez-toc-heading-level-3'><a class=\"ez-toc-link ez-toc-heading-6\" href=\"https:\/\/idecesos.com\/seguros\/companias\/burriana\/prima-nivelada\/#Paginas_relacionadas\" >P\u00e1ginas relacionadas<\/a><\/li><\/ul><\/li><\/ul><\/nav><\/div>\n\n<p>El seguro de decesos de prima nivelada Caixa Rural Burriana se identifica por ser una tipolog\u00eda en la que el coste del seguro permanece incesante y se aplica a la suma asegurada el servicio l\u00fagubre que se ha contratado en el inicio del seguro. En su cartera de clientes, el que m\u00e1s destaca de su cat\u00e1logo es la prima nivelada Caixa Rural Burriana, si bien las personas m\u00e1s j\u00f3venes crees desembolsar m\u00e1s dinero del que es, por lo que ve un desarrollo en el pago demasiado elevado. La prima nivelada Caixa Rural Burriana resalta una de sus ventajas es que lo tramitan de una manera considerablemente m\u00e1s sencilla, efectuando una llamada se encargasen de todas las gestiones pertinentes por medio de asistencia familiar de Caixa Rural Burriana. <\/p>\n<p>Leer m\u00e1s: <a href=\"https:\/\/idecesos.com\/seguros\/tipo\/nivelada\/\">Seguro de decesos Prima Nivelada<\/a><\/p>\n<div class=\"colorf \"  ><div class=\"container clearfix\"><div class=\"col-md-7\"><\/p>\n<h2><span class=\"ez-toc-section\" id=\"Coberturas_seguro_Prima_Nivelada_Caixa_Rural_Burriana\"><\/span>Coberturas seguro Prima Nivelada Caixa Rural Burriana<span class=\"ez-toc-section-end\"><\/span><\/h2>\n<p>Todas y cada una de las coberturas de la prima nivelada de Caixa Rural Burriana son enfocadas para darle un servicio funerario digno a sus asegurados y adem\u00e1s de esto para ofrecerles unas garant\u00edas altamenente \u00fatiles que podr\u00e1n usar durante toda la vigencia de la p\u00f3liza. Para un mayor servicio y brindar las facilidades a sus familiares las m\u00e1s destacadas son el desplazamiento en veh\u00edculo funerario, tanatorio, ata\u00fad y todas y cada una gestiones pertinentes a la tramitaci\u00f3n para el proceso sea dentro lo que se rige la normativa legal de los organismos p\u00fablicos. Han renovado sus servicios de prima nivelada dej\u00e1ndolos de manera actual en Caixa Rural Burriana resaltando como de las mejores dentro de los diferentes mercados que existen. Donde vas a poder contar con entierro o incineraci\u00f3n. Vas a poder observar de forma m\u00e1s completa las condiciones en iDecesos, tambi\u00e9n las coberturas de prima nivelada las que son de suma importancia y puedas revisar que los datos sean reales.<\/p>\n<p><\/div><\/div><\/div>\n<h3><span class=\"ez-toc-section\" id=\"%C2%BFA_quien_va_dirigido_el_seguro_de_decesos_Prima_Nivelada_de_Caixa_Rural_Burriana\"><\/span>\u00bfA qui\u00e9n va dirigido el seguro de decesos Prima Nivelada de Caixa Rural Burriana?<span class=\"ez-toc-section-end\"><\/span><\/h3>\n<p>Est\u00e1 dise\u00f1ado para todas aquellas personas que se encuentren financieramente poco estable, puedan obtener el seguro de prima nivelada de Caixa Rural Burriana. Acostumbran a ser personas o familias que quieren tener un orden financiero y desean estar protegidos pero con el gasto controlado anualmente. Mayoritariamente los que optan por este seguro es para tener una estabilidad a nivel econ\u00f3mico y no haya cambios en la prima todos los a\u00f1os. En Caixa Rural Burriana la modalidad de prima nivelada es una de las que m\u00e1s densidad de clientes tiene y que mayor valoraci\u00f3n le dan sus clientes del servicio. <\/p>\n<div class=\"colorf \"  ><div class=\"container clearfix\"><div class=\"col-md-7\"><\/p>\n<h2><span class=\"ez-toc-section\" id=\"Precio_de_seguro_de_decesos_Prima_Nivelada_Caixa_Rural_Burriana\"><\/span>Precio de seguro de decesos Prima Nivelada Caixa Rural Burriana<span class=\"ez-toc-section-end\"><\/span><\/h2>\n<p>La prima nivelada de Caixa Rural Burriana su precio es desde 5 euros mas ten en cuenta que la tarifa que se aplique era en concordancia con la edad a la hora de contratar el seguro, como los gastos de los servicios funerarios. Para saber si prima es la m\u00e1s econ\u00f3mica en correlaci\u00f3n a el resto empresas aseguradoras, esa informaci\u00f3n lo lograr\u00e1s en iDeceso sin necesidad de ningun registro. <\/p>\n<p><\/div><\/div><\/div>\n<h2><span class=\"ez-toc-section\" id=\"Productos_Prima_Nivelada_Caixa_Rural_Burriana\"><\/span>Productos Prima Nivelada Caixa Rural Burriana<span class=\"ez-toc-section-end\"><\/span><\/h2>\n<div class=\"colorf\"><div class=\"container clearfix\"><div class=\"col-md-7\"><div class=\"opiniones\">\n<h2><span class=\"ez-toc-section\" id=\"Opiniones_del_seguro_de_decesos_de_Prima_Nivelada_de_Caixa_Rural_Burriana\"><\/span>Opiniones del seguro de decesos de Prima Nivelada de Caixa Rural Burriana<span class=\"ez-toc-section-end\"><\/span><\/h2>\n<p>En iDecesos a lo largo del tiempo a contemplar las mejores opiniones del seguro de prima nivelada de Caixa Rural Burriana, en la que son l\u00edderes en seguros de decesos, es m\u00e1s que satisfactoria. Tras un cauto estudio de entre todas y cada una de las coberturas en detalle, adem\u00e1s de realizar un enorme estudio del mercado con las competencias que tambi\u00e9n dan prima nivelada. <\/p>\n<div class=\"opinion \"  >\n\t\t\t<div class=\"cabecera_opinion\">\n\t\t\t\t<div class=\"avatar\">A M <\/div>\n\t\t\t\t<div class=\"datos_opinion\">\n\t\t\t\t\t<div class=\"nombre_opinion\">Aron mejias<\/div>\n\t\t\t\t\t<div class=\"info_opinion\">\t\t\t\t\t\t\n\t\t\t\t\t\t<div class=\"cuenta_opinion\"><i class=\"fas fa-pencil-alt\"><\/i><!--span class=\"dashicons dashicons-edit\" style=\"font-size:20px\"><\/span--><span>1 Opini\u00f3n<\/span><\/div>\t\t\t\t\t\t\n\t\t\t\t\t\t<div class=\"localizacion_opinion\">\n\t\t\t\t\t\t\t<i class=\"fas fa-map-marker-alt\"><\/i><!--span class=\"dashicons dashicons-location\" style=\"font-size:20px\"><\/span-->\n\t\t\t\t\t\t\t<span>ES<\/span>\n\t\t\t\t\t\t<\/div>\t\n\t\t\t\t\t<\/div>\n\t\t\t\t<\/div>\n\t\t\t<\/div><div class=\"texto_opinion\"><\/p>\n<p>Cuando realice el contrato de prima nivelada de Caixa Rural Burriana adem\u00e1s de que sus coberturas son muy destacables, me ayudaron en todo el proceso, yo lo realice de forma telef\u00f3nica, ya que me resultaba mucho m\u00e1s f\u00e1cil hacer la contrataci\u00f3n. Te lo aconsejo 100 por ciento . <\/p>\n<p><\/div><\/div>\n<div class=\"opinion \"  >\n\t\t\t<div class=\"cabecera_opinion\">\n\t\t\t\t<div class=\"avatar\">C B <\/div>\n\t\t\t\t<div class=\"datos_opinion\">\n\t\t\t\t\t<div class=\"nombre_opinion\">Carla Benito<\/div>\n\t\t\t\t\t<div class=\"info_opinion\">\t\t\t\t\t\t\n\t\t\t\t\t\t<div class=\"cuenta_opinion\"><i class=\"fas fa-pencil-alt\"><\/i><!--span class=\"dashicons dashicons-edit\" style=\"font-size:20px\"><\/span--><span>1 Opini\u00f3n<\/span><\/div>\t\t\t\t\t\t\n\t\t\t\t\t\t<div class=\"localizacion_opinion\">\n\t\t\t\t\t\t\t<i class=\"fas fa-map-marker-alt\"><\/i><!--span class=\"dashicons dashicons-location\" style=\"font-size:20px\"><\/span-->\n\t\t\t\t\t\t\t<span>ES<\/span>\n\t\t\t\t\t\t<\/div>\t\n\t\t\t\t\t<\/div>\n\t\t\t\t<\/div>\n\t\t\t<\/div><div class=\"texto_opinion\"><\/p>\n<p>Caixa Rural Burriana en el momento que realice con ellos la p\u00f3liza de prima nivelada, la tarifa me pareci\u00f3 perfecta, no solo eso, sus trabajadores son inusuales, me trataron de manera que no tengo protesta con ello, cuentan con unas coberturas muy atractivas, que desde un principio era lo que estaba buscando, gracias a Caixa Rural Burriana por el mejor el servicio. <\/p>\n<p><\/div><\/div>\n<div class=\"opinion \"  >\n\t\t\t<div class=\"cabecera_opinion\">\n\t\t\t\t<div class=\"avatar\">R E <\/div>\n\t\t\t\t<div class=\"datos_opinion\">\n\t\t\t\t\t<div class=\"nombre_opinion\">Roc\u00edo Enr\u00edquez<\/div>\n\t\t\t\t\t<div class=\"info_opinion\">\t\t\t\t\t\t\n\t\t\t\t\t\t<div class=\"cuenta_opinion\"><i class=\"fas fa-pencil-alt\"><\/i><!--span class=\"dashicons dashicons-edit\" style=\"font-size:20px\"><\/span--><span>1 Opini\u00f3n<\/span><\/div>\t\t\t\t\t\t\n\t\t\t\t\t\t<div class=\"localizacion_opinion\">\n\t\t\t\t\t\t\t<i class=\"fas fa-map-marker-alt\"><\/i><!--span class=\"dashicons dashicons-location\" style=\"font-size:20px\"><\/span-->\n\t\t\t\t\t\t\t<span>ES<\/span>\n\t\t\t\t\t\t<\/div>\t\n\t\t\t\t\t<\/div>\n\t\t\t\t<\/div>\n\t\t\t<\/div><div class=\"texto_opinion\"><\/p>\n<p>Caixa Rural Burriana fue de las que m\u00e1s se amolda a lo que buscaba, realic\u00e9 con ellos el seguro de prima nivelada me dieron diferentes modalidades de pago, me aconsejaron con una mayor cobertura, se preocuparon por o bien que deber\u00eda saber de cada cl\u00e1usula, qued\u00e9 encantada con Caixa Rural Burriana. <\/p>\n<p><\/div><\/div>\n<\/div><\/div><\/div><\/div>\n<p><div class=\"oficinas\"><br \/>\n<h3><span class=\"ez-toc-section\" id=\"Paginas_relacionadas\"><\/span>P\u00e1ginas relacionadas<span class=\"ez-toc-section-end\"><\/span><\/h3><div class=\"enlazado\"><ul> <li><a href=\"https:\/\/idecesos.com\/seguros\/companias\/burriana\/opiniones\/\">Opiniones Caixa Rural Burriana<\/a><\/li> <li><a href=\"https:\/\/idecesos.com\/seguros\/companias\/burriana\/precio\/\">Precio seguro Caixa Rural Burriana<\/a><\/li> <li><a href=\"https:\/\/idecesos.com\/seguros\/companias\/burriana\/prima-mixta\/\">Caixa Rural Burriana Prima Mixta<\/a><\/li> <li><a href=\"https:\/\/idecesos.com\/seguros\/companias\/burriana\/prima-natural\/\">Caixa Rural Burriana Prima Natural<\/a><\/li> <li><a href=\"https:\/\/idecesos.com\/seguros\/companias\/burriana\/prima-nivelada\/\">Caixa Rural Burriana Prima Nivelada<\/a><\/li> <li><a href=\"https:\/\/idecesos.com\/seguros\/companias\/burriana\/prima-unica\/\">Caixa Rural Burriana Prima \u00danica<\/a><\/li> <li><a href=\"https:\/\/idecesos.com\/seguros\/companias\/burriana\/repatriacion\/\">Caixa Rural Burriana Repatriaci\u00f3n<\/a><\/li> <li><a href=\"https:\/\/idecesos.com\/seguros\/companias\/burriana\/telefono\/\">Tel\u00e9fono Gratuito Caixa Rural Burriana<\/a><\/li><\/ul><\/div><\/p>\n<\/div>\n","protected":false},"excerpt":{"rendered":"<p>El seguro de decesos de prima nivelada Caixa Rural Burriana se identifica por ser una tipolog\u00eda en la que el coste del seguro permanece incesante y se aplica a la suma asegurada el servicio l\u00fagubre que se ha contratado en el inicio del seguro. En su cartera de clientes, el que m\u00e1s destaca de su&hellip; <\/p>\n","protected":false},"author":3,"featured_media":0,"parent":558,"menu_order":0,"comment_status":"closed","ping_status":"closed","template":"single.php","meta":{"footnotes":""},"class_list":["post-11633","page","type-page","status-publish","hentry"],"yoast_head":"<!-- This site is optimized with the Yoast SEO plugin v27.3 - https:\/\/yoast.com\/product\/yoast-seo-wordpress\/ -->\n<title>Seguro Decesos Caixa Rural Burriana Prima Nivelada \u25b7 Opiniones y Precio 2026<\/title>\n<meta name=\"description\" content=\"Click aqu\u00ed \u3010Seguro de Decesos Prima Nivelada Caixa Rural Burriana\u3011 Mejores precios Caixa Rural Burriana seguro de fallecidos Prima Nivelada \u2611\ufe0f Actualizado por iDecesos\u00ae\" \/>\n<meta name=\"robots\" content=\"index, follow, max-snippet:-1, max-image-preview:large, max-video-preview:-1\" \/>\n<link rel=\"canonical\" href=\"https:\/\/idecesos.com\/seguros\/companias\/burriana\/prima-nivelada\/\" \/>\n<meta property=\"og:locale\" content=\"es_ES\" \/>\n<meta property=\"og:type\" content=\"article\" \/>\n<meta property=\"og:title\" content=\"Seguro Decesos Caixa Rural Burriana Prima Nivelada \u25b7 Opiniones y Precio 2026\" \/>\n<meta property=\"og:description\" content=\"Click aqu\u00ed \u3010Seguro de Decesos Prima Nivelada Caixa Rural Burriana\u3011 Mejores precios Caixa Rural Burriana seguro de fallecidos Prima Nivelada \u2611\ufe0f Actualizado por iDecesos\u00ae\" \/>\n<meta property=\"og:url\" content=\"https:\/\/idecesos.com\/seguros\/companias\/burriana\/prima-nivelada\/\" \/>\n<meta property=\"article:modified_time\" content=\"2022-01-03T12:30:04+00:00\" \/>\n<meta name=\"twitter:card\" content=\"summary_large_image\" \/>\n<meta name=\"twitter:label1\" content=\"Tiempo de lectura\" \/>\n\t<meta name=\"twitter:data1\" content=\"57 minutos\" \/>\n<script type=\"application\/ld+json\" class=\"yoast-schema-graph\">{\"@context\":\"https:\\\/\\\/schema.org\",\"@graph\":[{\"@type\":\"WebPage\",\"@id\":\"https:\\\/\\\/idecesos.com\\\/seguros\\\/companias\\\/burriana\\\/prima-nivelada\\\/\",\"url\":\"https:\\\/\\\/idecesos.com\\\/seguros\\\/companias\\\/burriana\\\/prima-nivelada\\\/\",\"name\":\"Seguro Decesos Caixa Rural Burriana Prima Nivelada \u25b7 Opiniones y Precio 2026\",\"isPartOf\":{\"@id\":\"https:\\\/\\\/idecesos.com\\\/seguros\\\/#website\"},\"datePublished\":\"2021-11-17T00:00:00+00:00\",\"dateModified\":\"2022-01-03T12:30:04+00:00\",\"description\":\"Click aqu\u00ed \u3010Seguro de Decesos Prima Nivelada Caixa Rural Burriana\u3011 Mejores precios Caixa Rural Burriana seguro de fallecidos Prima Nivelada \u2611\ufe0f Actualizado por iDecesos\u00ae\",\"breadcrumb\":{\"@id\":\"https:\\\/\\\/idecesos.com\\\/seguros\\\/companias\\\/burriana\\\/prima-nivelada\\\/#breadcrumb\"},\"inLanguage\":\"es\",\"potentialAction\":[{\"@type\":\"ReadAction\",\"target\":[\"https:\\\/\\\/idecesos.com\\\/seguros\\\/companias\\\/burriana\\\/prima-nivelada\\\/\"]}]},{\"@type\":\"BreadcrumbList\",\"@id\":\"https:\\\/\\\/idecesos.com\\\/seguros\\\/companias\\\/burriana\\\/prima-nivelada\\\/#breadcrumb\",\"itemListElement\":[{\"@type\":\"ListItem\",\"position\":1,\"name\":\"Portada\",\"item\":\"https:\\\/\\\/idecesos.com\\\/seguros\\\/\"},{\"@type\":\"ListItem\",\"position\":2,\"name\":\"Compa\u00f1\u00edas de Seguros de Decesos en Espa\u00f1a\",\"item\":\"https:\\\/\\\/idecesos.com\\\/seguros\\\/companias\\\/\"},{\"@type\":\"ListItem\",\"position\":3,\"name\":\"Seguro de decesos Caixa Rural Burriana\",\"item\":\"https:\\\/\\\/idecesos.com\\\/seguros\\\/companias\\\/burriana\\\/\"},{\"@type\":\"ListItem\",\"position\":4,\"name\":\"Seguro de decesos Caixa Rural Burriana Prima Nivelada\"}]},{\"@type\":\"WebSite\",\"@id\":\"https:\\\/\\\/idecesos.com\\\/seguros\\\/#website\",\"url\":\"https:\\\/\\\/idecesos.com\\\/seguros\\\/\",\"name\":\"\",\"description\":\"\",\"potentialAction\":[{\"@type\":\"SearchAction\",\"target\":{\"@type\":\"EntryPoint\",\"urlTemplate\":\"https:\\\/\\\/idecesos.com\\\/seguros\\\/?s={search_term_string}\"},\"query-input\":{\"@type\":\"PropertyValueSpecification\",\"valueRequired\":true,\"valueName\":\"search_term_string\"}}],\"inLanguage\":\"es\"}]}<\/script>\n<!-- \/ Yoast SEO plugin. -->","yoast_head_json":{"title":"Seguro Decesos Caixa Rural Burriana Prima Nivelada \u25b7 Opiniones y Precio 2026","description":"Click aqu\u00ed \u3010Seguro de Decesos Prima Nivelada Caixa Rural Burriana\u3011 Mejores precios Caixa Rural Burriana seguro de fallecidos Prima Nivelada \u2611\ufe0f Actualizado por iDecesos\u00ae","robots":{"index":"index","follow":"follow","max-snippet":"max-snippet:-1","max-image-preview":"max-image-preview:large","max-video-preview":"max-video-preview:-1"},"canonical":"https:\/\/idecesos.com\/seguros\/companias\/burriana\/prima-nivelada\/","og_locale":"es_ES","og_type":"article","og_title":"Seguro Decesos Caixa Rural Burriana Prima Nivelada \u25b7 Opiniones y Precio 2026","og_description":"Click aqu\u00ed \u3010Seguro de Decesos Prima Nivelada Caixa Rural Burriana\u3011 Mejores precios Caixa Rural Burriana seguro de fallecidos Prima Nivelada \u2611\ufe0f Actualizado por iDecesos\u00ae","og_url":"https:\/\/idecesos.com\/seguros\/companias\/burriana\/prima-nivelada\/","article_modified_time":"2022-01-03T12:30:04+00:00","twitter_card":"summary_large_image","twitter_misc":{"Tiempo de lectura":"57 minutos"},"schema":{"@context":"https:\/\/schema.org","@graph":[{"@type":"WebPage","@id":"https:\/\/idecesos.com\/seguros\/companias\/burriana\/prima-nivelada\/","url":"https:\/\/idecesos.com\/seguros\/companias\/burriana\/prima-nivelada\/","name":"Seguro Decesos Caixa Rural Burriana Prima Nivelada \u25b7 Opiniones y Precio 2026","isPartOf":{"@id":"https:\/\/idecesos.com\/seguros\/#website"},"datePublished":"2021-11-17T00:00:00+00:00","dateModified":"2022-01-03T12:30:04+00:00","description":"Click aqu\u00ed \u3010Seguro de Decesos Prima Nivelada Caixa Rural Burriana\u3011 Mejores precios Caixa Rural Burriana seguro de fallecidos Prima Nivelada \u2611\ufe0f Actualizado por iDecesos\u00ae","breadcrumb":{"@id":"https:\/\/idecesos.com\/seguros\/companias\/burriana\/prima-nivelada\/#breadcrumb"},"inLanguage":"es","potentialAction":[{"@type":"ReadAction","target":["https:\/\/idecesos.com\/seguros\/companias\/burriana\/prima-nivelada\/"]}]},{"@type":"BreadcrumbList","@id":"https:\/\/idecesos.com\/seguros\/companias\/burriana\/prima-nivelada\/#breadcrumb","itemListElement":[{"@type":"ListItem","position":1,"name":"Portada","item":"https:\/\/idecesos.com\/seguros\/"},{"@type":"ListItem","position":2,"name":"Compa\u00f1\u00edas de Seguros de Decesos en Espa\u00f1a","item":"https:\/\/idecesos.com\/seguros\/companias\/"},{"@type":"ListItem","position":3,"name":"Seguro de decesos Caixa Rural Burriana","item":"https:\/\/idecesos.com\/seguros\/companias\/burriana\/"},{"@type":"ListItem","position":4,"name":"Seguro de decesos Caixa Rural Burriana Prima Nivelada"}]},{"@type":"WebSite","@id":"https:\/\/idecesos.com\/seguros\/#website","url":"https:\/\/idecesos.com\/seguros\/","name":"","description":"","potentialAction":[{"@type":"SearchAction","target":{"@type":"EntryPoint","urlTemplate":"https:\/\/idecesos.com\/seguros\/?s={search_term_string}"},"query-input":{"@type":"PropertyValueSpecification","valueRequired":true,"valueName":"search_term_string"}}],"inLanguage":"es"}]}},"_links":{"self":[{"href":"https:\/\/idecesos.com\/seguros\/wp-json\/wp\/v2\/pages\/11633","targetHints":{"allow":["GET"]}}],"collection":[{"href":"https:\/\/idecesos.com\/seguros\/wp-json\/wp\/v2\/pages"}],"about":[{"href":"https:\/\/idecesos.com\/seguros\/wp-json\/wp\/v2\/types\/page"}],"author":[{"embeddable":true,"href":"https:\/\/idecesos.com\/seguros\/wp-json\/wp\/v2\/users\/3"}],"replies":[{"embeddable":true,"href":"https:\/\/idecesos.com\/seguros\/wp-json\/wp\/v2\/comments?post=11633"}],"version-history":[{"count":1,"href":"https:\/\/idecesos.com\/seguros\/wp-json\/wp\/v2\/pages\/11633\/revisions"}],"predecessor-version":[{"id":13139,"href":"https:\/\/idecesos.com\/seguros\/wp-json\/wp\/v2\/pages\/11633\/revisions\/13139"}],"up":[{"embeddable":true,"href":"https:\/\/idecesos.com\/seguros\/wp-json\/wp\/v2\/pages\/558"}],"wp:attachment":[{"href":"https:\/\/idecesos.com\/seguros\/wp-json\/wp\/v2\/media?parent=11633"}],"curies":[{"name":"wp","href":"https:\/\/api.w.org\/{rel}","templated":true}]}}