{"id":11636,"date":"2021-11-17T00:00:00","date_gmt":"2021-11-17T00:00:00","guid":{"rendered":"https:\/\/idecesos.com\/seguros\/?page_id=11636"},"modified":"2022-01-03T12:30:04","modified_gmt":"2022-01-03T12:30:04","slug":"prima-mixta","status":"publish","type":"page","link":"https:\/\/idecesos.com\/seguros\/companias\/burriana\/prima-mixta\/","title":{"rendered":"Seguro de decesos Caixa Rural Burriana Prima Mixta"},"content":{"rendered":"<div id=\"ez-toc-container\" class=\"ez-toc-v2_0_82_2 ez-toc-wrap-center counter-hierarchy ez-toc-counter ez-toc-custom ez-toc-container-direction\">\n<div class=\"ez-toc-title-container\">\n<p class=\"ez-toc-title\" style=\"cursor:inherit\">Tabla de Contenido<\/p>\n<span class=\"ez-toc-title-toggle\"><a href=\"#\" class=\"ez-toc-pull-right ez-toc-btn ez-toc-btn-xs ez-toc-btn-default ez-toc-toggle\" aria-label=\"Alternar tabla de contenidos\"><span class=\"ez-toc-js-icon-con\"><span class=\"\"><span class=\"eztoc-hide\" style=\"display:none;\">Toggle<\/span><span class=\"ez-toc-icon-toggle-span\"><svg style=\"fill: #db6415;color:#db6415\" xmlns=\"http:\/\/www.w3.org\/2000\/svg\" class=\"list-377408\" width=\"20px\" height=\"20px\" viewBox=\"0 0 24 24\" fill=\"none\"><path d=\"M6 6H4v2h2V6zm14 0H8v2h12V6zM4 11h2v2H4v-2zm16 0H8v2h12v-2zM4 16h2v2H4v-2zm16 0H8v2h12v-2z\" fill=\"currentColor\"><\/path><\/svg><svg style=\"fill: #db6415;color:#db6415\" class=\"arrow-unsorted-368013\" xmlns=\"http:\/\/www.w3.org\/2000\/svg\" width=\"10px\" height=\"10px\" viewBox=\"0 0 24 24\" version=\"1.2\" baseProfile=\"tiny\"><path d=\"M18.2 9.3l-6.2-6.3-6.2 6.3c-.2.2-.3.4-.3.7s.1.5.3.7c.2.2.4.3.7.3h11c.3 0 .5-.1.7-.3.2-.2.3-.5.3-.7s-.1-.5-.3-.7zM5.8 14.7l6.2 6.3 6.2-6.3c.2-.2.3-.5.3-.7s-.1-.5-.3-.7c-.2-.2-.4-.3-.7-.3h-11c-.3 0-.5.1-.7.3-.2.2-.3.5-.3.7s.1.5.3.7z\"\/><\/svg><\/span><\/span><\/span><\/a><\/span><\/div>\n<nav><ul class='ez-toc-list ez-toc-list-level-1 ' ><li class='ez-toc-page-1 ez-toc-heading-level-2'><a class=\"ez-toc-link ez-toc-heading-1\" href=\"https:\/\/idecesos.com\/seguros\/companias\/burriana\/prima-mixta\/#Coberturas_seguro_Prima_Mixta_Caixa_Rural_Burriana\" >Coberturas seguro Prima Mixta Caixa Rural Burriana<\/a><ul class='ez-toc-list-level-3' ><li class='ez-toc-heading-level-3'><a class=\"ez-toc-link ez-toc-heading-2\" href=\"https:\/\/idecesos.com\/seguros\/companias\/burriana\/prima-mixta\/#%C2%BFA_quien_va_dirigido_el_seguro_de_decesos_Prima_Mixta_de_Caixa_Rural_Burriana\" >\u00bfA qui\u00e9n va dirigido el seguro de decesos Prima Mixta de Caixa Rural Burriana?<\/a><\/li><\/ul><\/li><li class='ez-toc-page-1 ez-toc-heading-level-2'><a class=\"ez-toc-link ez-toc-heading-3\" href=\"https:\/\/idecesos.com\/seguros\/companias\/burriana\/prima-mixta\/#Precio_de_seguro_de_decesos_Prima_Mixta_Caixa_Rural_Burriana\" >Precio de seguro de decesos Prima Mixta Caixa Rural Burriana<\/a><\/li><li class='ez-toc-page-1 ez-toc-heading-level-2'><a class=\"ez-toc-link ez-toc-heading-4\" href=\"https:\/\/idecesos.com\/seguros\/companias\/burriana\/prima-mixta\/#Productos_Prima_Mixta_Caixa_Rural_Burriana\" >Productos Prima Mixta Caixa Rural Burriana<\/a><\/li><li class='ez-toc-page-1 ez-toc-heading-level-2'><a class=\"ez-toc-link ez-toc-heading-5\" href=\"https:\/\/idecesos.com\/seguros\/companias\/burriana\/prima-mixta\/#Opiniones_del_seguro_de_decesos_de_Prima_Mixta_de_Caixa_Rural_Burriana\" >Opiniones del seguro de decesos de Prima Mixta de Caixa Rural Burriana<\/a><ul class='ez-toc-list-level-3' ><li class='ez-toc-heading-level-3'><a class=\"ez-toc-link ez-toc-heading-6\" href=\"https:\/\/idecesos.com\/seguros\/companias\/burriana\/prima-mixta\/#Paginas_relacionadas\" >P\u00e1ginas relacionadas<\/a><\/li><\/ul><\/li><\/ul><\/nav><\/div>\n\n<p>Existe una conexi\u00f3n entre el seguro de prima mixta Caixa Rural Burriana con el seguro de prima nivelada de Caixa Rural Burriana. En la categor\u00eda de prima mixta Caixa Rural Burriana resulta que el precio es renovable anualmente, en tanto que hay m\u00e1s peligro de fallecer. Con lo que resulta m\u00e1s cara y se van renovando los servicios ya que encarecen con el paso del tiempo, cuando se llega a una cierta edad la prima mixta Caixa Rural Burriana se nivela. <\/p>\n<p>Leer m\u00e1s: <a href=\"https:\/\/idecesos.com\/seguros\/tipo\/mixta\/\">Seguro de decesos Prima Mixta<\/a><\/p>\n<div class=\"colorf \"  ><div class=\"container clearfix\"><div class=\"col-md-7\"><\/p>\n<h2><span class=\"ez-toc-section\" id=\"Coberturas_seguro_Prima_Mixta_Caixa_Rural_Burriana\"><\/span>Coberturas seguro Prima Mixta Caixa Rural Burriana<span class=\"ez-toc-section-end\"><\/span><\/h2>\n<p>Para los clientes m\u00e1s exigentes pueden contar con las coberturas de la prima mixta Caixa Rural Burriana adem\u00e1s de tener una calidad seg\u00fan las opiniones de cada cliente. Las coberturas m\u00e1s relevantes van relacionadas al excelente servicio funerario que reciben los clientes de Caixa Rural Burriana y la alta valoraci\u00f3n de las coberturas de prima mixta Caixa Rural Burriana. Dentro de las coberturas principales del seguro de prima mixta Caixa Rural Burriana en las condiciones generales, se encargaran de que en ese instante tan complicado para los familiares sea un d\u00eda m\u00e1s sencillo, administran todo con respecto al sepelio, encarg\u00e1ndose del traslado del fallecido en veh\u00edculo l\u00fagubre, as\u00ed como de contar con asistencia familiar. Adecu\u00e1ndose todo seg\u00fan las indicaciones por los familiares si requiere de servicio religioso y embellecimiento al cad\u00e1ver a fin de que luzca m\u00e1s elegante. Tambi\u00e9n, todos y cada uno de los suministros para llevar a cabo el sepelio de cabo a rabo, desde el ata\u00fad, nicho del cementerio, flores, necrol\u00f3gicas, urna en el caso de incineraci\u00f3n del cad\u00e1ver. <\/p>\n<p><\/div><\/div><\/div>\n<h3><span class=\"ez-toc-section\" id=\"%C2%BFA_quien_va_dirigido_el_seguro_de_decesos_Prima_Mixta_de_Caixa_Rural_Burriana\"><\/span>\u00bfA qui\u00e9n va dirigido el seguro de decesos Prima Mixta de Caixa Rural Burriana?<span class=\"ez-toc-section-end\"><\/span><\/h3>\n<p>Si pr\u00f3ximamente vas a cumplir 50 a\u00f1os, te interesa contemplar esta p\u00f3liza puesto que el abono va a ser m\u00e1s bajo. Por lo que saldr\u00e1s beneficiado. <\/p>\n<div class=\"colorf \"  ><div class=\"container clearfix\"><div class=\"col-md-7\"><\/p>\n<h2><span class=\"ez-toc-section\" id=\"Precio_de_seguro_de_decesos_Prima_Mixta_Caixa_Rural_Burriana\"><\/span>Precio de seguro de decesos Prima Mixta Caixa Rural Burriana<span class=\"ez-toc-section-end\"><\/span><\/h2>\n<p>Caixa Rural Burriana seguro de decesos prima mixta su precio es 1,99\u20ac mensual. El an\u00e1lisis del c\u00e1lculo se tomar\u00e1 en cuenta algunos factores siendo una de las m\u00e1s representativa la edad o bien donde resida la persona. A nivel nacional queda contrastada que el mejor seguro de decesos de prima mixta Caixa Rural Burriana es de las m\u00e1s asequibles. Si con esto, no te quedas apacible, efect\u00faa una comparativa de costes de seguros de prima mixta en iDecesos y contrastarlos con el de Caixa Rural Burriana, no tardas ni un minuto y lo vas a poder examinar en un vistazo. <\/p>\n<p><\/div><\/div><\/div>\n<h2><span class=\"ez-toc-section\" id=\"Productos_Prima_Mixta_Caixa_Rural_Burriana\"><\/span>Productos Prima Mixta Caixa Rural Burriana<span class=\"ez-toc-section-end\"><\/span><\/h2>\n<div class=\"colorf\"><div class=\"container clearfix\"><div class=\"col-md-7\"><div class=\"opiniones\">\n<h2><span class=\"ez-toc-section\" id=\"Opiniones_del_seguro_de_decesos_de_Prima_Mixta_de_Caixa_Rural_Burriana\"><\/span>Opiniones del seguro de decesos de Prima Mixta de Caixa Rural Burriana<span class=\"ez-toc-section-end\"><\/span><\/h2>\n<p>Seg\u00fan las normativas en vigor las creencias son llevadas a cabo con la mayor filtraci\u00f3n de los expertos por lo que son m\u00e1s favorables procedentes de iDecos cuentan con buena creencias respecto al seguro de decesos de prima mixta de Caixa Rural Burriana. Se analiza en detalle las coberturas as\u00ed como las condiciones que contempla la p\u00f3liza de decesos de prima mixta de Caixa Rural Burriana, para saber si cuenta con las exigencias que se piden, por lo que hemos marcado como una de las que mejor servicio dan. <\/p>\n<div class=\"opinion \"  >\n\t\t\t<div class=\"cabecera_opinion\">\n\t\t\t\t<div class=\"avatar\">N F <\/div>\n\t\t\t\t<div class=\"datos_opinion\">\n\t\t\t\t\t<div class=\"nombre_opinion\">Norberto Ferr\u00e1n<\/div>\n\t\t\t\t\t<div class=\"info_opinion\">\t\t\t\t\t\t\n\t\t\t\t\t\t<div class=\"cuenta_opinion\"><i class=\"fas fa-pencil-alt\"><\/i><!--span class=\"dashicons dashicons-edit\" style=\"font-size:20px\"><\/span--><span>1 Opini\u00f3n<\/span><\/div>\t\t\t\t\t\t\n\t\t\t\t\t\t<div class=\"localizacion_opinion\">\n\t\t\t\t\t\t\t<i class=\"fas fa-map-marker-alt\"><\/i><!--span class=\"dashicons dashicons-location\" style=\"font-size:20px\"><\/span-->\n\t\t\t\t\t\t\t<span>ES<\/span>\n\t\t\t\t\t\t<\/div>\t\n\t\t\t\t\t<\/div>\n\t\t\t\t<\/div>\n\t\t\t<\/div><div class=\"texto_opinion\"><\/p>\n<p>La mejor compa\u00f1\u00eda que puede existir en el mercado es sin duda alguna el seguro de prima Mixta de Caixa Rural Burriana, ya que cuentan con el mejor servicio funerario y de forma completa c\u00f3mo detallada.<\/p>\n<p><\/div><\/div>\n<div class=\"opinion \"  >\n\t\t\t<div class=\"cabecera_opinion\">\n\t\t\t\t<div class=\"avatar\">S A <\/div>\n\t\t\t\t<div class=\"datos_opinion\">\n\t\t\t\t\t<div class=\"nombre_opinion\">Saturnina Adriana<\/div>\n\t\t\t\t\t<div class=\"info_opinion\">\t\t\t\t\t\t\n\t\t\t\t\t\t<div class=\"cuenta_opinion\"><i class=\"fas fa-pencil-alt\"><\/i><!--span class=\"dashicons dashicons-edit\" style=\"font-size:20px\"><\/span--><span>1 Opini\u00f3n<\/span><\/div>\t\t\t\t\t\t\n\t\t\t\t\t\t<div class=\"localizacion_opinion\">\n\t\t\t\t\t\t\t<i class=\"fas fa-map-marker-alt\"><\/i><!--span class=\"dashicons dashicons-location\" style=\"font-size:20px\"><\/span-->\n\t\t\t\t\t\t\t<span>ES<\/span>\n\t\t\t\t\t\t<\/div>\t\n\t\t\t\t\t<\/div>\n\t\t\t\t<\/div>\n\t\t\t<\/div><div class=\"texto_opinion\"><\/p>\n<p>Aconsejo el seguro de decesos de prima Mixta de Caixa Rural Burriana, lo contratamos para mi difunto padre y nos dieron un servicio muy apropiado.<\/p>\n<p><\/div><\/div>\n<div class=\"opinion \"  >\n\t\t\t<div class=\"cabecera_opinion\">\n\t\t\t\t<div class=\"avatar\">A P <\/div>\n\t\t\t\t<div class=\"datos_opinion\">\n\t\t\t\t\t<div class=\"nombre_opinion\">Anacleto Paniagua<\/div>\n\t\t\t\t\t<div class=\"info_opinion\">\t\t\t\t\t\t\n\t\t\t\t\t\t<div class=\"cuenta_opinion\"><i class=\"fas fa-pencil-alt\"><\/i><!--span class=\"dashicons dashicons-edit\" style=\"font-size:20px\"><\/span--><span>1 Opini\u00f3n<\/span><\/div>\t\t\t\t\t\t\n\t\t\t\t\t\t<div class=\"localizacion_opinion\">\n\t\t\t\t\t\t\t<i class=\"fas fa-map-marker-alt\"><\/i><!--span class=\"dashicons dashicons-location\" style=\"font-size:20px\"><\/span-->\n\t\t\t\t\t\t\t<span>ES<\/span>\n\t\t\t\t\t\t<\/div>\t\n\t\t\t\t\t<\/div>\n\t\t\t\t<\/div>\n\t\t\t<\/div><div class=\"texto_opinion\"><\/p>\n<p>En mis criterios Caixa Rural Burriana es la mejor que existe, adem\u00e1s de esto los aconsejes son muy profesionales en el campo de los seguros, por lo que me dieron mayor seguridad y tranquilidad, me resulta esencial antes de efectuar una contrataci\u00f3n que conozca al detalle el producto, por lo que atendieron magn\u00edficamente, yo hice la contrataci\u00f3n hace bastante poco por lo que la tarifa me result\u00f3 muy rentable, contaba con todas y cada una de las coberturas que necesitaba, conque no puedo estar m\u00e1s contenta con Caixa Rural Burriana.<\/p>\n<p><\/div><\/div>\n<\/div><\/div><\/div><\/div>\n<p><div class=\"oficinas\"><br \/>\n<h3><span class=\"ez-toc-section\" id=\"Paginas_relacionadas\"><\/span>P\u00e1ginas relacionadas<span class=\"ez-toc-section-end\"><\/span><\/h3><div class=\"enlazado\"><ul> <li><a href=\"https:\/\/idecesos.com\/seguros\/companias\/burriana\/opiniones\/\">Opiniones Caixa Rural Burriana<\/a><\/li> <li><a href=\"https:\/\/idecesos.com\/seguros\/companias\/burriana\/precio\/\">Precio seguro Caixa Rural Burriana<\/a><\/li> <li><a href=\"https:\/\/idecesos.com\/seguros\/companias\/burriana\/prima-mixta\/\">Caixa Rural Burriana Prima Mixta<\/a><\/li> <li><a href=\"https:\/\/idecesos.com\/seguros\/companias\/burriana\/prima-natural\/\">Caixa Rural Burriana Prima Natural<\/a><\/li> <li><a href=\"https:\/\/idecesos.com\/seguros\/companias\/burriana\/prima-nivelada\/\">Caixa Rural Burriana Prima Nivelada<\/a><\/li> <li><a href=\"https:\/\/idecesos.com\/seguros\/companias\/burriana\/prima-unica\/\">Caixa Rural Burriana Prima \u00danica<\/a><\/li> <li><a href=\"https:\/\/idecesos.com\/seguros\/companias\/burriana\/repatriacion\/\">Caixa Rural Burriana Repatriaci\u00f3n<\/a><\/li> <li><a href=\"https:\/\/idecesos.com\/seguros\/companias\/burriana\/telefono\/\">Tel\u00e9fono Gratuito Caixa Rural Burriana<\/a><\/li><\/ul><\/div><\/p>\n<\/div>\n","protected":false},"excerpt":{"rendered":"<p>Existe una conexi\u00f3n entre el seguro de prima mixta Caixa Rural Burriana con el seguro de prima nivelada de Caixa Rural Burriana. En la categor\u00eda de prima mixta Caixa Rural Burriana resulta que el precio es renovable anualmente, en tanto que hay m\u00e1s peligro de fallecer. Con lo que resulta m\u00e1s cara y se van&hellip; <\/p>\n","protected":false},"author":3,"featured_media":0,"parent":558,"menu_order":0,"comment_status":"closed","ping_status":"closed","template":"single.php","meta":{"footnotes":""},"class_list":["post-11636","page","type-page","status-publish","hentry"],"yoast_head":"<!-- This site is optimized with the Yoast SEO plugin v27.5 - https:\/\/yoast.com\/product\/yoast-seo-wordpress\/ -->\n<title>Seguro Decesos Caixa Rural Burriana Prima Mixta \u25b7 Opiniones y Precio 2026<\/title>\n<meta name=\"description\" content=\"Click aqu\u00ed \u3010Seguro de Decesos Prima Mixta Caixa Rural Burriana\u3011 Mejores precios Caixa Rural Burriana seguro de fallecidos Prima Mixta \u2611\ufe0f Actualizado por iDecesos\u00ae\" \/>\n<meta name=\"robots\" content=\"index, follow, max-snippet:-1, max-image-preview:large, max-video-preview:-1\" \/>\n<link rel=\"canonical\" href=\"https:\/\/idecesos.com\/seguros\/companias\/burriana\/prima-mixta\/\" \/>\n<meta property=\"og:locale\" content=\"es_ES\" \/>\n<meta property=\"og:type\" content=\"article\" \/>\n<meta property=\"og:title\" content=\"Seguro Decesos Caixa Rural Burriana Prima Mixta \u25b7 Opiniones y Precio 2026\" \/>\n<meta property=\"og:description\" content=\"Click aqu\u00ed \u3010Seguro de Decesos Prima Mixta Caixa Rural Burriana\u3011 Mejores precios Caixa Rural Burriana seguro de fallecidos Prima Mixta \u2611\ufe0f Actualizado por iDecesos\u00ae\" \/>\n<meta property=\"og:url\" content=\"https:\/\/idecesos.com\/seguros\/companias\/burriana\/prima-mixta\/\" \/>\n<meta property=\"article:modified_time\" content=\"2022-01-03T12:30:04+00:00\" \/>\n<meta name=\"twitter:card\" content=\"summary_large_image\" \/>\n<meta name=\"twitter:label1\" content=\"Tiempo de lectura\" \/>\n\t<meta name=\"twitter:data1\" content=\"54 minutos\" \/>\n<script type=\"application\/ld+json\" class=\"yoast-schema-graph\">{\"@context\":\"https:\\\/\\\/schema.org\",\"@graph\":[{\"@type\":\"WebPage\",\"@id\":\"https:\\\/\\\/idecesos.com\\\/seguros\\\/companias\\\/burriana\\\/prima-mixta\\\/\",\"url\":\"https:\\\/\\\/idecesos.com\\\/seguros\\\/companias\\\/burriana\\\/prima-mixta\\\/\",\"name\":\"Seguro Decesos Caixa Rural Burriana Prima Mixta \u25b7 Opiniones y Precio 2026\",\"isPartOf\":{\"@id\":\"https:\\\/\\\/idecesos.com\\\/seguros\\\/#website\"},\"datePublished\":\"2021-11-17T00:00:00+00:00\",\"dateModified\":\"2022-01-03T12:30:04+00:00\",\"description\":\"Click aqu\u00ed \u3010Seguro de Decesos Prima Mixta Caixa Rural Burriana\u3011 Mejores precios Caixa Rural Burriana seguro de fallecidos Prima Mixta \u2611\ufe0f Actualizado por iDecesos\u00ae\",\"breadcrumb\":{\"@id\":\"https:\\\/\\\/idecesos.com\\\/seguros\\\/companias\\\/burriana\\\/prima-mixta\\\/#breadcrumb\"},\"inLanguage\":\"es\",\"potentialAction\":[{\"@type\":\"ReadAction\",\"target\":[\"https:\\\/\\\/idecesos.com\\\/seguros\\\/companias\\\/burriana\\\/prima-mixta\\\/\"]}]},{\"@type\":\"BreadcrumbList\",\"@id\":\"https:\\\/\\\/idecesos.com\\\/seguros\\\/companias\\\/burriana\\\/prima-mixta\\\/#breadcrumb\",\"itemListElement\":[{\"@type\":\"ListItem\",\"position\":1,\"name\":\"Portada\",\"item\":\"https:\\\/\\\/idecesos.com\\\/seguros\\\/\"},{\"@type\":\"ListItem\",\"position\":2,\"name\":\"Compa\u00f1\u00edas de Seguros de Decesos en Espa\u00f1a\",\"item\":\"https:\\\/\\\/idecesos.com\\\/seguros\\\/companias\\\/\"},{\"@type\":\"ListItem\",\"position\":3,\"name\":\"Seguro de decesos Caixa Rural Burriana\",\"item\":\"https:\\\/\\\/idecesos.com\\\/seguros\\\/companias\\\/burriana\\\/\"},{\"@type\":\"ListItem\",\"position\":4,\"name\":\"Seguro de decesos Caixa Rural Burriana Prima Mixta\"}]},{\"@type\":\"WebSite\",\"@id\":\"https:\\\/\\\/idecesos.com\\\/seguros\\\/#website\",\"url\":\"https:\\\/\\\/idecesos.com\\\/seguros\\\/\",\"name\":\"\",\"description\":\"\",\"potentialAction\":[{\"@type\":\"SearchAction\",\"target\":{\"@type\":\"EntryPoint\",\"urlTemplate\":\"https:\\\/\\\/idecesos.com\\\/seguros\\\/?s={search_term_string}\"},\"query-input\":{\"@type\":\"PropertyValueSpecification\",\"valueRequired\":true,\"valueName\":\"search_term_string\"}}],\"inLanguage\":\"es\"}]}<\/script>\n<!-- \/ Yoast SEO plugin. -->","yoast_head_json":{"title":"Seguro Decesos Caixa Rural Burriana Prima Mixta \u25b7 Opiniones y Precio 2026","description":"Click aqu\u00ed \u3010Seguro de Decesos Prima Mixta Caixa Rural Burriana\u3011 Mejores precios Caixa Rural Burriana seguro de fallecidos Prima Mixta \u2611\ufe0f Actualizado por iDecesos\u00ae","robots":{"index":"index","follow":"follow","max-snippet":"max-snippet:-1","max-image-preview":"max-image-preview:large","max-video-preview":"max-video-preview:-1"},"canonical":"https:\/\/idecesos.com\/seguros\/companias\/burriana\/prima-mixta\/","og_locale":"es_ES","og_type":"article","og_title":"Seguro Decesos Caixa Rural Burriana Prima Mixta \u25b7 Opiniones y Precio 2026","og_description":"Click aqu\u00ed \u3010Seguro de Decesos Prima Mixta Caixa Rural Burriana\u3011 Mejores precios Caixa Rural Burriana seguro de fallecidos Prima Mixta \u2611\ufe0f Actualizado por iDecesos\u00ae","og_url":"https:\/\/idecesos.com\/seguros\/companias\/burriana\/prima-mixta\/","article_modified_time":"2022-01-03T12:30:04+00:00","twitter_card":"summary_large_image","twitter_misc":{"Tiempo de lectura":"54 minutos"},"schema":{"@context":"https:\/\/schema.org","@graph":[{"@type":"WebPage","@id":"https:\/\/idecesos.com\/seguros\/companias\/burriana\/prima-mixta\/","url":"https:\/\/idecesos.com\/seguros\/companias\/burriana\/prima-mixta\/","name":"Seguro Decesos Caixa Rural Burriana Prima Mixta \u25b7 Opiniones y Precio 2026","isPartOf":{"@id":"https:\/\/idecesos.com\/seguros\/#website"},"datePublished":"2021-11-17T00:00:00+00:00","dateModified":"2022-01-03T12:30:04+00:00","description":"Click aqu\u00ed \u3010Seguro de Decesos Prima Mixta Caixa Rural Burriana\u3011 Mejores precios Caixa Rural Burriana seguro de fallecidos Prima Mixta \u2611\ufe0f Actualizado por iDecesos\u00ae","breadcrumb":{"@id":"https:\/\/idecesos.com\/seguros\/companias\/burriana\/prima-mixta\/#breadcrumb"},"inLanguage":"es","potentialAction":[{"@type":"ReadAction","target":["https:\/\/idecesos.com\/seguros\/companias\/burriana\/prima-mixta\/"]}]},{"@type":"BreadcrumbList","@id":"https:\/\/idecesos.com\/seguros\/companias\/burriana\/prima-mixta\/#breadcrumb","itemListElement":[{"@type":"ListItem","position":1,"name":"Portada","item":"https:\/\/idecesos.com\/seguros\/"},{"@type":"ListItem","position":2,"name":"Compa\u00f1\u00edas de Seguros de Decesos en Espa\u00f1a","item":"https:\/\/idecesos.com\/seguros\/companias\/"},{"@type":"ListItem","position":3,"name":"Seguro de decesos Caixa Rural Burriana","item":"https:\/\/idecesos.com\/seguros\/companias\/burriana\/"},{"@type":"ListItem","position":4,"name":"Seguro de decesos Caixa Rural Burriana Prima Mixta"}]},{"@type":"WebSite","@id":"https:\/\/idecesos.com\/seguros\/#website","url":"https:\/\/idecesos.com\/seguros\/","name":"","description":"","potentialAction":[{"@type":"SearchAction","target":{"@type":"EntryPoint","urlTemplate":"https:\/\/idecesos.com\/seguros\/?s={search_term_string}"},"query-input":{"@type":"PropertyValueSpecification","valueRequired":true,"valueName":"search_term_string"}}],"inLanguage":"es"}]}},"_links":{"self":[{"href":"https:\/\/idecesos.com\/seguros\/wp-json\/wp\/v2\/pages\/11636","targetHints":{"allow":["GET"]}}],"collection":[{"href":"https:\/\/idecesos.com\/seguros\/wp-json\/wp\/v2\/pages"}],"about":[{"href":"https:\/\/idecesos.com\/seguros\/wp-json\/wp\/v2\/types\/page"}],"author":[{"embeddable":true,"href":"https:\/\/idecesos.com\/seguros\/wp-json\/wp\/v2\/users\/3"}],"replies":[{"embeddable":true,"href":"https:\/\/idecesos.com\/seguros\/wp-json\/wp\/v2\/comments?post=11636"}],"version-history":[{"count":1,"href":"https:\/\/idecesos.com\/seguros\/wp-json\/wp\/v2\/pages\/11636\/revisions"}],"predecessor-version":[{"id":13136,"href":"https:\/\/idecesos.com\/seguros\/wp-json\/wp\/v2\/pages\/11636\/revisions\/13136"}],"up":[{"embeddable":true,"href":"https:\/\/idecesos.com\/seguros\/wp-json\/wp\/v2\/pages\/558"}],"wp:attachment":[{"href":"https:\/\/idecesos.com\/seguros\/wp-json\/wp\/v2\/media?parent=11636"}],"curies":[{"name":"wp","href":"https:\/\/api.w.org\/{rel}","templated":true}]}}