{"id":11640,"date":"2021-11-17T00:00:00","date_gmt":"2021-11-17T00:00:00","guid":{"rendered":"https:\/\/idecesos.com\/seguros\/?page_id=11640"},"modified":"2022-01-03T12:30:04","modified_gmt":"2022-01-03T12:30:04","slug":"prima-unica","status":"publish","type":"page","link":"https:\/\/idecesos.com\/seguros\/companias\/burriana\/prima-unica\/","title":{"rendered":"Seguro de decesos Caixa Rural Burriana Prima \u00danica"},"content":{"rendered":"<div id=\"ez-toc-container\" class=\"ez-toc-v2_0_83 ez-toc-wrap-center counter-hierarchy ez-toc-counter ez-toc-custom ez-toc-container-direction\">\n<div class=\"ez-toc-title-container\">\n<p class=\"ez-toc-title\" style=\"cursor:inherit\">Tabla de Contenido<\/p>\n<span class=\"ez-toc-title-toggle\"><a href=\"#\" class=\"ez-toc-pull-right ez-toc-btn ez-toc-btn-xs ez-toc-btn-default ez-toc-toggle\" aria-label=\"Alternar tabla de contenidos\"><span class=\"ez-toc-js-icon-con\"><span class=\"\"><span class=\"eztoc-hide\" style=\"display:none;\">Toggle<\/span><span class=\"ez-toc-icon-toggle-span\"><svg style=\"fill: #db6415;color:#db6415\" xmlns=\"http:\/\/www.w3.org\/2000\/svg\" class=\"list-377408\" width=\"20px\" height=\"20px\" viewBox=\"0 0 24 24\" fill=\"none\"><path d=\"M6 6H4v2h2V6zm14 0H8v2h12V6zM4 11h2v2H4v-2zm16 0H8v2h12v-2zM4 16h2v2H4v-2zm16 0H8v2h12v-2z\" fill=\"currentColor\"><\/path><\/svg><svg style=\"fill: #db6415;color:#db6415\" class=\"arrow-unsorted-368013\" xmlns=\"http:\/\/www.w3.org\/2000\/svg\" width=\"10px\" height=\"10px\" viewBox=\"0 0 24 24\" version=\"1.2\" baseProfile=\"tiny\"><path d=\"M18.2 9.3l-6.2-6.3-6.2 6.3c-.2.2-.3.4-.3.7s.1.5.3.7c.2.2.4.3.7.3h11c.3 0 .5-.1.7-.3.2-.2.3-.5.3-.7s-.1-.5-.3-.7zM5.8 14.7l6.2 6.3 6.2-6.3c.2-.2.3-.5.3-.7s-.1-.5-.3-.7c-.2-.2-.4-.3-.7-.3h-11c-.3 0-.5.1-.7.3-.2.2-.3.5-.3.7s.1.5.3.7z\"\/><\/svg><\/span><\/span><\/span><\/a><\/span><\/div>\n<nav><ul class='ez-toc-list ez-toc-list-level-1 ' ><li class='ez-toc-page-1 ez-toc-heading-level-2'><a class=\"ez-toc-link ez-toc-heading-1\" href=\"https:\/\/idecesos.com\/seguros\/companias\/burriana\/prima-unica\/#Coberturas_seguro_Prima_Unica_Caixa_Rural_Burriana\" >Coberturas seguro Prima \u00danica Caixa Rural Burriana<\/a><ul class='ez-toc-list-level-3' ><li class='ez-toc-heading-level-3'><a class=\"ez-toc-link ez-toc-heading-2\" href=\"https:\/\/idecesos.com\/seguros\/companias\/burriana\/prima-unica\/#%C2%BFA_quien_va_dirigido_el_seguro_de_decesos_Prima_Unica_de_Caixa_Rural_Burriana\" >\u00bfA qui\u00e9n va dirigido el seguro de decesos Prima \u00danica de Caixa Rural Burriana?<\/a><\/li><\/ul><\/li><li class='ez-toc-page-1 ez-toc-heading-level-2'><a class=\"ez-toc-link ez-toc-heading-3\" href=\"https:\/\/idecesos.com\/seguros\/companias\/burriana\/prima-unica\/#Precio_de_seguro_de_decesos_Prima_Unica_Caixa_Rural_Burriana\" >Precio de seguro de decesos Prima \u00danica Caixa Rural Burriana<\/a><\/li><li class='ez-toc-page-1 ez-toc-heading-level-2'><a class=\"ez-toc-link ez-toc-heading-4\" href=\"https:\/\/idecesos.com\/seguros\/companias\/burriana\/prima-unica\/#Productos_Prima_Unica_Caixa_Rural_Burriana\" >Productos Prima \u00danica Caixa Rural Burriana<\/a><\/li><li class='ez-toc-page-1 ez-toc-heading-level-2'><a class=\"ez-toc-link ez-toc-heading-5\" href=\"https:\/\/idecesos.com\/seguros\/companias\/burriana\/prima-unica\/#Opiniones_del_seguro_de_decesos_de_Prima_Unica_de_Caixa_Rural_Burriana\" >Opiniones del seguro de decesos de Prima \u00danica de Caixa Rural Burriana<\/a><\/li><\/ul><\/nav><\/div>\n<p><br \/>\nCaixa Rural Burriana es el seguro perfecto para todas las personas mayores ya que cuentan con un \u00fanico pago, con lo que dentro de la p\u00f3liza cuenta con las garant\u00edas de que quede todo cubierto en el servicio funerario. Asimismo, garantiza el seguro de prima \u00fanica Caixa Rural Burriana el traslado del fallecido, gestor\u00eda, testamento y asistencia en el desarrollo del sepelio. <\/p>\n<p>Leer m\u00e1s: <a href=\"https:\/\/idecesos.com\/seguros\/tipo\/prima-unica\/\">Seguro de decesos Prima \u00danica<\/a><br \/>\n<div class=\"colorf \"  ><div class=\"container clearfix\"><div class=\"col-md-7\"><\/p>\n<h2><span class=\"ez-toc-section\" id=\"Coberturas_seguro_Prima_Unica_Caixa_Rural_Burriana\"><\/span>Coberturas seguro Prima \u00danica Caixa Rural Burriana<span class=\"ez-toc-section-end\"><\/span><\/h2>\n<p>La cobertura que cuenta Caixa Rural Burriana es muy precisa y eficiente, hacen toda la documentaci\u00f3n burocr\u00e1tica como cualquier tr\u00e1mite frente a las administraciones p\u00fablicas. La gesti\u00f3n del sepelio garantiza desde el traslado, tanatorio, acto religioso, velorio, flores, funeraria, esquela, camposanto, adem\u00e1s la libre elecci\u00f3n de inhumaci\u00f3n o crematorio. En Caixa Rural Burriana, el servicio de asistencia lleva a cabo de las mejores gestiones dando resultado al certificado m\u00e9dico de defunci\u00f3n, pagos de tributos entre otras gestiones. Est\u00e1n creadas para cubrir el 100 por ciento del proceso una vez se ponga en contacto con asistencia de Caixa Rural Burriana, se van a poner en cuesti\u00f3n de segundos a administrar todo el acontencimiento facilitando a sus seres queridos cualquier problema. Debes preguntar todas y cada una de las cl\u00e1usulas que vayan en la p\u00f3liza de prima \u00fanica de Caixa Rural Burriana para conocer en detalle las coberturas que contempla de manera general o bien concreta.<br \/>\n<\/div><\/div><\/div><\/p>\n<h3><span class=\"ez-toc-section\" id=\"%C2%BFA_quien_va_dirigido_el_seguro_de_decesos_Prima_Unica_de_Caixa_Rural_Burriana\"><\/span>\u00bfA qui\u00e9n va dirigido el seguro de decesos Prima \u00danica de Caixa Rural Burriana?<span class=\"ez-toc-section-end\"><\/span><\/h3>\n<p>Con el seguro de decesos de prima \u00fanica de Caixa Rural Burriana le damos tranquilidad garantizada a las personas mayores con documento identificativo legal en Espa\u00f1a de 70 a\u00f1os, 80 a\u00f1os y sin l\u00edmites de edad para que dejen todo resuelto a su familia en los momentos m\u00e1s complicados. El pago \u00fanico de Caixa Rural Burriana gestiona con eficacia el sepelio en la mayor inmediatez adem\u00e1s con solo una llamada Caixa Rural Burriana se va a poner en marcha y dejar\u00e1 todo solucionado.<br \/>\n<div class=\"colorf \"  ><div class=\"container clearfix\"><div class=\"col-md-7\"><\/p>\n<h2><span class=\"ez-toc-section\" id=\"Precio_de_seguro_de_decesos_Prima_Unica_Caixa_Rural_Burriana\"><\/span>Precio de seguro de decesos Prima \u00danica Caixa Rural Burriana<span class=\"ez-toc-section-end\"><\/span><\/h2>\n<p>De a\u00f1o en a\u00f1o van variando los precios es desde 3000 euros el seguro de prima \u00fanica de Caixa Rural Burriana se encuentran alrededor de ese precio, aunque para efectuar el c\u00e1lculo de una forma m\u00e1s exacto se debe tomar en consideraci\u00f3n diferentes factores. Dentro de todo el mercado y el \u00e1mbito, en Espa\u00f1a sobresale Caixa Rural Burriana con unos precios bastantes alcanzables y econ\u00f3micos para todos sus clientes.<br \/>\n<\/div><\/div><\/div><\/p>\n<h2><span class=\"ez-toc-section\" id=\"Productos_Prima_Unica_Caixa_Rural_Burriana\"><\/span>Productos Prima \u00danica Caixa Rural Burriana<span class=\"ez-toc-section-end\"><\/span><\/h2>\n<div class=\"colorf\"><div class=\"container clearfix\"><div class=\"col-md-7\"><div class=\"opiniones\">\n<h2><span class=\"ez-toc-section\" id=\"Opiniones_del_seguro_de_decesos_de_Prima_Unica_de_Caixa_Rural_Burriana\"><\/span>Opiniones del seguro de decesos de Prima \u00danica de Caixa Rural Burriana<span class=\"ez-toc-section-end\"><\/span><\/h2>\n<div class=\"opinion \"  >\n\t\t\t<div class=\"cabecera_opinion\">\n\t\t\t\t<div class=\"avatar\">B J <\/div>\n\t\t\t\t<div class=\"datos_opinion\">\n\t\t\t\t\t<div class=\"nombre_opinion\">Belen Jara<\/div>\n\t\t\t\t\t<div class=\"info_opinion\">\t\t\t\t\t\t\n\t\t\t\t\t\t<div class=\"cuenta_opinion\"><i class=\"fas fa-pencil-alt\"><\/i><!--span class=\"dashicons dashicons-edit\" style=\"font-size:20px\"><\/span--><span>1 Opini\u00f3n<\/span><\/div>\t\t\t\t\t\t\n\t\t\t\t\t\t<div class=\"localizacion_opinion\">\n\t\t\t\t\t\t\t<i class=\"fas fa-map-marker-alt\"><\/i><!--span class=\"dashicons dashicons-location\" style=\"font-size:20px\"><\/span-->\n\t\t\t\t\t\t\t<span>ES<\/span>\n\t\t\t\t\t\t<\/div>\t\n\t\t\t\t\t<\/div>\n\t\t\t\t<\/div>\n\t\t\t<\/div><div class=\"texto_opinion\"><\/p>\n<p>Te recomiendo el seguro de pago \u00fanico de Caixa Rural Burriana se amoldar\u00e1 a ti a la perfecci\u00f3n, adem\u00e1s de cuenta con las coberturas m\u00e1s destacables de todo el mercado espa\u00f1ol.<\/p>\n<p><\/div><\/div>\n<div class=\"opinion \"  >\n\t\t\t<div class=\"cabecera_opinion\">\n\t\t\t\t<div class=\"avatar\">R H <\/div>\n\t\t\t\t<div class=\"datos_opinion\">\n\t\t\t\t\t<div class=\"nombre_opinion\">Renato Herranz<\/div>\n\t\t\t\t\t<div class=\"info_opinion\">\t\t\t\t\t\t\n\t\t\t\t\t\t<div class=\"cuenta_opinion\"><i class=\"fas fa-pencil-alt\"><\/i><!--span class=\"dashicons dashicons-edit\" style=\"font-size:20px\"><\/span--><span>1 Opini\u00f3n<\/span><\/div>\t\t\t\t\t\t\n\t\t\t\t\t\t<div class=\"localizacion_opinion\">\n\t\t\t\t\t\t\t<i class=\"fas fa-map-marker-alt\"><\/i><!--span class=\"dashicons dashicons-location\" style=\"font-size:20px\"><\/span-->\n\t\t\t\t\t\t\t<span>ES<\/span>\n\t\t\t\t\t\t<\/div>\t\n\t\t\t\t\t<\/div>\n\t\t\t\t<\/div>\n\t\t\t<\/div><div class=\"texto_opinion\"><\/p>\n<p>En Caixa Rural Burriana el seguro de prima \u00fanica es el que yo contrate y sinceramente es el mejor que hay en todo el mercado por lo que estoy contenta, resolviendo todas mis dudas al respecto, una atenci\u00f3n muy adaptada.<br \/>\n<\/div><\/div>\n<div class=\"opinion \"  >\n\t\t\t<div class=\"cabecera_opinion\">\n\t\t\t\t<div class=\"avatar\">E B <\/div>\n\t\t\t\t<div class=\"datos_opinion\">\n\t\t\t\t\t<div class=\"nombre_opinion\">Encarnaci\u00f3n Ben\u00edtez<\/div>\n\t\t\t\t\t<div class=\"info_opinion\">\t\t\t\t\t\t\n\t\t\t\t\t\t<div class=\"cuenta_opinion\"><i class=\"fas fa-pencil-alt\"><\/i><!--span class=\"dashicons dashicons-edit\" style=\"font-size:20px\"><\/span--><span>1 Opini\u00f3n<\/span><\/div>\t\t\t\t\t\t\n\t\t\t\t\t\t<div class=\"localizacion_opinion\">\n\t\t\t\t\t\t\t<i class=\"fas fa-map-marker-alt\"><\/i><!--span class=\"dashicons dashicons-location\" style=\"font-size:20px\"><\/span-->\n\t\t\t\t\t\t\t<span>ES<\/span>\n\t\t\t\t\t\t<\/div>\t\n\t\t\t\t\t<\/div>\n\t\t\t\t<\/div>\n\t\t\t<\/div><div class=\"texto_opinion\"><\/p>\n<p>Escogemos el seguro de prima \u00fanica de Caixa Rural Burriana debido a que hemos tenido buena experiencia con esta compa\u00f1\u00eda.<\/p>\n<p><\/div><\/div>\n<\/div><\/div><\/div><\/div>\n<p><div class=\"oficinas\"><br \/>\n<h3>P\u00e1ginas relacionadas<\/h3><div class=\"enlazado\"><ul> <li><a href=\"https:\/\/idecesos.com\/seguros\/companias\/burriana\/opiniones\/\">Opiniones Caixa Rural Burriana<\/a><\/li> <li><a href=\"https:\/\/idecesos.com\/seguros\/companias\/burriana\/precio\/\">Precio seguro Caixa Rural Burriana<\/a><\/li> <li><a href=\"https:\/\/idecesos.com\/seguros\/companias\/burriana\/prima-mixta\/\">Caixa Rural Burriana Prima Mixta<\/a><\/li> <li><a href=\"https:\/\/idecesos.com\/seguros\/companias\/burriana\/prima-natural\/\">Caixa Rural Burriana Prima Natural<\/a><\/li> <li><a href=\"https:\/\/idecesos.com\/seguros\/companias\/burriana\/prima-nivelada\/\">Caixa Rural Burriana Prima Nivelada<\/a><\/li> <li><a href=\"https:\/\/idecesos.com\/seguros\/companias\/burriana\/prima-unica\/\">Caixa Rural Burriana Prima \u00danica<\/a><\/li> <li><a href=\"https:\/\/idecesos.com\/seguros\/companias\/burriana\/repatriacion\/\">Caixa Rural Burriana Repatriaci\u00f3n<\/a><\/li> <li><a href=\"https:\/\/idecesos.com\/seguros\/companias\/burriana\/telefono\/\">Tel\u00e9fono Gratuito Caixa Rural Burriana<\/a><\/li><\/ul><\/div><\/p>\n<\/div>\n","protected":false},"excerpt":{"rendered":"<p>Caixa Rural Burriana es el seguro perfecto para todas las personas mayores ya que cuentan con un \u00fanico pago, con lo que dentro de la p\u00f3liza cuenta con las garant\u00edas de que quede todo cubierto en el servicio funerario. Asimismo, garantiza el seguro de prima \u00fanica Caixa Rural Burriana el traslado del fallecido, gestor\u00eda, testamento&hellip; <\/p>\n","protected":false},"author":3,"featured_media":0,"parent":558,"menu_order":0,"comment_status":"closed","ping_status":"closed","template":"single.php","meta":{"footnotes":""},"class_list":["post-11640","page","type-page","status-publish","hentry"],"yoast_head":"<!-- This site is optimized with the Yoast SEO plugin v27.5 - https:\/\/yoast.com\/product\/yoast-seo-wordpress\/ -->\n<title>Seguro Decesos Caixa Rural Burriana Prima \u00danica \u25b7 Opiniones y Precio 2026<\/title>\n<meta name=\"description\" content=\"Click aqu\u00ed \u3010Seguro de Decesos Prima \u00danica Caixa Rural Burriana\u3011 Mejores precios Caixa Rural Burriana seguro de fallecidos Prima \u00danica \u2611\ufe0f Actualizado por iDecesos\u00ae\" \/>\n<meta name=\"robots\" content=\"index, follow, max-snippet:-1, max-image-preview:large, max-video-preview:-1\" \/>\n<link rel=\"canonical\" href=\"https:\/\/idecesos.com\/seguros\/companias\/burriana\/prima-unica\/\" \/>\n<meta property=\"og:locale\" content=\"es_ES\" \/>\n<meta property=\"og:type\" content=\"article\" \/>\n<meta property=\"og:title\" content=\"Seguro Decesos Caixa Rural Burriana Prima \u00danica \u25b7 Opiniones y Precio 2026\" \/>\n<meta property=\"og:description\" content=\"Click aqu\u00ed \u3010Seguro de Decesos Prima \u00danica Caixa Rural Burriana\u3011 Mejores precios Caixa Rural Burriana seguro de fallecidos Prima \u00danica \u2611\ufe0f Actualizado por iDecesos\u00ae\" \/>\n<meta property=\"og:url\" content=\"https:\/\/idecesos.com\/seguros\/companias\/burriana\/prima-unica\/\" \/>\n<meta property=\"article:modified_time\" content=\"2022-01-03T12:30:04+00:00\" \/>\n<meta name=\"twitter:card\" content=\"summary_large_image\" \/>\n<meta name=\"twitter:label1\" content=\"Tiempo de lectura\" \/>\n\t<meta name=\"twitter:data1\" content=\"60 minutos\" \/>\n<script type=\"application\/ld+json\" class=\"yoast-schema-graph\">{\"@context\":\"https:\\\/\\\/schema.org\",\"@graph\":[{\"@type\":\"WebPage\",\"@id\":\"https:\\\/\\\/idecesos.com\\\/seguros\\\/companias\\\/burriana\\\/prima-unica\\\/\",\"url\":\"https:\\\/\\\/idecesos.com\\\/seguros\\\/companias\\\/burriana\\\/prima-unica\\\/\",\"name\":\"Seguro Decesos Caixa Rural Burriana Prima \u00danica \u25b7 Opiniones y Precio 2026\",\"isPartOf\":{\"@id\":\"https:\\\/\\\/idecesos.com\\\/seguros\\\/#website\"},\"datePublished\":\"2021-11-17T00:00:00+00:00\",\"dateModified\":\"2022-01-03T12:30:04+00:00\",\"description\":\"Click aqu\u00ed \u3010Seguro de Decesos Prima \u00danica Caixa Rural Burriana\u3011 Mejores precios Caixa Rural Burriana seguro de fallecidos Prima \u00danica \u2611\ufe0f Actualizado por iDecesos\u00ae\",\"breadcrumb\":{\"@id\":\"https:\\\/\\\/idecesos.com\\\/seguros\\\/companias\\\/burriana\\\/prima-unica\\\/#breadcrumb\"},\"inLanguage\":\"es\",\"potentialAction\":[{\"@type\":\"ReadAction\",\"target\":[\"https:\\\/\\\/idecesos.com\\\/seguros\\\/companias\\\/burriana\\\/prima-unica\\\/\"]}]},{\"@type\":\"BreadcrumbList\",\"@id\":\"https:\\\/\\\/idecesos.com\\\/seguros\\\/companias\\\/burriana\\\/prima-unica\\\/#breadcrumb\",\"itemListElement\":[{\"@type\":\"ListItem\",\"position\":1,\"name\":\"Portada\",\"item\":\"https:\\\/\\\/idecesos.com\\\/seguros\\\/\"},{\"@type\":\"ListItem\",\"position\":2,\"name\":\"Compa\u00f1\u00edas de Seguros de Decesos en Espa\u00f1a\",\"item\":\"https:\\\/\\\/idecesos.com\\\/seguros\\\/companias\\\/\"},{\"@type\":\"ListItem\",\"position\":3,\"name\":\"Seguro de decesos Caixa Rural Burriana\",\"item\":\"https:\\\/\\\/idecesos.com\\\/seguros\\\/companias\\\/burriana\\\/\"},{\"@type\":\"ListItem\",\"position\":4,\"name\":\"Seguro de decesos Caixa Rural Burriana Prima \u00danica\"}]},{\"@type\":\"WebSite\",\"@id\":\"https:\\\/\\\/idecesos.com\\\/seguros\\\/#website\",\"url\":\"https:\\\/\\\/idecesos.com\\\/seguros\\\/\",\"name\":\"\",\"description\":\"\",\"potentialAction\":[{\"@type\":\"SearchAction\",\"target\":{\"@type\":\"EntryPoint\",\"urlTemplate\":\"https:\\\/\\\/idecesos.com\\\/seguros\\\/?s={search_term_string}\"},\"query-input\":{\"@type\":\"PropertyValueSpecification\",\"valueRequired\":true,\"valueName\":\"search_term_string\"}}],\"inLanguage\":\"es\"}]}<\/script>\n<!-- \/ Yoast SEO plugin. -->","yoast_head_json":{"title":"Seguro Decesos Caixa Rural Burriana Prima \u00danica \u25b7 Opiniones y Precio 2026","description":"Click aqu\u00ed \u3010Seguro de Decesos Prima \u00danica Caixa Rural Burriana\u3011 Mejores precios Caixa Rural Burriana seguro de fallecidos Prima \u00danica \u2611\ufe0f Actualizado por iDecesos\u00ae","robots":{"index":"index","follow":"follow","max-snippet":"max-snippet:-1","max-image-preview":"max-image-preview:large","max-video-preview":"max-video-preview:-1"},"canonical":"https:\/\/idecesos.com\/seguros\/companias\/burriana\/prima-unica\/","og_locale":"es_ES","og_type":"article","og_title":"Seguro Decesos Caixa Rural Burriana Prima \u00danica \u25b7 Opiniones y Precio 2026","og_description":"Click aqu\u00ed \u3010Seguro de Decesos Prima \u00danica Caixa Rural Burriana\u3011 Mejores precios Caixa Rural Burriana seguro de fallecidos Prima \u00danica \u2611\ufe0f Actualizado por iDecesos\u00ae","og_url":"https:\/\/idecesos.com\/seguros\/companias\/burriana\/prima-unica\/","article_modified_time":"2022-01-03T12:30:04+00:00","twitter_card":"summary_large_image","twitter_misc":{"Tiempo de lectura":"60 minutos"},"schema":{"@context":"https:\/\/schema.org","@graph":[{"@type":"WebPage","@id":"https:\/\/idecesos.com\/seguros\/companias\/burriana\/prima-unica\/","url":"https:\/\/idecesos.com\/seguros\/companias\/burriana\/prima-unica\/","name":"Seguro Decesos Caixa Rural Burriana Prima \u00danica \u25b7 Opiniones y Precio 2026","isPartOf":{"@id":"https:\/\/idecesos.com\/seguros\/#website"},"datePublished":"2021-11-17T00:00:00+00:00","dateModified":"2022-01-03T12:30:04+00:00","description":"Click aqu\u00ed \u3010Seguro de Decesos Prima \u00danica Caixa Rural Burriana\u3011 Mejores precios Caixa Rural Burriana seguro de fallecidos Prima \u00danica \u2611\ufe0f Actualizado por iDecesos\u00ae","breadcrumb":{"@id":"https:\/\/idecesos.com\/seguros\/companias\/burriana\/prima-unica\/#breadcrumb"},"inLanguage":"es","potentialAction":[{"@type":"ReadAction","target":["https:\/\/idecesos.com\/seguros\/companias\/burriana\/prima-unica\/"]}]},{"@type":"BreadcrumbList","@id":"https:\/\/idecesos.com\/seguros\/companias\/burriana\/prima-unica\/#breadcrumb","itemListElement":[{"@type":"ListItem","position":1,"name":"Portada","item":"https:\/\/idecesos.com\/seguros\/"},{"@type":"ListItem","position":2,"name":"Compa\u00f1\u00edas de Seguros de Decesos en Espa\u00f1a","item":"https:\/\/idecesos.com\/seguros\/companias\/"},{"@type":"ListItem","position":3,"name":"Seguro de decesos Caixa Rural Burriana","item":"https:\/\/idecesos.com\/seguros\/companias\/burriana\/"},{"@type":"ListItem","position":4,"name":"Seguro de decesos Caixa Rural Burriana Prima \u00danica"}]},{"@type":"WebSite","@id":"https:\/\/idecesos.com\/seguros\/#website","url":"https:\/\/idecesos.com\/seguros\/","name":"","description":"","potentialAction":[{"@type":"SearchAction","target":{"@type":"EntryPoint","urlTemplate":"https:\/\/idecesos.com\/seguros\/?s={search_term_string}"},"query-input":{"@type":"PropertyValueSpecification","valueRequired":true,"valueName":"search_term_string"}}],"inLanguage":"es"}]}},"_links":{"self":[{"href":"https:\/\/idecesos.com\/seguros\/wp-json\/wp\/v2\/pages\/11640","targetHints":{"allow":["GET"]}}],"collection":[{"href":"https:\/\/idecesos.com\/seguros\/wp-json\/wp\/v2\/pages"}],"about":[{"href":"https:\/\/idecesos.com\/seguros\/wp-json\/wp\/v2\/types\/page"}],"author":[{"embeddable":true,"href":"https:\/\/idecesos.com\/seguros\/wp-json\/wp\/v2\/users\/3"}],"replies":[{"embeddable":true,"href":"https:\/\/idecesos.com\/seguros\/wp-json\/wp\/v2\/comments?post=11640"}],"version-history":[{"count":1,"href":"https:\/\/idecesos.com\/seguros\/wp-json\/wp\/v2\/pages\/11640\/revisions"}],"predecessor-version":[{"id":13133,"href":"https:\/\/idecesos.com\/seguros\/wp-json\/wp\/v2\/pages\/11640\/revisions\/13133"}],"up":[{"embeddable":true,"href":"https:\/\/idecesos.com\/seguros\/wp-json\/wp\/v2\/pages\/558"}],"wp:attachment":[{"href":"https:\/\/idecesos.com\/seguros\/wp-json\/wp\/v2\/media?parent=11640"}],"curies":[{"name":"wp","href":"https:\/\/api.w.org\/{rel}","templated":true}]}}