{"id":11650,"date":"2021-11-18T00:00:00","date_gmt":"2021-11-18T00:00:00","guid":{"rendered":"https:\/\/idecesos.com\/seguros\/?page_id=11650"},"modified":"2022-01-03T12:30:07","modified_gmt":"2022-01-03T12:30:07","slug":"prima-mixta","status":"publish","type":"page","link":"https:\/\/idecesos.com\/seguros\/companias\/cajamar\/prima-mixta\/","title":{"rendered":"Seguro de decesos Cajamar Prima Mixta"},"content":{"rendered":"<div id=\"ez-toc-container\" class=\"ez-toc-v2_0_83 ez-toc-wrap-center counter-hierarchy ez-toc-counter ez-toc-custom ez-toc-container-direction\">\n<div class=\"ez-toc-title-container\">\n<p class=\"ez-toc-title\" style=\"cursor:inherit\">Tabla de Contenido<\/p>\n<span class=\"ez-toc-title-toggle\"><a href=\"#\" class=\"ez-toc-pull-right ez-toc-btn ez-toc-btn-xs ez-toc-btn-default ez-toc-toggle\" aria-label=\"Alternar tabla de contenidos\"><span class=\"ez-toc-js-icon-con\"><span class=\"\"><span class=\"eztoc-hide\" style=\"display:none;\">Toggle<\/span><span class=\"ez-toc-icon-toggle-span\"><svg style=\"fill: #db6415;color:#db6415\" xmlns=\"http:\/\/www.w3.org\/2000\/svg\" class=\"list-377408\" width=\"20px\" height=\"20px\" viewBox=\"0 0 24 24\" fill=\"none\"><path d=\"M6 6H4v2h2V6zm14 0H8v2h12V6zM4 11h2v2H4v-2zm16 0H8v2h12v-2zM4 16h2v2H4v-2zm16 0H8v2h12v-2z\" fill=\"currentColor\"><\/path><\/svg><svg style=\"fill: #db6415;color:#db6415\" class=\"arrow-unsorted-368013\" xmlns=\"http:\/\/www.w3.org\/2000\/svg\" width=\"10px\" height=\"10px\" viewBox=\"0 0 24 24\" version=\"1.2\" baseProfile=\"tiny\"><path d=\"M18.2 9.3l-6.2-6.3-6.2 6.3c-.2.2-.3.4-.3.7s.1.5.3.7c.2.2.4.3.7.3h11c.3 0 .5-.1.7-.3.2-.2.3-.5.3-.7s-.1-.5-.3-.7zM5.8 14.7l6.2 6.3 6.2-6.3c.2-.2.3-.5.3-.7s-.1-.5-.3-.7c-.2-.2-.4-.3-.7-.3h-11c-.3 0-.5.1-.7.3-.2.2-.3.5-.3.7s.1.5.3.7z\"\/><\/svg><\/span><\/span><\/span><\/a><\/span><\/div>\n<nav><ul class='ez-toc-list ez-toc-list-level-1 ' ><li class='ez-toc-page-1 ez-toc-heading-level-2'><a class=\"ez-toc-link ez-toc-heading-1\" href=\"https:\/\/idecesos.com\/seguros\/companias\/cajamar\/prima-mixta\/#Coberturas_seguro_Prima_Mixta_Cajamar\" >Coberturas seguro Prima Mixta Cajamar<\/a><ul class='ez-toc-list-level-3' ><li class='ez-toc-heading-level-3'><a class=\"ez-toc-link ez-toc-heading-2\" href=\"https:\/\/idecesos.com\/seguros\/companias\/cajamar\/prima-mixta\/#%C2%BFA_quien_va_dirigido_el_seguro_de_decesos_Prima_Mixta_de_Cajamar\" >\u00bfA qui\u00e9n va dirigido el seguro de decesos Prima Mixta de Cajamar?<\/a><\/li><\/ul><\/li><li class='ez-toc-page-1 ez-toc-heading-level-2'><a class=\"ez-toc-link ez-toc-heading-3\" href=\"https:\/\/idecesos.com\/seguros\/companias\/cajamar\/prima-mixta\/#Precio_de_seguro_de_decesos_Prima_Mixta_Cajamar\" >Precio de seguro de decesos Prima Mixta Cajamar<\/a><\/li><li class='ez-toc-page-1 ez-toc-heading-level-2'><a class=\"ez-toc-link ez-toc-heading-4\" href=\"https:\/\/idecesos.com\/seguros\/companias\/cajamar\/prima-mixta\/#Productos_Prima_Mixta_Cajamar\" >Productos Prima Mixta Cajamar<\/a><\/li><li class='ez-toc-page-1 ez-toc-heading-level-2'><a class=\"ez-toc-link ez-toc-heading-5\" href=\"https:\/\/idecesos.com\/seguros\/companias\/cajamar\/prima-mixta\/#Opiniones_del_seguro_de_decesos_de_Prima_Mixta_de_Cajamar\" >Opiniones del seguro de decesos de Prima Mixta de Cajamar<\/a><\/li><\/ul><\/nav><\/div>\n\n<p>La p\u00f3liza de decesos de prima mixta Cajamar es la m\u00e1s equilibrada en su portfolio de modalidades. Esto es debido a que re\u00fane lo mejor de la prima natural y la prima nivelada, o sea, hasta cierta edad la prima anualmente va creciendo m\u00e1s prosigue siendo asequible por el hecho de que se acorta la esperanza de vida de los asegurados y la actualizaci\u00f3n de los costes de los servicios y cuando llega a una edad m\u00e1s mayor se nivela para estabilizar la prima en los a\u00f1os donde los asegurados habr\u00edan de estar jubilados. <\/p>\n<p>Leer m\u00e1s: <a href=\"https:\/\/idecesos.com\/seguros\/tipo\/mixta\/\">Seguro de decesos Prima Mixta<\/a><\/p>\n<div class=\"colorf \"  ><div class=\"container clearfix\"><div class=\"col-md-7\"><\/p>\n<h2><span class=\"ez-toc-section\" id=\"Coberturas_seguro_Prima_Mixta_Cajamar\"><\/span>Coberturas seguro Prima Mixta Cajamar<span class=\"ez-toc-section-end\"><\/span><\/h2>\n<p>Resalta por la principal gesti\u00f3n del sepelio que se lleva a cabo de forma completa gracias a la cobertura de la prima mixta de Cajamar. Cuenta con diferentes coberturas, pero la que m\u00e1s presta un servicio de genial calidad es la referida a la gesti\u00f3n de decesos, en el momento de transportar al fallecido lo realiza un chofer con un elevado nivel de conocimiento, en el tanatorio se encargaran de que el cad\u00e1ver luzca lo mejor posible, a fin de que su familia de el \u00faltimo adi\u00f3s. Dan el mejor servicio para que la familia disponga de una persona para cualquier administraci\u00f3n en cualquier momento as\u00ed como cualquier clase de duda que puedan surgirle. Aparte de informar a cada asistente al acontecimiento la hora del velatorio, cuenta con las coberturas m\u00e1s completas dentro de ellos est\u00e1 el servicio religioso, corona floral, necrol\u00f3gica, ata\u00fad en el caso de inhumaci\u00f3n o bien urna en el caso de que desee cremaci\u00f3n. Podemos destacar que el servicio se dar\u00e1 ajust\u00e1ndose a las costumbres y gustos locales y de los familiares dentro del capital asegurado. <\/p>\n<p><\/div><\/div><\/div>\n<h3><span class=\"ez-toc-section\" id=\"%C2%BFA_quien_va_dirigido_el_seguro_de_decesos_Prima_Mixta_de_Cajamar\"><\/span>\u00bfA qui\u00e9n va dirigido el seguro de decesos Prima Mixta de Cajamar?<span class=\"ez-toc-section-end\"><\/span><\/h3>\n<p>Va dirigido para todas y cada una de las personas que se hallen entre los 50-55 a\u00f1os, tambi\u00e9n para las familias, el seguro de prima mixta Cajamar es el ideal y el m\u00e1s escogido por antonomasia en tanto que no tendr\u00e1s que abonar de forma adelantada por el sepelio como es el caso de la prima nivelada. Cada cliente del servicio que pertenezca a la p\u00f3liza de prima mixta Cajamar cuenta con el beneficio de combinaci\u00f3n de prima natural y nivelada. <\/p>\n<div class=\"colorf \"  ><div class=\"container clearfix\"><div class=\"col-md-7\"><\/p>\n<h2><span class=\"ez-toc-section\" id=\"Precio_de_seguro_de_decesos_Prima_Mixta_Cajamar\"><\/span>Precio de seguro de decesos Prima Mixta Cajamar<span class=\"ez-toc-section-end\"><\/span><\/h2>\n<p>Cajamar seguro de decesos prima mixta su precio es 1,99\u20ac mensual. El an\u00e1lisis del c\u00e1lculo se tomar\u00e1 en cuenta ciertos factores siendo una de las m\u00e1s representativa la edad o donde radique la persona. El mejor seguro de decesos de prima mixta Cajamar es su coste tan favorable como accesible, asegurado por los m\u00e1s especialistas. Es tan esencial contar con iDecesos puesto que resolvemos cualquier duda que tengas en el instante, realizamos las comparaciones pertinentes y observaras los precios de Cajamar del seguro de decesos de prima mixta. <\/p>\n<p><\/div><\/div><\/div>\n<h2><span class=\"ez-toc-section\" id=\"Productos_Prima_Mixta_Cajamar\"><\/span>Productos Prima Mixta Cajamar<span class=\"ez-toc-section-end\"><\/span><\/h2>\n<div class=\"colorf\"><div class=\"container clearfix\"><div class=\"col-md-7\"><div class=\"opiniones\">\n<h2><span class=\"ez-toc-section\" id=\"Opiniones_del_seguro_de_decesos_de_Prima_Mixta_de_Cajamar\"><\/span>Opiniones del seguro de decesos de Prima Mixta de Cajamar<span class=\"ez-toc-section-end\"><\/span><\/h2>\n<p>Hemos contrastado las diferentes opiniones que se ha obtenido, ha sido analizado por cada consultor especialista de iDecesos, con lo que se lleva a la conclusi\u00f3n del mejor seguro de decesos de prima mixta o bien semi natural es de Cajamar puesto que dan coberturas de las m\u00e1s destacadas, adem\u00e1s de contar con un precio muy accesible. <\/p>\n<div class=\"opinion \"  >\n\t\t\t<div class=\"cabecera_opinion\">\n\t\t\t\t<div class=\"avatar\">D D Q <\/div>\n\t\t\t\t<div class=\"datos_opinion\">\n\t\t\t\t\t<div class=\"nombre_opinion\">Delia de Quintero<\/div>\n\t\t\t\t\t<div class=\"info_opinion\">\t\t\t\t\t\t\n\t\t\t\t\t\t<div class=\"cuenta_opinion\"><i class=\"fas fa-pencil-alt\"><\/i><!--span class=\"dashicons dashicons-edit\" style=\"font-size:20px\"><\/span--><span>1 Opini\u00f3n<\/span><\/div>\t\t\t\t\t\t\n\t\t\t\t\t\t<div class=\"localizacion_opinion\">\n\t\t\t\t\t\t\t<i class=\"fas fa-map-marker-alt\"><\/i><!--span class=\"dashicons dashicons-location\" style=\"font-size:20px\"><\/span-->\n\t\t\t\t\t\t\t<span>ES<\/span>\n\t\t\t\t\t\t<\/div>\t\n\t\t\t\t\t<\/div>\n\t\t\t\t<\/div>\n\t\t\t<\/div><div class=\"texto_opinion\"><\/p>\n<p>Cuando afirmamos realizar la contrataci\u00f3n con Cajamar nos informaron que siendo j\u00f3venes la tarifa era m\u00e1s econ\u00f3mica, m\u00e1s Cajamar estima que llegando a una cierta edad, se debe acrecentar el pago debido que puede haber mayor peligro. Todav\u00eda de esta manera el trato que recib\u00ed me qued\u00e9 muy contenta.<\/p>\n<p><\/div><\/div>\n<div class=\"opinion \"  >\n\t\t\t<div class=\"cabecera_opinion\">\n\t\t\t\t<div class=\"avatar\">J O <\/div>\n\t\t\t\t<div class=\"datos_opinion\">\n\t\t\t\t\t<div class=\"nombre_opinion\">Juana Ortiz<\/div>\n\t\t\t\t\t<div class=\"info_opinion\">\t\t\t\t\t\t\n\t\t\t\t\t\t<div class=\"cuenta_opinion\"><i class=\"fas fa-pencil-alt\"><\/i><!--span class=\"dashicons dashicons-edit\" style=\"font-size:20px\"><\/span--><span>1 Opini\u00f3n<\/span><\/div>\t\t\t\t\t\t\n\t\t\t\t\t\t<div class=\"localizacion_opinion\">\n\t\t\t\t\t\t\t<i class=\"fas fa-map-marker-alt\"><\/i><!--span class=\"dashicons dashicons-location\" style=\"font-size:20px\"><\/span-->\n\t\t\t\t\t\t\t<span>ES<\/span>\n\t\t\t\t\t\t<\/div>\t\n\t\t\t\t\t<\/div>\n\t\t\t\t<\/div>\n\t\t\t<\/div><div class=\"texto_opinion\"><\/p>\n<p>Si todav\u00eda tienes dudas de como seleccionar, con Cajamar vas a contar con muchas ventajas si a\u00fan eres joven, ya que sus tarifas van muy adaptados a esas edades, por esta raz\u00f3n sin ning\u00fan g\u00e9nero de dudas no deber\u00edas pensarlo tanto, adem\u00e1s de estar con ellos much\u00edsimos a\u00f1os me dieron las mejores coberturas que hay en el mercado, pero debes conocer que una vez vaya aumentando los a\u00f1os, va en crecimiento el coste de Cajamar puesto que consideran que puede haber m\u00e1s peligro en edades mayores.<\/p>\n<p><\/div><\/div>\n<div class=\"opinion \"  >\n\t\t\t<div class=\"cabecera_opinion\">\n\t\t\t\t<div class=\"avatar\">Z G <\/div>\n\t\t\t\t<div class=\"datos_opinion\">\n\t\t\t\t\t<div class=\"nombre_opinion\">Zaida Gonz\u00e1lez<\/div>\n\t\t\t\t\t<div class=\"info_opinion\">\t\t\t\t\t\t\n\t\t\t\t\t\t<div class=\"cuenta_opinion\"><i class=\"fas fa-pencil-alt\"><\/i><!--span class=\"dashicons dashicons-edit\" style=\"font-size:20px\"><\/span--><span>1 Opini\u00f3n<\/span><\/div>\t\t\t\t\t\t\n\t\t\t\t\t\t<div class=\"localizacion_opinion\">\n\t\t\t\t\t\t\t<i class=\"fas fa-map-marker-alt\"><\/i><!--span class=\"dashicons dashicons-location\" style=\"font-size:20px\"><\/span-->\n\t\t\t\t\t\t\t<span>ES<\/span>\n\t\t\t\t\t\t<\/div>\t\n\t\t\t\t\t<\/div>\n\t\t\t\t<\/div>\n\t\t\t<\/div><div class=\"texto_opinion\"><\/p>\n<p>Ciertamente contamos con un asesor adaptado de Cajamar del que nos gui\u00f3 en las diferentes tarifas que contaban y cada uno de ellos de ellos con las coberturas que contemplan, llevamos con ellos m\u00e1s de 10 a\u00f1os, aunque ahora Cajamar que ya hemos superado la edad a fin de que nos salga m\u00e1s rentable, este \u00faltimo a\u00f1o se ha apreciado la subida.<\/p>\n<p><\/div><\/div>\n<\/div><\/div><\/div><\/div>\n<p><div class=\"oficinas\"><br \/>\n<h3>P\u00e1ginas relacionadas<\/h3><div class=\"enlazado\"><ul> <li><a href=\"https:\/\/idecesos.com\/seguros\/companias\/cajamar\/opiniones\/\">Opiniones Cajamar<\/a><\/li> <li><a href=\"https:\/\/idecesos.com\/seguros\/companias\/cajamar\/precio\/\">Precio seguro Cajamar<\/a><\/li> <li><a href=\"https:\/\/idecesos.com\/seguros\/companias\/cajamar\/prima-mixta\/\">Cajamar Prima Mixta<\/a><\/li> <li><a href=\"https:\/\/idecesos.com\/seguros\/companias\/cajamar\/prima-natural\/\">Cajamar Prima Natural<\/a><\/li> <li><a href=\"https:\/\/idecesos.com\/seguros\/companias\/cajamar\/prima-nivelada\/\">Cajamar Prima Nivelada<\/a><\/li> <li><a href=\"https:\/\/idecesos.com\/seguros\/companias\/cajamar\/prima-unica\/\">Cajamar Prima \u00danica<\/a><\/li> <li><a href=\"https:\/\/idecesos.com\/seguros\/companias\/cajamar\/repatriacion\/\">Cajamar Repatriaci\u00f3n<\/a><\/li> <li><a href=\"https:\/\/idecesos.com\/seguros\/companias\/cajamar\/telefono\/\">Tel\u00e9fono Gratuito Cajamar<\/a><\/li><\/ul><\/div><\/p>\n<\/div>\n","protected":false},"excerpt":{"rendered":"<p>La p\u00f3liza de decesos de prima mixta Cajamar es la m\u00e1s equilibrada en su portfolio de modalidades. Esto es debido a que re\u00fane lo mejor de la prima natural y la prima nivelada, o sea, hasta cierta edad la prima anualmente va creciendo m\u00e1s prosigue siendo asequible por el hecho de que se acorta la&hellip; <\/p>\n","protected":false},"author":3,"featured_media":0,"parent":605,"menu_order":0,"comment_status":"closed","ping_status":"closed","template":"single.php","meta":{"footnotes":""},"class_list":["post-11650","page","type-page","status-publish","hentry"],"yoast_head":"<!-- This site is optimized with the Yoast SEO plugin v27.6 - https:\/\/yoast.com\/product\/yoast-seo-wordpress\/ -->\n<title>Seguro Decesos Cajamar Prima Mixta \u25b7 Opiniones y Precio 2026<\/title>\n<meta name=\"description\" content=\"Click aqu\u00ed \u3010Seguro de Decesos Prima Mixta Cajamar\u3011 Mejores precios Cajamar seguro de fallecidos Prima Mixta \u2611\ufe0f Actualizado por iDecesos\u00ae\" \/>\n<meta name=\"robots\" content=\"index, follow, max-snippet:-1, max-image-preview:large, max-video-preview:-1\" \/>\n<link rel=\"canonical\" href=\"https:\/\/idecesos.com\/seguros\/companias\/cajamar\/prima-mixta\/\" \/>\n<meta property=\"og:locale\" content=\"es_ES\" \/>\n<meta property=\"og:type\" content=\"article\" \/>\n<meta property=\"og:title\" content=\"Seguro Decesos Cajamar Prima Mixta \u25b7 Opiniones y Precio 2026\" \/>\n<meta property=\"og:description\" content=\"Click aqu\u00ed \u3010Seguro de Decesos Prima Mixta Cajamar\u3011 Mejores precios Cajamar seguro de fallecidos Prima Mixta \u2611\ufe0f Actualizado por iDecesos\u00ae\" \/>\n<meta property=\"og:url\" content=\"https:\/\/idecesos.com\/seguros\/companias\/cajamar\/prima-mixta\/\" \/>\n<meta property=\"article:modified_time\" content=\"2022-01-03T12:30:07+00:00\" \/>\n<meta name=\"twitter:card\" content=\"summary_large_image\" \/>\n<meta name=\"twitter:label1\" content=\"Tiempo de lectura\" \/>\n\t<meta name=\"twitter:data1\" content=\"54 minutos\" \/>\n<script type=\"application\/ld+json\" class=\"yoast-schema-graph\">{\"@context\":\"https:\\\/\\\/schema.org\",\"@graph\":[{\"@type\":\"WebPage\",\"@id\":\"https:\\\/\\\/idecesos.com\\\/seguros\\\/companias\\\/cajamar\\\/prima-mixta\\\/\",\"url\":\"https:\\\/\\\/idecesos.com\\\/seguros\\\/companias\\\/cajamar\\\/prima-mixta\\\/\",\"name\":\"Seguro Decesos Cajamar Prima Mixta \u25b7 Opiniones y Precio 2026\",\"isPartOf\":{\"@id\":\"https:\\\/\\\/idecesos.com\\\/seguros\\\/#website\"},\"datePublished\":\"2021-11-18T00:00:00+00:00\",\"dateModified\":\"2022-01-03T12:30:07+00:00\",\"description\":\"Click aqu\u00ed \u3010Seguro de Decesos Prima Mixta Cajamar\u3011 Mejores precios Cajamar seguro de fallecidos Prima Mixta \u2611\ufe0f Actualizado por iDecesos\u00ae\",\"breadcrumb\":{\"@id\":\"https:\\\/\\\/idecesos.com\\\/seguros\\\/companias\\\/cajamar\\\/prima-mixta\\\/#breadcrumb\"},\"inLanguage\":\"es\",\"potentialAction\":[{\"@type\":\"ReadAction\",\"target\":[\"https:\\\/\\\/idecesos.com\\\/seguros\\\/companias\\\/cajamar\\\/prima-mixta\\\/\"]}]},{\"@type\":\"BreadcrumbList\",\"@id\":\"https:\\\/\\\/idecesos.com\\\/seguros\\\/companias\\\/cajamar\\\/prima-mixta\\\/#breadcrumb\",\"itemListElement\":[{\"@type\":\"ListItem\",\"position\":1,\"name\":\"Portada\",\"item\":\"https:\\\/\\\/idecesos.com\\\/seguros\\\/\"},{\"@type\":\"ListItem\",\"position\":2,\"name\":\"Compa\u00f1\u00edas de Seguros de Decesos en Espa\u00f1a\",\"item\":\"https:\\\/\\\/idecesos.com\\\/seguros\\\/companias\\\/\"},{\"@type\":\"ListItem\",\"position\":3,\"name\":\"Seguro de decesos Cajamar\",\"item\":\"https:\\\/\\\/idecesos.com\\\/seguros\\\/companias\\\/cajamar\\\/\"},{\"@type\":\"ListItem\",\"position\":4,\"name\":\"Seguro de decesos Cajamar Prima Mixta\"}]},{\"@type\":\"WebSite\",\"@id\":\"https:\\\/\\\/idecesos.com\\\/seguros\\\/#website\",\"url\":\"https:\\\/\\\/idecesos.com\\\/seguros\\\/\",\"name\":\"\",\"description\":\"\",\"potentialAction\":[{\"@type\":\"SearchAction\",\"target\":{\"@type\":\"EntryPoint\",\"urlTemplate\":\"https:\\\/\\\/idecesos.com\\\/seguros\\\/?s={search_term_string}\"},\"query-input\":{\"@type\":\"PropertyValueSpecification\",\"valueRequired\":true,\"valueName\":\"search_term_string\"}}],\"inLanguage\":\"es\"}]}<\/script>\n<!-- \/ Yoast SEO plugin. -->","yoast_head_json":{"title":"Seguro Decesos Cajamar Prima Mixta \u25b7 Opiniones y Precio 2026","description":"Click aqu\u00ed \u3010Seguro de Decesos Prima Mixta Cajamar\u3011 Mejores precios Cajamar seguro de fallecidos Prima Mixta \u2611\ufe0f Actualizado por iDecesos\u00ae","robots":{"index":"index","follow":"follow","max-snippet":"max-snippet:-1","max-image-preview":"max-image-preview:large","max-video-preview":"max-video-preview:-1"},"canonical":"https:\/\/idecesos.com\/seguros\/companias\/cajamar\/prima-mixta\/","og_locale":"es_ES","og_type":"article","og_title":"Seguro Decesos Cajamar Prima Mixta \u25b7 Opiniones y Precio 2026","og_description":"Click aqu\u00ed \u3010Seguro de Decesos Prima Mixta Cajamar\u3011 Mejores precios Cajamar seguro de fallecidos Prima Mixta \u2611\ufe0f Actualizado por iDecesos\u00ae","og_url":"https:\/\/idecesos.com\/seguros\/companias\/cajamar\/prima-mixta\/","article_modified_time":"2022-01-03T12:30:07+00:00","twitter_card":"summary_large_image","twitter_misc":{"Tiempo de lectura":"54 minutos"},"schema":{"@context":"https:\/\/schema.org","@graph":[{"@type":"WebPage","@id":"https:\/\/idecesos.com\/seguros\/companias\/cajamar\/prima-mixta\/","url":"https:\/\/idecesos.com\/seguros\/companias\/cajamar\/prima-mixta\/","name":"Seguro Decesos Cajamar Prima Mixta \u25b7 Opiniones y Precio 2026","isPartOf":{"@id":"https:\/\/idecesos.com\/seguros\/#website"},"datePublished":"2021-11-18T00:00:00+00:00","dateModified":"2022-01-03T12:30:07+00:00","description":"Click aqu\u00ed \u3010Seguro de Decesos Prima Mixta Cajamar\u3011 Mejores precios Cajamar seguro de fallecidos Prima Mixta \u2611\ufe0f Actualizado por iDecesos\u00ae","breadcrumb":{"@id":"https:\/\/idecesos.com\/seguros\/companias\/cajamar\/prima-mixta\/#breadcrumb"},"inLanguage":"es","potentialAction":[{"@type":"ReadAction","target":["https:\/\/idecesos.com\/seguros\/companias\/cajamar\/prima-mixta\/"]}]},{"@type":"BreadcrumbList","@id":"https:\/\/idecesos.com\/seguros\/companias\/cajamar\/prima-mixta\/#breadcrumb","itemListElement":[{"@type":"ListItem","position":1,"name":"Portada","item":"https:\/\/idecesos.com\/seguros\/"},{"@type":"ListItem","position":2,"name":"Compa\u00f1\u00edas de Seguros de Decesos en Espa\u00f1a","item":"https:\/\/idecesos.com\/seguros\/companias\/"},{"@type":"ListItem","position":3,"name":"Seguro de decesos Cajamar","item":"https:\/\/idecesos.com\/seguros\/companias\/cajamar\/"},{"@type":"ListItem","position":4,"name":"Seguro de decesos Cajamar Prima Mixta"}]},{"@type":"WebSite","@id":"https:\/\/idecesos.com\/seguros\/#website","url":"https:\/\/idecesos.com\/seguros\/","name":"","description":"","potentialAction":[{"@type":"SearchAction","target":{"@type":"EntryPoint","urlTemplate":"https:\/\/idecesos.com\/seguros\/?s={search_term_string}"},"query-input":{"@type":"PropertyValueSpecification","valueRequired":true,"valueName":"search_term_string"}}],"inLanguage":"es"}]}},"_links":{"self":[{"href":"https:\/\/idecesos.com\/seguros\/wp-json\/wp\/v2\/pages\/11650","targetHints":{"allow":["GET"]}}],"collection":[{"href":"https:\/\/idecesos.com\/seguros\/wp-json\/wp\/v2\/pages"}],"about":[{"href":"https:\/\/idecesos.com\/seguros\/wp-json\/wp\/v2\/types\/page"}],"author":[{"embeddable":true,"href":"https:\/\/idecesos.com\/seguros\/wp-json\/wp\/v2\/users\/3"}],"replies":[{"embeddable":true,"href":"https:\/\/idecesos.com\/seguros\/wp-json\/wp\/v2\/comments?post=11650"}],"version-history":[{"count":1,"href":"https:\/\/idecesos.com\/seguros\/wp-json\/wp\/v2\/pages\/11650\/revisions"}],"predecessor-version":[{"id":13152,"href":"https:\/\/idecesos.com\/seguros\/wp-json\/wp\/v2\/pages\/11650\/revisions\/13152"}],"up":[{"embeddable":true,"href":"https:\/\/idecesos.com\/seguros\/wp-json\/wp\/v2\/pages\/605"}],"wp:attachment":[{"href":"https:\/\/idecesos.com\/seguros\/wp-json\/wp\/v2\/media?parent=11650"}],"curies":[{"name":"wp","href":"https:\/\/api.w.org\/{rel}","templated":true}]}}