{"id":11652,"date":"2021-11-18T00:00:00","date_gmt":"2021-11-18T00:00:00","guid":{"rendered":"https:\/\/idecesos.com\/seguros\/?page_id=11652"},"modified":"2022-01-03T12:30:06","modified_gmt":"2022-01-03T12:30:06","slug":"prima-natural","status":"publish","type":"page","link":"https:\/\/idecesos.com\/seguros\/companias\/caja-rural\/prima-natural\/","title":{"rendered":"Seguro de decesos Caja Rural Prima Natural"},"content":{"rendered":"<div id=\"ez-toc-container\" class=\"ez-toc-v2_0_82_2 ez-toc-wrap-center counter-hierarchy ez-toc-counter ez-toc-custom ez-toc-container-direction\">\n<div class=\"ez-toc-title-container\">\n<p class=\"ez-toc-title\" style=\"cursor:inherit\">Tabla de Contenido<\/p>\n<span class=\"ez-toc-title-toggle\"><a href=\"#\" class=\"ez-toc-pull-right ez-toc-btn ez-toc-btn-xs ez-toc-btn-default ez-toc-toggle\" aria-label=\"Alternar tabla de contenidos\"><span class=\"ez-toc-js-icon-con\"><span class=\"\"><span class=\"eztoc-hide\" style=\"display:none;\">Toggle<\/span><span class=\"ez-toc-icon-toggle-span\"><svg style=\"fill: #db6415;color:#db6415\" xmlns=\"http:\/\/www.w3.org\/2000\/svg\" class=\"list-377408\" width=\"20px\" height=\"20px\" viewBox=\"0 0 24 24\" fill=\"none\"><path d=\"M6 6H4v2h2V6zm14 0H8v2h12V6zM4 11h2v2H4v-2zm16 0H8v2h12v-2zM4 16h2v2H4v-2zm16 0H8v2h12v-2z\" fill=\"currentColor\"><\/path><\/svg><svg style=\"fill: #db6415;color:#db6415\" class=\"arrow-unsorted-368013\" xmlns=\"http:\/\/www.w3.org\/2000\/svg\" width=\"10px\" height=\"10px\" viewBox=\"0 0 24 24\" version=\"1.2\" baseProfile=\"tiny\"><path d=\"M18.2 9.3l-6.2-6.3-6.2 6.3c-.2.2-.3.4-.3.7s.1.5.3.7c.2.2.4.3.7.3h11c.3 0 .5-.1.7-.3.2-.2.3-.5.3-.7s-.1-.5-.3-.7zM5.8 14.7l6.2 6.3 6.2-6.3c.2-.2.3-.5.3-.7s-.1-.5-.3-.7c-.2-.2-.4-.3-.7-.3h-11c-.3 0-.5.1-.7.3-.2.2-.3.5-.3.7s.1.5.3.7z\"\/><\/svg><\/span><\/span><\/span><\/a><\/span><\/div>\n<nav><ul class='ez-toc-list ez-toc-list-level-1 ' ><li class='ez-toc-page-1 ez-toc-heading-level-2'><a class=\"ez-toc-link ez-toc-heading-1\" href=\"https:\/\/idecesos.com\/seguros\/companias\/caja-rural\/prima-natural\/#Coberturas_seguro_Prima_Natural_Caja_Rural\" >Coberturas seguro Prima Natural Caja Rural<\/a><ul class='ez-toc-list-level-3' ><li class='ez-toc-heading-level-3'><a class=\"ez-toc-link ez-toc-heading-2\" href=\"https:\/\/idecesos.com\/seguros\/companias\/caja-rural\/prima-natural\/#%C2%BFA_quien_va_dirigido_el_seguro_de_decesos_Prima_Natural_de_Caja_Rural\" >\u00bfA qui\u00e9n va dirigido el seguro de decesos Prima Natural de Caja Rural?<\/a><\/li><\/ul><\/li><li class='ez-toc-page-1 ez-toc-heading-level-2'><a class=\"ez-toc-link ez-toc-heading-3\" href=\"https:\/\/idecesos.com\/seguros\/companias\/caja-rural\/prima-natural\/#Precio_de_seguro_de_decesos_Prima_Natural_Caja_Rural\" >Precio de seguro de decesos Prima Natural Caja Rural<\/a><\/li><li class='ez-toc-page-1 ez-toc-heading-level-2'><a class=\"ez-toc-link ez-toc-heading-4\" href=\"https:\/\/idecesos.com\/seguros\/companias\/caja-rural\/prima-natural\/#Productos_Prima_Natural_Caja_Rural\" >Productos Prima Natural Caja Rural<\/a><\/li><li class='ez-toc-page-1 ez-toc-heading-level-2'><a class=\"ez-toc-link ez-toc-heading-5\" href=\"https:\/\/idecesos.com\/seguros\/companias\/caja-rural\/prima-natural\/#Opiniones_del_seguro_de_decesos_de_Prima_Natural_de_Caja_Rural\" >Opiniones del seguro de decesos de Prima Natural de Caja Rural<\/a><ul class='ez-toc-list-level-3' ><li class='ez-toc-heading-level-3'><a class=\"ez-toc-link ez-toc-heading-6\" href=\"https:\/\/idecesos.com\/seguros\/companias\/caja-rural\/prima-natural\/#Paginas_relacionadas\" >P\u00e1ginas relacionadas<\/a><\/li><\/ul><\/li><\/ul><\/nav><\/div>\n\n<p>Ciertos expertos en el \u00e1mbito explican de forma breve exactamente en qu\u00e9 consiste el seguro de decesos de prima natural de Caja Rural. Dejando todo de forma m\u00e1s clara. El concepto de prima natural de Caja Rural es clar\u00edsimo, es el g\u00e9nero de prima ascendente en precio a\u00f1o tras a\u00f1o, debido a que al cumplir a\u00f1os los asegurados miembros de la p\u00f3liza el riesgo de fallecimiento es mayor, o sea, la esperanza de vida se acorta. Tambi\u00e9n, el precio asimismo va asociado al incremento del valor de los servicios funerarios asociados en todos y cada localidad, y acostumbran a variar. El pago de prima natural de Caja Rural resulta financieramente econ\u00f3mico que todos optan por esta p\u00f3liza. <\/p>\n<p>Leer m\u00e1s: <a href=\"https:\/\/idecesos.com\/seguros\/tipo\/natural\/\">Seguro de decesos Prima Natural<\/a><\/p>\n<div class=\"colorf \"  ><div class=\"container clearfix\"><div class=\"col-md-7\"><\/p>\n<h2><span class=\"ez-toc-section\" id=\"Coberturas_seguro_Prima_Natural_Caja_Rural\"><\/span>Coberturas seguro Prima Natural Caja Rural<span class=\"ez-toc-section-end\"><\/span><\/h2>\n<p>El seguro de prima natural de Caja Rural cuenta con las mejores coberturas del mercado en el servicio funerario dejando cubierto el traslado del cuerpo, incluye un experto conductor entre otros. En los diferentes servicios que dan es importante tambi\u00e9n contar que el fallecido merezca un trato digno por lo que asimismo incluye ata\u00fad, traslado, corona floral entre otros. En el caso de la necrol\u00f3gica el texto deber\u00e1 ser aprobado por los familiares. En todos y cada uno de los servicios que tengan el de car\u00e1cter m\u00e1s esencial es cubra de forma engrande condiciones el lugar del velatorio y que quede de manera conveniente a fin de que sus familiares se encuentren en serenidad y se despidan de su ser querido. Caja Rural prima natural aparte de las coberturas que contemplan en las condiciones generales que son las m\u00e1s b\u00e1sicas, queda recogido la opci\u00f3n de entierro o cremaci\u00f3n, quedando por aclarado que tambi\u00e9n pueden contar con esa cobertura. En el instante del servicio religioso se har\u00e1 en la capilla del tanatorio brindando m\u00e1s serenidad a los familiares, no obstante en el camposanto el sacerdote afirma unas \u00faltimas palabra. Aunque cada sitio es independiente con lo que pueden tener otras costumbres. Con todo lo precedente tambi\u00e9n se agrega al seguro de prima natural de Caja Rural unas coberturas complementarias a las que tiene, del cual podr\u00e1 hacer uso mientras que se encuentre en vigencia la p\u00f3liza. <\/p>\n<p><\/div><\/div><\/div>\n<h3><span class=\"ez-toc-section\" id=\"%C2%BFA_quien_va_dirigido_el_seguro_de_decesos_Prima_Natural_de_Caja_Rural\"><\/span>\u00bfA qui\u00e9n va dirigido el seguro de decesos Prima Natural de Caja Rural?<span class=\"ez-toc-section-end\"><\/span><\/h3>\n<p>El seguro de prima natural de Caja Rural est\u00e1 destinado a ser contratado por personas j\u00f3venes, puesto que se benefician de que tener una esperanza de vida mayor y Caja Rural lo premia al reducir la probabilidad que no anular de tener un siniestro. <\/p>\n<div class=\"colorf \"  ><div class=\"container clearfix\"><div class=\"col-md-7\"><\/p>\n<h2><span class=\"ez-toc-section\" id=\"Precio_de_seguro_de_decesos_Prima_Natural_Caja_Rural\"><\/span>Precio de seguro de decesos Prima Natural Caja Rural<span class=\"ez-toc-section-end\"><\/span><\/h2>\n<p>El coste del seguro de prima natural de Caja Rural es desde 2,15\u20ac por asegurado. Este c\u00e1lculo de ha cogido como puntos referenciales la edad y la localidad de la persona. Siendo una persona joven y dentro de la localidad el servicio funerario sea m\u00e1s asequible. Caja Rural seguro de prima natural, puedes realizar comparaciones con iDecesos y descubrir el mejor precio para ti en menos de 1 minuto. <\/p>\n<p><\/div><\/div><\/div>\n<h2><span class=\"ez-toc-section\" id=\"Productos_Prima_Natural_Caja_Rural\"><\/span>Productos Prima Natural Caja Rural<span class=\"ez-toc-section-end\"><\/span><\/h2>\n<div class=\"colorf\"><div class=\"container clearfix\"><div class=\"col-md-7\"><div class=\"opiniones\">\n<h2><span class=\"ez-toc-section\" id=\"Opiniones_del_seguro_de_decesos_de_Prima_Natural_de_Caja_Rural\"><\/span>Opiniones del seguro de decesos de Prima Natural de Caja Rural<span class=\"ez-toc-section-end\"><\/span><\/h2>\n<div class=\"opinion \"  >\n\t\t\t<div class=\"cabecera_opinion\">\n\t\t\t\t<div class=\"avatar\">E T <\/div>\n\t\t\t\t<div class=\"datos_opinion\">\n\t\t\t\t\t<div class=\"nombre_opinion\">Evangelina Tomas<\/div>\n\t\t\t\t\t<div class=\"info_opinion\">\t\t\t\t\t\t\n\t\t\t\t\t\t<div class=\"cuenta_opinion\"><i class=\"fas fa-pencil-alt\"><\/i><!--span class=\"dashicons dashicons-edit\" style=\"font-size:20px\"><\/span--><span>1 Opini\u00f3n<\/span><\/div>\t\t\t\t\t\t\n\t\t\t\t\t\t<div class=\"localizacion_opinion\">\n\t\t\t\t\t\t\t<i class=\"fas fa-map-marker-alt\"><\/i><!--span class=\"dashicons dashicons-location\" style=\"font-size:20px\"><\/span-->\n\t\t\t\t\t\t\t<span>ES<\/span>\n\t\t\t\t\t\t<\/div>\t\n\t\t\t\t\t<\/div>\n\t\t\t\t<\/div>\n\t\t\t<\/div><div class=\"texto_opinion\"><\/p>\n<p>Con iDecesos al efectuar las comparaciones decid\u00ed seleccionar Caja Rural el seguro de prima natural, por lo que estoy muy contenta por el costo tan alcanzable y las coberturas que cubren todo al 100 por cien lo que precisaba.<\/p>\n<p><\/div><\/div>\n<div class=\"opinion \"  >\n\t\t\t<div class=\"cabecera_opinion\">\n\t\t\t\t<div class=\"avatar\">Y T <\/div>\n\t\t\t\t<div class=\"datos_opinion\">\n\t\t\t\t\t<div class=\"nombre_opinion\">Yolanda Tormo<\/div>\n\t\t\t\t\t<div class=\"info_opinion\">\t\t\t\t\t\t\n\t\t\t\t\t\t<div class=\"cuenta_opinion\"><i class=\"fas fa-pencil-alt\"><\/i><!--span class=\"dashicons dashicons-edit\" style=\"font-size:20px\"><\/span--><span>1 Opini\u00f3n<\/span><\/div>\t\t\t\t\t\t\n\t\t\t\t\t\t<div class=\"localizacion_opinion\">\n\t\t\t\t\t\t\t<i class=\"fas fa-map-marker-alt\"><\/i><!--span class=\"dashicons dashicons-location\" style=\"font-size:20px\"><\/span-->\n\t\t\t\t\t\t\t<span>ES<\/span>\n\t\t\t\t\t\t<\/div>\t\n\t\t\t\t\t<\/div>\n\t\t\t\t<\/div>\n\t\t\t<\/div><div class=\"texto_opinion\"><\/p>\n<p>Caja Rural de la mejor que hay en el mercado con respecto al seguro de prima natural.<\/p>\n<p><\/div><\/div>\n<div class=\"opinion \"  >\n\t\t\t<div class=\"cabecera_opinion\">\n\t\t\t\t<div class=\"avatar\">T J <\/div>\n\t\t\t\t<div class=\"datos_opinion\">\n\t\t\t\t\t<div class=\"nombre_opinion\">Trist\u00e1n Joel<\/div>\n\t\t\t\t\t<div class=\"info_opinion\">\t\t\t\t\t\t\n\t\t\t\t\t\t<div class=\"cuenta_opinion\"><i class=\"fas fa-pencil-alt\"><\/i><!--span class=\"dashicons dashicons-edit\" style=\"font-size:20px\"><\/span--><span>1 Opini\u00f3n<\/span><\/div>\t\t\t\t\t\t\n\t\t\t\t\t\t<div class=\"localizacion_opinion\">\n\t\t\t\t\t\t\t<i class=\"fas fa-map-marker-alt\"><\/i><!--span class=\"dashicons dashicons-location\" style=\"font-size:20px\"><\/span-->\n\t\t\t\t\t\t\t<span>ES<\/span>\n\t\t\t\t\t\t<\/div>\t\n\t\t\t\t\t<\/div>\n\t\t\t\t<\/div>\n\t\t\t<\/div><div class=\"texto_opinion\"><\/p>\n<p>Muy aconsejable Caja Rural prima natural, todo muy correcto.<\/p>\n<p><\/div><\/div>\n<\/div><\/div><\/div><\/div>\n<p><div class=\"oficinas\"><br \/>\n<h3><span class=\"ez-toc-section\" id=\"Paginas_relacionadas\"><\/span>P\u00e1ginas relacionadas<span class=\"ez-toc-section-end\"><\/span><\/h3><div class=\"enlazado\"><ul> <li><a href=\"https:\/\/idecesos.com\/seguros\/companias\/caja-rural\/coberturas\/\">Coberturas Seguro de Decesos Caja Rural<\/a><\/li> <li><a href=\"https:\/\/idecesos.com\/seguros\/companias\/caja-rural\/opiniones\/\">Opiniones Caja Rural<\/a><\/li> <li><a href=\"https:\/\/idecesos.com\/seguros\/companias\/caja-rural\/precio\/\">Precio seguro Caja Rural<\/a><\/li> <li><a href=\"https:\/\/idecesos.com\/seguros\/companias\/caja-rural\/prima-mixta\/\">Caja Rural Prima Mixta<\/a><\/li> <li><a href=\"https:\/\/idecesos.com\/seguros\/companias\/caja-rural\/prima-natural\/\">Caja Rural Prima Natural<\/a><\/li> <li><a href=\"https:\/\/idecesos.com\/seguros\/companias\/caja-rural\/prima-nivelada\/\">Caja Rural Prima Nivelada<\/a><\/li> <li><a href=\"https:\/\/idecesos.com\/seguros\/companias\/caja-rural\/prima-unica\/\">Caja Rural Prima \u00danica<\/a><\/li> <li><a href=\"https:\/\/idecesos.com\/seguros\/companias\/caja-rural\/repatriacion\/\">Caja Rural Repatriaci\u00f3n<\/a><\/li> <li><a href=\"https:\/\/idecesos.com\/seguros\/companias\/caja-rural\/telefono\/\">Tel\u00e9fono Gratuito Caja Rural<\/a><\/li><\/ul><\/div><\/p>\n<\/div>\n","protected":false},"excerpt":{"rendered":"<p>Ciertos expertos en el \u00e1mbito explican de forma breve exactamente en qu\u00e9 consiste el seguro de decesos de prima natural de Caja Rural. Dejando todo de forma m\u00e1s clara. El concepto de prima natural de Caja Rural es clar\u00edsimo, es el g\u00e9nero de prima ascendente en precio a\u00f1o tras a\u00f1o, debido a que al cumplir&hellip; <\/p>\n","protected":false},"author":3,"featured_media":0,"parent":597,"menu_order":0,"comment_status":"closed","ping_status":"closed","template":"single.php","meta":{"footnotes":""},"class_list":["post-11652","page","type-page","status-publish","hentry"],"yoast_head":"<!-- This site is optimized with the Yoast SEO plugin v27.3 - https:\/\/yoast.com\/product\/yoast-seo-wordpress\/ -->\n<title>Seguro Decesos Caja Rural Prima Natural \u25b7 Opiniones y Precio 2026<\/title>\n<meta name=\"description\" content=\"Click aqu\u00ed \u3010Seguro de Decesos Prima Natural Caja Rural\u3011 Mejores precios Caja Rural seguro de fallecidos Prima Natural \u2611\ufe0f Actualizado por iDecesos\u00ae\" \/>\n<meta name=\"robots\" content=\"index, follow, max-snippet:-1, max-image-preview:large, max-video-preview:-1\" \/>\n<link rel=\"canonical\" href=\"https:\/\/idecesos.com\/seguros\/companias\/caja-rural\/prima-natural\/\" \/>\n<meta property=\"og:locale\" content=\"es_ES\" \/>\n<meta property=\"og:type\" content=\"article\" \/>\n<meta property=\"og:title\" content=\"Seguro Decesos Caja Rural Prima Natural \u25b7 Opiniones y Precio 2026\" \/>\n<meta property=\"og:description\" content=\"Click aqu\u00ed \u3010Seguro de Decesos Prima Natural Caja Rural\u3011 Mejores precios Caja Rural seguro de fallecidos Prima Natural \u2611\ufe0f Actualizado por iDecesos\u00ae\" \/>\n<meta property=\"og:url\" content=\"https:\/\/idecesos.com\/seguros\/companias\/caja-rural\/prima-natural\/\" \/>\n<meta property=\"article:modified_time\" content=\"2022-01-03T12:30:06+00:00\" \/>\n<meta name=\"twitter:card\" content=\"summary_large_image\" \/>\n<meta name=\"twitter:label1\" content=\"Tiempo de lectura\" \/>\n\t<meta name=\"twitter:data1\" content=\"54 minutos\" \/>\n<script type=\"application\/ld+json\" class=\"yoast-schema-graph\">{\"@context\":\"https:\\\/\\\/schema.org\",\"@graph\":[{\"@type\":\"WebPage\",\"@id\":\"https:\\\/\\\/idecesos.com\\\/seguros\\\/companias\\\/caja-rural\\\/prima-natural\\\/\",\"url\":\"https:\\\/\\\/idecesos.com\\\/seguros\\\/companias\\\/caja-rural\\\/prima-natural\\\/\",\"name\":\"Seguro Decesos Caja Rural Prima Natural \u25b7 Opiniones y Precio 2026\",\"isPartOf\":{\"@id\":\"https:\\\/\\\/idecesos.com\\\/seguros\\\/#website\"},\"datePublished\":\"2021-11-18T00:00:00+00:00\",\"dateModified\":\"2022-01-03T12:30:06+00:00\",\"description\":\"Click aqu\u00ed \u3010Seguro de Decesos Prima Natural Caja Rural\u3011 Mejores precios Caja Rural seguro de fallecidos Prima Natural \u2611\ufe0f Actualizado por iDecesos\u00ae\",\"breadcrumb\":{\"@id\":\"https:\\\/\\\/idecesos.com\\\/seguros\\\/companias\\\/caja-rural\\\/prima-natural\\\/#breadcrumb\"},\"inLanguage\":\"es\",\"potentialAction\":[{\"@type\":\"ReadAction\",\"target\":[\"https:\\\/\\\/idecesos.com\\\/seguros\\\/companias\\\/caja-rural\\\/prima-natural\\\/\"]}]},{\"@type\":\"BreadcrumbList\",\"@id\":\"https:\\\/\\\/idecesos.com\\\/seguros\\\/companias\\\/caja-rural\\\/prima-natural\\\/#breadcrumb\",\"itemListElement\":[{\"@type\":\"ListItem\",\"position\":1,\"name\":\"Portada\",\"item\":\"https:\\\/\\\/idecesos.com\\\/seguros\\\/\"},{\"@type\":\"ListItem\",\"position\":2,\"name\":\"Compa\u00f1\u00edas de Seguros de Decesos en Espa\u00f1a\",\"item\":\"https:\\\/\\\/idecesos.com\\\/seguros\\\/companias\\\/\"},{\"@type\":\"ListItem\",\"position\":3,\"name\":\"Seguro de decesos Caja Rural\",\"item\":\"https:\\\/\\\/idecesos.com\\\/seguros\\\/companias\\\/caja-rural\\\/\"},{\"@type\":\"ListItem\",\"position\":4,\"name\":\"Seguro de decesos Caja Rural Prima Natural\"}]},{\"@type\":\"WebSite\",\"@id\":\"https:\\\/\\\/idecesos.com\\\/seguros\\\/#website\",\"url\":\"https:\\\/\\\/idecesos.com\\\/seguros\\\/\",\"name\":\"\",\"description\":\"\",\"potentialAction\":[{\"@type\":\"SearchAction\",\"target\":{\"@type\":\"EntryPoint\",\"urlTemplate\":\"https:\\\/\\\/idecesos.com\\\/seguros\\\/?s={search_term_string}\"},\"query-input\":{\"@type\":\"PropertyValueSpecification\",\"valueRequired\":true,\"valueName\":\"search_term_string\"}}],\"inLanguage\":\"es\"}]}<\/script>\n<!-- \/ Yoast SEO plugin. -->","yoast_head_json":{"title":"Seguro Decesos Caja Rural Prima Natural \u25b7 Opiniones y Precio 2026","description":"Click aqu\u00ed \u3010Seguro de Decesos Prima Natural Caja Rural\u3011 Mejores precios Caja Rural seguro de fallecidos Prima Natural \u2611\ufe0f Actualizado por iDecesos\u00ae","robots":{"index":"index","follow":"follow","max-snippet":"max-snippet:-1","max-image-preview":"max-image-preview:large","max-video-preview":"max-video-preview:-1"},"canonical":"https:\/\/idecesos.com\/seguros\/companias\/caja-rural\/prima-natural\/","og_locale":"es_ES","og_type":"article","og_title":"Seguro Decesos Caja Rural Prima Natural \u25b7 Opiniones y Precio 2026","og_description":"Click aqu\u00ed \u3010Seguro de Decesos Prima Natural Caja Rural\u3011 Mejores precios Caja Rural seguro de fallecidos Prima Natural \u2611\ufe0f Actualizado por iDecesos\u00ae","og_url":"https:\/\/idecesos.com\/seguros\/companias\/caja-rural\/prima-natural\/","article_modified_time":"2022-01-03T12:30:06+00:00","twitter_card":"summary_large_image","twitter_misc":{"Tiempo de lectura":"54 minutos"},"schema":{"@context":"https:\/\/schema.org","@graph":[{"@type":"WebPage","@id":"https:\/\/idecesos.com\/seguros\/companias\/caja-rural\/prima-natural\/","url":"https:\/\/idecesos.com\/seguros\/companias\/caja-rural\/prima-natural\/","name":"Seguro Decesos Caja Rural Prima Natural \u25b7 Opiniones y Precio 2026","isPartOf":{"@id":"https:\/\/idecesos.com\/seguros\/#website"},"datePublished":"2021-11-18T00:00:00+00:00","dateModified":"2022-01-03T12:30:06+00:00","description":"Click aqu\u00ed \u3010Seguro de Decesos Prima Natural Caja Rural\u3011 Mejores precios Caja Rural seguro de fallecidos Prima Natural \u2611\ufe0f Actualizado por iDecesos\u00ae","breadcrumb":{"@id":"https:\/\/idecesos.com\/seguros\/companias\/caja-rural\/prima-natural\/#breadcrumb"},"inLanguage":"es","potentialAction":[{"@type":"ReadAction","target":["https:\/\/idecesos.com\/seguros\/companias\/caja-rural\/prima-natural\/"]}]},{"@type":"BreadcrumbList","@id":"https:\/\/idecesos.com\/seguros\/companias\/caja-rural\/prima-natural\/#breadcrumb","itemListElement":[{"@type":"ListItem","position":1,"name":"Portada","item":"https:\/\/idecesos.com\/seguros\/"},{"@type":"ListItem","position":2,"name":"Compa\u00f1\u00edas de Seguros de Decesos en Espa\u00f1a","item":"https:\/\/idecesos.com\/seguros\/companias\/"},{"@type":"ListItem","position":3,"name":"Seguro de decesos Caja Rural","item":"https:\/\/idecesos.com\/seguros\/companias\/caja-rural\/"},{"@type":"ListItem","position":4,"name":"Seguro de decesos Caja Rural Prima Natural"}]},{"@type":"WebSite","@id":"https:\/\/idecesos.com\/seguros\/#website","url":"https:\/\/idecesos.com\/seguros\/","name":"","description":"","potentialAction":[{"@type":"SearchAction","target":{"@type":"EntryPoint","urlTemplate":"https:\/\/idecesos.com\/seguros\/?s={search_term_string}"},"query-input":{"@type":"PropertyValueSpecification","valueRequired":true,"valueName":"search_term_string"}}],"inLanguage":"es"}]}},"_links":{"self":[{"href":"https:\/\/idecesos.com\/seguros\/wp-json\/wp\/v2\/pages\/11652","targetHints":{"allow":["GET"]}}],"collection":[{"href":"https:\/\/idecesos.com\/seguros\/wp-json\/wp\/v2\/pages"}],"about":[{"href":"https:\/\/idecesos.com\/seguros\/wp-json\/wp\/v2\/types\/page"}],"author":[{"embeddable":true,"href":"https:\/\/idecesos.com\/seguros\/wp-json\/wp\/v2\/users\/3"}],"replies":[{"embeddable":true,"href":"https:\/\/idecesos.com\/seguros\/wp-json\/wp\/v2\/comments?post=11652"}],"version-history":[{"count":1,"href":"https:\/\/idecesos.com\/seguros\/wp-json\/wp\/v2\/pages\/11652\/revisions"}],"predecessor-version":[{"id":13160,"href":"https:\/\/idecesos.com\/seguros\/wp-json\/wp\/v2\/pages\/11652\/revisions\/13160"}],"up":[{"embeddable":true,"href":"https:\/\/idecesos.com\/seguros\/wp-json\/wp\/v2\/pages\/597"}],"wp:attachment":[{"href":"https:\/\/idecesos.com\/seguros\/wp-json\/wp\/v2\/media?parent=11652"}],"curies":[{"name":"wp","href":"https:\/\/api.w.org\/{rel}","templated":true}]}}