{"id":11653,"date":"2021-11-18T00:00:00","date_gmt":"2021-11-18T00:00:00","guid":{"rendered":"https:\/\/idecesos.com\/seguros\/?page_id=11653"},"modified":"2022-01-03T12:30:06","modified_gmt":"2022-01-03T12:30:06","slug":"prima-unica","status":"publish","type":"page","link":"https:\/\/idecesos.com\/seguros\/companias\/caja-laboral\/prima-unica\/","title":{"rendered":"Seguro de decesos Caja Laboral Prima \u00danica"},"content":{"rendered":"<div id=\"ez-toc-container\" class=\"ez-toc-v2_0_82_2 ez-toc-wrap-center counter-hierarchy ez-toc-counter ez-toc-custom ez-toc-container-direction\">\n<div class=\"ez-toc-title-container\">\n<p class=\"ez-toc-title\" style=\"cursor:inherit\">Tabla de Contenido<\/p>\n<span class=\"ez-toc-title-toggle\"><a href=\"#\" class=\"ez-toc-pull-right ez-toc-btn ez-toc-btn-xs ez-toc-btn-default ez-toc-toggle\" aria-label=\"Alternar tabla de contenidos\"><span class=\"ez-toc-js-icon-con\"><span class=\"\"><span class=\"eztoc-hide\" style=\"display:none;\">Toggle<\/span><span class=\"ez-toc-icon-toggle-span\"><svg style=\"fill: #db6415;color:#db6415\" xmlns=\"http:\/\/www.w3.org\/2000\/svg\" class=\"list-377408\" width=\"20px\" height=\"20px\" viewBox=\"0 0 24 24\" fill=\"none\"><path d=\"M6 6H4v2h2V6zm14 0H8v2h12V6zM4 11h2v2H4v-2zm16 0H8v2h12v-2zM4 16h2v2H4v-2zm16 0H8v2h12v-2z\" fill=\"currentColor\"><\/path><\/svg><svg style=\"fill: #db6415;color:#db6415\" class=\"arrow-unsorted-368013\" xmlns=\"http:\/\/www.w3.org\/2000\/svg\" width=\"10px\" height=\"10px\" viewBox=\"0 0 24 24\" version=\"1.2\" baseProfile=\"tiny\"><path d=\"M18.2 9.3l-6.2-6.3-6.2 6.3c-.2.2-.3.4-.3.7s.1.5.3.7c.2.2.4.3.7.3h11c.3 0 .5-.1.7-.3.2-.2.3-.5.3-.7s-.1-.5-.3-.7zM5.8 14.7l6.2 6.3 6.2-6.3c.2-.2.3-.5.3-.7s-.1-.5-.3-.7c-.2-.2-.4-.3-.7-.3h-11c-.3 0-.5.1-.7.3-.2.2-.3.5-.3.7s.1.5.3.7z\"\/><\/svg><\/span><\/span><\/span><\/a><\/span><\/div>\n<nav><ul class='ez-toc-list ez-toc-list-level-1 ' ><li class='ez-toc-page-1 ez-toc-heading-level-2'><a class=\"ez-toc-link ez-toc-heading-1\" href=\"https:\/\/idecesos.com\/seguros\/companias\/caja-laboral\/prima-unica\/#Coberturas_seguro_Prima_Unica_Caja_Laboral\" >Coberturas seguro Prima \u00danica Caja Laboral<\/a><ul class='ez-toc-list-level-3' ><li class='ez-toc-heading-level-3'><a class=\"ez-toc-link ez-toc-heading-2\" href=\"https:\/\/idecesos.com\/seguros\/companias\/caja-laboral\/prima-unica\/#%C2%BFA_quien_va_dirigido_el_seguro_de_decesos_Prima_Unica_de_Caja_Laboral\" >\u00bfA qui\u00e9n va dirigido el seguro de decesos Prima \u00danica de Caja Laboral?<\/a><\/li><\/ul><\/li><li class='ez-toc-page-1 ez-toc-heading-level-2'><a class=\"ez-toc-link ez-toc-heading-3\" href=\"https:\/\/idecesos.com\/seguros\/companias\/caja-laboral\/prima-unica\/#Precio_de_seguro_de_decesos_Prima_Unica_Caja_Laboral\" >Precio de seguro de decesos Prima \u00danica Caja Laboral<\/a><\/li><li class='ez-toc-page-1 ez-toc-heading-level-2'><a class=\"ez-toc-link ez-toc-heading-4\" href=\"https:\/\/idecesos.com\/seguros\/companias\/caja-laboral\/prima-unica\/#Productos_Prima_Unica_Caja_Laboral\" >Productos Prima \u00danica Caja Laboral<\/a><\/li><li class='ez-toc-page-1 ez-toc-heading-level-2'><a class=\"ez-toc-link ez-toc-heading-5\" href=\"https:\/\/idecesos.com\/seguros\/companias\/caja-laboral\/prima-unica\/#Opiniones_del_seguro_de_decesos_de_Prima_Unica_de_Caja_Laboral\" >Opiniones del seguro de decesos de Prima \u00danica de Caja Laboral<\/a><ul class='ez-toc-list-level-3' ><li class='ez-toc-heading-level-3'><a class=\"ez-toc-link ez-toc-heading-6\" href=\"https:\/\/idecesos.com\/seguros\/companias\/caja-laboral\/prima-unica\/#Paginas_relacionadas\" >P\u00e1ginas relacionadas<\/a><\/li><\/ul><\/li><\/ul><\/nav><\/div>\n<p><br \/>\nEs importante que el seguro de decesos de prima \u00fanica de Caja Laboral se encargue al 100% de todas las gestiones recurrentes, tr\u00e1mites burocr\u00e1ticos as\u00ed como de dar tranquilidad a sus seres queridos. Mediante el abono en un s\u00f3lo pago de la prima a Caja Laboral y encomendando de forma indefinida, sin cancelaci\u00f3n anticipada y de forma totalmente garantizada la gesti\u00f3n completa del deceso. Da los mejores servicios de Caja Laboral de una manera mucho m\u00e1s sencillo, as\u00ed como integral en todo los servicios que dan con un \u00fanico pago de manera anticipada y adapt\u00e1ndose al cliente. <\/p>\n<p>Leer m\u00e1s: <a href=\"https:\/\/idecesos.com\/seguros\/tipo\/prima-unica\/\">Seguro de decesos Prima \u00danica<\/a><br \/>\n<div class=\"colorf \"  ><div class=\"container clearfix\"><div class=\"col-md-7\"><\/p>\n<h2><span class=\"ez-toc-section\" id=\"Coberturas_seguro_Prima_Unica_Caja_Laboral\"><\/span>Coberturas seguro Prima \u00danica Caja Laboral<span class=\"ez-toc-section-end\"><\/span><\/h2>\n<p>\u00bfQu\u00e9 coberturas tiene prima \u00fanica? Las coberturas que contempla el seguro de prima \u00fanica de Caja Laboral es aquella que da garant\u00eda a una tramitaci\u00f3n de forma completa dando entierro o bien incineraci\u00f3n, quedando todos incluidos. Todas las coberturas que contiene las primordiales coberturas que da el traslado del fallecido as\u00ed sea donde se encuentre el cuerpo. Cuenta desde la administraci\u00f3n de coordinaci\u00f3n de velatorio, las coberturas complementarias como la corona floral, l\u00e1pida o bien urnas, encarg\u00e1ndose de ello sin dejar nada sin solucionar. Dando una mayor calma a sus familiares en ese d\u00eda tan delicado. Adem\u00e1s, el seguro de prima \u00fanica de Caja Laboral garantizan todos y cada uno de los tr\u00e1mites burocr\u00e1ticos como son el certificado de defunci\u00f3n y registro civil del fallecido entre otros.<br \/>\n<\/div><\/div><\/div><\/p>\n<h3><span class=\"ez-toc-section\" id=\"%C2%BFA_quien_va_dirigido_el_seguro_de_decesos_Prima_Unica_de_Caja_Laboral\"><\/span>\u00bfA qui\u00e9n va dirigido el seguro de decesos Prima \u00danica de Caja Laboral?<span class=\"ez-toc-section-end\"><\/span><\/h3>\n<p>En el rango de edad las personas de m\u00e1s de 70 a\u00f1os prefiere el seguro de prima \u00fanica de Caja Laboral por que cubre sus necesidades contando con \u00fanico pago de la prima, con lo que dejar\u00e1n todo solucionado y dando serenidad a su familia. Tambi\u00e9n, el seguro de pago \u00fanico de Caja Laboral est\u00e1 enfocado para dar soluciones con m\u00e1s y menos posibilidades econ\u00f3micas, porque en el momento del fallecimiento y pese a tener dinero, el familiar no quiere organizar, administrar, gestionar cada uno de ellos de los servicios de un sepelio completo. Con solo ponerse en contacto por tel\u00e9fono con Caja Laboral el seguro de prima \u00fanica, ellos se van a poner en marcha y administran todo con rapidez adem\u00e1s de que todo ser\u00e1 llevado a cabo con pormenorizado trabajo. Por otro lado, si no dispones de posibilidades econ\u00f3micas el seguro de prima \u00fanica de Caja Laboral ayuda a los familiares de reunir de forma anticipada entre todos y cada uno de los familiares la suma de la prima y dejarlo contratado, a fin de que llegado el momento del fallecimiento del asegurado no tengan que buscar funeraria y negociar en un instante tan doloroso y con tanto desamparo.<br \/>\n<div class=\"colorf \"  ><div class=\"container clearfix\"><div class=\"col-md-7\"><\/p>\n<h2><span class=\"ez-toc-section\" id=\"Precio_de_seguro_de_decesos_Prima_Unica_Caja_Laboral\"><\/span>Precio de seguro de decesos Prima \u00danica Caja Laboral<span class=\"ez-toc-section-end\"><\/span><\/h2>\n<p>En el mercado de seguros en Espa\u00f1a se halla una infinidad de costes, aunque el precio del seguro de decesos de prima \u00fanica de Caja Laboral es de 3000 euros aproximadamente, se tendr\u00e1 presente la edad como la localidad. Es importante contar con el comparador para obtener el mejor precio de pago \u00fanico de Caja Laboral puesto que tendremos una perspectiva m\u00e1s visual respecto a todos los datos, y solo va a ser en menor tiempo del que te puedes imaginar.<br \/>\n<\/div><\/div><\/div><\/p>\n<h2><span class=\"ez-toc-section\" id=\"Productos_Prima_Unica_Caja_Laboral\"><\/span>Productos Prima \u00danica Caja Laboral<span class=\"ez-toc-section-end\"><\/span><\/h2>\n<div class=\"colorf\"><div class=\"container clearfix\"><div class=\"col-md-7\"><div class=\"opiniones\">\n<h2><span class=\"ez-toc-section\" id=\"Opiniones_del_seguro_de_decesos_de_Prima_Unica_de_Caja_Laboral\"><\/span>Opiniones del seguro de decesos de Prima \u00danica de Caja Laboral<span class=\"ez-toc-section-end\"><\/span><\/h2>\n<div class=\"opinion \"  >\n\t\t\t<div class=\"cabecera_opinion\">\n\t\t\t\t<div class=\"avatar\">M M <\/div>\n\t\t\t\t<div class=\"datos_opinion\">\n\t\t\t\t\t<div class=\"nombre_opinion\">Mario Mart\u00edn<\/div>\n\t\t\t\t\t<div class=\"info_opinion\">\t\t\t\t\t\t\n\t\t\t\t\t\t<div class=\"cuenta_opinion\"><i class=\"fas fa-pencil-alt\"><\/i><!--span class=\"dashicons dashicons-edit\" style=\"font-size:20px\"><\/span--><span>1 Opini\u00f3n<\/span><\/div>\t\t\t\t\t\t\n\t\t\t\t\t\t<div class=\"localizacion_opinion\">\n\t\t\t\t\t\t\t<i class=\"fas fa-map-marker-alt\"><\/i><!--span class=\"dashicons dashicons-location\" style=\"font-size:20px\"><\/span-->\n\t\t\t\t\t\t\t<span>ES<\/span>\n\t\t\t\t\t\t<\/div>\t\n\t\t\t\t\t<\/div>\n\t\t\t\t<\/div>\n\t\t\t<\/div><div class=\"texto_opinion\"><\/p>\n<p>He contratado el seguro de prima \u00fanica de Caja Laboral y solo puedo decir que desde que llamamos al tel\u00e9fono de asistencia se ocuparon de todo y fue todo adecuado por parte de su personal.<\/p>\n<p><\/div><\/div>\n<div class=\"opinion \"  >\n\t\t\t<div class=\"cabecera_opinion\">\n\t\t\t\t<div class=\"avatar\">S A <\/div>\n\t\t\t\t<div class=\"datos_opinion\">\n\t\t\t\t\t<div class=\"nombre_opinion\">Saturnina Adriana<\/div>\n\t\t\t\t\t<div class=\"info_opinion\">\t\t\t\t\t\t\n\t\t\t\t\t\t<div class=\"cuenta_opinion\"><i class=\"fas fa-pencil-alt\"><\/i><!--span class=\"dashicons dashicons-edit\" style=\"font-size:20px\"><\/span--><span>1 Opini\u00f3n<\/span><\/div>\t\t\t\t\t\t\n\t\t\t\t\t\t<div class=\"localizacion_opinion\">\n\t\t\t\t\t\t\t<i class=\"fas fa-map-marker-alt\"><\/i><!--span class=\"dashicons dashicons-location\" style=\"font-size:20px\"><\/span-->\n\t\t\t\t\t\t\t<span>ES<\/span>\n\t\t\t\t\t\t<\/div>\t\n\t\t\t\t\t<\/div>\n\t\t\t\t<\/div>\n\t\t\t<\/div><div class=\"texto_opinion\"><\/p>\n<p>Anteriormente estuve con otra compa\u00f1\u00eda, de la que tengo mala experiencia con lo que desde el instante en que me cambi\u00e9 a este seguro de Caja Laboral en el primer instante me dieron las mejores coberturas.<br \/>\n<\/div><\/div>\n<div class=\"opinion \"  >\n\t\t\t<div class=\"cabecera_opinion\">\n\t\t\t\t<div class=\"avatar\">S A <\/div>\n\t\t\t\t<div class=\"datos_opinion\">\n\t\t\t\t\t<div class=\"nombre_opinion\">Samuel Ayll\u00f3n<\/div>\n\t\t\t\t\t<div class=\"info_opinion\">\t\t\t\t\t\t\n\t\t\t\t\t\t<div class=\"cuenta_opinion\"><i class=\"fas fa-pencil-alt\"><\/i><!--span class=\"dashicons dashicons-edit\" style=\"font-size:20px\"><\/span--><span>1 Opini\u00f3n<\/span><\/div>\t\t\t\t\t\t\n\t\t\t\t\t\t<div class=\"localizacion_opinion\">\n\t\t\t\t\t\t\t<i class=\"fas fa-map-marker-alt\"><\/i><!--span class=\"dashicons dashicons-location\" style=\"font-size:20px\"><\/span-->\n\t\t\t\t\t\t\t<span>ES<\/span>\n\t\t\t\t\t\t<\/div>\t\n\t\t\t\t\t<\/div>\n\t\t\t\t<\/div>\n\t\t\t<\/div><div class=\"texto_opinion\"><\/p>\n<p>La valoraci\u00f3n que tengo del seguro de prima \u00fanica de Caja Laboral es buen\u00edsima ya que recib\u00ed una atenci\u00f3n muy eficiente en el instante del \u00f3bito de mi abuelo.<\/p>\n<p><\/div><\/div>\n<\/div><\/div><\/div><\/div>\n<p><div class=\"oficinas\"><br \/>\n<h3><span class=\"ez-toc-section\" id=\"Paginas_relacionadas\"><\/span>P\u00e1ginas relacionadas<span class=\"ez-toc-section-end\"><\/span><\/h3><div class=\"enlazado\"><ul> <li><a href=\"https:\/\/idecesos.com\/seguros\/companias\/caja-laboral\/opiniones\/\">Opiniones Caja Laboral<\/a><\/li> <li><a href=\"https:\/\/idecesos.com\/seguros\/companias\/caja-laboral\/precio\/\">Precio seguro Caja Laboral<\/a><\/li> <li><a href=\"https:\/\/idecesos.com\/seguros\/companias\/caja-laboral\/prima-mixta\/\">Caja Laboral Prima Mixta<\/a><\/li> <li><a href=\"https:\/\/idecesos.com\/seguros\/companias\/caja-laboral\/prima-natural\/\">Caja Laboral Prima Natural<\/a><\/li> <li><a href=\"https:\/\/idecesos.com\/seguros\/companias\/caja-laboral\/prima-nivelada\/\">Caja Laboral Prima Nivelada<\/a><\/li> <li><a href=\"https:\/\/idecesos.com\/seguros\/companias\/caja-laboral\/prima-unica\/\">Caja Laboral Prima \u00danica<\/a><\/li> <li><a href=\"https:\/\/idecesos.com\/seguros\/companias\/caja-laboral\/repatriacion\/\">Caja Laboral Repatriaci\u00f3n<\/a><\/li> <li><a href=\"https:\/\/idecesos.com\/seguros\/companias\/caja-laboral\/telefono\/\">Tel\u00e9fono Gratuito Caja Laboral<\/a><\/li><\/ul><\/div><\/p>\n<\/div>\n","protected":false},"excerpt":{"rendered":"<p>Es importante que el seguro de decesos de prima \u00fanica de Caja Laboral se encargue al 100% de todas las gestiones recurrentes, tr\u00e1mites burocr\u00e1ticos as\u00ed como de dar tranquilidad a sus seres queridos. Mediante el abono en un s\u00f3lo pago de la prima a Caja Laboral y encomendando de forma indefinida, sin cancelaci\u00f3n anticipada y&hellip; <\/p>\n","protected":false},"author":3,"featured_media":0,"parent":593,"menu_order":0,"comment_status":"closed","ping_status":"closed","template":"single.php","meta":{"footnotes":""},"class_list":["post-11653","page","type-page","status-publish","hentry"],"yoast_head":"<!-- This site is optimized with the Yoast SEO plugin v27.4 - https:\/\/yoast.com\/product\/yoast-seo-wordpress\/ -->\n<title>Seguro Decesos Caja Laboral Prima \u00danica \u25b7 Opiniones y Precio 2026<\/title>\n<meta name=\"description\" content=\"Click aqu\u00ed \u3010Seguro de Decesos Prima \u00danica Caja Laboral\u3011 Mejores precios Caja Laboral seguro de fallecidos Prima \u00danica \u2611\ufe0f Actualizado por iDecesos\u00ae\" \/>\n<meta name=\"robots\" content=\"index, follow, max-snippet:-1, max-image-preview:large, max-video-preview:-1\" \/>\n<link rel=\"canonical\" href=\"https:\/\/idecesos.com\/seguros\/companias\/caja-laboral\/prima-unica\/\" \/>\n<meta property=\"og:locale\" content=\"es_ES\" \/>\n<meta property=\"og:type\" content=\"article\" \/>\n<meta property=\"og:title\" content=\"Seguro Decesos Caja Laboral Prima \u00danica \u25b7 Opiniones y Precio 2026\" \/>\n<meta property=\"og:description\" content=\"Click aqu\u00ed \u3010Seguro de Decesos Prima \u00danica Caja Laboral\u3011 Mejores precios Caja Laboral seguro de fallecidos Prima \u00danica \u2611\ufe0f Actualizado por iDecesos\u00ae\" \/>\n<meta property=\"og:url\" content=\"https:\/\/idecesos.com\/seguros\/companias\/caja-laboral\/prima-unica\/\" \/>\n<meta property=\"article:modified_time\" content=\"2022-01-03T12:30:06+00:00\" \/>\n<meta name=\"twitter:card\" content=\"summary_large_image\" \/>\n<meta name=\"twitter:label1\" content=\"Tiempo de lectura\" \/>\n\t<meta name=\"twitter:data1\" content=\"60 minutos\" \/>\n<script type=\"application\/ld+json\" class=\"yoast-schema-graph\">{\"@context\":\"https:\\\/\\\/schema.org\",\"@graph\":[{\"@type\":\"WebPage\",\"@id\":\"https:\\\/\\\/idecesos.com\\\/seguros\\\/companias\\\/caja-laboral\\\/prima-unica\\\/\",\"url\":\"https:\\\/\\\/idecesos.com\\\/seguros\\\/companias\\\/caja-laboral\\\/prima-unica\\\/\",\"name\":\"Seguro Decesos Caja Laboral Prima \u00danica \u25b7 Opiniones y Precio 2026\",\"isPartOf\":{\"@id\":\"https:\\\/\\\/idecesos.com\\\/seguros\\\/#website\"},\"datePublished\":\"2021-11-18T00:00:00+00:00\",\"dateModified\":\"2022-01-03T12:30:06+00:00\",\"description\":\"Click aqu\u00ed \u3010Seguro de Decesos Prima \u00danica Caja Laboral\u3011 Mejores precios Caja Laboral seguro de fallecidos Prima \u00danica \u2611\ufe0f Actualizado por iDecesos\u00ae\",\"breadcrumb\":{\"@id\":\"https:\\\/\\\/idecesos.com\\\/seguros\\\/companias\\\/caja-laboral\\\/prima-unica\\\/#breadcrumb\"},\"inLanguage\":\"es\",\"potentialAction\":[{\"@type\":\"ReadAction\",\"target\":[\"https:\\\/\\\/idecesos.com\\\/seguros\\\/companias\\\/caja-laboral\\\/prima-unica\\\/\"]}]},{\"@type\":\"BreadcrumbList\",\"@id\":\"https:\\\/\\\/idecesos.com\\\/seguros\\\/companias\\\/caja-laboral\\\/prima-unica\\\/#breadcrumb\",\"itemListElement\":[{\"@type\":\"ListItem\",\"position\":1,\"name\":\"Portada\",\"item\":\"https:\\\/\\\/idecesos.com\\\/seguros\\\/\"},{\"@type\":\"ListItem\",\"position\":2,\"name\":\"Compa\u00f1\u00edas de Seguros de Decesos en Espa\u00f1a\",\"item\":\"https:\\\/\\\/idecesos.com\\\/seguros\\\/companias\\\/\"},{\"@type\":\"ListItem\",\"position\":3,\"name\":\"Seguro de decesos Caja Laboral\",\"item\":\"https:\\\/\\\/idecesos.com\\\/seguros\\\/companias\\\/caja-laboral\\\/\"},{\"@type\":\"ListItem\",\"position\":4,\"name\":\"Seguro de decesos Caja Laboral Prima \u00danica\"}]},{\"@type\":\"WebSite\",\"@id\":\"https:\\\/\\\/idecesos.com\\\/seguros\\\/#website\",\"url\":\"https:\\\/\\\/idecesos.com\\\/seguros\\\/\",\"name\":\"\",\"description\":\"\",\"potentialAction\":[{\"@type\":\"SearchAction\",\"target\":{\"@type\":\"EntryPoint\",\"urlTemplate\":\"https:\\\/\\\/idecesos.com\\\/seguros\\\/?s={search_term_string}\"},\"query-input\":{\"@type\":\"PropertyValueSpecification\",\"valueRequired\":true,\"valueName\":\"search_term_string\"}}],\"inLanguage\":\"es\"}]}<\/script>\n<!-- \/ Yoast SEO plugin. -->","yoast_head_json":{"title":"Seguro Decesos Caja Laboral Prima \u00danica \u25b7 Opiniones y Precio 2026","description":"Click aqu\u00ed \u3010Seguro de Decesos Prima \u00danica Caja Laboral\u3011 Mejores precios Caja Laboral seguro de fallecidos Prima \u00danica \u2611\ufe0f Actualizado por iDecesos\u00ae","robots":{"index":"index","follow":"follow","max-snippet":"max-snippet:-1","max-image-preview":"max-image-preview:large","max-video-preview":"max-video-preview:-1"},"canonical":"https:\/\/idecesos.com\/seguros\/companias\/caja-laboral\/prima-unica\/","og_locale":"es_ES","og_type":"article","og_title":"Seguro Decesos Caja Laboral Prima \u00danica \u25b7 Opiniones y Precio 2026","og_description":"Click aqu\u00ed \u3010Seguro de Decesos Prima \u00danica Caja Laboral\u3011 Mejores precios Caja Laboral seguro de fallecidos Prima \u00danica \u2611\ufe0f Actualizado por iDecesos\u00ae","og_url":"https:\/\/idecesos.com\/seguros\/companias\/caja-laboral\/prima-unica\/","article_modified_time":"2022-01-03T12:30:06+00:00","twitter_card":"summary_large_image","twitter_misc":{"Tiempo de lectura":"60 minutos"},"schema":{"@context":"https:\/\/schema.org","@graph":[{"@type":"WebPage","@id":"https:\/\/idecesos.com\/seguros\/companias\/caja-laboral\/prima-unica\/","url":"https:\/\/idecesos.com\/seguros\/companias\/caja-laboral\/prima-unica\/","name":"Seguro Decesos Caja Laboral Prima \u00danica \u25b7 Opiniones y Precio 2026","isPartOf":{"@id":"https:\/\/idecesos.com\/seguros\/#website"},"datePublished":"2021-11-18T00:00:00+00:00","dateModified":"2022-01-03T12:30:06+00:00","description":"Click aqu\u00ed \u3010Seguro de Decesos Prima \u00danica Caja Laboral\u3011 Mejores precios Caja Laboral seguro de fallecidos Prima \u00danica \u2611\ufe0f Actualizado por iDecesos\u00ae","breadcrumb":{"@id":"https:\/\/idecesos.com\/seguros\/companias\/caja-laboral\/prima-unica\/#breadcrumb"},"inLanguage":"es","potentialAction":[{"@type":"ReadAction","target":["https:\/\/idecesos.com\/seguros\/companias\/caja-laboral\/prima-unica\/"]}]},{"@type":"BreadcrumbList","@id":"https:\/\/idecesos.com\/seguros\/companias\/caja-laboral\/prima-unica\/#breadcrumb","itemListElement":[{"@type":"ListItem","position":1,"name":"Portada","item":"https:\/\/idecesos.com\/seguros\/"},{"@type":"ListItem","position":2,"name":"Compa\u00f1\u00edas de Seguros de Decesos en Espa\u00f1a","item":"https:\/\/idecesos.com\/seguros\/companias\/"},{"@type":"ListItem","position":3,"name":"Seguro de decesos Caja Laboral","item":"https:\/\/idecesos.com\/seguros\/companias\/caja-laboral\/"},{"@type":"ListItem","position":4,"name":"Seguro de decesos Caja Laboral Prima \u00danica"}]},{"@type":"WebSite","@id":"https:\/\/idecesos.com\/seguros\/#website","url":"https:\/\/idecesos.com\/seguros\/","name":"","description":"","potentialAction":[{"@type":"SearchAction","target":{"@type":"EntryPoint","urlTemplate":"https:\/\/idecesos.com\/seguros\/?s={search_term_string}"},"query-input":{"@type":"PropertyValueSpecification","valueRequired":true,"valueName":"search_term_string"}}],"inLanguage":"es"}]}},"_links":{"self":[{"href":"https:\/\/idecesos.com\/seguros\/wp-json\/wp\/v2\/pages\/11653","targetHints":{"allow":["GET"]}}],"collection":[{"href":"https:\/\/idecesos.com\/seguros\/wp-json\/wp\/v2\/pages"}],"about":[{"href":"https:\/\/idecesos.com\/seguros\/wp-json\/wp\/v2\/types\/page"}],"author":[{"embeddable":true,"href":"https:\/\/idecesos.com\/seguros\/wp-json\/wp\/v2\/users\/3"}],"replies":[{"embeddable":true,"href":"https:\/\/idecesos.com\/seguros\/wp-json\/wp\/v2\/comments?post=11653"}],"version-history":[{"count":1,"href":"https:\/\/idecesos.com\/seguros\/wp-json\/wp\/v2\/pages\/11653\/revisions"}],"predecessor-version":[{"id":13147,"href":"https:\/\/idecesos.com\/seguros\/wp-json\/wp\/v2\/pages\/11653\/revisions\/13147"}],"up":[{"embeddable":true,"href":"https:\/\/idecesos.com\/seguros\/wp-json\/wp\/v2\/pages\/593"}],"wp:attachment":[{"href":"https:\/\/idecesos.com\/seguros\/wp-json\/wp\/v2\/media?parent=11653"}],"curies":[{"name":"wp","href":"https:\/\/api.w.org\/{rel}","templated":true}]}}