{"id":11670,"date":"2021-11-19T00:00:00","date_gmt":"2021-11-19T00:00:00","guid":{"rendered":"https:\/\/idecesos.com\/seguros\/?page_id=11670"},"modified":"2022-01-03T12:30:58","modified_gmt":"2022-01-03T12:30:58","slug":"prima-unica","status":"publish","type":"page","link":"https:\/\/idecesos.com\/seguros\/companias\/groupama\/prima-unica\/","title":{"rendered":"Seguro de decesos Groupama Prima \u00danica"},"content":{"rendered":"<div id=\"ez-toc-container\" class=\"ez-toc-v2_0_82_2 ez-toc-wrap-center counter-hierarchy ez-toc-counter ez-toc-custom ez-toc-container-direction\">\n<div class=\"ez-toc-title-container\">\n<p class=\"ez-toc-title\" style=\"cursor:inherit\">Tabla de Contenido<\/p>\n<span class=\"ez-toc-title-toggle\"><a href=\"#\" class=\"ez-toc-pull-right ez-toc-btn ez-toc-btn-xs ez-toc-btn-default ez-toc-toggle\" aria-label=\"Alternar tabla de contenidos\"><span class=\"ez-toc-js-icon-con\"><span class=\"\"><span class=\"eztoc-hide\" style=\"display:none;\">Toggle<\/span><span class=\"ez-toc-icon-toggle-span\"><svg style=\"fill: #db6415;color:#db6415\" xmlns=\"http:\/\/www.w3.org\/2000\/svg\" class=\"list-377408\" width=\"20px\" height=\"20px\" viewBox=\"0 0 24 24\" fill=\"none\"><path d=\"M6 6H4v2h2V6zm14 0H8v2h12V6zM4 11h2v2H4v-2zm16 0H8v2h12v-2zM4 16h2v2H4v-2zm16 0H8v2h12v-2z\" fill=\"currentColor\"><\/path><\/svg><svg style=\"fill: #db6415;color:#db6415\" class=\"arrow-unsorted-368013\" xmlns=\"http:\/\/www.w3.org\/2000\/svg\" width=\"10px\" height=\"10px\" viewBox=\"0 0 24 24\" version=\"1.2\" baseProfile=\"tiny\"><path d=\"M18.2 9.3l-6.2-6.3-6.2 6.3c-.2.2-.3.4-.3.7s.1.5.3.7c.2.2.4.3.7.3h11c.3 0 .5-.1.7-.3.2-.2.3-.5.3-.7s-.1-.5-.3-.7zM5.8 14.7l6.2 6.3 6.2-6.3c.2-.2.3-.5.3-.7s-.1-.5-.3-.7c-.2-.2-.4-.3-.7-.3h-11c-.3 0-.5.1-.7.3-.2.2-.3.5-.3.7s.1.5.3.7z\"\/><\/svg><\/span><\/span><\/span><\/a><\/span><\/div>\n<nav><ul class='ez-toc-list ez-toc-list-level-1 ' ><li class='ez-toc-page-1 ez-toc-heading-level-2'><a class=\"ez-toc-link ez-toc-heading-1\" href=\"https:\/\/idecesos.com\/seguros\/companias\/groupama\/prima-unica\/#Coberturas_seguro_Prima_Unica_Groupama\" >Coberturas seguro Prima \u00danica Groupama<\/a><ul class='ez-toc-list-level-3' ><li class='ez-toc-heading-level-3'><a class=\"ez-toc-link ez-toc-heading-2\" href=\"https:\/\/idecesos.com\/seguros\/companias\/groupama\/prima-unica\/#%C2%BFA_quien_va_dirigido_el_seguro_de_decesos_Prima_Unica_de_Groupama\" >\u00bfA qui\u00e9n va dirigido el seguro de decesos Prima \u00danica de Groupama?<\/a><\/li><\/ul><\/li><li class='ez-toc-page-1 ez-toc-heading-level-2'><a class=\"ez-toc-link ez-toc-heading-3\" href=\"https:\/\/idecesos.com\/seguros\/companias\/groupama\/prima-unica\/#Precio_de_seguro_de_decesos_Prima_Unica_Groupama\" >Precio de seguro de decesos Prima \u00danica Groupama<\/a><\/li><li class='ez-toc-page-1 ez-toc-heading-level-2'><a class=\"ez-toc-link ez-toc-heading-4\" href=\"https:\/\/idecesos.com\/seguros\/companias\/groupama\/prima-unica\/#Productos_Prima_Unica_Groupama\" >Productos Prima \u00danica Groupama<\/a><\/li><li class='ez-toc-page-1 ez-toc-heading-level-2'><a class=\"ez-toc-link ez-toc-heading-5\" href=\"https:\/\/idecesos.com\/seguros\/companias\/groupama\/prima-unica\/#Opiniones_del_seguro_de_decesos_de_Prima_Unica_de_Groupama\" >Opiniones del seguro de decesos de Prima \u00danica de Groupama<\/a><ul class='ez-toc-list-level-3' ><li class='ez-toc-heading-level-3'><a class=\"ez-toc-link ez-toc-heading-6\" href=\"https:\/\/idecesos.com\/seguros\/companias\/groupama\/prima-unica\/#Paginas_relacionadas\" >P\u00e1ginas relacionadas<\/a><\/li><\/ul><\/li><\/ul><\/nav><\/div>\n<p><br \/>\nEl seguro de decesos de prima \u00fanica de Groupama est\u00e1n para solucionar cualquier incidencia que pudiese ocurrir por el fallecido, as\u00ed como de gestionar cualquier tramitaci\u00f3n legal. Realizando un \u00fanico pago de la prima a Groupama, por lo que ser\u00e1 de forma indeterminada, no se podr\u00e1 cancelar aun avisando previamente, con lo que contar\u00e1 con una tramitaci\u00f3n completa. Adem\u00e1s de ser un servicio \u00fatil, r\u00e1pido y eficaz Groupama es de las mejores ya que se adapta a los clientes de un rango de edad muy mayor. Todo de manera que resulta de pago \u00fanico. <\/p>\n<p>Leer m\u00e1s: <a href=\"https:\/\/idecesos.com\/seguros\/tipo\/prima-unica\/\">Seguro de decesos Prima \u00danica<\/a><br \/>\n<div class=\"colorf \"  ><div class=\"container clearfix\"><div class=\"col-md-7\"><\/p>\n<h2><span class=\"ez-toc-section\" id=\"Coberturas_seguro_Prima_Unica_Groupama\"><\/span>Coberturas seguro Prima \u00danica Groupama<span class=\"ez-toc-section-end\"><\/span><\/h2>\n<p>Groupama cuenta con las mejores coberturas del seguro de decesos de prima \u00fanica se adaptan a la perfecci\u00f3n a los gustos de cada uno de ellos como las costumbres de cada familiar. Adem\u00e1s cuenta con diferentes alternativas como es el caso de entierro, cremaci\u00f3n o bien l\u00e1pida, va a poder escoger entre ciertos de ellos. En Groupama intervienen en todo momento de la gesti\u00f3n de documentos de los tr\u00e1mites legales, coordinar\u00e1n todo en comparaci\u00f3n con sepelio as\u00ed como de resolver todas y cada una de las dudas de los familiares. Dentro del capital aseguroComo, otra cobertura resaltable del seguro de prima \u00fanica de Groupama es la administraci\u00f3n de suministros en el sepelio ( flores, coche mortuorio, ata\u00fad, necrol\u00f3gicas entre otros muchos). Dentro de las cl\u00e1usulas de Groupama contiene todas las coberturas de manera m\u00e1s detallada as\u00ed como las que est\u00e1n excluidas.<br \/>\n<\/div><\/div><\/div><\/p>\n<h3><span class=\"ez-toc-section\" id=\"%C2%BFA_quien_va_dirigido_el_seguro_de_decesos_Prima_Unica_de_Groupama\"><\/span>\u00bfA qui\u00e9n va dirigido el seguro de decesos Prima \u00danica de Groupama?<span class=\"ez-toc-section-end\"><\/span><\/h3>\n<p>Groupama, el seguro de prima \u00fanica para todas y cada una aquellas personas que sean mayor de 60 a\u00f1os, aunque el rango de contrataci\u00f3n se encuentre en los 70 a\u00f1os los adquieren para dejar todo de forma resuelta en el momento de su \u00f3bito. Asimismo, es un seguro que va dirigido a personas de cualquier tipo social, desde los de alto valor adquisitivo porque llegado el instante del deceso con tan solo llamar a un tel\u00e9fono les organizan todo, centr\u00e1ndose los familiares en velar el cuerpo y atender a dem\u00e1s familiares y allegados. Tambi\u00e9n va dirigido a personas que no van tan holgadas econ\u00f3micamente pero que el asegurado tienen una edad avanzada y no puede contratar una prima peri\u00f3dica pero que el seguro de prima \u00fanica de Groupama es m\u00e1s econ\u00f3mico que contratar un servicio funerario con el cuerpo del difunto presente y adem\u00e1s de esto no desean negociar, ni organizar, ni colectar dinero a los familiares para abonar el servicio.<br \/>\n<div class=\"colorf \"  ><div class=\"container clearfix\"><div class=\"col-md-7\"><\/p>\n<h2><span class=\"ez-toc-section\" id=\"Precio_de_seguro_de_decesos_Prima_Unica_Groupama\"><\/span>Precio de seguro de decesos Prima \u00danica Groupama<span class=\"ez-toc-section-end\"><\/span><\/h2>\n<p>Los costes del seguro de decesos de prima \u00fanica de Groupama son baratos van desde los 2900 euros m\u00e1s o menos en dependencia de la edad y la localidad, mas todav\u00eda de esta forma son bastante asequibles con respecto al mercado asegurador en Espa\u00f1a. El mejor precio del seguro de pago \u00fanico de Groupama lo puedes hallar con una comparativa en 1 minuto.<br \/>\n<\/div><\/div><\/div><\/p>\n<h2><span class=\"ez-toc-section\" id=\"Productos_Prima_Unica_Groupama\"><\/span>Productos Prima \u00danica Groupama<span class=\"ez-toc-section-end\"><\/span><\/h2>\n<div class=\"colorf\"><div class=\"container clearfix\"><div class=\"col-md-7\"><div class=\"opiniones\">\n<h2><span class=\"ez-toc-section\" id=\"Opiniones_del_seguro_de_decesos_de_Prima_Unica_de_Groupama\"><\/span>Opiniones del seguro de decesos de Prima \u00danica de Groupama<span class=\"ez-toc-section-end\"><\/span><\/h2>\n<div class=\"opinion \"  >\n\t\t\t<div class=\"cabecera_opinion\">\n\t\t\t\t<div class=\"avatar\">J A <\/div>\n\t\t\t\t<div class=\"datos_opinion\">\n\t\t\t\t\t<div class=\"nombre_opinion\">Joan Albenca<\/div>\n\t\t\t\t\t<div class=\"info_opinion\">\t\t\t\t\t\t\n\t\t\t\t\t\t<div class=\"cuenta_opinion\"><i class=\"fas fa-pencil-alt\"><\/i><!--span class=\"dashicons dashicons-edit\" style=\"font-size:20px\"><\/span--><span>1 Opini\u00f3n<\/span><\/div>\t\t\t\t\t\t\n\t\t\t\t\t\t<div class=\"localizacion_opinion\">\n\t\t\t\t\t\t\t<i class=\"fas fa-map-marker-alt\"><\/i><!--span class=\"dashicons dashicons-location\" style=\"font-size:20px\"><\/span-->\n\t\t\t\t\t\t\t<span>ES<\/span>\n\t\t\t\t\t\t<\/div>\t\n\t\t\t\t\t<\/div>\n\t\t\t\t<\/div>\n\t\t\t<\/div><div class=\"texto_opinion\"><\/p>\n<p>A mi modo de ver considero que es la que mejor precio ofrecen siendo tan asequibles.<\/p>\n<p><\/div><\/div>\n<div class=\"opinion \"  >\n\t\t\t<div class=\"cabecera_opinion\">\n\t\t\t\t<div class=\"avatar\">S A <\/div>\n\t\t\t\t<div class=\"datos_opinion\">\n\t\t\t\t\t<div class=\"nombre_opinion\">Saturnina Adriana<\/div>\n\t\t\t\t\t<div class=\"info_opinion\">\t\t\t\t\t\t\n\t\t\t\t\t\t<div class=\"cuenta_opinion\"><i class=\"fas fa-pencil-alt\"><\/i><!--span class=\"dashicons dashicons-edit\" style=\"font-size:20px\"><\/span--><span>1 Opini\u00f3n<\/span><\/div>\t\t\t\t\t\t\n\t\t\t\t\t\t<div class=\"localizacion_opinion\">\n\t\t\t\t\t\t\t<i class=\"fas fa-map-marker-alt\"><\/i><!--span class=\"dashicons dashicons-location\" style=\"font-size:20px\"><\/span-->\n\t\t\t\t\t\t\t<span>ES<\/span>\n\t\t\t\t\t\t<\/div>\t\n\t\t\t\t\t<\/div>\n\t\t\t\t<\/div>\n\t\t\t<\/div><div class=\"texto_opinion\"><\/p>\n<p>Mis familiares me aconsejaron, por el precio que tienen de prima.<br \/>\n<\/div><\/div>\n<div class=\"opinion \"  >\n\t\t\t<div class=\"cabecera_opinion\">\n\t\t\t\t<div class=\"avatar\">N M <\/div>\n\t\t\t\t<div class=\"datos_opinion\">\n\t\t\t\t\t<div class=\"nombre_opinion\">Nazaret Molins<\/div>\n\t\t\t\t\t<div class=\"info_opinion\">\t\t\t\t\t\t\n\t\t\t\t\t\t<div class=\"cuenta_opinion\"><i class=\"fas fa-pencil-alt\"><\/i><!--span class=\"dashicons dashicons-edit\" style=\"font-size:20px\"><\/span--><span>1 Opini\u00f3n<\/span><\/div>\t\t\t\t\t\t\n\t\t\t\t\t\t<div class=\"localizacion_opinion\">\n\t\t\t\t\t\t\t<i class=\"fas fa-map-marker-alt\"><\/i><!--span class=\"dashicons dashicons-location\" style=\"font-size:20px\"><\/span-->\n\t\t\t\t\t\t\t<span>ES<\/span>\n\t\t\t\t\t\t<\/div>\t\n\t\t\t\t\t<\/div>\n\t\t\t\t<\/div>\n\t\t\t<\/div><div class=\"texto_opinion\"><\/p>\n<p>En ese instante tan inopinado como el fallecimiento de un ser querido, en el caso de mi padre en ese d\u00eda Groupama nos asisti\u00f3 brind\u00e1ndonos todas las coberturas necesarias como asistencia personal, Groupama resalta por sus caracter\u00edsticas que son soluciones en esa situaci\u00f3n, Groupama cuenta con los mejores especialistas del campo.<\/p>\n<p><\/div><\/div>\n<\/div><\/div><\/div><\/div>\n<p><div class=\"oficinas\"><br \/>\n<h3><span class=\"ez-toc-section\" id=\"Paginas_relacionadas\"><\/span>P\u00e1ginas relacionadas<span class=\"ez-toc-section-end\"><\/span><\/h3><div class=\"enlazado\"><ul> <li><a href=\"https:\/\/idecesos.com\/seguros\/companias\/groupama\/opiniones\/\">Opiniones Groupama<\/a><\/li> <li><a href=\"https:\/\/idecesos.com\/seguros\/companias\/groupama\/precio\/\">Precio seguro Groupama<\/a><\/li> <li><a href=\"https:\/\/idecesos.com\/seguros\/companias\/groupama\/prima-mixta\/\">Groupama Prima Mixta<\/a><\/li> <li><a href=\"https:\/\/idecesos.com\/seguros\/companias\/groupama\/prima-natural\/\">Groupama Prima Natural<\/a><\/li> <li><a href=\"https:\/\/idecesos.com\/seguros\/companias\/groupama\/prima-nivelada\/\">Groupama Prima Nivelada<\/a><\/li> <li><a href=\"https:\/\/idecesos.com\/seguros\/companias\/groupama\/prima-unica\/\">Groupama Prima \u00danica<\/a><\/li> <li><a href=\"https:\/\/idecesos.com\/seguros\/companias\/groupama\/repatriacion\/\">Groupama Repatriaci\u00f3n<\/a><\/li> <li><a href=\"https:\/\/idecesos.com\/seguros\/companias\/groupama\/telefono\/\">Tel\u00e9fono Gratuito Groupama<\/a><\/li><\/ul><\/div><\/p>\n<\/div>\n","protected":false},"excerpt":{"rendered":"<p>El seguro de decesos de prima \u00fanica de Groupama est\u00e1n para solucionar cualquier incidencia que pudiese ocurrir por el fallecido, as\u00ed como de gestionar cualquier tramitaci\u00f3n legal. Realizando un \u00fanico pago de la prima a Groupama, por lo que ser\u00e1 de forma indeterminada, no se podr\u00e1 cancelar aun avisando previamente, con lo que contar\u00e1 con&hellip; <\/p>\n","protected":false},"author":3,"featured_media":0,"parent":650,"menu_order":0,"comment_status":"closed","ping_status":"closed","template":"single.php","meta":{"footnotes":""},"class_list":["post-11670","page","type-page","status-publish","hentry"],"yoast_head":"<!-- This site is optimized with the Yoast SEO plugin v27.3 - https:\/\/yoast.com\/product\/yoast-seo-wordpress\/ -->\n<title>Seguro Decesos Groupama Prima \u00danica \u25b7 Opiniones y Precio 2026<\/title>\n<meta name=\"description\" content=\"Click aqu\u00ed \u3010Seguro de Decesos Prima \u00danica Groupama\u3011 Mejores precios Groupama seguro de fallecidos Prima \u00danica \u2611\ufe0f Actualizado por iDecesos\u00ae\" \/>\n<meta name=\"robots\" content=\"index, follow, max-snippet:-1, max-image-preview:large, max-video-preview:-1\" \/>\n<link rel=\"canonical\" href=\"https:\/\/idecesos.com\/seguros\/companias\/groupama\/prima-unica\/\" \/>\n<meta property=\"og:locale\" content=\"es_ES\" \/>\n<meta property=\"og:type\" content=\"article\" \/>\n<meta property=\"og:title\" content=\"Seguro Decesos Groupama Prima \u00danica \u25b7 Opiniones y Precio 2026\" \/>\n<meta property=\"og:description\" content=\"Click aqu\u00ed \u3010Seguro de Decesos Prima \u00danica Groupama\u3011 Mejores precios Groupama seguro de fallecidos Prima \u00danica \u2611\ufe0f Actualizado por iDecesos\u00ae\" \/>\n<meta property=\"og:url\" content=\"https:\/\/idecesos.com\/seguros\/companias\/groupama\/prima-unica\/\" \/>\n<meta property=\"article:modified_time\" content=\"2022-01-03T12:30:58+00:00\" \/>\n<meta name=\"twitter:card\" content=\"summary_large_image\" \/>\n<meta name=\"twitter:label1\" content=\"Tiempo de lectura\" \/>\n\t<meta name=\"twitter:data1\" content=\"60 minutos\" \/>\n<script type=\"application\/ld+json\" class=\"yoast-schema-graph\">{\"@context\":\"https:\\\/\\\/schema.org\",\"@graph\":[{\"@type\":\"WebPage\",\"@id\":\"https:\\\/\\\/idecesos.com\\\/seguros\\\/companias\\\/groupama\\\/prima-unica\\\/\",\"url\":\"https:\\\/\\\/idecesos.com\\\/seguros\\\/companias\\\/groupama\\\/prima-unica\\\/\",\"name\":\"Seguro Decesos Groupama Prima \u00danica \u25b7 Opiniones y Precio 2026\",\"isPartOf\":{\"@id\":\"https:\\\/\\\/idecesos.com\\\/seguros\\\/#website\"},\"datePublished\":\"2021-11-19T00:00:00+00:00\",\"dateModified\":\"2022-01-03T12:30:58+00:00\",\"description\":\"Click aqu\u00ed \u3010Seguro de Decesos Prima \u00danica Groupama\u3011 Mejores precios Groupama seguro de fallecidos Prima \u00danica \u2611\ufe0f Actualizado por iDecesos\u00ae\",\"breadcrumb\":{\"@id\":\"https:\\\/\\\/idecesos.com\\\/seguros\\\/companias\\\/groupama\\\/prima-unica\\\/#breadcrumb\"},\"inLanguage\":\"es\",\"potentialAction\":[{\"@type\":\"ReadAction\",\"target\":[\"https:\\\/\\\/idecesos.com\\\/seguros\\\/companias\\\/groupama\\\/prima-unica\\\/\"]}]},{\"@type\":\"BreadcrumbList\",\"@id\":\"https:\\\/\\\/idecesos.com\\\/seguros\\\/companias\\\/groupama\\\/prima-unica\\\/#breadcrumb\",\"itemListElement\":[{\"@type\":\"ListItem\",\"position\":1,\"name\":\"Portada\",\"item\":\"https:\\\/\\\/idecesos.com\\\/seguros\\\/\"},{\"@type\":\"ListItem\",\"position\":2,\"name\":\"Compa\u00f1\u00edas de Seguros de Decesos en Espa\u00f1a\",\"item\":\"https:\\\/\\\/idecesos.com\\\/seguros\\\/companias\\\/\"},{\"@type\":\"ListItem\",\"position\":3,\"name\":\"Seguro de decesos Groupama\",\"item\":\"https:\\\/\\\/idecesos.com\\\/seguros\\\/companias\\\/groupama\\\/\"},{\"@type\":\"ListItem\",\"position\":4,\"name\":\"Seguro de decesos Groupama Prima \u00danica\"}]},{\"@type\":\"WebSite\",\"@id\":\"https:\\\/\\\/idecesos.com\\\/seguros\\\/#website\",\"url\":\"https:\\\/\\\/idecesos.com\\\/seguros\\\/\",\"name\":\"\",\"description\":\"\",\"potentialAction\":[{\"@type\":\"SearchAction\",\"target\":{\"@type\":\"EntryPoint\",\"urlTemplate\":\"https:\\\/\\\/idecesos.com\\\/seguros\\\/?s={search_term_string}\"},\"query-input\":{\"@type\":\"PropertyValueSpecification\",\"valueRequired\":true,\"valueName\":\"search_term_string\"}}],\"inLanguage\":\"es\"}]}<\/script>\n<!-- \/ Yoast SEO plugin. -->","yoast_head_json":{"title":"Seguro Decesos Groupama Prima \u00danica \u25b7 Opiniones y Precio 2026","description":"Click aqu\u00ed \u3010Seguro de Decesos Prima \u00danica Groupama\u3011 Mejores precios Groupama seguro de fallecidos Prima \u00danica \u2611\ufe0f Actualizado por iDecesos\u00ae","robots":{"index":"index","follow":"follow","max-snippet":"max-snippet:-1","max-image-preview":"max-image-preview:large","max-video-preview":"max-video-preview:-1"},"canonical":"https:\/\/idecesos.com\/seguros\/companias\/groupama\/prima-unica\/","og_locale":"es_ES","og_type":"article","og_title":"Seguro Decesos Groupama Prima \u00danica \u25b7 Opiniones y Precio 2026","og_description":"Click aqu\u00ed \u3010Seguro de Decesos Prima \u00danica Groupama\u3011 Mejores precios Groupama seguro de fallecidos Prima \u00danica \u2611\ufe0f Actualizado por iDecesos\u00ae","og_url":"https:\/\/idecesos.com\/seguros\/companias\/groupama\/prima-unica\/","article_modified_time":"2022-01-03T12:30:58+00:00","twitter_card":"summary_large_image","twitter_misc":{"Tiempo de lectura":"60 minutos"},"schema":{"@context":"https:\/\/schema.org","@graph":[{"@type":"WebPage","@id":"https:\/\/idecesos.com\/seguros\/companias\/groupama\/prima-unica\/","url":"https:\/\/idecesos.com\/seguros\/companias\/groupama\/prima-unica\/","name":"Seguro Decesos Groupama Prima \u00danica \u25b7 Opiniones y Precio 2026","isPartOf":{"@id":"https:\/\/idecesos.com\/seguros\/#website"},"datePublished":"2021-11-19T00:00:00+00:00","dateModified":"2022-01-03T12:30:58+00:00","description":"Click aqu\u00ed \u3010Seguro de Decesos Prima \u00danica Groupama\u3011 Mejores precios Groupama seguro de fallecidos Prima \u00danica \u2611\ufe0f Actualizado por iDecesos\u00ae","breadcrumb":{"@id":"https:\/\/idecesos.com\/seguros\/companias\/groupama\/prima-unica\/#breadcrumb"},"inLanguage":"es","potentialAction":[{"@type":"ReadAction","target":["https:\/\/idecesos.com\/seguros\/companias\/groupama\/prima-unica\/"]}]},{"@type":"BreadcrumbList","@id":"https:\/\/idecesos.com\/seguros\/companias\/groupama\/prima-unica\/#breadcrumb","itemListElement":[{"@type":"ListItem","position":1,"name":"Portada","item":"https:\/\/idecesos.com\/seguros\/"},{"@type":"ListItem","position":2,"name":"Compa\u00f1\u00edas de Seguros de Decesos en Espa\u00f1a","item":"https:\/\/idecesos.com\/seguros\/companias\/"},{"@type":"ListItem","position":3,"name":"Seguro de decesos Groupama","item":"https:\/\/idecesos.com\/seguros\/companias\/groupama\/"},{"@type":"ListItem","position":4,"name":"Seguro de decesos Groupama Prima \u00danica"}]},{"@type":"WebSite","@id":"https:\/\/idecesos.com\/seguros\/#website","url":"https:\/\/idecesos.com\/seguros\/","name":"","description":"","potentialAction":[{"@type":"SearchAction","target":{"@type":"EntryPoint","urlTemplate":"https:\/\/idecesos.com\/seguros\/?s={search_term_string}"},"query-input":{"@type":"PropertyValueSpecification","valueRequired":true,"valueName":"search_term_string"}}],"inLanguage":"es"}]}},"_links":{"self":[{"href":"https:\/\/idecesos.com\/seguros\/wp-json\/wp\/v2\/pages\/11670","targetHints":{"allow":["GET"]}}],"collection":[{"href":"https:\/\/idecesos.com\/seguros\/wp-json\/wp\/v2\/pages"}],"about":[{"href":"https:\/\/idecesos.com\/seguros\/wp-json\/wp\/v2\/types\/page"}],"author":[{"embeddable":true,"href":"https:\/\/idecesos.com\/seguros\/wp-json\/wp\/v2\/users\/3"}],"replies":[{"embeddable":true,"href":"https:\/\/idecesos.com\/seguros\/wp-json\/wp\/v2\/comments?post=11670"}],"version-history":[{"count":1,"href":"https:\/\/idecesos.com\/seguros\/wp-json\/wp\/v2\/pages\/11670\/revisions"}],"predecessor-version":[{"id":13163,"href":"https:\/\/idecesos.com\/seguros\/wp-json\/wp\/v2\/pages\/11670\/revisions\/13163"}],"up":[{"embeddable":true,"href":"https:\/\/idecesos.com\/seguros\/wp-json\/wp\/v2\/pages\/650"}],"wp:attachment":[{"href":"https:\/\/idecesos.com\/seguros\/wp-json\/wp\/v2\/media?parent=11670"}],"curies":[{"name":"wp","href":"https:\/\/api.w.org\/{rel}","templated":true}]}}