{"id":11683,"date":"2021-11-20T00:00:00","date_gmt":"2021-11-20T00:00:00","guid":{"rendered":"https:\/\/idecesos.com\/seguros\/?page_id=11683"},"modified":"2022-01-03T12:31:46","modified_gmt":"2022-01-03T12:31:46","slug":"prima-natural","status":"publish","type":"page","link":"https:\/\/idecesos.com\/seguros\/companias\/universal\/prima-natural\/","title":{"rendered":"Seguro de decesos Seguro Universal Decesos Prima Natural"},"content":{"rendered":"<div id=\"ez-toc-container\" class=\"ez-toc-v2_0_83 ez-toc-wrap-center counter-hierarchy ez-toc-counter ez-toc-custom ez-toc-container-direction\">\n<div class=\"ez-toc-title-container\">\n<p class=\"ez-toc-title\" style=\"cursor:inherit\">Tabla de Contenido<\/p>\n<span class=\"ez-toc-title-toggle\"><a href=\"#\" class=\"ez-toc-pull-right ez-toc-btn ez-toc-btn-xs ez-toc-btn-default ez-toc-toggle\" aria-label=\"Alternar tabla de contenidos\"><span class=\"ez-toc-js-icon-con\"><span class=\"\"><span class=\"eztoc-hide\" style=\"display:none;\">Toggle<\/span><span class=\"ez-toc-icon-toggle-span\"><svg style=\"fill: #db6415;color:#db6415\" xmlns=\"http:\/\/www.w3.org\/2000\/svg\" class=\"list-377408\" width=\"20px\" height=\"20px\" viewBox=\"0 0 24 24\" fill=\"none\"><path d=\"M6 6H4v2h2V6zm14 0H8v2h12V6zM4 11h2v2H4v-2zm16 0H8v2h12v-2zM4 16h2v2H4v-2zm16 0H8v2h12v-2z\" fill=\"currentColor\"><\/path><\/svg><svg style=\"fill: #db6415;color:#db6415\" class=\"arrow-unsorted-368013\" xmlns=\"http:\/\/www.w3.org\/2000\/svg\" width=\"10px\" height=\"10px\" viewBox=\"0 0 24 24\" version=\"1.2\" baseProfile=\"tiny\"><path d=\"M18.2 9.3l-6.2-6.3-6.2 6.3c-.2.2-.3.4-.3.7s.1.5.3.7c.2.2.4.3.7.3h11c.3 0 .5-.1.7-.3.2-.2.3-.5.3-.7s-.1-.5-.3-.7zM5.8 14.7l6.2 6.3 6.2-6.3c.2-.2.3-.5.3-.7s-.1-.5-.3-.7c-.2-.2-.4-.3-.7-.3h-11c-.3 0-.5.1-.7.3-.2.2-.3.5-.3.7s.1.5.3.7z\"\/><\/svg><\/span><\/span><\/span><\/a><\/span><\/div>\n<nav><ul class='ez-toc-list ez-toc-list-level-1 ' ><li class='ez-toc-page-1 ez-toc-heading-level-2'><a class=\"ez-toc-link ez-toc-heading-1\" href=\"https:\/\/idecesos.com\/seguros\/companias\/universal\/prima-natural\/#Coberturas_seguro_Prima_Natural_Seguro_Universal_Decesos\" >Coberturas seguro Prima Natural Seguro Universal Decesos<\/a><ul class='ez-toc-list-level-3' ><li class='ez-toc-heading-level-3'><a class=\"ez-toc-link ez-toc-heading-2\" href=\"https:\/\/idecesos.com\/seguros\/companias\/universal\/prima-natural\/#%C2%BFA_quien_va_dirigido_el_seguro_de_decesos_Prima_Natural_de_Seguro_Universal_Decesos\" >\u00bfA qui\u00e9n va dirigido el seguro de decesos Prima Natural de Seguro Universal Decesos?<\/a><\/li><\/ul><\/li><li class='ez-toc-page-1 ez-toc-heading-level-2'><a class=\"ez-toc-link ez-toc-heading-3\" href=\"https:\/\/idecesos.com\/seguros\/companias\/universal\/prima-natural\/#Precio_de_seguro_de_decesos_Prima_Natural_Seguro_Universal_Decesos\" >Precio de seguro de decesos Prima Natural Seguro Universal Decesos<\/a><\/li><li class='ez-toc-page-1 ez-toc-heading-level-2'><a class=\"ez-toc-link ez-toc-heading-4\" href=\"https:\/\/idecesos.com\/seguros\/companias\/universal\/prima-natural\/#Productos_Prima_Natural_Seguro_Universal_Decesos\" >Productos Prima Natural Seguro Universal Decesos<\/a><\/li><li class='ez-toc-page-1 ez-toc-heading-level-2'><a class=\"ez-toc-link ez-toc-heading-5\" href=\"https:\/\/idecesos.com\/seguros\/companias\/universal\/prima-natural\/#Opiniones_del_seguro_de_decesos_de_Prima_Natural_de_Seguro_Universal_Decesos\" >Opiniones del seguro de decesos de Prima Natural de Seguro Universal Decesos<\/a><\/li><\/ul><\/nav><\/div>\n\n<p>Todos los a\u00f1os la p\u00f3liza aumentar\u00e1 del seguro de decesos de prima natural de Seguro Universal Decesos . {O sea, es variable ya que se generan cambios al alza en el coste de la prima a cada vencimiento anual, dado a que los asegurados asociados a la p\u00f3liza de prima natural de Seguro Universal Decesos van cumpliendo a\u00f1os y el riesgo se marcha agravando, asimismo las prestaciones de los servicios funerarios que incluye van subiendo los precios (flores, irpf mano de obra, coste ata\u00fad, alquiler de sala en tanatorio) debido por distintos factores como puede ser subida de la luz, encarecimiento de materias primas por escasez e ipc entre otros.}<\/p>\n<p>Leer m\u00e1s: <a href=\"https:\/\/idecesos.com\/seguros\/tipo\/natural\/\">Seguro de decesos Prima Natural<\/a><\/p>\n<div class=\"colorf \"  ><div class=\"container clearfix\"><div class=\"col-md-7\"><\/p>\n<h2><span class=\"ez-toc-section\" id=\"Coberturas_seguro_Prima_Natural_Seguro_Universal_Decesos\"><\/span>Coberturas seguro Prima Natural Seguro Universal Decesos<span class=\"ez-toc-section-end\"><\/span><\/h2>\n<p>Cada usuario que cuenta con el seguro de decesos de prima natural de Seguro Universal Decesos est\u00e1 satisfecho puesto que dan las coberturas m\u00e1s resaltables del mercado y cuentan con otras coberturas. El servicio l\u00fagubre va a quedar absolutamente cubierto y cualquier gesti\u00f3n que se deba de tener a lo largo de ese proceso. Es decir, ya no solo cubre el entierro, sino que va camino de ser un multirriesgo familiar y que se utilicen sus garant\u00edas por parte de los asegurados, de esta manera aumentan la fidelidad del cliente del servicio de Seguro Universal Decesos. El servicio de funerario de Seguro Universal Decesos del seguro de prima natural se llevar\u00e1 a cabo con las medidas correspondientes como dejando al completo todas y cada una de las coberturas oportunas, desde el desplazamiento del fallecido, acondicionar en detalle al cad\u00e1ver a fin de que luzca de manera presentable para sus familiares que se encargaran los expertos en este proceso, aparte de contar con corona floral, acto religioso si la familia opta por este motivo. Se acondicionara todo de acuerdo a las costumbres o gustos de su familia. Cuentan con la cobertura de entierro ya sea con independencia de su elecci\u00f3n de inhumaci\u00f3n o bien entierro, gestionando todos los tr\u00e1mites burocr\u00e1ticos, entre ellos el certificado m\u00e9dico de defunci\u00f3n. Con todo esto creo que es m\u00e1s que suficiente para contestar a la pregunta tan recurrente \u00bfel seguro de prima natural Seguro Universal Decesos que cubre?. <\/p>\n<p><\/div><\/div><\/div>\n<h3><span class=\"ez-toc-section\" id=\"%C2%BFA_quien_va_dirigido_el_seguro_de_decesos_Prima_Natural_de_Seguro_Universal_Decesos\"><\/span>\u00bfA qui\u00e9n va dirigido el seguro de decesos Prima Natural de Seguro Universal Decesos?<span class=\"ez-toc-section-end\"><\/span><\/h3>\n<p>Para las personas que se encuentren en un rango de edad joven el seguro de prima natural de Seguro Universal Decesos resultar\u00e1 bastante econ\u00f3mico. El perfil del cliente de prima natural es joven por eso son primas tan ajustadas y atienden a la esperanza de vida en todos y cada momento. <\/p>\n<div class=\"colorf \"  ><div class=\"container clearfix\"><div class=\"col-md-7\"><\/p>\n<h2><span class=\"ez-toc-section\" id=\"Precio_de_seguro_de_decesos_Prima_Natural_Seguro_Universal_Decesos\"><\/span>Precio de seguro de decesos Prima Natural Seguro Universal Decesos<span class=\"ez-toc-section-end\"><\/span><\/h2>\n<p>Se han cogido puntos referenciales para efectuar el c\u00e1lculo del precio que es desde 2,15 euros al mes, se ha cogido la edad de la persona joven y localidad de la que los costes de servicios funerarios resulten m\u00e1s asequibles respecto al seguro de prima natural de Seguro Universal Decesos. empresa cuenta con el mejor precio de mercado con relaci\u00f3n al seguro de prima natural y resulta de los m\u00e1s econ\u00f3micos. Para seleccionar con determinaci\u00f3n y no confundirse en el momento de la contrataci\u00f3n es recomendable equiparar las diferentes compa\u00f1\u00edas de prima natural, gracias a iDecesos conseguir\u00e1s toda esa informaci\u00f3n en menos de 60 segundos. <\/p>\n<p><\/div><\/div><\/div>\n<h2><span class=\"ez-toc-section\" id=\"Productos_Prima_Natural_Seguro_Universal_Decesos\"><\/span>Productos Prima Natural Seguro Universal Decesos<span class=\"ez-toc-section-end\"><\/span><\/h2>\n<div class=\"colorf\"><div class=\"container clearfix\"><div class=\"col-md-7\"><div class=\"opiniones\">\n<h2><span class=\"ez-toc-section\" id=\"Opiniones_del_seguro_de_decesos_de_Prima_Natural_de_Seguro_Universal_Decesos\"><\/span>Opiniones del seguro de decesos de Prima Natural de Seguro Universal Decesos<span class=\"ez-toc-section-end\"><\/span><\/h2>\n<div class=\"opinion \"  >\n\t\t\t<div class=\"cabecera_opinion\">\n\t\t\t\t<div class=\"avatar\">A D <\/div>\n\t\t\t\t<div class=\"datos_opinion\">\n\t\t\t\t\t<div class=\"nombre_opinion\">Amparo Diezma<\/div>\n\t\t\t\t\t<div class=\"info_opinion\">\t\t\t\t\t\t\n\t\t\t\t\t\t<div class=\"cuenta_opinion\"><i class=\"fas fa-pencil-alt\"><\/i><!--span class=\"dashicons dashicons-edit\" style=\"font-size:20px\"><\/span--><span>1 Opini\u00f3n<\/span><\/div>\t\t\t\t\t\t\n\t\t\t\t\t\t<div class=\"localizacion_opinion\">\n\t\t\t\t\t\t\t<i class=\"fas fa-map-marker-alt\"><\/i><!--span class=\"dashicons dashicons-location\" style=\"font-size:20px\"><\/span-->\n\t\t\t\t\t\t\t<span>ES<\/span>\n\t\t\t\t\t\t<\/div>\t\n\t\t\t\t\t<\/div>\n\t\t\t\t<\/div>\n\t\t\t<\/div><div class=\"texto_opinion\"><\/p>\n<p>La mejor p\u00f3liza de prima natural que resalta en el mercado es Seguro Universal Decesos por el mejor servicio en coberturas y por el trato servicial cara sus clientes en todo instante.<\/p>\n<p><\/div><\/div>\n<div class=\"opinion \"  >\n\t\t\t<div class=\"cabecera_opinion\">\n\t\t\t\t<div class=\"avatar\">C T <\/div>\n\t\t\t\t<div class=\"datos_opinion\">\n\t\t\t\t\t<div class=\"nombre_opinion\">Cayetana Tere<\/div>\n\t\t\t\t\t<div class=\"info_opinion\">\t\t\t\t\t\t\n\t\t\t\t\t\t<div class=\"cuenta_opinion\"><i class=\"fas fa-pencil-alt\"><\/i><!--span class=\"dashicons dashicons-edit\" style=\"font-size:20px\"><\/span--><span>1 Opini\u00f3n<\/span><\/div>\t\t\t\t\t\t\n\t\t\t\t\t\t<div class=\"localizacion_opinion\">\n\t\t\t\t\t\t\t<i class=\"fas fa-map-marker-alt\"><\/i><!--span class=\"dashicons dashicons-location\" style=\"font-size:20px\"><\/span-->\n\t\t\t\t\t\t\t<span>ES<\/span>\n\t\t\t\t\t\t<\/div>\t\n\t\t\t\t\t<\/div>\n\t\t\t\t<\/div>\n\t\t\t<\/div><div class=\"texto_opinion\"><\/p>\n<p>Recomiendo siempre y en toda circunstancia a mis conocidos el seguro de prima natural de Seguro Universal Decesos por sus excelentes coberturas de esta forma como la atenci\u00f3n al cliente y dedicaci\u00f3n que dan.<\/p>\n<p><\/div><\/div>\n<div class=\"opinion \"  >\n\t\t\t<div class=\"cabecera_opinion\">\n\t\t\t\t<div class=\"avatar\">O D P <\/div>\n\t\t\t\t<div class=\"datos_opinion\">\n\t\t\t\t\t<div class=\"nombre_opinion\">Ovidio del Parra<\/div>\n\t\t\t\t\t<div class=\"info_opinion\">\t\t\t\t\t\t\n\t\t\t\t\t\t<div class=\"cuenta_opinion\"><i class=\"fas fa-pencil-alt\"><\/i><!--span class=\"dashicons dashicons-edit\" style=\"font-size:20px\"><\/span--><span>1 Opini\u00f3n<\/span><\/div>\t\t\t\t\t\t\n\t\t\t\t\t\t<div class=\"localizacion_opinion\">\n\t\t\t\t\t\t\t<i class=\"fas fa-map-marker-alt\"><\/i><!--span class=\"dashicons dashicons-location\" style=\"font-size:20px\"><\/span-->\n\t\t\t\t\t\t\t<span>ES<\/span>\n\t\t\t\t\t\t<\/div>\t\n\t\t\t\t\t<\/div>\n\t\t\t\t<\/div>\n\t\t\t<\/div><div class=\"texto_opinion\"><\/p>\n<p>He asegurado a mi hija con el seguro de prima natural de Seguro Universal Decesos el pago que efectu\u00f3 es tan s\u00f3lo de 10 euros mensuales. Adem\u00e1s de esto de que es accesible cubre todo lo preciso.<\/p>\n<p><\/div><\/div>\n<\/div><\/div><\/div><\/div>\n<p><div class=\"oficinas\"><br \/>\n<h3>P\u00e1ginas relacionadas<\/h3><div class=\"enlazado\"><ul> <li><a href=\"https:\/\/idecesos.com\/seguros\/companias\/universal\/opiniones\/\">Opiniones Universal<\/a><\/li> <li><a href=\"https:\/\/idecesos.com\/seguros\/companias\/universal\/pago-unico\/\">Seguro de Decesos Universal: Pago \u00danico<\/a><\/li> <li><a href=\"https:\/\/idecesos.com\/seguros\/companias\/universal\/precio\/\">Precio seguro Universal Decesos<\/a><\/li> <li><a href=\"https:\/\/idecesos.com\/seguros\/companias\/universal\/prima-mixta\/\">Seguro Universal Decesos Prima Mixta<\/a><\/li> <li><a href=\"https:\/\/idecesos.com\/seguros\/companias\/universal\/prima-natural\/\">Seguro Universal Decesos Prima Natural<\/a><\/li> <li><a href=\"https:\/\/idecesos.com\/seguros\/companias\/universal\/prima-nivelada\/\">Seguro Universal Decesos Prima Nivelada<\/a><\/li> <li><a href=\"https:\/\/idecesos.com\/seguros\/companias\/universal\/prima-unica\/\">Seguro Universal Decesos Prima \u00danica<\/a><\/li> <li><a href=\"https:\/\/idecesos.com\/seguros\/companias\/universal\/repatriacion\/\">Seguro Universal Decesos Repatriaci\u00f3n<\/a><\/li> <li><a href=\"https:\/\/idecesos.com\/seguros\/companias\/universal\/telefono\/\">Tel\u00e9fono Gratuito Seguro Universal Decesos<\/a><\/li>                                                                                                                                                                                                                                                                                                                                                                                                                                                                                                                                                                                                                                                                                                                                                                                                                                                                                                                                                                                                                                                                                                                                                                                                                                                                                                                                                                                                                                                                                                                                                                                                                                                                                                                                                                                                                                                                                                                                                                                                                                                                                                                                                                                                                                                                                                                                                                                                                                                                                                                                                                                                                                                                                                                                                                                                                                                                                                                                                                                                                                                                                                                             <\/ul><\/div><\/p>\n<\/div>\n","protected":false},"excerpt":{"rendered":"<p>Todos los a\u00f1os la p\u00f3liza aumentar\u00e1 del seguro de decesos de prima natural de Seguro Universal Decesos . {O sea, es variable ya que se generan cambios al alza en el coste de la prima a cada vencimiento anual, dado a que los asegurados asociados a la p\u00f3liza de prima natural de Seguro Universal Decesos&hellip; <\/p>\n","protected":false},"author":3,"featured_media":0,"parent":853,"menu_order":0,"comment_status":"closed","ping_status":"closed","template":"single.php","meta":{"footnotes":""},"class_list":["post-11683","page","type-page","status-publish","hentry"],"yoast_head":"<!-- This site is optimized with the Yoast SEO plugin v27.5 - https:\/\/yoast.com\/product\/yoast-seo-wordpress\/ -->\n<title>Seguro Decesos Seguro Universal Decesos Prima Natural \u25b7 Opiniones y Precio 2026<\/title>\n<meta name=\"description\" content=\"Click aqu\u00ed \u3010Seguro de Decesos Prima Natural Seguro Universal Decesos\u3011 Mejores precios Seguro Universal Decesos seguro de fallecidos Prima Natural \u2611\ufe0f Actualizado por iDecesos\u00ae\" \/>\n<meta name=\"robots\" content=\"index, follow, max-snippet:-1, max-image-preview:large, max-video-preview:-1\" \/>\n<link rel=\"canonical\" href=\"https:\/\/idecesos.com\/seguros\/companias\/universal\/prima-natural\/\" \/>\n<meta property=\"og:locale\" content=\"es_ES\" \/>\n<meta property=\"og:type\" content=\"article\" \/>\n<meta property=\"og:title\" content=\"Seguro Decesos Seguro Universal Decesos Prima Natural \u25b7 Opiniones y Precio 2026\" \/>\n<meta property=\"og:description\" content=\"Click aqu\u00ed \u3010Seguro de Decesos Prima Natural Seguro Universal Decesos\u3011 Mejores precios Seguro Universal Decesos seguro de fallecidos Prima Natural \u2611\ufe0f Actualizado por iDecesos\u00ae\" \/>\n<meta property=\"og:url\" content=\"https:\/\/idecesos.com\/seguros\/companias\/universal\/prima-natural\/\" \/>\n<meta property=\"article:modified_time\" content=\"2022-01-03T12:31:46+00:00\" \/>\n<meta name=\"twitter:card\" content=\"summary_large_image\" \/>\n<meta name=\"twitter:label1\" content=\"Tiempo de lectura\" \/>\n\t<meta name=\"twitter:data1\" content=\"54 minutos\" \/>\n<script type=\"application\/ld+json\" class=\"yoast-schema-graph\">{\"@context\":\"https:\\\/\\\/schema.org\",\"@graph\":[{\"@type\":\"WebPage\",\"@id\":\"https:\\\/\\\/idecesos.com\\\/seguros\\\/companias\\\/universal\\\/prima-natural\\\/\",\"url\":\"https:\\\/\\\/idecesos.com\\\/seguros\\\/companias\\\/universal\\\/prima-natural\\\/\",\"name\":\"Seguro Decesos Seguro Universal Decesos Prima Natural \u25b7 Opiniones y Precio 2026\",\"isPartOf\":{\"@id\":\"https:\\\/\\\/idecesos.com\\\/seguros\\\/#website\"},\"datePublished\":\"2021-11-20T00:00:00+00:00\",\"dateModified\":\"2022-01-03T12:31:46+00:00\",\"description\":\"Click aqu\u00ed \u3010Seguro de Decesos Prima Natural Seguro Universal Decesos\u3011 Mejores precios Seguro Universal Decesos seguro de fallecidos Prima Natural \u2611\ufe0f Actualizado por iDecesos\u00ae\",\"breadcrumb\":{\"@id\":\"https:\\\/\\\/idecesos.com\\\/seguros\\\/companias\\\/universal\\\/prima-natural\\\/#breadcrumb\"},\"inLanguage\":\"es\",\"potentialAction\":[{\"@type\":\"ReadAction\",\"target\":[\"https:\\\/\\\/idecesos.com\\\/seguros\\\/companias\\\/universal\\\/prima-natural\\\/\"]}]},{\"@type\":\"BreadcrumbList\",\"@id\":\"https:\\\/\\\/idecesos.com\\\/seguros\\\/companias\\\/universal\\\/prima-natural\\\/#breadcrumb\",\"itemListElement\":[{\"@type\":\"ListItem\",\"position\":1,\"name\":\"Portada\",\"item\":\"https:\\\/\\\/idecesos.com\\\/seguros\\\/\"},{\"@type\":\"ListItem\",\"position\":2,\"name\":\"Compa\u00f1\u00edas de Seguros de Decesos en Espa\u00f1a\",\"item\":\"https:\\\/\\\/idecesos.com\\\/seguros\\\/companias\\\/\"},{\"@type\":\"ListItem\",\"position\":3,\"name\":\"Seguro de decesos Universal\",\"item\":\"https:\\\/\\\/idecesos.com\\\/seguros\\\/companias\\\/universal\\\/\"},{\"@type\":\"ListItem\",\"position\":4,\"name\":\"Seguro de decesos Seguro Universal Decesos Prima Natural\"}]},{\"@type\":\"WebSite\",\"@id\":\"https:\\\/\\\/idecesos.com\\\/seguros\\\/#website\",\"url\":\"https:\\\/\\\/idecesos.com\\\/seguros\\\/\",\"name\":\"\",\"description\":\"\",\"potentialAction\":[{\"@type\":\"SearchAction\",\"target\":{\"@type\":\"EntryPoint\",\"urlTemplate\":\"https:\\\/\\\/idecesos.com\\\/seguros\\\/?s={search_term_string}\"},\"query-input\":{\"@type\":\"PropertyValueSpecification\",\"valueRequired\":true,\"valueName\":\"search_term_string\"}}],\"inLanguage\":\"es\"}]}<\/script>\n<!-- \/ Yoast SEO plugin. -->","yoast_head_json":{"title":"Seguro Decesos Seguro Universal Decesos Prima Natural \u25b7 Opiniones y Precio 2026","description":"Click aqu\u00ed \u3010Seguro de Decesos Prima Natural Seguro Universal Decesos\u3011 Mejores precios Seguro Universal Decesos seguro de fallecidos Prima Natural \u2611\ufe0f Actualizado por iDecesos\u00ae","robots":{"index":"index","follow":"follow","max-snippet":"max-snippet:-1","max-image-preview":"max-image-preview:large","max-video-preview":"max-video-preview:-1"},"canonical":"https:\/\/idecesos.com\/seguros\/companias\/universal\/prima-natural\/","og_locale":"es_ES","og_type":"article","og_title":"Seguro Decesos Seguro Universal Decesos Prima Natural \u25b7 Opiniones y Precio 2026","og_description":"Click aqu\u00ed \u3010Seguro de Decesos Prima Natural Seguro Universal Decesos\u3011 Mejores precios Seguro Universal Decesos seguro de fallecidos Prima Natural \u2611\ufe0f Actualizado por iDecesos\u00ae","og_url":"https:\/\/idecesos.com\/seguros\/companias\/universal\/prima-natural\/","article_modified_time":"2022-01-03T12:31:46+00:00","twitter_card":"summary_large_image","twitter_misc":{"Tiempo de lectura":"54 minutos"},"schema":{"@context":"https:\/\/schema.org","@graph":[{"@type":"WebPage","@id":"https:\/\/idecesos.com\/seguros\/companias\/universal\/prima-natural\/","url":"https:\/\/idecesos.com\/seguros\/companias\/universal\/prima-natural\/","name":"Seguro Decesos Seguro Universal Decesos Prima Natural \u25b7 Opiniones y Precio 2026","isPartOf":{"@id":"https:\/\/idecesos.com\/seguros\/#website"},"datePublished":"2021-11-20T00:00:00+00:00","dateModified":"2022-01-03T12:31:46+00:00","description":"Click aqu\u00ed \u3010Seguro de Decesos Prima Natural Seguro Universal Decesos\u3011 Mejores precios Seguro Universal Decesos seguro de fallecidos Prima Natural \u2611\ufe0f Actualizado por iDecesos\u00ae","breadcrumb":{"@id":"https:\/\/idecesos.com\/seguros\/companias\/universal\/prima-natural\/#breadcrumb"},"inLanguage":"es","potentialAction":[{"@type":"ReadAction","target":["https:\/\/idecesos.com\/seguros\/companias\/universal\/prima-natural\/"]}]},{"@type":"BreadcrumbList","@id":"https:\/\/idecesos.com\/seguros\/companias\/universal\/prima-natural\/#breadcrumb","itemListElement":[{"@type":"ListItem","position":1,"name":"Portada","item":"https:\/\/idecesos.com\/seguros\/"},{"@type":"ListItem","position":2,"name":"Compa\u00f1\u00edas de Seguros de Decesos en Espa\u00f1a","item":"https:\/\/idecesos.com\/seguros\/companias\/"},{"@type":"ListItem","position":3,"name":"Seguro de decesos Universal","item":"https:\/\/idecesos.com\/seguros\/companias\/universal\/"},{"@type":"ListItem","position":4,"name":"Seguro de decesos Seguro Universal Decesos Prima Natural"}]},{"@type":"WebSite","@id":"https:\/\/idecesos.com\/seguros\/#website","url":"https:\/\/idecesos.com\/seguros\/","name":"","description":"","potentialAction":[{"@type":"SearchAction","target":{"@type":"EntryPoint","urlTemplate":"https:\/\/idecesos.com\/seguros\/?s={search_term_string}"},"query-input":{"@type":"PropertyValueSpecification","valueRequired":true,"valueName":"search_term_string"}}],"inLanguage":"es"}]}},"_links":{"self":[{"href":"https:\/\/idecesos.com\/seguros\/wp-json\/wp\/v2\/pages\/11683","targetHints":{"allow":["GET"]}}],"collection":[{"href":"https:\/\/idecesos.com\/seguros\/wp-json\/wp\/v2\/pages"}],"about":[{"href":"https:\/\/idecesos.com\/seguros\/wp-json\/wp\/v2\/types\/page"}],"author":[{"embeddable":true,"href":"https:\/\/idecesos.com\/seguros\/wp-json\/wp\/v2\/users\/3"}],"replies":[{"embeddable":true,"href":"https:\/\/idecesos.com\/seguros\/wp-json\/wp\/v2\/comments?post=11683"}],"version-history":[{"count":1,"href":"https:\/\/idecesos.com\/seguros\/wp-json\/wp\/v2\/pages\/11683\/revisions"}],"predecessor-version":[{"id":13191,"href":"https:\/\/idecesos.com\/seguros\/wp-json\/wp\/v2\/pages\/11683\/revisions\/13191"}],"up":[{"embeddable":true,"href":"https:\/\/idecesos.com\/seguros\/wp-json\/wp\/v2\/pages\/853"}],"wp:attachment":[{"href":"https:\/\/idecesos.com\/seguros\/wp-json\/wp\/v2\/media?parent=11683"}],"curies":[{"name":"wp","href":"https:\/\/api.w.org\/{rel}","templated":true}]}}