{"id":11690,"date":"2021-11-21T00:00:00","date_gmt":"2021-11-21T00:00:00","guid":{"rendered":"https:\/\/idecesos.com\/seguros\/?page_id=11690"},"modified":"2022-01-03T12:31:19","modified_gmt":"2022-01-03T12:31:19","slug":"prima-nivelada","status":"publish","type":"page","link":"https:\/\/idecesos.com\/seguros\/companias\/rga\/prima-nivelada\/","title":{"rendered":"Seguro de decesos RGA Prima Nivelada"},"content":{"rendered":"<div id=\"ez-toc-container\" class=\"ez-toc-v2_0_82_2 ez-toc-wrap-center counter-hierarchy ez-toc-counter ez-toc-custom ez-toc-container-direction\">\n<div class=\"ez-toc-title-container\">\n<p class=\"ez-toc-title\" style=\"cursor:inherit\">Tabla de Contenido<\/p>\n<span class=\"ez-toc-title-toggle\"><a href=\"#\" class=\"ez-toc-pull-right ez-toc-btn ez-toc-btn-xs ez-toc-btn-default ez-toc-toggle\" aria-label=\"Alternar tabla de contenidos\"><span class=\"ez-toc-js-icon-con\"><span class=\"\"><span class=\"eztoc-hide\" style=\"display:none;\">Toggle<\/span><span class=\"ez-toc-icon-toggle-span\"><svg style=\"fill: #db6415;color:#db6415\" xmlns=\"http:\/\/www.w3.org\/2000\/svg\" class=\"list-377408\" width=\"20px\" height=\"20px\" viewBox=\"0 0 24 24\" fill=\"none\"><path d=\"M6 6H4v2h2V6zm14 0H8v2h12V6zM4 11h2v2H4v-2zm16 0H8v2h12v-2zM4 16h2v2H4v-2zm16 0H8v2h12v-2z\" fill=\"currentColor\"><\/path><\/svg><svg style=\"fill: #db6415;color:#db6415\" class=\"arrow-unsorted-368013\" xmlns=\"http:\/\/www.w3.org\/2000\/svg\" width=\"10px\" height=\"10px\" viewBox=\"0 0 24 24\" version=\"1.2\" baseProfile=\"tiny\"><path d=\"M18.2 9.3l-6.2-6.3-6.2 6.3c-.2.2-.3.4-.3.7s.1.5.3.7c.2.2.4.3.7.3h11c.3 0 .5-.1.7-.3.2-.2.3-.5.3-.7s-.1-.5-.3-.7zM5.8 14.7l6.2 6.3 6.2-6.3c.2-.2.3-.5.3-.7s-.1-.5-.3-.7c-.2-.2-.4-.3-.7-.3h-11c-.3 0-.5.1-.7.3-.2.2-.3.5-.3.7s.1.5.3.7z\"\/><\/svg><\/span><\/span><\/span><\/a><\/span><\/div>\n<nav><ul class='ez-toc-list ez-toc-list-level-1 ' ><li class='ez-toc-page-1 ez-toc-heading-level-2'><a class=\"ez-toc-link ez-toc-heading-1\" href=\"https:\/\/idecesos.com\/seguros\/companias\/rga\/prima-nivelada\/#Coberturas_seguro_Prima_Nivelada_RGA\" >Coberturas seguro Prima Nivelada RGA<\/a><ul class='ez-toc-list-level-3' ><li class='ez-toc-heading-level-3'><a class=\"ez-toc-link ez-toc-heading-2\" href=\"https:\/\/idecesos.com\/seguros\/companias\/rga\/prima-nivelada\/#%C2%BFA_quien_va_dirigido_el_seguro_de_decesos_Prima_Nivelada_de_RGA\" >\u00bfA qui\u00e9n va dirigido el seguro de decesos Prima Nivelada de RGA?<\/a><\/li><\/ul><\/li><li class='ez-toc-page-1 ez-toc-heading-level-2'><a class=\"ez-toc-link ez-toc-heading-3\" href=\"https:\/\/idecesos.com\/seguros\/companias\/rga\/prima-nivelada\/#Precio_de_seguro_de_decesos_Prima_Nivelada_RGA\" >Precio de seguro de decesos Prima Nivelada RGA<\/a><\/li><li class='ez-toc-page-1 ez-toc-heading-level-2'><a class=\"ez-toc-link ez-toc-heading-4\" href=\"https:\/\/idecesos.com\/seguros\/companias\/rga\/prima-nivelada\/#Productos_Prima_Nivelada_RGA\" >Productos Prima Nivelada RGA<\/a><\/li><li class='ez-toc-page-1 ez-toc-heading-level-2'><a class=\"ez-toc-link ez-toc-heading-5\" href=\"https:\/\/idecesos.com\/seguros\/companias\/rga\/prima-nivelada\/#Opiniones_del_seguro_de_decesos_de_Prima_Nivelada_de_RGA\" >Opiniones del seguro de decesos de Prima Nivelada de RGA<\/a><ul class='ez-toc-list-level-3' ><li class='ez-toc-heading-level-3'><a class=\"ez-toc-link ez-toc-heading-6\" href=\"https:\/\/idecesos.com\/seguros\/companias\/rga\/prima-nivelada\/#Paginas_relacionadas\" >P\u00e1ginas relacionadas<\/a><\/li><\/ul><\/li><\/ul><\/nav><\/div>\n\n<p>Es el momento de parar la busca de un seguro con la p\u00f3liza perfecta, ya que el seguro de decesos de prima nivelada de RGA es aquella que en precio se sostendr\u00e1 de manera constante. Es propio cuando el tomador es joven en tanto que va a pagar proporcionalmente m\u00e1s de lo que pagar\u00eda en el caso de la contrataci\u00f3n de una prima natural. De esta p\u00f3liza se favorecer\u00e1 aquella persona que sea mayor ya que le resultar\u00e1 de una manera m\u00e1s econ\u00f3mica efectuar los pagos. <\/p>\n<p>Leer m\u00e1s: <a href=\"https:\/\/idecesos.com\/seguros\/tipo\/nivelada\/\">Seguro de decesos Prima Nivelada<\/a><\/p>\n<div class=\"colorf \"  ><div class=\"container clearfix\"><div class=\"col-md-7\"><\/p>\n<h2><span class=\"ez-toc-section\" id=\"Coberturas_seguro_Prima_Nivelada_RGA\"><\/span>Coberturas seguro Prima Nivelada RGA<span class=\"ez-toc-section-end\"><\/span><\/h2>\n<p>Para dejarlo todo preparado y tenerlo bajo control, las coberturas del seguro de prima nivelada RGA cuentan con la caracter\u00edstica de ser lo m\u00e1s perfecto expresamente detallada. Las coberturas del seguro de prima nivelada RGA vienen detalladas en el condicionado general, donde destacan las del servicio mortuorio que cubre los desplazamientos, inhumaci\u00f3n o incineraci\u00f3n, acondicionamiento del cada vez, tanatorio (sala de velatorio, personal, capilla), l\u00e1pida, ata\u00fad, servicio religioso, veh\u00edculo de acompa\u00f1amiento, flores, recordatorios entre otros. En los servicios nos dan la ventaja de llevar a cabo gestiones que no sabr\u00edamos realizar, por lo que ellos se encargaran de todos los tr\u00e1mites burocr\u00e1ticos, eludiendo efectuar la baja del certificado m\u00e9dico o solicitud de pensi\u00f3n de viudedad entre otros muchos. M\u00e1s que un comparador en iDecesos lograras entender cuales son las coberturas m\u00e1s provechosos para ti, y conseguir la mejor oferta que hay en el mercado actual de prima nivelada de RGA. <\/p>\n<p><\/div><\/div><\/div>\n<h3><span class=\"ez-toc-section\" id=\"%C2%BFA_quien_va_dirigido_el_seguro_de_decesos_Prima_Nivelada_de_RGA\"><\/span>\u00bfA qui\u00e9n va dirigido el seguro de decesos Prima Nivelada de RGA?<span class=\"ez-toc-section-end\"><\/span><\/h3>\n<p>\u00bfQue es el seguro de prima nivelada de RGA ? Est\u00e1 dise\u00f1ada para ser accesible para personas de cualquier nivel de ingresos. La mayor parte que adquiere este tipo de p\u00f3liza suelen ser personas de edad avanzada, ya que no quieren incremento en sus primas. En RGA la creaci\u00f3n de esta modalidad es una de las que m\u00e1s optan diferentes personas teniendo en cuenta que est\u00e1 valorad\u00edsimo por sus clientes del servicio. <\/p>\n<div class=\"colorf \"  ><div class=\"container clearfix\"><div class=\"col-md-7\"><\/p>\n<h2><span class=\"ez-toc-section\" id=\"Precio_de_seguro_de_decesos_Prima_Nivelada_RGA\"><\/span>Precio de seguro de decesos Prima Nivelada RGA<span class=\"ez-toc-section-end\"><\/span><\/h2>\n<p>La prima nivelada de RGA se estima que es desde 5,10\u20ac. Dependiendo de las diferentes caracter\u00edsticas como es el caso de la edad de la que siempre y en todo momento va a ser continua. Las comparativas de iDecesos que contiene todos y cada uno de los datos son comprensibles por lo que lo comprender\u00e1s al momento, evitando cualquier registro o a recibir informaci\u00f3n superflua, m\u00e1s vers\u00e1til, m\u00e1s veloz. <\/p>\n<p><\/div><\/div><\/div>\n<h2><span class=\"ez-toc-section\" id=\"Productos_Prima_Nivelada_RGA\"><\/span>Productos Prima Nivelada RGA<span class=\"ez-toc-section-end\"><\/span><\/h2>\n<div class=\"colorf\"><div class=\"container clearfix\"><div class=\"col-md-7\"><div class=\"opiniones\">\n<h2><span class=\"ez-toc-section\" id=\"Opiniones_del_seguro_de_decesos_de_Prima_Nivelada_de_RGA\"><\/span>Opiniones del seguro de decesos de Prima Nivelada de RGA<span class=\"ez-toc-section-end\"><\/span><\/h2>\n<p>En iDecesos a lo largo del tiempo a contemplar las mejores creencias del seguro de prima nivelada de RGA, en la que son l\u00edderes en seguros de decesos, es m\u00e1s que satisfactoria. Realizando una investigaci\u00f3n de mercado a nivel en profundidad de las diferentes compa\u00f1\u00edas que hay, dentro de las que ofrecen prima nivelada, tambi\u00e9n se va a llevar en gran profundidad un an\u00e1lisis. <\/p>\n<div class=\"opinion \"  >\n\t\t\t<div class=\"cabecera_opinion\">\n\t\t\t\t<div class=\"avatar\">E V <\/div>\n\t\t\t\t<div class=\"datos_opinion\">\n\t\t\t\t\t<div class=\"nombre_opinion\">Ema Valls<\/div>\n\t\t\t\t\t<div class=\"info_opinion\">\t\t\t\t\t\t\n\t\t\t\t\t\t<div class=\"cuenta_opinion\"><i class=\"fas fa-pencil-alt\"><\/i><!--span class=\"dashicons dashicons-edit\" style=\"font-size:20px\"><\/span--><span>1 Opini\u00f3n<\/span><\/div>\t\t\t\t\t\t\n\t\t\t\t\t\t<div class=\"localizacion_opinion\">\n\t\t\t\t\t\t\t<i class=\"fas fa-map-marker-alt\"><\/i><!--span class=\"dashicons dashicons-location\" style=\"font-size:20px\"><\/span-->\n\t\t\t\t\t\t\t<span>ES<\/span>\n\t\t\t\t\t\t<\/div>\t\n\t\t\t\t\t<\/div>\n\t\t\t\t<\/div>\n\t\t\t<\/div><div class=\"texto_opinion\"><\/p>\n<p>RGA en el momento que realice con ellos la p\u00f3liza de prima nivelada, la tarifa me pareci\u00f3 perfecta, no solo eso, sus trabajadores son inusuales, me trataron de forma que no tengo queja con ello, cuentan con unas coberturas muy atractivas, que desde un principio era lo que estaba buscando, gracias a RGA por el mejor el servicio. <\/p>\n<p><\/div><\/div>\n<div class=\"opinion \"  >\n\t\t\t<div class=\"cabecera_opinion\">\n\t\t\t\t<div class=\"avatar\">A F <\/div>\n\t\t\t\t<div class=\"datos_opinion\">\n\t\t\t\t\t<div class=\"nombre_opinion\">Andr\u00e9s Felipe<\/div>\n\t\t\t\t\t<div class=\"info_opinion\">\t\t\t\t\t\t\n\t\t\t\t\t\t<div class=\"cuenta_opinion\"><i class=\"fas fa-pencil-alt\"><\/i><!--span class=\"dashicons dashicons-edit\" style=\"font-size:20px\"><\/span--><span>1 Opini\u00f3n<\/span><\/div>\t\t\t\t\t\t\n\t\t\t\t\t\t<div class=\"localizacion_opinion\">\n\t\t\t\t\t\t\t<i class=\"fas fa-map-marker-alt\"><\/i><!--span class=\"dashicons dashicons-location\" style=\"font-size:20px\"><\/span-->\n\t\t\t\t\t\t\t<span>ES<\/span>\n\t\t\t\t\t\t<\/div>\t\n\t\t\t\t\t<\/div>\n\t\t\t\t<\/div>\n\t\t\t<\/div><div class=\"texto_opinion\"><\/p>\n<p>Cuando ocurri\u00f3 el fallecimiento de mi madre, que sucedi\u00f3 de una manera repentina, la empresa de seguros se ocup\u00f3 de gestionar todo de una manera eficaz, por lo que no tuvimos que preocuparnos de nada. Si en cualquier ocasi\u00f3n puede ocurrir alg\u00fan problema,  cuentan con todas y cada una de las soluciones disponibles. <\/p>\n<p><\/div><\/div>\n<div class=\"opinion \"  >\n\t\t\t<div class=\"cabecera_opinion\">\n\t\t\t\t<div class=\"avatar\">I V <\/div>\n\t\t\t\t<div class=\"datos_opinion\">\n\t\t\t\t\t<div class=\"nombre_opinion\">Isa\u00edas Vilanova<\/div>\n\t\t\t\t\t<div class=\"info_opinion\">\t\t\t\t\t\t\n\t\t\t\t\t\t<div class=\"cuenta_opinion\"><i class=\"fas fa-pencil-alt\"><\/i><!--span class=\"dashicons dashicons-edit\" style=\"font-size:20px\"><\/span--><span>1 Opini\u00f3n<\/span><\/div>\t\t\t\t\t\t\n\t\t\t\t\t\t<div class=\"localizacion_opinion\">\n\t\t\t\t\t\t\t<i class=\"fas fa-map-marker-alt\"><\/i><!--span class=\"dashicons dashicons-location\" style=\"font-size:20px\"><\/span-->\n\t\t\t\t\t\t\t<span>ES<\/span>\n\t\t\t\t\t\t<\/div>\t\n\t\t\t\t\t<\/div>\n\t\t\t\t<\/div>\n\t\t\t<\/div><div class=\"texto_opinion\"><\/p>\n<p>Este \u00faltimo a\u00f1o mi situaci\u00f3n econ\u00f3mica cambi\u00f3 un poco por lo que tuve que cambiar de compa\u00f1\u00eda, por lo que use iDecesos que par ami es mi mejor aliado a la hora de ver las diferentes tarifas de las dem\u00e1s empresas de seguros, por lo que RGA me result\u00f3 muy interesante por ello hice la contrataci\u00f3n de prima nivelada, a d\u00eda de hoy sigo con ellos, de este modo que os lo recomiendo. <\/p>\n<p><\/div><\/div>\n<\/div><\/div><\/div><\/div>\n<p><div class=\"oficinas\"><br \/>\n<h3><span class=\"ez-toc-section\" id=\"Paginas_relacionadas\"><\/span>P\u00e1ginas relacionadas<span class=\"ez-toc-section-end\"><\/span><\/h3><div class=\"enlazado\"><ul> <li><a href=\"https:\/\/idecesos.com\/seguros\/companias\/rga\/opiniones\/\">Opiniones RGA<\/a><\/li> <li><a href=\"https:\/\/idecesos.com\/seguros\/companias\/rga\/precio\/\">Precio seguro RGA<\/a><\/li> <li><a href=\"https:\/\/idecesos.com\/seguros\/companias\/rga\/prima-mixta\/\">RGA Prima Mixta<\/a><\/li> <li><a href=\"https:\/\/idecesos.com\/seguros\/companias\/rga\/prima-natural\/\">RGA Prima Natural<\/a><\/li> <li><a href=\"https:\/\/idecesos.com\/seguros\/companias\/rga\/prima-nivelada\/\">RGA Prima Nivelada<\/a><\/li> <li><a href=\"https:\/\/idecesos.com\/seguros\/companias\/rga\/prima-unica\/\">RGA Prima \u00danica<\/a><\/li> <li><a href=\"https:\/\/idecesos.com\/seguros\/companias\/rga\/repatriacion\/\">RGA Repatriaci\u00f3n<\/a><\/li> <li><a href=\"https:\/\/idecesos.com\/seguros\/companias\/rga\/telefono\/\">Tel\u00e9fono Gratuito RGA<\/a><\/li><\/ul><\/div><\/p>\n<\/div>\n","protected":false},"excerpt":{"rendered":"<p>Es el momento de parar la busca de un seguro con la p\u00f3liza perfecta, ya que el seguro de decesos de prima nivelada de RGA es aquella que en precio se sostendr\u00e1 de manera constante. Es propio cuando el tomador es joven en tanto que va a pagar proporcionalmente m\u00e1s de lo que pagar\u00eda en&hellip; <\/p>\n","protected":false},"author":3,"featured_media":0,"parent":5993,"menu_order":0,"comment_status":"closed","ping_status":"closed","template":"single.php","meta":{"footnotes":""},"class_list":["post-11690","page","type-page","status-publish","hentry"],"yoast_head":"<!-- This site is optimized with the Yoast SEO plugin v27.3 - https:\/\/yoast.com\/product\/yoast-seo-wordpress\/ -->\n<title>Seguro Decesos RGA Prima Nivelada \u25b7 Opiniones y Precio 2026<\/title>\n<meta name=\"description\" content=\"Click aqu\u00ed \u3010Seguro de Decesos Prima Nivelada RGA\u3011 Mejores precios RGA seguro de fallecidos Prima Nivelada \u2611\ufe0f Actualizado por iDecesos\u00ae\" \/>\n<meta name=\"robots\" content=\"index, follow, max-snippet:-1, max-image-preview:large, max-video-preview:-1\" \/>\n<link rel=\"canonical\" href=\"https:\/\/idecesos.com\/seguros\/companias\/rga\/prima-nivelada\/\" \/>\n<meta property=\"og:locale\" content=\"es_ES\" \/>\n<meta property=\"og:type\" content=\"article\" \/>\n<meta property=\"og:title\" content=\"Seguro Decesos RGA Prima Nivelada \u25b7 Opiniones y Precio 2026\" \/>\n<meta property=\"og:description\" content=\"Click aqu\u00ed \u3010Seguro de Decesos Prima Nivelada RGA\u3011 Mejores precios RGA seguro de fallecidos Prima Nivelada \u2611\ufe0f Actualizado por iDecesos\u00ae\" \/>\n<meta property=\"og:url\" content=\"https:\/\/idecesos.com\/seguros\/companias\/rga\/prima-nivelada\/\" \/>\n<meta property=\"article:modified_time\" content=\"2022-01-03T12:31:19+00:00\" \/>\n<meta name=\"twitter:card\" content=\"summary_large_image\" \/>\n<meta name=\"twitter:label1\" content=\"Tiempo de lectura\" \/>\n\t<meta name=\"twitter:data1\" content=\"57 minutos\" \/>\n<script type=\"application\/ld+json\" class=\"yoast-schema-graph\">{\"@context\":\"https:\\\/\\\/schema.org\",\"@graph\":[{\"@type\":\"WebPage\",\"@id\":\"https:\\\/\\\/idecesos.com\\\/seguros\\\/companias\\\/rga\\\/prima-nivelada\\\/\",\"url\":\"https:\\\/\\\/idecesos.com\\\/seguros\\\/companias\\\/rga\\\/prima-nivelada\\\/\",\"name\":\"Seguro Decesos RGA Prima Nivelada \u25b7 Opiniones y Precio 2026\",\"isPartOf\":{\"@id\":\"https:\\\/\\\/idecesos.com\\\/seguros\\\/#website\"},\"datePublished\":\"2021-11-21T00:00:00+00:00\",\"dateModified\":\"2022-01-03T12:31:19+00:00\",\"description\":\"Click aqu\u00ed \u3010Seguro de Decesos Prima Nivelada RGA\u3011 Mejores precios RGA seguro de fallecidos Prima Nivelada \u2611\ufe0f Actualizado por iDecesos\u00ae\",\"breadcrumb\":{\"@id\":\"https:\\\/\\\/idecesos.com\\\/seguros\\\/companias\\\/rga\\\/prima-nivelada\\\/#breadcrumb\"},\"inLanguage\":\"es\",\"potentialAction\":[{\"@type\":\"ReadAction\",\"target\":[\"https:\\\/\\\/idecesos.com\\\/seguros\\\/companias\\\/rga\\\/prima-nivelada\\\/\"]}]},{\"@type\":\"BreadcrumbList\",\"@id\":\"https:\\\/\\\/idecesos.com\\\/seguros\\\/companias\\\/rga\\\/prima-nivelada\\\/#breadcrumb\",\"itemListElement\":[{\"@type\":\"ListItem\",\"position\":1,\"name\":\"Portada\",\"item\":\"https:\\\/\\\/idecesos.com\\\/seguros\\\/\"},{\"@type\":\"ListItem\",\"position\":2,\"name\":\"Compa\u00f1\u00edas de Seguros de Decesos en Espa\u00f1a\",\"item\":\"https:\\\/\\\/idecesos.com\\\/seguros\\\/companias\\\/\"},{\"@type\":\"ListItem\",\"position\":3,\"name\":\"Seguro de Decesos RGA\",\"item\":\"https:\\\/\\\/idecesos.com\\\/seguros\\\/companias\\\/rga\\\/\"},{\"@type\":\"ListItem\",\"position\":4,\"name\":\"Seguro de decesos RGA Prima Nivelada\"}]},{\"@type\":\"WebSite\",\"@id\":\"https:\\\/\\\/idecesos.com\\\/seguros\\\/#website\",\"url\":\"https:\\\/\\\/idecesos.com\\\/seguros\\\/\",\"name\":\"\",\"description\":\"\",\"potentialAction\":[{\"@type\":\"SearchAction\",\"target\":{\"@type\":\"EntryPoint\",\"urlTemplate\":\"https:\\\/\\\/idecesos.com\\\/seguros\\\/?s={search_term_string}\"},\"query-input\":{\"@type\":\"PropertyValueSpecification\",\"valueRequired\":true,\"valueName\":\"search_term_string\"}}],\"inLanguage\":\"es\"}]}<\/script>\n<!-- \/ Yoast SEO plugin. -->","yoast_head_json":{"title":"Seguro Decesos RGA Prima Nivelada \u25b7 Opiniones y Precio 2026","description":"Click aqu\u00ed \u3010Seguro de Decesos Prima Nivelada RGA\u3011 Mejores precios RGA seguro de fallecidos Prima Nivelada \u2611\ufe0f Actualizado por iDecesos\u00ae","robots":{"index":"index","follow":"follow","max-snippet":"max-snippet:-1","max-image-preview":"max-image-preview:large","max-video-preview":"max-video-preview:-1"},"canonical":"https:\/\/idecesos.com\/seguros\/companias\/rga\/prima-nivelada\/","og_locale":"es_ES","og_type":"article","og_title":"Seguro Decesos RGA Prima Nivelada \u25b7 Opiniones y Precio 2026","og_description":"Click aqu\u00ed \u3010Seguro de Decesos Prima Nivelada RGA\u3011 Mejores precios RGA seguro de fallecidos Prima Nivelada \u2611\ufe0f Actualizado por iDecesos\u00ae","og_url":"https:\/\/idecesos.com\/seguros\/companias\/rga\/prima-nivelada\/","article_modified_time":"2022-01-03T12:31:19+00:00","twitter_card":"summary_large_image","twitter_misc":{"Tiempo de lectura":"57 minutos"},"schema":{"@context":"https:\/\/schema.org","@graph":[{"@type":"WebPage","@id":"https:\/\/idecesos.com\/seguros\/companias\/rga\/prima-nivelada\/","url":"https:\/\/idecesos.com\/seguros\/companias\/rga\/prima-nivelada\/","name":"Seguro Decesos RGA Prima Nivelada \u25b7 Opiniones y Precio 2026","isPartOf":{"@id":"https:\/\/idecesos.com\/seguros\/#website"},"datePublished":"2021-11-21T00:00:00+00:00","dateModified":"2022-01-03T12:31:19+00:00","description":"Click aqu\u00ed \u3010Seguro de Decesos Prima Nivelada RGA\u3011 Mejores precios RGA seguro de fallecidos Prima Nivelada \u2611\ufe0f Actualizado por iDecesos\u00ae","breadcrumb":{"@id":"https:\/\/idecesos.com\/seguros\/companias\/rga\/prima-nivelada\/#breadcrumb"},"inLanguage":"es","potentialAction":[{"@type":"ReadAction","target":["https:\/\/idecesos.com\/seguros\/companias\/rga\/prima-nivelada\/"]}]},{"@type":"BreadcrumbList","@id":"https:\/\/idecesos.com\/seguros\/companias\/rga\/prima-nivelada\/#breadcrumb","itemListElement":[{"@type":"ListItem","position":1,"name":"Portada","item":"https:\/\/idecesos.com\/seguros\/"},{"@type":"ListItem","position":2,"name":"Compa\u00f1\u00edas de Seguros de Decesos en Espa\u00f1a","item":"https:\/\/idecesos.com\/seguros\/companias\/"},{"@type":"ListItem","position":3,"name":"Seguro de Decesos RGA","item":"https:\/\/idecesos.com\/seguros\/companias\/rga\/"},{"@type":"ListItem","position":4,"name":"Seguro de decesos RGA Prima Nivelada"}]},{"@type":"WebSite","@id":"https:\/\/idecesos.com\/seguros\/#website","url":"https:\/\/idecesos.com\/seguros\/","name":"","description":"","potentialAction":[{"@type":"SearchAction","target":{"@type":"EntryPoint","urlTemplate":"https:\/\/idecesos.com\/seguros\/?s={search_term_string}"},"query-input":{"@type":"PropertyValueSpecification","valueRequired":true,"valueName":"search_term_string"}}],"inLanguage":"es"}]}},"_links":{"self":[{"href":"https:\/\/idecesos.com\/seguros\/wp-json\/wp\/v2\/pages\/11690","targetHints":{"allow":["GET"]}}],"collection":[{"href":"https:\/\/idecesos.com\/seguros\/wp-json\/wp\/v2\/pages"}],"about":[{"href":"https:\/\/idecesos.com\/seguros\/wp-json\/wp\/v2\/types\/page"}],"author":[{"embeddable":true,"href":"https:\/\/idecesos.com\/seguros\/wp-json\/wp\/v2\/users\/3"}],"replies":[{"embeddable":true,"href":"https:\/\/idecesos.com\/seguros\/wp-json\/wp\/v2\/comments?post=11690"}],"version-history":[{"count":1,"href":"https:\/\/idecesos.com\/seguros\/wp-json\/wp\/v2\/pages\/11690\/revisions"}],"predecessor-version":[{"id":13199,"href":"https:\/\/idecesos.com\/seguros\/wp-json\/wp\/v2\/pages\/11690\/revisions\/13199"}],"up":[{"embeddable":true,"href":"https:\/\/idecesos.com\/seguros\/wp-json\/wp\/v2\/pages\/5993"}],"wp:attachment":[{"href":"https:\/\/idecesos.com\/seguros\/wp-json\/wp\/v2\/media?parent=11690"}],"curies":[{"name":"wp","href":"https:\/\/api.w.org\/{rel}","templated":true}]}}