{"id":11691,"date":"2021-11-21T00:00:00","date_gmt":"2021-11-21T00:00:00","guid":{"rendered":"https:\/\/idecesos.com\/seguros\/?page_id=11691"},"modified":"2022-04-05T10:20:10","modified_gmt":"2022-04-05T10:20:10","slug":"prima-nivelada","status":"publish","type":"page","link":"https:\/\/idecesos.com\/seguros\/companias\/union-madrilena\/prima-nivelada\/","title":{"rendered":"Seguro de decesos Uni\u00f3n Madrile\u00f1a Prima Nivelada"},"content":{"rendered":"<div id=\"ez-toc-container\" class=\"ez-toc-v2_0_82_2 ez-toc-wrap-center counter-hierarchy ez-toc-counter ez-toc-custom ez-toc-container-direction\">\n<div class=\"ez-toc-title-container\">\n<p class=\"ez-toc-title\" style=\"cursor:inherit\">Tabla de Contenido<\/p>\n<span class=\"ez-toc-title-toggle\"><a href=\"#\" class=\"ez-toc-pull-right ez-toc-btn ez-toc-btn-xs ez-toc-btn-default ez-toc-toggle\" aria-label=\"Alternar tabla de contenidos\"><span class=\"ez-toc-js-icon-con\"><span class=\"\"><span class=\"eztoc-hide\" style=\"display:none;\">Toggle<\/span><span class=\"ez-toc-icon-toggle-span\"><svg style=\"fill: #db6415;color:#db6415\" xmlns=\"http:\/\/www.w3.org\/2000\/svg\" class=\"list-377408\" width=\"20px\" height=\"20px\" viewBox=\"0 0 24 24\" fill=\"none\"><path d=\"M6 6H4v2h2V6zm14 0H8v2h12V6zM4 11h2v2H4v-2zm16 0H8v2h12v-2zM4 16h2v2H4v-2zm16 0H8v2h12v-2z\" fill=\"currentColor\"><\/path><\/svg><svg style=\"fill: #db6415;color:#db6415\" class=\"arrow-unsorted-368013\" xmlns=\"http:\/\/www.w3.org\/2000\/svg\" width=\"10px\" height=\"10px\" viewBox=\"0 0 24 24\" version=\"1.2\" baseProfile=\"tiny\"><path d=\"M18.2 9.3l-6.2-6.3-6.2 6.3c-.2.2-.3.4-.3.7s.1.5.3.7c.2.2.4.3.7.3h11c.3 0 .5-.1.7-.3.2-.2.3-.5.3-.7s-.1-.5-.3-.7zM5.8 14.7l6.2 6.3 6.2-6.3c.2-.2.3-.5.3-.7s-.1-.5-.3-.7c-.2-.2-.4-.3-.7-.3h-11c-.3 0-.5.1-.7.3-.2.2-.3.5-.3.7s.1.5.3.7z\"\/><\/svg><\/span><\/span><\/span><\/a><\/span><\/div>\n<nav><ul class='ez-toc-list ez-toc-list-level-1 ' ><li class='ez-toc-page-1 ez-toc-heading-level-2'><a class=\"ez-toc-link ez-toc-heading-1\" href=\"https:\/\/idecesos.com\/seguros\/companias\/union-madrilena\/prima-nivelada\/#Coberturas_seguro_Prima_Nivelada_Union_Madrilena\" >Coberturas seguro Prima Nivelada Uni\u00f3n Madrile\u00f1a<\/a><ul class='ez-toc-list-level-3' ><li class='ez-toc-heading-level-3'><a class=\"ez-toc-link ez-toc-heading-2\" href=\"https:\/\/idecesos.com\/seguros\/companias\/union-madrilena\/prima-nivelada\/#%C2%BFA_quien_va_dirigido_el_seguro_de_decesos_Prima_Nivelada_de_Union_Madrilena\" >\u00bfA qui\u00e9n va dirigido el seguro de decesos Prima Nivelada de Uni\u00f3n Madrile\u00f1a?<\/a><\/li><\/ul><\/li><li class='ez-toc-page-1 ez-toc-heading-level-2'><a class=\"ez-toc-link ez-toc-heading-3\" href=\"https:\/\/idecesos.com\/seguros\/companias\/union-madrilena\/prima-nivelada\/#Precio_de_seguro_de_decesos_Prima_Nivelada_Union_Madrilena\" >Precio de seguro de decesos Prima Nivelada Uni\u00f3n Madrile\u00f1a<\/a><\/li><li class='ez-toc-page-1 ez-toc-heading-level-2'><a class=\"ez-toc-link ez-toc-heading-4\" href=\"https:\/\/idecesos.com\/seguros\/companias\/union-madrilena\/prima-nivelada\/#Productos_Prima_Nivelada_Union_Madrilena\" >Productos Prima Nivelada Uni\u00f3n Madrile\u00f1a<\/a><\/li><li class='ez-toc-page-1 ez-toc-heading-level-2'><a class=\"ez-toc-link ez-toc-heading-5\" href=\"https:\/\/idecesos.com\/seguros\/companias\/union-madrilena\/prima-nivelada\/#Opiniones_del_seguro_de_decesos_de_Prima_Nivelada_de_Union_Madrilena\" >Opiniones del seguro de decesos de Prima Nivelada de Uni\u00f3n Madrile\u00f1a<\/a><ul class='ez-toc-list-level-3' ><li class='ez-toc-heading-level-3'><a class=\"ez-toc-link ez-toc-heading-6\" href=\"https:\/\/idecesos.com\/seguros\/companias\/union-madrilena\/prima-nivelada\/#Paginas_relacionadas\" >P\u00e1ginas relacionadas<\/a><\/li><\/ul><\/li><\/ul><\/nav><\/div>\n\n<p>Uni\u00f3n Madrile\u00f1a su seguro de decesos de prima nivelada es id\u00f3nea para todas aquellas personas que buscan algo que sea de forma continuada durante los a\u00f1os. Desde el instante en que comienza la contrataci\u00f3n hasta la finalizaci\u00f3n. Caso de que el asegurado resulte ser m\u00e1s joven, en los diferentes rangos terminar\u00e1 pagando mucho m\u00e1s en contraste a una prima natural. Para todas y cada una aquellas personas que resulten mayores, cuando efect\u00faen la contrataci\u00f3n de la p\u00f3liza se ahorrar\u00e1 bastante dinero en el instante del abono.<\/p>\n<p>Leer m\u00e1s: <a href=\"https:\/\/idecesos.com\/seguros\/tipo\/nivelada\/\">Seguro de decesos Prima Nivelada<\/a><\/p>\n<div class=\"colorf \"  ><div class=\"container clearfix\"><div class=\"col-md-7\"><\/p>\n<h2><span class=\"ez-toc-section\" id=\"Coberturas_seguro_Prima_Nivelada_Union_Madrilena\"><\/span>Coberturas seguro Prima Nivelada Uni\u00f3n Madrile\u00f1a<span class=\"ez-toc-section-end\"><\/span><\/h2>\n<p>Cuando no se quieren dejar cabos sueltos, es esencial poder contar con el servicio de tener las coberturas de forma completa en el seguro de prima nivelada Uni\u00f3n Madrile\u00f1a. Las coberturas del seguro de prima nivelada Uni\u00f3n Madrile\u00f1a vienen detalladas en el condicionado general, donde destacan las del servicio f\u00fanebre que cubre los desplazamientos, inhumaci\u00f3n o bien incineraci\u00f3n, acondicionamiento del cada vez, tanatorio (sala de velorio, personal, capilla), l\u00e1pida, ata\u00fad, servicio religioso, veh\u00edculo de acompa\u00f1amiento, flores, recordatorios entre otros. En los servicios nos dan el beneficio de realizar gestiones que no sabr\u00edamos realizar, por lo que se encargaran de todos y cada uno de los tr\u00e1mites burocr\u00e1ticos, evitando realizar la baja del certificado m\u00e9dico o solicitud de pensi\u00f3n de viudedad entre otros muchos. Para poder contemplar de forma m\u00e1s detallada los beneficios e inconvenientes en contraste a otras ofertas consiguieras ver con iDecesos las mejores coberturas de prima nivelada de Uni\u00f3n Madrile\u00f1a.<\/p>\n<p><\/div><\/div><\/div>\n<h3><span class=\"ez-toc-section\" id=\"%C2%BFA_quien_va_dirigido_el_seguro_de_decesos_Prima_Nivelada_de_Union_Madrilena\"><\/span>\u00bfA qui\u00e9n va dirigido el seguro de decesos Prima Nivelada de Uni\u00f3n Madrile\u00f1a?<span class=\"ez-toc-section-end\"><\/span><\/h3>\n<p>Est\u00e1 dise\u00f1ado para todas y cada una aquellas personas que se encuentren financieramente poco estable, puedan obtener el seguro de prima nivelada de Uni\u00f3n Madrile\u00f1a. Para todas y cada una de las familias que necesitan una calma econ\u00f3mica sin cargos adicionales, aparte de sentir que su familia queda protegido ante cualquier situaci\u00f3n. Un 80 por cien de las personas de edad avanzada tienen una pensi\u00f3n muy b\u00e1sica por lo que precisan de una p\u00f3liza que no aumente la prima todos los a\u00f1os. Prima nivelada con un 85 por cien destacada por la cantidad de clientes que escogen esta p\u00f3liza en Uni\u00f3n Madrile\u00f1a dentro de las valoraciones que lo determinan.<\/p>\n<div class=\"colorf \"  ><div class=\"container clearfix\"><div class=\"col-md-7\"><\/p>\n<h2><span class=\"ez-toc-section\" id=\"Precio_de_seguro_de_decesos_Prima_Nivelada_Union_Madrilena\"><\/span>Precio de seguro de decesos Prima Nivelada Uni\u00f3n Madrile\u00f1a<span class=\"ez-toc-section-end\"><\/span><\/h2>\n<p>El precio en el que se encuentra ya el seguro de prima nivelada Uni\u00f3n Madrile\u00f1a es 5\u20ac mensualmente, tomando en cuenta siempre la edad del contratante en Uni\u00f3n Madrile\u00f1a, como la localidad. A trav\u00e9s de Uni\u00f3n Madrile\u00f1a quedar\u00e1 incluido todas las promociones exclusivas y abonos libres, dejando el precio m\u00e1s reducido posible. Tambi\u00e9n se puede abonar de forma mensual, trimestral, semestral o bien anual, dando todas y cada una de las facilidades de pago posible a los clientes de Uni\u00f3n Madrile\u00f1a seguro de prima nivelada. Dentro de iDecesos conocer\u00e1s todas y cada una de las tarifas existentes, de los seguros de prima \u00abnivelada\u00bb sin embargo vas a ver en detalle el precio que estabas buscando es el mejor o bien te lo podrian mejorar.<\/p>\n<p><\/div><\/div><\/div>\n<h2><span class=\"ez-toc-section\" id=\"Productos_Prima_Nivelada_Union_Madrilena\"><\/span>Productos Prima Nivelada Uni\u00f3n Madrile\u00f1a<span class=\"ez-toc-section-end\"><\/span><\/h2>\n<div class=\"colorf\"><div class=\"container clearfix\"><div class=\"col-md-7\"><div class=\"opiniones\">\n<h2><span class=\"ez-toc-section\" id=\"Opiniones_del_seguro_de_decesos_de_Prima_Nivelada_de_Union_Madrilena\"><\/span>Opiniones del seguro de decesos de Prima Nivelada de Uni\u00f3n Madrile\u00f1a<span class=\"ez-toc-section-end\"><\/span><\/h2>\n<p>En iDecesos a lo largo del tiempo a contemplar las mejores opiniones del seguro de prima nivelada de Uni\u00f3n Madrile\u00f1a, en la que son l\u00edderes en seguros de decesos, es m\u00e1s que satisfactoria. Efectuando una investigaci\u00f3n de mercado a nivel en profundidad de las diferentes compa\u00f1\u00edas que hay, en las que ofrecen prima nivelada, asimismo se llevar\u00e1 en gran profundidad un an\u00e1lisis.<\/p>\n<div class=\"opinion \"  >\n\t\t\t<div class=\"cabecera_opinion\">\n\t\t\t\t<div class=\"avatar\">C M <\/div>\n\t\t\t\t<div class=\"datos_opinion\">\n\t\t\t\t\t<div class=\"nombre_opinion\">Catalina Moraleda<\/div>\n\t\t\t\t\t<div class=\"info_opinion\">\t\t\t\t\t\t\n\t\t\t\t\t\t<div class=\"cuenta_opinion\"><i class=\"fas fa-pencil-alt\"><\/i><!--span class=\"dashicons dashicons-edit\" style=\"font-size:20px\"><\/span--><span>1 Opini\u00f3n<\/span><\/div>\t\t\t\t\t\t\n\t\t\t\t\t\t<div class=\"localizacion_opinion\">\n\t\t\t\t\t\t\t<i class=\"fas fa-map-marker-alt\"><\/i><!--span class=\"dashicons dashicons-location\" style=\"font-size:20px\"><\/span-->\n\t\t\t\t\t\t\t<span>ES<\/span>\n\t\t\t\t\t\t<\/div>\t\n\t\t\t\t\t<\/div>\n\t\t\t\t<\/div>\n\t\t\t<\/div><div class=\"texto_opinion\"><\/p>\n<p>Ten\u00eda al respecto m\u00faltiples dudas sobre las coberturas que ofrecen dentro de la p\u00f3liza, con lo que acud\u00ed a una de sus oficinas m\u00e1s pr\u00f3ximas, me atendieron profesionalmente, d\u00e1ndome tranquilidad y resolviendo indudablemente todas mis cuestiones. Disponen de diferentes soluciones para cualquier circunstancia que pueda acontecer alg\u00fan g\u00e9nero de incidencia.<\/p>\n<p><\/div><\/div>\n<div class=\"opinion \"  >\n\t\t\t<div class=\"cabecera_opinion\">\n\t\t\t\t<div class=\"avatar\">A A <\/div>\n\t\t\t\t<div class=\"datos_opinion\">\n\t\t\t\t\t<div class=\"nombre_opinion\">Ar\u00e1nzazu Anaya<\/div>\n\t\t\t\t\t<div class=\"info_opinion\">\t\t\t\t\t\t\n\t\t\t\t\t\t<div class=\"cuenta_opinion\"><i class=\"fas fa-pencil-alt\"><\/i><!--span class=\"dashicons dashicons-edit\" style=\"font-size:20px\"><\/span--><span>1 Opini\u00f3n<\/span><\/div>\t\t\t\t\t\t\n\t\t\t\t\t\t<div class=\"localizacion_opinion\">\n\t\t\t\t\t\t\t<i class=\"fas fa-map-marker-alt\"><\/i><!--span class=\"dashicons dashicons-location\" style=\"font-size:20px\"><\/span-->\n\t\t\t\t\t\t\t<span>ES<\/span>\n\t\t\t\t\t\t<\/div>\t\n\t\t\t\t\t<\/div>\n\t\t\t\t<\/div>\n\t\t\t<\/div><div class=\"texto_opinion\"><\/p>\n<p>Estaba dudando de cual ser\u00eda el que mejor cobertura tuviera, por lo que unos amigos me recomendaron la prima nivelada de Uni\u00f3n Madrile\u00f1a, desde ese momento he recibido una atenci\u00f3n muy personalizada, han resuelto al momento cualquier incidencia que ha ocurrido. Una de los peores momentos se dio cuando muri\u00f3 mi t\u00edo tras que realiz\u00f3 la p\u00f3liza de un 1 a\u00f1o aproximadamente, solventaron al detalle y de una forma muy eficiente como veloz.<\/p>\n<p><\/div><\/div>\n<div class=\"opinion \"  >\n\t\t\t<div class=\"cabecera_opinion\">\n\t\t\t\t<div class=\"avatar\">V J <\/div>\n\t\t\t\t<div class=\"datos_opinion\">\n\t\t\t\t\t<div class=\"nombre_opinion\">Viviana Jaume<\/div>\n\t\t\t\t\t<div class=\"info_opinion\">\t\t\t\t\t\t\n\t\t\t\t\t\t<div class=\"cuenta_opinion\"><i class=\"fas fa-pencil-alt\"><\/i><!--span class=\"dashicons dashicons-edit\" style=\"font-size:20px\"><\/span--><span>1 Opini\u00f3n<\/span><\/div>\t\t\t\t\t\t\n\t\t\t\t\t\t<div class=\"localizacion_opinion\">\n\t\t\t\t\t\t\t<i class=\"fas fa-map-marker-alt\"><\/i><!--span class=\"dashicons dashicons-location\" style=\"font-size:20px\"><\/span-->\n\t\t\t\t\t\t\t<span>ES<\/span>\n\t\t\t\t\t\t<\/div>\t\n\t\t\t\t\t<\/div>\n\t\t\t\t<\/div>\n\t\t\t<\/div><div class=\"texto_opinion\"><\/p>\n<p>Lo recomiendo puesto que me dieron una de las mejores coberturas tanto a mi como a mi familia, en el instante del suceso, no dudes con prima nivelada de Uni\u00f3n Madrile\u00f1a, se hace cargo de todo. Hace unos meses falleci\u00f3 un familiar muy pr\u00f3ximo por lo que contaba con esta p\u00f3liza, es verdad que le dieron todas las coberturas y dieron todas comodidades posibles en ese tan dif\u00edcil de administrar.<\/p>\n<p><\/div><\/div>\n<\/div><\/div><\/div><\/div>\n<p><div class=\"oficinas\"><br \/>\n<!-- Shortcode [uni%c3%b3n-madrile%c3%b1a-hijas] does not exist --><\/p>\n<p><\/div> <h3><span class=\"ez-toc-section\" id=\"Paginas_relacionadas\"><\/span>P\u00e1ginas relacionadas<span class=\"ez-toc-section-end\"><\/span><\/h3><div class=\"enlazado\"><ul> <li><a href=\"https:\/\/idecesos.com\/seguros\/companias\/union-madrilena\/opiniones\/\">Opiniones Uni\u00f3n Madrile\u00f1a<\/a><\/li> <li><a href=\"https:\/\/idecesos.com\/seguros\/companias\/union-madrilena\/precio\/\">Precio seguro Uni\u00f3n Madrile\u00f1a<\/a><\/li> <li><a href=\"https:\/\/idecesos.com\/seguros\/companias\/union-madrilena\/prima-mixta\/\">Uni\u00f3n Madrile\u00f1a Prima Mixta<\/a><\/li> <li><a href=\"https:\/\/idecesos.com\/seguros\/companias\/union-madrilena\/prima-natural\/\">Uni\u00f3n Madrile\u00f1a Prima Natural<\/a><\/li> <li><a href=\"https:\/\/idecesos.com\/seguros\/companias\/union-madrilena\/prima-nivelada\/\">Uni\u00f3n Madrile\u00f1a Prima Nivelada<\/a><\/li> <li><a href=\"https:\/\/idecesos.com\/seguros\/companias\/union-madrilena\/prima-unica\/\">Uni\u00f3n Madrile\u00f1a Prima \u00danica<\/a><\/li> <li><a href=\"https:\/\/idecesos.com\/seguros\/companias\/union-madrilena\/repatriacion\/\">Uni\u00f3n Madrile\u00f1a Repatriaci\u00f3n<\/a><\/li> <li><a href=\"https:\/\/idecesos.com\/seguros\/companias\/union-madrilena\/telefono\/\">Tel\u00e9fono Gratuito Uni\u00f3n Madrile\u00f1a<\/a><\/li>                                                                                                                                                                                                                                                                                                                                                                                                                                                                                                                                                                                                                                                                                                                                                                                                                                                                                                                                                                                                                                                                                                                                                                                                                                                                                                                                                                                                                                                                                                                                                                                                                                                                                                                                                                                                                                                                                                                                                                                                                                                                                                                                                                                                                                                                                                                                                                                                                                                                                                                                                                                                                                                                                                                                                                                                                                                                                                                                                                                                                                                                                                                              <\/ul><\/div><\/p>\n","protected":false},"excerpt":{"rendered":"<p>Uni\u00f3n Madrile\u00f1a su seguro de decesos de prima nivelada es id\u00f3nea para todas aquellas personas que buscan algo que sea de forma continuada durante los a\u00f1os. Desde el instante en que comienza la contrataci\u00f3n hasta la finalizaci\u00f3n. Caso de que el asegurado resulte ser m\u00e1s joven, en los diferentes rangos terminar\u00e1 pagando mucho m\u00e1s en&hellip; <\/p>\n","protected":false},"author":3,"featured_media":0,"parent":5995,"menu_order":0,"comment_status":"closed","ping_status":"closed","template":"single.php","meta":{"footnotes":""},"class_list":["post-11691","page","type-page","status-publish","hentry"],"yoast_head":"<!-- This site is optimized with the Yoast SEO plugin v27.5 - https:\/\/yoast.com\/product\/yoast-seo-wordpress\/ -->\n<title>Seguro Decesos Uni\u00f3n Madrile\u00f1a Prima Nivelada \u25b7 Opiniones y Precio 2026<\/title>\n<meta name=\"description\" content=\"Click aqu\u00ed \u3010Seguro de Decesos Prima Nivelada Uni\u00f3n Madrile\u00f1a\u3011 Mejores precios Uni\u00f3n Madrile\u00f1a seguro de fallecidos Prima Nivelada \u2611\ufe0f Actualizado por iDecesos\u00ae\" \/>\n<meta name=\"robots\" content=\"index, follow, max-snippet:-1, max-image-preview:large, max-video-preview:-1\" \/>\n<link rel=\"canonical\" href=\"https:\/\/idecesos.com\/seguros\/companias\/union-madrilena\/prima-nivelada\/\" \/>\n<meta property=\"og:locale\" content=\"es_ES\" \/>\n<meta property=\"og:type\" content=\"article\" \/>\n<meta property=\"og:title\" content=\"Seguro Decesos Uni\u00f3n Madrile\u00f1a Prima Nivelada \u25b7 Opiniones y Precio 2026\" \/>\n<meta property=\"og:description\" content=\"Click aqu\u00ed \u3010Seguro de Decesos Prima Nivelada Uni\u00f3n Madrile\u00f1a\u3011 Mejores precios Uni\u00f3n Madrile\u00f1a seguro de fallecidos Prima Nivelada \u2611\ufe0f Actualizado por iDecesos\u00ae\" \/>\n<meta property=\"og:url\" content=\"https:\/\/idecesos.com\/seguros\/companias\/union-madrilena\/prima-nivelada\/\" \/>\n<meta property=\"article:modified_time\" content=\"2022-04-05T10:20:10+00:00\" \/>\n<meta name=\"twitter:card\" content=\"summary_large_image\" \/>\n<meta name=\"twitter:label1\" content=\"Tiempo de lectura\" \/>\n\t<meta name=\"twitter:data1\" content=\"4 minutos\" \/>\n<script type=\"application\/ld+json\" class=\"yoast-schema-graph\">{\"@context\":\"https:\\\/\\\/schema.org\",\"@graph\":[{\"@type\":\"WebPage\",\"@id\":\"https:\\\/\\\/idecesos.com\\\/seguros\\\/companias\\\/union-madrilena\\\/prima-nivelada\\\/\",\"url\":\"https:\\\/\\\/idecesos.com\\\/seguros\\\/companias\\\/union-madrilena\\\/prima-nivelada\\\/\",\"name\":\"Seguro Decesos Uni\u00f3n Madrile\u00f1a Prima Nivelada \u25b7 Opiniones y Precio 2026\",\"isPartOf\":{\"@id\":\"https:\\\/\\\/idecesos.com\\\/seguros\\\/#website\"},\"datePublished\":\"2021-11-21T00:00:00+00:00\",\"dateModified\":\"2022-04-05T10:20:10+00:00\",\"description\":\"Click aqu\u00ed \u3010Seguro de Decesos Prima Nivelada Uni\u00f3n Madrile\u00f1a\u3011 Mejores precios Uni\u00f3n Madrile\u00f1a seguro de fallecidos Prima Nivelada \u2611\ufe0f Actualizado por iDecesos\u00ae\",\"breadcrumb\":{\"@id\":\"https:\\\/\\\/idecesos.com\\\/seguros\\\/companias\\\/union-madrilena\\\/prima-nivelada\\\/#breadcrumb\"},\"inLanguage\":\"es\",\"potentialAction\":[{\"@type\":\"ReadAction\",\"target\":[\"https:\\\/\\\/idecesos.com\\\/seguros\\\/companias\\\/union-madrilena\\\/prima-nivelada\\\/\"]}]},{\"@type\":\"BreadcrumbList\",\"@id\":\"https:\\\/\\\/idecesos.com\\\/seguros\\\/companias\\\/union-madrilena\\\/prima-nivelada\\\/#breadcrumb\",\"itemListElement\":[{\"@type\":\"ListItem\",\"position\":1,\"name\":\"Portada\",\"item\":\"https:\\\/\\\/idecesos.com\\\/seguros\\\/\"},{\"@type\":\"ListItem\",\"position\":2,\"name\":\"Compa\u00f1\u00edas de Seguros de Decesos en Espa\u00f1a\",\"item\":\"https:\\\/\\\/idecesos.com\\\/seguros\\\/companias\\\/\"},{\"@type\":\"ListItem\",\"position\":3,\"name\":\"Seguro de Decesos Uni\u00f3n Madrile\u00f1a\",\"item\":\"https:\\\/\\\/idecesos.com\\\/seguros\\\/companias\\\/union-madrilena\\\/\"},{\"@type\":\"ListItem\",\"position\":4,\"name\":\"Seguro de decesos Uni\u00f3n Madrile\u00f1a Prima Nivelada\"}]},{\"@type\":\"WebSite\",\"@id\":\"https:\\\/\\\/idecesos.com\\\/seguros\\\/#website\",\"url\":\"https:\\\/\\\/idecesos.com\\\/seguros\\\/\",\"name\":\"\",\"description\":\"\",\"potentialAction\":[{\"@type\":\"SearchAction\",\"target\":{\"@type\":\"EntryPoint\",\"urlTemplate\":\"https:\\\/\\\/idecesos.com\\\/seguros\\\/?s={search_term_string}\"},\"query-input\":{\"@type\":\"PropertyValueSpecification\",\"valueRequired\":true,\"valueName\":\"search_term_string\"}}],\"inLanguage\":\"es\"}]}<\/script>\n<!-- \/ Yoast SEO plugin. -->","yoast_head_json":{"title":"Seguro Decesos Uni\u00f3n Madrile\u00f1a Prima Nivelada \u25b7 Opiniones y Precio 2026","description":"Click aqu\u00ed \u3010Seguro de Decesos Prima Nivelada Uni\u00f3n Madrile\u00f1a\u3011 Mejores precios Uni\u00f3n Madrile\u00f1a seguro de fallecidos Prima Nivelada \u2611\ufe0f Actualizado por iDecesos\u00ae","robots":{"index":"index","follow":"follow","max-snippet":"max-snippet:-1","max-image-preview":"max-image-preview:large","max-video-preview":"max-video-preview:-1"},"canonical":"https:\/\/idecesos.com\/seguros\/companias\/union-madrilena\/prima-nivelada\/","og_locale":"es_ES","og_type":"article","og_title":"Seguro Decesos Uni\u00f3n Madrile\u00f1a Prima Nivelada \u25b7 Opiniones y Precio 2026","og_description":"Click aqu\u00ed \u3010Seguro de Decesos Prima Nivelada Uni\u00f3n Madrile\u00f1a\u3011 Mejores precios Uni\u00f3n Madrile\u00f1a seguro de fallecidos Prima Nivelada \u2611\ufe0f Actualizado por iDecesos\u00ae","og_url":"https:\/\/idecesos.com\/seguros\/companias\/union-madrilena\/prima-nivelada\/","article_modified_time":"2022-04-05T10:20:10+00:00","twitter_card":"summary_large_image","twitter_misc":{"Tiempo de lectura":"4 minutos"},"schema":{"@context":"https:\/\/schema.org","@graph":[{"@type":"WebPage","@id":"https:\/\/idecesos.com\/seguros\/companias\/union-madrilena\/prima-nivelada\/","url":"https:\/\/idecesos.com\/seguros\/companias\/union-madrilena\/prima-nivelada\/","name":"Seguro Decesos Uni\u00f3n Madrile\u00f1a Prima Nivelada \u25b7 Opiniones y Precio 2026","isPartOf":{"@id":"https:\/\/idecesos.com\/seguros\/#website"},"datePublished":"2021-11-21T00:00:00+00:00","dateModified":"2022-04-05T10:20:10+00:00","description":"Click aqu\u00ed \u3010Seguro de Decesos Prima Nivelada Uni\u00f3n Madrile\u00f1a\u3011 Mejores precios Uni\u00f3n Madrile\u00f1a seguro de fallecidos Prima Nivelada \u2611\ufe0f Actualizado por iDecesos\u00ae","breadcrumb":{"@id":"https:\/\/idecesos.com\/seguros\/companias\/union-madrilena\/prima-nivelada\/#breadcrumb"},"inLanguage":"es","potentialAction":[{"@type":"ReadAction","target":["https:\/\/idecesos.com\/seguros\/companias\/union-madrilena\/prima-nivelada\/"]}]},{"@type":"BreadcrumbList","@id":"https:\/\/idecesos.com\/seguros\/companias\/union-madrilena\/prima-nivelada\/#breadcrumb","itemListElement":[{"@type":"ListItem","position":1,"name":"Portada","item":"https:\/\/idecesos.com\/seguros\/"},{"@type":"ListItem","position":2,"name":"Compa\u00f1\u00edas de Seguros de Decesos en Espa\u00f1a","item":"https:\/\/idecesos.com\/seguros\/companias\/"},{"@type":"ListItem","position":3,"name":"Seguro de Decesos Uni\u00f3n Madrile\u00f1a","item":"https:\/\/idecesos.com\/seguros\/companias\/union-madrilena\/"},{"@type":"ListItem","position":4,"name":"Seguro de decesos Uni\u00f3n Madrile\u00f1a Prima Nivelada"}]},{"@type":"WebSite","@id":"https:\/\/idecesos.com\/seguros\/#website","url":"https:\/\/idecesos.com\/seguros\/","name":"","description":"","potentialAction":[{"@type":"SearchAction","target":{"@type":"EntryPoint","urlTemplate":"https:\/\/idecesos.com\/seguros\/?s={search_term_string}"},"query-input":{"@type":"PropertyValueSpecification","valueRequired":true,"valueName":"search_term_string"}}],"inLanguage":"es"}]}},"_links":{"self":[{"href":"https:\/\/idecesos.com\/seguros\/wp-json\/wp\/v2\/pages\/11691","targetHints":{"allow":["GET"]}}],"collection":[{"href":"https:\/\/idecesos.com\/seguros\/wp-json\/wp\/v2\/pages"}],"about":[{"href":"https:\/\/idecesos.com\/seguros\/wp-json\/wp\/v2\/types\/page"}],"author":[{"embeddable":true,"href":"https:\/\/idecesos.com\/seguros\/wp-json\/wp\/v2\/users\/3"}],"replies":[{"embeddable":true,"href":"https:\/\/idecesos.com\/seguros\/wp-json\/wp\/v2\/comments?post=11691"}],"version-history":[{"count":2,"href":"https:\/\/idecesos.com\/seguros\/wp-json\/wp\/v2\/pages\/11691\/revisions"}],"predecessor-version":[{"id":20990,"href":"https:\/\/idecesos.com\/seguros\/wp-json\/wp\/v2\/pages\/11691\/revisions\/20990"}],"up":[{"embeddable":true,"href":"https:\/\/idecesos.com\/seguros\/wp-json\/wp\/v2\/pages\/5995"}],"wp:attachment":[{"href":"https:\/\/idecesos.com\/seguros\/wp-json\/wp\/v2\/media?parent=11691"}],"curies":[{"name":"wp","href":"https:\/\/api.w.org\/{rel}","templated":true}]}}