{"id":11700,"date":"2021-11-21T00:00:00","date_gmt":"2021-11-21T00:00:00","guid":{"rendered":"https:\/\/idecesos.com\/seguros\/?page_id=11700"},"modified":"2022-04-05T10:21:03","modified_gmt":"2022-04-05T10:21:03","slug":"prima-unica","status":"publish","type":"page","link":"https:\/\/idecesos.com\/seguros\/companias\/union-madrilena\/prima-unica\/","title":{"rendered":"Seguro de decesos Uni\u00f3n Madrile\u00f1a Prima \u00danica"},"content":{"rendered":"<div id=\"ez-toc-container\" class=\"ez-toc-v2_0_82_2 ez-toc-wrap-center counter-hierarchy ez-toc-counter ez-toc-custom ez-toc-container-direction\">\n<div class=\"ez-toc-title-container\">\n<p class=\"ez-toc-title\" style=\"cursor:inherit\">Tabla de Contenido<\/p>\n<span class=\"ez-toc-title-toggle\"><a href=\"#\" class=\"ez-toc-pull-right ez-toc-btn ez-toc-btn-xs ez-toc-btn-default ez-toc-toggle\" aria-label=\"Alternar tabla de contenidos\"><span class=\"ez-toc-js-icon-con\"><span class=\"\"><span class=\"eztoc-hide\" style=\"display:none;\">Toggle<\/span><span class=\"ez-toc-icon-toggle-span\"><svg style=\"fill: #db6415;color:#db6415\" xmlns=\"http:\/\/www.w3.org\/2000\/svg\" class=\"list-377408\" width=\"20px\" height=\"20px\" viewBox=\"0 0 24 24\" fill=\"none\"><path d=\"M6 6H4v2h2V6zm14 0H8v2h12V6zM4 11h2v2H4v-2zm16 0H8v2h12v-2zM4 16h2v2H4v-2zm16 0H8v2h12v-2z\" fill=\"currentColor\"><\/path><\/svg><svg style=\"fill: #db6415;color:#db6415\" class=\"arrow-unsorted-368013\" xmlns=\"http:\/\/www.w3.org\/2000\/svg\" width=\"10px\" height=\"10px\" viewBox=\"0 0 24 24\" version=\"1.2\" baseProfile=\"tiny\"><path d=\"M18.2 9.3l-6.2-6.3-6.2 6.3c-.2.2-.3.4-.3.7s.1.5.3.7c.2.2.4.3.7.3h11c.3 0 .5-.1.7-.3.2-.2.3-.5.3-.7s-.1-.5-.3-.7zM5.8 14.7l6.2 6.3 6.2-6.3c.2-.2.3-.5.3-.7s-.1-.5-.3-.7c-.2-.2-.4-.3-.7-.3h-11c-.3 0-.5.1-.7.3-.2.2-.3.5-.3.7s.1.5.3.7z\"\/><\/svg><\/span><\/span><\/span><\/a><\/span><\/div>\n<nav><ul class='ez-toc-list ez-toc-list-level-1 ' ><li class='ez-toc-page-1 ez-toc-heading-level-2'><a class=\"ez-toc-link ez-toc-heading-1\" href=\"https:\/\/idecesos.com\/seguros\/companias\/union-madrilena\/prima-unica\/#Coberturas_seguro_Prima_Unica_Union_Madrilena\" >Coberturas seguro Prima \u00danica Uni\u00f3n Madrile\u00f1a<\/a><ul class='ez-toc-list-level-3' ><li class='ez-toc-heading-level-3'><a class=\"ez-toc-link ez-toc-heading-2\" href=\"https:\/\/idecesos.com\/seguros\/companias\/union-madrilena\/prima-unica\/#%C2%BFA_quien_va_dirigido_el_seguro_de_decesos_Prima_Unica_de_Union_Madrilena\" >\u00bfA qui\u00e9n va dirigido el seguro de decesos Prima \u00danica de Uni\u00f3n Madrile\u00f1a?<\/a><\/li><\/ul><\/li><li class='ez-toc-page-1 ez-toc-heading-level-2'><a class=\"ez-toc-link ez-toc-heading-3\" href=\"https:\/\/idecesos.com\/seguros\/companias\/union-madrilena\/prima-unica\/#Precio_de_seguro_de_decesos_Prima_Unica_Union_Madrilena\" >Precio de seguro de decesos Prima \u00danica Uni\u00f3n Madrile\u00f1a<\/a><\/li><li class='ez-toc-page-1 ez-toc-heading-level-2'><a class=\"ez-toc-link ez-toc-heading-4\" href=\"https:\/\/idecesos.com\/seguros\/companias\/union-madrilena\/prima-unica\/#Productos_Prima_Unica_Union_Madrilena\" >Productos Prima \u00danica Uni\u00f3n Madrile\u00f1a<\/a><\/li><li class='ez-toc-page-1 ez-toc-heading-level-2'><a class=\"ez-toc-link ez-toc-heading-5\" href=\"https:\/\/idecesos.com\/seguros\/companias\/union-madrilena\/prima-unica\/#Opiniones_del_seguro_de_decesos_de_Prima_Unica_de_Union_Madrilena\" >Opiniones del seguro de decesos de Prima \u00danica de Uni\u00f3n Madrile\u00f1a<\/a><ul class='ez-toc-list-level-3' ><li class='ez-toc-heading-level-3'><a class=\"ez-toc-link ez-toc-heading-6\" href=\"https:\/\/idecesos.com\/seguros\/companias\/union-madrilena\/prima-unica\/#Paginas_relacionadas\" >P\u00e1ginas relacionadas<\/a><\/li><\/ul><\/li><\/ul><\/nav><\/div>\n<p><br \/>\nLa creaci\u00f3n del seguro de deceso de prima \u00fanica de Uni\u00f3n Madrile\u00f1a consiste en dar tranquilidad a todos los familiares encarg\u00e1ndose de todo, dando serenidad al completo. Realizando un \u00fanico pago de la prima a Uni\u00f3n Madrile\u00f1a, por lo que ser\u00e1 de forma indeterminada, no se podr\u00e1 cancelar aun avisando previamente, con lo que contar\u00e1 con una tramitaci\u00f3n completa. Uni\u00f3n Madrile\u00f1a ofrece un servicio f\u00e1cil, r\u00e1pido e integral de decesos con su servicio de asistencia mediante el pago \u00fanico de anticipado y ajustado a las necesidades de los clientes mayores de edad.<\/p>\n<p>Leer m\u00e1s: <a href=\"https:\/\/idecesos.com\/seguros\/tipo\/prima-unica\/\">Seguro de decesos Prima \u00danica<\/a><br \/>\n<div class=\"colorf \"  ><div class=\"container clearfix\"><div class=\"col-md-7\"><\/p>\n<h2><span class=\"ez-toc-section\" id=\"Coberturas_seguro_Prima_Unica_Union_Madrilena\"><\/span>Coberturas seguro Prima \u00danica Uni\u00f3n Madrile\u00f1a<span class=\"ez-toc-section-end\"><\/span><\/h2>\n<p>Con las coberturas del seguro de decesos de prima \u00fanica de Uni\u00f3n Madrile\u00f1a son las mejores y se adaptan a los gustos, deseos y costumbres locales de los familiares. Adem\u00e1s cuenta con diferentes alternativas como es el caso de entierro, cremaci\u00f3n o l\u00e1pida, podr\u00e1 elegir entre algunos de ellos. El seguro de decesos de prima \u00fanica de Uni\u00f3n Madrile\u00f1a realizan todo el proceso de tramitaci\u00f3n legal, administrando los tiempos de visitas y aparte de resolver dudas de los familiares que les pueda surgir. Uni\u00f3n Madrile\u00f1a dentro de sus coberturas de encargar\u00e1 de todas y cada una de las gestiones importantes para cubrir todo el sepelio al completo. En las condiciones generales de Uni\u00f3n Madrile\u00f1a recoge todas las coberturas generales y particulares del seguro de decesos de prima \u00fanica, asimismo se\u00f1ala todos y cada uno de los casos excluidos.<br \/>\n<\/div><\/div><\/div><\/p>\n<h3><span class=\"ez-toc-section\" id=\"%C2%BFA_quien_va_dirigido_el_seguro_de_decesos_Prima_Unica_de_Union_Madrilena\"><\/span>\u00bfA qui\u00e9n va dirigido el seguro de decesos Prima \u00danica de Uni\u00f3n Madrile\u00f1a?<span class=\"ez-toc-section-end\"><\/span><\/h3>\n<p>En el rango de edad las personas de m\u00e1s de 70 a\u00f1os prefiere el seguro de prima \u00fanica de Uni\u00f3n Madrile\u00f1a por que cubre sus necesidades contando con \u00fanico pago de la prima, por lo que van a dejar todo solucionado y dando serenidad a su familia. El seguro de pago \u00fanico de Uni\u00f3n Madrile\u00f1a, est\u00e1 pensado a fin de que den las coberturas necesarias del sepelio dejando todo cubierto y ahorrando dolores de cabeza a los familiares, dejando que se encarguen de todos y cada uno de los tr\u00e1mites que se deban llevar a cabo en esa situaci\u00f3n. El seguro de prima \u00fanica de Uni\u00f3n Madrile\u00f1a es id\u00f3neo para dar soluci\u00f3n en el instante que ha fallecido el asegurado, se va a poner en marcha y administrar\u00e1 todo aquello que est\u00e9 en sus manos. Por otra parte, si no dispones de posibilidades econ\u00f3micas el seguro de prima \u00fanica de Uni\u00f3n Madrile\u00f1a ayuda a los familiares de reunir de forma anticipada entre todos y cada uno de los familiares la suma de la prima y dejarlo contratado, para que llegado el momento del fallecimiento del asegurado no tengan que buscar funeraria y negociar en un instante tan doloroso y con tanto desamparo.<br \/>\n<div class=\"colorf \"  ><div class=\"container clearfix\"><div class=\"col-md-7\"><\/p>\n<h2><span class=\"ez-toc-section\" id=\"Precio_de_seguro_de_decesos_Prima_Unica_Union_Madrilena\"><\/span>Precio de seguro de decesos Prima \u00danica Uni\u00f3n Madrile\u00f1a<span class=\"ez-toc-section-end\"><\/span><\/h2>\n<p>El m\u00e1s conveniente de Uni\u00f3n Madrile\u00f1a el seguro de prima \u00fanica como el coste es de 3200\u20ac encargado del sepelio, aparte del asegurado en cuenta la edad y donde resida en el instante. El seguro de decesos de prima \u00fanica Uni\u00f3n Madrile\u00f1a es el que m\u00e1s resalta por su precio tan alcanzable y muy adaptado a cada persona. Con iDecesos en cuesti\u00f3n de segundos vas a tener la respuesta a tu mejor seguro de deceso de prima \u00fanica de Uni\u00f3n Madrile\u00f1a.<br \/>\n<\/div><\/div><\/div><\/p>\n<h2><span class=\"ez-toc-section\" id=\"Productos_Prima_Unica_Union_Madrilena\"><\/span>Productos Prima \u00danica Uni\u00f3n Madrile\u00f1a<span class=\"ez-toc-section-end\"><\/span><\/h2>\n<div class=\"colorf\"><div class=\"container clearfix\"><div class=\"col-md-7\"><div class=\"opiniones\">\n<h2><span class=\"ez-toc-section\" id=\"Opiniones_del_seguro_de_decesos_de_Prima_Unica_de_Union_Madrilena\"><\/span>Opiniones del seguro de decesos de Prima \u00danica de Uni\u00f3n Madrile\u00f1a<span class=\"ez-toc-section-end\"><\/span><\/h2>\n<div class=\"opinion \"  >\n\t\t\t<div class=\"cabecera_opinion\">\n\t\t\t\t<div class=\"avatar\">F S <\/div>\n\t\t\t\t<div class=\"datos_opinion\">\n\t\t\t\t\t<div class=\"nombre_opinion\">Felipe Salgado<\/div>\n\t\t\t\t\t<div class=\"info_opinion\">\t\t\t\t\t\t\n\t\t\t\t\t\t<div class=\"cuenta_opinion\"><i class=\"fas fa-pencil-alt\"><\/i><!--span class=\"dashicons dashicons-edit\" style=\"font-size:20px\"><\/span--><span>1 Opini\u00f3n<\/span><\/div>\t\t\t\t\t\t\n\t\t\t\t\t\t<div class=\"localizacion_opinion\">\n\t\t\t\t\t\t\t<i class=\"fas fa-map-marker-alt\"><\/i><!--span class=\"dashicons dashicons-location\" style=\"font-size:20px\"><\/span-->\n\t\t\t\t\t\t\t<span>ES<\/span>\n\t\t\t\t\t\t<\/div>\t\n\t\t\t\t\t<\/div>\n\t\t\t\t<\/div>\n\t\t\t<\/div><div class=\"texto_opinion\"><\/p>\n<p>Me ha semejado super profesional bajo mi punto de vista el seguro de prima \u00fanica de Uni\u00f3n Madrile\u00f1a, con los nervios en el momento del fallecimiento de mi suegro, llamamos un tanto alterados al tel\u00e9fono de asistencia de Uni\u00f3n Madrile\u00f1a, le dimos los datos y se ocuparon de todo y la persona que nos atendi\u00f3 de Uni\u00f3n Madrile\u00f1a en el tanatorio act\u00faan en todo momento de forma profesional, y sensible al momento que est\u00e1bamos padeciendo.<\/p>\n<p><\/div><\/div>\n<div class=\"opinion \"  >\n\t\t\t<div class=\"cabecera_opinion\">\n\t\t\t\t<div class=\"avatar\">L C <\/div>\n\t\t\t\t<div class=\"datos_opinion\">\n\t\t\t\t\t<div class=\"nombre_opinion\">Luisina Carrillo<\/div>\n\t\t\t\t\t<div class=\"info_opinion\">\t\t\t\t\t\t\n\t\t\t\t\t\t<div class=\"cuenta_opinion\"><i class=\"fas fa-pencil-alt\"><\/i><!--span class=\"dashicons dashicons-edit\" style=\"font-size:20px\"><\/span--><span>1 Opini\u00f3n<\/span><\/div>\t\t\t\t\t\t\n\t\t\t\t\t\t<div class=\"localizacion_opinion\">\n\t\t\t\t\t\t\t<i class=\"fas fa-map-marker-alt\"><\/i><!--span class=\"dashicons dashicons-location\" style=\"font-size:20px\"><\/span-->\n\t\t\t\t\t\t\t<span>ES<\/span>\n\t\t\t\t\t\t<\/div>\t\n\t\t\t\t\t<\/div>\n\t\t\t\t<\/div>\n\t\t\t<\/div><div class=\"texto_opinion\"><\/p>\n<p>Estoy muy agradecida con Uni\u00f3n Madrile\u00f1a por el seguro de prima \u00fanica, que el servicio que me dieron fue extraordinario, haci\u00e9ndonos todo el proceso del duelo m\u00e1s f\u00e1cil y c\u00f3modo.<br \/>\n<\/div><\/div>\n<div class=\"opinion \"  >\n\t\t\t<div class=\"cabecera_opinion\">\n\t\t\t\t<div class=\"avatar\">M L <\/div>\n\t\t\t\t<div class=\"datos_opinion\">\n\t\t\t\t\t<div class=\"nombre_opinion\">Marino Leon<\/div>\n\t\t\t\t\t<div class=\"info_opinion\">\t\t\t\t\t\t\n\t\t\t\t\t\t<div class=\"cuenta_opinion\"><i class=\"fas fa-pencil-alt\"><\/i><!--span class=\"dashicons dashicons-edit\" style=\"font-size:20px\"><\/span--><span>1 Opini\u00f3n<\/span><\/div>\t\t\t\t\t\t\n\t\t\t\t\t\t<div class=\"localizacion_opinion\">\n\t\t\t\t\t\t\t<i class=\"fas fa-map-marker-alt\"><\/i><!--span class=\"dashicons dashicons-location\" style=\"font-size:20px\"><\/span-->\n\t\t\t\t\t\t\t<span>ES<\/span>\n\t\t\t\t\t\t<\/div>\t\n\t\t\t\t\t<\/div>\n\t\t\t\t<\/div>\n\t\t\t<\/div><div class=\"texto_opinion\"><\/p>\n<p>Todos y cada uno de los de mi familia piensan que es el mejor por su precio tan econ\u00f3mico.<\/p>\n<p><\/div><\/div>\n<\/div><\/div><\/div><\/div>\n<p><div class=\"oficinas\"><br \/>\n<!-- Shortcode [uni%c3%b3n-madrile%c3%b1a-hijas] does not exist --><\/p>\n<p><\/div> <h3><span class=\"ez-toc-section\" id=\"Paginas_relacionadas\"><\/span>P\u00e1ginas relacionadas<span class=\"ez-toc-section-end\"><\/span><\/h3><div class=\"enlazado\"><ul> <li><a href=\"https:\/\/idecesos.com\/seguros\/companias\/union-madrilena\/opiniones\/\">Opiniones Uni\u00f3n Madrile\u00f1a<\/a><\/li> <li><a href=\"https:\/\/idecesos.com\/seguros\/companias\/union-madrilena\/precio\/\">Precio seguro Uni\u00f3n Madrile\u00f1a<\/a><\/li> <li><a href=\"https:\/\/idecesos.com\/seguros\/companias\/union-madrilena\/prima-mixta\/\">Uni\u00f3n Madrile\u00f1a Prima Mixta<\/a><\/li> <li><a href=\"https:\/\/idecesos.com\/seguros\/companias\/union-madrilena\/prima-natural\/\">Uni\u00f3n Madrile\u00f1a Prima Natural<\/a><\/li> <li><a href=\"https:\/\/idecesos.com\/seguros\/companias\/union-madrilena\/prima-nivelada\/\">Uni\u00f3n Madrile\u00f1a Prima Nivelada<\/a><\/li> <li><a href=\"https:\/\/idecesos.com\/seguros\/companias\/union-madrilena\/prima-unica\/\">Uni\u00f3n Madrile\u00f1a Prima \u00danica<\/a><\/li> <li><a href=\"https:\/\/idecesos.com\/seguros\/companias\/union-madrilena\/repatriacion\/\">Uni\u00f3n Madrile\u00f1a Repatriaci\u00f3n<\/a><\/li> <li><a href=\"https:\/\/idecesos.com\/seguros\/companias\/union-madrilena\/telefono\/\">Tel\u00e9fono Gratuito Uni\u00f3n Madrile\u00f1a<\/a><\/li>                                                                                                                                                                                                                                                                                                                                                                                                                                                                                                                                                                                                                                                                                                                                                                                                                                                                                                                                                                                                                                                                                                                                                                                                                                                                                                                                                                                                                                                                                                                                                                                                                                                                                                                                                                                                                                                                                                                                                                                                                                                                                                                                                                                                                                                                                                                                                                                                                                                                                                                                                                                                                                                                                                                                                                                                                                                                                                                                                                                                                                                                                                                              <\/ul><\/div><\/p>\n","protected":false},"excerpt":{"rendered":"<p>La creaci\u00f3n del seguro de deceso de prima \u00fanica de Uni\u00f3n Madrile\u00f1a consiste en dar tranquilidad a todos los familiares encarg\u00e1ndose de todo, dando serenidad al completo. Realizando un \u00fanico pago de la prima a Uni\u00f3n Madrile\u00f1a, por lo que ser\u00e1 de forma indeterminada, no se podr\u00e1 cancelar aun avisando previamente, con lo que contar\u00e1&hellip; <\/p>\n","protected":false},"author":3,"featured_media":0,"parent":5995,"menu_order":0,"comment_status":"closed","ping_status":"closed","template":"single.php","meta":{"footnotes":""},"class_list":["post-11700","page","type-page","status-publish","hentry"],"yoast_head":"<!-- This site is optimized with the Yoast SEO plugin v27.3 - https:\/\/yoast.com\/product\/yoast-seo-wordpress\/ -->\n<title>Seguro Decesos Uni\u00f3n Madrile\u00f1a Prima \u00danica \u25b7 Opiniones y Precio 2026<\/title>\n<meta name=\"description\" content=\"Click aqu\u00ed \u3010Seguro de Decesos Prima \u00danica Uni\u00f3n Madrile\u00f1a\u3011 Mejores precios Uni\u00f3n Madrile\u00f1a seguro de fallecidos Prima \u00danica \u2611\ufe0f Actualizado por iDecesos\u00ae\" \/>\n<meta name=\"robots\" content=\"index, follow, max-snippet:-1, max-image-preview:large, max-video-preview:-1\" \/>\n<link rel=\"canonical\" href=\"https:\/\/idecesos.com\/seguros\/companias\/union-madrilena\/prima-unica\/\" \/>\n<meta property=\"og:locale\" content=\"es_ES\" \/>\n<meta property=\"og:type\" content=\"article\" \/>\n<meta property=\"og:title\" content=\"Seguro Decesos Uni\u00f3n Madrile\u00f1a Prima \u00danica \u25b7 Opiniones y Precio 2026\" \/>\n<meta property=\"og:description\" content=\"Click aqu\u00ed \u3010Seguro de Decesos Prima \u00danica Uni\u00f3n Madrile\u00f1a\u3011 Mejores precios Uni\u00f3n Madrile\u00f1a seguro de fallecidos Prima \u00danica \u2611\ufe0f Actualizado por iDecesos\u00ae\" \/>\n<meta property=\"og:url\" content=\"https:\/\/idecesos.com\/seguros\/companias\/union-madrilena\/prima-unica\/\" \/>\n<meta property=\"article:modified_time\" content=\"2022-04-05T10:21:03+00:00\" \/>\n<meta name=\"twitter:card\" content=\"summary_large_image\" \/>\n<meta name=\"twitter:label1\" content=\"Tiempo de lectura\" \/>\n\t<meta name=\"twitter:data1\" content=\"60 minutos\" \/>\n<script type=\"application\/ld+json\" class=\"yoast-schema-graph\">{\"@context\":\"https:\\\/\\\/schema.org\",\"@graph\":[{\"@type\":\"WebPage\",\"@id\":\"https:\\\/\\\/idecesos.com\\\/seguros\\\/companias\\\/union-madrilena\\\/prima-unica\\\/\",\"url\":\"https:\\\/\\\/idecesos.com\\\/seguros\\\/companias\\\/union-madrilena\\\/prima-unica\\\/\",\"name\":\"Seguro Decesos Uni\u00f3n Madrile\u00f1a Prima \u00danica \u25b7 Opiniones y Precio 2026\",\"isPartOf\":{\"@id\":\"https:\\\/\\\/idecesos.com\\\/seguros\\\/#website\"},\"datePublished\":\"2021-11-21T00:00:00+00:00\",\"dateModified\":\"2022-04-05T10:21:03+00:00\",\"description\":\"Click aqu\u00ed \u3010Seguro de Decesos Prima \u00danica Uni\u00f3n Madrile\u00f1a\u3011 Mejores precios Uni\u00f3n Madrile\u00f1a seguro de fallecidos Prima \u00danica \u2611\ufe0f Actualizado por iDecesos\u00ae\",\"breadcrumb\":{\"@id\":\"https:\\\/\\\/idecesos.com\\\/seguros\\\/companias\\\/union-madrilena\\\/prima-unica\\\/#breadcrumb\"},\"inLanguage\":\"es\",\"potentialAction\":[{\"@type\":\"ReadAction\",\"target\":[\"https:\\\/\\\/idecesos.com\\\/seguros\\\/companias\\\/union-madrilena\\\/prima-unica\\\/\"]}]},{\"@type\":\"BreadcrumbList\",\"@id\":\"https:\\\/\\\/idecesos.com\\\/seguros\\\/companias\\\/union-madrilena\\\/prima-unica\\\/#breadcrumb\",\"itemListElement\":[{\"@type\":\"ListItem\",\"position\":1,\"name\":\"Portada\",\"item\":\"https:\\\/\\\/idecesos.com\\\/seguros\\\/\"},{\"@type\":\"ListItem\",\"position\":2,\"name\":\"Compa\u00f1\u00edas de Seguros de Decesos en Espa\u00f1a\",\"item\":\"https:\\\/\\\/idecesos.com\\\/seguros\\\/companias\\\/\"},{\"@type\":\"ListItem\",\"position\":3,\"name\":\"Seguro de Decesos Uni\u00f3n Madrile\u00f1a\",\"item\":\"https:\\\/\\\/idecesos.com\\\/seguros\\\/companias\\\/union-madrilena\\\/\"},{\"@type\":\"ListItem\",\"position\":4,\"name\":\"Seguro de decesos Uni\u00f3n Madrile\u00f1a Prima \u00danica\"}]},{\"@type\":\"WebSite\",\"@id\":\"https:\\\/\\\/idecesos.com\\\/seguros\\\/#website\",\"url\":\"https:\\\/\\\/idecesos.com\\\/seguros\\\/\",\"name\":\"\",\"description\":\"\",\"potentialAction\":[{\"@type\":\"SearchAction\",\"target\":{\"@type\":\"EntryPoint\",\"urlTemplate\":\"https:\\\/\\\/idecesos.com\\\/seguros\\\/?s={search_term_string}\"},\"query-input\":{\"@type\":\"PropertyValueSpecification\",\"valueRequired\":true,\"valueName\":\"search_term_string\"}}],\"inLanguage\":\"es\"}]}<\/script>\n<!-- \/ Yoast SEO plugin. -->","yoast_head_json":{"title":"Seguro Decesos Uni\u00f3n Madrile\u00f1a Prima \u00danica \u25b7 Opiniones y Precio 2026","description":"Click aqu\u00ed \u3010Seguro de Decesos Prima \u00danica Uni\u00f3n Madrile\u00f1a\u3011 Mejores precios Uni\u00f3n Madrile\u00f1a seguro de fallecidos Prima \u00danica \u2611\ufe0f Actualizado por iDecesos\u00ae","robots":{"index":"index","follow":"follow","max-snippet":"max-snippet:-1","max-image-preview":"max-image-preview:large","max-video-preview":"max-video-preview:-1"},"canonical":"https:\/\/idecesos.com\/seguros\/companias\/union-madrilena\/prima-unica\/","og_locale":"es_ES","og_type":"article","og_title":"Seguro Decesos Uni\u00f3n Madrile\u00f1a Prima \u00danica \u25b7 Opiniones y Precio 2026","og_description":"Click aqu\u00ed \u3010Seguro de Decesos Prima \u00danica Uni\u00f3n Madrile\u00f1a\u3011 Mejores precios Uni\u00f3n Madrile\u00f1a seguro de fallecidos Prima \u00danica \u2611\ufe0f Actualizado por iDecesos\u00ae","og_url":"https:\/\/idecesos.com\/seguros\/companias\/union-madrilena\/prima-unica\/","article_modified_time":"2022-04-05T10:21:03+00:00","twitter_card":"summary_large_image","twitter_misc":{"Tiempo de lectura":"60 minutos"},"schema":{"@context":"https:\/\/schema.org","@graph":[{"@type":"WebPage","@id":"https:\/\/idecesos.com\/seguros\/companias\/union-madrilena\/prima-unica\/","url":"https:\/\/idecesos.com\/seguros\/companias\/union-madrilena\/prima-unica\/","name":"Seguro Decesos Uni\u00f3n Madrile\u00f1a Prima \u00danica \u25b7 Opiniones y Precio 2026","isPartOf":{"@id":"https:\/\/idecesos.com\/seguros\/#website"},"datePublished":"2021-11-21T00:00:00+00:00","dateModified":"2022-04-05T10:21:03+00:00","description":"Click aqu\u00ed \u3010Seguro de Decesos Prima \u00danica Uni\u00f3n Madrile\u00f1a\u3011 Mejores precios Uni\u00f3n Madrile\u00f1a seguro de fallecidos Prima \u00danica \u2611\ufe0f Actualizado por iDecesos\u00ae","breadcrumb":{"@id":"https:\/\/idecesos.com\/seguros\/companias\/union-madrilena\/prima-unica\/#breadcrumb"},"inLanguage":"es","potentialAction":[{"@type":"ReadAction","target":["https:\/\/idecesos.com\/seguros\/companias\/union-madrilena\/prima-unica\/"]}]},{"@type":"BreadcrumbList","@id":"https:\/\/idecesos.com\/seguros\/companias\/union-madrilena\/prima-unica\/#breadcrumb","itemListElement":[{"@type":"ListItem","position":1,"name":"Portada","item":"https:\/\/idecesos.com\/seguros\/"},{"@type":"ListItem","position":2,"name":"Compa\u00f1\u00edas de Seguros de Decesos en Espa\u00f1a","item":"https:\/\/idecesos.com\/seguros\/companias\/"},{"@type":"ListItem","position":3,"name":"Seguro de Decesos Uni\u00f3n Madrile\u00f1a","item":"https:\/\/idecesos.com\/seguros\/companias\/union-madrilena\/"},{"@type":"ListItem","position":4,"name":"Seguro de decesos Uni\u00f3n Madrile\u00f1a Prima \u00danica"}]},{"@type":"WebSite","@id":"https:\/\/idecesos.com\/seguros\/#website","url":"https:\/\/idecesos.com\/seguros\/","name":"","description":"","potentialAction":[{"@type":"SearchAction","target":{"@type":"EntryPoint","urlTemplate":"https:\/\/idecesos.com\/seguros\/?s={search_term_string}"},"query-input":{"@type":"PropertyValueSpecification","valueRequired":true,"valueName":"search_term_string"}}],"inLanguage":"es"}]}},"_links":{"self":[{"href":"https:\/\/idecesos.com\/seguros\/wp-json\/wp\/v2\/pages\/11700","targetHints":{"allow":["GET"]}}],"collection":[{"href":"https:\/\/idecesos.com\/seguros\/wp-json\/wp\/v2\/pages"}],"about":[{"href":"https:\/\/idecesos.com\/seguros\/wp-json\/wp\/v2\/types\/page"}],"author":[{"embeddable":true,"href":"https:\/\/idecesos.com\/seguros\/wp-json\/wp\/v2\/users\/3"}],"replies":[{"embeddable":true,"href":"https:\/\/idecesos.com\/seguros\/wp-json\/wp\/v2\/comments?post=11700"}],"version-history":[{"count":2,"href":"https:\/\/idecesos.com\/seguros\/wp-json\/wp\/v2\/pages\/11700\/revisions"}],"predecessor-version":[{"id":20991,"href":"https:\/\/idecesos.com\/seguros\/wp-json\/wp\/v2\/pages\/11700\/revisions\/20991"}],"up":[{"embeddable":true,"href":"https:\/\/idecesos.com\/seguros\/wp-json\/wp\/v2\/pages\/5995"}],"wp:attachment":[{"href":"https:\/\/idecesos.com\/seguros\/wp-json\/wp\/v2\/media?parent=11700"}],"curies":[{"name":"wp","href":"https:\/\/api.w.org\/{rel}","templated":true}]}}