{"id":11702,"date":"2021-11-22T00:00:00","date_gmt":"2021-11-22T00:00:00","guid":{"rendered":"https:\/\/idecesos.com\/seguros\/?page_id=11702"},"modified":"2022-04-05T09:42:41","modified_gmt":"2022-04-05T09:42:41","slug":"repatriacion","status":"publish","type":"page","link":"https:\/\/idecesos.com\/seguros\/companias\/asociacion-europea\/repatriacion\/","title":{"rendered":"Seguro de decesos Asociaci\u00f3n Europea con repatriaci\u00f3n"},"content":{"rendered":"<div id=\"ez-toc-container\" class=\"ez-toc-v2_0_83 ez-toc-wrap-center counter-hierarchy ez-toc-counter ez-toc-custom ez-toc-container-direction\">\n<div class=\"ez-toc-title-container\">\n<p class=\"ez-toc-title\" style=\"cursor:inherit\">Tabla de Contenido<\/p>\n<span class=\"ez-toc-title-toggle\"><a href=\"#\" class=\"ez-toc-pull-right ez-toc-btn ez-toc-btn-xs ez-toc-btn-default ez-toc-toggle\" aria-label=\"Alternar tabla de contenidos\"><span class=\"ez-toc-js-icon-con\"><span class=\"\"><span class=\"eztoc-hide\" style=\"display:none;\">Toggle<\/span><span class=\"ez-toc-icon-toggle-span\"><svg style=\"fill: #db6415;color:#db6415\" xmlns=\"http:\/\/www.w3.org\/2000\/svg\" class=\"list-377408\" width=\"20px\" height=\"20px\" viewBox=\"0 0 24 24\" fill=\"none\"><path d=\"M6 6H4v2h2V6zm14 0H8v2h12V6zM4 11h2v2H4v-2zm16 0H8v2h12v-2zM4 16h2v2H4v-2zm16 0H8v2h12v-2z\" fill=\"currentColor\"><\/path><\/svg><svg style=\"fill: #db6415;color:#db6415\" class=\"arrow-unsorted-368013\" xmlns=\"http:\/\/www.w3.org\/2000\/svg\" width=\"10px\" height=\"10px\" viewBox=\"0 0 24 24\" version=\"1.2\" baseProfile=\"tiny\"><path d=\"M18.2 9.3l-6.2-6.3-6.2 6.3c-.2.2-.3.4-.3.7s.1.5.3.7c.2.2.4.3.7.3h11c.3 0 .5-.1.7-.3.2-.2.3-.5.3-.7s-.1-.5-.3-.7zM5.8 14.7l6.2 6.3 6.2-6.3c.2-.2.3-.5.3-.7s-.1-.5-.3-.7c-.2-.2-.4-.3-.7-.3h-11c-.3 0-.5.1-.7.3-.2.2-.3.5-.3.7s.1.5.3.7z\"\/><\/svg><\/span><\/span><\/span><\/a><\/span><\/div>\n<nav><ul class='ez-toc-list ez-toc-list-level-1 ' ><li class='ez-toc-page-1 ez-toc-heading-level-2'><a class=\"ez-toc-link ez-toc-heading-1\" href=\"https:\/\/idecesos.com\/seguros\/companias\/asociacion-europea\/repatriacion\/#Coberturas_seguro_Asociacion_Europea_con_repatriacion\" >Coberturas seguro Asociaci\u00f3n Europea con repatriaci\u00f3n<\/a><ul class='ez-toc-list-level-3' ><li class='ez-toc-heading-level-3'><a class=\"ez-toc-link ez-toc-heading-2\" href=\"https:\/\/idecesos.com\/seguros\/companias\/asociacion-europea\/repatriacion\/#%C2%BFA_quien_va_dirigido_el_seguro_de_decesos_con_repatriacion_de_Asociacion_Europea\" >\u00bfA qui\u00e9n va dirigido el seguro de decesos con repatriaci\u00f3n de Asociaci\u00f3n Europea?<\/a><\/li><\/ul><\/li><li class='ez-toc-page-1 ez-toc-heading-level-2'><a class=\"ez-toc-link ez-toc-heading-3\" href=\"https:\/\/idecesos.com\/seguros\/companias\/asociacion-europea\/repatriacion\/#Precio_de_seguro_de_decesos_Asociacion_Europea_con_repatriacion\" >Precio de seguro de decesos Asociaci\u00f3n Europea con repatriaci\u00f3n<\/a><\/li><li class='ez-toc-page-1 ez-toc-heading-level-2'><a class=\"ez-toc-link ez-toc-heading-4\" href=\"https:\/\/idecesos.com\/seguros\/companias\/asociacion-europea\/repatriacion\/#Productos_Repatriacion_Asociacion_Europea\" >Productos Repatriaci\u00f3n Asociaci\u00f3n Europea<\/a><\/li><li class='ez-toc-page-1 ez-toc-heading-level-2'><a class=\"ez-toc-link ez-toc-heading-5\" href=\"https:\/\/idecesos.com\/seguros\/companias\/asociacion-europea\/repatriacion\/#Opiniones_del_seguro_de_decesos_de_Repatriacion_de_Asociacion_Europea\" >Opiniones del seguro de decesos de Repatriaci\u00f3n de Asociaci\u00f3n Europea<\/a><\/li><\/ul><\/nav><\/div>\n\n<p>El seguro de repatriaci\u00f3n Asociaci\u00f3n Europea, adem\u00e1s de las coberturas b\u00e1sicas y las adicionales cuenta con este servicio. En los \u00faltimos tiempo cada persona que ha dejado atr\u00e1s su pa\u00eds de origen para lograr vivir en Espa\u00f1a, es uno de los pa\u00edses que m\u00e1s extranjero acoge a lo largo de los tiempos como en el caso de Ruman\u00eda 622555 o bien como puede ser en este caso Ecuador 415310. Jam\u00e1s sabemos que puede llegar a ocurrir a lo largo del futuro, con lo que se debe de ir preparando de manera continuada, para tenerlo todo bajo un control exhaustivo. Esta p\u00f3liza est\u00e1 desarrollada para todas aquellas personas que quieran a sus seres queridos y deseen brindarles esa tranquilidad, ya sea donde te encuentres en cualquier una parte del mundo, lo que te garantizar\u00e1 en el momento del \u00f3bito el servicio de repatriaci\u00f3n.<\/p>\n<p>Leer m\u00e1s: <a href=\"https:\/\/idecesos.com\/seguros\/tipo\/extranjeros-repatriacion\/\">Seguro de decesos con repatriaci\u00f3n<\/a><\/p>\n<div class=\"colorf \"  ><div class=\"container clearfix\"><div class=\"col-md-7\"><\/p>\n<h2><span class=\"ez-toc-section\" id=\"Coberturas_seguro_Asociacion_Europea_con_repatriacion\"><\/span>Coberturas seguro Asociaci\u00f3n Europea con repatriaci\u00f3n<span class=\"ez-toc-section-end\"><\/span><\/h2>\n<p>Las coberturas de decesos de repatriaci\u00f3n en Asociaci\u00f3n Europea es aquel seguro en el que vas a poder contar con garant\u00edas para todas y cada una aquellas personas extranjeras que radiquen en Espa\u00f1a, quedando cubierto todo los gastos del traslado, en el momento del \u00f3bito, siendo llevado sus restos mortales a su pa\u00eds de origen. Dentro de un conjunto de coberturas, hay uno de ellos que destaca por el servicio tan recordable con un uso de suma importancia. Esta cobertura se puede contratar por medio de un seguro de vida, seguros de salud, los seguros de viaje y seguros de decesos. Una de las cualidades para que tengas presente es que conseguir\u00e1s la contrataci\u00f3n del seguro de repatriaci\u00f3n de una forma m\u00e1s \u00fanica.<\/p>\n<p><\/div><\/div><\/div>\n<h3><span class=\"ez-toc-section\" id=\"%C2%BFA_quien_va_dirigido_el_seguro_de_decesos_con_repatriacion_de_Asociacion_Europea\"><\/span>\u00bfA qui\u00e9n va dirigido el seguro de decesos con repatriaci\u00f3n de Asociaci\u00f3n Europea?<span class=\"ez-toc-section-end\"><\/span><\/h3>\n<p>Es ideal para todas y cada una de las personas que vivan en cualquier una parte del mundo y desee dar serenidad a sus queridos en el instante que fallece, dentro del seguro de decesos de repatriaci\u00f3n de la Asociaci\u00f3n Europea, ser\u00e1 para todas y cada una aquellas personas que mueren y quieran llevar su cuerpo a su sitio de origen con este seguro va a tener todo bajo control. Uno de los objetivos principales m\u00e1s considerado es contar con la garant\u00eda de los abonos por el servicio funerario, as\u00ed sea en su sitio de nacimiento o si se halla en cualquier lugar del pa\u00eds. Toda vez que quede por hecho en la p\u00f3liza.<\/p>\n<div class=\"colorf \"  ><div class=\"container clearfix\"><div class=\"col-md-7\"><\/p>\n<h2><span class=\"ez-toc-section\" id=\"Precio_de_seguro_de_decesos_Asociacion_Europea_con_repatriacion\"><\/span>Precio de seguro de decesos Asociaci\u00f3n Europea con repatriaci\u00f3n<span class=\"ez-toc-section-end\"><\/span><\/h2>\n<p>El rango de precios del seguro de decesos repatriaci\u00f3n de la Asociaci\u00f3n Europea es desde 3,15\u20ac, se va a tomar en cuenta diferentes criterios para poder analizar el precio final del seguro. En caso de que suceda el fallecimiento fuera de su sitio de origen, con esta p\u00f3liza asegura la repatriaci\u00f3n del cuerpo a ciudad natal, asegurando todos los gastos como la documentaci\u00f3n pertinente. Una de las partes ha considerado parcialmente importe es conocer el precio al servicio funerario, ya sea en su sitio de origen o en cualquier lugar del planeta. En cuales vendr\u00e1n indicado dentro de cada p\u00f3liza. Otra ventaja que se agrega es que se puede pagar de diferentes modalidades, por lo que eso puede ayudar en los pagos.<\/p>\n<p><\/div><\/div><\/div>\n<h2><span class=\"ez-toc-section\" id=\"Productos_Repatriacion_Asociacion_Europea\"><\/span>Productos Repatriaci\u00f3n Asociaci\u00f3n Europea<span class=\"ez-toc-section-end\"><\/span><\/h2>\n<div class=\"colorf\"><div class=\"container clearfix\"><div class=\"col-md-7\"><div class=\"opiniones\">\n<h2><span class=\"ez-toc-section\" id=\"Opiniones_del_seguro_de_decesos_de_Repatriacion_de_Asociacion_Europea\"><\/span>Opiniones del seguro de decesos de Repatriaci\u00f3n de Asociaci\u00f3n Europea<span class=\"ez-toc-section-end\"><\/span><\/h2>\n<p>&nbsp;<\/p>\n<div class=\"opinion \"  >\n\t\t\t<div class=\"cabecera_opinion\">\n\t\t\t\t<div class=\"avatar\">X C <\/div>\n\t\t\t\t<div class=\"datos_opinion\">\n\t\t\t\t\t<div class=\"nombre_opinion\">Ximena Coll<\/div>\n\t\t\t\t\t<div class=\"info_opinion\">\t\t\t\t\t\t\n\t\t\t\t\t\t<div class=\"cuenta_opinion\"><i class=\"fas fa-pencil-alt\"><\/i><!--span class=\"dashicons dashicons-edit\" style=\"font-size:20px\"><\/span--><span>1 Opini\u00f3n<\/span><\/div>\t\t\t\t\t\t\n\t\t\t\t\t\t<div class=\"localizacion_opinion\">\n\t\t\t\t\t\t\t<i class=\"fas fa-map-marker-alt\"><\/i><!--span class=\"dashicons dashicons-location\" style=\"font-size:20px\"><\/span-->\n\t\t\t\t\t\t\t<span>ES<\/span>\n\t\t\t\t\t\t<\/div>\t\n\t\t\t\t\t<\/div>\n\t\t\t\t<\/div>\n\t\t\t<\/div><div class=\"texto_opinion\"><\/p>\n<p>Puedo decir con toda la seguridad que prestan uno de los mejores servicios tanto en calidad como en persona, gracias a la ayuda sicol\u00f3gica que recibimos el proceso result\u00f3 un m\u00e1s f\u00e1cil, adem\u00e1s de no tener que preocuparnos por ning\u00fan tr\u00e1mite administrativo. Adem\u00e1s de que no sucedi\u00f3 ning\u00fan problema, estuvimos respaldado 100 por ciento.<\/p>\n<p><\/div><\/div>\n<div class=\"opinion \"  >\n\t\t\t<div class=\"cabecera_opinion\">\n\t\t\t\t<div class=\"avatar\">C D L <\/div>\n\t\t\t\t<div class=\"datos_opinion\">\n\t\t\t\t\t<div class=\"nombre_opinion\">Calixta del Llobet<\/div>\n\t\t\t\t\t<div class=\"info_opinion\">\t\t\t\t\t\t\n\t\t\t\t\t\t<div class=\"cuenta_opinion\"><i class=\"fas fa-pencil-alt\"><\/i><!--span class=\"dashicons dashicons-edit\" style=\"font-size:20px\"><\/span--><span>1 Opini\u00f3n<\/span><\/div>\t\t\t\t\t\t\n\t\t\t\t\t\t<div class=\"localizacion_opinion\">\n\t\t\t\t\t\t\t<i class=\"fas fa-map-marker-alt\"><\/i><!--span class=\"dashicons dashicons-location\" style=\"font-size:20px\"><\/span-->\n\t\t\t\t\t\t\t<span>ES<\/span>\n\t\t\t\t\t\t<\/div>\t\n\t\t\t\t\t<\/div>\n\t\t\t\t<\/div>\n\t\t\t<\/div><div class=\"texto_opinion\"><\/p>\n<p>Realice el contrato con ellos ya que me dieron confianza y la seguridad de poder contar con sus servicios fuera de Espa\u00f1a, ya que era lo que buscaba, y se adapta perfectamente a mis circustancias, el servicio que recib\u00ed ha sido extraordinariamente, me aconsejan en todo momento y con calma, aparte de ello mi familia se va a poder sentir m\u00e1s tranquilo cada vez que realice alg\u00fan viaje. Solucionaron todo aquel problema que pudo acontecer, donde nos respaldaron en todo instante.<\/p>\n<p><\/div><\/div>\n<div class=\"opinion \"  >\n\t\t\t<div class=\"cabecera_opinion\">\n\t\t\t\t<div class=\"avatar\">S F <\/div>\n\t\t\t\t<div class=\"datos_opinion\">\n\t\t\t\t\t<div class=\"nombre_opinion\">Sosimo Ferr\u00e1ndiz<\/div>\n\t\t\t\t\t<div class=\"info_opinion\">\t\t\t\t\t\t\n\t\t\t\t\t\t<div class=\"cuenta_opinion\"><i class=\"fas fa-pencil-alt\"><\/i><!--span class=\"dashicons dashicons-edit\" style=\"font-size:20px\"><\/span--><span>1 Opini\u00f3n<\/span><\/div>\t\t\t\t\t\t\n\t\t\t\t\t\t<div class=\"localizacion_opinion\">\n\t\t\t\t\t\t\t<i class=\"fas fa-map-marker-alt\"><\/i><!--span class=\"dashicons dashicons-location\" style=\"font-size:20px\"><\/span-->\n\t\t\t\t\t\t\t<span>ES<\/span>\n\t\t\t\t\t\t<\/div>\t\n\t\t\t\t\t<\/div>\n\t\t\t\t<\/div>\n\t\t\t<\/div><div class=\"texto_opinion\"><\/p>\n<p>El marido de mi mejor amiga es consultor de Asociaci\u00f3n Europea con lo que adem\u00e1s de decirme todas las coberturas que contar\u00eda en la p\u00f3liza de repatriaci\u00f3n era todo lo que estaba buscando, ya que me hijo iba a viajar y precisaba contar con una calma tanto para \u00e9l como para mi, con lo que Asociaci\u00f3n Europea contaba con muy buena tarifa en el momento que realice el contrato.<\/p>\n<p><\/div><\/div>\n<\/div><\/div><\/div><\/div>\n<p><div class=\"oficinas\"><br \/>\n<!-- Shortcode [asociaci%c3%b3n-europea-hijas] does not exist --><\/p>\n<p><\/div> <h3>P\u00e1ginas relacionadas<\/h3><div class=\"enlazado\"><ul> <li><a href=\"https:\/\/idecesos.com\/seguros\/companias\/asociacion-europea\/opiniones\/\">Opiniones Asociaci\u00f3n Europea<\/a><\/li> <li><a href=\"https:\/\/idecesos.com\/seguros\/companias\/asociacion-europea\/precio\/\">Precio seguro Asociaci\u00f3n Europea<\/a><\/li> <li><a href=\"https:\/\/idecesos.com\/seguros\/companias\/asociacion-europea\/prima-mixta\/\">Asociaci\u00f3n Europea Prima Mixta<\/a><\/li> <li><a href=\"https:\/\/idecesos.com\/seguros\/companias\/asociacion-europea\/prima-natural\/\">Asociaci\u00f3n Europea Prima Natural<\/a><\/li> <li><a href=\"https:\/\/idecesos.com\/seguros\/companias\/asociacion-europea\/prima-nivelada\/\">Asociaci\u00f3n Europea Prima Nivelada<\/a><\/li> <li><a href=\"https:\/\/idecesos.com\/seguros\/companias\/asociacion-europea\/prima-unica\/\">Asociaci\u00f3n Europea Prima \u00danica<\/a><\/li> <li><a href=\"https:\/\/idecesos.com\/seguros\/companias\/asociacion-europea\/repatriacion\/\">Asociaci\u00f3n Europea Repatriaci\u00f3n<\/a><\/li> <li><a href=\"https:\/\/idecesos.com\/seguros\/companias\/asociacion-europea\/telefono\/\">Tel\u00e9fono Gratuito Asociaci\u00f3n Europea<\/a><\/li><\/ul><\/div><\/p>\n","protected":false},"excerpt":{"rendered":"<p>El seguro de repatriaci\u00f3n Asociaci\u00f3n Europea, adem\u00e1s de las coberturas b\u00e1sicas y las adicionales cuenta con este servicio. En los \u00faltimos tiempo cada persona que ha dejado atr\u00e1s su pa\u00eds de origen para lograr vivir en Espa\u00f1a, es uno de los pa\u00edses que m\u00e1s extranjero acoge a lo largo de los tiempos como en el&hellip; <\/p>\n","protected":false},"author":3,"featured_media":0,"parent":6000,"menu_order":0,"comment_status":"closed","ping_status":"closed","template":"single.php","meta":{"footnotes":""},"class_list":["post-11702","page","type-page","status-publish","hentry"],"yoast_head":"<!-- This site is optimized with the Yoast SEO plugin v27.5 - https:\/\/yoast.com\/product\/yoast-seo-wordpress\/ -->\n<title>Seguro Decesos Asociaci\u00f3n Europea Repatriaci\u00f3n \u25b7 Opiniones y Precio 2026<\/title>\n<meta name=\"description\" content=\"Click aqu\u00ed \u3010Seguro de Decesos con repatriaci\u00f3n Asociaci\u00f3n Europea\u3011 Mejores precios Asociaci\u00f3n Europea seguro de fallecidos con repatriaci\u00f3n \u2611\ufe0f Actualizado por iDecesos\u00ae\" \/>\n<meta name=\"robots\" content=\"index, follow, max-snippet:-1, max-image-preview:large, max-video-preview:-1\" \/>\n<link rel=\"canonical\" href=\"https:\/\/idecesos.com\/seguros\/companias\/asociacion-europea\/repatriacion\/\" \/>\n<meta property=\"og:locale\" content=\"es_ES\" \/>\n<meta property=\"og:type\" content=\"article\" \/>\n<meta property=\"og:title\" content=\"Seguro Decesos Asociaci\u00f3n Europea Repatriaci\u00f3n \u25b7 Opiniones y Precio 2026\" \/>\n<meta property=\"og:description\" content=\"Click aqu\u00ed \u3010Seguro de Decesos con repatriaci\u00f3n Asociaci\u00f3n Europea\u3011 Mejores precios Asociaci\u00f3n Europea seguro de fallecidos con repatriaci\u00f3n \u2611\ufe0f Actualizado por iDecesos\u00ae\" \/>\n<meta property=\"og:url\" content=\"https:\/\/idecesos.com\/seguros\/companias\/asociacion-europea\/repatriacion\/\" \/>\n<meta property=\"article:modified_time\" content=\"2022-04-05T09:42:41+00:00\" \/>\n<meta name=\"twitter:card\" content=\"summary_large_image\" \/>\n<meta name=\"twitter:label1\" content=\"Tiempo de lectura\" \/>\n\t<meta name=\"twitter:data1\" content=\"4 minutos\" \/>\n<script type=\"application\/ld+json\" class=\"yoast-schema-graph\">{\"@context\":\"https:\\\/\\\/schema.org\",\"@graph\":[{\"@type\":\"WebPage\",\"@id\":\"https:\\\/\\\/idecesos.com\\\/seguros\\\/companias\\\/asociacion-europea\\\/repatriacion\\\/\",\"url\":\"https:\\\/\\\/idecesos.com\\\/seguros\\\/companias\\\/asociacion-europea\\\/repatriacion\\\/\",\"name\":\"Seguro Decesos Asociaci\u00f3n Europea Repatriaci\u00f3n \u25b7 Opiniones y Precio 2026\",\"isPartOf\":{\"@id\":\"https:\\\/\\\/idecesos.com\\\/seguros\\\/#website\"},\"datePublished\":\"2021-11-22T00:00:00+00:00\",\"dateModified\":\"2022-04-05T09:42:41+00:00\",\"description\":\"Click aqu\u00ed \u3010Seguro de Decesos con repatriaci\u00f3n Asociaci\u00f3n Europea\u3011 Mejores precios Asociaci\u00f3n Europea seguro de fallecidos con repatriaci\u00f3n \u2611\ufe0f Actualizado por iDecesos\u00ae\",\"breadcrumb\":{\"@id\":\"https:\\\/\\\/idecesos.com\\\/seguros\\\/companias\\\/asociacion-europea\\\/repatriacion\\\/#breadcrumb\"},\"inLanguage\":\"es\",\"potentialAction\":[{\"@type\":\"ReadAction\",\"target\":[\"https:\\\/\\\/idecesos.com\\\/seguros\\\/companias\\\/asociacion-europea\\\/repatriacion\\\/\"]}]},{\"@type\":\"BreadcrumbList\",\"@id\":\"https:\\\/\\\/idecesos.com\\\/seguros\\\/companias\\\/asociacion-europea\\\/repatriacion\\\/#breadcrumb\",\"itemListElement\":[{\"@type\":\"ListItem\",\"position\":1,\"name\":\"Portada\",\"item\":\"https:\\\/\\\/idecesos.com\\\/seguros\\\/\"},{\"@type\":\"ListItem\",\"position\":2,\"name\":\"Compa\u00f1\u00edas de Seguros de Decesos en Espa\u00f1a\",\"item\":\"https:\\\/\\\/idecesos.com\\\/seguros\\\/companias\\\/\"},{\"@type\":\"ListItem\",\"position\":3,\"name\":\"Seguro de Decesos Asociaci\u00f3n Europea\",\"item\":\"https:\\\/\\\/idecesos.com\\\/seguros\\\/companias\\\/asociacion-europea\\\/\"},{\"@type\":\"ListItem\",\"position\":4,\"name\":\"Seguro de decesos Asociaci\u00f3n Europea con repatriaci\u00f3n\"}]},{\"@type\":\"WebSite\",\"@id\":\"https:\\\/\\\/idecesos.com\\\/seguros\\\/#website\",\"url\":\"https:\\\/\\\/idecesos.com\\\/seguros\\\/\",\"name\":\"\",\"description\":\"\",\"potentialAction\":[{\"@type\":\"SearchAction\",\"target\":{\"@type\":\"EntryPoint\",\"urlTemplate\":\"https:\\\/\\\/idecesos.com\\\/seguros\\\/?s={search_term_string}\"},\"query-input\":{\"@type\":\"PropertyValueSpecification\",\"valueRequired\":true,\"valueName\":\"search_term_string\"}}],\"inLanguage\":\"es\"}]}<\/script>\n<!-- \/ Yoast SEO plugin. -->","yoast_head_json":{"title":"Seguro Decesos Asociaci\u00f3n Europea Repatriaci\u00f3n \u25b7 Opiniones y Precio 2026","description":"Click aqu\u00ed \u3010Seguro de Decesos con repatriaci\u00f3n Asociaci\u00f3n Europea\u3011 Mejores precios Asociaci\u00f3n Europea seguro de fallecidos con repatriaci\u00f3n \u2611\ufe0f Actualizado por iDecesos\u00ae","robots":{"index":"index","follow":"follow","max-snippet":"max-snippet:-1","max-image-preview":"max-image-preview:large","max-video-preview":"max-video-preview:-1"},"canonical":"https:\/\/idecesos.com\/seguros\/companias\/asociacion-europea\/repatriacion\/","og_locale":"es_ES","og_type":"article","og_title":"Seguro Decesos Asociaci\u00f3n Europea Repatriaci\u00f3n \u25b7 Opiniones y Precio 2026","og_description":"Click aqu\u00ed \u3010Seguro de Decesos con repatriaci\u00f3n Asociaci\u00f3n Europea\u3011 Mejores precios Asociaci\u00f3n Europea seguro de fallecidos con repatriaci\u00f3n \u2611\ufe0f Actualizado por iDecesos\u00ae","og_url":"https:\/\/idecesos.com\/seguros\/companias\/asociacion-europea\/repatriacion\/","article_modified_time":"2022-04-05T09:42:41+00:00","twitter_card":"summary_large_image","twitter_misc":{"Tiempo de lectura":"4 minutos"},"schema":{"@context":"https:\/\/schema.org","@graph":[{"@type":"WebPage","@id":"https:\/\/idecesos.com\/seguros\/companias\/asociacion-europea\/repatriacion\/","url":"https:\/\/idecesos.com\/seguros\/companias\/asociacion-europea\/repatriacion\/","name":"Seguro Decesos Asociaci\u00f3n Europea Repatriaci\u00f3n \u25b7 Opiniones y Precio 2026","isPartOf":{"@id":"https:\/\/idecesos.com\/seguros\/#website"},"datePublished":"2021-11-22T00:00:00+00:00","dateModified":"2022-04-05T09:42:41+00:00","description":"Click aqu\u00ed \u3010Seguro de Decesos con repatriaci\u00f3n Asociaci\u00f3n Europea\u3011 Mejores precios Asociaci\u00f3n Europea seguro de fallecidos con repatriaci\u00f3n \u2611\ufe0f Actualizado por iDecesos\u00ae","breadcrumb":{"@id":"https:\/\/idecesos.com\/seguros\/companias\/asociacion-europea\/repatriacion\/#breadcrumb"},"inLanguage":"es","potentialAction":[{"@type":"ReadAction","target":["https:\/\/idecesos.com\/seguros\/companias\/asociacion-europea\/repatriacion\/"]}]},{"@type":"BreadcrumbList","@id":"https:\/\/idecesos.com\/seguros\/companias\/asociacion-europea\/repatriacion\/#breadcrumb","itemListElement":[{"@type":"ListItem","position":1,"name":"Portada","item":"https:\/\/idecesos.com\/seguros\/"},{"@type":"ListItem","position":2,"name":"Compa\u00f1\u00edas de Seguros de Decesos en Espa\u00f1a","item":"https:\/\/idecesos.com\/seguros\/companias\/"},{"@type":"ListItem","position":3,"name":"Seguro de Decesos Asociaci\u00f3n Europea","item":"https:\/\/idecesos.com\/seguros\/companias\/asociacion-europea\/"},{"@type":"ListItem","position":4,"name":"Seguro de decesos Asociaci\u00f3n Europea con repatriaci\u00f3n"}]},{"@type":"WebSite","@id":"https:\/\/idecesos.com\/seguros\/#website","url":"https:\/\/idecesos.com\/seguros\/","name":"","description":"","potentialAction":[{"@type":"SearchAction","target":{"@type":"EntryPoint","urlTemplate":"https:\/\/idecesos.com\/seguros\/?s={search_term_string}"},"query-input":{"@type":"PropertyValueSpecification","valueRequired":true,"valueName":"search_term_string"}}],"inLanguage":"es"}]}},"_links":{"self":[{"href":"https:\/\/idecesos.com\/seguros\/wp-json\/wp\/v2\/pages\/11702","targetHints":{"allow":["GET"]}}],"collection":[{"href":"https:\/\/idecesos.com\/seguros\/wp-json\/wp\/v2\/pages"}],"about":[{"href":"https:\/\/idecesos.com\/seguros\/wp-json\/wp\/v2\/types\/page"}],"author":[{"embeddable":true,"href":"https:\/\/idecesos.com\/seguros\/wp-json\/wp\/v2\/users\/3"}],"replies":[{"embeddable":true,"href":"https:\/\/idecesos.com\/seguros\/wp-json\/wp\/v2\/comments?post=11702"}],"version-history":[{"count":2,"href":"https:\/\/idecesos.com\/seguros\/wp-json\/wp\/v2\/pages\/11702\/revisions"}],"predecessor-version":[{"id":20962,"href":"https:\/\/idecesos.com\/seguros\/wp-json\/wp\/v2\/pages\/11702\/revisions\/20962"}],"up":[{"embeddable":true,"href":"https:\/\/idecesos.com\/seguros\/wp-json\/wp\/v2\/pages\/6000"}],"wp:attachment":[{"href":"https:\/\/idecesos.com\/seguros\/wp-json\/wp\/v2\/media?parent=11702"}],"curies":[{"name":"wp","href":"https:\/\/api.w.org\/{rel}","templated":true}]}}