{"id":11707,"date":"2021-11-22T00:00:00","date_gmt":"2021-11-22T00:00:00","guid":{"rendered":"https:\/\/idecesos.com\/seguros\/?page_id=11707"},"modified":"2022-04-05T10:01:04","modified_gmt":"2022-04-05T10:01:04","slug":"prima-mixta","status":"publish","type":"page","link":"https:\/\/idecesos.com\/seguros\/companias\/purisima\/prima-mixta\/","title":{"rendered":"Seguro de decesos Pur\u00edsima Prima Mixta"},"content":{"rendered":"<div id=\"ez-toc-container\" class=\"ez-toc-v2_0_82_2 ez-toc-wrap-center counter-hierarchy ez-toc-counter ez-toc-custom ez-toc-container-direction\">\n<div class=\"ez-toc-title-container\">\n<p class=\"ez-toc-title\" style=\"cursor:inherit\">Tabla de Contenido<\/p>\n<span class=\"ez-toc-title-toggle\"><a href=\"#\" class=\"ez-toc-pull-right ez-toc-btn ez-toc-btn-xs ez-toc-btn-default ez-toc-toggle\" aria-label=\"Alternar tabla de contenidos\"><span class=\"ez-toc-js-icon-con\"><span class=\"\"><span class=\"eztoc-hide\" style=\"display:none;\">Toggle<\/span><span class=\"ez-toc-icon-toggle-span\"><svg style=\"fill: #db6415;color:#db6415\" xmlns=\"http:\/\/www.w3.org\/2000\/svg\" class=\"list-377408\" width=\"20px\" height=\"20px\" viewBox=\"0 0 24 24\" fill=\"none\"><path d=\"M6 6H4v2h2V6zm14 0H8v2h12V6zM4 11h2v2H4v-2zm16 0H8v2h12v-2zM4 16h2v2H4v-2zm16 0H8v2h12v-2z\" fill=\"currentColor\"><\/path><\/svg><svg style=\"fill: #db6415;color:#db6415\" class=\"arrow-unsorted-368013\" xmlns=\"http:\/\/www.w3.org\/2000\/svg\" width=\"10px\" height=\"10px\" viewBox=\"0 0 24 24\" version=\"1.2\" baseProfile=\"tiny\"><path d=\"M18.2 9.3l-6.2-6.3-6.2 6.3c-.2.2-.3.4-.3.7s.1.5.3.7c.2.2.4.3.7.3h11c.3 0 .5-.1.7-.3.2-.2.3-.5.3-.7s-.1-.5-.3-.7zM5.8 14.7l6.2 6.3 6.2-6.3c.2-.2.3-.5.3-.7s-.1-.5-.3-.7c-.2-.2-.4-.3-.7-.3h-11c-.3 0-.5.1-.7.3-.2.2-.3.5-.3.7s.1.5.3.7z\"\/><\/svg><\/span><\/span><\/span><\/a><\/span><\/div>\n<nav><ul class='ez-toc-list ez-toc-list-level-1 ' ><li class='ez-toc-page-1 ez-toc-heading-level-2'><a class=\"ez-toc-link ez-toc-heading-1\" href=\"https:\/\/idecesos.com\/seguros\/companias\/purisima\/prima-mixta\/#Coberturas_seguro_Prima_Mixta_Purisima\" >Coberturas seguro Prima Mixta Pur\u00edsima<\/a><ul class='ez-toc-list-level-3' ><li class='ez-toc-heading-level-3'><a class=\"ez-toc-link ez-toc-heading-2\" href=\"https:\/\/idecesos.com\/seguros\/companias\/purisima\/prima-mixta\/#%C2%BFA_quien_va_dirigido_el_seguro_de_decesos_Prima_Mixta_de_Purisima\" >\u00bfA qui\u00e9n va dirigido el seguro de decesos Prima Mixta de Pur\u00edsima?<\/a><\/li><\/ul><\/li><li class='ez-toc-page-1 ez-toc-heading-level-2'><a class=\"ez-toc-link ez-toc-heading-3\" href=\"https:\/\/idecesos.com\/seguros\/companias\/purisima\/prima-mixta\/#Precio_de_seguro_de_decesos_Prima_Mixta_Purisima\" >Precio de seguro de decesos Prima Mixta Pur\u00edsima<\/a><\/li><li class='ez-toc-page-1 ez-toc-heading-level-2'><a class=\"ez-toc-link ez-toc-heading-4\" href=\"https:\/\/idecesos.com\/seguros\/companias\/purisima\/prima-mixta\/#Productos_Prima_Mixta_Purisima\" >Productos Prima Mixta Pur\u00edsima<\/a><\/li><li class='ez-toc-page-1 ez-toc-heading-level-2'><a class=\"ez-toc-link ez-toc-heading-5\" href=\"https:\/\/idecesos.com\/seguros\/companias\/purisima\/prima-mixta\/#Opiniones_del_seguro_de_decesos_de_Prima_Mixta_de_Purisima\" >Opiniones del seguro de decesos de Prima Mixta de Pur\u00edsima<\/a><ul class='ez-toc-list-level-3' ><li class='ez-toc-heading-level-3'><a class=\"ez-toc-link ez-toc-heading-6\" href=\"https:\/\/idecesos.com\/seguros\/companias\/purisima\/prima-mixta\/#Paginas_relacionadas\" >P\u00e1ginas relacionadas<\/a><\/li><\/ul><\/li><\/ul><\/nav><\/div>\n\n<p>El seguro de prima mixta Pur\u00edsima es la combinaci\u00f3n de la prima natural y la prima nivelada. Cuando se llega a una edad determinada la p\u00f3liza quedar\u00e1 estable, merced a ello el abono de esto no resultar\u00e1 de forma bastante dif\u00edcil de aceptar, ser\u00e1 m\u00e1s asequible seguir pagando la prima mixta de Pur\u00edsima. Se va a tomar como un gasto fijo ya que permanecer\u00e1 siempre y en toda circunstancia del mismo pago.<\/p>\n<p>Leer m\u00e1s: <a href=\"https:\/\/idecesos.com\/seguros\/tipo\/mixta\/\">Seguro de decesos Prima Mixta<\/a><\/p>\n<div class=\"colorf \"  ><div class=\"container clearfix\"><div class=\"col-md-7\"><\/p>\n<h2><span class=\"ez-toc-section\" id=\"Coberturas_seguro_Prima_Mixta_Purisima\"><\/span>Coberturas seguro Prima Mixta Pur\u00edsima<span class=\"ez-toc-section-end\"><\/span><\/h2>\n<p>Pur\u00edsima da cobertura de la prima mixta que cubre todo el tr\u00e1mite del sepelio de forma 100 por ciento completa. La principales coberturas de servicio funerario son un excelente servicio de asistencia y puesta en marcha para la administraci\u00f3n de un deceso, con un servicio de desplazamiento perfecto con su veh\u00edculo l\u00fagubre de gama alta y chofer profesional, tanatorio donde se adecuar\u00e1 el cad\u00e1ver para una presentaci\u00f3n ante los familiares y allegados limpia. Tambi\u00e9n va a haber personal que resolver\u00e1 todas las dudas a los familiares y les guiar\u00e1n de los horarios, y tambi\u00e9n notificar\u00e1n a todo el mundo que pregunten donde es el velorio del difunto, en la cobertura de servicio mortuorio viene incluyendo el acto religioso, esquela y todos los suministros precisos para que se ejecuten todos con el m\u00e1ximo rigor (necrol\u00f3gicas, corona de flores, ata\u00fad en el caso de inhumaci\u00f3n, urna si se quiere la cremaci\u00f3n entre otros). Se puede destacar que el servicio se va a dar ajust\u00e1ndose a las costumbres y gustos locales y de los familiares en el capital asegurado.<\/p>\n<p><\/div><\/div><\/div>\n<h3><span class=\"ez-toc-section\" id=\"%C2%BFA_quien_va_dirigido_el_seguro_de_decesos_Prima_Mixta_de_Purisima\"><\/span>\u00bfA qui\u00e9n va dirigido el seguro de decesos Prima Mixta de Pur\u00edsima?<span class=\"ez-toc-section-end\"><\/span><\/h3>\n<p>En Pur\u00edsima el servicio m\u00e1s contratado es el seguro de prima mixta, lo acostumbra a obtener personas j\u00f3venes o familiares ya que el pago resulta considerablemente m\u00e1s econ\u00f3mico y rentable. Adem\u00e1s de esto, suelen ser familias que le dan un empleo intenso a los servicios a\u00f1adidos que ofrece la p\u00f3liza de prima mixta de Pur\u00edsima.<\/p>\n<div class=\"colorf \"  ><div class=\"container clearfix\"><div class=\"col-md-7\"><\/p>\n<h2><span class=\"ez-toc-section\" id=\"Precio_de_seguro_de_decesos_Prima_Mixta_Purisima\"><\/span>Precio de seguro de decesos Prima Mixta Pur\u00edsima<span class=\"ez-toc-section-end\"><\/span><\/h2>\n<p>Pur\u00edsima seguro de decesos prima mixta su coste es 1,99\u20ac mensual. Para su c\u00e1lculo hemos tenido en cuenta a una persona adolescente y una localidad con el coste m\u00e1s econ\u00f3mico del servicio funerario de Espa\u00f1a. A nivel nacional queda contrastada que el mejor seguro de decesos de prima mixta Pur\u00edsima es de las m\u00e1s asequibles. Para un mayor an\u00e1lisis de comparaci\u00f3n de los precios de Pur\u00edsima del seguro de decesos de prima mixta respecto a otra compa\u00f1\u00eda aseguradora, gracias a iDecesos vas a tener la informaci\u00f3n en menos de 1 minuto.<\/p>\n<p><\/div><\/div><\/div>\n<h2><span class=\"ez-toc-section\" id=\"Productos_Prima_Mixta_Purisima\"><\/span>Productos Prima Mixta Pur\u00edsima<span class=\"ez-toc-section-end\"><\/span><\/h2>\n<div class=\"colorf\"><div class=\"container clearfix\"><div class=\"col-md-7\"><div class=\"opiniones\">\n<h2><span class=\"ez-toc-section\" id=\"Opiniones_del_seguro_de_decesos_de_Prima_Mixta_de_Purisima\"><\/span>Opiniones del seguro de decesos de Prima Mixta de Pur\u00edsima<span class=\"ez-toc-section-end\"><\/span><\/h2>\n<p>Las creencias de los especialistas m\u00e1s reconocidos de iDecesos son muy buenas con respecto al seguro de decesos de prima mixta de Pur\u00edsima. Hemos llevado a cabo una investigaci\u00f3n previo muy a fondo de las condiciones que contempla dentro del seguro de decesos de prima mixta entro de Pur\u00edsima con lo que cuenta con una valoraci\u00f3n positiva.<\/p>\n<div class=\"opinion \"  >\n\t\t\t<div class=\"cabecera_opinion\">\n\t\t\t\t<div class=\"avatar\">E M <\/div>\n\t\t\t\t<div class=\"datos_opinion\">\n\t\t\t\t\t<div class=\"nombre_opinion\">Emily Mariko<\/div>\n\t\t\t\t\t<div class=\"info_opinion\">\t\t\t\t\t\t\n\t\t\t\t\t\t<div class=\"cuenta_opinion\"><i class=\"fas fa-pencil-alt\"><\/i><!--span class=\"dashicons dashicons-edit\" style=\"font-size:20px\"><\/span--><span>1 Opini\u00f3n<\/span><\/div>\t\t\t\t\t\t\n\t\t\t\t\t\t<div class=\"localizacion_opinion\">\n\t\t\t\t\t\t\t<i class=\"fas fa-map-marker-alt\"><\/i><!--span class=\"dashicons dashicons-location\" style=\"font-size:20px\"><\/span-->\n\t\t\t\t\t\t\t<span>ES<\/span>\n\t\t\t\t\t\t<\/div>\t\n\t\t\t\t\t<\/div>\n\t\t\t\t<\/div>\n\t\t\t<\/div><div class=\"texto_opinion\"><\/p>\n<p>No tengo palabras de agradecimiento para Pur\u00edsima por el servicio ofrecido por su seguro de prima Mixta.<\/p>\n<p><\/div><\/div>\n<div class=\"opinion \"  >\n\t\t\t<div class=\"cabecera_opinion\">\n\t\t\t\t<div class=\"avatar\">C D L <\/div>\n\t\t\t\t<div class=\"datos_opinion\">\n\t\t\t\t\t<div class=\"nombre_opinion\">Calixta del Llobet<\/div>\n\t\t\t\t\t<div class=\"info_opinion\">\t\t\t\t\t\t\n\t\t\t\t\t\t<div class=\"cuenta_opinion\"><i class=\"fas fa-pencil-alt\"><\/i><!--span class=\"dashicons dashicons-edit\" style=\"font-size:20px\"><\/span--><span>1 Opini\u00f3n<\/span><\/div>\t\t\t\t\t\t\n\t\t\t\t\t\t<div class=\"localizacion_opinion\">\n\t\t\t\t\t\t\t<i class=\"fas fa-map-marker-alt\"><\/i><!--span class=\"dashicons dashicons-location\" style=\"font-size:20px\"><\/span-->\n\t\t\t\t\t\t\t<span>ES<\/span>\n\t\t\t\t\t\t<\/div>\t\n\t\t\t\t\t<\/div>\n\t\t\t\t<\/div>\n\t\t\t<\/div><div class=\"texto_opinion\"><\/p>\n<p>Tengo despu\u00e9s de la muerte de mi madre, tengo la mejor opini\u00f3n del seguro de decesos de prima Mixta de Pur\u00edsima, por el hecho de que nos trataron de forma deliciosa y profesional.<\/p>\n<p><\/div><\/div>\n<div class=\"opinion \"  >\n\t\t\t<div class=\"cabecera_opinion\">\n\t\t\t\t<div class=\"avatar\">S A <\/div>\n\t\t\t\t<div class=\"datos_opinion\">\n\t\t\t\t\t<div class=\"nombre_opinion\">Samuel Ayll\u00f3n<\/div>\n\t\t\t\t\t<div class=\"info_opinion\">\t\t\t\t\t\t\n\t\t\t\t\t\t<div class=\"cuenta_opinion\"><i class=\"fas fa-pencil-alt\"><\/i><!--span class=\"dashicons dashicons-edit\" style=\"font-size:20px\"><\/span--><span>1 Opini\u00f3n<\/span><\/div>\t\t\t\t\t\t\n\t\t\t\t\t\t<div class=\"localizacion_opinion\">\n\t\t\t\t\t\t\t<i class=\"fas fa-map-marker-alt\"><\/i><!--span class=\"dashicons dashicons-location\" style=\"font-size:20px\"><\/span-->\n\t\t\t\t\t\t\t<span>ES<\/span>\n\t\t\t\t\t\t<\/div>\t\n\t\t\t\t\t<\/div>\n\t\t\t\t<\/div>\n\t\t\t<\/div><div class=\"texto_opinion\"><\/p>\n<p>Cuando decimos realizar la contrataci\u00f3n con Pur\u00edsima nos notificaron que al ser j\u00f3venes la tarifa era m\u00e1s econ\u00f3mica, m\u00e1s Pur\u00edsima considera que llegando a una cierta edad, se debe aumentar el pago debido que puede haber mayor riesgo. Todav\u00eda as\u00ed el trato que recib\u00ed me qued\u00e9 content\u00edsima.<\/p>\n<p><\/div><\/div>\n<\/div><\/div><\/div><\/div>\n<p><div class=\"oficinas\"><br \/>\n<!-- Shortcode [pur%c3%adsima-hijas] does not exist --><\/p>\n<p><\/div> <h3><span class=\"ez-toc-section\" id=\"Paginas_relacionadas\"><\/span>P\u00e1ginas relacionadas<span class=\"ez-toc-section-end\"><\/span><\/h3><div class=\"enlazado\"><ul> <li><a href=\"https:\/\/idecesos.com\/seguros\/companias\/purisima\/opiniones\/\">Opiniones Pur\u00edsima<\/a><\/li> <li><a href=\"https:\/\/idecesos.com\/seguros\/companias\/purisima\/precio\/\">Precio seguro Pur\u00edsima<\/a><\/li> <li><a href=\"https:\/\/idecesos.com\/seguros\/companias\/purisima\/prima-mixta\/\">Pur\u00edsima Prima Mixta<\/a><\/li> <li><a href=\"https:\/\/idecesos.com\/seguros\/companias\/purisima\/prima-natural\/\">Pur\u00edsima Prima Natural<\/a><\/li> <li><a href=\"https:\/\/idecesos.com\/seguros\/companias\/purisima\/prima-nivelada\/\">Pur\u00edsima Prima Nivelada<\/a><\/li> <li><a href=\"https:\/\/idecesos.com\/seguros\/companias\/purisima\/prima-unica\/\">Pur\u00edsima Prima \u00danica<\/a><\/li> <li><a href=\"https:\/\/idecesos.com\/seguros\/companias\/purisima\/repatriacion\/\">Pur\u00edsima Repatriaci\u00f3n<\/a><\/li> <li><a href=\"https:\/\/idecesos.com\/seguros\/companias\/purisima\/telefono\/\">Tel\u00e9fono Gratuito Pur\u00edsima<\/a><\/li><\/ul><\/div><\/p>\n","protected":false},"excerpt":{"rendered":"<p>El seguro de prima mixta Pur\u00edsima es la combinaci\u00f3n de la prima natural y la prima nivelada. Cuando se llega a una edad determinada la p\u00f3liza quedar\u00e1 estable, merced a ello el abono de esto no resultar\u00e1 de forma bastante dif\u00edcil de aceptar, ser\u00e1 m\u00e1s asequible seguir pagando la prima mixta de Pur\u00edsima. Se va&hellip; <\/p>\n","protected":false},"author":3,"featured_media":0,"parent":6005,"menu_order":0,"comment_status":"closed","ping_status":"closed","template":"single.php","meta":{"footnotes":""},"class_list":["post-11707","page","type-page","status-publish","hentry"],"yoast_head":"<!-- This site is optimized with the Yoast SEO plugin v27.3 - https:\/\/yoast.com\/product\/yoast-seo-wordpress\/ -->\n<title>Seguro Decesos Pur\u00edsima Prima Mixta \u25b7 Opiniones y Precio 2026<\/title>\n<meta name=\"description\" content=\"Click aqu\u00ed \u3010Seguro de Decesos Prima Mixta Pur\u00edsima\u3011 Mejores precios Pur\u00edsima seguro de fallecidos Prima Mixta \u2611\ufe0f Actualizado por iDecesos\u00ae\" \/>\n<meta name=\"robots\" content=\"index, follow, max-snippet:-1, max-image-preview:large, max-video-preview:-1\" \/>\n<link rel=\"canonical\" href=\"https:\/\/idecesos.com\/seguros\/companias\/purisima\/prima-mixta\/\" \/>\n<meta property=\"og:locale\" content=\"es_ES\" \/>\n<meta property=\"og:type\" content=\"article\" \/>\n<meta property=\"og:title\" content=\"Seguro Decesos Pur\u00edsima Prima Mixta \u25b7 Opiniones y Precio 2026\" \/>\n<meta property=\"og:description\" content=\"Click aqu\u00ed \u3010Seguro de Decesos Prima Mixta Pur\u00edsima\u3011 Mejores precios Pur\u00edsima seguro de fallecidos Prima Mixta \u2611\ufe0f Actualizado por iDecesos\u00ae\" \/>\n<meta property=\"og:url\" content=\"https:\/\/idecesos.com\/seguros\/companias\/purisima\/prima-mixta\/\" \/>\n<meta property=\"article:modified_time\" content=\"2022-04-05T10:01:04+00:00\" \/>\n<meta name=\"twitter:card\" content=\"summary_large_image\" \/>\n<meta name=\"twitter:label1\" content=\"Tiempo de lectura\" \/>\n\t<meta name=\"twitter:data1\" content=\"54 minutos\" \/>\n<script type=\"application\/ld+json\" class=\"yoast-schema-graph\">{\"@context\":\"https:\\\/\\\/schema.org\",\"@graph\":[{\"@type\":\"WebPage\",\"@id\":\"https:\\\/\\\/idecesos.com\\\/seguros\\\/companias\\\/purisima\\\/prima-mixta\\\/\",\"url\":\"https:\\\/\\\/idecesos.com\\\/seguros\\\/companias\\\/purisima\\\/prima-mixta\\\/\",\"name\":\"Seguro Decesos Pur\u00edsima Prima Mixta \u25b7 Opiniones y Precio 2026\",\"isPartOf\":{\"@id\":\"https:\\\/\\\/idecesos.com\\\/seguros\\\/#website\"},\"datePublished\":\"2021-11-22T00:00:00+00:00\",\"dateModified\":\"2022-04-05T10:01:04+00:00\",\"description\":\"Click aqu\u00ed \u3010Seguro de Decesos Prima Mixta Pur\u00edsima\u3011 Mejores precios Pur\u00edsima seguro de fallecidos Prima Mixta \u2611\ufe0f Actualizado por iDecesos\u00ae\",\"breadcrumb\":{\"@id\":\"https:\\\/\\\/idecesos.com\\\/seguros\\\/companias\\\/purisima\\\/prima-mixta\\\/#breadcrumb\"},\"inLanguage\":\"es\",\"potentialAction\":[{\"@type\":\"ReadAction\",\"target\":[\"https:\\\/\\\/idecesos.com\\\/seguros\\\/companias\\\/purisima\\\/prima-mixta\\\/\"]}]},{\"@type\":\"BreadcrumbList\",\"@id\":\"https:\\\/\\\/idecesos.com\\\/seguros\\\/companias\\\/purisima\\\/prima-mixta\\\/#breadcrumb\",\"itemListElement\":[{\"@type\":\"ListItem\",\"position\":1,\"name\":\"Portada\",\"item\":\"https:\\\/\\\/idecesos.com\\\/seguros\\\/\"},{\"@type\":\"ListItem\",\"position\":2,\"name\":\"Compa\u00f1\u00edas de Seguros de Decesos en Espa\u00f1a\",\"item\":\"https:\\\/\\\/idecesos.com\\\/seguros\\\/companias\\\/\"},{\"@type\":\"ListItem\",\"position\":3,\"name\":\"Seguro de Decesos Pur\u00edsima\",\"item\":\"https:\\\/\\\/idecesos.com\\\/seguros\\\/companias\\\/purisima\\\/\"},{\"@type\":\"ListItem\",\"position\":4,\"name\":\"Seguro de decesos Pur\u00edsima Prima Mixta\"}]},{\"@type\":\"WebSite\",\"@id\":\"https:\\\/\\\/idecesos.com\\\/seguros\\\/#website\",\"url\":\"https:\\\/\\\/idecesos.com\\\/seguros\\\/\",\"name\":\"\",\"description\":\"\",\"potentialAction\":[{\"@type\":\"SearchAction\",\"target\":{\"@type\":\"EntryPoint\",\"urlTemplate\":\"https:\\\/\\\/idecesos.com\\\/seguros\\\/?s={search_term_string}\"},\"query-input\":{\"@type\":\"PropertyValueSpecification\",\"valueRequired\":true,\"valueName\":\"search_term_string\"}}],\"inLanguage\":\"es\"}]}<\/script>\n<!-- \/ Yoast SEO plugin. -->","yoast_head_json":{"title":"Seguro Decesos Pur\u00edsima Prima Mixta \u25b7 Opiniones y Precio 2026","description":"Click aqu\u00ed \u3010Seguro de Decesos Prima Mixta Pur\u00edsima\u3011 Mejores precios Pur\u00edsima seguro de fallecidos Prima Mixta \u2611\ufe0f Actualizado por iDecesos\u00ae","robots":{"index":"index","follow":"follow","max-snippet":"max-snippet:-1","max-image-preview":"max-image-preview:large","max-video-preview":"max-video-preview:-1"},"canonical":"https:\/\/idecesos.com\/seguros\/companias\/purisima\/prima-mixta\/","og_locale":"es_ES","og_type":"article","og_title":"Seguro Decesos Pur\u00edsima Prima Mixta \u25b7 Opiniones y Precio 2026","og_description":"Click aqu\u00ed \u3010Seguro de Decesos Prima Mixta Pur\u00edsima\u3011 Mejores precios Pur\u00edsima seguro de fallecidos Prima Mixta \u2611\ufe0f Actualizado por iDecesos\u00ae","og_url":"https:\/\/idecesos.com\/seguros\/companias\/purisima\/prima-mixta\/","article_modified_time":"2022-04-05T10:01:04+00:00","twitter_card":"summary_large_image","twitter_misc":{"Tiempo de lectura":"54 minutos"},"schema":{"@context":"https:\/\/schema.org","@graph":[{"@type":"WebPage","@id":"https:\/\/idecesos.com\/seguros\/companias\/purisima\/prima-mixta\/","url":"https:\/\/idecesos.com\/seguros\/companias\/purisima\/prima-mixta\/","name":"Seguro Decesos Pur\u00edsima Prima Mixta \u25b7 Opiniones y Precio 2026","isPartOf":{"@id":"https:\/\/idecesos.com\/seguros\/#website"},"datePublished":"2021-11-22T00:00:00+00:00","dateModified":"2022-04-05T10:01:04+00:00","description":"Click aqu\u00ed \u3010Seguro de Decesos Prima Mixta Pur\u00edsima\u3011 Mejores precios Pur\u00edsima seguro de fallecidos Prima Mixta \u2611\ufe0f Actualizado por iDecesos\u00ae","breadcrumb":{"@id":"https:\/\/idecesos.com\/seguros\/companias\/purisima\/prima-mixta\/#breadcrumb"},"inLanguage":"es","potentialAction":[{"@type":"ReadAction","target":["https:\/\/idecesos.com\/seguros\/companias\/purisima\/prima-mixta\/"]}]},{"@type":"BreadcrumbList","@id":"https:\/\/idecesos.com\/seguros\/companias\/purisima\/prima-mixta\/#breadcrumb","itemListElement":[{"@type":"ListItem","position":1,"name":"Portada","item":"https:\/\/idecesos.com\/seguros\/"},{"@type":"ListItem","position":2,"name":"Compa\u00f1\u00edas de Seguros de Decesos en Espa\u00f1a","item":"https:\/\/idecesos.com\/seguros\/companias\/"},{"@type":"ListItem","position":3,"name":"Seguro de Decesos Pur\u00edsima","item":"https:\/\/idecesos.com\/seguros\/companias\/purisima\/"},{"@type":"ListItem","position":4,"name":"Seguro de decesos Pur\u00edsima Prima Mixta"}]},{"@type":"WebSite","@id":"https:\/\/idecesos.com\/seguros\/#website","url":"https:\/\/idecesos.com\/seguros\/","name":"","description":"","potentialAction":[{"@type":"SearchAction","target":{"@type":"EntryPoint","urlTemplate":"https:\/\/idecesos.com\/seguros\/?s={search_term_string}"},"query-input":{"@type":"PropertyValueSpecification","valueRequired":true,"valueName":"search_term_string"}}],"inLanguage":"es"}]}},"_links":{"self":[{"href":"https:\/\/idecesos.com\/seguros\/wp-json\/wp\/v2\/pages\/11707","targetHints":{"allow":["GET"]}}],"collection":[{"href":"https:\/\/idecesos.com\/seguros\/wp-json\/wp\/v2\/pages"}],"about":[{"href":"https:\/\/idecesos.com\/seguros\/wp-json\/wp\/v2\/types\/page"}],"author":[{"embeddable":true,"href":"https:\/\/idecesos.com\/seguros\/wp-json\/wp\/v2\/users\/3"}],"replies":[{"embeddable":true,"href":"https:\/\/idecesos.com\/seguros\/wp-json\/wp\/v2\/comments?post=11707"}],"version-history":[{"count":2,"href":"https:\/\/idecesos.com\/seguros\/wp-json\/wp\/v2\/pages\/11707\/revisions"}],"predecessor-version":[{"id":20974,"href":"https:\/\/idecesos.com\/seguros\/wp-json\/wp\/v2\/pages\/11707\/revisions\/20974"}],"up":[{"embeddable":true,"href":"https:\/\/idecesos.com\/seguros\/wp-json\/wp\/v2\/pages\/6005"}],"wp:attachment":[{"href":"https:\/\/idecesos.com\/seguros\/wp-json\/wp\/v2\/media?parent=11707"}],"curies":[{"name":"wp","href":"https:\/\/api.w.org\/{rel}","templated":true}]}}