{"id":11708,"date":"2021-11-22T00:00:00","date_gmt":"2021-11-22T00:00:00","guid":{"rendered":"https:\/\/idecesos.com\/seguros\/?page_id=11708"},"modified":"2022-04-05T10:01:58","modified_gmt":"2022-04-05T10:01:58","slug":"prima-nivelada","status":"publish","type":"page","link":"https:\/\/idecesos.com\/seguros\/companias\/purisima\/prima-nivelada\/","title":{"rendered":"Seguro de decesos Pur\u00edsima Prima Nivelada"},"content":{"rendered":"<div id=\"ez-toc-container\" class=\"ez-toc-v2_0_82_2 ez-toc-wrap-center counter-hierarchy ez-toc-counter ez-toc-custom ez-toc-container-direction\">\n<div class=\"ez-toc-title-container\">\n<p class=\"ez-toc-title\" style=\"cursor:inherit\">Tabla de Contenido<\/p>\n<span class=\"ez-toc-title-toggle\"><a href=\"#\" class=\"ez-toc-pull-right ez-toc-btn ez-toc-btn-xs ez-toc-btn-default ez-toc-toggle\" aria-label=\"Alternar tabla de contenidos\"><span class=\"ez-toc-js-icon-con\"><span class=\"\"><span class=\"eztoc-hide\" style=\"display:none;\">Toggle<\/span><span class=\"ez-toc-icon-toggle-span\"><svg style=\"fill: #db6415;color:#db6415\" xmlns=\"http:\/\/www.w3.org\/2000\/svg\" class=\"list-377408\" width=\"20px\" height=\"20px\" viewBox=\"0 0 24 24\" fill=\"none\"><path d=\"M6 6H4v2h2V6zm14 0H8v2h12V6zM4 11h2v2H4v-2zm16 0H8v2h12v-2zM4 16h2v2H4v-2zm16 0H8v2h12v-2z\" fill=\"currentColor\"><\/path><\/svg><svg style=\"fill: #db6415;color:#db6415\" class=\"arrow-unsorted-368013\" xmlns=\"http:\/\/www.w3.org\/2000\/svg\" width=\"10px\" height=\"10px\" viewBox=\"0 0 24 24\" version=\"1.2\" baseProfile=\"tiny\"><path d=\"M18.2 9.3l-6.2-6.3-6.2 6.3c-.2.2-.3.4-.3.7s.1.5.3.7c.2.2.4.3.7.3h11c.3 0 .5-.1.7-.3.2-.2.3-.5.3-.7s-.1-.5-.3-.7zM5.8 14.7l6.2 6.3 6.2-6.3c.2-.2.3-.5.3-.7s-.1-.5-.3-.7c-.2-.2-.4-.3-.7-.3h-11c-.3 0-.5.1-.7.3-.2.2-.3.5-.3.7s.1.5.3.7z\"\/><\/svg><\/span><\/span><\/span><\/a><\/span><\/div>\n<nav><ul class='ez-toc-list ez-toc-list-level-1 ' ><li class='ez-toc-page-1 ez-toc-heading-level-2'><a class=\"ez-toc-link ez-toc-heading-1\" href=\"https:\/\/idecesos.com\/seguros\/companias\/purisima\/prima-nivelada\/#Coberturas_seguro_Prima_Nivelada_Purisima\" >Coberturas seguro Prima Nivelada Pur\u00edsima<\/a><ul class='ez-toc-list-level-3' ><li class='ez-toc-heading-level-3'><a class=\"ez-toc-link ez-toc-heading-2\" href=\"https:\/\/idecesos.com\/seguros\/companias\/purisima\/prima-nivelada\/#%C2%BFA_quien_va_dirigido_el_seguro_de_decesos_Prima_Nivelada_de_Purisima\" >\u00bfA qui\u00e9n va dirigido el seguro de decesos Prima Nivelada de Pur\u00edsima?<\/a><\/li><\/ul><\/li><li class='ez-toc-page-1 ez-toc-heading-level-2'><a class=\"ez-toc-link ez-toc-heading-3\" href=\"https:\/\/idecesos.com\/seguros\/companias\/purisima\/prima-nivelada\/#Precio_de_seguro_de_decesos_Prima_Nivelada_Purisima\" >Precio de seguro de decesos Prima Nivelada Pur\u00edsima<\/a><\/li><li class='ez-toc-page-1 ez-toc-heading-level-2'><a class=\"ez-toc-link ez-toc-heading-4\" href=\"https:\/\/idecesos.com\/seguros\/companias\/purisima\/prima-nivelada\/#Productos_Prima_Nivelada_Purisima\" >Productos Prima Nivelada Pur\u00edsima<\/a><\/li><li class='ez-toc-page-1 ez-toc-heading-level-2'><a class=\"ez-toc-link ez-toc-heading-5\" href=\"https:\/\/idecesos.com\/seguros\/companias\/purisima\/prima-nivelada\/#Opiniones_del_seguro_de_decesos_de_Prima_Nivelada_de_Purisima\" >Opiniones del seguro de decesos de Prima Nivelada de Pur\u00edsima<\/a><ul class='ez-toc-list-level-3' ><li class='ez-toc-heading-level-3'><a class=\"ez-toc-link ez-toc-heading-6\" href=\"https:\/\/idecesos.com\/seguros\/companias\/purisima\/prima-nivelada\/#Paginas_relacionadas\" >P\u00e1ginas relacionadas<\/a><\/li><\/ul><\/li><\/ul><\/nav><\/div>\n\n<p>El seguro de decesos de prima nivelada Pur\u00edsima se caracteriza por ser una tipolog\u00eda en la cual el coste del seguro permanece constante y se aplica a la suma asegurada el servicio mortuorio que se ha contratado en el inicio del seguro. Dentro de su cartera de clientes del servicio, el que m\u00e1s resalta de su cat\u00e1logo es la prima nivelada Pur\u00edsima, si bien las personas m\u00e1s j\u00f3venes crees desembolsar m\u00e1s dinero del que es, con lo que ve un desarrollo en el pago demasiado elevado. Es esencial que se cuente con el servicio de asistencia familiar de Pur\u00edsima ya que son los encargados de gestionarlo todo, con una simple llamada con la p\u00f3liza de prima nivelada Pur\u00edsima.<\/p>\n<p>Leer m\u00e1s: <a href=\"https:\/\/idecesos.com\/seguros\/tipo\/nivelada\/\">Seguro de decesos Prima Nivelada<\/a><\/p>\n<div class=\"colorf \"  ><div class=\"container clearfix\"><div class=\"col-md-7\"><\/p>\n<h2><span class=\"ez-toc-section\" id=\"Coberturas_seguro_Prima_Nivelada_Purisima\"><\/span>Coberturas seguro Prima Nivelada Pur\u00edsima<span class=\"ez-toc-section-end\"><\/span><\/h2>\n<p>Pur\u00edsima su seguro de decesos una de sus p\u00f3lizas m\u00e1s contratadas es que dan la cobertura al completo en el servicio mortuorio. El servicio m\u00e1s renombrado en Pur\u00edsima es el que cubre los gastos mortuorios, ya que cuenta con persona cualificada y disciplinada en atender con calidad en todo instante. Cuando haya escogido la modalidad de entre entierro o bien urna va a quedar de forma autom\u00e1tica cubierto, en la tramitaci\u00f3n de documentaci\u00f3n todos los tr\u00e1mites tambi\u00e9n van a quedar cubiertos. La cobertura m\u00e1s destacada es aquella que cuando ocurra el instante que ha fallecido la persona asegurada, los familiares se pongan en contacto con el servicio de asistencia 24 horas de Pur\u00edsima ellos se encargaran de todo de manera inmediata dentro del presupuesto marcado por el capital del asegurado. En iDecesos descubrir\u00e1s en detalle las coberturas del seguro de decesos de prima nivelada de Pur\u00edsima las condiciones generales y toda la documentaci\u00f3n del producto que se marcha a requerir, como asimismo las coberturas que van a poder estar excluidas que no sabias.<\/p>\n<p><\/div><\/div><\/div>\n<h3><span class=\"ez-toc-section\" id=\"%C2%BFA_quien_va_dirigido_el_seguro_de_decesos_Prima_Nivelada_de_Purisima\"><\/span>\u00bfA qui\u00e9n va dirigido el seguro de decesos Prima Nivelada de Pur\u00edsima?<span class=\"ez-toc-section-end\"><\/span><\/h3>\n<p>El seguro de prima nivelada de Pur\u00edsima est\u00e1 dise\u00f1ado para que cualquier persona de cualquier nivel econ\u00f3mico se lo pueda permitir. Para todas las familias que necesitan una calma econ\u00f3mica sin cargos auxiliares, aparte de sentir que su familia queda protegido ante cualquier situaci\u00f3n. La una gran parte que efect\u00faa esta p\u00f3liza son personas de edad avanzada, de la que requieren un pago que no aumente, en tanto que tendr\u00edan que abonar con su pensi\u00f3n. En Pur\u00edsima la modalidad de prima nivelada es una de las que m\u00e1s densidad de clientes tiene y que mayor valoraci\u00f3n le dan sus clientes.<\/p>\n<div class=\"colorf \"  ><div class=\"container clearfix\"><div class=\"col-md-7\"><\/p>\n<h2><span class=\"ez-toc-section\" id=\"Precio_de_seguro_de_decesos_Prima_Nivelada_Purisima\"><\/span>Precio de seguro de decesos Prima Nivelada Pur\u00edsima<span class=\"ez-toc-section-end\"><\/span><\/h2>\n<p>Pur\u00edsima su coste del seguro de prima nivelada se halla en un rango que es de 5 euros forma mensuales, se va a tomar en cuenta la localidad del asegurado. En Pur\u00edsima cuentan con el seguro de prima nivelada a un menor precio y un listado grande de todos los descuentos que disponen resaltando en el mercado. Efectuando la comparaci\u00f3n en los diferentes precios que hay de prima nivelada de la compa\u00f1\u00eda Pur\u00edsima vas a poder conseguir ahorrarte hasta un 50 por cien .<\/p>\n<p><\/div><\/div><\/div>\n<h2><span class=\"ez-toc-section\" id=\"Productos_Prima_Nivelada_Purisima\"><\/span>Productos Prima Nivelada Pur\u00edsima<span class=\"ez-toc-section-end\"><\/span><\/h2>\n<div class=\"colorf\"><div class=\"container clearfix\"><div class=\"col-md-7\"><div class=\"opiniones\">\n<h2><span class=\"ez-toc-section\" id=\"Opiniones_del_seguro_de_decesos_de_Prima_Nivelada_de_Purisima\"><\/span>Opiniones del seguro de decesos de Prima Nivelada de Pur\u00edsima<span class=\"ez-toc-section-end\"><\/span><\/h2>\n<p>El seguro de decesos de prima nivelada Pur\u00edsima se merece una opini\u00f3n muy buena por la parte de los especialistas aconsejes de iDecesos dado que permite acceder a un producto que te garantiza la gesti\u00f3n completa del sepelio, ofreci\u00e9ndome unas coberturas a\u00f1adidas realmente \u00fatiles para los asegurados, respaldados por un servicio de asistencia del m\u00e1ximo nivel. En la prima nivelada Pur\u00edsima facilita los pagos para los que deseen efectuar el pago de una forma m\u00e1s efectiva y simple. Para que los clientes del servicio obtengan ciertas ventajas, Pur\u00edsima de manera eventual hace promociones y bonos descuentos muy exclusivos.<\/p>\n<div class=\"opinion \"  >\n\t\t\t<div class=\"cabecera_opinion\">\n\t\t\t\t<div class=\"avatar\">A A <\/div>\n\t\t\t\t<div class=\"datos_opinion\">\n\t\t\t\t\t<div class=\"nombre_opinion\">\u00c1ngeles Andres<\/div>\n\t\t\t\t\t<div class=\"info_opinion\">\t\t\t\t\t\t\n\t\t\t\t\t\t<div class=\"cuenta_opinion\"><i class=\"fas fa-pencil-alt\"><\/i><!--span class=\"dashicons dashicons-edit\" style=\"font-size:20px\"><\/span--><span>1 Opini\u00f3n<\/span><\/div>\t\t\t\t\t\t\n\t\t\t\t\t\t<div class=\"localizacion_opinion\">\n\t\t\t\t\t\t\t<i class=\"fas fa-map-marker-alt\"><\/i><!--span class=\"dashicons dashicons-location\" style=\"font-size:20px\"><\/span-->\n\t\t\t\t\t\t\t<span>ES<\/span>\n\t\t\t\t\t\t<\/div>\t\n\t\t\t\t\t<\/div>\n\t\t\t\t<\/div>\n\t\t\t<\/div><div class=\"texto_opinion\"><\/p>\n<p>De todos los comentarios que le\u00ed decid\u00ed arriesgar y la verdad que tuve suerte con Pur\u00edsima me ha dado las mejores coberturas de prima nivelada, la tarifa se amolda a mis circunstancias, adem\u00e1s de esto de eso me hicieron un presupuesto que quede muy contenta, tiene unos trabajadores muy profesionales Pur\u00edsima.<\/p>\n<p><\/div><\/div>\n<div class=\"opinion \"  >\n\t\t\t<div class=\"cabecera_opinion\">\n\t\t\t\t<div class=\"avatar\">R D Z <\/div>\n\t\t\t\t<div class=\"datos_opinion\">\n\t\t\t\t\t<div class=\"nombre_opinion\">Renato de Zabaleta<\/div>\n\t\t\t\t\t<div class=\"info_opinion\">\t\t\t\t\t\t\n\t\t\t\t\t\t<div class=\"cuenta_opinion\"><i class=\"fas fa-pencil-alt\"><\/i><!--span class=\"dashicons dashicons-edit\" style=\"font-size:20px\"><\/span--><span>1 Opini\u00f3n<\/span><\/div>\t\t\t\t\t\t\n\t\t\t\t\t\t<div class=\"localizacion_opinion\">\n\t\t\t\t\t\t\t<i class=\"fas fa-map-marker-alt\"><\/i><!--span class=\"dashicons dashicons-location\" style=\"font-size:20px\"><\/span-->\n\t\t\t\t\t\t\t<span>ES<\/span>\n\t\t\t\t\t\t<\/div>\t\n\t\t\t\t\t<\/div>\n\t\t\t\t<\/div>\n\t\t\t<\/div><div class=\"texto_opinion\"><\/p>\n<p>Ten\u00eda al respecto varias dudas sobre las coberturas que ofrecen en la p\u00f3liza, con lo que acud\u00ed a una de sus oficinas m\u00e1s cercanas, me atendieron profesionalmente, d\u00e1ndome calma y resolviendo sin duda todas mis cuestiones. Disponen de diferentes soluciones para cualquier circunstancia que pueda acontecer alg\u00fan tipo de incidencia.<\/p>\n<p><\/div><\/div>\n<div class=\"opinion \"  >\n\t\t\t<div class=\"cabecera_opinion\">\n\t\t\t\t<div class=\"avatar\">B T <\/div>\n\t\t\t\t<div class=\"datos_opinion\">\n\t\t\t\t\t<div class=\"nombre_opinion\">Benita Torre<\/div>\n\t\t\t\t\t<div class=\"info_opinion\">\t\t\t\t\t\t\n\t\t\t\t\t\t<div class=\"cuenta_opinion\"><i class=\"fas fa-pencil-alt\"><\/i><!--span class=\"dashicons dashicons-edit\" style=\"font-size:20px\"><\/span--><span>1 Opini\u00f3n<\/span><\/div>\t\t\t\t\t\t\n\t\t\t\t\t\t<div class=\"localizacion_opinion\">\n\t\t\t\t\t\t\t<i class=\"fas fa-map-marker-alt\"><\/i><!--span class=\"dashicons dashicons-location\" style=\"font-size:20px\"><\/span-->\n\t\t\t\t\t\t\t<span>ES<\/span>\n\t\t\t\t\t\t<\/div>\t\n\t\t\t\t\t<\/div>\n\t\t\t\t<\/div>\n\t\t\t<\/div><div class=\"texto_opinion\"><\/p>\n<p>Lo recomiendo ya que me dieron de las mejores coberturas tanto a mi como a mi familia, en el momento del acontecimiento, no dudes con prima nivelada de Pur\u00edsima, se hace cargo de todo. Hace unos meses muri\u00f3 un familiar muy pr\u00f3ximo por lo que contaba con esta p\u00f3liza, es cierto que le dieron todas las coberturas y dieron todas y cada una comodidades posibles dentro de ese tan dif\u00edcil de administrar.<\/p>\n<p><\/div><\/div>\n<\/div><\/div><\/div><\/div>\n<p><div class=\"oficinas\"><br \/>\n<!-- Shortcode [pur%c3%adsima-hijas] does not exist --><\/p>\n<p><\/div> <h3><span class=\"ez-toc-section\" id=\"Paginas_relacionadas\"><\/span>P\u00e1ginas relacionadas<span class=\"ez-toc-section-end\"><\/span><\/h3><div class=\"enlazado\"><ul> <li><a href=\"https:\/\/idecesos.com\/seguros\/companias\/purisima\/opiniones\/\">Opiniones Pur\u00edsima<\/a><\/li> <li><a href=\"https:\/\/idecesos.com\/seguros\/companias\/purisima\/precio\/\">Precio seguro Pur\u00edsima<\/a><\/li> <li><a href=\"https:\/\/idecesos.com\/seguros\/companias\/purisima\/prima-mixta\/\">Pur\u00edsima Prima Mixta<\/a><\/li> <li><a href=\"https:\/\/idecesos.com\/seguros\/companias\/purisima\/prima-natural\/\">Pur\u00edsima Prima Natural<\/a><\/li> <li><a href=\"https:\/\/idecesos.com\/seguros\/companias\/purisima\/prima-nivelada\/\">Pur\u00edsima Prima Nivelada<\/a><\/li> <li><a href=\"https:\/\/idecesos.com\/seguros\/companias\/purisima\/prima-unica\/\">Pur\u00edsima Prima \u00danica<\/a><\/li> <li><a href=\"https:\/\/idecesos.com\/seguros\/companias\/purisima\/repatriacion\/\">Pur\u00edsima Repatriaci\u00f3n<\/a><\/li> <li><a href=\"https:\/\/idecesos.com\/seguros\/companias\/purisima\/telefono\/\">Tel\u00e9fono Gratuito Pur\u00edsima<\/a><\/li><\/ul><\/div><\/p>\n","protected":false},"excerpt":{"rendered":"<p>El seguro de decesos de prima nivelada Pur\u00edsima se caracteriza por ser una tipolog\u00eda en la cual el coste del seguro permanece constante y se aplica a la suma asegurada el servicio mortuorio que se ha contratado en el inicio del seguro. Dentro de su cartera de clientes del servicio, el que m\u00e1s resalta de&hellip; <\/p>\n","protected":false},"author":3,"featured_media":0,"parent":6005,"menu_order":0,"comment_status":"closed","ping_status":"closed","template":"single.php","meta":{"footnotes":""},"class_list":["post-11708","page","type-page","status-publish","hentry"],"yoast_head":"<!-- This site is optimized with the Yoast SEO plugin v27.3 - https:\/\/yoast.com\/product\/yoast-seo-wordpress\/ -->\n<title>Seguro Decesos Pur\u00edsima Prima Nivelada \u25b7 Opiniones y Precio 2026<\/title>\n<meta name=\"description\" content=\"Click aqu\u00ed \u3010Seguro de Decesos Prima Nivelada Pur\u00edsima\u3011 Mejores precios Pur\u00edsima seguro de fallecidos Prima Nivelada \u2611\ufe0f Actualizado por iDecesos\u00ae\" \/>\n<meta name=\"robots\" content=\"index, follow, max-snippet:-1, max-image-preview:large, max-video-preview:-1\" \/>\n<link rel=\"canonical\" href=\"https:\/\/idecesos.com\/seguros\/companias\/purisima\/prima-nivelada\/\" \/>\n<meta property=\"og:locale\" content=\"es_ES\" \/>\n<meta property=\"og:type\" content=\"article\" \/>\n<meta property=\"og:title\" content=\"Seguro Decesos Pur\u00edsima Prima Nivelada \u25b7 Opiniones y Precio 2026\" \/>\n<meta property=\"og:description\" content=\"Click aqu\u00ed \u3010Seguro de Decesos Prima Nivelada Pur\u00edsima\u3011 Mejores precios Pur\u00edsima seguro de fallecidos Prima Nivelada \u2611\ufe0f Actualizado por iDecesos\u00ae\" \/>\n<meta property=\"og:url\" content=\"https:\/\/idecesos.com\/seguros\/companias\/purisima\/prima-nivelada\/\" \/>\n<meta property=\"article:modified_time\" content=\"2022-04-05T10:01:58+00:00\" \/>\n<meta name=\"twitter:card\" content=\"summary_large_image\" \/>\n<meta name=\"twitter:label1\" content=\"Tiempo de lectura\" \/>\n\t<meta name=\"twitter:data1\" content=\"57 minutos\" \/>\n<script type=\"application\/ld+json\" class=\"yoast-schema-graph\">{\"@context\":\"https:\\\/\\\/schema.org\",\"@graph\":[{\"@type\":\"WebPage\",\"@id\":\"https:\\\/\\\/idecesos.com\\\/seguros\\\/companias\\\/purisima\\\/prima-nivelada\\\/\",\"url\":\"https:\\\/\\\/idecesos.com\\\/seguros\\\/companias\\\/purisima\\\/prima-nivelada\\\/\",\"name\":\"Seguro Decesos Pur\u00edsima Prima Nivelada \u25b7 Opiniones y Precio 2026\",\"isPartOf\":{\"@id\":\"https:\\\/\\\/idecesos.com\\\/seguros\\\/#website\"},\"datePublished\":\"2021-11-22T00:00:00+00:00\",\"dateModified\":\"2022-04-05T10:01:58+00:00\",\"description\":\"Click aqu\u00ed \u3010Seguro de Decesos Prima Nivelada Pur\u00edsima\u3011 Mejores precios Pur\u00edsima seguro de fallecidos Prima Nivelada \u2611\ufe0f Actualizado por iDecesos\u00ae\",\"breadcrumb\":{\"@id\":\"https:\\\/\\\/idecesos.com\\\/seguros\\\/companias\\\/purisima\\\/prima-nivelada\\\/#breadcrumb\"},\"inLanguage\":\"es\",\"potentialAction\":[{\"@type\":\"ReadAction\",\"target\":[\"https:\\\/\\\/idecesos.com\\\/seguros\\\/companias\\\/purisima\\\/prima-nivelada\\\/\"]}]},{\"@type\":\"BreadcrumbList\",\"@id\":\"https:\\\/\\\/idecesos.com\\\/seguros\\\/companias\\\/purisima\\\/prima-nivelada\\\/#breadcrumb\",\"itemListElement\":[{\"@type\":\"ListItem\",\"position\":1,\"name\":\"Portada\",\"item\":\"https:\\\/\\\/idecesos.com\\\/seguros\\\/\"},{\"@type\":\"ListItem\",\"position\":2,\"name\":\"Compa\u00f1\u00edas de Seguros de Decesos en Espa\u00f1a\",\"item\":\"https:\\\/\\\/idecesos.com\\\/seguros\\\/companias\\\/\"},{\"@type\":\"ListItem\",\"position\":3,\"name\":\"Seguro de Decesos Pur\u00edsima\",\"item\":\"https:\\\/\\\/idecesos.com\\\/seguros\\\/companias\\\/purisima\\\/\"},{\"@type\":\"ListItem\",\"position\":4,\"name\":\"Seguro de decesos Pur\u00edsima Prima Nivelada\"}]},{\"@type\":\"WebSite\",\"@id\":\"https:\\\/\\\/idecesos.com\\\/seguros\\\/#website\",\"url\":\"https:\\\/\\\/idecesos.com\\\/seguros\\\/\",\"name\":\"\",\"description\":\"\",\"potentialAction\":[{\"@type\":\"SearchAction\",\"target\":{\"@type\":\"EntryPoint\",\"urlTemplate\":\"https:\\\/\\\/idecesos.com\\\/seguros\\\/?s={search_term_string}\"},\"query-input\":{\"@type\":\"PropertyValueSpecification\",\"valueRequired\":true,\"valueName\":\"search_term_string\"}}],\"inLanguage\":\"es\"}]}<\/script>\n<!-- \/ Yoast SEO plugin. -->","yoast_head_json":{"title":"Seguro Decesos Pur\u00edsima Prima Nivelada \u25b7 Opiniones y Precio 2026","description":"Click aqu\u00ed \u3010Seguro de Decesos Prima Nivelada Pur\u00edsima\u3011 Mejores precios Pur\u00edsima seguro de fallecidos Prima Nivelada \u2611\ufe0f Actualizado por iDecesos\u00ae","robots":{"index":"index","follow":"follow","max-snippet":"max-snippet:-1","max-image-preview":"max-image-preview:large","max-video-preview":"max-video-preview:-1"},"canonical":"https:\/\/idecesos.com\/seguros\/companias\/purisima\/prima-nivelada\/","og_locale":"es_ES","og_type":"article","og_title":"Seguro Decesos Pur\u00edsima Prima Nivelada \u25b7 Opiniones y Precio 2026","og_description":"Click aqu\u00ed \u3010Seguro de Decesos Prima Nivelada Pur\u00edsima\u3011 Mejores precios Pur\u00edsima seguro de fallecidos Prima Nivelada \u2611\ufe0f Actualizado por iDecesos\u00ae","og_url":"https:\/\/idecesos.com\/seguros\/companias\/purisima\/prima-nivelada\/","article_modified_time":"2022-04-05T10:01:58+00:00","twitter_card":"summary_large_image","twitter_misc":{"Tiempo de lectura":"57 minutos"},"schema":{"@context":"https:\/\/schema.org","@graph":[{"@type":"WebPage","@id":"https:\/\/idecesos.com\/seguros\/companias\/purisima\/prima-nivelada\/","url":"https:\/\/idecesos.com\/seguros\/companias\/purisima\/prima-nivelada\/","name":"Seguro Decesos Pur\u00edsima Prima Nivelada \u25b7 Opiniones y Precio 2026","isPartOf":{"@id":"https:\/\/idecesos.com\/seguros\/#website"},"datePublished":"2021-11-22T00:00:00+00:00","dateModified":"2022-04-05T10:01:58+00:00","description":"Click aqu\u00ed \u3010Seguro de Decesos Prima Nivelada Pur\u00edsima\u3011 Mejores precios Pur\u00edsima seguro de fallecidos Prima Nivelada \u2611\ufe0f Actualizado por iDecesos\u00ae","breadcrumb":{"@id":"https:\/\/idecesos.com\/seguros\/companias\/purisima\/prima-nivelada\/#breadcrumb"},"inLanguage":"es","potentialAction":[{"@type":"ReadAction","target":["https:\/\/idecesos.com\/seguros\/companias\/purisima\/prima-nivelada\/"]}]},{"@type":"BreadcrumbList","@id":"https:\/\/idecesos.com\/seguros\/companias\/purisima\/prima-nivelada\/#breadcrumb","itemListElement":[{"@type":"ListItem","position":1,"name":"Portada","item":"https:\/\/idecesos.com\/seguros\/"},{"@type":"ListItem","position":2,"name":"Compa\u00f1\u00edas de Seguros de Decesos en Espa\u00f1a","item":"https:\/\/idecesos.com\/seguros\/companias\/"},{"@type":"ListItem","position":3,"name":"Seguro de Decesos Pur\u00edsima","item":"https:\/\/idecesos.com\/seguros\/companias\/purisima\/"},{"@type":"ListItem","position":4,"name":"Seguro de decesos Pur\u00edsima Prima Nivelada"}]},{"@type":"WebSite","@id":"https:\/\/idecesos.com\/seguros\/#website","url":"https:\/\/idecesos.com\/seguros\/","name":"","description":"","potentialAction":[{"@type":"SearchAction","target":{"@type":"EntryPoint","urlTemplate":"https:\/\/idecesos.com\/seguros\/?s={search_term_string}"},"query-input":{"@type":"PropertyValueSpecification","valueRequired":true,"valueName":"search_term_string"}}],"inLanguage":"es"}]}},"_links":{"self":[{"href":"https:\/\/idecesos.com\/seguros\/wp-json\/wp\/v2\/pages\/11708","targetHints":{"allow":["GET"]}}],"collection":[{"href":"https:\/\/idecesos.com\/seguros\/wp-json\/wp\/v2\/pages"}],"about":[{"href":"https:\/\/idecesos.com\/seguros\/wp-json\/wp\/v2\/types\/page"}],"author":[{"embeddable":true,"href":"https:\/\/idecesos.com\/seguros\/wp-json\/wp\/v2\/users\/3"}],"replies":[{"embeddable":true,"href":"https:\/\/idecesos.com\/seguros\/wp-json\/wp\/v2\/comments?post=11708"}],"version-history":[{"count":2,"href":"https:\/\/idecesos.com\/seguros\/wp-json\/wp\/v2\/pages\/11708\/revisions"}],"predecessor-version":[{"id":20977,"href":"https:\/\/idecesos.com\/seguros\/wp-json\/wp\/v2\/pages\/11708\/revisions\/20977"}],"up":[{"embeddable":true,"href":"https:\/\/idecesos.com\/seguros\/wp-json\/wp\/v2\/pages\/6005"}],"wp:attachment":[{"href":"https:\/\/idecesos.com\/seguros\/wp-json\/wp\/v2\/media?parent=11708"}],"curies":[{"name":"wp","href":"https:\/\/api.w.org\/{rel}","templated":true}]}}