{"id":11709,"date":"2021-11-22T00:00:00","date_gmt":"2021-11-22T00:00:00","guid":{"rendered":"https:\/\/idecesos.com\/seguros\/?page_id=11709"},"modified":"2022-04-05T11:01:18","modified_gmt":"2022-04-05T11:01:18","slug":"prima-mixta","status":"publish","type":"page","link":"https:\/\/idecesos.com\/seguros\/companias\/alianza-espanola\/prima-mixta\/","title":{"rendered":"Seguro de decesos Alianza Espa\u00f1ola Prima Mixta"},"content":{"rendered":"<div id=\"ez-toc-container\" class=\"ez-toc-v2_0_82_2 ez-toc-wrap-center counter-hierarchy ez-toc-counter ez-toc-custom ez-toc-container-direction\">\n<div class=\"ez-toc-title-container\">\n<p class=\"ez-toc-title\" style=\"cursor:inherit\">Tabla de Contenido<\/p>\n<span class=\"ez-toc-title-toggle\"><a href=\"#\" class=\"ez-toc-pull-right ez-toc-btn ez-toc-btn-xs ez-toc-btn-default ez-toc-toggle\" aria-label=\"Alternar tabla de contenidos\"><span class=\"ez-toc-js-icon-con\"><span class=\"\"><span class=\"eztoc-hide\" style=\"display:none;\">Toggle<\/span><span class=\"ez-toc-icon-toggle-span\"><svg style=\"fill: #db6415;color:#db6415\" xmlns=\"http:\/\/www.w3.org\/2000\/svg\" class=\"list-377408\" width=\"20px\" height=\"20px\" viewBox=\"0 0 24 24\" fill=\"none\"><path d=\"M6 6H4v2h2V6zm14 0H8v2h12V6zM4 11h2v2H4v-2zm16 0H8v2h12v-2zM4 16h2v2H4v-2zm16 0H8v2h12v-2z\" fill=\"currentColor\"><\/path><\/svg><svg style=\"fill: #db6415;color:#db6415\" class=\"arrow-unsorted-368013\" xmlns=\"http:\/\/www.w3.org\/2000\/svg\" width=\"10px\" height=\"10px\" viewBox=\"0 0 24 24\" version=\"1.2\" baseProfile=\"tiny\"><path d=\"M18.2 9.3l-6.2-6.3-6.2 6.3c-.2.2-.3.4-.3.7s.1.5.3.7c.2.2.4.3.7.3h11c.3 0 .5-.1.7-.3.2-.2.3-.5.3-.7s-.1-.5-.3-.7zM5.8 14.7l6.2 6.3 6.2-6.3c.2-.2.3-.5.3-.7s-.1-.5-.3-.7c-.2-.2-.4-.3-.7-.3h-11c-.3 0-.5.1-.7.3-.2.2-.3.5-.3.7s.1.5.3.7z\"\/><\/svg><\/span><\/span><\/span><\/a><\/span><\/div>\n<nav><ul class='ez-toc-list ez-toc-list-level-1 ' ><li class='ez-toc-page-1 ez-toc-heading-level-2'><a class=\"ez-toc-link ez-toc-heading-1\" href=\"https:\/\/idecesos.com\/seguros\/companias\/alianza-espanola\/prima-mixta\/#Coberturas_seguro_Prima_Mixta_Alianza_Espanola\" >Coberturas seguro Prima Mixta Alianza Espa\u00f1ola<\/a><ul class='ez-toc-list-level-3' ><li class='ez-toc-heading-level-3'><a class=\"ez-toc-link ez-toc-heading-2\" href=\"https:\/\/idecesos.com\/seguros\/companias\/alianza-espanola\/prima-mixta\/#%C2%BFA_quien_va_dirigido_el_seguro_de_decesos_Prima_Mixta_de_Alianza_Espanola\" >\u00bfA qui\u00e9n va dirigido el seguro de decesos Prima Mixta de Alianza Espa\u00f1ola?<\/a><\/li><\/ul><\/li><li class='ez-toc-page-1 ez-toc-heading-level-2'><a class=\"ez-toc-link ez-toc-heading-3\" href=\"https:\/\/idecesos.com\/seguros\/companias\/alianza-espanola\/prima-mixta\/#Precio_de_seguro_de_decesos_Prima_Mixta_Alianza_Espanola\" >Precio de seguro de decesos Prima Mixta Alianza Espa\u00f1ola<\/a><\/li><li class='ez-toc-page-1 ez-toc-heading-level-2'><a class=\"ez-toc-link ez-toc-heading-4\" href=\"https:\/\/idecesos.com\/seguros\/companias\/alianza-espanola\/prima-mixta\/#Productos_Prima_Mixta_Alianza_Espanola\" >Productos Prima Mixta Alianza Espa\u00f1ola<\/a><\/li><li class='ez-toc-page-1 ez-toc-heading-level-2'><a class=\"ez-toc-link ez-toc-heading-5\" href=\"https:\/\/idecesos.com\/seguros\/companias\/alianza-espanola\/prima-mixta\/#Opiniones_del_seguro_de_decesos_de_Prima_Mixta_de_Alianza_Espanola\" >Opiniones del seguro de decesos de Prima Mixta de Alianza Espa\u00f1ola<\/a><ul class='ez-toc-list-level-3' ><li class='ez-toc-heading-level-3'><a class=\"ez-toc-link ez-toc-heading-6\" href=\"https:\/\/idecesos.com\/seguros\/companias\/alianza-espanola\/prima-mixta\/#Paginas_relacionadas\" >P\u00e1ginas relacionadas<\/a><\/li><\/ul><\/li><\/ul><\/nav><\/div>\n\n<p>En las distintas modalidades que contemplan la m\u00e1s triunfante entre ellos es la p\u00f3liza de decesos de prima mixta de Alianza Espa\u00f1ola. Esto se debe a que re\u00fane lo mejor de la prima natural y la prima nivelada, esto es, hasta cierta edad la prima anualmente va medrando pero prosigue siendo asequible pues se acorta la esperanza de vida de los asegurados y la actualizaci\u00f3n de los costes de los servicios y cuando llega a una edad mayor se nivela para estabilizar la prima en los a\u00f1os donde los asegurados deber\u00edan estar jubilados.<\/p>\n<p>Leer m\u00e1s: <a href=\"https:\/\/idecesos.com\/seguros\/tipo\/mixta\/\">Seguro de decesos Prima Mixta<\/a><\/p>\n<div class=\"colorf \"  ><div class=\"container clearfix\"><div class=\"col-md-7\"><\/p>\n<h2><span class=\"ez-toc-section\" id=\"Coberturas_seguro_Prima_Mixta_Alianza_Espanola\"><\/span>Coberturas seguro Prima Mixta Alianza Espa\u00f1ola<span class=\"ez-toc-section-end\"><\/span><\/h2>\n<p>Sabes que ere un cliente del servicio exigente cuando tu opci\u00f3n es prima mixta Alianza Espa\u00f1ola, la que mejor servicio presta en calidad, con los mejores profesionales. Las coberturas m\u00e1s relevantes van relacionadas al genial servicio funerario que reciben los clientes del servicio de Alianza Espa\u00f1ola y la alta valoraci\u00f3n de las coberturas de prima mixta Alianza Espa\u00f1ola. En todo instante evitar cualquier incidente que pudiera suceder, las coberturas con las que cuenta la p\u00f3liza de prima mixta Alianza Espa\u00f1ola, son las m\u00e1s completas y expertas en hacer con resoluci\u00f3n toda las gestiones como el desplazamiento, acondicionamiento de la sala de tanatorio adapt\u00e1ndolo conforme las indicaciones que hayan marcado los familiares. Acondicionando al cad\u00e1ver para que luzca de una buena presencia a fin de que sus seres queridos puedan despedirse. Se har\u00e1 de la forma m\u00e1s pormenorizada, adecuando todo en ese d\u00eda tan especial, el ata\u00fad, florister\u00eda, ya sea incineraci\u00f3n o urna.<\/p>\n<p><\/div><\/div><\/div>\n<h3><span class=\"ez-toc-section\" id=\"%C2%BFA_quien_va_dirigido_el_seguro_de_decesos_Prima_Mixta_de_Alianza_Espanola\"><\/span>\u00bfA qui\u00e9n va dirigido el seguro de decesos Prima Mixta de Alianza Espa\u00f1ola?<span class=\"ez-toc-section-end\"><\/span><\/h3>\n<p>La mayor\u00eda que adquiere este seguro de prima mixta de Alianza Espa\u00f1ola se debe a su precio que es accesible y cuenta con una estabilidad financiera para cada familia que lo contrate. Adem\u00e1s, suelen ser familias que le dan un uso intenso a los servicios a\u00f1adidos que ofrece la p\u00f3liza de prima mixta de Alianza Espa\u00f1ola.<\/p>\n<div class=\"colorf \"  ><div class=\"container clearfix\"><div class=\"col-md-7\"><\/p>\n<h2><span class=\"ez-toc-section\" id=\"Precio_de_seguro_de_decesos_Prima_Mixta_Alianza_Espanola\"><\/span>Precio de seguro de decesos Prima Mixta Alianza Espa\u00f1ola<span class=\"ez-toc-section-end\"><\/span><\/h2>\n<p>El seguro de prima mixta de Alianza Espa\u00f1ola su coste es de 2,15\u20ac. Para este c\u00e1lculo se realiz\u00f3 la referencia de una persona joven o la localidad que den el servicio funerario. iDecesos te asegura las mejores comparaciones de Alianza Espa\u00f1ola con las empresas m\u00e1s resaltables en el mercado, donde veras las distintas coberturas que tienen cada una y el precio m\u00e1s econ\u00f3mico a la hora de efectuar la contrataci\u00f3n del seguro de prima mixta.<\/p>\n<p><\/div><\/div><\/div>\n<h2><span class=\"ez-toc-section\" id=\"Productos_Prima_Mixta_Alianza_Espanola\"><\/span>Productos Prima Mixta Alianza Espa\u00f1ola<span class=\"ez-toc-section-end\"><\/span><\/h2>\n<div class=\"colorf\"><div class=\"container clearfix\"><div class=\"col-md-7\"><div class=\"opiniones\">\n<h2><span class=\"ez-toc-section\" id=\"Opiniones_del_seguro_de_decesos_de_Prima_Mixta_de_Alianza_Espanola\"><\/span>Opiniones del seguro de decesos de Prima Mixta de Alianza Espa\u00f1ola<span class=\"ez-toc-section-end\"><\/span><\/h2>\n<p>Las mejores valoraciones obtenidas en estos \u00faltimos a\u00f1os son por Alianza Espa\u00f1ola con el producto de prima mixta o bien semi natural. El directivo de servicios de estudios de iDecesos considera que es un seguro de prima mixta, que conjunta cada uno de los aspectos m\u00e1s positivos de la prima natural y nivelada que haya observado en las decenas de productos de todas y cada una de las empresas aseguradoras que ha estudiado.<\/p>\n<div class=\"opinion \"  >\n\t\t\t<div class=\"cabecera_opinion\">\n\t\t\t\t<div class=\"avatar\">J A <\/div>\n\t\t\t\t<div class=\"datos_opinion\">\n\t\t\t\t\t<div class=\"nombre_opinion\">Joan Albenca<\/div>\n\t\t\t\t\t<div class=\"info_opinion\">\t\t\t\t\t\t\n\t\t\t\t\t\t<div class=\"cuenta_opinion\"><i class=\"fas fa-pencil-alt\"><\/i><!--span class=\"dashicons dashicons-edit\" style=\"font-size:20px\"><\/span--><span>1 Opini\u00f3n<\/span><\/div>\t\t\t\t\t\t\n\t\t\t\t\t\t<div class=\"localizacion_opinion\">\n\t\t\t\t\t\t\t<i class=\"fas fa-map-marker-alt\"><\/i><!--span class=\"dashicons dashicons-location\" style=\"font-size:20px\"><\/span-->\n\t\t\t\t\t\t\t<span>ES<\/span>\n\t\t\t\t\t\t<\/div>\t\n\t\t\t\t\t<\/div>\n\t\t\t\t<\/div>\n\t\t\t<\/div><div class=\"texto_opinion\"><\/p>\n<p>Cuando decimos realizar la contrataci\u00f3n con Alianza Espa\u00f1ola nos notificaron que al ser j\u00f3venes la tarifa era m\u00e1s asequible, pero Alianza Espa\u00f1ola considera que llegando a una cierta edad, se debe aumentar el pago debido que puede haber mayor peligro. Todav\u00eda de esta manera el trato que recib\u00ed me qued\u00e9 muy contenta.<\/p>\n<p><\/div><\/div>\n<div class=\"opinion \"  >\n\t\t\t<div class=\"cabecera_opinion\">\n\t\t\t\t<div class=\"avatar\">S A <\/div>\n\t\t\t\t<div class=\"datos_opinion\">\n\t\t\t\t\t<div class=\"nombre_opinion\">Sandra Alberdi<\/div>\n\t\t\t\t\t<div class=\"info_opinion\">\t\t\t\t\t\t\n\t\t\t\t\t\t<div class=\"cuenta_opinion\"><i class=\"fas fa-pencil-alt\"><\/i><!--span class=\"dashicons dashicons-edit\" style=\"font-size:20px\"><\/span--><span>1 Opini\u00f3n<\/span><\/div>\t\t\t\t\t\t\n\t\t\t\t\t\t<div class=\"localizacion_opinion\">\n\t\t\t\t\t\t\t<i class=\"fas fa-map-marker-alt\"><\/i><!--span class=\"dashicons dashicons-location\" style=\"font-size:20px\"><\/span-->\n\t\t\t\t\t\t\t<span>ES<\/span>\n\t\t\t\t\t\t<\/div>\t\n\t\t\t\t\t<\/div>\n\t\t\t\t<\/div>\n\t\t\t<\/div><div class=\"texto_opinion\"><\/p>\n<p>Muchos de mis conocidos me aconsejaron Alianza Espa\u00f1ola y decid\u00ed efectuar la contrataci\u00f3n con ellos, aparte de que me asesoraron al detalle me dieron toda la informaci\u00f3n que precisaba saber, as\u00ed como un presupuesto amoldado para mi, por lo que su tarifa fue una de los primordiales motivos por el cual escog\u00ed esta Alianza Espa\u00f1ola.<\/p>\n<p><\/div><\/div>\n<div class=\"opinion \"  >\n\t\t\t<div class=\"cabecera_opinion\">\n\t\t\t\t<div class=\"avatar\">B C <\/div>\n\t\t\t\t<div class=\"datos_opinion\">\n\t\t\t\t\t<div class=\"nombre_opinion\">Bautista Casas<\/div>\n\t\t\t\t\t<div class=\"info_opinion\">\t\t\t\t\t\t\n\t\t\t\t\t\t<div class=\"cuenta_opinion\"><i class=\"fas fa-pencil-alt\"><\/i><!--span class=\"dashicons dashicons-edit\" style=\"font-size:20px\"><\/span--><span>1 Opini\u00f3n<\/span><\/div>\t\t\t\t\t\t\n\t\t\t\t\t\t<div class=\"localizacion_opinion\">\n\t\t\t\t\t\t\t<i class=\"fas fa-map-marker-alt\"><\/i><!--span class=\"dashicons dashicons-location\" style=\"font-size:20px\"><\/span-->\n\t\t\t\t\t\t\t<span>ES<\/span>\n\t\t\t\t\t\t<\/div>\t\n\t\t\t\t\t<\/div>\n\t\t\t\t<\/div>\n\t\t\t<\/div><div class=\"texto_opinion\"><\/p>\n<p>Al comienzo Alianza Espa\u00f1ola me ofrezco un trato fant\u00e1stico, as\u00ed sea manera telef\u00f3nica como presencialmente yendo a sus oficinas, por eso no he tenido ninguna queja, yo cuando realice el contrato era muy joven con lo que el precio era bastante econ\u00f3mico, mas cuando he aumentado en a\u00f1os, he apreciado una subido en el importe del coste de Alianza Espa\u00f1ola.<\/p>\n<p><\/div><\/div>\n<\/div><\/div><\/div><\/div>\n<p><div class=\"oficinas\"><br \/>\n<!-- Shortcode [alianza-espa%c3%b1ola-hijas] does not exist --><\/p>\n<p><\/div> <h3><span class=\"ez-toc-section\" id=\"Paginas_relacionadas\"><\/span>P\u00e1ginas relacionadas<span class=\"ez-toc-section-end\"><\/span><\/h3><div class=\"enlazado\"><ul> <li><a href=\"https:\/\/idecesos.com\/seguros\/companias\/alianza-espanola\/opiniones\/\">Opiniones Alianza Espa\u00f1ola<\/a><\/li> <li><a href=\"https:\/\/idecesos.com\/seguros\/companias\/alianza-espanola\/precio\/\">Precio seguro Alianza Espa\u00f1ola<\/a><\/li> <li><a href=\"https:\/\/idecesos.com\/seguros\/companias\/alianza-espanola\/prima-mixta\/\">Alianza Espa\u00f1ola Prima Mixta<\/a><\/li> <li><a href=\"https:\/\/idecesos.com\/seguros\/companias\/alianza-espanola\/prima-natural\/\">Alianza Espa\u00f1ola Prima Natural<\/a><\/li> <li><a href=\"https:\/\/idecesos.com\/seguros\/companias\/alianza-espanola\/prima-nivelada\/\">Alianza Espa\u00f1ola Prima Nivelada<\/a><\/li> <li><a href=\"https:\/\/idecesos.com\/seguros\/companias\/alianza-espanola\/prima-unica\/\">Alianza Espa\u00f1ola Prima \u00danica<\/a><\/li> <li><a href=\"https:\/\/idecesos.com\/seguros\/companias\/alianza-espanola\/repatriacion\/\">Alianza Espa\u00f1ola Repatriaci\u00f3n<\/a><\/li> <li><a href=\"https:\/\/idecesos.com\/seguros\/companias\/alianza-espanola\/telefono\/\">Tel\u00e9fono Gratuito Alianza Espa\u00f1ola<\/a><\/li><\/ul><\/div><\/p>\n","protected":false},"excerpt":{"rendered":"<p>En las distintas modalidades que contemplan la m\u00e1s triunfante entre ellos es la p\u00f3liza de decesos de prima mixta de Alianza Espa\u00f1ola. Esto se debe a que re\u00fane lo mejor de la prima natural y la prima nivelada, esto es, hasta cierta edad la prima anualmente va medrando pero prosigue siendo asequible pues se acorta&hellip; <\/p>\n","protected":false},"author":3,"featured_media":0,"parent":6008,"menu_order":0,"comment_status":"closed","ping_status":"closed","template":"single.php","meta":{"footnotes":""},"class_list":["post-11709","page","type-page","status-publish","hentry"],"yoast_head":"<!-- This site is optimized with the Yoast SEO plugin v27.3 - https:\/\/yoast.com\/product\/yoast-seo-wordpress\/ -->\n<title>Seguro Decesos Alianza Espa\u00f1ola Prima Mixta \u25b7 Opiniones y Precio 2026<\/title>\n<meta name=\"description\" content=\"Click aqu\u00ed \u3010Seguro de Decesos Prima Mixta Alianza Espa\u00f1ola\u3011 Mejores precios Alianza Espa\u00f1ola seguro de fallecidos Prima Mixta \u2611\ufe0f Actualizado por iDecesos\u00ae\" \/>\n<meta name=\"robots\" content=\"index, follow, max-snippet:-1, max-image-preview:large, max-video-preview:-1\" \/>\n<link rel=\"canonical\" href=\"https:\/\/idecesos.com\/seguros\/companias\/alianza-espanola\/prima-mixta\/\" \/>\n<meta property=\"og:locale\" content=\"es_ES\" \/>\n<meta property=\"og:type\" content=\"article\" \/>\n<meta property=\"og:title\" content=\"Seguro Decesos Alianza Espa\u00f1ola Prima Mixta \u25b7 Opiniones y Precio 2026\" \/>\n<meta property=\"og:description\" content=\"Click aqu\u00ed \u3010Seguro de Decesos Prima Mixta Alianza Espa\u00f1ola\u3011 Mejores precios Alianza Espa\u00f1ola seguro de fallecidos Prima Mixta \u2611\ufe0f Actualizado por iDecesos\u00ae\" \/>\n<meta property=\"og:url\" content=\"https:\/\/idecesos.com\/seguros\/companias\/alianza-espanola\/prima-mixta\/\" \/>\n<meta property=\"article:modified_time\" content=\"2022-04-05T11:01:18+00:00\" \/>\n<meta name=\"twitter:card\" content=\"summary_large_image\" \/>\n<meta name=\"twitter:label1\" content=\"Tiempo de lectura\" \/>\n\t<meta name=\"twitter:data1\" content=\"4 minutos\" \/>\n<script type=\"application\/ld+json\" class=\"yoast-schema-graph\">{\"@context\":\"https:\\\/\\\/schema.org\",\"@graph\":[{\"@type\":\"WebPage\",\"@id\":\"https:\\\/\\\/idecesos.com\\\/seguros\\\/companias\\\/alianza-espanola\\\/prima-mixta\\\/\",\"url\":\"https:\\\/\\\/idecesos.com\\\/seguros\\\/companias\\\/alianza-espanola\\\/prima-mixta\\\/\",\"name\":\"Seguro Decesos Alianza Espa\u00f1ola Prima Mixta \u25b7 Opiniones y Precio 2026\",\"isPartOf\":{\"@id\":\"https:\\\/\\\/idecesos.com\\\/seguros\\\/#website\"},\"datePublished\":\"2021-11-22T00:00:00+00:00\",\"dateModified\":\"2022-04-05T11:01:18+00:00\",\"description\":\"Click aqu\u00ed \u3010Seguro de Decesos Prima Mixta Alianza Espa\u00f1ola\u3011 Mejores precios Alianza Espa\u00f1ola seguro de fallecidos Prima Mixta \u2611\ufe0f Actualizado por iDecesos\u00ae\",\"breadcrumb\":{\"@id\":\"https:\\\/\\\/idecesos.com\\\/seguros\\\/companias\\\/alianza-espanola\\\/prima-mixta\\\/#breadcrumb\"},\"inLanguage\":\"es\",\"potentialAction\":[{\"@type\":\"ReadAction\",\"target\":[\"https:\\\/\\\/idecesos.com\\\/seguros\\\/companias\\\/alianza-espanola\\\/prima-mixta\\\/\"]}]},{\"@type\":\"BreadcrumbList\",\"@id\":\"https:\\\/\\\/idecesos.com\\\/seguros\\\/companias\\\/alianza-espanola\\\/prima-mixta\\\/#breadcrumb\",\"itemListElement\":[{\"@type\":\"ListItem\",\"position\":1,\"name\":\"Portada\",\"item\":\"https:\\\/\\\/idecesos.com\\\/seguros\\\/\"},{\"@type\":\"ListItem\",\"position\":2,\"name\":\"Compa\u00f1\u00edas de Seguros de Decesos en Espa\u00f1a\",\"item\":\"https:\\\/\\\/idecesos.com\\\/seguros\\\/companias\\\/\"},{\"@type\":\"ListItem\",\"position\":3,\"name\":\"Seguro de decesos Alianza Espa\u00f1ola\",\"item\":\"https:\\\/\\\/idecesos.com\\\/seguros\\\/companias\\\/alianza-espanola\\\/\"},{\"@type\":\"ListItem\",\"position\":4,\"name\":\"Seguro de decesos Alianza Espa\u00f1ola Prima Mixta\"}]},{\"@type\":\"WebSite\",\"@id\":\"https:\\\/\\\/idecesos.com\\\/seguros\\\/#website\",\"url\":\"https:\\\/\\\/idecesos.com\\\/seguros\\\/\",\"name\":\"\",\"description\":\"\",\"potentialAction\":[{\"@type\":\"SearchAction\",\"target\":{\"@type\":\"EntryPoint\",\"urlTemplate\":\"https:\\\/\\\/idecesos.com\\\/seguros\\\/?s={search_term_string}\"},\"query-input\":{\"@type\":\"PropertyValueSpecification\",\"valueRequired\":true,\"valueName\":\"search_term_string\"}}],\"inLanguage\":\"es\"}]}<\/script>\n<!-- \/ Yoast SEO plugin. -->","yoast_head_json":{"title":"Seguro Decesos Alianza Espa\u00f1ola Prima Mixta \u25b7 Opiniones y Precio 2026","description":"Click aqu\u00ed \u3010Seguro de Decesos Prima Mixta Alianza Espa\u00f1ola\u3011 Mejores precios Alianza Espa\u00f1ola seguro de fallecidos Prima Mixta \u2611\ufe0f Actualizado por iDecesos\u00ae","robots":{"index":"index","follow":"follow","max-snippet":"max-snippet:-1","max-image-preview":"max-image-preview:large","max-video-preview":"max-video-preview:-1"},"canonical":"https:\/\/idecesos.com\/seguros\/companias\/alianza-espanola\/prima-mixta\/","og_locale":"es_ES","og_type":"article","og_title":"Seguro Decesos Alianza Espa\u00f1ola Prima Mixta \u25b7 Opiniones y Precio 2026","og_description":"Click aqu\u00ed \u3010Seguro de Decesos Prima Mixta Alianza Espa\u00f1ola\u3011 Mejores precios Alianza Espa\u00f1ola seguro de fallecidos Prima Mixta \u2611\ufe0f Actualizado por iDecesos\u00ae","og_url":"https:\/\/idecesos.com\/seguros\/companias\/alianza-espanola\/prima-mixta\/","article_modified_time":"2022-04-05T11:01:18+00:00","twitter_card":"summary_large_image","twitter_misc":{"Tiempo de lectura":"4 minutos"},"schema":{"@context":"https:\/\/schema.org","@graph":[{"@type":"WebPage","@id":"https:\/\/idecesos.com\/seguros\/companias\/alianza-espanola\/prima-mixta\/","url":"https:\/\/idecesos.com\/seguros\/companias\/alianza-espanola\/prima-mixta\/","name":"Seguro Decesos Alianza Espa\u00f1ola Prima Mixta \u25b7 Opiniones y Precio 2026","isPartOf":{"@id":"https:\/\/idecesos.com\/seguros\/#website"},"datePublished":"2021-11-22T00:00:00+00:00","dateModified":"2022-04-05T11:01:18+00:00","description":"Click aqu\u00ed \u3010Seguro de Decesos Prima Mixta Alianza Espa\u00f1ola\u3011 Mejores precios Alianza Espa\u00f1ola seguro de fallecidos Prima Mixta \u2611\ufe0f Actualizado por iDecesos\u00ae","breadcrumb":{"@id":"https:\/\/idecesos.com\/seguros\/companias\/alianza-espanola\/prima-mixta\/#breadcrumb"},"inLanguage":"es","potentialAction":[{"@type":"ReadAction","target":["https:\/\/idecesos.com\/seguros\/companias\/alianza-espanola\/prima-mixta\/"]}]},{"@type":"BreadcrumbList","@id":"https:\/\/idecesos.com\/seguros\/companias\/alianza-espanola\/prima-mixta\/#breadcrumb","itemListElement":[{"@type":"ListItem","position":1,"name":"Portada","item":"https:\/\/idecesos.com\/seguros\/"},{"@type":"ListItem","position":2,"name":"Compa\u00f1\u00edas de Seguros de Decesos en Espa\u00f1a","item":"https:\/\/idecesos.com\/seguros\/companias\/"},{"@type":"ListItem","position":3,"name":"Seguro de decesos Alianza Espa\u00f1ola","item":"https:\/\/idecesos.com\/seguros\/companias\/alianza-espanola\/"},{"@type":"ListItem","position":4,"name":"Seguro de decesos Alianza Espa\u00f1ola Prima Mixta"}]},{"@type":"WebSite","@id":"https:\/\/idecesos.com\/seguros\/#website","url":"https:\/\/idecesos.com\/seguros\/","name":"","description":"","potentialAction":[{"@type":"SearchAction","target":{"@type":"EntryPoint","urlTemplate":"https:\/\/idecesos.com\/seguros\/?s={search_term_string}"},"query-input":{"@type":"PropertyValueSpecification","valueRequired":true,"valueName":"search_term_string"}}],"inLanguage":"es"}]}},"_links":{"self":[{"href":"https:\/\/idecesos.com\/seguros\/wp-json\/wp\/v2\/pages\/11709","targetHints":{"allow":["GET"]}}],"collection":[{"href":"https:\/\/idecesos.com\/seguros\/wp-json\/wp\/v2\/pages"}],"about":[{"href":"https:\/\/idecesos.com\/seguros\/wp-json\/wp\/v2\/types\/page"}],"author":[{"embeddable":true,"href":"https:\/\/idecesos.com\/seguros\/wp-json\/wp\/v2\/users\/3"}],"replies":[{"embeddable":true,"href":"https:\/\/idecesos.com\/seguros\/wp-json\/wp\/v2\/comments?post=11709"}],"version-history":[{"count":2,"href":"https:\/\/idecesos.com\/seguros\/wp-json\/wp\/v2\/pages\/11709\/revisions"}],"predecessor-version":[{"id":21003,"href":"https:\/\/idecesos.com\/seguros\/wp-json\/wp\/v2\/pages\/11709\/revisions\/21003"}],"up":[{"embeddable":true,"href":"https:\/\/idecesos.com\/seguros\/wp-json\/wp\/v2\/pages\/6008"}],"wp:attachment":[{"href":"https:\/\/idecesos.com\/seguros\/wp-json\/wp\/v2\/media?parent=11709"}],"curies":[{"name":"wp","href":"https:\/\/api.w.org\/{rel}","templated":true}]}}