{"id":11713,"date":"2021-11-22T00:00:00","date_gmt":"2021-11-22T00:00:00","guid":{"rendered":"https:\/\/idecesos.com\/seguros\/?page_id=11713"},"modified":"2022-04-05T11:03:24","modified_gmt":"2022-04-05T11:03:24","slug":"prima-natural","status":"publish","type":"page","link":"https:\/\/idecesos.com\/seguros\/companias\/alianza-espanola\/prima-natural\/","title":{"rendered":"Seguro de decesos Alianza Espa\u00f1ola Prima Natural"},"content":{"rendered":"<div id=\"ez-toc-container\" class=\"ez-toc-v2_0_82_2 ez-toc-wrap-center counter-hierarchy ez-toc-counter ez-toc-custom ez-toc-container-direction\">\n<div class=\"ez-toc-title-container\">\n<p class=\"ez-toc-title\" style=\"cursor:inherit\">Tabla de Contenido<\/p>\n<span class=\"ez-toc-title-toggle\"><a href=\"#\" class=\"ez-toc-pull-right ez-toc-btn ez-toc-btn-xs ez-toc-btn-default ez-toc-toggle\" aria-label=\"Alternar tabla de contenidos\"><span class=\"ez-toc-js-icon-con\"><span class=\"\"><span class=\"eztoc-hide\" style=\"display:none;\">Toggle<\/span><span class=\"ez-toc-icon-toggle-span\"><svg style=\"fill: #db6415;color:#db6415\" xmlns=\"http:\/\/www.w3.org\/2000\/svg\" class=\"list-377408\" width=\"20px\" height=\"20px\" viewBox=\"0 0 24 24\" fill=\"none\"><path d=\"M6 6H4v2h2V6zm14 0H8v2h12V6zM4 11h2v2H4v-2zm16 0H8v2h12v-2zM4 16h2v2H4v-2zm16 0H8v2h12v-2z\" fill=\"currentColor\"><\/path><\/svg><svg style=\"fill: #db6415;color:#db6415\" class=\"arrow-unsorted-368013\" xmlns=\"http:\/\/www.w3.org\/2000\/svg\" width=\"10px\" height=\"10px\" viewBox=\"0 0 24 24\" version=\"1.2\" baseProfile=\"tiny\"><path d=\"M18.2 9.3l-6.2-6.3-6.2 6.3c-.2.2-.3.4-.3.7s.1.5.3.7c.2.2.4.3.7.3h11c.3 0 .5-.1.7-.3.2-.2.3-.5.3-.7s-.1-.5-.3-.7zM5.8 14.7l6.2 6.3 6.2-6.3c.2-.2.3-.5.3-.7s-.1-.5-.3-.7c-.2-.2-.4-.3-.7-.3h-11c-.3 0-.5.1-.7.3-.2.2-.3.5-.3.7s.1.5.3.7z\"\/><\/svg><\/span><\/span><\/span><\/a><\/span><\/div>\n<nav><ul class='ez-toc-list ez-toc-list-level-1 ' ><li class='ez-toc-page-1 ez-toc-heading-level-2'><a class=\"ez-toc-link ez-toc-heading-1\" href=\"https:\/\/idecesos.com\/seguros\/companias\/alianza-espanola\/prima-natural\/#Coberturas_seguro_Prima_Natural_Alianza_Espanola\" >Coberturas seguro Prima Natural Alianza Espa\u00f1ola<\/a><ul class='ez-toc-list-level-3' ><li class='ez-toc-heading-level-3'><a class=\"ez-toc-link ez-toc-heading-2\" href=\"https:\/\/idecesos.com\/seguros\/companias\/alianza-espanola\/prima-natural\/#%C2%BFA_quien_va_dirigido_el_seguro_de_decesos_Prima_Natural_de_Alianza_Espanola\" >\u00bfA qui\u00e9n va dirigido el seguro de decesos Prima Natural de Alianza Espa\u00f1ola?<\/a><\/li><\/ul><\/li><li class='ez-toc-page-1 ez-toc-heading-level-2'><a class=\"ez-toc-link ez-toc-heading-3\" href=\"https:\/\/idecesos.com\/seguros\/companias\/alianza-espanola\/prima-natural\/#Precio_de_seguro_de_decesos_Prima_Natural_Alianza_Espanola\" >Precio de seguro de decesos Prima Natural Alianza Espa\u00f1ola<\/a><\/li><li class='ez-toc-page-1 ez-toc-heading-level-2'><a class=\"ez-toc-link ez-toc-heading-4\" href=\"https:\/\/idecesos.com\/seguros\/companias\/alianza-espanola\/prima-natural\/#Productos_Prima_Natural_Alianza_Espanola\" >Productos Prima Natural Alianza Espa\u00f1ola<\/a><\/li><li class='ez-toc-page-1 ez-toc-heading-level-2'><a class=\"ez-toc-link ez-toc-heading-5\" href=\"https:\/\/idecesos.com\/seguros\/companias\/alianza-espanola\/prima-natural\/#Opiniones_del_seguro_de_decesos_de_Prima_Natural_de_Alianza_Espanola\" >Opiniones del seguro de decesos de Prima Natural de Alianza Espa\u00f1ola<\/a><ul class='ez-toc-list-level-3' ><li class='ez-toc-heading-level-3'><a class=\"ez-toc-link ez-toc-heading-6\" href=\"https:\/\/idecesos.com\/seguros\/companias\/alianza-espanola\/prima-natural\/#Paginas_relacionadas\" >P\u00e1ginas relacionadas<\/a><\/li><\/ul><\/li><\/ul><\/nav><\/div>\n\n<p>El seguro de prima natural de Alianza Espa\u00f1ola es el que examina su precio de forma anual renovable a medida que los asegurados van cumpliendo a\u00f1os y aumenta el precio muy tenuemente y conforme la suma asegurada del servicio mortuorio en todos los a\u00f1os. Alianza Espa\u00f1ola dise\u00f1\u00f3 este producto para personas o familias con asegurados j\u00f3venes que desean contratar un seguro de decesos de prima natural asequible en el instante actual, sin previsiones a futuro. La creaci\u00f3n de este producto es para las familias que cuenten con asegurados j\u00f3venes de las que quieran conseguir un seguro de decesos de prima natural de Alianza Espa\u00f1ola que resultara econ\u00f3mico. Este producto naci\u00f3 con el fin de que cada persona o n\u00facleos familiares. con asegurados j\u00f3venes, a la hora de contratar el seguro de decesos de prima natural de Alianza Espa\u00f1ola es completamente m\u00e1s barata.<\/p>\n<p>Leer m\u00e1s: <a href=\"https:\/\/idecesos.com\/seguros\/tipo\/natural\/\">Seguro de decesos Prima Natural<\/a><\/p>\n<div class=\"colorf \"  ><div class=\"container clearfix\"><div class=\"col-md-7\"><\/p>\n<h2><span class=\"ez-toc-section\" id=\"Coberturas_seguro_Prima_Natural_Alianza_Espanola\"><\/span>Coberturas seguro Prima Natural Alianza Espa\u00f1ola<span class=\"ez-toc-section-end\"><\/span><\/h2>\n<p>Cada cliente del servicio que cuenta con el seguro de decesos de prima natural de Alianza Espa\u00f1ola est\u00e1 satisfecho ya que dan las coberturas m\u00e1s resaltables del mercado y cuentan con otras coberturas. El servicio mortuorio va a quedar completamente cubierto y cualquier gesti\u00f3n que se deba de tener durante ese proceso. Es decir, ya no s\u00f3lo cubre el entierro, sino que va camino de ser un multirriesgo familiar y que se usen sus garant\u00edas por la parte de los asegurados, as\u00ed aumentan la fidelidad del usuario de Alianza Espa\u00f1ola. El servicio de funerario de Alianza Espa\u00f1ola del seguro de prima natural se har\u00e1 con las medidas correspondientes as\u00ed como dejando al completo todas y cada una de las coberturas oportunas, desde el desplazamiento del fallecido, acondicionar en detalle al cad\u00e1ver a fin de que luzca de manera presentable para sus familiares que se encargaran los especialistas en este proceso, aparte de contar con corona floral, acto religioso si la familia opta por esta raz\u00f3n. Se acondicionara todo conforme a las costumbres o bien gustos de su familia. Tambi\u00e9n, la cobertura de entierro en caso de inhumaci\u00f3n o cremaci\u00f3n si desean una incineraci\u00f3n, adem\u00e1s se realizar\u00e1n todos y cada uno de los tr\u00e1mites para el adecuado y legal registro del fallecido con su certificado m\u00e9dico de defunci\u00f3n. Dejando en claro todas las coberturas que contempla el seguro de prima natural de Alianza Espa\u00f1ola, es indudablemente que no surgir\u00e1 ninguna duda al respecto.<\/p>\n<p><\/div><\/div><\/div>\n<h3><span class=\"ez-toc-section\" id=\"%C2%BFA_quien_va_dirigido_el_seguro_de_decesos_Prima_Natural_de_Alianza_Espanola\"><\/span>\u00bfA qui\u00e9n va dirigido el seguro de decesos Prima Natural de Alianza Espa\u00f1ola?<span class=\"ez-toc-section-end\"><\/span><\/h3>\n<p>La mayor parte de clientes del servicio que opta por esta p\u00f3liza de prima natural de Alianza Espa\u00f1ola es por las coberturas que le cubrir\u00e1n en cualquier situaci\u00f3n y adem\u00e1s de esto resulte financieramente asequible de abonar. En su gran mayor\u00eda, este p\u00fablico con el paso del tiempo se cambia a otro tipo de prima que contenga m\u00e1s esas subidas de precio.<\/p>\n<div class=\"colorf \"  ><div class=\"container clearfix\"><div class=\"col-md-7\"><\/p>\n<h2><span class=\"ez-toc-section\" id=\"Precio_de_seguro_de_decesos_Prima_Natural_Alianza_Espanola\"><\/span>Precio de seguro de decesos Prima Natural Alianza Espa\u00f1ola<span class=\"ez-toc-section-end\"><\/span><\/h2>\n<p>El precio de prima natural des desde 2,10\u20ac mensual, el c\u00e1lculo se ha efectuado tomando de punto propio la edad de la persona m\u00e1s joven el lugar donde vive y el servicio funerario sea el m\u00e1s econ\u00f3mico. El seguro de prima natural de Alianza Espa\u00f1ola resulta financieramente econ\u00f3mico para el rango de personas j\u00f3venes por lo que resultar\u00e1 interesante la contrataci\u00f3n de la p\u00f3liza de prima natural Alianza Espa\u00f1ola.<\/p>\n<p><\/div><\/div><\/div>\n<h2><span class=\"ez-toc-section\" id=\"Productos_Prima_Natural_Alianza_Espanola\"><\/span>Productos Prima Natural Alianza Espa\u00f1ola<span class=\"ez-toc-section-end\"><\/span><\/h2>\n<div class=\"colorf\"><div class=\"container clearfix\"><div class=\"col-md-7\"><div class=\"opiniones\">\n<h2><span class=\"ez-toc-section\" id=\"Opiniones_del_seguro_de_decesos_de_Prima_Natural_de_Alianza_Espanola\"><\/span>Opiniones del seguro de decesos de Prima Natural de Alianza Espa\u00f1ola<span class=\"ez-toc-section-end\"><\/span><\/h2>\n<div class=\"opinion \"  >\n\t\t\t<div class=\"cabecera_opinion\">\n\t\t\t\t<div class=\"avatar\">A M <\/div>\n\t\t\t\t<div class=\"datos_opinion\">\n\t\t\t\t\t<div class=\"nombre_opinion\">Aron mejias<\/div>\n\t\t\t\t\t<div class=\"info_opinion\">\t\t\t\t\t\t\n\t\t\t\t\t\t<div class=\"cuenta_opinion\"><i class=\"fas fa-pencil-alt\"><\/i><!--span class=\"dashicons dashicons-edit\" style=\"font-size:20px\"><\/span--><span>1 Opini\u00f3n<\/span><\/div>\t\t\t\t\t\t\n\t\t\t\t\t\t<div class=\"localizacion_opinion\">\n\t\t\t\t\t\t\t<i class=\"fas fa-map-marker-alt\"><\/i><!--span class=\"dashicons dashicons-location\" style=\"font-size:20px\"><\/span-->\n\t\t\t\t\t\t\t<span>ES<\/span>\n\t\t\t\t\t\t<\/div>\t\n\t\t\t\t\t<\/div>\n\t\t\t\t<\/div>\n\t\t\t<\/div><div class=\"texto_opinion\"><\/p>\n<p>S\u00e9 que al principio os parecer\u00e1 un poco m\u00e1s complicado dar con la aseguradora y que adem\u00e1s de ello cumplan con las cl\u00e1usulas que se\u00f1alan, adem\u00e1s de todo ello de que la prima sea suficientemente buena, yo os recomiendo Alianza Espa\u00f1ola debido que cuenta con todas las caracter\u00edsticas necesarias para contar con \u00e9l, como adem\u00e1s de esto de la profesionalidad que tienen, os comento que teng\u00e1is en cuenta que cada a\u00f1o ocurre una subida, con el de forma natural ya que no es siempre y en todo momento el mismo pago, para que lo teng\u00e1is en cuenta al momento de contratarlo de Alianza Espa\u00f1ola.<\/p>\n<p><\/div><\/div>\n<div class=\"opinion \"  >\n\t\t\t<div class=\"cabecera_opinion\">\n\t\t\t\t<div class=\"avatar\">S A <\/div>\n\t\t\t\t<div class=\"datos_opinion\">\n\t\t\t\t\t<div class=\"nombre_opinion\">Sandra Alberdi<\/div>\n\t\t\t\t\t<div class=\"info_opinion\">\t\t\t\t\t\t\n\t\t\t\t\t\t<div class=\"cuenta_opinion\"><i class=\"fas fa-pencil-alt\"><\/i><!--span class=\"dashicons dashicons-edit\" style=\"font-size:20px\"><\/span--><span>1 Opini\u00f3n<\/span><\/div>\t\t\t\t\t\t\n\t\t\t\t\t\t<div class=\"localizacion_opinion\">\n\t\t\t\t\t\t\t<i class=\"fas fa-map-marker-alt\"><\/i><!--span class=\"dashicons dashicons-location\" style=\"font-size:20px\"><\/span-->\n\t\t\t\t\t\t\t<span>ES<\/span>\n\t\t\t\t\t\t<\/div>\t\n\t\t\t\t\t<\/div>\n\t\t\t\t<\/div>\n\t\t\t<\/div><div class=\"texto_opinion\"><\/p>\n<p>Alianza Espa\u00f1ola de la mejor que hay en el mercado con respecto al seguro de prima natural.<\/p>\n<p><\/div><\/div>\n<div class=\"opinion \"  >\n\t\t\t<div class=\"cabecera_opinion\">\n\t\t\t\t<div class=\"avatar\">C M <\/div>\n\t\t\t\t<div class=\"datos_opinion\">\n\t\t\t\t\t<div class=\"nombre_opinion\">Carmelo Miranda<\/div>\n\t\t\t\t\t<div class=\"info_opinion\">\t\t\t\t\t\t\n\t\t\t\t\t\t<div class=\"cuenta_opinion\"><i class=\"fas fa-pencil-alt\"><\/i><!--span class=\"dashicons dashicons-edit\" style=\"font-size:20px\"><\/span--><span>1 Opini\u00f3n<\/span><\/div>\t\t\t\t\t\t\n\t\t\t\t\t\t<div class=\"localizacion_opinion\">\n\t\t\t\t\t\t\t<i class=\"fas fa-map-marker-alt\"><\/i><!--span class=\"dashicons dashicons-location\" style=\"font-size:20px\"><\/span-->\n\t\t\t\t\t\t\t<span>ES<\/span>\n\t\t\t\t\t\t<\/div>\t\n\t\t\t\t\t<\/div>\n\t\t\t\t<\/div>\n\t\t\t<\/div><div class=\"texto_opinion\"><\/p>\n<p>Lo aconsejo al 100 por ciento Alianza Espa\u00f1ola las coberturas que cuenta con el seguro de decesos de prima natural es incre\u00edble, adem\u00e1s de esto de ello pertenezco a un rango de edad joven por lo que me resulta bastante econ\u00f3mico.<\/p>\n<p><\/div><\/div>\n<\/div><\/div><\/div><\/div>\n<p><div class=\"oficinas\"><br \/>\n<!-- Shortcode [alianza-espa%c3%b1ola-hijas] does not exist --><\/p>\n<p><\/div> <h3><span class=\"ez-toc-section\" id=\"Paginas_relacionadas\"><\/span>P\u00e1ginas relacionadas<span class=\"ez-toc-section-end\"><\/span><\/h3><div class=\"enlazado\"><ul> <li><a href=\"https:\/\/idecesos.com\/seguros\/companias\/alianza-espanola\/opiniones\/\">Opiniones Alianza Espa\u00f1ola<\/a><\/li> <li><a href=\"https:\/\/idecesos.com\/seguros\/companias\/alianza-espanola\/precio\/\">Precio seguro Alianza Espa\u00f1ola<\/a><\/li> <li><a href=\"https:\/\/idecesos.com\/seguros\/companias\/alianza-espanola\/prima-mixta\/\">Alianza Espa\u00f1ola Prima Mixta<\/a><\/li> <li><a href=\"https:\/\/idecesos.com\/seguros\/companias\/alianza-espanola\/prima-natural\/\">Alianza Espa\u00f1ola Prima Natural<\/a><\/li> <li><a href=\"https:\/\/idecesos.com\/seguros\/companias\/alianza-espanola\/prima-nivelada\/\">Alianza Espa\u00f1ola Prima Nivelada<\/a><\/li> <li><a href=\"https:\/\/idecesos.com\/seguros\/companias\/alianza-espanola\/prima-unica\/\">Alianza Espa\u00f1ola Prima \u00danica<\/a><\/li> <li><a href=\"https:\/\/idecesos.com\/seguros\/companias\/alianza-espanola\/repatriacion\/\">Alianza Espa\u00f1ola Repatriaci\u00f3n<\/a><\/li> <li><a href=\"https:\/\/idecesos.com\/seguros\/companias\/alianza-espanola\/telefono\/\">Tel\u00e9fono Gratuito Alianza Espa\u00f1ola<\/a><\/li><\/ul><\/div><\/p>\n","protected":false},"excerpt":{"rendered":"<p>El seguro de prima natural de Alianza Espa\u00f1ola es el que examina su precio de forma anual renovable a medida que los asegurados van cumpliendo a\u00f1os y aumenta el precio muy tenuemente y conforme la suma asegurada del servicio mortuorio en todos los a\u00f1os. Alianza Espa\u00f1ola dise\u00f1\u00f3 este producto para personas o familias con asegurados&hellip; <\/p>\n","protected":false},"author":3,"featured_media":0,"parent":6008,"menu_order":0,"comment_status":"closed","ping_status":"closed","template":"single.php","meta":{"footnotes":""},"class_list":["post-11713","page","type-page","status-publish","hentry"],"yoast_head":"<!-- This site is optimized with the Yoast SEO plugin v27.3 - https:\/\/yoast.com\/product\/yoast-seo-wordpress\/ -->\n<title>Seguro Decesos Alianza Espa\u00f1ola Prima Natural \u25b7 Opiniones y Precio 2026<\/title>\n<meta name=\"description\" content=\"Click aqu\u00ed \u3010Seguro de Decesos Prima Natural Alianza Espa\u00f1ola\u3011 Mejores precios Alianza Espa\u00f1ola seguro de fallecidos Prima Natural \u2611\ufe0f Actualizado por iDecesos\u00ae\" \/>\n<meta name=\"robots\" content=\"index, follow, max-snippet:-1, max-image-preview:large, max-video-preview:-1\" \/>\n<link rel=\"canonical\" href=\"https:\/\/idecesos.com\/seguros\/companias\/alianza-espanola\/prima-natural\/\" \/>\n<meta property=\"og:locale\" content=\"es_ES\" \/>\n<meta property=\"og:type\" content=\"article\" \/>\n<meta property=\"og:title\" content=\"Seguro Decesos Alianza Espa\u00f1ola Prima Natural \u25b7 Opiniones y Precio 2026\" \/>\n<meta property=\"og:description\" content=\"Click aqu\u00ed \u3010Seguro de Decesos Prima Natural Alianza Espa\u00f1ola\u3011 Mejores precios Alianza Espa\u00f1ola seguro de fallecidos Prima Natural \u2611\ufe0f Actualizado por iDecesos\u00ae\" \/>\n<meta property=\"og:url\" content=\"https:\/\/idecesos.com\/seguros\/companias\/alianza-espanola\/prima-natural\/\" \/>\n<meta property=\"article:modified_time\" content=\"2022-04-05T11:03:24+00:00\" \/>\n<meta name=\"twitter:card\" content=\"summary_large_image\" \/>\n<meta name=\"twitter:label1\" content=\"Tiempo de lectura\" \/>\n\t<meta name=\"twitter:data1\" content=\"4 minutos\" \/>\n<script type=\"application\/ld+json\" class=\"yoast-schema-graph\">{\"@context\":\"https:\\\/\\\/schema.org\",\"@graph\":[{\"@type\":\"WebPage\",\"@id\":\"https:\\\/\\\/idecesos.com\\\/seguros\\\/companias\\\/alianza-espanola\\\/prima-natural\\\/\",\"url\":\"https:\\\/\\\/idecesos.com\\\/seguros\\\/companias\\\/alianza-espanola\\\/prima-natural\\\/\",\"name\":\"Seguro Decesos Alianza Espa\u00f1ola Prima Natural \u25b7 Opiniones y Precio 2026\",\"isPartOf\":{\"@id\":\"https:\\\/\\\/idecesos.com\\\/seguros\\\/#website\"},\"datePublished\":\"2021-11-22T00:00:00+00:00\",\"dateModified\":\"2022-04-05T11:03:24+00:00\",\"description\":\"Click aqu\u00ed \u3010Seguro de Decesos Prima Natural Alianza Espa\u00f1ola\u3011 Mejores precios Alianza Espa\u00f1ola seguro de fallecidos Prima Natural \u2611\ufe0f Actualizado por iDecesos\u00ae\",\"breadcrumb\":{\"@id\":\"https:\\\/\\\/idecesos.com\\\/seguros\\\/companias\\\/alianza-espanola\\\/prima-natural\\\/#breadcrumb\"},\"inLanguage\":\"es\",\"potentialAction\":[{\"@type\":\"ReadAction\",\"target\":[\"https:\\\/\\\/idecesos.com\\\/seguros\\\/companias\\\/alianza-espanola\\\/prima-natural\\\/\"]}]},{\"@type\":\"BreadcrumbList\",\"@id\":\"https:\\\/\\\/idecesos.com\\\/seguros\\\/companias\\\/alianza-espanola\\\/prima-natural\\\/#breadcrumb\",\"itemListElement\":[{\"@type\":\"ListItem\",\"position\":1,\"name\":\"Portada\",\"item\":\"https:\\\/\\\/idecesos.com\\\/seguros\\\/\"},{\"@type\":\"ListItem\",\"position\":2,\"name\":\"Compa\u00f1\u00edas de Seguros de Decesos en Espa\u00f1a\",\"item\":\"https:\\\/\\\/idecesos.com\\\/seguros\\\/companias\\\/\"},{\"@type\":\"ListItem\",\"position\":3,\"name\":\"Seguro de decesos Alianza Espa\u00f1ola\",\"item\":\"https:\\\/\\\/idecesos.com\\\/seguros\\\/companias\\\/alianza-espanola\\\/\"},{\"@type\":\"ListItem\",\"position\":4,\"name\":\"Seguro de decesos Alianza Espa\u00f1ola Prima Natural\"}]},{\"@type\":\"WebSite\",\"@id\":\"https:\\\/\\\/idecesos.com\\\/seguros\\\/#website\",\"url\":\"https:\\\/\\\/idecesos.com\\\/seguros\\\/\",\"name\":\"\",\"description\":\"\",\"potentialAction\":[{\"@type\":\"SearchAction\",\"target\":{\"@type\":\"EntryPoint\",\"urlTemplate\":\"https:\\\/\\\/idecesos.com\\\/seguros\\\/?s={search_term_string}\"},\"query-input\":{\"@type\":\"PropertyValueSpecification\",\"valueRequired\":true,\"valueName\":\"search_term_string\"}}],\"inLanguage\":\"es\"}]}<\/script>\n<!-- \/ Yoast SEO plugin. -->","yoast_head_json":{"title":"Seguro Decesos Alianza Espa\u00f1ola Prima Natural \u25b7 Opiniones y Precio 2026","description":"Click aqu\u00ed \u3010Seguro de Decesos Prima Natural Alianza Espa\u00f1ola\u3011 Mejores precios Alianza Espa\u00f1ola seguro de fallecidos Prima Natural \u2611\ufe0f Actualizado por iDecesos\u00ae","robots":{"index":"index","follow":"follow","max-snippet":"max-snippet:-1","max-image-preview":"max-image-preview:large","max-video-preview":"max-video-preview:-1"},"canonical":"https:\/\/idecesos.com\/seguros\/companias\/alianza-espanola\/prima-natural\/","og_locale":"es_ES","og_type":"article","og_title":"Seguro Decesos Alianza Espa\u00f1ola Prima Natural \u25b7 Opiniones y Precio 2026","og_description":"Click aqu\u00ed \u3010Seguro de Decesos Prima Natural Alianza Espa\u00f1ola\u3011 Mejores precios Alianza Espa\u00f1ola seguro de fallecidos Prima Natural \u2611\ufe0f Actualizado por iDecesos\u00ae","og_url":"https:\/\/idecesos.com\/seguros\/companias\/alianza-espanola\/prima-natural\/","article_modified_time":"2022-04-05T11:03:24+00:00","twitter_card":"summary_large_image","twitter_misc":{"Tiempo de lectura":"4 minutos"},"schema":{"@context":"https:\/\/schema.org","@graph":[{"@type":"WebPage","@id":"https:\/\/idecesos.com\/seguros\/companias\/alianza-espanola\/prima-natural\/","url":"https:\/\/idecesos.com\/seguros\/companias\/alianza-espanola\/prima-natural\/","name":"Seguro Decesos Alianza Espa\u00f1ola Prima Natural \u25b7 Opiniones y Precio 2026","isPartOf":{"@id":"https:\/\/idecesos.com\/seguros\/#website"},"datePublished":"2021-11-22T00:00:00+00:00","dateModified":"2022-04-05T11:03:24+00:00","description":"Click aqu\u00ed \u3010Seguro de Decesos Prima Natural Alianza Espa\u00f1ola\u3011 Mejores precios Alianza Espa\u00f1ola seguro de fallecidos Prima Natural \u2611\ufe0f Actualizado por iDecesos\u00ae","breadcrumb":{"@id":"https:\/\/idecesos.com\/seguros\/companias\/alianza-espanola\/prima-natural\/#breadcrumb"},"inLanguage":"es","potentialAction":[{"@type":"ReadAction","target":["https:\/\/idecesos.com\/seguros\/companias\/alianza-espanola\/prima-natural\/"]}]},{"@type":"BreadcrumbList","@id":"https:\/\/idecesos.com\/seguros\/companias\/alianza-espanola\/prima-natural\/#breadcrumb","itemListElement":[{"@type":"ListItem","position":1,"name":"Portada","item":"https:\/\/idecesos.com\/seguros\/"},{"@type":"ListItem","position":2,"name":"Compa\u00f1\u00edas de Seguros de Decesos en Espa\u00f1a","item":"https:\/\/idecesos.com\/seguros\/companias\/"},{"@type":"ListItem","position":3,"name":"Seguro de decesos Alianza Espa\u00f1ola","item":"https:\/\/idecesos.com\/seguros\/companias\/alianza-espanola\/"},{"@type":"ListItem","position":4,"name":"Seguro de decesos Alianza Espa\u00f1ola Prima Natural"}]},{"@type":"WebSite","@id":"https:\/\/idecesos.com\/seguros\/#website","url":"https:\/\/idecesos.com\/seguros\/","name":"","description":"","potentialAction":[{"@type":"SearchAction","target":{"@type":"EntryPoint","urlTemplate":"https:\/\/idecesos.com\/seguros\/?s={search_term_string}"},"query-input":{"@type":"PropertyValueSpecification","valueRequired":true,"valueName":"search_term_string"}}],"inLanguage":"es"}]}},"_links":{"self":[{"href":"https:\/\/idecesos.com\/seguros\/wp-json\/wp\/v2\/pages\/11713","targetHints":{"allow":["GET"]}}],"collection":[{"href":"https:\/\/idecesos.com\/seguros\/wp-json\/wp\/v2\/pages"}],"about":[{"href":"https:\/\/idecesos.com\/seguros\/wp-json\/wp\/v2\/types\/page"}],"author":[{"embeddable":true,"href":"https:\/\/idecesos.com\/seguros\/wp-json\/wp\/v2\/users\/3"}],"replies":[{"embeddable":true,"href":"https:\/\/idecesos.com\/seguros\/wp-json\/wp\/v2\/comments?post=11713"}],"version-history":[{"count":2,"href":"https:\/\/idecesos.com\/seguros\/wp-json\/wp\/v2\/pages\/11713\/revisions"}],"predecessor-version":[{"id":21005,"href":"https:\/\/idecesos.com\/seguros\/wp-json\/wp\/v2\/pages\/11713\/revisions\/21005"}],"up":[{"embeddable":true,"href":"https:\/\/idecesos.com\/seguros\/wp-json\/wp\/v2\/pages\/6008"}],"wp:attachment":[{"href":"https:\/\/idecesos.com\/seguros\/wp-json\/wp\/v2\/media?parent=11713"}],"curies":[{"name":"wp","href":"https:\/\/api.w.org\/{rel}","templated":true}]}}