{"id":11717,"date":"2021-11-23T00:00:00","date_gmt":"2021-11-23T00:00:00","guid":{"rendered":"https:\/\/idecesos.com\/seguros\/?page_id=11717"},"modified":"2022-04-05T09:54:10","modified_gmt":"2022-04-05T09:54:10","slug":"repatriacion","status":"publish","type":"page","link":"https:\/\/idecesos.com\/seguros\/companias\/linea-directa\/repatriacion\/","title":{"rendered":"Seguro de decesos L\u00ednea Directa con repatriaci\u00f3n"},"content":{"rendered":"<div id=\"ez-toc-container\" class=\"ez-toc-v2_0_83 ez-toc-wrap-center counter-hierarchy ez-toc-counter ez-toc-custom ez-toc-container-direction\">\n<div class=\"ez-toc-title-container\">\n<p class=\"ez-toc-title\" style=\"cursor:inherit\">Tabla de Contenido<\/p>\n<span class=\"ez-toc-title-toggle\"><a href=\"#\" class=\"ez-toc-pull-right ez-toc-btn ez-toc-btn-xs ez-toc-btn-default ez-toc-toggle\" aria-label=\"Alternar tabla de contenidos\"><span class=\"ez-toc-js-icon-con\"><span class=\"\"><span class=\"eztoc-hide\" style=\"display:none;\">Toggle<\/span><span class=\"ez-toc-icon-toggle-span\"><svg style=\"fill: #db6415;color:#db6415\" xmlns=\"http:\/\/www.w3.org\/2000\/svg\" class=\"list-377408\" width=\"20px\" height=\"20px\" viewBox=\"0 0 24 24\" fill=\"none\"><path d=\"M6 6H4v2h2V6zm14 0H8v2h12V6zM4 11h2v2H4v-2zm16 0H8v2h12v-2zM4 16h2v2H4v-2zm16 0H8v2h12v-2z\" fill=\"currentColor\"><\/path><\/svg><svg style=\"fill: #db6415;color:#db6415\" class=\"arrow-unsorted-368013\" xmlns=\"http:\/\/www.w3.org\/2000\/svg\" width=\"10px\" height=\"10px\" viewBox=\"0 0 24 24\" version=\"1.2\" baseProfile=\"tiny\"><path d=\"M18.2 9.3l-6.2-6.3-6.2 6.3c-.2.2-.3.4-.3.7s.1.5.3.7c.2.2.4.3.7.3h11c.3 0 .5-.1.7-.3.2-.2.3-.5.3-.7s-.1-.5-.3-.7zM5.8 14.7l6.2 6.3 6.2-6.3c.2-.2.3-.5.3-.7s-.1-.5-.3-.7c-.2-.2-.4-.3-.7-.3h-11c-.3 0-.5.1-.7.3-.2.2-.3.5-.3.7s.1.5.3.7z\"\/><\/svg><\/span><\/span><\/span><\/a><\/span><\/div>\n<nav><ul class='ez-toc-list ez-toc-list-level-1 ' ><li class='ez-toc-page-1 ez-toc-heading-level-2'><a class=\"ez-toc-link ez-toc-heading-1\" href=\"https:\/\/idecesos.com\/seguros\/companias\/linea-directa\/repatriacion\/#Coberturas_seguro_Linea_Directa_con_repatriacion\" >Coberturas seguro L\u00ednea Directa con repatriaci\u00f3n<\/a><ul class='ez-toc-list-level-3' ><li class='ez-toc-heading-level-3'><a class=\"ez-toc-link ez-toc-heading-2\" href=\"https:\/\/idecesos.com\/seguros\/companias\/linea-directa\/repatriacion\/#%C2%BFA_quien_va_dirigido_el_seguro_de_decesos_con_repatriacion_de_Linea_Directa\" >\u00bfA qui\u00e9n va dirigido el seguro de decesos con repatriaci\u00f3n de L\u00ednea Directa?<\/a><\/li><\/ul><\/li><li class='ez-toc-page-1 ez-toc-heading-level-2'><a class=\"ez-toc-link ez-toc-heading-3\" href=\"https:\/\/idecesos.com\/seguros\/companias\/linea-directa\/repatriacion\/#Precio_de_seguro_de_decesos_Linea_Directa_con_repatriacion\" >Precio de seguro de decesos L\u00ednea Directa con repatriaci\u00f3n<\/a><\/li><li class='ez-toc-page-1 ez-toc-heading-level-2'><a class=\"ez-toc-link ez-toc-heading-4\" href=\"https:\/\/idecesos.com\/seguros\/companias\/linea-directa\/repatriacion\/#Productos_Repatriacion_Linea_Directa\" >Productos Repatriaci\u00f3n L\u00ednea Directa<\/a><\/li><li class='ez-toc-page-1 ez-toc-heading-level-2'><a class=\"ez-toc-link ez-toc-heading-5\" href=\"https:\/\/idecesos.com\/seguros\/companias\/linea-directa\/repatriacion\/#Opiniones_del_seguro_de_decesos_de_Repatriacion_de_Linea_Directa\" >Opiniones del seguro de decesos de Repatriaci\u00f3n de L\u00ednea Directa<\/a><\/li><\/ul><\/nav><\/div>\n\n<p>Dentro de todas y cada una de las coberturas que pueda incluir el seguro de repatriaci\u00f3n L\u00ednea Directa quedar\u00e1n las adicionales que vas a poder incluir siempre y cuando quieras. Dentro de los \u00faltimos tiempos varias personas como es el caso de Ruman\u00eda 622555 o Ecuador con 4155310, han descuidado su pa\u00eds de origen para radicar en Espa\u00f1a. Es de suma importancia prepararnos para lo que pueda suceder, es ir edificando poco a poco una soluci\u00f3n a cualquier inconveniente que nos pueda surgir y no te coja de imprevisible si no con todo bajo control. En el momento del \u00f3bito te encuentres fuera de tu pa\u00eds de origen, con el seguro de repatriaci\u00f3n tienes garantizado el regreso a tu pa\u00eds de origen de forma inmediata. \u00a1\u00bfQuieres dar serenidad a tus seres queridos, eres emigrante, entonces esto es para ti?!.<\/p>\n<p>Leer m\u00e1s: <a href=\"https:\/\/idecesos.com\/seguros\/tipo\/extranjeros-repatriacion\/\">Seguro de decesos con repatriaci\u00f3n<\/a><\/p>\n<div class=\"colorf \"  ><div class=\"container clearfix\"><div class=\"col-md-7\"><\/p>\n<h2><span class=\"ez-toc-section\" id=\"Coberturas_seguro_Linea_Directa_con_repatriacion\"><\/span>Coberturas seguro L\u00ednea Directa con repatriaci\u00f3n<span class=\"ez-toc-section-end\"><\/span><\/h2>\n<p>Las coberturas de decesos de repatriaci\u00f3n en L\u00ednea Directa es aquel seguro en el que vas a poder contar con garant\u00edas para todas aquellas personas extranjeras que residan en Espa\u00f1a, quedando cubierto todo los gastos del traslado, en el momento del \u00f3bito, siendo llevado sus restos mortales a su pa\u00eds de origen. Por ello es uno de los servicios con una usabilidad muy importante que quedan cubiertos dentro en conjunto con el resto coberturas. Existen diferentes modalidades de poder obtener esta cobertura, as\u00ed sea por medio de un seguro de salud, de viaje, seguro de decesos o bien hasta seguro de vida. Cuentas con la posibilidad de poder realizar la contrataci\u00f3n de un seguro de repatriaci\u00f3n mucho m\u00e1s espec\u00edfico.<\/p>\n<p><\/div><\/div><\/div>\n<h3><span class=\"ez-toc-section\" id=\"%C2%BFA_quien_va_dirigido_el_seguro_de_decesos_con_repatriacion_de_Linea_Directa\"><\/span>\u00bfA qui\u00e9n va dirigido el seguro de decesos con repatriaci\u00f3n de L\u00ednea Directa?<span class=\"ez-toc-section-end\"><\/span><\/h3>\n<p>Si falleces en cualquier una parte del mundo y radicas en Espa\u00f1a, cuentas con la ventaja del seguro de decesos de repatriaci\u00f3n de L\u00ednea Directa donde te van a dar las coberturas precisas para solucionar todo los problemas a cerca del asegurado cuando ocurra el \u00f3bito. Con esta cobertura te aseguran volver a tu pa\u00eds de origen donde no podr\u00e1 suceder ninguna incidencia. A tener en consideraci\u00f3n como dato es que garantizan la cobertura de los gastos del servicio funerario en la localidad donde radique el fallecido. Cada informaci\u00f3n de importancia va a quedar dentro de la p\u00f3liza del seguro.<\/p>\n<div class=\"colorf \"  ><div class=\"container clearfix\"><div class=\"col-md-7\"><\/p>\n<h2><span class=\"ez-toc-section\" id=\"Precio_de_seguro_de_decesos_Linea_Directa_con_repatriacion\"><\/span>Precio de seguro de decesos L\u00ednea Directa con repatriaci\u00f3n<span class=\"ez-toc-section-end\"><\/span><\/h2>\n<p>Dentro de los seguros de repatriaci\u00f3n de L\u00ednea Directa se estimar\u00e1 a grosso modo, por lo que el precio es desde 4,85\u20ac. Donde se calcular\u00e1 de manera funcional y examinando cada cobertura adicional, sabiendo que un a\u00f1adido a tu p\u00f3liza contratada. Siempre y en toda circunstancia ir\u00e1 en funci\u00f3n de las coberturas que has contratado. Gracias a iDecesos comprender\u00e1s mejor el pago de esta contrataci\u00f3n, y vas a poder comparar con los diferentes precios que existen en el mercado, es tan f\u00e1cil como acceder desde nuestro enlace te conseguir\u00e1s todos y cada uno de los datos pertinentes.<\/p>\n<p><\/div><\/div><\/div>\n<h2><span class=\"ez-toc-section\" id=\"Productos_Repatriacion_Linea_Directa\"><\/span>Productos Repatriaci\u00f3n L\u00ednea Directa<span class=\"ez-toc-section-end\"><\/span><\/h2>\n<div class=\"colorf\"><div class=\"container clearfix\"><div class=\"col-md-7\"><div class=\"opiniones\">\n<h2><span class=\"ez-toc-section\" id=\"Opiniones_del_seguro_de_decesos_de_Repatriacion_de_Linea_Directa\"><\/span>Opiniones del seguro de decesos de Repatriaci\u00f3n de L\u00ednea Directa<span class=\"ez-toc-section-end\"><\/span><\/h2>\n<p>&nbsp;<\/p>\n<div class=\"opinion \"  >\n\t\t\t<div class=\"cabecera_opinion\">\n\t\t\t\t<div class=\"avatar\">S V <\/div>\n\t\t\t\t<div class=\"datos_opinion\">\n\t\t\t\t\t<div class=\"nombre_opinion\">Sandra Ventura<\/div>\n\t\t\t\t\t<div class=\"info_opinion\">\t\t\t\t\t\t\n\t\t\t\t\t\t<div class=\"cuenta_opinion\"><i class=\"fas fa-pencil-alt\"><\/i><!--span class=\"dashicons dashicons-edit\" style=\"font-size:20px\"><\/span--><span>1 Opini\u00f3n<\/span><\/div>\t\t\t\t\t\t\n\t\t\t\t\t\t<div class=\"localizacion_opinion\">\n\t\t\t\t\t\t\t<i class=\"fas fa-map-marker-alt\"><\/i><!--span class=\"dashicons dashicons-location\" style=\"font-size:20px\"><\/span-->\n\t\t\t\t\t\t\t<span>ES<\/span>\n\t\t\t\t\t\t<\/div>\t\n\t\t\t\t\t<\/div>\n\t\t\t\t<\/div>\n\t\t\t<\/div><div class=\"texto_opinion\"><\/p>\n<p>Llevo con esta empresa aseguradora m\u00e1s de 15 a\u00f1os, mis progenitores ya lo ten\u00edan desde el instante en que eran j\u00f3venes, casi toda mi familia lo ten\u00eda, sin embargo en un d\u00eda poco afortunado falleci\u00f3 mi hermano siendo una de las p\u00e9rdidas m\u00e1s grande en mi familia, o sea de los peores instantes para todos, nos pill\u00f3 por sorpresa a todos, pero he decir que gracias a tener el seguro de decesos contratado, la compa\u00f1\u00eda se encarg\u00f3 de todo durante esa transici\u00f3n tan dura, adem\u00e1s de que nuestra psique estaba en otro parte, nos hubiera resultado dif\u00edcil sin su ayuda, quedo todos los gastos de sepelio cubierto, gracias a las sesiones psicol\u00f3gicas que aportan, logramos progresar, estoy agradecida por el servicio que nos dieron, as\u00ed como la calidad reciba.<\/p>\n<p><\/div><\/div>\n<div class=\"opinion \"  >\n\t\t\t<div class=\"cabecera_opinion\">\n\t\t\t\t<div class=\"avatar\">R D Z <\/div>\n\t\t\t\t<div class=\"datos_opinion\">\n\t\t\t\t\t<div class=\"nombre_opinion\">Renato de Zabaleta<\/div>\n\t\t\t\t\t<div class=\"info_opinion\">\t\t\t\t\t\t\n\t\t\t\t\t\t<div class=\"cuenta_opinion\"><i class=\"fas fa-pencil-alt\"><\/i><!--span class=\"dashicons dashicons-edit\" style=\"font-size:20px\"><\/span--><span>1 Opini\u00f3n<\/span><\/div>\t\t\t\t\t\t\n\t\t\t\t\t\t<div class=\"localizacion_opinion\">\n\t\t\t\t\t\t\t<i class=\"fas fa-map-marker-alt\"><\/i><!--span class=\"dashicons dashicons-location\" style=\"font-size:20px\"><\/span-->\n\t\t\t\t\t\t\t<span>ES<\/span>\n\t\t\t\t\t\t<\/div>\t\n\t\t\t\t\t<\/div>\n\t\t\t\t<\/div>\n\t\t\t<\/div><div class=\"texto_opinion\"><\/p>\n<p>Hace bastante poco efectuamos la contrataci\u00f3n de un seguro de decesos, puesto que mi hermana est\u00e1 en constante viaje, por lo que por desgracia en uno de sus viajes falleci\u00f3, pero tuvimos suerte de contar con esta p\u00f3liza que nos dio la cobertura que necesit\u00e1bamos para poder traer a mi hermana a su sitio de origen, por lo que estoy muy agradecido por el servicio tan duro que nos dieron en ese momento tan bastante dif\u00edcil, haciendo todo el proceso m\u00e1s sencillo.<\/p>\n<p><\/div><\/div>\n<div class=\"opinion \"  >\n\t\t\t<div class=\"cabecera_opinion\">\n\t\t\t\t<div class=\"avatar\">E B <\/div>\n\t\t\t\t<div class=\"datos_opinion\">\n\t\t\t\t\t<div class=\"nombre_opinion\">Encarnaci\u00f3n Ben\u00edtez<\/div>\n\t\t\t\t\t<div class=\"info_opinion\">\t\t\t\t\t\t\n\t\t\t\t\t\t<div class=\"cuenta_opinion\"><i class=\"fas fa-pencil-alt\"><\/i><!--span class=\"dashicons dashicons-edit\" style=\"font-size:20px\"><\/span--><span>1 Opini\u00f3n<\/span><\/div>\t\t\t\t\t\t\n\t\t\t\t\t\t<div class=\"localizacion_opinion\">\n\t\t\t\t\t\t\t<i class=\"fas fa-map-marker-alt\"><\/i><!--span class=\"dashicons dashicons-location\" style=\"font-size:20px\"><\/span-->\n\t\t\t\t\t\t\t<span>ES<\/span>\n\t\t\t\t\t\t<\/div>\t\n\t\t\t\t\t<\/div>\n\t\t\t\t<\/div>\n\t\t\t<\/div><div class=\"texto_opinion\"><\/p>\n<p>Desde el punto de vista es complicado sin un asesor personal, cuando menos yo cont\u00e9 con uno que me ayudo dentro de lo posible a todo cuanto necesitaba hasta la contrataci\u00f3n del seguro de repatriaci\u00f3n de L\u00ednea Directa, si en el caso se te complica un poco te recomiendo iDecesos facilita este proceso tan engorroso, espero que te sirva mis recomendaciones. Para mi desde entonces L\u00ednea Directa es el que mejor cobertura me daba.<\/p>\n<p><\/div><\/div>\n<\/div><\/div><\/div><\/div>\n<p><div class=\"oficinas\"><br \/>\n<!-- Shortcode [l%c3%adnea-directa-hijas] does not exist --><\/p>\n<p><\/div> <h3>P\u00e1ginas relacionadas<\/h3><div class=\"enlazado\"><ul> <li><a href=\"https:\/\/idecesos.com\/seguros\/companias\/linea-directa\/opiniones\/\">Opiniones de Seguro Decesos L\u00ednea Directa<\/a><\/li> <li><a href=\"https:\/\/idecesos.com\/seguros\/companias\/linea-directa\/precio\/\">Precio seguro L\u00ednea Directa<\/a><\/li> <li><a href=\"https:\/\/idecesos.com\/seguros\/companias\/linea-directa\/prima-mixta\/\">L\u00ednea Directa Prima Mixta<\/a><\/li> <li><a href=\"https:\/\/idecesos.com\/seguros\/companias\/linea-directa\/prima-natural\/\">L\u00ednea Directa Prima Natural<\/a><\/li> <li><a href=\"https:\/\/idecesos.com\/seguros\/companias\/linea-directa\/prima-nivelada\/\">L\u00ednea Directa Prima Nivelada<\/a><\/li> <li><a href=\"https:\/\/idecesos.com\/seguros\/companias\/linea-directa\/prima-unica\/\">L\u00ednea Directa Prima \u00danica<\/a><\/li> <li><a href=\"https:\/\/idecesos.com\/seguros\/companias\/linea-directa\/repatriacion\/\">L\u00ednea Directa Repatriaci\u00f3n<\/a><\/li> <li><a href=\"https:\/\/idecesos.com\/seguros\/companias\/linea-directa\/telefono\/\">Tel\u00e9fono Gratuito L\u00ednea Directa<\/a><\/li><\/ul><\/div><\/p>\n","protected":false},"excerpt":{"rendered":"<p>Dentro de todas y cada una de las coberturas que pueda incluir el seguro de repatriaci\u00f3n L\u00ednea Directa quedar\u00e1n las adicionales que vas a poder incluir siempre y cuando quieras. Dentro de los \u00faltimos tiempos varias personas como es el caso de Ruman\u00eda 622555 o Ecuador con 4155310, han descuidado su pa\u00eds de origen para&hellip; <\/p>\n","protected":false},"author":3,"featured_media":0,"parent":6197,"menu_order":0,"comment_status":"closed","ping_status":"closed","template":"single.php","meta":{"footnotes":""},"class_list":["post-11717","page","type-page","status-publish","hentry"],"yoast_head":"<!-- This site is optimized with the Yoast SEO plugin v27.5 - https:\/\/yoast.com\/product\/yoast-seo-wordpress\/ -->\n<title>Seguro Decesos L\u00ednea Directa Repatriaci\u00f3n \u25b7 Opiniones y Precio 2026<\/title>\n<meta name=\"description\" content=\"Click aqu\u00ed \u3010Seguro de Decesos con repatriaci\u00f3n L\u00ednea Directa\u3011 Mejores precios L\u00ednea Directa seguro de fallecidos con repatriaci\u00f3n \u2611\ufe0f Actualizado por iDecesos\u00ae\" \/>\n<meta name=\"robots\" content=\"index, follow, max-snippet:-1, max-image-preview:large, max-video-preview:-1\" \/>\n<link rel=\"canonical\" href=\"https:\/\/idecesos.com\/seguros\/companias\/linea-directa\/repatriacion\/\" \/>\n<meta property=\"og:locale\" content=\"es_ES\" \/>\n<meta property=\"og:type\" content=\"article\" \/>\n<meta property=\"og:title\" content=\"Seguro Decesos L\u00ednea Directa Repatriaci\u00f3n \u25b7 Opiniones y Precio 2026\" \/>\n<meta property=\"og:description\" content=\"Click aqu\u00ed \u3010Seguro de Decesos con repatriaci\u00f3n L\u00ednea Directa\u3011 Mejores precios L\u00ednea Directa seguro de fallecidos con repatriaci\u00f3n \u2611\ufe0f Actualizado por iDecesos\u00ae\" \/>\n<meta property=\"og:url\" content=\"https:\/\/idecesos.com\/seguros\/companias\/linea-directa\/repatriacion\/\" \/>\n<meta property=\"article:modified_time\" content=\"2022-04-05T09:54:10+00:00\" \/>\n<meta name=\"twitter:card\" content=\"summary_large_image\" \/>\n<meta name=\"twitter:label1\" content=\"Tiempo de lectura\" \/>\n\t<meta name=\"twitter:data1\" content=\"4 minutos\" \/>\n<script type=\"application\/ld+json\" class=\"yoast-schema-graph\">{\"@context\":\"https:\\\/\\\/schema.org\",\"@graph\":[{\"@type\":\"WebPage\",\"@id\":\"https:\\\/\\\/idecesos.com\\\/seguros\\\/companias\\\/linea-directa\\\/repatriacion\\\/\",\"url\":\"https:\\\/\\\/idecesos.com\\\/seguros\\\/companias\\\/linea-directa\\\/repatriacion\\\/\",\"name\":\"Seguro Decesos L\u00ednea Directa Repatriaci\u00f3n \u25b7 Opiniones y Precio 2026\",\"isPartOf\":{\"@id\":\"https:\\\/\\\/idecesos.com\\\/seguros\\\/#website\"},\"datePublished\":\"2021-11-23T00:00:00+00:00\",\"dateModified\":\"2022-04-05T09:54:10+00:00\",\"description\":\"Click aqu\u00ed \u3010Seguro de Decesos con repatriaci\u00f3n L\u00ednea Directa\u3011 Mejores precios L\u00ednea Directa seguro de fallecidos con repatriaci\u00f3n \u2611\ufe0f Actualizado por iDecesos\u00ae\",\"breadcrumb\":{\"@id\":\"https:\\\/\\\/idecesos.com\\\/seguros\\\/companias\\\/linea-directa\\\/repatriacion\\\/#breadcrumb\"},\"inLanguage\":\"es\",\"potentialAction\":[{\"@type\":\"ReadAction\",\"target\":[\"https:\\\/\\\/idecesos.com\\\/seguros\\\/companias\\\/linea-directa\\\/repatriacion\\\/\"]}]},{\"@type\":\"BreadcrumbList\",\"@id\":\"https:\\\/\\\/idecesos.com\\\/seguros\\\/companias\\\/linea-directa\\\/repatriacion\\\/#breadcrumb\",\"itemListElement\":[{\"@type\":\"ListItem\",\"position\":1,\"name\":\"Portada\",\"item\":\"https:\\\/\\\/idecesos.com\\\/seguros\\\/\"},{\"@type\":\"ListItem\",\"position\":2,\"name\":\"Compa\u00f1\u00edas de Seguros de Decesos en Espa\u00f1a\",\"item\":\"https:\\\/\\\/idecesos.com\\\/seguros\\\/companias\\\/\"},{\"@type\":\"ListItem\",\"position\":3,\"name\":\"Seguro de Decesos L\u00ednea Directa\",\"item\":\"https:\\\/\\\/idecesos.com\\\/seguros\\\/companias\\\/linea-directa\\\/\"},{\"@type\":\"ListItem\",\"position\":4,\"name\":\"Seguro de decesos L\u00ednea Directa con repatriaci\u00f3n\"}]},{\"@type\":\"WebSite\",\"@id\":\"https:\\\/\\\/idecesos.com\\\/seguros\\\/#website\",\"url\":\"https:\\\/\\\/idecesos.com\\\/seguros\\\/\",\"name\":\"\",\"description\":\"\",\"potentialAction\":[{\"@type\":\"SearchAction\",\"target\":{\"@type\":\"EntryPoint\",\"urlTemplate\":\"https:\\\/\\\/idecesos.com\\\/seguros\\\/?s={search_term_string}\"},\"query-input\":{\"@type\":\"PropertyValueSpecification\",\"valueRequired\":true,\"valueName\":\"search_term_string\"}}],\"inLanguage\":\"es\"}]}<\/script>\n<!-- \/ Yoast SEO plugin. -->","yoast_head_json":{"title":"Seguro Decesos L\u00ednea Directa Repatriaci\u00f3n \u25b7 Opiniones y Precio 2026","description":"Click aqu\u00ed \u3010Seguro de Decesos con repatriaci\u00f3n L\u00ednea Directa\u3011 Mejores precios L\u00ednea Directa seguro de fallecidos con repatriaci\u00f3n \u2611\ufe0f Actualizado por iDecesos\u00ae","robots":{"index":"index","follow":"follow","max-snippet":"max-snippet:-1","max-image-preview":"max-image-preview:large","max-video-preview":"max-video-preview:-1"},"canonical":"https:\/\/idecesos.com\/seguros\/companias\/linea-directa\/repatriacion\/","og_locale":"es_ES","og_type":"article","og_title":"Seguro Decesos L\u00ednea Directa Repatriaci\u00f3n \u25b7 Opiniones y Precio 2026","og_description":"Click aqu\u00ed \u3010Seguro de Decesos con repatriaci\u00f3n L\u00ednea Directa\u3011 Mejores precios L\u00ednea Directa seguro de fallecidos con repatriaci\u00f3n \u2611\ufe0f Actualizado por iDecesos\u00ae","og_url":"https:\/\/idecesos.com\/seguros\/companias\/linea-directa\/repatriacion\/","article_modified_time":"2022-04-05T09:54:10+00:00","twitter_card":"summary_large_image","twitter_misc":{"Tiempo de lectura":"4 minutos"},"schema":{"@context":"https:\/\/schema.org","@graph":[{"@type":"WebPage","@id":"https:\/\/idecesos.com\/seguros\/companias\/linea-directa\/repatriacion\/","url":"https:\/\/idecesos.com\/seguros\/companias\/linea-directa\/repatriacion\/","name":"Seguro Decesos L\u00ednea Directa Repatriaci\u00f3n \u25b7 Opiniones y Precio 2026","isPartOf":{"@id":"https:\/\/idecesos.com\/seguros\/#website"},"datePublished":"2021-11-23T00:00:00+00:00","dateModified":"2022-04-05T09:54:10+00:00","description":"Click aqu\u00ed \u3010Seguro de Decesos con repatriaci\u00f3n L\u00ednea Directa\u3011 Mejores precios L\u00ednea Directa seguro de fallecidos con repatriaci\u00f3n \u2611\ufe0f Actualizado por iDecesos\u00ae","breadcrumb":{"@id":"https:\/\/idecesos.com\/seguros\/companias\/linea-directa\/repatriacion\/#breadcrumb"},"inLanguage":"es","potentialAction":[{"@type":"ReadAction","target":["https:\/\/idecesos.com\/seguros\/companias\/linea-directa\/repatriacion\/"]}]},{"@type":"BreadcrumbList","@id":"https:\/\/idecesos.com\/seguros\/companias\/linea-directa\/repatriacion\/#breadcrumb","itemListElement":[{"@type":"ListItem","position":1,"name":"Portada","item":"https:\/\/idecesos.com\/seguros\/"},{"@type":"ListItem","position":2,"name":"Compa\u00f1\u00edas de Seguros de Decesos en Espa\u00f1a","item":"https:\/\/idecesos.com\/seguros\/companias\/"},{"@type":"ListItem","position":3,"name":"Seguro de Decesos L\u00ednea Directa","item":"https:\/\/idecesos.com\/seguros\/companias\/linea-directa\/"},{"@type":"ListItem","position":4,"name":"Seguro de decesos L\u00ednea Directa con repatriaci\u00f3n"}]},{"@type":"WebSite","@id":"https:\/\/idecesos.com\/seguros\/#website","url":"https:\/\/idecesos.com\/seguros\/","name":"","description":"","potentialAction":[{"@type":"SearchAction","target":{"@type":"EntryPoint","urlTemplate":"https:\/\/idecesos.com\/seguros\/?s={search_term_string}"},"query-input":{"@type":"PropertyValueSpecification","valueRequired":true,"valueName":"search_term_string"}}],"inLanguage":"es"}]}},"_links":{"self":[{"href":"https:\/\/idecesos.com\/seguros\/wp-json\/wp\/v2\/pages\/11717","targetHints":{"allow":["GET"]}}],"collection":[{"href":"https:\/\/idecesos.com\/seguros\/wp-json\/wp\/v2\/pages"}],"about":[{"href":"https:\/\/idecesos.com\/seguros\/wp-json\/wp\/v2\/types\/page"}],"author":[{"embeddable":true,"href":"https:\/\/idecesos.com\/seguros\/wp-json\/wp\/v2\/users\/3"}],"replies":[{"embeddable":true,"href":"https:\/\/idecesos.com\/seguros\/wp-json\/wp\/v2\/comments?post=11717"}],"version-history":[{"count":2,"href":"https:\/\/idecesos.com\/seguros\/wp-json\/wp\/v2\/pages\/11717\/revisions"}],"predecessor-version":[{"id":20972,"href":"https:\/\/idecesos.com\/seguros\/wp-json\/wp\/v2\/pages\/11717\/revisions\/20972"}],"up":[{"embeddable":true,"href":"https:\/\/idecesos.com\/seguros\/wp-json\/wp\/v2\/pages\/6197"}],"wp:attachment":[{"href":"https:\/\/idecesos.com\/seguros\/wp-json\/wp\/v2\/media?parent=11717"}],"curies":[{"name":"wp","href":"https:\/\/api.w.org\/{rel}","templated":true}]}}