{"id":11720,"date":"2021-11-23T00:00:00","date_gmt":"2021-11-23T00:00:00","guid":{"rendered":"https:\/\/idecesos.com\/seguros\/?page_id=11720"},"modified":"2022-04-05T09:52:56","modified_gmt":"2022-04-05T09:52:56","slug":"prima-nivelada","status":"publish","type":"page","link":"https:\/\/idecesos.com\/seguros\/companias\/linea-directa\/prima-nivelada\/","title":{"rendered":"Seguro de decesos L\u00ednea Directa Prima Nivelada"},"content":{"rendered":"<div id=\"ez-toc-container\" class=\"ez-toc-v2_0_82_2 ez-toc-wrap-center counter-hierarchy ez-toc-counter ez-toc-custom ez-toc-container-direction\">\n<div class=\"ez-toc-title-container\">\n<p class=\"ez-toc-title\" style=\"cursor:inherit\">Tabla de Contenido<\/p>\n<span class=\"ez-toc-title-toggle\"><a href=\"#\" class=\"ez-toc-pull-right ez-toc-btn ez-toc-btn-xs ez-toc-btn-default ez-toc-toggle\" aria-label=\"Alternar tabla de contenidos\"><span class=\"ez-toc-js-icon-con\"><span class=\"\"><span class=\"eztoc-hide\" style=\"display:none;\">Toggle<\/span><span class=\"ez-toc-icon-toggle-span\"><svg style=\"fill: #db6415;color:#db6415\" xmlns=\"http:\/\/www.w3.org\/2000\/svg\" class=\"list-377408\" width=\"20px\" height=\"20px\" viewBox=\"0 0 24 24\" fill=\"none\"><path d=\"M6 6H4v2h2V6zm14 0H8v2h12V6zM4 11h2v2H4v-2zm16 0H8v2h12v-2zM4 16h2v2H4v-2zm16 0H8v2h12v-2z\" fill=\"currentColor\"><\/path><\/svg><svg style=\"fill: #db6415;color:#db6415\" class=\"arrow-unsorted-368013\" xmlns=\"http:\/\/www.w3.org\/2000\/svg\" width=\"10px\" height=\"10px\" viewBox=\"0 0 24 24\" version=\"1.2\" baseProfile=\"tiny\"><path d=\"M18.2 9.3l-6.2-6.3-6.2 6.3c-.2.2-.3.4-.3.7s.1.5.3.7c.2.2.4.3.7.3h11c.3 0 .5-.1.7-.3.2-.2.3-.5.3-.7s-.1-.5-.3-.7zM5.8 14.7l6.2 6.3 6.2-6.3c.2-.2.3-.5.3-.7s-.1-.5-.3-.7c-.2-.2-.4-.3-.7-.3h-11c-.3 0-.5.1-.7.3-.2.2-.3.5-.3.7s.1.5.3.7z\"\/><\/svg><\/span><\/span><\/span><\/a><\/span><\/div>\n<nav><ul class='ez-toc-list ez-toc-list-level-1 ' ><li class='ez-toc-page-1 ez-toc-heading-level-2'><a class=\"ez-toc-link ez-toc-heading-1\" href=\"https:\/\/idecesos.com\/seguros\/companias\/linea-directa\/prima-nivelada\/#Coberturas_seguro_Prima_Nivelada_Linea_Directa\" >Coberturas seguro Prima Nivelada L\u00ednea Directa<\/a><ul class='ez-toc-list-level-3' ><li class='ez-toc-heading-level-3'><a class=\"ez-toc-link ez-toc-heading-2\" href=\"https:\/\/idecesos.com\/seguros\/companias\/linea-directa\/prima-nivelada\/#%C2%BFA_quien_va_dirigido_el_seguro_de_decesos_Prima_Nivelada_de_Linea_Directa\" >\u00bfA qui\u00e9n va dirigido el seguro de decesos Prima Nivelada de L\u00ednea Directa?<\/a><\/li><\/ul><\/li><li class='ez-toc-page-1 ez-toc-heading-level-2'><a class=\"ez-toc-link ez-toc-heading-3\" href=\"https:\/\/idecesos.com\/seguros\/companias\/linea-directa\/prima-nivelada\/#Precio_de_seguro_de_decesos_Prima_Nivelada_Linea_Directa\" >Precio de seguro de decesos Prima Nivelada L\u00ednea Directa<\/a><\/li><li class='ez-toc-page-1 ez-toc-heading-level-2'><a class=\"ez-toc-link ez-toc-heading-4\" href=\"https:\/\/idecesos.com\/seguros\/companias\/linea-directa\/prima-nivelada\/#Productos_Prima_Nivelada_Linea_Directa\" >Productos Prima Nivelada L\u00ednea Directa<\/a><\/li><li class='ez-toc-page-1 ez-toc-heading-level-2'><a class=\"ez-toc-link ez-toc-heading-5\" href=\"https:\/\/idecesos.com\/seguros\/companias\/linea-directa\/prima-nivelada\/#Opiniones_del_seguro_de_decesos_de_Prima_Nivelada_de_Linea_Directa\" >Opiniones del seguro de decesos de Prima Nivelada de L\u00ednea Directa<\/a><ul class='ez-toc-list-level-3' ><li class='ez-toc-heading-level-3'><a class=\"ez-toc-link ez-toc-heading-6\" href=\"https:\/\/idecesos.com\/seguros\/companias\/linea-directa\/prima-nivelada\/#Paginas_relacionadas\" >P\u00e1ginas relacionadas<\/a><\/li><\/ul><\/li><\/ul><\/nav><\/div>\n\n<p>El seguro de decesos de prima nivelada de L\u00ednea Directa es la p\u00f3liza que buscas puesto que resulta constante con lo que no var\u00eda casi nada al vencimiento de la anualidad desde el inicio de la contrataci\u00f3n. Es caracter\u00edstico cuando el tomador es joven en tanto que pagar\u00e1 proporcionalmente m\u00e1s de lo que pagar\u00eda en el caso de la contrataci\u00f3n de una prima natural. Resalta en cuanto a la mejor p\u00f3liza puesto que si eres mayor, a la hora de realizar el abono ser\u00e1 m\u00e1s econ\u00f3mico que si eres joven.<\/p>\n<p>Leer m\u00e1s: <a href=\"https:\/\/idecesos.com\/seguros\/tipo\/nivelada\/\">Seguro de decesos Prima Nivelada<\/a><\/p>\n<div class=\"colorf \"  ><div class=\"container clearfix\"><div class=\"col-md-7\"><\/p>\n<h2><span class=\"ez-toc-section\" id=\"Coberturas_seguro_Prima_Nivelada_Linea_Directa\"><\/span>Coberturas seguro Prima Nivelada L\u00ednea Directa<span class=\"ez-toc-section-end\"><\/span><\/h2>\n<p>El seguro de decesos L\u00ednea Directa su mayor cobertura es dar al completo lo que requiere en el momento del \u00f3bito de manera complet\u00edsima. Contar con personas expertas en el campo, dando una prestaci\u00f3n del servicio m\u00e1s dedicado es con lo que resalta en el campo funerario de L\u00ednea Directa. Cuando haya elegido la modalidad de entre entierro o bien urna va a quedar de manera autom\u00e1tica cubierto, en la tramitaci\u00f3n de documentaci\u00f3n todos los tr\u00e1mites tambi\u00e9n quedar\u00e1n cubiertos. La cobertura m\u00e1s se\u00f1alada es aquella que cuando ocurra el instante que ha fallecido la persona asegurada, los familiares se pongan en contacto con el servicio de asistencia 24 horas de L\u00ednea Directa se encargasen de todo inmediatamente en el presupuesto marcado por el capital del asegurado. Lo m\u00e1s esencial para tener claro que las coberturas del seguro de decesos de prima nivelada de L\u00ednea Directa son las mejores y que m\u00e1s se ajustan a lo que deseamos es comparando en iDecesos el comparador especialista en seguros de decesos, vas a poder preguntar adem\u00e1s de esto todos y cada uno de los condicionados generales y el documento de informaci\u00f3n del producto donde te explica sin dobleces lo cubierto y sus exclusiones.<\/p>\n<p><\/div><\/div><\/div>\n<h3><span class=\"ez-toc-section\" id=\"%C2%BFA_quien_va_dirigido_el_seguro_de_decesos_Prima_Nivelada_de_Linea_Directa\"><\/span>\u00bfA qui\u00e9n va dirigido el seguro de decesos Prima Nivelada de L\u00ednea Directa?<span class=\"ez-toc-section-end\"><\/span><\/h3>\n<p>Es verdad que cuando se llega a una edad muy avanzada hay que evitar que suban el precio del seguro para que despu\u00e9s no te coja por sorpresa a la hora de efectuar los pagos de las cuotas, con el seguro seguro de prima nivelada L\u00ednea Directa , da esa serenidad que se busca en esas edades. Durante la vida de cada ser humano ha crecido con unos criterios de los que han querido continuar la trayectoria de sus familiares por ello obteniendo el seguro de decesos de prima \u00abnivelada\u00bb.<\/p>\n<div class=\"colorf \"  ><div class=\"container clearfix\"><div class=\"col-md-7\"><\/p>\n<h2><span class=\"ez-toc-section\" id=\"Precio_de_seguro_de_decesos_Prima_Nivelada_Linea_Directa\"><\/span>Precio de seguro de decesos Prima Nivelada L\u00ednea Directa<span class=\"ez-toc-section-end\"><\/span><\/h2>\n<p>Cada prima nivelada destaca por su precio, en L\u00ednea Directa se estima que es desde 5,15\u20ac, dependiendo en el rango de edad del usuario asegurando una continuidad. Con iDecesos podr\u00e1s tenerlo m\u00e1s claro en tanto que la comparativa es m\u00e1s inteligible, sin precisar registros, tan simple como hacer click.<\/p>\n<p><\/div><\/div><\/div>\n<h2><span class=\"ez-toc-section\" id=\"Productos_Prima_Nivelada_Linea_Directa\"><\/span>Productos Prima Nivelada L\u00ednea Directa<span class=\"ez-toc-section-end\"><\/span><\/h2>\n<div class=\"colorf\"><div class=\"container clearfix\"><div class=\"col-md-7\"><div class=\"opiniones\">\n<h2><span class=\"ez-toc-section\" id=\"Opiniones_del_seguro_de_decesos_de_Prima_Nivelada_de_Linea_Directa\"><\/span>Opiniones del seguro de decesos de Prima Nivelada de L\u00ednea Directa<span class=\"ez-toc-section-end\"><\/span><\/h2>\n<p>Miguel D\u00edaz: No ten\u00eda clar\u00edsimo si esta p\u00f3liza era la adecuada para mi, por lo que acudi a una de sus oficinas, donde me atendieron personalizadamente resolviendo todas y cada una mis cuestiones al respecto, qued\u00e9 content\u00edsimo me lo explicaron detalladamente, por lo que realice la contrataci\u00f3n en tanto que se adapta de forma perfecta a mi necesidades y a m\u00ed circunstancias. Para cada tipo de problemas que puede llegar a pasar, precisan de diferentes soluciones para poder solventarlo a la mayor brevedad. Por lo que se debe de dar la relevancia a final de cuentas.<\/p>\n<div class=\"opinion \"  >\n\t\t\t<div class=\"cabecera_opinion\">\n\t\t\t\t<div class=\"avatar\">D D Q <\/div>\n\t\t\t\t<div class=\"datos_opinion\">\n\t\t\t\t\t<div class=\"nombre_opinion\">Delia de Quintero<\/div>\n\t\t\t\t\t<div class=\"info_opinion\">\t\t\t\t\t\t\n\t\t\t\t\t\t<div class=\"cuenta_opinion\"><i class=\"fas fa-pencil-alt\"><\/i><!--span class=\"dashicons dashicons-edit\" style=\"font-size:20px\"><\/span--><span>1 Opini\u00f3n<\/span><\/div>\t\t\t\t\t\t\n\t\t\t\t\t\t<div class=\"localizacion_opinion\">\n\t\t\t\t\t\t\t<i class=\"fas fa-map-marker-alt\"><\/i><!--span class=\"dashicons dashicons-location\" style=\"font-size:20px\"><\/span-->\n\t\t\t\t\t\t\t<span>ES<\/span>\n\t\t\t\t\t\t<\/div>\t\n\t\t\t\t\t<\/div>\n\t\t\t\t<\/div>\n\t\t\t<\/div><div class=\"texto_opinion\"><\/p>\n<p>De todos los comentarios que le\u00ed decid\u00ed arriesgar y la verdad que tuve suerte con L\u00ednea Directa me ha dado las mejores coberturas de prima nivelada, la tarifa se amolda a mis circunstancias, adem\u00e1s de esto de eso me hicieron un presupuesto que quede muy contenta, tiene unos trabajadores muy profesionales L\u00ednea Directa.<\/p>\n<p><\/div><\/div>\n<div class=\"opinion \"  >\n\t\t\t<div class=\"cabecera_opinion\">\n\t\t\t\t<div class=\"avatar\">E B <\/div>\n\t\t\t\t<div class=\"datos_opinion\">\n\t\t\t\t\t<div class=\"nombre_opinion\">Eliseo Barrios<\/div>\n\t\t\t\t\t<div class=\"info_opinion\">\t\t\t\t\t\t\n\t\t\t\t\t\t<div class=\"cuenta_opinion\"><i class=\"fas fa-pencil-alt\"><\/i><!--span class=\"dashicons dashicons-edit\" style=\"font-size:20px\"><\/span--><span>1 Opini\u00f3n<\/span><\/div>\t\t\t\t\t\t\n\t\t\t\t\t\t<div class=\"localizacion_opinion\">\n\t\t\t\t\t\t\t<i class=\"fas fa-map-marker-alt\"><\/i><!--span class=\"dashicons dashicons-location\" style=\"font-size:20px\"><\/span-->\n\t\t\t\t\t\t\t<span>ES<\/span>\n\t\t\t\t\t\t<\/div>\t\n\t\t\t\t\t<\/div>\n\t\t\t\t<\/div>\n\t\t\t<\/div><div class=\"texto_opinion\"><\/p>\n<p>Para mi punto de opini\u00f3n considero que L\u00ednea Directa con el seguro de prima nivelada es muy aconsejable, cuentan con unas coberturas muy amplias, uno de sus aconsejes me realiz\u00f3 un presupuesto \u00fanico y memorable, contando que siempre y en todo momento es exactamente la misma tarifa quede muy contenta tanto con el servicio como todo cuanto me ofrece L\u00ednea Directa, quiero agregar que toda mi familia cuenta con esta compa\u00f1\u00eda aseguradora.<\/p>\n<p><\/div><\/div>\n<div class=\"opinion \"  >\n\t\t\t<div class=\"cabecera_opinion\">\n\t\t\t\t<div class=\"avatar\">L T <\/div>\n\t\t\t\t<div class=\"datos_opinion\">\n\t\t\t\t\t<div class=\"nombre_opinion\">Luc\u00eda Tamarit<\/div>\n\t\t\t\t\t<div class=\"info_opinion\">\t\t\t\t\t\t\n\t\t\t\t\t\t<div class=\"cuenta_opinion\"><i class=\"fas fa-pencil-alt\"><\/i><!--span class=\"dashicons dashicons-edit\" style=\"font-size:20px\"><\/span--><span>1 Opini\u00f3n<\/span><\/div>\t\t\t\t\t\t\n\t\t\t\t\t\t<div class=\"localizacion_opinion\">\n\t\t\t\t\t\t\t<i class=\"fas fa-map-marker-alt\"><\/i><!--span class=\"dashicons dashicons-location\" style=\"font-size:20px\"><\/span-->\n\t\t\t\t\t\t\t<span>ES<\/span>\n\t\t\t\t\t\t<\/div>\t\n\t\t\t\t\t<\/div>\n\t\t\t\t<\/div>\n\t\t\t<\/div><div class=\"texto_opinion\"><\/p>\n<p>Me aconsejaron L\u00ednea Directa ya que estaba buscando el seguro de prima nivelada m\u00e1s econ\u00f3mico, efectuando asimismo una b\u00fasqueda muy pormenorizada di con iDecesos, sinceramente para mi es una herramienta chapo ya que se encarga de decirte las diferentes tarifas que puede tener cada empresa aseguradora, por lo que me asisto bastante y decid\u00ed contratar L\u00ednea Directa.<\/p>\n<p><\/div><\/div>\n<\/div><\/div><\/div><\/div>\n<p><div class=\"oficinas\"><br \/>\n<!-- Shortcode [l%c3%adnea-directa-hijas] does not exist --><\/p>\n<p><\/div> <h3><span class=\"ez-toc-section\" id=\"Paginas_relacionadas\"><\/span>P\u00e1ginas relacionadas<span class=\"ez-toc-section-end\"><\/span><\/h3><div class=\"enlazado\"><ul> <li><a href=\"https:\/\/idecesos.com\/seguros\/companias\/linea-directa\/opiniones\/\">Opiniones de Seguro Decesos L\u00ednea Directa<\/a><\/li> <li><a href=\"https:\/\/idecesos.com\/seguros\/companias\/linea-directa\/precio\/\">Precio seguro L\u00ednea Directa<\/a><\/li> <li><a href=\"https:\/\/idecesos.com\/seguros\/companias\/linea-directa\/prima-mixta\/\">L\u00ednea Directa Prima Mixta<\/a><\/li> <li><a href=\"https:\/\/idecesos.com\/seguros\/companias\/linea-directa\/prima-natural\/\">L\u00ednea Directa Prima Natural<\/a><\/li> <li><a href=\"https:\/\/idecesos.com\/seguros\/companias\/linea-directa\/prima-nivelada\/\">L\u00ednea Directa Prima Nivelada<\/a><\/li> <li><a href=\"https:\/\/idecesos.com\/seguros\/companias\/linea-directa\/prima-unica\/\">L\u00ednea Directa Prima \u00danica<\/a><\/li> <li><a href=\"https:\/\/idecesos.com\/seguros\/companias\/linea-directa\/repatriacion\/\">L\u00ednea Directa Repatriaci\u00f3n<\/a><\/li> <li><a href=\"https:\/\/idecesos.com\/seguros\/companias\/linea-directa\/telefono\/\">Tel\u00e9fono Gratuito L\u00ednea Directa<\/a><\/li><\/ul><\/div><\/p>\n","protected":false},"excerpt":{"rendered":"<p>El seguro de decesos de prima nivelada de L\u00ednea Directa es la p\u00f3liza que buscas puesto que resulta constante con lo que no var\u00eda casi nada al vencimiento de la anualidad desde el inicio de la contrataci\u00f3n. Es caracter\u00edstico cuando el tomador es joven en tanto que pagar\u00e1 proporcionalmente m\u00e1s de lo que pagar\u00eda en&hellip; <\/p>\n","protected":false},"author":3,"featured_media":0,"parent":6197,"menu_order":0,"comment_status":"closed","ping_status":"closed","template":"single.php","meta":{"footnotes":""},"class_list":["post-11720","page","type-page","status-publish","hentry"],"yoast_head":"<!-- This site is optimized with the Yoast SEO plugin v27.3 - https:\/\/yoast.com\/product\/yoast-seo-wordpress\/ -->\n<title>Seguro Decesos L\u00ednea Directa Prima Nivelada \u25b7 Opiniones y Precio 2026<\/title>\n<meta name=\"description\" content=\"Click aqu\u00ed \u3010Seguro de Decesos Prima Nivelada L\u00ednea Directa\u3011 Mejores precios L\u00ednea Directa seguro de fallecidos Prima Nivelada \u2611\ufe0f Actualizado por iDecesos\u00ae\" \/>\n<meta name=\"robots\" content=\"index, follow, max-snippet:-1, max-image-preview:large, max-video-preview:-1\" \/>\n<link rel=\"canonical\" href=\"https:\/\/idecesos.com\/seguros\/companias\/linea-directa\/prima-nivelada\/\" \/>\n<meta property=\"og:locale\" content=\"es_ES\" \/>\n<meta property=\"og:type\" content=\"article\" \/>\n<meta property=\"og:title\" content=\"Seguro Decesos L\u00ednea Directa Prima Nivelada \u25b7 Opiniones y Precio 2026\" \/>\n<meta property=\"og:description\" content=\"Click aqu\u00ed \u3010Seguro de Decesos Prima Nivelada L\u00ednea Directa\u3011 Mejores precios L\u00ednea Directa seguro de fallecidos Prima Nivelada \u2611\ufe0f Actualizado por iDecesos\u00ae\" \/>\n<meta property=\"og:url\" content=\"https:\/\/idecesos.com\/seguros\/companias\/linea-directa\/prima-nivelada\/\" \/>\n<meta property=\"article:modified_time\" content=\"2022-04-05T09:52:56+00:00\" \/>\n<meta name=\"twitter:card\" content=\"summary_large_image\" \/>\n<meta name=\"twitter:label1\" content=\"Tiempo de lectura\" \/>\n\t<meta name=\"twitter:data1\" content=\"4 minutos\" \/>\n<script type=\"application\/ld+json\" class=\"yoast-schema-graph\">{\"@context\":\"https:\\\/\\\/schema.org\",\"@graph\":[{\"@type\":\"WebPage\",\"@id\":\"https:\\\/\\\/idecesos.com\\\/seguros\\\/companias\\\/linea-directa\\\/prima-nivelada\\\/\",\"url\":\"https:\\\/\\\/idecesos.com\\\/seguros\\\/companias\\\/linea-directa\\\/prima-nivelada\\\/\",\"name\":\"Seguro Decesos L\u00ednea Directa Prima Nivelada \u25b7 Opiniones y Precio 2026\",\"isPartOf\":{\"@id\":\"https:\\\/\\\/idecesos.com\\\/seguros\\\/#website\"},\"datePublished\":\"2021-11-23T00:00:00+00:00\",\"dateModified\":\"2022-04-05T09:52:56+00:00\",\"description\":\"Click aqu\u00ed \u3010Seguro de Decesos Prima Nivelada L\u00ednea Directa\u3011 Mejores precios L\u00ednea Directa seguro de fallecidos Prima Nivelada \u2611\ufe0f Actualizado por iDecesos\u00ae\",\"breadcrumb\":{\"@id\":\"https:\\\/\\\/idecesos.com\\\/seguros\\\/companias\\\/linea-directa\\\/prima-nivelada\\\/#breadcrumb\"},\"inLanguage\":\"es\",\"potentialAction\":[{\"@type\":\"ReadAction\",\"target\":[\"https:\\\/\\\/idecesos.com\\\/seguros\\\/companias\\\/linea-directa\\\/prima-nivelada\\\/\"]}]},{\"@type\":\"BreadcrumbList\",\"@id\":\"https:\\\/\\\/idecesos.com\\\/seguros\\\/companias\\\/linea-directa\\\/prima-nivelada\\\/#breadcrumb\",\"itemListElement\":[{\"@type\":\"ListItem\",\"position\":1,\"name\":\"Portada\",\"item\":\"https:\\\/\\\/idecesos.com\\\/seguros\\\/\"},{\"@type\":\"ListItem\",\"position\":2,\"name\":\"Compa\u00f1\u00edas de Seguros de Decesos en Espa\u00f1a\",\"item\":\"https:\\\/\\\/idecesos.com\\\/seguros\\\/companias\\\/\"},{\"@type\":\"ListItem\",\"position\":3,\"name\":\"Seguro de Decesos L\u00ednea Directa\",\"item\":\"https:\\\/\\\/idecesos.com\\\/seguros\\\/companias\\\/linea-directa\\\/\"},{\"@type\":\"ListItem\",\"position\":4,\"name\":\"Seguro de decesos L\u00ednea Directa Prima Nivelada\"}]},{\"@type\":\"WebSite\",\"@id\":\"https:\\\/\\\/idecesos.com\\\/seguros\\\/#website\",\"url\":\"https:\\\/\\\/idecesos.com\\\/seguros\\\/\",\"name\":\"\",\"description\":\"\",\"potentialAction\":[{\"@type\":\"SearchAction\",\"target\":{\"@type\":\"EntryPoint\",\"urlTemplate\":\"https:\\\/\\\/idecesos.com\\\/seguros\\\/?s={search_term_string}\"},\"query-input\":{\"@type\":\"PropertyValueSpecification\",\"valueRequired\":true,\"valueName\":\"search_term_string\"}}],\"inLanguage\":\"es\"}]}<\/script>\n<!-- \/ Yoast SEO plugin. -->","yoast_head_json":{"title":"Seguro Decesos L\u00ednea Directa Prima Nivelada \u25b7 Opiniones y Precio 2026","description":"Click aqu\u00ed \u3010Seguro de Decesos Prima Nivelada L\u00ednea Directa\u3011 Mejores precios L\u00ednea Directa seguro de fallecidos Prima Nivelada \u2611\ufe0f Actualizado por iDecesos\u00ae","robots":{"index":"index","follow":"follow","max-snippet":"max-snippet:-1","max-image-preview":"max-image-preview:large","max-video-preview":"max-video-preview:-1"},"canonical":"https:\/\/idecesos.com\/seguros\/companias\/linea-directa\/prima-nivelada\/","og_locale":"es_ES","og_type":"article","og_title":"Seguro Decesos L\u00ednea Directa Prima Nivelada \u25b7 Opiniones y Precio 2026","og_description":"Click aqu\u00ed \u3010Seguro de Decesos Prima Nivelada L\u00ednea Directa\u3011 Mejores precios L\u00ednea Directa seguro de fallecidos Prima Nivelada \u2611\ufe0f Actualizado por iDecesos\u00ae","og_url":"https:\/\/idecesos.com\/seguros\/companias\/linea-directa\/prima-nivelada\/","article_modified_time":"2022-04-05T09:52:56+00:00","twitter_card":"summary_large_image","twitter_misc":{"Tiempo de lectura":"4 minutos"},"schema":{"@context":"https:\/\/schema.org","@graph":[{"@type":"WebPage","@id":"https:\/\/idecesos.com\/seguros\/companias\/linea-directa\/prima-nivelada\/","url":"https:\/\/idecesos.com\/seguros\/companias\/linea-directa\/prima-nivelada\/","name":"Seguro Decesos L\u00ednea Directa Prima Nivelada \u25b7 Opiniones y Precio 2026","isPartOf":{"@id":"https:\/\/idecesos.com\/seguros\/#website"},"datePublished":"2021-11-23T00:00:00+00:00","dateModified":"2022-04-05T09:52:56+00:00","description":"Click aqu\u00ed \u3010Seguro de Decesos Prima Nivelada L\u00ednea Directa\u3011 Mejores precios L\u00ednea Directa seguro de fallecidos Prima Nivelada \u2611\ufe0f Actualizado por iDecesos\u00ae","breadcrumb":{"@id":"https:\/\/idecesos.com\/seguros\/companias\/linea-directa\/prima-nivelada\/#breadcrumb"},"inLanguage":"es","potentialAction":[{"@type":"ReadAction","target":["https:\/\/idecesos.com\/seguros\/companias\/linea-directa\/prima-nivelada\/"]}]},{"@type":"BreadcrumbList","@id":"https:\/\/idecesos.com\/seguros\/companias\/linea-directa\/prima-nivelada\/#breadcrumb","itemListElement":[{"@type":"ListItem","position":1,"name":"Portada","item":"https:\/\/idecesos.com\/seguros\/"},{"@type":"ListItem","position":2,"name":"Compa\u00f1\u00edas de Seguros de Decesos en Espa\u00f1a","item":"https:\/\/idecesos.com\/seguros\/companias\/"},{"@type":"ListItem","position":3,"name":"Seguro de Decesos L\u00ednea Directa","item":"https:\/\/idecesos.com\/seguros\/companias\/linea-directa\/"},{"@type":"ListItem","position":4,"name":"Seguro de decesos L\u00ednea Directa Prima Nivelada"}]},{"@type":"WebSite","@id":"https:\/\/idecesos.com\/seguros\/#website","url":"https:\/\/idecesos.com\/seguros\/","name":"","description":"","potentialAction":[{"@type":"SearchAction","target":{"@type":"EntryPoint","urlTemplate":"https:\/\/idecesos.com\/seguros\/?s={search_term_string}"},"query-input":{"@type":"PropertyValueSpecification","valueRequired":true,"valueName":"search_term_string"}}],"inLanguage":"es"}]}},"_links":{"self":[{"href":"https:\/\/idecesos.com\/seguros\/wp-json\/wp\/v2\/pages\/11720","targetHints":{"allow":["GET"]}}],"collection":[{"href":"https:\/\/idecesos.com\/seguros\/wp-json\/wp\/v2\/pages"}],"about":[{"href":"https:\/\/idecesos.com\/seguros\/wp-json\/wp\/v2\/types\/page"}],"author":[{"embeddable":true,"href":"https:\/\/idecesos.com\/seguros\/wp-json\/wp\/v2\/users\/3"}],"replies":[{"embeddable":true,"href":"https:\/\/idecesos.com\/seguros\/wp-json\/wp\/v2\/comments?post=11720"}],"version-history":[{"count":2,"href":"https:\/\/idecesos.com\/seguros\/wp-json\/wp\/v2\/pages\/11720\/revisions"}],"predecessor-version":[{"id":20970,"href":"https:\/\/idecesos.com\/seguros\/wp-json\/wp\/v2\/pages\/11720\/revisions\/20970"}],"up":[{"embeddable":true,"href":"https:\/\/idecesos.com\/seguros\/wp-json\/wp\/v2\/pages\/6197"}],"wp:attachment":[{"href":"https:\/\/idecesos.com\/seguros\/wp-json\/wp\/v2\/media?parent=11720"}],"curies":[{"name":"wp","href":"https:\/\/api.w.org\/{rel}","templated":true}]}}