{"id":11723,"date":"2021-11-23T00:00:00","date_gmt":"2021-11-23T00:00:00","guid":{"rendered":"https:\/\/idecesos.com\/seguros\/?page_id=11723"},"modified":"2022-04-05T09:51:33","modified_gmt":"2022-04-05T09:51:33","slug":"prima-mixta","status":"publish","type":"page","link":"https:\/\/idecesos.com\/seguros\/companias\/linea-directa\/prima-mixta\/","title":{"rendered":"Seguro de decesos L\u00ednea Directa Prima Mixta"},"content":{"rendered":"<div id=\"ez-toc-container\" class=\"ez-toc-v2_0_82_2 ez-toc-wrap-center counter-hierarchy ez-toc-counter ez-toc-custom ez-toc-container-direction\">\n<div class=\"ez-toc-title-container\">\n<p class=\"ez-toc-title\" style=\"cursor:inherit\">Tabla de Contenido<\/p>\n<span class=\"ez-toc-title-toggle\"><a href=\"#\" class=\"ez-toc-pull-right ez-toc-btn ez-toc-btn-xs ez-toc-btn-default ez-toc-toggle\" aria-label=\"Alternar tabla de contenidos\"><span class=\"ez-toc-js-icon-con\"><span class=\"\"><span class=\"eztoc-hide\" style=\"display:none;\">Toggle<\/span><span class=\"ez-toc-icon-toggle-span\"><svg style=\"fill: #db6415;color:#db6415\" xmlns=\"http:\/\/www.w3.org\/2000\/svg\" class=\"list-377408\" width=\"20px\" height=\"20px\" viewBox=\"0 0 24 24\" fill=\"none\"><path d=\"M6 6H4v2h2V6zm14 0H8v2h12V6zM4 11h2v2H4v-2zm16 0H8v2h12v-2zM4 16h2v2H4v-2zm16 0H8v2h12v-2z\" fill=\"currentColor\"><\/path><\/svg><svg style=\"fill: #db6415;color:#db6415\" class=\"arrow-unsorted-368013\" xmlns=\"http:\/\/www.w3.org\/2000\/svg\" width=\"10px\" height=\"10px\" viewBox=\"0 0 24 24\" version=\"1.2\" baseProfile=\"tiny\"><path d=\"M18.2 9.3l-6.2-6.3-6.2 6.3c-.2.2-.3.4-.3.7s.1.5.3.7c.2.2.4.3.7.3h11c.3 0 .5-.1.7-.3.2-.2.3-.5.3-.7s-.1-.5-.3-.7zM5.8 14.7l6.2 6.3 6.2-6.3c.2-.2.3-.5.3-.7s-.1-.5-.3-.7c-.2-.2-.4-.3-.7-.3h-11c-.3 0-.5.1-.7.3-.2.2-.3.5-.3.7s.1.5.3.7z\"\/><\/svg><\/span><\/span><\/span><\/a><\/span><\/div>\n<nav><ul class='ez-toc-list ez-toc-list-level-1 ' ><li class='ez-toc-page-1 ez-toc-heading-level-2'><a class=\"ez-toc-link ez-toc-heading-1\" href=\"https:\/\/idecesos.com\/seguros\/companias\/linea-directa\/prima-mixta\/#Coberturas_seguro_Prima_Mixta_Linea_Directa\" >Coberturas seguro Prima Mixta L\u00ednea Directa<\/a><ul class='ez-toc-list-level-3' ><li class='ez-toc-heading-level-3'><a class=\"ez-toc-link ez-toc-heading-2\" href=\"https:\/\/idecesos.com\/seguros\/companias\/linea-directa\/prima-mixta\/#%C2%BFA_quien_va_dirigido_el_seguro_de_decesos_Prima_Mixta_de_Linea_Directa\" >\u00bfA qui\u00e9n va dirigido el seguro de decesos Prima Mixta de L\u00ednea Directa?<\/a><\/li><\/ul><\/li><li class='ez-toc-page-1 ez-toc-heading-level-2'><a class=\"ez-toc-link ez-toc-heading-3\" href=\"https:\/\/idecesos.com\/seguros\/companias\/linea-directa\/prima-mixta\/#Precio_de_seguro_de_decesos_Prima_Mixta_Linea_Directa\" >Precio de seguro de decesos Prima Mixta L\u00ednea Directa<\/a><\/li><li class='ez-toc-page-1 ez-toc-heading-level-2'><a class=\"ez-toc-link ez-toc-heading-4\" href=\"https:\/\/idecesos.com\/seguros\/companias\/linea-directa\/prima-mixta\/#Productos_Prima_Mixta_Linea_Directa\" >Productos Prima Mixta L\u00ednea Directa<\/a><\/li><li class='ez-toc-page-1 ez-toc-heading-level-2'><a class=\"ez-toc-link ez-toc-heading-5\" href=\"https:\/\/idecesos.com\/seguros\/companias\/linea-directa\/prima-mixta\/#Opiniones_del_seguro_de_decesos_de_Prima_Mixta_de_Linea_Directa\" >Opiniones del seguro de decesos de Prima Mixta de L\u00ednea Directa<\/a><ul class='ez-toc-list-level-3' ><li class='ez-toc-heading-level-3'><a class=\"ez-toc-link ez-toc-heading-6\" href=\"https:\/\/idecesos.com\/seguros\/companias\/linea-directa\/prima-mixta\/#Paginas_relacionadas\" >P\u00e1ginas relacionadas<\/a><\/li><\/ul><\/li><\/ul><\/nav><\/div>\n\n<p>El seguro de decesos de prima mixta de L\u00ednea Directa es la conexi\u00f3n entre el seguro de prima creciente y el seguro de prima nivelada de L\u00ednea Directa. L\u00ednea Directa el seguro de prima mixta se renueva el precio anualmente debido que al crecimiento de edad, aumenta el peligro de muerte. Por tanto, es m\u00e1s cara y adem\u00e1s de esto se marcha actualizando el precio de los servicios por el hecho de que estos tambi\u00e9n se encarecen, y llegados a una edad m\u00e1s madura para de crecer la prima mixta L\u00ednea Directa y se nivela.<\/p>\n<p>Leer m\u00e1s: <a href=\"https:\/\/idecesos.com\/seguros\/tipo\/mixta\/\">Seguro de decesos Prima Mixta<\/a><\/p>\n<div class=\"colorf \"  ><div class=\"container clearfix\"><div class=\"col-md-7\"><\/p>\n<h2><span class=\"ez-toc-section\" id=\"Coberturas_seguro_Prima_Mixta_Linea_Directa\"><\/span>Coberturas seguro Prima Mixta L\u00ednea Directa<span class=\"ez-toc-section-end\"><\/span><\/h2>\n<p>Se identifica por ser una de las mejores empresas de seguros por las coberturas de dar el servicio funerario m\u00e1s completo a cada uno de ellos de sus clientes del servicio del seguro de decesos de prima mixta de L\u00ednea Directa. Las coberturas m\u00e1s demandadas y que se llevan un previo control por parte de L\u00ednea Directa es por los servicios que debe de hacer una vez ocurra el \u00f3bito del asegurado. Contando con los mejores servicios y tramitaci\u00f3n del mismo. L\u00ednea Directa tiene su seguro de prima mixta incluye una enorme pluralidad de servicios complementarios muy resaltables por lo que se puede hacer empleo y disfrute los asegurados a lo largo de la permanencia en L\u00ednea Directa. Con iDecesos vas a poder cotejar las diferentes coberturas que contempla el seguro de prima mixta de L\u00ednea Directa con la competencia de L\u00ednea Directa.<\/p>\n<p><\/div><\/div><\/div>\n<h3><span class=\"ez-toc-section\" id=\"%C2%BFA_quien_va_dirigido_el_seguro_de_decesos_Prima_Mixta_de_Linea_Directa\"><\/span>\u00bfA qui\u00e9n va dirigido el seguro de decesos Prima Mixta de L\u00ednea Directa?<span class=\"ez-toc-section-end\"><\/span><\/h3>\n<p>Va enfocado para todas las personas j\u00f3venes y familiares que quieran tener una estabilidad a nivel econ\u00f3mico a lo largo del pago de su p\u00f3liza de prima mixta de L\u00ednea Directa puesto que no habr\u00e1 ninguna subida inesperada, adem\u00e1s de contar con todas las coberturas m\u00e1s completas.<\/p>\n<div class=\"colorf \"  ><div class=\"container clearfix\"><div class=\"col-md-7\"><\/p>\n<h2><span class=\"ez-toc-section\" id=\"Precio_de_seguro_de_decesos_Prima_Mixta_Linea_Directa\"><\/span>Precio de seguro de decesos Prima Mixta L\u00ednea Directa<span class=\"ez-toc-section-end\"><\/span><\/h2>\n<p>La p\u00f3liza de prima mixta de L\u00ednea Directa su coste es de 2,20\u20ac mensual. Para su c\u00e1lculo hemos tenido en cuenta a una persona adolescente y una localidad con el precio m\u00e1s econ\u00f3mico del servicio funerario de Espa\u00f1a. Aseguramos al 100 por ciento que el mejor coste de seguros de decesos de prima mixta L\u00ednea Directa es de las m\u00e1s rentable a nivel nacional. Si con esto, no te quedas tranquilo, efect\u00faa una comparativa de costes de seguros de prima mixta en iDecesos y contrastarlos con el de L\u00ednea Directa, no tardas ni un minuto y lo vas a poder examinar en una ojeada.<\/p>\n<p><\/div><\/div><\/div>\n<h2><span class=\"ez-toc-section\" id=\"Productos_Prima_Mixta_Linea_Directa\"><\/span>Productos Prima Mixta L\u00ednea Directa<span class=\"ez-toc-section-end\"><\/span><\/h2>\n<div class=\"colorf\"><div class=\"container clearfix\"><div class=\"col-md-7\"><div class=\"opiniones\">\n<h2><span class=\"ez-toc-section\" id=\"Opiniones_del_seguro_de_decesos_de_Prima_Mixta_de_Linea_Directa\"><\/span>Opiniones del seguro de decesos de Prima Mixta de L\u00ednea Directa<span class=\"ez-toc-section-end\"><\/span><\/h2>\n<p>La prima mixta de L\u00ednea Directa es de las que mejor opinan tienen dentro de iDecesos, puesto que est\u00e1n de manera filtrada y son clasificadas por especialistas. Esta valoraci\u00f3n tan buena es debido a que el producto es muy equilibrado, con un coste muy barato y coberturas y servicios de enorme calidad. La Direcci\u00f3n General de seguros (D. G. S) cuenta con las distintas categor\u00edas de demanda que garantiza la compa\u00f1\u00eda aseguradora L\u00ednea Directa.<\/p>\n<div class=\"opinion \"  >\n\t\t\t<div class=\"cabecera_opinion\">\n\t\t\t\t<div class=\"avatar\">P B <\/div>\n\t\t\t\t<div class=\"datos_opinion\">\n\t\t\t\t\t<div class=\"nombre_opinion\">Paula Benito<\/div>\n\t\t\t\t\t<div class=\"info_opinion\">\t\t\t\t\t\t\n\t\t\t\t\t\t<div class=\"cuenta_opinion\"><i class=\"fas fa-pencil-alt\"><\/i><!--span class=\"dashicons dashicons-edit\" style=\"font-size:20px\"><\/span--><span>1 Opini\u00f3n<\/span><\/div>\t\t\t\t\t\t\n\t\t\t\t\t\t<div class=\"localizacion_opinion\">\n\t\t\t\t\t\t\t<i class=\"fas fa-map-marker-alt\"><\/i><!--span class=\"dashicons dashicons-location\" style=\"font-size:20px\"><\/span-->\n\t\t\t\t\t\t\t<span>ES<\/span>\n\t\t\t\t\t\t<\/div>\t\n\t\t\t\t\t<\/div>\n\t\t\t\t<\/div>\n\t\t\t<\/div><div class=\"texto_opinion\"><\/p>\n<p>Realice la contrataci\u00f3n del seguro de prima Mixta de L\u00ednea Directa en tanto que las coberturas que cuentan, son las que necesito, aparte de recibir una buena atenci\u00f3n muy adaptada.<\/p>\n<p><\/div><\/div>\n<div class=\"opinion \"  >\n\t\t\t<div class=\"cabecera_opinion\">\n\t\t\t\t<div class=\"avatar\">A A <\/div>\n\t\t\t\t<div class=\"datos_opinion\">\n\t\t\t\t\t<div class=\"nombre_opinion\">Aurelia Aragon\u00e9s<\/div>\n\t\t\t\t\t<div class=\"info_opinion\">\t\t\t\t\t\t\n\t\t\t\t\t\t<div class=\"cuenta_opinion\"><i class=\"fas fa-pencil-alt\"><\/i><!--span class=\"dashicons dashicons-edit\" style=\"font-size:20px\"><\/span--><span>1 Opini\u00f3n<\/span><\/div>\t\t\t\t\t\t\n\t\t\t\t\t\t<div class=\"localizacion_opinion\">\n\t\t\t\t\t\t\t<i class=\"fas fa-map-marker-alt\"><\/i><!--span class=\"dashicons dashicons-location\" style=\"font-size:20px\"><\/span-->\n\t\t\t\t\t\t\t<span>ES<\/span>\n\t\t\t\t\t\t<\/div>\t\n\t\t\t\t\t<\/div>\n\t\t\t\t<\/div>\n\t\t\t<\/div><div class=\"texto_opinion\"><\/p>\n<p>Ciertamente contamos con un asesor adaptado de L\u00ednea Directa del cual nos gui\u00f3 dentro de las distintas tarifas que contaban y cada uno de ellos con las coberturas que contemplan, llevamos con ellos m\u00e1s de 10 a\u00f1os, aunque ahora L\u00ednea Directa que hemos superado la edad para que nos salga m\u00e1s rentable, este \u00faltimo a\u00f1o se ha apreciado la subida.<\/p>\n<p><\/div><\/div>\n<div class=\"opinion \"  >\n\t\t\t<div class=\"cabecera_opinion\">\n\t\t\t\t<div class=\"avatar\">I I <\/div>\n\t\t\t\t<div class=\"datos_opinion\">\n\t\t\t\t\t<div class=\"nombre_opinion\">Iv\u00e1n Ib\u00e1\u00f1ez<\/div>\n\t\t\t\t\t<div class=\"info_opinion\">\t\t\t\t\t\t\n\t\t\t\t\t\t<div class=\"cuenta_opinion\"><i class=\"fas fa-pencil-alt\"><\/i><!--span class=\"dashicons dashicons-edit\" style=\"font-size:20px\"><\/span--><span>1 Opini\u00f3n<\/span><\/div>\t\t\t\t\t\t\n\t\t\t\t\t\t<div class=\"localizacion_opinion\">\n\t\t\t\t\t\t\t<i class=\"fas fa-map-marker-alt\"><\/i><!--span class=\"dashicons dashicons-location\" style=\"font-size:20px\"><\/span-->\n\t\t\t\t\t\t\t<span>ES<\/span>\n\t\t\t\t\t\t<\/div>\t\n\t\t\t\t\t<\/div>\n\t\t\t\t<\/div>\n\t\t\t<\/div><div class=\"texto_opinion\"><\/p>\n<p>Cuando afirmamos realizar la contrataci\u00f3n con L\u00ednea Directa nos notificaron que siendo j\u00f3venes la tarifa era m\u00e1s econ\u00f3mica, m\u00e1s L\u00ednea Directa estima que llegando a una cierta edad, se debe acrecentar el pago debido que puede haber mayor peligro. A\u00fan de este modo el trato que recib\u00ed me qued\u00e9 muy contenta.<\/p>\n<p><\/div><\/div>\n<\/div><\/div><\/div><\/div>\n<p><div class=\"oficinas\"><br \/>\n<!-- Shortcode [l%c3%adnea-directa-hijas] does not exist --><\/p>\n<p><\/div> <h3><span class=\"ez-toc-section\" id=\"Paginas_relacionadas\"><\/span>P\u00e1ginas relacionadas<span class=\"ez-toc-section-end\"><\/span><\/h3><div class=\"enlazado\"><ul> <li><a href=\"https:\/\/idecesos.com\/seguros\/companias\/linea-directa\/opiniones\/\">Opiniones de Seguro Decesos L\u00ednea Directa<\/a><\/li> <li><a href=\"https:\/\/idecesos.com\/seguros\/companias\/linea-directa\/precio\/\">Precio seguro L\u00ednea Directa<\/a><\/li> <li><a href=\"https:\/\/idecesos.com\/seguros\/companias\/linea-directa\/prima-mixta\/\">L\u00ednea Directa Prima Mixta<\/a><\/li> <li><a href=\"https:\/\/idecesos.com\/seguros\/companias\/linea-directa\/prima-natural\/\">L\u00ednea Directa Prima Natural<\/a><\/li> <li><a href=\"https:\/\/idecesos.com\/seguros\/companias\/linea-directa\/prima-nivelada\/\">L\u00ednea Directa Prima Nivelada<\/a><\/li> <li><a href=\"https:\/\/idecesos.com\/seguros\/companias\/linea-directa\/prima-unica\/\">L\u00ednea Directa Prima \u00danica<\/a><\/li> <li><a href=\"https:\/\/idecesos.com\/seguros\/companias\/linea-directa\/repatriacion\/\">L\u00ednea Directa Repatriaci\u00f3n<\/a><\/li> <li><a href=\"https:\/\/idecesos.com\/seguros\/companias\/linea-directa\/telefono\/\">Tel\u00e9fono Gratuito L\u00ednea Directa<\/a><\/li><\/ul><\/div><\/p>\n","protected":false},"excerpt":{"rendered":"<p>El seguro de decesos de prima mixta de L\u00ednea Directa es la conexi\u00f3n entre el seguro de prima creciente y el seguro de prima nivelada de L\u00ednea Directa. L\u00ednea Directa el seguro de prima mixta se renueva el precio anualmente debido que al crecimiento de edad, aumenta el peligro de muerte. Por tanto, es m\u00e1s&hellip; <\/p>\n","protected":false},"author":3,"featured_media":0,"parent":6197,"menu_order":0,"comment_status":"closed","ping_status":"closed","template":"single.php","meta":{"footnotes":""},"class_list":["post-11723","page","type-page","status-publish","hentry"],"yoast_head":"<!-- This site is optimized with the Yoast SEO plugin v27.3 - https:\/\/yoast.com\/product\/yoast-seo-wordpress\/ -->\n<title>Seguro Decesos L\u00ednea Directa Prima Mixta \u25b7 Opiniones y Precio 2026<\/title>\n<meta name=\"description\" content=\"Click aqu\u00ed \u3010Seguro de Decesos Prima Mixta L\u00ednea Directa\u3011 Mejores precios L\u00ednea Directa seguro de fallecidos Prima Mixta \u2611\ufe0f Actualizado por iDecesos\u00ae\" \/>\n<meta name=\"robots\" content=\"index, follow, max-snippet:-1, max-image-preview:large, max-video-preview:-1\" \/>\n<link rel=\"canonical\" href=\"https:\/\/idecesos.com\/seguros\/companias\/linea-directa\/prima-mixta\/\" \/>\n<meta property=\"og:locale\" content=\"es_ES\" \/>\n<meta property=\"og:type\" content=\"article\" \/>\n<meta property=\"og:title\" content=\"Seguro Decesos L\u00ednea Directa Prima Mixta \u25b7 Opiniones y Precio 2026\" \/>\n<meta property=\"og:description\" content=\"Click aqu\u00ed \u3010Seguro de Decesos Prima Mixta L\u00ednea Directa\u3011 Mejores precios L\u00ednea Directa seguro de fallecidos Prima Mixta \u2611\ufe0f Actualizado por iDecesos\u00ae\" \/>\n<meta property=\"og:url\" content=\"https:\/\/idecesos.com\/seguros\/companias\/linea-directa\/prima-mixta\/\" \/>\n<meta property=\"article:modified_time\" content=\"2022-04-05T09:51:33+00:00\" \/>\n<meta name=\"twitter:card\" content=\"summary_large_image\" \/>\n<meta name=\"twitter:label1\" content=\"Tiempo de lectura\" \/>\n\t<meta name=\"twitter:data1\" content=\"4 minutos\" \/>\n<script type=\"application\/ld+json\" class=\"yoast-schema-graph\">{\"@context\":\"https:\\\/\\\/schema.org\",\"@graph\":[{\"@type\":\"WebPage\",\"@id\":\"https:\\\/\\\/idecesos.com\\\/seguros\\\/companias\\\/linea-directa\\\/prima-mixta\\\/\",\"url\":\"https:\\\/\\\/idecesos.com\\\/seguros\\\/companias\\\/linea-directa\\\/prima-mixta\\\/\",\"name\":\"Seguro Decesos L\u00ednea Directa Prima Mixta \u25b7 Opiniones y Precio 2026\",\"isPartOf\":{\"@id\":\"https:\\\/\\\/idecesos.com\\\/seguros\\\/#website\"},\"datePublished\":\"2021-11-23T00:00:00+00:00\",\"dateModified\":\"2022-04-05T09:51:33+00:00\",\"description\":\"Click aqu\u00ed \u3010Seguro de Decesos Prima Mixta L\u00ednea Directa\u3011 Mejores precios L\u00ednea Directa seguro de fallecidos Prima Mixta \u2611\ufe0f Actualizado por iDecesos\u00ae\",\"breadcrumb\":{\"@id\":\"https:\\\/\\\/idecesos.com\\\/seguros\\\/companias\\\/linea-directa\\\/prima-mixta\\\/#breadcrumb\"},\"inLanguage\":\"es\",\"potentialAction\":[{\"@type\":\"ReadAction\",\"target\":[\"https:\\\/\\\/idecesos.com\\\/seguros\\\/companias\\\/linea-directa\\\/prima-mixta\\\/\"]}]},{\"@type\":\"BreadcrumbList\",\"@id\":\"https:\\\/\\\/idecesos.com\\\/seguros\\\/companias\\\/linea-directa\\\/prima-mixta\\\/#breadcrumb\",\"itemListElement\":[{\"@type\":\"ListItem\",\"position\":1,\"name\":\"Portada\",\"item\":\"https:\\\/\\\/idecesos.com\\\/seguros\\\/\"},{\"@type\":\"ListItem\",\"position\":2,\"name\":\"Compa\u00f1\u00edas de Seguros de Decesos en Espa\u00f1a\",\"item\":\"https:\\\/\\\/idecesos.com\\\/seguros\\\/companias\\\/\"},{\"@type\":\"ListItem\",\"position\":3,\"name\":\"Seguro de Decesos L\u00ednea Directa\",\"item\":\"https:\\\/\\\/idecesos.com\\\/seguros\\\/companias\\\/linea-directa\\\/\"},{\"@type\":\"ListItem\",\"position\":4,\"name\":\"Seguro de decesos L\u00ednea Directa Prima Mixta\"}]},{\"@type\":\"WebSite\",\"@id\":\"https:\\\/\\\/idecesos.com\\\/seguros\\\/#website\",\"url\":\"https:\\\/\\\/idecesos.com\\\/seguros\\\/\",\"name\":\"\",\"description\":\"\",\"potentialAction\":[{\"@type\":\"SearchAction\",\"target\":{\"@type\":\"EntryPoint\",\"urlTemplate\":\"https:\\\/\\\/idecesos.com\\\/seguros\\\/?s={search_term_string}\"},\"query-input\":{\"@type\":\"PropertyValueSpecification\",\"valueRequired\":true,\"valueName\":\"search_term_string\"}}],\"inLanguage\":\"es\"}]}<\/script>\n<!-- \/ Yoast SEO plugin. -->","yoast_head_json":{"title":"Seguro Decesos L\u00ednea Directa Prima Mixta \u25b7 Opiniones y Precio 2026","description":"Click aqu\u00ed \u3010Seguro de Decesos Prima Mixta L\u00ednea Directa\u3011 Mejores precios L\u00ednea Directa seguro de fallecidos Prima Mixta \u2611\ufe0f Actualizado por iDecesos\u00ae","robots":{"index":"index","follow":"follow","max-snippet":"max-snippet:-1","max-image-preview":"max-image-preview:large","max-video-preview":"max-video-preview:-1"},"canonical":"https:\/\/idecesos.com\/seguros\/companias\/linea-directa\/prima-mixta\/","og_locale":"es_ES","og_type":"article","og_title":"Seguro Decesos L\u00ednea Directa Prima Mixta \u25b7 Opiniones y Precio 2026","og_description":"Click aqu\u00ed \u3010Seguro de Decesos Prima Mixta L\u00ednea Directa\u3011 Mejores precios L\u00ednea Directa seguro de fallecidos Prima Mixta \u2611\ufe0f Actualizado por iDecesos\u00ae","og_url":"https:\/\/idecesos.com\/seguros\/companias\/linea-directa\/prima-mixta\/","article_modified_time":"2022-04-05T09:51:33+00:00","twitter_card":"summary_large_image","twitter_misc":{"Tiempo de lectura":"4 minutos"},"schema":{"@context":"https:\/\/schema.org","@graph":[{"@type":"WebPage","@id":"https:\/\/idecesos.com\/seguros\/companias\/linea-directa\/prima-mixta\/","url":"https:\/\/idecesos.com\/seguros\/companias\/linea-directa\/prima-mixta\/","name":"Seguro Decesos L\u00ednea Directa Prima Mixta \u25b7 Opiniones y Precio 2026","isPartOf":{"@id":"https:\/\/idecesos.com\/seguros\/#website"},"datePublished":"2021-11-23T00:00:00+00:00","dateModified":"2022-04-05T09:51:33+00:00","description":"Click aqu\u00ed \u3010Seguro de Decesos Prima Mixta L\u00ednea Directa\u3011 Mejores precios L\u00ednea Directa seguro de fallecidos Prima Mixta \u2611\ufe0f Actualizado por iDecesos\u00ae","breadcrumb":{"@id":"https:\/\/idecesos.com\/seguros\/companias\/linea-directa\/prima-mixta\/#breadcrumb"},"inLanguage":"es","potentialAction":[{"@type":"ReadAction","target":["https:\/\/idecesos.com\/seguros\/companias\/linea-directa\/prima-mixta\/"]}]},{"@type":"BreadcrumbList","@id":"https:\/\/idecesos.com\/seguros\/companias\/linea-directa\/prima-mixta\/#breadcrumb","itemListElement":[{"@type":"ListItem","position":1,"name":"Portada","item":"https:\/\/idecesos.com\/seguros\/"},{"@type":"ListItem","position":2,"name":"Compa\u00f1\u00edas de Seguros de Decesos en Espa\u00f1a","item":"https:\/\/idecesos.com\/seguros\/companias\/"},{"@type":"ListItem","position":3,"name":"Seguro de Decesos L\u00ednea Directa","item":"https:\/\/idecesos.com\/seguros\/companias\/linea-directa\/"},{"@type":"ListItem","position":4,"name":"Seguro de decesos L\u00ednea Directa Prima Mixta"}]},{"@type":"WebSite","@id":"https:\/\/idecesos.com\/seguros\/#website","url":"https:\/\/idecesos.com\/seguros\/","name":"","description":"","potentialAction":[{"@type":"SearchAction","target":{"@type":"EntryPoint","urlTemplate":"https:\/\/idecesos.com\/seguros\/?s={search_term_string}"},"query-input":{"@type":"PropertyValueSpecification","valueRequired":true,"valueName":"search_term_string"}}],"inLanguage":"es"}]}},"_links":{"self":[{"href":"https:\/\/idecesos.com\/seguros\/wp-json\/wp\/v2\/pages\/11723","targetHints":{"allow":["GET"]}}],"collection":[{"href":"https:\/\/idecesos.com\/seguros\/wp-json\/wp\/v2\/pages"}],"about":[{"href":"https:\/\/idecesos.com\/seguros\/wp-json\/wp\/v2\/types\/page"}],"author":[{"embeddable":true,"href":"https:\/\/idecesos.com\/seguros\/wp-json\/wp\/v2\/users\/3"}],"replies":[{"embeddable":true,"href":"https:\/\/idecesos.com\/seguros\/wp-json\/wp\/v2\/comments?post=11723"}],"version-history":[{"count":2,"href":"https:\/\/idecesos.com\/seguros\/wp-json\/wp\/v2\/pages\/11723\/revisions"}],"predecessor-version":[{"id":20968,"href":"https:\/\/idecesos.com\/seguros\/wp-json\/wp\/v2\/pages\/11723\/revisions\/20968"}],"up":[{"embeddable":true,"href":"https:\/\/idecesos.com\/seguros\/wp-json\/wp\/v2\/pages\/6197"}],"wp:attachment":[{"href":"https:\/\/idecesos.com\/seguros\/wp-json\/wp\/v2\/media?parent=11723"}],"curies":[{"name":"wp","href":"https:\/\/api.w.org\/{rel}","templated":true}]}}