{"id":11725,"date":"2021-11-23T00:00:00","date_gmt":"2021-11-23T00:00:00","guid":{"rendered":"https:\/\/idecesos.com\/seguros\/?page_id=11725"},"modified":"2022-01-03T12:31:16","modified_gmt":"2022-01-03T12:31:16","slug":"prima-mixta","status":"publish","type":"page","link":"https:\/\/idecesos.com\/seguros\/companias\/previsora-bilbaina\/prima-mixta\/","title":{"rendered":"Seguro de decesos Previsora Bilbaina Prima Mixta"},"content":{"rendered":"<div id=\"ez-toc-container\" class=\"ez-toc-v2_0_82_2 ez-toc-wrap-center counter-hierarchy ez-toc-counter ez-toc-custom ez-toc-container-direction\">\n<div class=\"ez-toc-title-container\">\n<p class=\"ez-toc-title\" style=\"cursor:inherit\">Tabla de Contenido<\/p>\n<span class=\"ez-toc-title-toggle\"><a href=\"#\" class=\"ez-toc-pull-right ez-toc-btn ez-toc-btn-xs ez-toc-btn-default ez-toc-toggle\" aria-label=\"Alternar tabla de contenidos\"><span class=\"ez-toc-js-icon-con\"><span class=\"\"><span class=\"eztoc-hide\" style=\"display:none;\">Toggle<\/span><span class=\"ez-toc-icon-toggle-span\"><svg style=\"fill: #db6415;color:#db6415\" xmlns=\"http:\/\/www.w3.org\/2000\/svg\" class=\"list-377408\" width=\"20px\" height=\"20px\" viewBox=\"0 0 24 24\" fill=\"none\"><path d=\"M6 6H4v2h2V6zm14 0H8v2h12V6zM4 11h2v2H4v-2zm16 0H8v2h12v-2zM4 16h2v2H4v-2zm16 0H8v2h12v-2z\" fill=\"currentColor\"><\/path><\/svg><svg style=\"fill: #db6415;color:#db6415\" class=\"arrow-unsorted-368013\" xmlns=\"http:\/\/www.w3.org\/2000\/svg\" width=\"10px\" height=\"10px\" viewBox=\"0 0 24 24\" version=\"1.2\" baseProfile=\"tiny\"><path d=\"M18.2 9.3l-6.2-6.3-6.2 6.3c-.2.2-.3.4-.3.7s.1.5.3.7c.2.2.4.3.7.3h11c.3 0 .5-.1.7-.3.2-.2.3-.5.3-.7s-.1-.5-.3-.7zM5.8 14.7l6.2 6.3 6.2-6.3c.2-.2.3-.5.3-.7s-.1-.5-.3-.7c-.2-.2-.4-.3-.7-.3h-11c-.3 0-.5.1-.7.3-.2.2-.3.5-.3.7s.1.5.3.7z\"\/><\/svg><\/span><\/span><\/span><\/a><\/span><\/div>\n<nav><ul class='ez-toc-list ez-toc-list-level-1 ' ><li class='ez-toc-page-1 ez-toc-heading-level-2'><a class=\"ez-toc-link ez-toc-heading-1\" href=\"https:\/\/idecesos.com\/seguros\/companias\/previsora-bilbaina\/prima-mixta\/#Coberturas_seguro_Prima_Mixta_Previsora_Bilbaina\" >Coberturas seguro Prima Mixta Previsora Bilbaina<\/a><ul class='ez-toc-list-level-3' ><li class='ez-toc-heading-level-3'><a class=\"ez-toc-link ez-toc-heading-2\" href=\"https:\/\/idecesos.com\/seguros\/companias\/previsora-bilbaina\/prima-mixta\/#%C2%BFA_quien_va_dirigido_el_seguro_de_decesos_Prima_Mixta_de_Previsora_Bilbaina\" >\u00bfA qui\u00e9n va dirigido el seguro de decesos Prima Mixta de Previsora Bilbaina?<\/a><\/li><\/ul><\/li><li class='ez-toc-page-1 ez-toc-heading-level-2'><a class=\"ez-toc-link ez-toc-heading-3\" href=\"https:\/\/idecesos.com\/seguros\/companias\/previsora-bilbaina\/prima-mixta\/#Precio_de_seguro_de_decesos_Prima_Mixta_Previsora_Bilbaina\" >Precio de seguro de decesos Prima Mixta Previsora Bilbaina<\/a><\/li><li class='ez-toc-page-1 ez-toc-heading-level-2'><a class=\"ez-toc-link ez-toc-heading-4\" href=\"https:\/\/idecesos.com\/seguros\/companias\/previsora-bilbaina\/prima-mixta\/#Productos_Prima_Mixta_Previsora_Bilbaina\" >Productos Prima Mixta Previsora Bilbaina<\/a><\/li><li class='ez-toc-page-1 ez-toc-heading-level-2'><a class=\"ez-toc-link ez-toc-heading-5\" href=\"https:\/\/idecesos.com\/seguros\/companias\/previsora-bilbaina\/prima-mixta\/#Opiniones_del_seguro_de_decesos_de_Prima_Mixta_de_Previsora_Bilbaina\" >Opiniones del seguro de decesos de Prima Mixta de Previsora Bilbaina<\/a><ul class='ez-toc-list-level-3' ><li class='ez-toc-heading-level-3'><a class=\"ez-toc-link ez-toc-heading-6\" href=\"https:\/\/idecesos.com\/seguros\/companias\/previsora-bilbaina\/prima-mixta\/#Paginas_relacionadas\" >P\u00e1ginas relacionadas<\/a><\/li><\/ul><\/li><\/ul><\/nav><\/div>\n\n<p>Dentro de las diferentes primas, nos hallamos con prima mixta Previsora Bilbaina, ya que es una mezcla de prima nivelada y prima natural. Es decir, la prima es creciente conforme se van cumpliendo los a\u00f1os y asimismo se revaloriza el valor del servicio f\u00fanebre asociado pero se estabiliza ya mayor a fin de que el precio de la prima no se vuelva inaccesible y cuando seamos pensionistas no nos pese proseguir pagando la prima mixta de Previsora Bilbaina. En los gastos cuenta con la tranquilidad de que no ocurrir\u00e1 ninguna alteraci\u00f3n durante el transcurso de los a\u00f1os. <\/p>\n<p>Leer m\u00e1s: <a href=\"https:\/\/idecesos.com\/seguros\/tipo\/mixta\/\">Seguro de decesos Prima Mixta<\/a><\/p>\n<div class=\"colorf \"  ><div class=\"container clearfix\"><div class=\"col-md-7\"><\/p>\n<h2><span class=\"ez-toc-section\" id=\"Coberturas_seguro_Prima_Mixta_Previsora_Bilbaina\"><\/span>Coberturas seguro Prima Mixta Previsora Bilbaina<span class=\"ez-toc-section-end\"><\/span><\/h2>\n<p>Dentro de la coberturas de la prima mixta Previsora Bilbaina son muy detalladas dejando todo al completo, pero donde m\u00e1s destaca es en la tramitaci\u00f3n del sepelio. Es de enorme inter\u00e9s conocer que una de las coberturas que tiene el seguro, en la una parte de la tramitaci\u00f3n del \u00f3bito del asegurado se encargan de todo, en este caso el desplazamiento del fallecido se hace por personas profesionales y expertos en el campo, una vez que llegu\u00e9 al tanatorio se encargan de hacer lucir al cad\u00e1ver una presentaci\u00f3n a fin de que sus seres queridos puedan verlo. Dejan a disposici\u00f3n de cada familiar una persona que se encarga de la gesti\u00f3n de transmitir toda la informaci\u00f3n preciso sobre el velatorio a cada persona, como solucionar cualquier cuesti\u00f3n de cada familiar, dentro de todo ello cuenta con los mejores servicio de calidad, servicio religioso, necrol\u00f3gicas, corona floral, ata\u00fad o urna. El servicio que se llevar\u00e1 a cabo va a ser siempre que se adapte a las costumbres del familiar, contando del capital de la persona asegurada. <\/p>\n<p><\/div><\/div><\/div>\n<h3><span class=\"ez-toc-section\" id=\"%C2%BFA_quien_va_dirigido_el_seguro_de_decesos_Prima_Mixta_de_Previsora_Bilbaina\"><\/span>\u00bfA qui\u00e9n va dirigido el seguro de decesos Prima Mixta de Previsora Bilbaina?<span class=\"ez-toc-section-end\"><\/span><\/h3>\n<p>Las personas que m\u00e1s adquieren el seguro de prima mixta de Previsora Bilbaina est\u00e1 catalogada por las personas muy j\u00f3venes o bien grandes familias, en tanto que es bastante econ\u00f3mico y no cuenta con subidas. Adem\u00e1s de esto, suelen ser familias que le dan un empleo intenso a los servicios a\u00f1adidos que ofrece la p\u00f3liza de prima mixta de Previsora Bilbaina. <\/p>\n<div class=\"colorf \"  ><div class=\"container clearfix\"><div class=\"col-md-7\"><\/p>\n<h2><span class=\"ez-toc-section\" id=\"Precio_de_seguro_de_decesos_Prima_Mixta_Previsora_Bilbaina\"><\/span>Precio de seguro de decesos Prima Mixta Previsora Bilbaina<span class=\"ez-toc-section-end\"><\/span><\/h2>\n<p>El seguro de prima mixta de Previsora Bilbaina su precio es de 2,15\u20ac. Para este c\u00e1lculo se realiz\u00f3 la referencia de una persona joven o la localidad que den el servicio funerario. Es importante, antes de contratar y pagar un precio de un seguro de prima mixta de Previsora Bilbaina comparar en iDecesos con otras propuestas de compa\u00f1\u00edas aseguradoras semejantes en calidad y servicio a Previsora Bilbaina. <\/p>\n<p><\/div><\/div><\/div>\n<h2><span class=\"ez-toc-section\" id=\"Productos_Prima_Mixta_Previsora_Bilbaina\"><\/span>Productos Prima Mixta Previsora Bilbaina<span class=\"ez-toc-section-end\"><\/span><\/h2>\n<div class=\"colorf\"><div class=\"container clearfix\"><div class=\"col-md-7\"><div class=\"opiniones\">\n<h2><span class=\"ez-toc-section\" id=\"Opiniones_del_seguro_de_decesos_de_Prima_Mixta_de_Previsora_Bilbaina\"><\/span>Opiniones del seguro de decesos de Prima Mixta de Previsora Bilbaina<span class=\"ez-toc-section-end\"><\/span><\/h2>\n<p>Las opiniones m\u00e1s cualificadas del panorama asegurador le dan una evaluaci\u00f3n sobresaliente al producto de prima mixta o semi natural de Previsora Bilbaina. El directivo encargado de los estudios de los servicios de iDecesos, ha declarado que el seguro de prima mixta, es una mezcla perfecta de prima natural y nivelada que se complementan con las mejores coberturas que es un producto complet\u00edsimo. <\/p>\n<div class=\"opinion \"  >\n\t\t\t<div class=\"cabecera_opinion\">\n\t\t\t\t<div class=\"avatar\">O P <\/div>\n\t\t\t\t<div class=\"datos_opinion\">\n\t\t\t\t\t<div class=\"nombre_opinion\">Obdulia Pinilla<\/div>\n\t\t\t\t\t<div class=\"info_opinion\">\t\t\t\t\t\t\n\t\t\t\t\t\t<div class=\"cuenta_opinion\"><i class=\"fas fa-pencil-alt\"><\/i><!--span class=\"dashicons dashicons-edit\" style=\"font-size:20px\"><\/span--><span>1 Opini\u00f3n<\/span><\/div>\t\t\t\t\t\t\n\t\t\t\t\t\t<div class=\"localizacion_opinion\">\n\t\t\t\t\t\t\t<i class=\"fas fa-map-marker-alt\"><\/i><!--span class=\"dashicons dashicons-location\" style=\"font-size:20px\"><\/span-->\n\t\t\t\t\t\t\t<span>ES<\/span>\n\t\t\t\t\t\t<\/div>\t\n\t\t\t\t\t<\/div>\n\t\t\t\t<\/div>\n\t\t\t<\/div><div class=\"texto_opinion\"><\/p>\n<p>Dentro de mis criterios Previsora Bilbaina es la mejor que existe, adem\u00e1s los asesores son muy profesionales en el \u00e1mbito de los seguros, con lo que me dieron mayor seguridad y calma, me resulta esencial ya antes de efectuar una contrataci\u00f3n que conozca al detalle el producto, con lo que atendieron estupendamente,  hice la contrataci\u00f3n hace bastante poco con lo que la tarifa me result\u00f3 muy rentable, contaba con todas y cada una de las coberturas que necesitaba, conque no puedo estar m\u00e1s contenta con Previsora Bilbaina.<\/p>\n<p><\/div><\/div>\n<div class=\"opinion \"  >\n\t\t\t<div class=\"cabecera_opinion\">\n\t\t\t\t<div class=\"avatar\">C V <\/div>\n\t\t\t\t<div class=\"datos_opinion\">\n\t\t\t\t\t<div class=\"nombre_opinion\">Crescencia Vilanova<\/div>\n\t\t\t\t\t<div class=\"info_opinion\">\t\t\t\t\t\t\n\t\t\t\t\t\t<div class=\"cuenta_opinion\"><i class=\"fas fa-pencil-alt\"><\/i><!--span class=\"dashicons dashicons-edit\" style=\"font-size:20px\"><\/span--><span>1 Opini\u00f3n<\/span><\/div>\t\t\t\t\t\t\n\t\t\t\t\t\t<div class=\"localizacion_opinion\">\n\t\t\t\t\t\t\t<i class=\"fas fa-map-marker-alt\"><\/i><!--span class=\"dashicons dashicons-location\" style=\"font-size:20px\"><\/span-->\n\t\t\t\t\t\t\t<span>ES<\/span>\n\t\t\t\t\t\t<\/div>\t\n\t\t\t\t\t<\/div>\n\t\t\t\t<\/div>\n\t\t\t<\/div><div class=\"texto_opinion\"><\/p>\n<p>Realice la contrataci\u00f3n del seguro de prima Mixta de Previsora Bilbaina puesto que las coberturas que cuentan, son las que necesito, aparte de recibir una buena atenci\u00f3n muy personalizada.<\/p>\n<p><\/div><\/div>\n<div class=\"opinion \"  >\n\t\t\t<div class=\"cabecera_opinion\">\n\t\t\t\t<div class=\"avatar\">O D P <\/div>\n\t\t\t\t<div class=\"datos_opinion\">\n\t\t\t\t\t<div class=\"nombre_opinion\">Ovidio del Parra<\/div>\n\t\t\t\t\t<div class=\"info_opinion\">\t\t\t\t\t\t\n\t\t\t\t\t\t<div class=\"cuenta_opinion\"><i class=\"fas fa-pencil-alt\"><\/i><!--span class=\"dashicons dashicons-edit\" style=\"font-size:20px\"><\/span--><span>1 Opini\u00f3n<\/span><\/div>\t\t\t\t\t\t\n\t\t\t\t\t\t<div class=\"localizacion_opinion\">\n\t\t\t\t\t\t\t<i class=\"fas fa-map-marker-alt\"><\/i><!--span class=\"dashicons dashicons-location\" style=\"font-size:20px\"><\/span-->\n\t\t\t\t\t\t\t<span>ES<\/span>\n\t\t\t\t\t\t<\/div>\t\n\t\t\t\t\t<\/div>\n\t\t\t\t<\/div>\n\t\t\t<\/div><div class=\"texto_opinion\"><\/p>\n<p>En contraste a el resto compa\u00f1\u00edas esta cuenta con el mejor seguro de prima Mixta de Previsora Bilbaina, la atenci\u00f3n recibida merced a los mejores especialistas del mercado resolviendo todas y cada una mis dudas, lo aconsejo 100 por ciento .<\/p>\n<p><\/div><\/div>\n<\/div><\/div><\/div><\/div>\n<p><div class=\"oficinas\"><br \/>\n<h3><span class=\"ez-toc-section\" id=\"Paginas_relacionadas\"><\/span>P\u00e1ginas relacionadas<span class=\"ez-toc-section-end\"><\/span><\/h3><div class=\"enlazado\"><ul> <li><a href=\"https:\/\/idecesos.com\/seguros\/companias\/previsora-bilbaina\/opiniones\/\">Opiniones de Seguro Decesos Previsora Bilbaina \u25b7Foro<\/a><\/li> <li><a href=\"https:\/\/idecesos.com\/seguros\/companias\/previsora-bilbaina\/precio\/\">Precio seguro Previsora Bilbaina<\/a><\/li> <li><a href=\"https:\/\/idecesos.com\/seguros\/companias\/previsora-bilbaina\/prima-mixta\/\">Previsora Bilbaina Prima Mixta<\/a><\/li> <li><a href=\"https:\/\/idecesos.com\/seguros\/companias\/previsora-bilbaina\/prima-natural\/\">Previsora Bilbaina Prima Natural<\/a><\/li> <li><a href=\"https:\/\/idecesos.com\/seguros\/companias\/previsora-bilbaina\/prima-nivelada\/\">Previsora Bilbaina Prima Nivelada<\/a><\/li> <li><a href=\"https:\/\/idecesos.com\/seguros\/companias\/previsora-bilbaina\/prima-unica\/\">Previsora Bilbaina Prima \u00danica<\/a><\/li> <li><a href=\"https:\/\/idecesos.com\/seguros\/companias\/previsora-bilbaina\/repatriacion\/\">Previsora Bilbaina Repatriaci\u00f3n<\/a><\/li> <li><a href=\"https:\/\/idecesos.com\/seguros\/companias\/previsora-bilbaina\/telefono\/\">Tel\u00e9fono Gratuito Previsora Bilbaina<\/a><\/li><\/ul><\/div><\/p>\n<\/div>\n","protected":false},"excerpt":{"rendered":"<p>Dentro de las diferentes primas, nos hallamos con prima mixta Previsora Bilbaina, ya que es una mezcla de prima nivelada y prima natural. Es decir, la prima es creciente conforme se van cumpliendo los a\u00f1os y asimismo se revaloriza el valor del servicio f\u00fanebre asociado pero se estabiliza ya mayor a fin de que el&hellip; <\/p>\n","protected":false},"author":3,"featured_media":0,"parent":6380,"menu_order":0,"comment_status":"closed","ping_status":"closed","template":"single.php","meta":{"footnotes":""},"class_list":["post-11725","page","type-page","status-publish","hentry"],"yoast_head":"<!-- This site is optimized with the Yoast SEO plugin v27.4 - https:\/\/yoast.com\/product\/yoast-seo-wordpress\/ -->\n<title>Seguro Decesos Previsora Bilbaina Prima Mixta \u25b7 Opiniones y Precio 2026<\/title>\n<meta name=\"description\" content=\"Click aqu\u00ed \u3010Seguro de Decesos Prima Mixta Previsora Bilbaina\u3011 Mejores precios Previsora Bilbaina seguro de fallecidos Prima Mixta \u2611\ufe0f Actualizado por iDecesos\u00ae\" \/>\n<meta name=\"robots\" content=\"index, follow, max-snippet:-1, max-image-preview:large, max-video-preview:-1\" \/>\n<link rel=\"canonical\" href=\"https:\/\/idecesos.com\/seguros\/companias\/previsora-bilbaina\/prima-mixta\/\" \/>\n<meta property=\"og:locale\" content=\"es_ES\" \/>\n<meta property=\"og:type\" content=\"article\" \/>\n<meta property=\"og:title\" content=\"Seguro Decesos Previsora Bilbaina Prima Mixta \u25b7 Opiniones y Precio 2026\" \/>\n<meta property=\"og:description\" content=\"Click aqu\u00ed \u3010Seguro de Decesos Prima Mixta Previsora Bilbaina\u3011 Mejores precios Previsora Bilbaina seguro de fallecidos Prima Mixta \u2611\ufe0f Actualizado por iDecesos\u00ae\" \/>\n<meta property=\"og:url\" content=\"https:\/\/idecesos.com\/seguros\/companias\/previsora-bilbaina\/prima-mixta\/\" \/>\n<meta property=\"article:modified_time\" content=\"2022-01-03T12:31:16+00:00\" \/>\n<meta name=\"twitter:card\" content=\"summary_large_image\" \/>\n<meta name=\"twitter:label1\" content=\"Tiempo de lectura\" \/>\n\t<meta name=\"twitter:data1\" content=\"54 minutos\" \/>\n<script type=\"application\/ld+json\" class=\"yoast-schema-graph\">{\"@context\":\"https:\\\/\\\/schema.org\",\"@graph\":[{\"@type\":\"WebPage\",\"@id\":\"https:\\\/\\\/idecesos.com\\\/seguros\\\/companias\\\/previsora-bilbaina\\\/prima-mixta\\\/\",\"url\":\"https:\\\/\\\/idecesos.com\\\/seguros\\\/companias\\\/previsora-bilbaina\\\/prima-mixta\\\/\",\"name\":\"Seguro Decesos Previsora Bilbaina Prima Mixta \u25b7 Opiniones y Precio 2026\",\"isPartOf\":{\"@id\":\"https:\\\/\\\/idecesos.com\\\/seguros\\\/#website\"},\"datePublished\":\"2021-11-23T00:00:00+00:00\",\"dateModified\":\"2022-01-03T12:31:16+00:00\",\"description\":\"Click aqu\u00ed \u3010Seguro de Decesos Prima Mixta Previsora Bilbaina\u3011 Mejores precios Previsora Bilbaina seguro de fallecidos Prima Mixta \u2611\ufe0f Actualizado por iDecesos\u00ae\",\"breadcrumb\":{\"@id\":\"https:\\\/\\\/idecesos.com\\\/seguros\\\/companias\\\/previsora-bilbaina\\\/prima-mixta\\\/#breadcrumb\"},\"inLanguage\":\"es\",\"potentialAction\":[{\"@type\":\"ReadAction\",\"target\":[\"https:\\\/\\\/idecesos.com\\\/seguros\\\/companias\\\/previsora-bilbaina\\\/prima-mixta\\\/\"]}]},{\"@type\":\"BreadcrumbList\",\"@id\":\"https:\\\/\\\/idecesos.com\\\/seguros\\\/companias\\\/previsora-bilbaina\\\/prima-mixta\\\/#breadcrumb\",\"itemListElement\":[{\"@type\":\"ListItem\",\"position\":1,\"name\":\"Portada\",\"item\":\"https:\\\/\\\/idecesos.com\\\/seguros\\\/\"},{\"@type\":\"ListItem\",\"position\":2,\"name\":\"Compa\u00f1\u00edas de Seguros de Decesos en Espa\u00f1a\",\"item\":\"https:\\\/\\\/idecesos.com\\\/seguros\\\/companias\\\/\"},{\"@type\":\"ListItem\",\"position\":3,\"name\":\"Seguro de Decesos Previsora Bilba\u00edna\",\"item\":\"https:\\\/\\\/idecesos.com\\\/seguros\\\/companias\\\/previsora-bilbaina\\\/\"},{\"@type\":\"ListItem\",\"position\":4,\"name\":\"Seguro de decesos Previsora Bilbaina Prima Mixta\"}]},{\"@type\":\"WebSite\",\"@id\":\"https:\\\/\\\/idecesos.com\\\/seguros\\\/#website\",\"url\":\"https:\\\/\\\/idecesos.com\\\/seguros\\\/\",\"name\":\"\",\"description\":\"\",\"potentialAction\":[{\"@type\":\"SearchAction\",\"target\":{\"@type\":\"EntryPoint\",\"urlTemplate\":\"https:\\\/\\\/idecesos.com\\\/seguros\\\/?s={search_term_string}\"},\"query-input\":{\"@type\":\"PropertyValueSpecification\",\"valueRequired\":true,\"valueName\":\"search_term_string\"}}],\"inLanguage\":\"es\"}]}<\/script>\n<!-- \/ Yoast SEO plugin. -->","yoast_head_json":{"title":"Seguro Decesos Previsora Bilbaina Prima Mixta \u25b7 Opiniones y Precio 2026","description":"Click aqu\u00ed \u3010Seguro de Decesos Prima Mixta Previsora Bilbaina\u3011 Mejores precios Previsora Bilbaina seguro de fallecidos Prima Mixta \u2611\ufe0f Actualizado por iDecesos\u00ae","robots":{"index":"index","follow":"follow","max-snippet":"max-snippet:-1","max-image-preview":"max-image-preview:large","max-video-preview":"max-video-preview:-1"},"canonical":"https:\/\/idecesos.com\/seguros\/companias\/previsora-bilbaina\/prima-mixta\/","og_locale":"es_ES","og_type":"article","og_title":"Seguro Decesos Previsora Bilbaina Prima Mixta \u25b7 Opiniones y Precio 2026","og_description":"Click aqu\u00ed \u3010Seguro de Decesos Prima Mixta Previsora Bilbaina\u3011 Mejores precios Previsora Bilbaina seguro de fallecidos Prima Mixta \u2611\ufe0f Actualizado por iDecesos\u00ae","og_url":"https:\/\/idecesos.com\/seguros\/companias\/previsora-bilbaina\/prima-mixta\/","article_modified_time":"2022-01-03T12:31:16+00:00","twitter_card":"summary_large_image","twitter_misc":{"Tiempo de lectura":"54 minutos"},"schema":{"@context":"https:\/\/schema.org","@graph":[{"@type":"WebPage","@id":"https:\/\/idecesos.com\/seguros\/companias\/previsora-bilbaina\/prima-mixta\/","url":"https:\/\/idecesos.com\/seguros\/companias\/previsora-bilbaina\/prima-mixta\/","name":"Seguro Decesos Previsora Bilbaina Prima Mixta \u25b7 Opiniones y Precio 2026","isPartOf":{"@id":"https:\/\/idecesos.com\/seguros\/#website"},"datePublished":"2021-11-23T00:00:00+00:00","dateModified":"2022-01-03T12:31:16+00:00","description":"Click aqu\u00ed \u3010Seguro de Decesos Prima Mixta Previsora Bilbaina\u3011 Mejores precios Previsora Bilbaina seguro de fallecidos Prima Mixta \u2611\ufe0f Actualizado por iDecesos\u00ae","breadcrumb":{"@id":"https:\/\/idecesos.com\/seguros\/companias\/previsora-bilbaina\/prima-mixta\/#breadcrumb"},"inLanguage":"es","potentialAction":[{"@type":"ReadAction","target":["https:\/\/idecesos.com\/seguros\/companias\/previsora-bilbaina\/prima-mixta\/"]}]},{"@type":"BreadcrumbList","@id":"https:\/\/idecesos.com\/seguros\/companias\/previsora-bilbaina\/prima-mixta\/#breadcrumb","itemListElement":[{"@type":"ListItem","position":1,"name":"Portada","item":"https:\/\/idecesos.com\/seguros\/"},{"@type":"ListItem","position":2,"name":"Compa\u00f1\u00edas de Seguros de Decesos en Espa\u00f1a","item":"https:\/\/idecesos.com\/seguros\/companias\/"},{"@type":"ListItem","position":3,"name":"Seguro de Decesos Previsora Bilba\u00edna","item":"https:\/\/idecesos.com\/seguros\/companias\/previsora-bilbaina\/"},{"@type":"ListItem","position":4,"name":"Seguro de decesos Previsora Bilbaina Prima Mixta"}]},{"@type":"WebSite","@id":"https:\/\/idecesos.com\/seguros\/#website","url":"https:\/\/idecesos.com\/seguros\/","name":"","description":"","potentialAction":[{"@type":"SearchAction","target":{"@type":"EntryPoint","urlTemplate":"https:\/\/idecesos.com\/seguros\/?s={search_term_string}"},"query-input":{"@type":"PropertyValueSpecification","valueRequired":true,"valueName":"search_term_string"}}],"inLanguage":"es"}]}},"_links":{"self":[{"href":"https:\/\/idecesos.com\/seguros\/wp-json\/wp\/v2\/pages\/11725","targetHints":{"allow":["GET"]}}],"collection":[{"href":"https:\/\/idecesos.com\/seguros\/wp-json\/wp\/v2\/pages"}],"about":[{"href":"https:\/\/idecesos.com\/seguros\/wp-json\/wp\/v2\/types\/page"}],"author":[{"embeddable":true,"href":"https:\/\/idecesos.com\/seguros\/wp-json\/wp\/v2\/users\/3"}],"replies":[{"embeddable":true,"href":"https:\/\/idecesos.com\/seguros\/wp-json\/wp\/v2\/comments?post=11725"}],"version-history":[{"count":1,"href":"https:\/\/idecesos.com\/seguros\/wp-json\/wp\/v2\/pages\/11725\/revisions"}],"predecessor-version":[{"id":13231,"href":"https:\/\/idecesos.com\/seguros\/wp-json\/wp\/v2\/pages\/11725\/revisions\/13231"}],"up":[{"embeddable":true,"href":"https:\/\/idecesos.com\/seguros\/wp-json\/wp\/v2\/pages\/6380"}],"wp:attachment":[{"href":"https:\/\/idecesos.com\/seguros\/wp-json\/wp\/v2\/media?parent=11725"}],"curies":[{"name":"wp","href":"https:\/\/api.w.org\/{rel}","templated":true}]}}