{"id":11744,"date":"2021-11-25T00:00:00","date_gmt":"2021-11-25T00:00:00","guid":{"rendered":"https:\/\/idecesos.com\/seguros\/?page_id=11744"},"modified":"2022-04-06T19:15:08","modified_gmt":"2022-04-06T19:15:08","slug":"repatriacion","status":"publish","type":"page","link":"https:\/\/idecesos.com\/seguros\/companias\/agrupacio-mutua\/repatriacion\/","title":{"rendered":"Seguro de decesos Agrupaci\u00f3 Mutua con repatriaci\u00f3n"},"content":{"rendered":"<div id=\"ez-toc-container\" class=\"ez-toc-v2_0_82_2 ez-toc-wrap-center counter-hierarchy ez-toc-counter ez-toc-custom ez-toc-container-direction\">\n<div class=\"ez-toc-title-container\">\n<p class=\"ez-toc-title\" style=\"cursor:inherit\">Tabla de Contenido<\/p>\n<span class=\"ez-toc-title-toggle\"><a href=\"#\" class=\"ez-toc-pull-right ez-toc-btn ez-toc-btn-xs ez-toc-btn-default ez-toc-toggle\" aria-label=\"Alternar tabla de contenidos\"><span class=\"ez-toc-js-icon-con\"><span class=\"\"><span class=\"eztoc-hide\" style=\"display:none;\">Toggle<\/span><span class=\"ez-toc-icon-toggle-span\"><svg style=\"fill: #db6415;color:#db6415\" xmlns=\"http:\/\/www.w3.org\/2000\/svg\" class=\"list-377408\" width=\"20px\" height=\"20px\" viewBox=\"0 0 24 24\" fill=\"none\"><path d=\"M6 6H4v2h2V6zm14 0H8v2h12V6zM4 11h2v2H4v-2zm16 0H8v2h12v-2zM4 16h2v2H4v-2zm16 0H8v2h12v-2z\" fill=\"currentColor\"><\/path><\/svg><svg style=\"fill: #db6415;color:#db6415\" class=\"arrow-unsorted-368013\" xmlns=\"http:\/\/www.w3.org\/2000\/svg\" width=\"10px\" height=\"10px\" viewBox=\"0 0 24 24\" version=\"1.2\" baseProfile=\"tiny\"><path d=\"M18.2 9.3l-6.2-6.3-6.2 6.3c-.2.2-.3.4-.3.7s.1.5.3.7c.2.2.4.3.7.3h11c.3 0 .5-.1.7-.3.2-.2.3-.5.3-.7s-.1-.5-.3-.7zM5.8 14.7l6.2 6.3 6.2-6.3c.2-.2.3-.5.3-.7s-.1-.5-.3-.7c-.2-.2-.4-.3-.7-.3h-11c-.3 0-.5.1-.7.3-.2.2-.3.5-.3.7s.1.5.3.7z\"\/><\/svg><\/span><\/span><\/span><\/a><\/span><\/div>\n<nav><ul class='ez-toc-list ez-toc-list-level-1 ' ><li class='ez-toc-page-1 ez-toc-heading-level-2'><a class=\"ez-toc-link ez-toc-heading-1\" href=\"https:\/\/idecesos.com\/seguros\/companias\/agrupacio-mutua\/repatriacion\/#Coberturas_seguro_Agrupacio_Mutua_con_repatriacion\" >Coberturas seguro Agrupaci\u00f3 Mutua con repatriaci\u00f3n<\/a><ul class='ez-toc-list-level-3' ><li class='ez-toc-heading-level-3'><a class=\"ez-toc-link ez-toc-heading-2\" href=\"https:\/\/idecesos.com\/seguros\/companias\/agrupacio-mutua\/repatriacion\/#%C2%BFA_quien_va_dirigido_el_seguro_de_decesos_con_repatriacion_de_Agrupacio_Mutua\" >\u00bfA qui\u00e9n va dirigido el seguro de decesos con repatriaci\u00f3n de Agrupaci\u00f3 Mutua?<\/a><\/li><\/ul><\/li><li class='ez-toc-page-1 ez-toc-heading-level-2'><a class=\"ez-toc-link ez-toc-heading-3\" href=\"https:\/\/idecesos.com\/seguros\/companias\/agrupacio-mutua\/repatriacion\/#Precio_de_seguro_de_decesos_Agrupacio_Mutua_con_repatriacion\" >Precio de seguro de decesos Agrupaci\u00f3 Mutua con repatriaci\u00f3n<\/a><\/li><li class='ez-toc-page-1 ez-toc-heading-level-2'><a class=\"ez-toc-link ez-toc-heading-4\" href=\"https:\/\/idecesos.com\/seguros\/companias\/agrupacio-mutua\/repatriacion\/#Productos_Repatriacion_Agrupacio_Mutua\" >Productos Repatriaci\u00f3n Agrupaci\u00f3 Mutua<\/a><\/li><li class='ez-toc-page-1 ez-toc-heading-level-2'><a class=\"ez-toc-link ez-toc-heading-5\" href=\"https:\/\/idecesos.com\/seguros\/companias\/agrupacio-mutua\/repatriacion\/#Opiniones_del_seguro_de_decesos_de_Repatriacion_de_Agrupacio_Mutua\" >Opiniones del seguro de decesos de Repatriaci\u00f3n de Agrupaci\u00f3 Mutua<\/a><ul class='ez-toc-list-level-3' ><li class='ez-toc-heading-level-3'><a class=\"ez-toc-link ez-toc-heading-6\" href=\"https:\/\/idecesos.com\/seguros\/companias\/agrupacio-mutua\/repatriacion\/#Paginas_relacionadas\" >P\u00e1ginas relacionadas<\/a><\/li><\/ul><\/li><\/ul><\/nav><\/div>\n\n<p>Aunque quede incluido hasta las coberturas m\u00ednimas b\u00e1sicas, las complementarias quedan en este servicio del seguro de decesos de repatriaci\u00f3n Agrupaci\u00f3 Mutua. En poco tiempo las personas han descuidado su sitio de origen para residir en Espa\u00f1a siendo este uno de los pa\u00edses con m\u00e1s extranjeros a diferencia de otros a\u00f1os como en el caso de Argentina 259946 Francia 209344, Venezuela 202859. En el instante que se deje todo gestionado, en un largo plazo ser\u00e1 beneficioso para uno, y que nos evitar\u00e1 inconvenientes engorrosos. \u00bfEsta cobertura incluye a emigrante? s\u00ed aparte de garantizarte de los mejores servicios en tema de repatriaci\u00f3n cuando ocurre el fallecimiento. Dando garant\u00eda a una tranquilidad es muy dificil de lograrlo, mas se debe tomar en consideraci\u00f3n que en este caso te lo dan.<\/p>\n<p>Leer m\u00e1s: <a href=\"https:\/\/idecesos.com\/seguros\/tipo\/extranjeros-repatriacion\/\">Seguro de decesos con repatriaci\u00f3n<\/a><\/p>\n<div class=\"colorf \"  ><div class=\"container clearfix\"><div class=\"col-md-7\"><\/p>\n<h2><span class=\"ez-toc-section\" id=\"Coberturas_seguro_Agrupacio_Mutua_con_repatriacion\"><\/span>Coberturas seguro Agrupaci\u00f3 Mutua con repatriaci\u00f3n<span class=\"ez-toc-section-end\"><\/span><\/h2>\n<p>Debes de conocer todas las coberturas para evitar cualquier situaci\u00f3n inoportuna, el seguro de decesos de repatriaci\u00f3n en Agrupaci\u00f3 Mutua, no esperes m\u00e1s. Podr\u00e1s obtenerlo a trav\u00e9s de un seguro de vida, de salud o seguro de viaje o bien seguro de decesos.<\/p>\n<p><\/div><\/div><\/div>\n<h3><span class=\"ez-toc-section\" id=\"%C2%BFA_quien_va_dirigido_el_seguro_de_decesos_con_repatriacion_de_Agrupacio_Mutua\"><\/span>\u00bfA qui\u00e9n va dirigido el seguro de decesos con repatriaci\u00f3n de Agrupaci\u00f3 Mutua?<span class=\"ez-toc-section-end\"><\/span><\/h3>\n<p>El precio de seguro de decesos repatriaci\u00f3n de la Agrupaci\u00f3 Mutua est\u00e1 dirigida a alguien en cualquier pa\u00eds del planeta, que se halla en Espa\u00f1a, y por una raz\u00f3n por la que le agradar\u00eda retornar despu\u00e9s de la muerte en su pa\u00eds de origen, con todo este proceso, no correr\u00e1 con los gastos exageradamente altos y tampoco los miembros de su familia. Ya que se tiene en cuenta que uno de los objetivos m\u00e1s esenciales es la garant\u00eda de los precios del servicio f\u00fanebre en su lugar origen o bien en el que el finado o bien una parte del mundo, siempre y cuando se den las directrices que vayan dentro de la p\u00f3liza.<\/p>\n<div class=\"colorf \"  ><div class=\"container clearfix\"><div class=\"col-md-7\"><\/p>\n<h2><span class=\"ez-toc-section\" id=\"Precio_de_seguro_de_decesos_Agrupacio_Mutua_con_repatriacion\"><\/span>Precio de seguro de decesos Agrupaci\u00f3 Mutua con repatriaci\u00f3n<span class=\"ez-toc-section-end\"><\/span><\/h2>\n<p>Los beneficios con las que contar\u00e1s en el seguro de decesos de repatriaci\u00f3n de la Agrupaci\u00f3 Mutua,es saber que cubren todos los gastos en comparaci\u00f3n con momento de repatriaci\u00f3n, ten en cuenta que el precio oscila en nuestros d\u00edas es desde 4,95\u20ac. En las diferentes modalidades de pagos est\u00e1 la de poder realizarlo de forma continua. No solo somos l\u00edderes en comparadores de seguros, somos el complemento id\u00f3neo para asesorarte a lo largo del proceso de tu contrataci\u00f3n, velamos por tas tus necesidades que quedar\u00e1n de forma cubierto, evitando procesos inservibles.<\/p>\n<p><\/div><\/div><\/div>\n<h2><span class=\"ez-toc-section\" id=\"Productos_Repatriacion_Agrupacio_Mutua\"><\/span>Productos Repatriaci\u00f3n Agrupaci\u00f3 Mutua<span class=\"ez-toc-section-end\"><\/span><\/h2>\n<div class=\"colorf\"><div class=\"container clearfix\"><div class=\"col-md-7\"><div class=\"opiniones\">\n<h2><span class=\"ez-toc-section\" id=\"Opiniones_del_seguro_de_decesos_de_Repatriacion_de_Agrupacio_Mutua\"><\/span>Opiniones del seguro de decesos de Repatriaci\u00f3n de Agrupaci\u00f3 Mutua<span class=\"ez-toc-section-end\"><\/span><\/h2>\n<p>&nbsp;<\/p>\n<div class=\"opinion \"  >\n\t\t\t<div class=\"cabecera_opinion\">\n\t\t\t\t<div class=\"avatar\">M F <\/div>\n\t\t\t\t<div class=\"datos_opinion\">\n\t\t\t\t\t<div class=\"nombre_opinion\">Margarita Fernandez<\/div>\n\t\t\t\t\t<div class=\"info_opinion\">\t\t\t\t\t\t\n\t\t\t\t\t\t<div class=\"cuenta_opinion\"><i class=\"fas fa-pencil-alt\"><\/i><!--span class=\"dashicons dashicons-edit\" style=\"font-size:20px\"><\/span--><span>1 Opini\u00f3n<\/span><\/div>\t\t\t\t\t\t\n\t\t\t\t\t\t<div class=\"localizacion_opinion\">\n\t\t\t\t\t\t\t<i class=\"fas fa-map-marker-alt\"><\/i><!--span class=\"dashicons dashicons-location\" style=\"font-size:20px\"><\/span-->\n\t\t\t\t\t\t\t<span>ES<\/span>\n\t\t\t\t\t\t<\/div>\t\n\t\t\t\t\t<\/div>\n\t\t\t\t<\/div>\n\t\t\t<\/div><div class=\"texto_opinion\"><\/p>\n<p>Para las personas que tengas ciertas dudas, de veras que os lo recomiendo porque aparte de administrar todos y cada uno de los tr\u00e1mites, cuando ocurre el fallecimiento de ese ser querido, nos lo hacen considerablemente m\u00e1s simple, recib\u00ed un servicio estupendo de la mano de los mejores, lo aconsejo siempre. No ocurri\u00f3 ninguna mala gesti\u00f3n o inconvenientes, por lo que nos resguardaron en todo instante.<\/p>\n<p><\/div><\/div>\n<div class=\"opinion \"  >\n\t\t\t<div class=\"cabecera_opinion\">\n\t\t\t\t<div class=\"avatar\">J G <\/div>\n\t\t\t\t<div class=\"datos_opinion\">\n\t\t\t\t\t<div class=\"nombre_opinion\">Joel Galo<\/div>\n\t\t\t\t\t<div class=\"info_opinion\">\t\t\t\t\t\t\n\t\t\t\t\t\t<div class=\"cuenta_opinion\"><i class=\"fas fa-pencil-alt\"><\/i><!--span class=\"dashicons dashicons-edit\" style=\"font-size:20px\"><\/span--><span>1 Opini\u00f3n<\/span><\/div>\t\t\t\t\t\t\n\t\t\t\t\t\t<div class=\"localizacion_opinion\">\n\t\t\t\t\t\t\t<i class=\"fas fa-map-marker-alt\"><\/i><!--span class=\"dashicons dashicons-location\" style=\"font-size:20px\"><\/span-->\n\t\t\t\t\t\t\t<span>ES<\/span>\n\t\t\t\t\t\t<\/div>\t\n\t\t\t\t\t<\/div>\n\t\t\t\t<\/div>\n\t\t\t<\/div><div class=\"texto_opinion\"><\/p>\n<p>Realice el contrato con ellos puesto que me dieron confianza y la seguridad de poder contar con sus servicios fuera de Espa\u00f1a, ya que era lo que estaba buscando, y se amolda perfectamente a mis circustancias, el servicio que recib\u00ed ha sido de forma extraordinaria, me asesoran en todo instante y con calma, aparte de ello mi familia se podr\u00e1 sentir m\u00e1s apacible cada vez que realice alg\u00fan viaje. Solventaron todo aquel problema que pudo acontecer, donde nos apoyaron en todo momento.<\/p>\n<p><\/div><\/div>\n<div class=\"opinion \"  >\n\t\t\t<div class=\"cabecera_opinion\">\n\t\t\t\t<div class=\"avatar\">C M <\/div>\n\t\t\t\t<div class=\"datos_opinion\">\n\t\t\t\t\t<div class=\"nombre_opinion\">Carmelo Miranda<\/div>\n\t\t\t\t\t<div class=\"info_opinion\">\t\t\t\t\t\t\n\t\t\t\t\t\t<div class=\"cuenta_opinion\"><i class=\"fas fa-pencil-alt\"><\/i><!--span class=\"dashicons dashicons-edit\" style=\"font-size:20px\"><\/span--><span>1 Opini\u00f3n<\/span><\/div>\t\t\t\t\t\t\n\t\t\t\t\t\t<div class=\"localizacion_opinion\">\n\t\t\t\t\t\t\t<i class=\"fas fa-map-marker-alt\"><\/i><!--span class=\"dashicons dashicons-location\" style=\"font-size:20px\"><\/span-->\n\t\t\t\t\t\t\t<span>ES<\/span>\n\t\t\t\t\t\t<\/div>\t\n\t\t\t\t\t<\/div>\n\t\t\t\t<\/div>\n\t\t\t<\/div><div class=\"texto_opinion\"><\/p>\n<p>Desde mi experiencia con Agrupaci\u00f3 Mutua durante el proceso de contrataci\u00f3n del seguro de repatriaci\u00f3n fue excelente contar con profesionales en todo instante que resolvieron cada duda que pod\u00eda llegar a tener como de ocuparse de la gesti\u00f3n de forma m\u00e1s oportuna , en mi caso lo hice con mucha prisa debido que mi hija se iba de erasmus y precisaba efectuarlo a la mayor brevedad posible posible, Agrupaci\u00f3 Mutua me dio las mejores coberturas as\u00ed como la calma.<\/p>\n<p><\/div><\/div>\n<\/div><\/div><\/div><\/div>\n<p><div class=\"oficinas\"><br \/>\n<!-- Shortcode [agrupaci%c3%b3-mutua-hijas] does not exist --><\/p>\n<p><\/div> <h3><span class=\"ez-toc-section\" id=\"Paginas_relacionadas\"><\/span>P\u00e1ginas relacionadas<span class=\"ez-toc-section-end\"><\/span><\/h3><div class=\"enlazado\"><ul> <li><a href=\"https:\/\/idecesos.com\/seguros\/companias\/agrupacio-mutua\/opiniones\/\">Opiniones Agrupaci\u00f3 Mutua<\/a><\/li> <li><a href=\"https:\/\/idecesos.com\/seguros\/companias\/agrupacio-mutua\/precio\/\">Precio seguro Agrupaci\u00f3 Mutua<\/a><\/li> <li><a href=\"https:\/\/idecesos.com\/seguros\/companias\/agrupacio-mutua\/prima-mixta\/\">Agrupaci\u00f3 Mutua Prima Mixta<\/a><\/li> <li><a href=\"https:\/\/idecesos.com\/seguros\/companias\/agrupacio-mutua\/prima-natural\/\">Agrupaci\u00f3 Mutua Prima Natural<\/a><\/li> <li><a href=\"https:\/\/idecesos.com\/seguros\/companias\/agrupacio-mutua\/prima-nivelada\/\">Agrupaci\u00f3 Mutua Prima Nivelada<\/a><\/li> <li><a href=\"https:\/\/idecesos.com\/seguros\/companias\/agrupacio-mutua\/prima-unica\/\">Agrupaci\u00f3 Mutua Prima \u00danica<\/a><\/li> <li><a href=\"https:\/\/idecesos.com\/seguros\/companias\/agrupacio-mutua\/repatriacion\/\">Agrupaci\u00f3 Mutua Repatriaci\u00f3n<\/a><\/li> <li><a href=\"https:\/\/idecesos.com\/seguros\/companias\/agrupacio-mutua\/telefono\/\">Tel\u00e9fono Gratuito Agrupaci\u00f3 Mutua<\/a><\/li><\/ul><\/div><\/p>\n","protected":false},"excerpt":{"rendered":"<p>Aunque quede incluido hasta las coberturas m\u00ednimas b\u00e1sicas, las complementarias quedan en este servicio del seguro de decesos de repatriaci\u00f3n Agrupaci\u00f3 Mutua. En poco tiempo las personas han descuidado su sitio de origen para residir en Espa\u00f1a siendo este uno de los pa\u00edses con m\u00e1s extranjeros a diferencia de otros a\u00f1os como en el caso&hellip; <\/p>\n","protected":false},"author":3,"featured_media":0,"parent":9467,"menu_order":0,"comment_status":"closed","ping_status":"closed","template":"single.php","meta":{"footnotes":""},"class_list":["post-11744","page","type-page","status-publish","hentry"],"yoast_head":"<!-- This site is optimized with the Yoast SEO plugin v27.3 - https:\/\/yoast.com\/product\/yoast-seo-wordpress\/ -->\n<title>Seguro Decesos Agrupaci\u00f3 Mutua Repatriaci\u00f3n \u25b7 Opiniones y Precio 2026<\/title>\n<meta name=\"description\" content=\"Click aqu\u00ed \u3010Seguro de Decesos con repatriaci\u00f3n Agrupaci\u00f3 Mutua\u3011 Mejores precios Agrupaci\u00f3 Mutua seguro de fallecidos con repatriaci\u00f3n \u2611\ufe0f Actualizado por iDecesos\u00ae\" \/>\n<meta name=\"robots\" content=\"index, follow, max-snippet:-1, max-image-preview:large, max-video-preview:-1\" \/>\n<link rel=\"canonical\" href=\"https:\/\/idecesos.com\/seguros\/companias\/agrupacio-mutua\/repatriacion\/\" \/>\n<meta property=\"og:locale\" content=\"es_ES\" \/>\n<meta property=\"og:type\" content=\"article\" \/>\n<meta property=\"og:title\" content=\"Seguro Decesos Agrupaci\u00f3 Mutua Repatriaci\u00f3n \u25b7 Opiniones y Precio 2026\" \/>\n<meta property=\"og:description\" content=\"Click aqu\u00ed \u3010Seguro de Decesos con repatriaci\u00f3n Agrupaci\u00f3 Mutua\u3011 Mejores precios Agrupaci\u00f3 Mutua seguro de fallecidos con repatriaci\u00f3n \u2611\ufe0f Actualizado por iDecesos\u00ae\" \/>\n<meta property=\"og:url\" content=\"https:\/\/idecesos.com\/seguros\/companias\/agrupacio-mutua\/repatriacion\/\" \/>\n<meta property=\"article:modified_time\" content=\"2022-04-06T19:15:08+00:00\" \/>\n<meta name=\"twitter:card\" content=\"summary_large_image\" \/>\n<meta name=\"twitter:label1\" content=\"Tiempo de lectura\" \/>\n\t<meta name=\"twitter:data1\" content=\"56 minutos\" \/>\n<script type=\"application\/ld+json\" class=\"yoast-schema-graph\">{\"@context\":\"https:\\\/\\\/schema.org\",\"@graph\":[{\"@type\":\"WebPage\",\"@id\":\"https:\\\/\\\/idecesos.com\\\/seguros\\\/companias\\\/agrupacio-mutua\\\/repatriacion\\\/\",\"url\":\"https:\\\/\\\/idecesos.com\\\/seguros\\\/companias\\\/agrupacio-mutua\\\/repatriacion\\\/\",\"name\":\"Seguro Decesos Agrupaci\u00f3 Mutua Repatriaci\u00f3n \u25b7 Opiniones y Precio 2026\",\"isPartOf\":{\"@id\":\"https:\\\/\\\/idecesos.com\\\/seguros\\\/#website\"},\"datePublished\":\"2021-11-25T00:00:00+00:00\",\"dateModified\":\"2022-04-06T19:15:08+00:00\",\"description\":\"Click aqu\u00ed \u3010Seguro de Decesos con repatriaci\u00f3n Agrupaci\u00f3 Mutua\u3011 Mejores precios Agrupaci\u00f3 Mutua seguro de fallecidos con repatriaci\u00f3n \u2611\ufe0f Actualizado por iDecesos\u00ae\",\"breadcrumb\":{\"@id\":\"https:\\\/\\\/idecesos.com\\\/seguros\\\/companias\\\/agrupacio-mutua\\\/repatriacion\\\/#breadcrumb\"},\"inLanguage\":\"es\",\"potentialAction\":[{\"@type\":\"ReadAction\",\"target\":[\"https:\\\/\\\/idecesos.com\\\/seguros\\\/companias\\\/agrupacio-mutua\\\/repatriacion\\\/\"]}]},{\"@type\":\"BreadcrumbList\",\"@id\":\"https:\\\/\\\/idecesos.com\\\/seguros\\\/companias\\\/agrupacio-mutua\\\/repatriacion\\\/#breadcrumb\",\"itemListElement\":[{\"@type\":\"ListItem\",\"position\":1,\"name\":\"Portada\",\"item\":\"https:\\\/\\\/idecesos.com\\\/seguros\\\/\"},{\"@type\":\"ListItem\",\"position\":2,\"name\":\"Compa\u00f1\u00edas de Seguros de Decesos en Espa\u00f1a\",\"item\":\"https:\\\/\\\/idecesos.com\\\/seguros\\\/companias\\\/\"},{\"@type\":\"ListItem\",\"position\":3,\"name\":\"Seguro de decesos Agrupaci\u00f3 M\u00fatua\",\"item\":\"https:\\\/\\\/idecesos.com\\\/seguros\\\/companias\\\/agrupacio-mutua\\\/\"},{\"@type\":\"ListItem\",\"position\":4,\"name\":\"Seguro de decesos Agrupaci\u00f3 Mutua con repatriaci\u00f3n\"}]},{\"@type\":\"WebSite\",\"@id\":\"https:\\\/\\\/idecesos.com\\\/seguros\\\/#website\",\"url\":\"https:\\\/\\\/idecesos.com\\\/seguros\\\/\",\"name\":\"\",\"description\":\"\",\"potentialAction\":[{\"@type\":\"SearchAction\",\"target\":{\"@type\":\"EntryPoint\",\"urlTemplate\":\"https:\\\/\\\/idecesos.com\\\/seguros\\\/?s={search_term_string}\"},\"query-input\":{\"@type\":\"PropertyValueSpecification\",\"valueRequired\":true,\"valueName\":\"search_term_string\"}}],\"inLanguage\":\"es\"}]}<\/script>\n<!-- \/ Yoast SEO plugin. -->","yoast_head_json":{"title":"Seguro Decesos Agrupaci\u00f3 Mutua Repatriaci\u00f3n \u25b7 Opiniones y Precio 2026","description":"Click aqu\u00ed \u3010Seguro de Decesos con repatriaci\u00f3n Agrupaci\u00f3 Mutua\u3011 Mejores precios Agrupaci\u00f3 Mutua seguro de fallecidos con repatriaci\u00f3n \u2611\ufe0f Actualizado por iDecesos\u00ae","robots":{"index":"index","follow":"follow","max-snippet":"max-snippet:-1","max-image-preview":"max-image-preview:large","max-video-preview":"max-video-preview:-1"},"canonical":"https:\/\/idecesos.com\/seguros\/companias\/agrupacio-mutua\/repatriacion\/","og_locale":"es_ES","og_type":"article","og_title":"Seguro Decesos Agrupaci\u00f3 Mutua Repatriaci\u00f3n \u25b7 Opiniones y Precio 2026","og_description":"Click aqu\u00ed \u3010Seguro de Decesos con repatriaci\u00f3n Agrupaci\u00f3 Mutua\u3011 Mejores precios Agrupaci\u00f3 Mutua seguro de fallecidos con repatriaci\u00f3n \u2611\ufe0f Actualizado por iDecesos\u00ae","og_url":"https:\/\/idecesos.com\/seguros\/companias\/agrupacio-mutua\/repatriacion\/","article_modified_time":"2022-04-06T19:15:08+00:00","twitter_card":"summary_large_image","twitter_misc":{"Tiempo de lectura":"56 minutos"},"schema":{"@context":"https:\/\/schema.org","@graph":[{"@type":"WebPage","@id":"https:\/\/idecesos.com\/seguros\/companias\/agrupacio-mutua\/repatriacion\/","url":"https:\/\/idecesos.com\/seguros\/companias\/agrupacio-mutua\/repatriacion\/","name":"Seguro Decesos Agrupaci\u00f3 Mutua Repatriaci\u00f3n \u25b7 Opiniones y Precio 2026","isPartOf":{"@id":"https:\/\/idecesos.com\/seguros\/#website"},"datePublished":"2021-11-25T00:00:00+00:00","dateModified":"2022-04-06T19:15:08+00:00","description":"Click aqu\u00ed \u3010Seguro de Decesos con repatriaci\u00f3n Agrupaci\u00f3 Mutua\u3011 Mejores precios Agrupaci\u00f3 Mutua seguro de fallecidos con repatriaci\u00f3n \u2611\ufe0f Actualizado por iDecesos\u00ae","breadcrumb":{"@id":"https:\/\/idecesos.com\/seguros\/companias\/agrupacio-mutua\/repatriacion\/#breadcrumb"},"inLanguage":"es","potentialAction":[{"@type":"ReadAction","target":["https:\/\/idecesos.com\/seguros\/companias\/agrupacio-mutua\/repatriacion\/"]}]},{"@type":"BreadcrumbList","@id":"https:\/\/idecesos.com\/seguros\/companias\/agrupacio-mutua\/repatriacion\/#breadcrumb","itemListElement":[{"@type":"ListItem","position":1,"name":"Portada","item":"https:\/\/idecesos.com\/seguros\/"},{"@type":"ListItem","position":2,"name":"Compa\u00f1\u00edas de Seguros de Decesos en Espa\u00f1a","item":"https:\/\/idecesos.com\/seguros\/companias\/"},{"@type":"ListItem","position":3,"name":"Seguro de decesos Agrupaci\u00f3 M\u00fatua","item":"https:\/\/idecesos.com\/seguros\/companias\/agrupacio-mutua\/"},{"@type":"ListItem","position":4,"name":"Seguro de decesos Agrupaci\u00f3 Mutua con repatriaci\u00f3n"}]},{"@type":"WebSite","@id":"https:\/\/idecesos.com\/seguros\/#website","url":"https:\/\/idecesos.com\/seguros\/","name":"","description":"","potentialAction":[{"@type":"SearchAction","target":{"@type":"EntryPoint","urlTemplate":"https:\/\/idecesos.com\/seguros\/?s={search_term_string}"},"query-input":{"@type":"PropertyValueSpecification","valueRequired":true,"valueName":"search_term_string"}}],"inLanguage":"es"}]}},"_links":{"self":[{"href":"https:\/\/idecesos.com\/seguros\/wp-json\/wp\/v2\/pages\/11744","targetHints":{"allow":["GET"]}}],"collection":[{"href":"https:\/\/idecesos.com\/seguros\/wp-json\/wp\/v2\/pages"}],"about":[{"href":"https:\/\/idecesos.com\/seguros\/wp-json\/wp\/v2\/types\/page"}],"author":[{"embeddable":true,"href":"https:\/\/idecesos.com\/seguros\/wp-json\/wp\/v2\/users\/3"}],"replies":[{"embeddable":true,"href":"https:\/\/idecesos.com\/seguros\/wp-json\/wp\/v2\/comments?post=11744"}],"version-history":[{"count":2,"href":"https:\/\/idecesos.com\/seguros\/wp-json\/wp\/v2\/pages\/11744\/revisions"}],"predecessor-version":[{"id":21036,"href":"https:\/\/idecesos.com\/seguros\/wp-json\/wp\/v2\/pages\/11744\/revisions\/21036"}],"up":[{"embeddable":true,"href":"https:\/\/idecesos.com\/seguros\/wp-json\/wp\/v2\/pages\/9467"}],"wp:attachment":[{"href":"https:\/\/idecesos.com\/seguros\/wp-json\/wp\/v2\/media?parent=11744"}],"curies":[{"name":"wp","href":"https:\/\/api.w.org\/{rel}","templated":true}]}}