{"id":11745,"date":"2021-11-25T00:00:00","date_gmt":"2021-11-25T00:00:00","guid":{"rendered":"https:\/\/idecesos.com\/seguros\/?page_id=11745"},"modified":"2022-01-03T12:31:07","modified_gmt":"2022-01-03T12:31:07","slug":"repatriacion","status":"publish","type":"page","link":"https:\/\/idecesos.com\/seguros\/companias\/mgc\/repatriacion\/","title":{"rendered":"Seguro de decesos MGC con repatriaci\u00f3n"},"content":{"rendered":"<div id=\"ez-toc-container\" class=\"ez-toc-v2_0_82_2 ez-toc-wrap-center counter-hierarchy ez-toc-counter ez-toc-custom ez-toc-container-direction\">\n<div class=\"ez-toc-title-container\">\n<p class=\"ez-toc-title\" style=\"cursor:inherit\">Tabla de Contenido<\/p>\n<span class=\"ez-toc-title-toggle\"><a href=\"#\" class=\"ez-toc-pull-right ez-toc-btn ez-toc-btn-xs ez-toc-btn-default ez-toc-toggle\" aria-label=\"Alternar tabla de contenidos\"><span class=\"ez-toc-js-icon-con\"><span class=\"\"><span class=\"eztoc-hide\" style=\"display:none;\">Toggle<\/span><span class=\"ez-toc-icon-toggle-span\"><svg style=\"fill: #db6415;color:#db6415\" xmlns=\"http:\/\/www.w3.org\/2000\/svg\" class=\"list-377408\" width=\"20px\" height=\"20px\" viewBox=\"0 0 24 24\" fill=\"none\"><path d=\"M6 6H4v2h2V6zm14 0H8v2h12V6zM4 11h2v2H4v-2zm16 0H8v2h12v-2zM4 16h2v2H4v-2zm16 0H8v2h12v-2z\" fill=\"currentColor\"><\/path><\/svg><svg style=\"fill: #db6415;color:#db6415\" class=\"arrow-unsorted-368013\" xmlns=\"http:\/\/www.w3.org\/2000\/svg\" width=\"10px\" height=\"10px\" viewBox=\"0 0 24 24\" version=\"1.2\" baseProfile=\"tiny\"><path d=\"M18.2 9.3l-6.2-6.3-6.2 6.3c-.2.2-.3.4-.3.7s.1.5.3.7c.2.2.4.3.7.3h11c.3 0 .5-.1.7-.3.2-.2.3-.5.3-.7s-.1-.5-.3-.7zM5.8 14.7l6.2 6.3 6.2-6.3c.2-.2.3-.5.3-.7s-.1-.5-.3-.7c-.2-.2-.4-.3-.7-.3h-11c-.3 0-.5.1-.7.3-.2.2-.3.5-.3.7s.1.5.3.7z\"\/><\/svg><\/span><\/span><\/span><\/a><\/span><\/div>\n<nav><ul class='ez-toc-list ez-toc-list-level-1 ' ><li class='ez-toc-page-1 ez-toc-heading-level-2'><a class=\"ez-toc-link ez-toc-heading-1\" href=\"https:\/\/idecesos.com\/seguros\/companias\/mgc\/repatriacion\/#Coberturas_seguro_MGC_con_repatriacion\" >Coberturas seguro MGC con repatriaci\u00f3n<\/a><ul class='ez-toc-list-level-3' ><li class='ez-toc-heading-level-3'><a class=\"ez-toc-link ez-toc-heading-2\" href=\"https:\/\/idecesos.com\/seguros\/companias\/mgc\/repatriacion\/#%C2%BFA_quien_va_dirigido_el_seguro_de_decesos_con_repatriacion_de_MGC\" >\u00bfA qui\u00e9n va dirigido el seguro de decesos con repatriaci\u00f3n de MGC?<\/a><\/li><\/ul><\/li><li class='ez-toc-page-1 ez-toc-heading-level-2'><a class=\"ez-toc-link ez-toc-heading-3\" href=\"https:\/\/idecesos.com\/seguros\/companias\/mgc\/repatriacion\/#Precio_de_seguro_de_decesos_MGC_con_repatriacion\" >Precio de seguro de decesos MGC con repatriaci\u00f3n<\/a><\/li><li class='ez-toc-page-1 ez-toc-heading-level-2'><a class=\"ez-toc-link ez-toc-heading-4\" href=\"https:\/\/idecesos.com\/seguros\/companias\/mgc\/repatriacion\/#Productos_Repatriacion_MGC\" >Productos Repatriaci\u00f3n MGC<\/a><\/li><li class='ez-toc-page-1 ez-toc-heading-level-2'><a class=\"ez-toc-link ez-toc-heading-5\" href=\"https:\/\/idecesos.com\/seguros\/companias\/mgc\/repatriacion\/#Opiniones_del_seguro_de_decesos_de_Repatriacion_de_MGC\" >Opiniones del seguro de decesos de Repatriaci\u00f3n de MGC<\/a><ul class='ez-toc-list-level-3' ><li class='ez-toc-heading-level-3'><a class=\"ez-toc-link ez-toc-heading-6\" href=\"https:\/\/idecesos.com\/seguros\/companias\/mgc\/repatriacion\/#Paginas_relacionadas\" >P\u00e1ginas relacionadas<\/a><\/li><\/ul><\/li><\/ul><\/nav><\/div>\n\n<p>Dentro de todas y cada una de las coberturas que pueda incluir el seguro de repatriaci\u00f3n MGC van a quedar las auxiliares que podr\u00e1s incluir siempre y cuando quieras. En los \u00faltimos tiempo cada persona que ha dejado atr\u00e1s su pa\u00eds de origen para conseguir vivir en Espa\u00f1a, es uno de los pa\u00edses que m\u00e1s extranjero acoge a lo largo de los tiempos como en el caso de Ruman\u00eda 622555 o como puede ser en un caso as\u00ed Ecuador 415310. Con el tiempo se debe ir valorando los problemas que vayan a surgir en el futuro, a fin de que cuando llegue el instante no se pierda la calma y tenerlo todo controlado, para poder hacer frente a las situaciones inopinadas. En el de ser emigrante, ten en cuenta que vas a poder contar la cobertura de repatriaci\u00f3n inmediata a tu pa\u00eds de origen, no solamente te ayuda a ti, asimismo a tu familia a estar tranquilo. En el sitio que te encuentres, vas a quedar cubierto. <\/p>\n<p>Leer m\u00e1s: <a href=\"https:\/\/idecesos.com\/seguros\/tipo\/extranjeros-repatriacion\/\">Seguro de decesos con repatriaci\u00f3n<\/a><\/p>\n<div class=\"colorf \"  ><div class=\"container clearfix\"><div class=\"col-md-7\"><\/p>\n<h2><span class=\"ez-toc-section\" id=\"Coberturas_seguro_MGC_con_repatriacion\"><\/span>Coberturas seguro MGC con repatriaci\u00f3n<span class=\"ez-toc-section-end\"><\/span><\/h2>\n<p>En las coberturas de decesos de repatriaci\u00f3n en MGC, se determina que es un seguro donde vas a contar con todas sus garant\u00edas, para todas y cada una aquellas personas que vivan fuera de Espa\u00f1a, en el que van a quedar todos y cada uno de los gastos cubiertos al 100 por cien en el momento del fallecimiento. Cuando se habla de m\u00faltiples conjuntos de coberturas hay que tomar en consideraci\u00f3n que la rentabilidad quede cubierto. En las diferentes aseguradoras lograr\u00e1s esta cobertura merced a conseguir un contrato de un seguro de viaje, seguro de salud y sobre todo el seguro de decesos. El seguro de repatriaci\u00f3n en el momento de conseguir su contrataci\u00f3n lo vas a poder hacer de una forma m\u00e1s determinada. <\/p>\n<p><\/div><\/div><\/div>\n<h3><span class=\"ez-toc-section\" id=\"%C2%BFA_quien_va_dirigido_el_seguro_de_decesos_con_repatriacion_de_MGC\"><\/span>\u00bfA qui\u00e9n va dirigido el seguro de decesos con repatriaci\u00f3n de MGC?<span class=\"ez-toc-section-end\"><\/span><\/h3>\n<p>Teniendo presente el coste del seguro de decesos de repatriaci\u00f3n de la MGC se dirige para cualquier persona que en el momento fallece, y se encuentre fuera de su lugar de origen pueda traer su cuerpo, devolviendo a su sitio de origen, quedando todos los gastos cubiertos. As\u00ed todo estos gastos no van a correr al cargo de tu familia. Es de m\u00e1xima importancia la garant\u00eda del conocimiento del coste que se abonar\u00e1 por los servicios mortuorios, as\u00ed sea que la persona fallece en su municipio o bien en otro pa\u00eds. <\/p>\n<div class=\"colorf \"  ><div class=\"container clearfix\"><div class=\"col-md-7\"><\/p>\n<h2><span class=\"ez-toc-section\" id=\"Precio_de_seguro_de_decesos_MGC_con_repatriacion\"><\/span>Precio de seguro de decesos MGC con repatriaci\u00f3n<span class=\"ez-toc-section-end\"><\/span><\/h2>\n<p>Las ventajas con las que contar\u00e1s dentro del seguro de decesos de repatriaci\u00f3n de la MGC,es saber que cubren todos los gastos con respecto al instante de repatriaci\u00f3n, ten presente que el precio oscila en nuestros d\u00edas es desde 4,95\u20ac. Dentro de las distintas modalidades de pagos est\u00e1 la de poder efectuarlo de forma continua. \u00bfPor qu\u00e9 raz\u00f3n iDecesos? vas a tener un amplio cat\u00e1logo de los diferentes precios, para que puedas elegir el que mejor se adapte a tus necesidades, sin dificultades y eludiendo siempre y en toda circunstancia registros in\u00fatiles. <\/p>\n<p><\/div><\/div><\/div>\n<h2><span class=\"ez-toc-section\" id=\"Productos_Repatriacion_MGC\"><\/span>Productos Repatriaci\u00f3n MGC<span class=\"ez-toc-section-end\"><\/span><\/h2>\n<div class=\"colorf\"><div class=\"container clearfix\"><div class=\"col-md-7\"><div class=\"opiniones\">\n<h2><span class=\"ez-toc-section\" id=\"Opiniones_del_seguro_de_decesos_de_Repatriacion_de_MGC\"><\/span>Opiniones del seguro de decesos de Repatriaci\u00f3n de MGC<span class=\"ez-toc-section-end\"><\/span><\/h2>\n<p>&nbsp;<\/p>\n<div class=\"opinion \"  >\n\t\t\t<div class=\"cabecera_opinion\">\n\t\t\t\t<div class=\"avatar\">E P <\/div>\n\t\t\t\t<div class=\"datos_opinion\">\n\t\t\t\t\t<div class=\"nombre_opinion\">Ernesto Paz<\/div>\n\t\t\t\t\t<div class=\"info_opinion\">\t\t\t\t\t\t\n\t\t\t\t\t\t<div class=\"cuenta_opinion\"><i class=\"fas fa-pencil-alt\"><\/i><!--span class=\"dashicons dashicons-edit\" style=\"font-size:20px\"><\/span--><span>1 Opini\u00f3n<\/span><\/div>\t\t\t\t\t\t\n\t\t\t\t\t\t<div class=\"localizacion_opinion\">\n\t\t\t\t\t\t\t<i class=\"fas fa-map-marker-alt\"><\/i><!--span class=\"dashicons dashicons-location\" style=\"font-size:20px\"><\/span-->\n\t\t\t\t\t\t\t<span>ES<\/span>\n\t\t\t\t\t\t<\/div>\t\n\t\t\t\t\t<\/div>\n\t\t\t\t<\/div>\n\t\t\t<\/div><div class=\"texto_opinion\"><\/p>\n<p>Hace m\u00e1s de 5 a\u00f1os decidimos efectuar un viaje con mis padres, por desgracia mi madre falleci\u00f3 en el viaje, con lo que merced a que realizamos la contrataci\u00f3n de un seguro de decesos hace un buen tiempo, dentro de las coberturas que ten\u00eda era repatriaci\u00f3n en cualquier sitio del mundo, por lo que nos facilit\u00f3 mucho el poder traer a mi madre a su lugar de origen, con todo los gastos cubiertos con respecto al fallecimiento, recibimos mucho apoyo a lo largo del viaje con lo que nos sentimos muy apoyados en todo instante.<\/p>\n<p><\/div><\/div>\n<div class=\"opinion \"  >\n\t\t\t<div class=\"cabecera_opinion\">\n\t\t\t\t<div class=\"avatar\">A A <\/div>\n\t\t\t\t<div class=\"datos_opinion\">\n\t\t\t\t\t<div class=\"nombre_opinion\">Ar\u00e1nzazu Anaya<\/div>\n\t\t\t\t\t<div class=\"info_opinion\">\t\t\t\t\t\t\n\t\t\t\t\t\t<div class=\"cuenta_opinion\"><i class=\"fas fa-pencil-alt\"><\/i><!--span class=\"dashicons dashicons-edit\" style=\"font-size:20px\"><\/span--><span>1 Opini\u00f3n<\/span><\/div>\t\t\t\t\t\t\n\t\t\t\t\t\t<div class=\"localizacion_opinion\">\n\t\t\t\t\t\t\t<i class=\"fas fa-map-marker-alt\"><\/i><!--span class=\"dashicons dashicons-location\" style=\"font-size:20px\"><\/span-->\n\t\t\t\t\t\t\t<span>ES<\/span>\n\t\t\t\t\t\t<\/div>\t\n\t\t\t\t\t<\/div>\n\t\t\t\t<\/div>\n\t\t\t<\/div><div class=\"texto_opinion\"><\/p>\n<p>LLevo m\u00e1s 7 a\u00f1os, con lo que desde mi experiencia MGC da las mejores ventajas as\u00ed como adaptabilidad de sus tarifas, quedando asegurado en todo instante y ellos se hacen cargo de la administraci\u00f3n de cualquier tramitaci\u00f3n, MGC me ha brindado un servicio inmaculado en el instante que lo necesite.<\/p>\n<p><\/div><\/div>\n<div class=\"opinion \"  >\n\t\t\t<div class=\"cabecera_opinion\">\n\t\t\t\t<div class=\"avatar\">C U <\/div>\n\t\t\t\t<div class=\"datos_opinion\">\n\t\t\t\t\t<div class=\"nombre_opinion\">Chucho Ur\u00eda<\/div>\n\t\t\t\t\t<div class=\"info_opinion\">\t\t\t\t\t\t\n\t\t\t\t\t\t<div class=\"cuenta_opinion\"><i class=\"fas fa-pencil-alt\"><\/i><!--span class=\"dashicons dashicons-edit\" style=\"font-size:20px\"><\/span--><span>1 Opini\u00f3n<\/span><\/div>\t\t\t\t\t\t\n\t\t\t\t\t\t<div class=\"localizacion_opinion\">\n\t\t\t\t\t\t\t<i class=\"fas fa-map-marker-alt\"><\/i><!--span class=\"dashicons dashicons-location\" style=\"font-size:20px\"><\/span-->\n\t\t\t\t\t\t\t<span>ES<\/span>\n\t\t\t\t\t\t<\/div>\t\n\t\t\t\t\t<\/div>\n\t\t\t\t<\/div>\n\t\t\t<\/div><div class=\"texto_opinion\"><\/p>\n<p>El marido de mi mejor amiga es consultor de MGC con lo que aparte de decirme todas y cada una de las coberturas que contar\u00eda dentro de la p\u00f3liza de repatriaci\u00f3n era todo lo que buscaba, ya que me hijo iba a viajar y necesitaba contar con una tranquilidad tanto para \u00e9l como para mi, por lo que MGC contaba con buen\u00edsima tarifa en el momento que realice el contrato.<\/p>\n<p><\/div><\/div>\n<\/div><\/div><\/div><\/div>\n<p><div class=\"oficinas\"><br \/>\n<h3><span class=\"ez-toc-section\" id=\"Paginas_relacionadas\"><\/span>P\u00e1ginas relacionadas<span class=\"ez-toc-section-end\"><\/span><\/h3><div class=\"enlazado\"><ul> <li><a href=\"https:\/\/idecesos.com\/seguros\/companias\/mgc\/opiniones\/\">Opiniones MGC<\/a><\/li> <li><a href=\"https:\/\/idecesos.com\/seguros\/companias\/mgc\/precio\/\">Precio seguro MGC<\/a><\/li> <li><a href=\"https:\/\/idecesos.com\/seguros\/companias\/mgc\/prima-mixta\/\">MGC Prima Mixta<\/a><\/li> <li><a href=\"https:\/\/idecesos.com\/seguros\/companias\/mgc\/prima-natural\/\">MGC Prima Natural<\/a><\/li> <li><a href=\"https:\/\/idecesos.com\/seguros\/companias\/mgc\/prima-nivelada\/\">MGC Prima Nivelada<\/a><\/li> <li><a href=\"https:\/\/idecesos.com\/seguros\/companias\/mgc\/prima-unica\/\">MGC Prima \u00danica<\/a><\/li> <li><a href=\"https:\/\/idecesos.com\/seguros\/companias\/mgc\/repatriacion\/\">MGC Repatriaci\u00f3n<\/a><\/li> <li><a href=\"https:\/\/idecesos.com\/seguros\/companias\/mgc\/telefono\/\">Tel\u00e9fono Gratuito MGC<\/a><\/li><\/ul><\/div><\/p>\n<\/div>\n","protected":false},"excerpt":{"rendered":"<p>Dentro de todas y cada una de las coberturas que pueda incluir el seguro de repatriaci\u00f3n MGC van a quedar las auxiliares que podr\u00e1s incluir siempre y cuando quieras. En los \u00faltimos tiempo cada persona que ha dejado atr\u00e1s su pa\u00eds de origen para conseguir vivir en Espa\u00f1a, es uno de los pa\u00edses que m\u00e1s&hellip; <\/p>\n","protected":false},"author":3,"featured_media":0,"parent":9472,"menu_order":0,"comment_status":"closed","ping_status":"closed","template":"single.php","meta":{"footnotes":""},"class_list":["post-11745","page","type-page","status-publish","hentry"],"yoast_head":"<!-- This site is optimized with the Yoast SEO plugin v27.3 - https:\/\/yoast.com\/product\/yoast-seo-wordpress\/ -->\n<title>Seguro Decesos MGC Repatriaci\u00f3n \u25b7 Opiniones y Precio 2026<\/title>\n<meta name=\"description\" content=\"Click aqu\u00ed \u3010Seguro de Decesos con repatriaci\u00f3n MGC\u3011 Mejores precios MGC seguro de fallecidos con repatriaci\u00f3n \u2611\ufe0f Actualizado por iDecesos\u00ae\" \/>\n<meta name=\"robots\" content=\"index, follow, max-snippet:-1, max-image-preview:large, max-video-preview:-1\" \/>\n<link rel=\"canonical\" href=\"https:\/\/idecesos.com\/seguros\/companias\/mgc\/repatriacion\/\" \/>\n<meta property=\"og:locale\" content=\"es_ES\" \/>\n<meta property=\"og:type\" content=\"article\" \/>\n<meta property=\"og:title\" content=\"Seguro Decesos MGC Repatriaci\u00f3n \u25b7 Opiniones y Precio 2026\" \/>\n<meta property=\"og:description\" content=\"Click aqu\u00ed \u3010Seguro de Decesos con repatriaci\u00f3n MGC\u3011 Mejores precios MGC seguro de fallecidos con repatriaci\u00f3n \u2611\ufe0f Actualizado por iDecesos\u00ae\" \/>\n<meta property=\"og:url\" content=\"https:\/\/idecesos.com\/seguros\/companias\/mgc\/repatriacion\/\" \/>\n<meta property=\"article:modified_time\" content=\"2022-01-03T12:31:07+00:00\" \/>\n<meta name=\"twitter:card\" content=\"summary_large_image\" \/>\n<meta name=\"twitter:label1\" content=\"Tiempo de lectura\" \/>\n\t<meta name=\"twitter:data1\" content=\"56 minutos\" \/>\n<script type=\"application\/ld+json\" class=\"yoast-schema-graph\">{\"@context\":\"https:\\\/\\\/schema.org\",\"@graph\":[{\"@type\":\"WebPage\",\"@id\":\"https:\\\/\\\/idecesos.com\\\/seguros\\\/companias\\\/mgc\\\/repatriacion\\\/\",\"url\":\"https:\\\/\\\/idecesos.com\\\/seguros\\\/companias\\\/mgc\\\/repatriacion\\\/\",\"name\":\"Seguro Decesos MGC Repatriaci\u00f3n \u25b7 Opiniones y Precio 2026\",\"isPartOf\":{\"@id\":\"https:\\\/\\\/idecesos.com\\\/seguros\\\/#website\"},\"datePublished\":\"2021-11-25T00:00:00+00:00\",\"dateModified\":\"2022-01-03T12:31:07+00:00\",\"description\":\"Click aqu\u00ed \u3010Seguro de Decesos con repatriaci\u00f3n MGC\u3011 Mejores precios MGC seguro de fallecidos con repatriaci\u00f3n \u2611\ufe0f Actualizado por iDecesos\u00ae\",\"breadcrumb\":{\"@id\":\"https:\\\/\\\/idecesos.com\\\/seguros\\\/companias\\\/mgc\\\/repatriacion\\\/#breadcrumb\"},\"inLanguage\":\"es\",\"potentialAction\":[{\"@type\":\"ReadAction\",\"target\":[\"https:\\\/\\\/idecesos.com\\\/seguros\\\/companias\\\/mgc\\\/repatriacion\\\/\"]}]},{\"@type\":\"BreadcrumbList\",\"@id\":\"https:\\\/\\\/idecesos.com\\\/seguros\\\/companias\\\/mgc\\\/repatriacion\\\/#breadcrumb\",\"itemListElement\":[{\"@type\":\"ListItem\",\"position\":1,\"name\":\"Portada\",\"item\":\"https:\\\/\\\/idecesos.com\\\/seguros\\\/\"},{\"@type\":\"ListItem\",\"position\":2,\"name\":\"Compa\u00f1\u00edas de Seguros de Decesos en Espa\u00f1a\",\"item\":\"https:\\\/\\\/idecesos.com\\\/seguros\\\/companias\\\/\"},{\"@type\":\"ListItem\",\"position\":3,\"name\":\"Seguros de decesos MGC\",\"item\":\"https:\\\/\\\/idecesos.com\\\/seguros\\\/companias\\\/mgc\\\/\"},{\"@type\":\"ListItem\",\"position\":4,\"name\":\"Seguro de decesos MGC con repatriaci\u00f3n\"}]},{\"@type\":\"WebSite\",\"@id\":\"https:\\\/\\\/idecesos.com\\\/seguros\\\/#website\",\"url\":\"https:\\\/\\\/idecesos.com\\\/seguros\\\/\",\"name\":\"\",\"description\":\"\",\"potentialAction\":[{\"@type\":\"SearchAction\",\"target\":{\"@type\":\"EntryPoint\",\"urlTemplate\":\"https:\\\/\\\/idecesos.com\\\/seguros\\\/?s={search_term_string}\"},\"query-input\":{\"@type\":\"PropertyValueSpecification\",\"valueRequired\":true,\"valueName\":\"search_term_string\"}}],\"inLanguage\":\"es\"}]}<\/script>\n<!-- \/ Yoast SEO plugin. -->","yoast_head_json":{"title":"Seguro Decesos MGC Repatriaci\u00f3n \u25b7 Opiniones y Precio 2026","description":"Click aqu\u00ed \u3010Seguro de Decesos con repatriaci\u00f3n MGC\u3011 Mejores precios MGC seguro de fallecidos con repatriaci\u00f3n \u2611\ufe0f Actualizado por iDecesos\u00ae","robots":{"index":"index","follow":"follow","max-snippet":"max-snippet:-1","max-image-preview":"max-image-preview:large","max-video-preview":"max-video-preview:-1"},"canonical":"https:\/\/idecesos.com\/seguros\/companias\/mgc\/repatriacion\/","og_locale":"es_ES","og_type":"article","og_title":"Seguro Decesos MGC Repatriaci\u00f3n \u25b7 Opiniones y Precio 2026","og_description":"Click aqu\u00ed \u3010Seguro de Decesos con repatriaci\u00f3n MGC\u3011 Mejores precios MGC seguro de fallecidos con repatriaci\u00f3n \u2611\ufe0f Actualizado por iDecesos\u00ae","og_url":"https:\/\/idecesos.com\/seguros\/companias\/mgc\/repatriacion\/","article_modified_time":"2022-01-03T12:31:07+00:00","twitter_card":"summary_large_image","twitter_misc":{"Tiempo de lectura":"56 minutos"},"schema":{"@context":"https:\/\/schema.org","@graph":[{"@type":"WebPage","@id":"https:\/\/idecesos.com\/seguros\/companias\/mgc\/repatriacion\/","url":"https:\/\/idecesos.com\/seguros\/companias\/mgc\/repatriacion\/","name":"Seguro Decesos MGC Repatriaci\u00f3n \u25b7 Opiniones y Precio 2026","isPartOf":{"@id":"https:\/\/idecesos.com\/seguros\/#website"},"datePublished":"2021-11-25T00:00:00+00:00","dateModified":"2022-01-03T12:31:07+00:00","description":"Click aqu\u00ed \u3010Seguro de Decesos con repatriaci\u00f3n MGC\u3011 Mejores precios MGC seguro de fallecidos con repatriaci\u00f3n \u2611\ufe0f Actualizado por iDecesos\u00ae","breadcrumb":{"@id":"https:\/\/idecesos.com\/seguros\/companias\/mgc\/repatriacion\/#breadcrumb"},"inLanguage":"es","potentialAction":[{"@type":"ReadAction","target":["https:\/\/idecesos.com\/seguros\/companias\/mgc\/repatriacion\/"]}]},{"@type":"BreadcrumbList","@id":"https:\/\/idecesos.com\/seguros\/companias\/mgc\/repatriacion\/#breadcrumb","itemListElement":[{"@type":"ListItem","position":1,"name":"Portada","item":"https:\/\/idecesos.com\/seguros\/"},{"@type":"ListItem","position":2,"name":"Compa\u00f1\u00edas de Seguros de Decesos en Espa\u00f1a","item":"https:\/\/idecesos.com\/seguros\/companias\/"},{"@type":"ListItem","position":3,"name":"Seguros de decesos MGC","item":"https:\/\/idecesos.com\/seguros\/companias\/mgc\/"},{"@type":"ListItem","position":4,"name":"Seguro de decesos MGC con repatriaci\u00f3n"}]},{"@type":"WebSite","@id":"https:\/\/idecesos.com\/seguros\/#website","url":"https:\/\/idecesos.com\/seguros\/","name":"","description":"","potentialAction":[{"@type":"SearchAction","target":{"@type":"EntryPoint","urlTemplate":"https:\/\/idecesos.com\/seguros\/?s={search_term_string}"},"query-input":{"@type":"PropertyValueSpecification","valueRequired":true,"valueName":"search_term_string"}}],"inLanguage":"es"}]}},"_links":{"self":[{"href":"https:\/\/idecesos.com\/seguros\/wp-json\/wp\/v2\/pages\/11745","targetHints":{"allow":["GET"]}}],"collection":[{"href":"https:\/\/idecesos.com\/seguros\/wp-json\/wp\/v2\/pages"}],"about":[{"href":"https:\/\/idecesos.com\/seguros\/wp-json\/wp\/v2\/types\/page"}],"author":[{"embeddable":true,"href":"https:\/\/idecesos.com\/seguros\/wp-json\/wp\/v2\/users\/3"}],"replies":[{"embeddable":true,"href":"https:\/\/idecesos.com\/seguros\/wp-json\/wp\/v2\/comments?post=11745"}],"version-history":[{"count":1,"href":"https:\/\/idecesos.com\/seguros\/wp-json\/wp\/v2\/pages\/11745\/revisions"}],"predecessor-version":[{"id":13266,"href":"https:\/\/idecesos.com\/seguros\/wp-json\/wp\/v2\/pages\/11745\/revisions\/13266"}],"up":[{"embeddable":true,"href":"https:\/\/idecesos.com\/seguros\/wp-json\/wp\/v2\/pages\/9472"}],"wp:attachment":[{"href":"https:\/\/idecesos.com\/seguros\/wp-json\/wp\/v2\/media?parent=11745"}],"curies":[{"name":"wp","href":"https:\/\/api.w.org\/{rel}","templated":true}]}}