{"id":11747,"date":"2021-11-25T00:00:00","date_gmt":"2021-11-25T00:00:00","guid":{"rendered":"https:\/\/idecesos.com\/seguros\/?page_id=11747"},"modified":"2022-04-06T19:14:29","modified_gmt":"2022-04-06T19:14:29","slug":"prima-nivelada","status":"publish","type":"page","link":"https:\/\/idecesos.com\/seguros\/companias\/agrupacio-mutua\/prima-nivelada\/","title":{"rendered":"Seguro de decesos Agrupaci\u00f3 Mutua Prima Nivelada"},"content":{"rendered":"<div id=\"ez-toc-container\" class=\"ez-toc-v2_0_82_2 ez-toc-wrap-center counter-hierarchy ez-toc-counter ez-toc-custom ez-toc-container-direction\">\n<div class=\"ez-toc-title-container\">\n<p class=\"ez-toc-title\" style=\"cursor:inherit\">Tabla de Contenido<\/p>\n<span class=\"ez-toc-title-toggle\"><a href=\"#\" class=\"ez-toc-pull-right ez-toc-btn ez-toc-btn-xs ez-toc-btn-default ez-toc-toggle\" aria-label=\"Alternar tabla de contenidos\"><span class=\"ez-toc-js-icon-con\"><span class=\"\"><span class=\"eztoc-hide\" style=\"display:none;\">Toggle<\/span><span class=\"ez-toc-icon-toggle-span\"><svg style=\"fill: #db6415;color:#db6415\" xmlns=\"http:\/\/www.w3.org\/2000\/svg\" class=\"list-377408\" width=\"20px\" height=\"20px\" viewBox=\"0 0 24 24\" fill=\"none\"><path d=\"M6 6H4v2h2V6zm14 0H8v2h12V6zM4 11h2v2H4v-2zm16 0H8v2h12v-2zM4 16h2v2H4v-2zm16 0H8v2h12v-2z\" fill=\"currentColor\"><\/path><\/svg><svg style=\"fill: #db6415;color:#db6415\" class=\"arrow-unsorted-368013\" xmlns=\"http:\/\/www.w3.org\/2000\/svg\" width=\"10px\" height=\"10px\" viewBox=\"0 0 24 24\" version=\"1.2\" baseProfile=\"tiny\"><path d=\"M18.2 9.3l-6.2-6.3-6.2 6.3c-.2.2-.3.4-.3.7s.1.5.3.7c.2.2.4.3.7.3h11c.3 0 .5-.1.7-.3.2-.2.3-.5.3-.7s-.1-.5-.3-.7zM5.8 14.7l6.2 6.3 6.2-6.3c.2-.2.3-.5.3-.7s-.1-.5-.3-.7c-.2-.2-.4-.3-.7-.3h-11c-.3 0-.5.1-.7.3-.2.2-.3.5-.3.7s.1.5.3.7z\"\/><\/svg><\/span><\/span><\/span><\/a><\/span><\/div>\n<nav><ul class='ez-toc-list ez-toc-list-level-1 ' ><li class='ez-toc-page-1 ez-toc-heading-level-2'><a class=\"ez-toc-link ez-toc-heading-1\" href=\"https:\/\/idecesos.com\/seguros\/companias\/agrupacio-mutua\/prima-nivelada\/#Coberturas_seguro_Prima_Nivelada_Agrupacio_Mutua\" >Coberturas seguro Prima Nivelada Agrupaci\u00f3 Mutua<\/a><ul class='ez-toc-list-level-3' ><li class='ez-toc-heading-level-3'><a class=\"ez-toc-link ez-toc-heading-2\" href=\"https:\/\/idecesos.com\/seguros\/companias\/agrupacio-mutua\/prima-nivelada\/#%C2%BFA_quien_va_dirigido_el_seguro_de_decesos_Prima_Nivelada_de_Agrupacio_Mutua\" >\u00bfA qui\u00e9n va dirigido el seguro de decesos Prima Nivelada de Agrupaci\u00f3 Mutua?<\/a><\/li><\/ul><\/li><li class='ez-toc-page-1 ez-toc-heading-level-2'><a class=\"ez-toc-link ez-toc-heading-3\" href=\"https:\/\/idecesos.com\/seguros\/companias\/agrupacio-mutua\/prima-nivelada\/#Precio_de_seguro_de_decesos_Prima_Nivelada_Agrupacio_Mutua\" >Precio de seguro de decesos Prima Nivelada Agrupaci\u00f3 Mutua<\/a><\/li><li class='ez-toc-page-1 ez-toc-heading-level-2'><a class=\"ez-toc-link ez-toc-heading-4\" href=\"https:\/\/idecesos.com\/seguros\/companias\/agrupacio-mutua\/prima-nivelada\/#Productos_Prima_Nivelada_Agrupacio_Mutua\" >Productos Prima Nivelada Agrupaci\u00f3 Mutua<\/a><\/li><li class='ez-toc-page-1 ez-toc-heading-level-2'><a class=\"ez-toc-link ez-toc-heading-5\" href=\"https:\/\/idecesos.com\/seguros\/companias\/agrupacio-mutua\/prima-nivelada\/#Opiniones_del_seguro_de_decesos_de_Prima_Nivelada_de_Agrupacio_Mutua\" >Opiniones del seguro de decesos de Prima Nivelada de Agrupaci\u00f3 Mutua<\/a><ul class='ez-toc-list-level-3' ><li class='ez-toc-heading-level-3'><a class=\"ez-toc-link ez-toc-heading-6\" href=\"https:\/\/idecesos.com\/seguros\/companias\/agrupacio-mutua\/prima-nivelada\/#Paginas_relacionadas\" >P\u00e1ginas relacionadas<\/a><\/li><\/ul><\/li><\/ul><\/nav><\/div>\n\n<p>El seguro de decesos de prima nivelada Agrupaci\u00f3 Mutua es una modalidad en la que Agrupaci\u00f3 Mutua se compromete a sostener la prima incesante durante toda la vida que te mantengas de cliente del servicio en la empresa de seguros, para la suma asegurada del servicio funerario contratado al inicio del seguro. Asimismo, para las actualizaciones siguientes de la suma asegurada presente en el contrato se va a aplicar una tasa estable de conformidad con la edad con la que contrat\u00f3 por vez primera con Agrupaci\u00f3 Mutua. As\u00ed como, para las sumas aseguradas no previstas en el contrato se repercutir\u00e1 una nueva tasa constante en la edad alcanzada.<\/p>\n<p>Leer m\u00e1s: <a href=\"https:\/\/idecesos.com\/seguros\/tipo\/nivelada\/\">Seguro de decesos Prima Nivelada<\/a><\/p>\n<div class=\"colorf \"  ><div class=\"container clearfix\"><div class=\"col-md-7\"><\/p>\n<h2><span class=\"ez-toc-section\" id=\"Coberturas_seguro_Prima_Nivelada_Agrupacio_Mutua\"><\/span>Coberturas seguro Prima Nivelada Agrupaci\u00f3 Mutua<span class=\"ez-toc-section-end\"><\/span><\/h2>\n<p>La prima nivelada Agrupaci\u00f3 Mutua es de lo mejor para dejar todo bajo control puesto que sus coberturas son adecuadas y expresamente explicadas. En las coberturas del segura de prima nivelada Agrupaci\u00f3 Mutua que presentan, vienen explicadas en el condicionado general, vas a poder conseguirlo de forma m\u00e1s detallada y observar los diferentes servicios que conllevan, como en el caso del servicio funerario de manera completa hasta acondicionamiento del tanatorio o servicio religioso. Administrar uno mismo las tramitaciones del fallecido no es cosa f\u00e1cil, ya que se debe tener un estricto control de ello, y ejecutarlo de la manera m\u00e1s adecuada a fin de que ocurra ning\u00fan inconveniente m\u00e1s adelante, merced a la asegurada administra todo eso de forma veloz y f\u00e1cil, se encargasen de realizar toda la tramitaci\u00f3n burocr\u00e1tica. Para mayor claridad en las coberturas del seguro de prima nivelada de Agrupaci\u00f3 Mutua equipararlas en un minuto en iDecesos y veras de un solo vistazo las ventajas y tambi\u00e9n inconvenientes respecto a otras ofertas.<\/p>\n<p><\/div><\/div><\/div>\n<h3><span class=\"ez-toc-section\" id=\"%C2%BFA_quien_va_dirigido_el_seguro_de_decesos_Prima_Nivelada_de_Agrupacio_Mutua\"><\/span>\u00bfA qui\u00e9n va dirigido el seguro de decesos Prima Nivelada de Agrupaci\u00f3 Mutua?<span class=\"ez-toc-section-end\"><\/span><\/h3>\n<p>En determinadas edades sobre todo en la m\u00e1s avanzada desean que te garanticen serenidad a lo largo de las cuotas que se realizan del pago del seguro, con lo que el mejor se adapta es el seguro de prima nivelada Agrupaci\u00f3 Mutua. A lo largo de la vida de cada ser humano ha crecido con unos criterios de los cuales han querido proseguir la trayectoria de sus familiares por ello obteniendo el seguro de decesos de prima \u00abnivelada\u00bb.<\/p>\n<div class=\"colorf \"  ><div class=\"container clearfix\"><div class=\"col-md-7\"><\/p>\n<h2><span class=\"ez-toc-section\" id=\"Precio_de_seguro_de_decesos_Prima_Nivelada_Agrupacio_Mutua\"><\/span>Precio de seguro de decesos Prima Nivelada Agrupaci\u00f3 Mutua<span class=\"ez-toc-section-end\"><\/span><\/h2>\n<p>El coste en el que se encuentra ahora mismo el seguro de prima nivelada Agrupaci\u00f3 Mutua es 5\u20ac mensualmente, tomando en cuenta siempre y en toda circunstancia la edad del contratante en Agrupaci\u00f3 Mutua, as\u00ed como la localidad. Mediante Agrupaci\u00f3 Mutua va a quedar incluido todas las promociones exclusivas y abonos disponibles, dejando el precio m\u00e1s reducido posible. El seguro de prima nivelada de Agrupaci\u00f3 Mutua da muchas facilidades a sus clientes del servicio a la hora de realizar los pagos, siendo de forma mensual, trimestral, semestral o bien anual. iDecesos es la plataforma m\u00e1s grande a nivel comparativa de seguros, en cual seguro de prima nivelada Agrupaci\u00f3 Mutua obtendr\u00e1s toda la informaci\u00f3n en menos de 1 minuto, y de esta manera sabr\u00e1s si el precio era el que buscabas o te lo podrian mejorar.<\/p>\n<p><\/div><\/div><\/div>\n<h2><span class=\"ez-toc-section\" id=\"Productos_Prima_Nivelada_Agrupacio_Mutua\"><\/span>Productos Prima Nivelada Agrupaci\u00f3 Mutua<span class=\"ez-toc-section-end\"><\/span><\/h2>\n<div class=\"colorf\"><div class=\"container clearfix\"><div class=\"col-md-7\"><div class=\"opiniones\">\n<h2><span class=\"ez-toc-section\" id=\"Opiniones_del_seguro_de_decesos_de_Prima_Nivelada_de_Agrupacio_Mutua\"><\/span>Opiniones del seguro de decesos de Prima Nivelada de Agrupaci\u00f3 Mutua<span class=\"ez-toc-section-end\"><\/span><\/h2>\n<p>En Agrupaci\u00f3 Mutua que contiene el seguro de prima nivelada, dentro de iDecesos ha se\u00f1alado por tener una de las mejores opiniones de esta compa\u00f1\u00eda. Efectuando un estudio de mercado a nivel en profundidad de las diferentes compa\u00f1\u00edas que hay, dentro de las que ofrecen prima nivelada, asimismo se va a llevar en gran profundidad un an\u00e1lisis.<\/p>\n<div class=\"opinion \"  >\n\t\t\t<div class=\"cabecera_opinion\">\n\t\t\t\t<div class=\"avatar\">J M <\/div>\n\t\t\t\t<div class=\"datos_opinion\">\n\t\t\t\t\t<div class=\"nombre_opinion\">Jacobo Medina<\/div>\n\t\t\t\t\t<div class=\"info_opinion\">\t\t\t\t\t\t\n\t\t\t\t\t\t<div class=\"cuenta_opinion\"><i class=\"fas fa-pencil-alt\"><\/i><!--span class=\"dashicons dashicons-edit\" style=\"font-size:20px\"><\/span--><span>1 Opini\u00f3n<\/span><\/div>\t\t\t\t\t\t\n\t\t\t\t\t\t<div class=\"localizacion_opinion\">\n\t\t\t\t\t\t\t<i class=\"fas fa-map-marker-alt\"><\/i><!--span class=\"dashicons dashicons-location\" style=\"font-size:20px\"><\/span-->\n\t\t\t\t\t\t\t<span>ES<\/span>\n\t\t\t\t\t\t<\/div>\t\n\t\t\t\t\t<\/div>\n\t\t\t\t<\/div>\n\t\t\t<\/div><div class=\"texto_opinion\"><\/p>\n<p>Agrupaci\u00f3 Mutua fue de las que m\u00e1s se amolda a lo que buscaba, efectu\u00e9 con ellos el seguro de prima nivelada me dieron diferentes modalidades de pago, me aconsejaron con una mayor cobertura, se preocuparon por o que deber\u00eda saber de cada cl\u00e1usula, qued\u00e9 encantada con Agrupaci\u00f3 Mutua.<\/p>\n<p><\/div><\/div>\n<div class=\"opinion \"  >\n\t\t\t<div class=\"cabecera_opinion\">\n\t\t\t\t<div class=\"avatar\">R C <\/div>\n\t\t\t\t<div class=\"datos_opinion\">\n\t\t\t\t\t<div class=\"nombre_opinion\">Raquel Cabo<\/div>\n\t\t\t\t\t<div class=\"info_opinion\">\t\t\t\t\t\t\n\t\t\t\t\t\t<div class=\"cuenta_opinion\"><i class=\"fas fa-pencil-alt\"><\/i><!--span class=\"dashicons dashicons-edit\" style=\"font-size:20px\"><\/span--><span>1 Opini\u00f3n<\/span><\/div>\t\t\t\t\t\t\n\t\t\t\t\t\t<div class=\"localizacion_opinion\">\n\t\t\t\t\t\t\t<i class=\"fas fa-map-marker-alt\"><\/i><!--span class=\"dashicons dashicons-location\" style=\"font-size:20px\"><\/span-->\n\t\t\t\t\t\t\t<span>ES<\/span>\n\t\t\t\t\t\t<\/div>\t\n\t\t\t\t\t<\/div>\n\t\t\t\t<\/div>\n\t\t\t<\/div><div class=\"texto_opinion\"><\/p>\n<p>Agrupaci\u00f3 Mutua fue de las que m\u00e1s se amolda a lo que buscaba, efectu\u00e9 con ellos el seguro de prima nivelada me dieron diferentes modalidades de pago, me aconsejaron con una mayor cobertura, se preocuparon por o que deber\u00eda de saber de cada cl\u00e1usula, qued\u00e9 encantada con Agrupaci\u00f3 Mutua.<\/p>\n<p><\/div><\/div>\n<div class=\"opinion \"  >\n\t\t\t<div class=\"cabecera_opinion\">\n\t\t\t\t<div class=\"avatar\">Z G <\/div>\n\t\t\t\t<div class=\"datos_opinion\">\n\t\t\t\t\t<div class=\"nombre_opinion\">Zaida Gonz\u00e1lez<\/div>\n\t\t\t\t\t<div class=\"info_opinion\">\t\t\t\t\t\t\n\t\t\t\t\t\t<div class=\"cuenta_opinion\"><i class=\"fas fa-pencil-alt\"><\/i><!--span class=\"dashicons dashicons-edit\" style=\"font-size:20px\"><\/span--><span>1 Opini\u00f3n<\/span><\/div>\t\t\t\t\t\t\n\t\t\t\t\t\t<div class=\"localizacion_opinion\">\n\t\t\t\t\t\t\t<i class=\"fas fa-map-marker-alt\"><\/i><!--span class=\"dashicons dashicons-location\" style=\"font-size:20px\"><\/span-->\n\t\t\t\t\t\t\t<span>ES<\/span>\n\t\t\t\t\t\t<\/div>\t\n\t\t\t\t\t<\/div>\n\t\t\t\t<\/div>\n\t\t\t<\/div><div class=\"texto_opinion\"><\/p>\n<p>Cuando realice el contrato de prima nivelada de Agrupaci\u00f3 Mutua adem\u00e1s de que sus coberturas son muy resaltables, me asistieron en todo el proceso, yo lo realice de manera telef\u00f3nica, ya que me resultaba mucho m\u00e1s f\u00e1cil hacer la contrataci\u00f3n. Te lo recomiendo 100 por ciento .<\/p>\n<p><\/div><\/div>\n<\/div><\/div><\/div><\/div>\n<p><div class=\"oficinas\"><br \/>\n<!-- Shortcode [agrupaci%c3%b3-mutua-hijas] does not exist --><\/p>\n<p><\/div> <h3><span class=\"ez-toc-section\" id=\"Paginas_relacionadas\"><\/span>P\u00e1ginas relacionadas<span class=\"ez-toc-section-end\"><\/span><\/h3><div class=\"enlazado\"><ul> <li><a href=\"https:\/\/idecesos.com\/seguros\/companias\/agrupacio-mutua\/opiniones\/\">Opiniones Agrupaci\u00f3 Mutua<\/a><\/li> <li><a href=\"https:\/\/idecesos.com\/seguros\/companias\/agrupacio-mutua\/precio\/\">Precio seguro Agrupaci\u00f3 Mutua<\/a><\/li> <li><a href=\"https:\/\/idecesos.com\/seguros\/companias\/agrupacio-mutua\/prima-mixta\/\">Agrupaci\u00f3 Mutua Prima Mixta<\/a><\/li> <li><a href=\"https:\/\/idecesos.com\/seguros\/companias\/agrupacio-mutua\/prima-natural\/\">Agrupaci\u00f3 Mutua Prima Natural<\/a><\/li> <li><a href=\"https:\/\/idecesos.com\/seguros\/companias\/agrupacio-mutua\/prima-nivelada\/\">Agrupaci\u00f3 Mutua Prima Nivelada<\/a><\/li> <li><a href=\"https:\/\/idecesos.com\/seguros\/companias\/agrupacio-mutua\/prima-unica\/\">Agrupaci\u00f3 Mutua Prima \u00danica<\/a><\/li> <li><a href=\"https:\/\/idecesos.com\/seguros\/companias\/agrupacio-mutua\/repatriacion\/\">Agrupaci\u00f3 Mutua Repatriaci\u00f3n<\/a><\/li> <li><a href=\"https:\/\/idecesos.com\/seguros\/companias\/agrupacio-mutua\/telefono\/\">Tel\u00e9fono Gratuito Agrupaci\u00f3 Mutua<\/a><\/li><\/ul><\/div><\/p>\n","protected":false},"excerpt":{"rendered":"<p>El seguro de decesos de prima nivelada Agrupaci\u00f3 Mutua es una modalidad en la que Agrupaci\u00f3 Mutua se compromete a sostener la prima incesante durante toda la vida que te mantengas de cliente del servicio en la empresa de seguros, para la suma asegurada del servicio funerario contratado al inicio del seguro. Asimismo, para las&hellip; <\/p>\n","protected":false},"author":3,"featured_media":0,"parent":9467,"menu_order":0,"comment_status":"closed","ping_status":"closed","template":"single.php","meta":{"footnotes":""},"class_list":["post-11747","page","type-page","status-publish","hentry"],"yoast_head":"<!-- This site is optimized with the Yoast SEO plugin v27.3 - https:\/\/yoast.com\/product\/yoast-seo-wordpress\/ -->\n<title>Seguro Decesos Agrupaci\u00f3 Mutua Prima Nivelada \u25b7 Opiniones y Precio 2026<\/title>\n<meta name=\"description\" content=\"Click aqu\u00ed \u3010Seguro de Decesos Prima Nivelada Agrupaci\u00f3 Mutua\u3011 Mejores precios Agrupaci\u00f3 Mutua seguro de fallecidos Prima Nivelada \u2611\ufe0f Actualizado por iDecesos\u00ae\" \/>\n<meta name=\"robots\" content=\"index, follow, max-snippet:-1, max-image-preview:large, max-video-preview:-1\" \/>\n<link rel=\"canonical\" href=\"https:\/\/idecesos.com\/seguros\/companias\/agrupacio-mutua\/prima-nivelada\/\" \/>\n<meta property=\"og:locale\" content=\"es_ES\" \/>\n<meta property=\"og:type\" content=\"article\" \/>\n<meta property=\"og:title\" content=\"Seguro Decesos Agrupaci\u00f3 Mutua Prima Nivelada \u25b7 Opiniones y Precio 2026\" \/>\n<meta property=\"og:description\" content=\"Click aqu\u00ed \u3010Seguro de Decesos Prima Nivelada Agrupaci\u00f3 Mutua\u3011 Mejores precios Agrupaci\u00f3 Mutua seguro de fallecidos Prima Nivelada \u2611\ufe0f Actualizado por iDecesos\u00ae\" \/>\n<meta property=\"og:url\" content=\"https:\/\/idecesos.com\/seguros\/companias\/agrupacio-mutua\/prima-nivelada\/\" \/>\n<meta property=\"article:modified_time\" content=\"2022-04-06T19:14:29+00:00\" \/>\n<meta name=\"twitter:card\" content=\"summary_large_image\" \/>\n<meta name=\"twitter:label1\" content=\"Tiempo de lectura\" \/>\n\t<meta name=\"twitter:data1\" content=\"57 minutos\" \/>\n<script type=\"application\/ld+json\" class=\"yoast-schema-graph\">{\"@context\":\"https:\\\/\\\/schema.org\",\"@graph\":[{\"@type\":\"WebPage\",\"@id\":\"https:\\\/\\\/idecesos.com\\\/seguros\\\/companias\\\/agrupacio-mutua\\\/prima-nivelada\\\/\",\"url\":\"https:\\\/\\\/idecesos.com\\\/seguros\\\/companias\\\/agrupacio-mutua\\\/prima-nivelada\\\/\",\"name\":\"Seguro Decesos Agrupaci\u00f3 Mutua Prima Nivelada \u25b7 Opiniones y Precio 2026\",\"isPartOf\":{\"@id\":\"https:\\\/\\\/idecesos.com\\\/seguros\\\/#website\"},\"datePublished\":\"2021-11-25T00:00:00+00:00\",\"dateModified\":\"2022-04-06T19:14:29+00:00\",\"description\":\"Click aqu\u00ed \u3010Seguro de Decesos Prima Nivelada Agrupaci\u00f3 Mutua\u3011 Mejores precios Agrupaci\u00f3 Mutua seguro de fallecidos Prima Nivelada \u2611\ufe0f Actualizado por iDecesos\u00ae\",\"breadcrumb\":{\"@id\":\"https:\\\/\\\/idecesos.com\\\/seguros\\\/companias\\\/agrupacio-mutua\\\/prima-nivelada\\\/#breadcrumb\"},\"inLanguage\":\"es\",\"potentialAction\":[{\"@type\":\"ReadAction\",\"target\":[\"https:\\\/\\\/idecesos.com\\\/seguros\\\/companias\\\/agrupacio-mutua\\\/prima-nivelada\\\/\"]}]},{\"@type\":\"BreadcrumbList\",\"@id\":\"https:\\\/\\\/idecesos.com\\\/seguros\\\/companias\\\/agrupacio-mutua\\\/prima-nivelada\\\/#breadcrumb\",\"itemListElement\":[{\"@type\":\"ListItem\",\"position\":1,\"name\":\"Portada\",\"item\":\"https:\\\/\\\/idecesos.com\\\/seguros\\\/\"},{\"@type\":\"ListItem\",\"position\":2,\"name\":\"Compa\u00f1\u00edas de Seguros de Decesos en Espa\u00f1a\",\"item\":\"https:\\\/\\\/idecesos.com\\\/seguros\\\/companias\\\/\"},{\"@type\":\"ListItem\",\"position\":3,\"name\":\"Seguro de decesos Agrupaci\u00f3 M\u00fatua\",\"item\":\"https:\\\/\\\/idecesos.com\\\/seguros\\\/companias\\\/agrupacio-mutua\\\/\"},{\"@type\":\"ListItem\",\"position\":4,\"name\":\"Seguro de decesos Agrupaci\u00f3 Mutua Prima Nivelada\"}]},{\"@type\":\"WebSite\",\"@id\":\"https:\\\/\\\/idecesos.com\\\/seguros\\\/#website\",\"url\":\"https:\\\/\\\/idecesos.com\\\/seguros\\\/\",\"name\":\"\",\"description\":\"\",\"potentialAction\":[{\"@type\":\"SearchAction\",\"target\":{\"@type\":\"EntryPoint\",\"urlTemplate\":\"https:\\\/\\\/idecesos.com\\\/seguros\\\/?s={search_term_string}\"},\"query-input\":{\"@type\":\"PropertyValueSpecification\",\"valueRequired\":true,\"valueName\":\"search_term_string\"}}],\"inLanguage\":\"es\"}]}<\/script>\n<!-- \/ Yoast SEO plugin. -->","yoast_head_json":{"title":"Seguro Decesos Agrupaci\u00f3 Mutua Prima Nivelada \u25b7 Opiniones y Precio 2026","description":"Click aqu\u00ed \u3010Seguro de Decesos Prima Nivelada Agrupaci\u00f3 Mutua\u3011 Mejores precios Agrupaci\u00f3 Mutua seguro de fallecidos Prima Nivelada \u2611\ufe0f Actualizado por iDecesos\u00ae","robots":{"index":"index","follow":"follow","max-snippet":"max-snippet:-1","max-image-preview":"max-image-preview:large","max-video-preview":"max-video-preview:-1"},"canonical":"https:\/\/idecesos.com\/seguros\/companias\/agrupacio-mutua\/prima-nivelada\/","og_locale":"es_ES","og_type":"article","og_title":"Seguro Decesos Agrupaci\u00f3 Mutua Prima Nivelada \u25b7 Opiniones y Precio 2026","og_description":"Click aqu\u00ed \u3010Seguro de Decesos Prima Nivelada Agrupaci\u00f3 Mutua\u3011 Mejores precios Agrupaci\u00f3 Mutua seguro de fallecidos Prima Nivelada \u2611\ufe0f Actualizado por iDecesos\u00ae","og_url":"https:\/\/idecesos.com\/seguros\/companias\/agrupacio-mutua\/prima-nivelada\/","article_modified_time":"2022-04-06T19:14:29+00:00","twitter_card":"summary_large_image","twitter_misc":{"Tiempo de lectura":"57 minutos"},"schema":{"@context":"https:\/\/schema.org","@graph":[{"@type":"WebPage","@id":"https:\/\/idecesos.com\/seguros\/companias\/agrupacio-mutua\/prima-nivelada\/","url":"https:\/\/idecesos.com\/seguros\/companias\/agrupacio-mutua\/prima-nivelada\/","name":"Seguro Decesos Agrupaci\u00f3 Mutua Prima Nivelada \u25b7 Opiniones y Precio 2026","isPartOf":{"@id":"https:\/\/idecesos.com\/seguros\/#website"},"datePublished":"2021-11-25T00:00:00+00:00","dateModified":"2022-04-06T19:14:29+00:00","description":"Click aqu\u00ed \u3010Seguro de Decesos Prima Nivelada Agrupaci\u00f3 Mutua\u3011 Mejores precios Agrupaci\u00f3 Mutua seguro de fallecidos Prima Nivelada \u2611\ufe0f Actualizado por iDecesos\u00ae","breadcrumb":{"@id":"https:\/\/idecesos.com\/seguros\/companias\/agrupacio-mutua\/prima-nivelada\/#breadcrumb"},"inLanguage":"es","potentialAction":[{"@type":"ReadAction","target":["https:\/\/idecesos.com\/seguros\/companias\/agrupacio-mutua\/prima-nivelada\/"]}]},{"@type":"BreadcrumbList","@id":"https:\/\/idecesos.com\/seguros\/companias\/agrupacio-mutua\/prima-nivelada\/#breadcrumb","itemListElement":[{"@type":"ListItem","position":1,"name":"Portada","item":"https:\/\/idecesos.com\/seguros\/"},{"@type":"ListItem","position":2,"name":"Compa\u00f1\u00edas de Seguros de Decesos en Espa\u00f1a","item":"https:\/\/idecesos.com\/seguros\/companias\/"},{"@type":"ListItem","position":3,"name":"Seguro de decesos Agrupaci\u00f3 M\u00fatua","item":"https:\/\/idecesos.com\/seguros\/companias\/agrupacio-mutua\/"},{"@type":"ListItem","position":4,"name":"Seguro de decesos Agrupaci\u00f3 Mutua Prima Nivelada"}]},{"@type":"WebSite","@id":"https:\/\/idecesos.com\/seguros\/#website","url":"https:\/\/idecesos.com\/seguros\/","name":"","description":"","potentialAction":[{"@type":"SearchAction","target":{"@type":"EntryPoint","urlTemplate":"https:\/\/idecesos.com\/seguros\/?s={search_term_string}"},"query-input":{"@type":"PropertyValueSpecification","valueRequired":true,"valueName":"search_term_string"}}],"inLanguage":"es"}]}},"_links":{"self":[{"href":"https:\/\/idecesos.com\/seguros\/wp-json\/wp\/v2\/pages\/11747","targetHints":{"allow":["GET"]}}],"collection":[{"href":"https:\/\/idecesos.com\/seguros\/wp-json\/wp\/v2\/pages"}],"about":[{"href":"https:\/\/idecesos.com\/seguros\/wp-json\/wp\/v2\/types\/page"}],"author":[{"embeddable":true,"href":"https:\/\/idecesos.com\/seguros\/wp-json\/wp\/v2\/users\/3"}],"replies":[{"embeddable":true,"href":"https:\/\/idecesos.com\/seguros\/wp-json\/wp\/v2\/comments?post=11747"}],"version-history":[{"count":2,"href":"https:\/\/idecesos.com\/seguros\/wp-json\/wp\/v2\/pages\/11747\/revisions"}],"predecessor-version":[{"id":21034,"href":"https:\/\/idecesos.com\/seguros\/wp-json\/wp\/v2\/pages\/11747\/revisions\/21034"}],"up":[{"embeddable":true,"href":"https:\/\/idecesos.com\/seguros\/wp-json\/wp\/v2\/pages\/9467"}],"wp:attachment":[{"href":"https:\/\/idecesos.com\/seguros\/wp-json\/wp\/v2\/media?parent=11747"}],"curies":[{"name":"wp","href":"https:\/\/api.w.org\/{rel}","templated":true}]}}