{"id":11748,"date":"2021-11-25T00:00:00","date_gmt":"2021-11-25T00:00:00","guid":{"rendered":"https:\/\/idecesos.com\/seguros\/?page_id=11748"},"modified":"2022-01-03T12:31:07","modified_gmt":"2022-01-03T12:31:07","slug":"prima-nivelada","status":"publish","type":"page","link":"https:\/\/idecesos.com\/seguros\/companias\/mgc\/prima-nivelada\/","title":{"rendered":"Seguro de decesos MGC Prima Nivelada"},"content":{"rendered":"<div id=\"ez-toc-container\" class=\"ez-toc-v2_0_82_2 ez-toc-wrap-center counter-hierarchy ez-toc-counter ez-toc-custom ez-toc-container-direction\">\n<div class=\"ez-toc-title-container\">\n<p class=\"ez-toc-title\" style=\"cursor:inherit\">Tabla de Contenido<\/p>\n<span class=\"ez-toc-title-toggle\"><a href=\"#\" class=\"ez-toc-pull-right ez-toc-btn ez-toc-btn-xs ez-toc-btn-default ez-toc-toggle\" aria-label=\"Alternar tabla de contenidos\"><span class=\"ez-toc-js-icon-con\"><span class=\"\"><span class=\"eztoc-hide\" style=\"display:none;\">Toggle<\/span><span class=\"ez-toc-icon-toggle-span\"><svg style=\"fill: #db6415;color:#db6415\" xmlns=\"http:\/\/www.w3.org\/2000\/svg\" class=\"list-377408\" width=\"20px\" height=\"20px\" viewBox=\"0 0 24 24\" fill=\"none\"><path d=\"M6 6H4v2h2V6zm14 0H8v2h12V6zM4 11h2v2H4v-2zm16 0H8v2h12v-2zM4 16h2v2H4v-2zm16 0H8v2h12v-2z\" fill=\"currentColor\"><\/path><\/svg><svg style=\"fill: #db6415;color:#db6415\" class=\"arrow-unsorted-368013\" xmlns=\"http:\/\/www.w3.org\/2000\/svg\" width=\"10px\" height=\"10px\" viewBox=\"0 0 24 24\" version=\"1.2\" baseProfile=\"tiny\"><path d=\"M18.2 9.3l-6.2-6.3-6.2 6.3c-.2.2-.3.4-.3.7s.1.5.3.7c.2.2.4.3.7.3h11c.3 0 .5-.1.7-.3.2-.2.3-.5.3-.7s-.1-.5-.3-.7zM5.8 14.7l6.2 6.3 6.2-6.3c.2-.2.3-.5.3-.7s-.1-.5-.3-.7c-.2-.2-.4-.3-.7-.3h-11c-.3 0-.5.1-.7.3-.2.2-.3.5-.3.7s.1.5.3.7z\"\/><\/svg><\/span><\/span><\/span><\/a><\/span><\/div>\n<nav><ul class='ez-toc-list ez-toc-list-level-1 ' ><li class='ez-toc-page-1 ez-toc-heading-level-2'><a class=\"ez-toc-link ez-toc-heading-1\" href=\"https:\/\/idecesos.com\/seguros\/companias\/mgc\/prima-nivelada\/#Coberturas_seguro_Prima_Nivelada_MGC\" >Coberturas seguro Prima Nivelada MGC<\/a><ul class='ez-toc-list-level-3' ><li class='ez-toc-heading-level-3'><a class=\"ez-toc-link ez-toc-heading-2\" href=\"https:\/\/idecesos.com\/seguros\/companias\/mgc\/prima-nivelada\/#%C2%BFA_quien_va_dirigido_el_seguro_de_decesos_Prima_Nivelada_de_MGC\" >\u00bfA qui\u00e9n va dirigido el seguro de decesos Prima Nivelada de MGC?<\/a><\/li><\/ul><\/li><li class='ez-toc-page-1 ez-toc-heading-level-2'><a class=\"ez-toc-link ez-toc-heading-3\" href=\"https:\/\/idecesos.com\/seguros\/companias\/mgc\/prima-nivelada\/#Precio_de_seguro_de_decesos_Prima_Nivelada_MGC\" >Precio de seguro de decesos Prima Nivelada MGC<\/a><\/li><li class='ez-toc-page-1 ez-toc-heading-level-2'><a class=\"ez-toc-link ez-toc-heading-4\" href=\"https:\/\/idecesos.com\/seguros\/companias\/mgc\/prima-nivelada\/#Productos_Prima_Nivelada_MGC\" >Productos Prima Nivelada MGC<\/a><\/li><li class='ez-toc-page-1 ez-toc-heading-level-2'><a class=\"ez-toc-link ez-toc-heading-5\" href=\"https:\/\/idecesos.com\/seguros\/companias\/mgc\/prima-nivelada\/#Opiniones_del_seguro_de_decesos_de_Prima_Nivelada_de_MGC\" >Opiniones del seguro de decesos de Prima Nivelada de MGC<\/a><ul class='ez-toc-list-level-3' ><li class='ez-toc-heading-level-3'><a class=\"ez-toc-link ez-toc-heading-6\" href=\"https:\/\/idecesos.com\/seguros\/companias\/mgc\/prima-nivelada\/#Paginas_relacionadas\" >P\u00e1ginas relacionadas<\/a><\/li><\/ul><\/li><\/ul><\/nav><\/div>\n\n<p>El servicio funerario va en la suma total con el contrato principal del seguro, el seguro de decesos de prima nivelada MGC ya que resalta por ser siempre y en toda circunstancia igual al final del total. Aun contando con un cat\u00e1logo ampl\u00edsimo, sus clientes optan por la p\u00f3liza de prima nivelada MGC. En el c\u00edrculo de los que contemplan una edad muy joven, les resulta un monto muy elevado. En el caso de siniestro de la p\u00f3liza de prima nivelada MGC es muy f\u00e1cil por el hecho de que simplemente llamando al n\u00famero de asistencia familiar de MGC y se hacen cargo completamente regular y tramitar todo los referido al deceso. <\/p>\n<p>Leer m\u00e1s: <a href=\"https:\/\/idecesos.com\/seguros\/tipo\/nivelada\/\">Seguro de decesos Prima Nivelada<\/a><\/p>\n<div class=\"colorf \"  ><div class=\"container clearfix\"><div class=\"col-md-7\"><\/p>\n<h2><span class=\"ez-toc-section\" id=\"Coberturas_seguro_Prima_Nivelada_MGC\"><\/span>Coberturas seguro Prima Nivelada MGC<span class=\"ez-toc-section-end\"><\/span><\/h2>\n<p>El seguro de decesos MGC su mayor cobertura es dar al completo lo que requiere en el instante del \u00f3bito de manera complet\u00edsima. Contar con personas expertas en el \u00e1mbito, dando una prestaci\u00f3n del servicio m\u00e1s dedicado es por lo que destaca en el campo funerario de MGC. Las coberturas que contienen es como una de la selecci\u00f3n de entierro, si as\u00ed lo ha escogido el familiar o bien el asegurado, cuenta con la cobertura de todos los tr\u00e1mites que se hagan cuando ocurre el \u00f3bito. El servicio de asistencia de MGC trabajan las 24 horas, en el instante de percibir una llamada se pondr\u00e1n a disposici\u00f3n del usuario dando las coberturas adecuadas y adapt\u00e1ndolo a las preferencias del servicio funerario que haya elegido previamente, contando con el presupuesto del capital del asegurado. Para tener de forma m\u00e1s clara las coberturas del seguro de decesos de prima nivelada de MGC, en iDecesos podr\u00e1s visualizar las distintas comparaciones de las distintas aseguradoras, de una forma m\u00e1s sencilla consultoras todas las condiciones pertinentes y conseguir toda la informaci\u00f3n. <\/p>\n<p><\/div><\/div><\/div>\n<h3><span class=\"ez-toc-section\" id=\"%C2%BFA_quien_va_dirigido_el_seguro_de_decesos_Prima_Nivelada_de_MGC\"><\/span>\u00bfA qui\u00e9n va dirigido el seguro de decesos Prima Nivelada de MGC?<span class=\"ez-toc-section-end\"><\/span><\/h3>\n<p>No existe una determinada poblaci\u00f3n a la que se vayan a dirigir con lo que el seguro de prima nivelada de MGC buscan que puedan acceder todas las personas y cuenten con una situaci\u00f3n estable econ\u00f3micamente, y en el instante de precisar los servicios no ocurra ning\u00fan problema. <\/p>\n<div class=\"colorf \"  ><div class=\"container clearfix\"><div class=\"col-md-7\"><\/p>\n<h2><span class=\"ez-toc-section\" id=\"Precio_de_seguro_de_decesos_Prima_Nivelada_MGC\"><\/span>Precio de seguro de decesos Prima Nivelada MGC<span class=\"ez-toc-section-end\"><\/span><\/h2>\n<p>El seguro de prima nivelada MGC el precio que es oscila es de 5,10 euros que se va a poder efectuar los pagos de manera mensual, van a tomar como caracter\u00edstica para c\u00e1lculo como es el caso en que localidad radica la persona asegurada. Sin embargo, en MGC disponen de un seguro de prima nivelada barato y con las tarifas con mejores descuentos del mercado de asegurados de decesos. En el momento de realizar las comparaciones de los diferentes precios de la compa\u00f1\u00eda prima nivelada MGC donde vas a poder lograr un ahorro de hasta un 80 por cien . <\/p>\n<p><\/div><\/div><\/div>\n<h2><span class=\"ez-toc-section\" id=\"Productos_Prima_Nivelada_MGC\"><\/span>Productos Prima Nivelada MGC<span class=\"ez-toc-section-end\"><\/span><\/h2>\n<div class=\"colorf\"><div class=\"container clearfix\"><div class=\"col-md-7\"><div class=\"opiniones\">\n<h2><span class=\"ez-toc-section\" id=\"Opiniones_del_seguro_de_decesos_de_Prima_Nivelada_de_MGC\"><\/span>Opiniones del seguro de decesos de Prima Nivelada de MGC<span class=\"ez-toc-section-end\"><\/span><\/h2>\n<p>El seguro de decesos de prima nivelada MGC se merece una opini\u00f3n muy buena por la parte de los expertos aconsejes de iDecesos puesto que permite acceder a un producto que te garantiza la administraci\u00f3n completa del sepelio, ofreci\u00e9ndome unas coberturas a\u00f1adidas muy \u00fatiles para los asegurados, apoyados por un servicio de asistencia del m\u00e1ximo nivel. La prima nivelada MGC genera muchas facilidades en el instante de realizar los pagos dentro de los interesados. As\u00ed como, MGC habitualmente realiza promociones y descuentos atractivos a fin de que se favorezcan sus clientes. <\/p>\n<div class=\"opinion \"  >\n\t\t\t<div class=\"cabecera_opinion\">\n\t\t\t\t<div class=\"avatar\">U A <\/div>\n\t\t\t\t<div class=\"datos_opinion\">\n\t\t\t\t\t<div class=\"nombre_opinion\">Ulises Aroca<\/div>\n\t\t\t\t\t<div class=\"info_opinion\">\t\t\t\t\t\t\n\t\t\t\t\t\t<div class=\"cuenta_opinion\"><i class=\"fas fa-pencil-alt\"><\/i><!--span class=\"dashicons dashicons-edit\" style=\"font-size:20px\"><\/span--><span>1 Opini\u00f3n<\/span><\/div>\t\t\t\t\t\t\n\t\t\t\t\t\t<div class=\"localizacion_opinion\">\n\t\t\t\t\t\t\t<i class=\"fas fa-map-marker-alt\"><\/i><!--span class=\"dashicons dashicons-location\" style=\"font-size:20px\"><\/span-->\n\t\t\t\t\t\t\t<span>ES<\/span>\n\t\t\t\t\t\t<\/div>\t\n\t\t\t\t\t<\/div>\n\t\t\t\t<\/div>\n\t\t\t<\/div><div class=\"texto_opinion\"><\/p>\n<p>MGC fue de las que m\u00e1s se amolda a lo que buscaba, efectu\u00e9 con ellos el seguro de prima nivelada me dieron diferentes modalidades de pago, me asesoraron con una mayor cobertura, se preocuparon por o que deber\u00eda de saber de cada cl\u00e1usula, qued\u00e9 encantada con MGC. <\/p>\n<p><\/div><\/div>\n<div class=\"opinion \"  >\n\t\t\t<div class=\"cabecera_opinion\">\n\t\t\t\t<div class=\"avatar\">L C <\/div>\n\t\t\t\t<div class=\"datos_opinion\">\n\t\t\t\t\t<div class=\"nombre_opinion\">Luisina Carrillo<\/div>\n\t\t\t\t\t<div class=\"info_opinion\">\t\t\t\t\t\t\n\t\t\t\t\t\t<div class=\"cuenta_opinion\"><i class=\"fas fa-pencil-alt\"><\/i><!--span class=\"dashicons dashicons-edit\" style=\"font-size:20px\"><\/span--><span>1 Opini\u00f3n<\/span><\/div>\t\t\t\t\t\t\n\t\t\t\t\t\t<div class=\"localizacion_opinion\">\n\t\t\t\t\t\t\t<i class=\"fas fa-map-marker-alt\"><\/i><!--span class=\"dashicons dashicons-location\" style=\"font-size:20px\"><\/span-->\n\t\t\t\t\t\t\t<span>ES<\/span>\n\t\t\t\t\t\t<\/div>\t\n\t\t\t\t\t<\/div>\n\t\t\t\t<\/div>\n\t\t\t<\/div><div class=\"texto_opinion\"><\/p>\n<p>De todos los comentarios que le\u00ed decid\u00ed arriesgar y la verdad que tuve suerte con MGC me ha dado las mejores coberturas de prima nivelada, la tarifa se amolda a mis circunstancias, adem\u00e1s de esto de eso me hicieron un presupuesto que quede muy contenta, tiene unos trabajadores muy profesionales MGC. <\/p>\n<p><\/div><\/div>\n<div class=\"opinion \"  >\n\t\t\t<div class=\"cabecera_opinion\">\n\t\t\t\t<div class=\"avatar\">N A <\/div>\n\t\t\t\t<div class=\"datos_opinion\">\n\t\t\t\t\t<div class=\"nombre_opinion\">Nacio \u00c1lamo<\/div>\n\t\t\t\t\t<div class=\"info_opinion\">\t\t\t\t\t\t\n\t\t\t\t\t\t<div class=\"cuenta_opinion\"><i class=\"fas fa-pencil-alt\"><\/i><!--span class=\"dashicons dashicons-edit\" style=\"font-size:20px\"><\/span--><span>1 Opini\u00f3n<\/span><\/div>\t\t\t\t\t\t\n\t\t\t\t\t\t<div class=\"localizacion_opinion\">\n\t\t\t\t\t\t\t<i class=\"fas fa-map-marker-alt\"><\/i><!--span class=\"dashicons dashicons-location\" style=\"font-size:20px\"><\/span-->\n\t\t\t\t\t\t\t<span>ES<\/span>\n\t\t\t\t\t\t<\/div>\t\n\t\t\t\t\t<\/div>\n\t\t\t\t<\/div>\n\t\t\t<\/div><div class=\"texto_opinion\"><\/p>\n<p>Cuando ocurri\u00f3 el fallecimiento de mi madre, que sucedi\u00f3 de una manera repentina, la empresa aseguradora se ocup\u00f3 de administrar todo de una manera eficiente, con lo que no debimos preocuparnos de nada. Si en cualquier ocasi\u00f3n puede suceder alg\u00fan problema, ellos cuentan con todas y cada una de las soluciones libres. <\/p>\n<p><\/div><\/div>\n<\/div><\/div><\/div><\/div>\n<p><div class=\"oficinas\"><br \/>\n<h3><span class=\"ez-toc-section\" id=\"Paginas_relacionadas\"><\/span>P\u00e1ginas relacionadas<span class=\"ez-toc-section-end\"><\/span><\/h3><div class=\"enlazado\"><ul> <li><a href=\"https:\/\/idecesos.com\/seguros\/companias\/mgc\/opiniones\/\">Opiniones MGC<\/a><\/li> <li><a href=\"https:\/\/idecesos.com\/seguros\/companias\/mgc\/precio\/\">Precio seguro MGC<\/a><\/li> <li><a href=\"https:\/\/idecesos.com\/seguros\/companias\/mgc\/prima-mixta\/\">MGC Prima Mixta<\/a><\/li> <li><a href=\"https:\/\/idecesos.com\/seguros\/companias\/mgc\/prima-natural\/\">MGC Prima Natural<\/a><\/li> <li><a href=\"https:\/\/idecesos.com\/seguros\/companias\/mgc\/prima-nivelada\/\">MGC Prima Nivelada<\/a><\/li> <li><a href=\"https:\/\/idecesos.com\/seguros\/companias\/mgc\/prima-unica\/\">MGC Prima \u00danica<\/a><\/li> <li><a href=\"https:\/\/idecesos.com\/seguros\/companias\/mgc\/repatriacion\/\">MGC Repatriaci\u00f3n<\/a><\/li> <li><a href=\"https:\/\/idecesos.com\/seguros\/companias\/mgc\/telefono\/\">Tel\u00e9fono Gratuito MGC<\/a><\/li><\/ul><\/div><\/p>\n<\/div>\n","protected":false},"excerpt":{"rendered":"<p>El servicio funerario va en la suma total con el contrato principal del seguro, el seguro de decesos de prima nivelada MGC ya que resalta por ser siempre y en toda circunstancia igual al final del total. Aun contando con un cat\u00e1logo ampl\u00edsimo, sus clientes optan por la p\u00f3liza de prima nivelada MGC. En el&hellip; <\/p>\n","protected":false},"author":3,"featured_media":0,"parent":9472,"menu_order":0,"comment_status":"closed","ping_status":"closed","template":"single.php","meta":{"footnotes":""},"class_list":["post-11748","page","type-page","status-publish","hentry"],"yoast_head":"<!-- This site is optimized with the Yoast SEO plugin v27.4 - https:\/\/yoast.com\/product\/yoast-seo-wordpress\/ -->\n<title>Seguro Decesos MGC Prima Nivelada \u25b7 Opiniones y Precio 2026<\/title>\n<meta name=\"description\" content=\"Click aqu\u00ed \u3010Seguro de Decesos Prima Nivelada MGC\u3011 Mejores precios MGC seguro de fallecidos Prima Nivelada \u2611\ufe0f Actualizado por iDecesos\u00ae\" \/>\n<meta name=\"robots\" content=\"index, follow, max-snippet:-1, max-image-preview:large, max-video-preview:-1\" \/>\n<link rel=\"canonical\" href=\"https:\/\/idecesos.com\/seguros\/companias\/mgc\/prima-nivelada\/\" \/>\n<meta property=\"og:locale\" content=\"es_ES\" \/>\n<meta property=\"og:type\" content=\"article\" \/>\n<meta property=\"og:title\" content=\"Seguro Decesos MGC Prima Nivelada \u25b7 Opiniones y Precio 2026\" \/>\n<meta property=\"og:description\" content=\"Click aqu\u00ed \u3010Seguro de Decesos Prima Nivelada MGC\u3011 Mejores precios MGC seguro de fallecidos Prima Nivelada \u2611\ufe0f Actualizado por iDecesos\u00ae\" \/>\n<meta property=\"og:url\" content=\"https:\/\/idecesos.com\/seguros\/companias\/mgc\/prima-nivelada\/\" \/>\n<meta property=\"article:modified_time\" content=\"2022-01-03T12:31:07+00:00\" \/>\n<meta name=\"twitter:card\" content=\"summary_large_image\" \/>\n<meta name=\"twitter:label1\" content=\"Tiempo de lectura\" \/>\n\t<meta name=\"twitter:data1\" content=\"57 minutos\" \/>\n<script type=\"application\/ld+json\" class=\"yoast-schema-graph\">{\"@context\":\"https:\\\/\\\/schema.org\",\"@graph\":[{\"@type\":\"WebPage\",\"@id\":\"https:\\\/\\\/idecesos.com\\\/seguros\\\/companias\\\/mgc\\\/prima-nivelada\\\/\",\"url\":\"https:\\\/\\\/idecesos.com\\\/seguros\\\/companias\\\/mgc\\\/prima-nivelada\\\/\",\"name\":\"Seguro Decesos MGC Prima Nivelada \u25b7 Opiniones y Precio 2026\",\"isPartOf\":{\"@id\":\"https:\\\/\\\/idecesos.com\\\/seguros\\\/#website\"},\"datePublished\":\"2021-11-25T00:00:00+00:00\",\"dateModified\":\"2022-01-03T12:31:07+00:00\",\"description\":\"Click aqu\u00ed \u3010Seguro de Decesos Prima Nivelada MGC\u3011 Mejores precios MGC seguro de fallecidos Prima Nivelada \u2611\ufe0f Actualizado por iDecesos\u00ae\",\"breadcrumb\":{\"@id\":\"https:\\\/\\\/idecesos.com\\\/seguros\\\/companias\\\/mgc\\\/prima-nivelada\\\/#breadcrumb\"},\"inLanguage\":\"es\",\"potentialAction\":[{\"@type\":\"ReadAction\",\"target\":[\"https:\\\/\\\/idecesos.com\\\/seguros\\\/companias\\\/mgc\\\/prima-nivelada\\\/\"]}]},{\"@type\":\"BreadcrumbList\",\"@id\":\"https:\\\/\\\/idecesos.com\\\/seguros\\\/companias\\\/mgc\\\/prima-nivelada\\\/#breadcrumb\",\"itemListElement\":[{\"@type\":\"ListItem\",\"position\":1,\"name\":\"Portada\",\"item\":\"https:\\\/\\\/idecesos.com\\\/seguros\\\/\"},{\"@type\":\"ListItem\",\"position\":2,\"name\":\"Compa\u00f1\u00edas de Seguros de Decesos en Espa\u00f1a\",\"item\":\"https:\\\/\\\/idecesos.com\\\/seguros\\\/companias\\\/\"},{\"@type\":\"ListItem\",\"position\":3,\"name\":\"Seguros de decesos MGC\",\"item\":\"https:\\\/\\\/idecesos.com\\\/seguros\\\/companias\\\/mgc\\\/\"},{\"@type\":\"ListItem\",\"position\":4,\"name\":\"Seguro de decesos MGC Prima Nivelada\"}]},{\"@type\":\"WebSite\",\"@id\":\"https:\\\/\\\/idecesos.com\\\/seguros\\\/#website\",\"url\":\"https:\\\/\\\/idecesos.com\\\/seguros\\\/\",\"name\":\"\",\"description\":\"\",\"potentialAction\":[{\"@type\":\"SearchAction\",\"target\":{\"@type\":\"EntryPoint\",\"urlTemplate\":\"https:\\\/\\\/idecesos.com\\\/seguros\\\/?s={search_term_string}\"},\"query-input\":{\"@type\":\"PropertyValueSpecification\",\"valueRequired\":true,\"valueName\":\"search_term_string\"}}],\"inLanguage\":\"es\"}]}<\/script>\n<!-- \/ Yoast SEO plugin. -->","yoast_head_json":{"title":"Seguro Decesos MGC Prima Nivelada \u25b7 Opiniones y Precio 2026","description":"Click aqu\u00ed \u3010Seguro de Decesos Prima Nivelada MGC\u3011 Mejores precios MGC seguro de fallecidos Prima Nivelada \u2611\ufe0f Actualizado por iDecesos\u00ae","robots":{"index":"index","follow":"follow","max-snippet":"max-snippet:-1","max-image-preview":"max-image-preview:large","max-video-preview":"max-video-preview:-1"},"canonical":"https:\/\/idecesos.com\/seguros\/companias\/mgc\/prima-nivelada\/","og_locale":"es_ES","og_type":"article","og_title":"Seguro Decesos MGC Prima Nivelada \u25b7 Opiniones y Precio 2026","og_description":"Click aqu\u00ed \u3010Seguro de Decesos Prima Nivelada MGC\u3011 Mejores precios MGC seguro de fallecidos Prima Nivelada \u2611\ufe0f Actualizado por iDecesos\u00ae","og_url":"https:\/\/idecesos.com\/seguros\/companias\/mgc\/prima-nivelada\/","article_modified_time":"2022-01-03T12:31:07+00:00","twitter_card":"summary_large_image","twitter_misc":{"Tiempo de lectura":"57 minutos"},"schema":{"@context":"https:\/\/schema.org","@graph":[{"@type":"WebPage","@id":"https:\/\/idecesos.com\/seguros\/companias\/mgc\/prima-nivelada\/","url":"https:\/\/idecesos.com\/seguros\/companias\/mgc\/prima-nivelada\/","name":"Seguro Decesos MGC Prima Nivelada \u25b7 Opiniones y Precio 2026","isPartOf":{"@id":"https:\/\/idecesos.com\/seguros\/#website"},"datePublished":"2021-11-25T00:00:00+00:00","dateModified":"2022-01-03T12:31:07+00:00","description":"Click aqu\u00ed \u3010Seguro de Decesos Prima Nivelada MGC\u3011 Mejores precios MGC seguro de fallecidos Prima Nivelada \u2611\ufe0f Actualizado por iDecesos\u00ae","breadcrumb":{"@id":"https:\/\/idecesos.com\/seguros\/companias\/mgc\/prima-nivelada\/#breadcrumb"},"inLanguage":"es","potentialAction":[{"@type":"ReadAction","target":["https:\/\/idecesos.com\/seguros\/companias\/mgc\/prima-nivelada\/"]}]},{"@type":"BreadcrumbList","@id":"https:\/\/idecesos.com\/seguros\/companias\/mgc\/prima-nivelada\/#breadcrumb","itemListElement":[{"@type":"ListItem","position":1,"name":"Portada","item":"https:\/\/idecesos.com\/seguros\/"},{"@type":"ListItem","position":2,"name":"Compa\u00f1\u00edas de Seguros de Decesos en Espa\u00f1a","item":"https:\/\/idecesos.com\/seguros\/companias\/"},{"@type":"ListItem","position":3,"name":"Seguros de decesos MGC","item":"https:\/\/idecesos.com\/seguros\/companias\/mgc\/"},{"@type":"ListItem","position":4,"name":"Seguro de decesos MGC Prima Nivelada"}]},{"@type":"WebSite","@id":"https:\/\/idecesos.com\/seguros\/#website","url":"https:\/\/idecesos.com\/seguros\/","name":"","description":"","potentialAction":[{"@type":"SearchAction","target":{"@type":"EntryPoint","urlTemplate":"https:\/\/idecesos.com\/seguros\/?s={search_term_string}"},"query-input":{"@type":"PropertyValueSpecification","valueRequired":true,"valueName":"search_term_string"}}],"inLanguage":"es"}]}},"_links":{"self":[{"href":"https:\/\/idecesos.com\/seguros\/wp-json\/wp\/v2\/pages\/11748","targetHints":{"allow":["GET"]}}],"collection":[{"href":"https:\/\/idecesos.com\/seguros\/wp-json\/wp\/v2\/pages"}],"about":[{"href":"https:\/\/idecesos.com\/seguros\/wp-json\/wp\/v2\/types\/page"}],"author":[{"embeddable":true,"href":"https:\/\/idecesos.com\/seguros\/wp-json\/wp\/v2\/users\/3"}],"replies":[{"embeddable":true,"href":"https:\/\/idecesos.com\/seguros\/wp-json\/wp\/v2\/comments?post=11748"}],"version-history":[{"count":1,"href":"https:\/\/idecesos.com\/seguros\/wp-json\/wp\/v2\/pages\/11748\/revisions"}],"predecessor-version":[{"id":13263,"href":"https:\/\/idecesos.com\/seguros\/wp-json\/wp\/v2\/pages\/11748\/revisions\/13263"}],"up":[{"embeddable":true,"href":"https:\/\/idecesos.com\/seguros\/wp-json\/wp\/v2\/pages\/9472"}],"wp:attachment":[{"href":"https:\/\/idecesos.com\/seguros\/wp-json\/wp\/v2\/media?parent=11748"}],"curies":[{"name":"wp","href":"https:\/\/api.w.org\/{rel}","templated":true}]}}