{"id":11749,"date":"2021-11-25T00:00:00","date_gmt":"2021-11-25T00:00:00","guid":{"rendered":"https:\/\/idecesos.com\/seguros\/?page_id=11749"},"modified":"2022-01-03T12:31:03","modified_gmt":"2022-01-03T12:31:03","slug":"prima-nivelada","status":"publish","type":"page","link":"https:\/\/idecesos.com\/seguros\/companias\/la-paz\/prima-nivelada\/","title":{"rendered":"Seguro de decesos La Paz Prima Nivelada"},"content":{"rendered":"<div id=\"ez-toc-container\" class=\"ez-toc-v2_0_82_2 ez-toc-wrap-center counter-hierarchy ez-toc-counter ez-toc-custom ez-toc-container-direction\">\n<div class=\"ez-toc-title-container\">\n<p class=\"ez-toc-title\" style=\"cursor:inherit\">Tabla de Contenido<\/p>\n<span class=\"ez-toc-title-toggle\"><a href=\"#\" class=\"ez-toc-pull-right ez-toc-btn ez-toc-btn-xs ez-toc-btn-default ez-toc-toggle\" aria-label=\"Alternar tabla de contenidos\"><span class=\"ez-toc-js-icon-con\"><span class=\"\"><span class=\"eztoc-hide\" style=\"display:none;\">Toggle<\/span><span class=\"ez-toc-icon-toggle-span\"><svg style=\"fill: #db6415;color:#db6415\" xmlns=\"http:\/\/www.w3.org\/2000\/svg\" class=\"list-377408\" width=\"20px\" height=\"20px\" viewBox=\"0 0 24 24\" fill=\"none\"><path d=\"M6 6H4v2h2V6zm14 0H8v2h12V6zM4 11h2v2H4v-2zm16 0H8v2h12v-2zM4 16h2v2H4v-2zm16 0H8v2h12v-2z\" fill=\"currentColor\"><\/path><\/svg><svg style=\"fill: #db6415;color:#db6415\" class=\"arrow-unsorted-368013\" xmlns=\"http:\/\/www.w3.org\/2000\/svg\" width=\"10px\" height=\"10px\" viewBox=\"0 0 24 24\" version=\"1.2\" baseProfile=\"tiny\"><path d=\"M18.2 9.3l-6.2-6.3-6.2 6.3c-.2.2-.3.4-.3.7s.1.5.3.7c.2.2.4.3.7.3h11c.3 0 .5-.1.7-.3.2-.2.3-.5.3-.7s-.1-.5-.3-.7zM5.8 14.7l6.2 6.3 6.2-6.3c.2-.2.3-.5.3-.7s-.1-.5-.3-.7c-.2-.2-.4-.3-.7-.3h-11c-.3 0-.5.1-.7.3-.2.2-.3.5-.3.7s.1.5.3.7z\"\/><\/svg><\/span><\/span><\/span><\/a><\/span><\/div>\n<nav><ul class='ez-toc-list ez-toc-list-level-1 ' ><li class='ez-toc-page-1 ez-toc-heading-level-2'><a class=\"ez-toc-link ez-toc-heading-1\" href=\"https:\/\/idecesos.com\/seguros\/companias\/la-paz\/prima-nivelada\/#Coberturas_seguro_Prima_Nivelada_La_Paz\" >Coberturas seguro Prima Nivelada La Paz<\/a><ul class='ez-toc-list-level-3' ><li class='ez-toc-heading-level-3'><a class=\"ez-toc-link ez-toc-heading-2\" href=\"https:\/\/idecesos.com\/seguros\/companias\/la-paz\/prima-nivelada\/#%C2%BFA_quien_va_dirigido_el_seguro_de_decesos_Prima_Nivelada_de_La_Paz\" >\u00bfA qui\u00e9n va dirigido el seguro de decesos Prima Nivelada de La Paz?<\/a><\/li><\/ul><\/li><li class='ez-toc-page-1 ez-toc-heading-level-2'><a class=\"ez-toc-link ez-toc-heading-3\" href=\"https:\/\/idecesos.com\/seguros\/companias\/la-paz\/prima-nivelada\/#Precio_de_seguro_de_decesos_Prima_Nivelada_La_Paz\" >Precio de seguro de decesos Prima Nivelada La Paz<\/a><\/li><li class='ez-toc-page-1 ez-toc-heading-level-2'><a class=\"ez-toc-link ez-toc-heading-4\" href=\"https:\/\/idecesos.com\/seguros\/companias\/la-paz\/prima-nivelada\/#Productos_Prima_Nivelada_La_Paz\" >Productos Prima Nivelada La Paz<\/a><\/li><li class='ez-toc-page-1 ez-toc-heading-level-2'><a class=\"ez-toc-link ez-toc-heading-5\" href=\"https:\/\/idecesos.com\/seguros\/companias\/la-paz\/prima-nivelada\/#Opiniones_del_seguro_de_decesos_de_Prima_Nivelada_de_La_Paz\" >Opiniones del seguro de decesos de Prima Nivelada de La Paz<\/a><ul class='ez-toc-list-level-3' ><li class='ez-toc-heading-level-3'><a class=\"ez-toc-link ez-toc-heading-6\" href=\"https:\/\/idecesos.com\/seguros\/companias\/la-paz\/prima-nivelada\/#Paginas_relacionadas\" >P\u00e1ginas relacionadas<\/a><\/li><\/ul><\/li><\/ul><\/nav><\/div>\n\n<p>Cada cliente que se sostenga leal a la La Paz va a contar con un servicio en su variedades de prima constante en el seguro de decesos de prima nivelada de La Paz, dentro del inicio de la compa\u00f1\u00eda. Tambi\u00e9n, para las actualizaciones posteriores de la suma asegurada presente en el contrato se aplicar\u00e1 una tasa estable conforme a la edad con la que contrat\u00f3 por primera vez con La Paz. En el c\u00e1lculo de la compa\u00f1\u00eda de forma imprevista la p\u00f3liza agregar\u00e1 una tasa continua adecuada a la edad conseguida. <\/p>\n<p>Leer m\u00e1s: <a href=\"https:\/\/idecesos.com\/seguros\/tipo\/nivelada\/\">Seguro de decesos Prima Nivelada<\/a><\/p>\n<div class=\"colorf \"  ><div class=\"container clearfix\"><div class=\"col-md-7\"><\/p>\n<h2><span class=\"ez-toc-section\" id=\"Coberturas_seguro_Prima_Nivelada_La_Paz\"><\/span>Coberturas seguro Prima Nivelada La Paz<span class=\"ez-toc-section-end\"><\/span><\/h2>\n<p>Los clientes cuando efect\u00faan la contrataci\u00f3n de La Paz adem\u00e1s de contar con las coberturas convenientes y m\u00e1s deseadas por los clientes del servicio, el seguro f\u00fanebre de La Paz da los mejores servicios completos con una enorme profesionalidad. El asegurado tendr\u00e1 libre elecci\u00f3n de sepelio o bien incineraci\u00f3n, se encargasen de las gestiones administrativas de forma legal y que todo se realice en el momento en que muere el adjudicatario. Cuando ocurra esa situaci\u00f3n, las gestiones pertinentes sobre el fallecido va a ser lo que hayan elegido los familiares ya sea por costumbres o culturas. En el fondo de seguros cuenta con un presupuesto amoldado para cada usuario, quedando ajustado a su medida en todo momento. Es una herramienta importante contar con un comparador de seguros en iDecesos tendr\u00e1s todas y cada una de las coberturas a su alcance del seguro funerario m\u00e1s distinguido a nivel La Paz se destaca por el hecho de que contempla las distintas opciones que vas a poder preguntar toda la informaci\u00f3n que necesites de cada producto. Cada documento debe de contener informaci\u00f3n, donde vayan las condiciones explicadas como las que no van a ir incluidas. <\/p>\n<p><\/div><\/div><\/div>\n<h3><span class=\"ez-toc-section\" id=\"%C2%BFA_quien_va_dirigido_el_seguro_de_decesos_Prima_Nivelada_de_La_Paz\"><\/span>\u00bfA qui\u00e9n va dirigido el seguro de decesos Prima Nivelada de La Paz?<span class=\"ez-toc-section-end\"><\/span><\/h3>\n<p>\u00bfQue es el seguro de prima nivelada de La Paz ? Est\u00e1 dise\u00f1ada para ser asequible para personas de cualquier nivel de ingresos. La mayor parte que realiza este contrato son personas mayores que tienen en cuenta que con los a\u00f1os no desean que siga medrando las primas de la p\u00f3liza. Las creencias de los clientes en La Paz es esta modalidad espec\u00edficamente es de las m\u00e1s valorada por esta raz\u00f3n que todos lo adquieren. <\/p>\n<div class=\"colorf \"  ><div class=\"container clearfix\"><div class=\"col-md-7\"><\/p>\n<h2><span class=\"ez-toc-section\" id=\"Precio_de_seguro_de_decesos_Prima_Nivelada_La_Paz\"><\/span>Precio de seguro de decesos Prima Nivelada La Paz<span class=\"ez-toc-section-end\"><\/span><\/h2>\n<p>La prima nivelada de La Paz se estima que es desde 5,10\u20ac. Dependiendo de las diferentes caracter\u00edsticas como es el caso de la edad de la que siempre y en toda circunstancia ser\u00e1 continua. Dentro de iDecesos los datos son m\u00e1s f\u00e1ciles de comprender, con lo que en el momento de la comparativa no tendr\u00e1s ning\u00fan problema en entenderlo, te resultar\u00e1 considerablemente m\u00e1s r\u00e1pido. <\/p>\n<p><\/div><\/div><\/div>\n<h2><span class=\"ez-toc-section\" id=\"Productos_Prima_Nivelada_La_Paz\"><\/span>Productos Prima Nivelada La Paz<span class=\"ez-toc-section-end\"><\/span><\/h2>\n<div class=\"colorf\"><div class=\"container clearfix\"><div class=\"col-md-7\"><div class=\"opiniones\">\n<h2><span class=\"ez-toc-section\" id=\"Opiniones_del_seguro_de_decesos_de_Prima_Nivelada_de_La_Paz\"><\/span>Opiniones del seguro de decesos de Prima Nivelada de La Paz<span class=\"ez-toc-section-end\"><\/span><\/h2>\n<p>Las opiniones del seguro de prima nivelada de La Paz por la parte de iDecesos comparador experto en seguros de defunci\u00f3n, es muy favorable. Est\u00e1 determinado por un pormenorizado an\u00e1lisis que se realiza en profundidad, obteniendo datos del resto compa\u00f1\u00edas de seguros que asimismo ofrecen prima nivelada. <\/p>\n<div class=\"opinion \"  >\n\t\t\t<div class=\"cabecera_opinion\">\n\t\t\t\t<div class=\"avatar\">F U <\/div>\n\t\t\t\t<div class=\"datos_opinion\">\n\t\t\t\t\t<div class=\"nombre_opinion\">Filomena Ure\u00f1a<\/div>\n\t\t\t\t\t<div class=\"info_opinion\">\t\t\t\t\t\t\n\t\t\t\t\t\t<div class=\"cuenta_opinion\"><i class=\"fas fa-pencil-alt\"><\/i><!--span class=\"dashicons dashicons-edit\" style=\"font-size:20px\"><\/span--><span>1 Opini\u00f3n<\/span><\/div>\t\t\t\t\t\t\n\t\t\t\t\t\t<div class=\"localizacion_opinion\">\n\t\t\t\t\t\t\t<i class=\"fas fa-map-marker-alt\"><\/i><!--span class=\"dashicons dashicons-location\" style=\"font-size:20px\"><\/span-->\n\t\t\t\t\t\t\t<span>ES<\/span>\n\t\t\t\t\t\t<\/div>\t\n\t\t\t\t\t<\/div>\n\t\t\t\t<\/div>\n\t\t\t<\/div><div class=\"texto_opinion\"><\/p>\n<p>Un compa\u00f1ero de trabajo me habl\u00f3 de La Paz por lo que en ese momento me sorprendi\u00f3 bastante por lo que bien que estaba con esa empresa aseguradora, me puse en contacto con ellos de inmediato, y un asesor se encarg\u00f3 de toda la tramitaci\u00f3n de forma inmediata, haciendo muy f\u00e1cil la contrataci\u00f3n de la p\u00f3liza de prima nivelada de La Paz. <\/p>\n<p><\/div><\/div>\n<div class=\"opinion \"  >\n\t\t\t<div class=\"cabecera_opinion\">\n\t\t\t\t<div class=\"avatar\">E B <\/div>\n\t\t\t\t<div class=\"datos_opinion\">\n\t\t\t\t\t<div class=\"nombre_opinion\">Eduardo Bl\u00e1zquez<\/div>\n\t\t\t\t\t<div class=\"info_opinion\">\t\t\t\t\t\t\n\t\t\t\t\t\t<div class=\"cuenta_opinion\"><i class=\"fas fa-pencil-alt\"><\/i><!--span class=\"dashicons dashicons-edit\" style=\"font-size:20px\"><\/span--><span>1 Opini\u00f3n<\/span><\/div>\t\t\t\t\t\t\n\t\t\t\t\t\t<div class=\"localizacion_opinion\">\n\t\t\t\t\t\t\t<i class=\"fas fa-map-marker-alt\"><\/i><!--span class=\"dashicons dashicons-location\" style=\"font-size:20px\"><\/span-->\n\t\t\t\t\t\t\t<span>ES<\/span>\n\t\t\t\t\t\t<\/div>\t\n\t\t\t\t\t<\/div>\n\t\t\t\t<\/div>\n\t\t\t<\/div><div class=\"texto_opinion\"><\/p>\n<p>Me informe previamente amigos no bien conocidos que tuvieran contratada la prima nivelada de La Paz para asegurarme que tal funcionaba, me puse en contacto con ellos y qued\u00e9 encantada con el servicio que recib\u00ed. De los mejores servicios de atenci\u00f3n que tienen es la asistencia telef\u00f3nica, que solucionan cualquier problema inmediatamente, por lo que resulta m\u00e1s sencillo, dando tantas ventajas en ese momento tan doloroso. <\/p>\n<p><\/div><\/div>\n<div class=\"opinion \"  >\n\t\t\t<div class=\"cabecera_opinion\">\n\t\t\t\t<div class=\"avatar\">P S <\/div>\n\t\t\t\t<div class=\"datos_opinion\">\n\t\t\t\t\t<div class=\"nombre_opinion\">Pilar Sierra<\/div>\n\t\t\t\t\t<div class=\"info_opinion\">\t\t\t\t\t\t\n\t\t\t\t\t\t<div class=\"cuenta_opinion\"><i class=\"fas fa-pencil-alt\"><\/i><!--span class=\"dashicons dashicons-edit\" style=\"font-size:20px\"><\/span--><span>1 Opini\u00f3n<\/span><\/div>\t\t\t\t\t\t\n\t\t\t\t\t\t<div class=\"localizacion_opinion\">\n\t\t\t\t\t\t\t<i class=\"fas fa-map-marker-alt\"><\/i><!--span class=\"dashicons dashicons-location\" style=\"font-size:20px\"><\/span-->\n\t\t\t\t\t\t\t<span>ES<\/span>\n\t\t\t\t\t\t<\/div>\t\n\t\t\t\t\t<\/div>\n\t\t\t\t<\/div>\n\t\t\t<\/div><div class=\"texto_opinion\"><\/p>\n<p>Estaba dudando de cual ser\u00eda el que mejor cobertura tuviera, por lo que unos amigos me aconsejaron la prima nivelada de La Paz, desde entonces he recibido una atenci\u00f3n muy personalizada, han resuelto al instante cualquier incidencia que ha ocurrido. Una de los peores momentos se dio cuando muri\u00f3 mi t\u00edo tras que efectu\u00f3 la p\u00f3liza de un 1 a\u00f1o aproximadamente, solventaron al detalle y de una manera muy eficiente como veloz. <\/p>\n<p><\/div><\/div>\n<\/div><\/div><\/div><\/div>\n<p><div class=\"oficinas\"><br \/>\n<h3><span class=\"ez-toc-section\" id=\"Paginas_relacionadas\"><\/span>P\u00e1ginas relacionadas<span class=\"ez-toc-section-end\"><\/span><\/h3><div class=\"enlazado\"><ul> <li><a href=\"https:\/\/idecesos.com\/seguros\/companias\/la-paz\/opiniones\/\">Opiniones La Paz<\/a><\/li> <li><a href=\"https:\/\/idecesos.com\/seguros\/companias\/la-paz\/precio\/\">Precio seguro La Paz<\/a><\/li> <li><a href=\"https:\/\/idecesos.com\/seguros\/companias\/la-paz\/prima-mixta\/\">La Paz Prima Mixta<\/a><\/li> <li><a href=\"https:\/\/idecesos.com\/seguros\/companias\/la-paz\/prima-natural\/\">La Paz Prima Natural<\/a><\/li> <li><a href=\"https:\/\/idecesos.com\/seguros\/companias\/la-paz\/prima-nivelada\/\">La Paz Prima Nivelada<\/a><\/li> <li><a href=\"https:\/\/idecesos.com\/seguros\/companias\/la-paz\/prima-unica\/\">La Paz Prima \u00danica<\/a><\/li> <li><a href=\"https:\/\/idecesos.com\/seguros\/companias\/la-paz\/repatriacion\/\">La Paz Repatriaci\u00f3n<\/a><\/li> <li><a href=\"https:\/\/idecesos.com\/seguros\/companias\/la-paz\/telefono\/\">Tel\u00e9fono Gratuito La Paz<\/a><\/li><\/ul><\/div><\/p>\n<\/div>\n","protected":false},"excerpt":{"rendered":"<p>Cada cliente que se sostenga leal a la La Paz va a contar con un servicio en su variedades de prima constante en el seguro de decesos de prima nivelada de La Paz, dentro del inicio de la compa\u00f1\u00eda. Tambi\u00e9n, para las actualizaciones posteriores de la suma asegurada presente en el contrato se aplicar\u00e1 una&hellip; <\/p>\n","protected":false},"author":3,"featured_media":0,"parent":9475,"menu_order":0,"comment_status":"closed","ping_status":"closed","template":"single.php","meta":{"footnotes":""},"class_list":["post-11749","page","type-page","status-publish","hentry"],"yoast_head":"<!-- This site is optimized with the Yoast SEO plugin v27.3 - https:\/\/yoast.com\/product\/yoast-seo-wordpress\/ -->\n<title>Seguro Decesos La Paz Prima Nivelada \u25b7 Opiniones y Precio 2026<\/title>\n<meta name=\"description\" content=\"Click aqu\u00ed \u3010Seguro de Decesos Prima Nivelada La Paz\u3011 Mejores precios La Paz seguro de fallecidos Prima Nivelada \u2611\ufe0f Actualizado por iDecesos\u00ae\" \/>\n<meta name=\"robots\" content=\"index, follow, max-snippet:-1, max-image-preview:large, max-video-preview:-1\" \/>\n<link rel=\"canonical\" href=\"https:\/\/idecesos.com\/seguros\/companias\/la-paz\/prima-nivelada\/\" \/>\n<meta property=\"og:locale\" content=\"es_ES\" \/>\n<meta property=\"og:type\" content=\"article\" \/>\n<meta property=\"og:title\" content=\"Seguro Decesos La Paz Prima Nivelada \u25b7 Opiniones y Precio 2026\" \/>\n<meta property=\"og:description\" content=\"Click aqu\u00ed \u3010Seguro de Decesos Prima Nivelada La Paz\u3011 Mejores precios La Paz seguro de fallecidos Prima Nivelada \u2611\ufe0f Actualizado por iDecesos\u00ae\" \/>\n<meta property=\"og:url\" content=\"https:\/\/idecesos.com\/seguros\/companias\/la-paz\/prima-nivelada\/\" \/>\n<meta property=\"article:modified_time\" content=\"2022-01-03T12:31:03+00:00\" \/>\n<meta name=\"twitter:card\" content=\"summary_large_image\" \/>\n<meta name=\"twitter:label1\" content=\"Tiempo de lectura\" \/>\n\t<meta name=\"twitter:data1\" content=\"57 minutos\" \/>\n<script type=\"application\/ld+json\" class=\"yoast-schema-graph\">{\"@context\":\"https:\\\/\\\/schema.org\",\"@graph\":[{\"@type\":\"WebPage\",\"@id\":\"https:\\\/\\\/idecesos.com\\\/seguros\\\/companias\\\/la-paz\\\/prima-nivelada\\\/\",\"url\":\"https:\\\/\\\/idecesos.com\\\/seguros\\\/companias\\\/la-paz\\\/prima-nivelada\\\/\",\"name\":\"Seguro Decesos La Paz Prima Nivelada \u25b7 Opiniones y Precio 2026\",\"isPartOf\":{\"@id\":\"https:\\\/\\\/idecesos.com\\\/seguros\\\/#website\"},\"datePublished\":\"2021-11-25T00:00:00+00:00\",\"dateModified\":\"2022-01-03T12:31:03+00:00\",\"description\":\"Click aqu\u00ed \u3010Seguro de Decesos Prima Nivelada La Paz\u3011 Mejores precios La Paz seguro de fallecidos Prima Nivelada \u2611\ufe0f Actualizado por iDecesos\u00ae\",\"breadcrumb\":{\"@id\":\"https:\\\/\\\/idecesos.com\\\/seguros\\\/companias\\\/la-paz\\\/prima-nivelada\\\/#breadcrumb\"},\"inLanguage\":\"es\",\"potentialAction\":[{\"@type\":\"ReadAction\",\"target\":[\"https:\\\/\\\/idecesos.com\\\/seguros\\\/companias\\\/la-paz\\\/prima-nivelada\\\/\"]}]},{\"@type\":\"BreadcrumbList\",\"@id\":\"https:\\\/\\\/idecesos.com\\\/seguros\\\/companias\\\/la-paz\\\/prima-nivelada\\\/#breadcrumb\",\"itemListElement\":[{\"@type\":\"ListItem\",\"position\":1,\"name\":\"Portada\",\"item\":\"https:\\\/\\\/idecesos.com\\\/seguros\\\/\"},{\"@type\":\"ListItem\",\"position\":2,\"name\":\"Compa\u00f1\u00edas de Seguros de Decesos en Espa\u00f1a\",\"item\":\"https:\\\/\\\/idecesos.com\\\/seguros\\\/companias\\\/\"},{\"@type\":\"ListItem\",\"position\":3,\"name\":\"Seguros de decesos La Paz\",\"item\":\"https:\\\/\\\/idecesos.com\\\/seguros\\\/companias\\\/la-paz\\\/\"},{\"@type\":\"ListItem\",\"position\":4,\"name\":\"Seguro de decesos La Paz Prima Nivelada\"}]},{\"@type\":\"WebSite\",\"@id\":\"https:\\\/\\\/idecesos.com\\\/seguros\\\/#website\",\"url\":\"https:\\\/\\\/idecesos.com\\\/seguros\\\/\",\"name\":\"\",\"description\":\"\",\"potentialAction\":[{\"@type\":\"SearchAction\",\"target\":{\"@type\":\"EntryPoint\",\"urlTemplate\":\"https:\\\/\\\/idecesos.com\\\/seguros\\\/?s={search_term_string}\"},\"query-input\":{\"@type\":\"PropertyValueSpecification\",\"valueRequired\":true,\"valueName\":\"search_term_string\"}}],\"inLanguage\":\"es\"}]}<\/script>\n<!-- \/ Yoast SEO plugin. -->","yoast_head_json":{"title":"Seguro Decesos La Paz Prima Nivelada \u25b7 Opiniones y Precio 2026","description":"Click aqu\u00ed \u3010Seguro de Decesos Prima Nivelada La Paz\u3011 Mejores precios La Paz seguro de fallecidos Prima Nivelada \u2611\ufe0f Actualizado por iDecesos\u00ae","robots":{"index":"index","follow":"follow","max-snippet":"max-snippet:-1","max-image-preview":"max-image-preview:large","max-video-preview":"max-video-preview:-1"},"canonical":"https:\/\/idecesos.com\/seguros\/companias\/la-paz\/prima-nivelada\/","og_locale":"es_ES","og_type":"article","og_title":"Seguro Decesos La Paz Prima Nivelada \u25b7 Opiniones y Precio 2026","og_description":"Click aqu\u00ed \u3010Seguro de Decesos Prima Nivelada La Paz\u3011 Mejores precios La Paz seguro de fallecidos Prima Nivelada \u2611\ufe0f Actualizado por iDecesos\u00ae","og_url":"https:\/\/idecesos.com\/seguros\/companias\/la-paz\/prima-nivelada\/","article_modified_time":"2022-01-03T12:31:03+00:00","twitter_card":"summary_large_image","twitter_misc":{"Tiempo de lectura":"57 minutos"},"schema":{"@context":"https:\/\/schema.org","@graph":[{"@type":"WebPage","@id":"https:\/\/idecesos.com\/seguros\/companias\/la-paz\/prima-nivelada\/","url":"https:\/\/idecesos.com\/seguros\/companias\/la-paz\/prima-nivelada\/","name":"Seguro Decesos La Paz Prima Nivelada \u25b7 Opiniones y Precio 2026","isPartOf":{"@id":"https:\/\/idecesos.com\/seguros\/#website"},"datePublished":"2021-11-25T00:00:00+00:00","dateModified":"2022-01-03T12:31:03+00:00","description":"Click aqu\u00ed \u3010Seguro de Decesos Prima Nivelada La Paz\u3011 Mejores precios La Paz seguro de fallecidos Prima Nivelada \u2611\ufe0f Actualizado por iDecesos\u00ae","breadcrumb":{"@id":"https:\/\/idecesos.com\/seguros\/companias\/la-paz\/prima-nivelada\/#breadcrumb"},"inLanguage":"es","potentialAction":[{"@type":"ReadAction","target":["https:\/\/idecesos.com\/seguros\/companias\/la-paz\/prima-nivelada\/"]}]},{"@type":"BreadcrumbList","@id":"https:\/\/idecesos.com\/seguros\/companias\/la-paz\/prima-nivelada\/#breadcrumb","itemListElement":[{"@type":"ListItem","position":1,"name":"Portada","item":"https:\/\/idecesos.com\/seguros\/"},{"@type":"ListItem","position":2,"name":"Compa\u00f1\u00edas de Seguros de Decesos en Espa\u00f1a","item":"https:\/\/idecesos.com\/seguros\/companias\/"},{"@type":"ListItem","position":3,"name":"Seguros de decesos La Paz","item":"https:\/\/idecesos.com\/seguros\/companias\/la-paz\/"},{"@type":"ListItem","position":4,"name":"Seguro de decesos La Paz Prima Nivelada"}]},{"@type":"WebSite","@id":"https:\/\/idecesos.com\/seguros\/#website","url":"https:\/\/idecesos.com\/seguros\/","name":"","description":"","potentialAction":[{"@type":"SearchAction","target":{"@type":"EntryPoint","urlTemplate":"https:\/\/idecesos.com\/seguros\/?s={search_term_string}"},"query-input":{"@type":"PropertyValueSpecification","valueRequired":true,"valueName":"search_term_string"}}],"inLanguage":"es"}]}},"_links":{"self":[{"href":"https:\/\/idecesos.com\/seguros\/wp-json\/wp\/v2\/pages\/11749","targetHints":{"allow":["GET"]}}],"collection":[{"href":"https:\/\/idecesos.com\/seguros\/wp-json\/wp\/v2\/pages"}],"about":[{"href":"https:\/\/idecesos.com\/seguros\/wp-json\/wp\/v2\/types\/page"}],"author":[{"embeddable":true,"href":"https:\/\/idecesos.com\/seguros\/wp-json\/wp\/v2\/users\/3"}],"replies":[{"embeddable":true,"href":"https:\/\/idecesos.com\/seguros\/wp-json\/wp\/v2\/comments?post=11749"}],"version-history":[{"count":1,"href":"https:\/\/idecesos.com\/seguros\/wp-json\/wp\/v2\/pages\/11749\/revisions"}],"predecessor-version":[{"id":13264,"href":"https:\/\/idecesos.com\/seguros\/wp-json\/wp\/v2\/pages\/11749\/revisions\/13264"}],"up":[{"embeddable":true,"href":"https:\/\/idecesos.com\/seguros\/wp-json\/wp\/v2\/pages\/9475"}],"wp:attachment":[{"href":"https:\/\/idecesos.com\/seguros\/wp-json\/wp\/v2\/media?parent=11749"}],"curies":[{"name":"wp","href":"https:\/\/api.w.org\/{rel}","templated":true}]}}