{"id":11750,"date":"2021-11-25T00:00:00","date_gmt":"2021-11-25T00:00:00","guid":{"rendered":"https:\/\/idecesos.com\/seguros\/?page_id=11750"},"modified":"2022-04-06T19:13:38","modified_gmt":"2022-04-06T19:13:38","slug":"prima-mixta","status":"publish","type":"page","link":"https:\/\/idecesos.com\/seguros\/companias\/agrupacio-mutua\/prima-mixta\/","title":{"rendered":"Seguro de decesos Agrupaci\u00f3 Mutua Prima Mixta"},"content":{"rendered":"<div id=\"ez-toc-container\" class=\"ez-toc-v2_0_82_2 ez-toc-wrap-center counter-hierarchy ez-toc-counter ez-toc-custom ez-toc-container-direction\">\n<div class=\"ez-toc-title-container\">\n<p class=\"ez-toc-title\" style=\"cursor:inherit\">Tabla de Contenido<\/p>\n<span class=\"ez-toc-title-toggle\"><a href=\"#\" class=\"ez-toc-pull-right ez-toc-btn ez-toc-btn-xs ez-toc-btn-default ez-toc-toggle\" aria-label=\"Alternar tabla de contenidos\"><span class=\"ez-toc-js-icon-con\"><span class=\"\"><span class=\"eztoc-hide\" style=\"display:none;\">Toggle<\/span><span class=\"ez-toc-icon-toggle-span\"><svg style=\"fill: #db6415;color:#db6415\" xmlns=\"http:\/\/www.w3.org\/2000\/svg\" class=\"list-377408\" width=\"20px\" height=\"20px\" viewBox=\"0 0 24 24\" fill=\"none\"><path d=\"M6 6H4v2h2V6zm14 0H8v2h12V6zM4 11h2v2H4v-2zm16 0H8v2h12v-2zM4 16h2v2H4v-2zm16 0H8v2h12v-2z\" fill=\"currentColor\"><\/path><\/svg><svg style=\"fill: #db6415;color:#db6415\" class=\"arrow-unsorted-368013\" xmlns=\"http:\/\/www.w3.org\/2000\/svg\" width=\"10px\" height=\"10px\" viewBox=\"0 0 24 24\" version=\"1.2\" baseProfile=\"tiny\"><path d=\"M18.2 9.3l-6.2-6.3-6.2 6.3c-.2.2-.3.4-.3.7s.1.5.3.7c.2.2.4.3.7.3h11c.3 0 .5-.1.7-.3.2-.2.3-.5.3-.7s-.1-.5-.3-.7zM5.8 14.7l6.2 6.3 6.2-6.3c.2-.2.3-.5.3-.7s-.1-.5-.3-.7c-.2-.2-.4-.3-.7-.3h-11c-.3 0-.5.1-.7.3-.2.2-.3.5-.3.7s.1.5.3.7z\"\/><\/svg><\/span><\/span><\/span><\/a><\/span><\/div>\n<nav><ul class='ez-toc-list ez-toc-list-level-1 ' ><li class='ez-toc-page-1 ez-toc-heading-level-2'><a class=\"ez-toc-link ez-toc-heading-1\" href=\"https:\/\/idecesos.com\/seguros\/companias\/agrupacio-mutua\/prima-mixta\/#Coberturas_seguro_Prima_Mixta_Agrupacio_Mutua\" >Coberturas seguro Prima Mixta Agrupaci\u00f3 Mutua<\/a><ul class='ez-toc-list-level-3' ><li class='ez-toc-heading-level-3'><a class=\"ez-toc-link ez-toc-heading-2\" href=\"https:\/\/idecesos.com\/seguros\/companias\/agrupacio-mutua\/prima-mixta\/#%C2%BFA_quien_va_dirigido_el_seguro_de_decesos_Prima_Mixta_de_Agrupacio_Mutua\" >\u00bfA qui\u00e9n va dirigido el seguro de decesos Prima Mixta de Agrupaci\u00f3 Mutua?<\/a><\/li><\/ul><\/li><li class='ez-toc-page-1 ez-toc-heading-level-2'><a class=\"ez-toc-link ez-toc-heading-3\" href=\"https:\/\/idecesos.com\/seguros\/companias\/agrupacio-mutua\/prima-mixta\/#Precio_de_seguro_de_decesos_Prima_Mixta_Agrupacio_Mutua\" >Precio de seguro de decesos Prima Mixta Agrupaci\u00f3 Mutua<\/a><\/li><li class='ez-toc-page-1 ez-toc-heading-level-2'><a class=\"ez-toc-link ez-toc-heading-4\" href=\"https:\/\/idecesos.com\/seguros\/companias\/agrupacio-mutua\/prima-mixta\/#Productos_Prima_Mixta_Agrupacio_Mutua\" >Productos Prima Mixta Agrupaci\u00f3 Mutua<\/a><\/li><li class='ez-toc-page-1 ez-toc-heading-level-2'><a class=\"ez-toc-link ez-toc-heading-5\" href=\"https:\/\/idecesos.com\/seguros\/companias\/agrupacio-mutua\/prima-mixta\/#Opiniones_del_seguro_de_decesos_de_Prima_Mixta_de_Agrupacio_Mutua\" >Opiniones del seguro de decesos de Prima Mixta de Agrupaci\u00f3 Mutua<\/a><ul class='ez-toc-list-level-3' ><li class='ez-toc-heading-level-3'><a class=\"ez-toc-link ez-toc-heading-6\" href=\"https:\/\/idecesos.com\/seguros\/companias\/agrupacio-mutua\/prima-mixta\/#Paginas_relacionadas\" >P\u00e1ginas relacionadas<\/a><\/li><\/ul><\/li><\/ul><\/nav><\/div>\n\n<p>Dentro de las diferentes primas, nos hallamos con prima mixta Agrupaci\u00f3 Mutua, ya que es una mezcla de prima nivelada y prima natural. Cuando se llega a una edad determinada la p\u00f3liza va a quedar estable, merced a ello el abono de esto no resultar\u00e1 de forma bastante dif\u00edcil de asumir, ser\u00e1 m\u00e1s accesible proseguir pagando la prima mixta de Agrupaci\u00f3 Mutua. Dentro de los gastos cuenta con la calma de que no ocurrir\u00e1 ninguna alteraci\u00f3n durante el transcurso de los a\u00f1os.<\/p>\n<p>Leer m\u00e1s: <a href=\"https:\/\/idecesos.com\/seguros\/tipo\/mixta\/\">Seguro de decesos Prima Mixta<\/a><\/p>\n<div class=\"colorf \"  ><div class=\"container clearfix\"><div class=\"col-md-7\"><\/p>\n<h2><span class=\"ez-toc-section\" id=\"Coberturas_seguro_Prima_Mixta_Agrupacio_Mutua\"><\/span>Coberturas seguro Prima Mixta Agrupaci\u00f3 Mutua<span class=\"ez-toc-section-end\"><\/span><\/h2>\n<p>Las coberturas de la prima mixta Agrupaci\u00f3 Mutua son muy completas y satisfacen al cliente del servicio m\u00e1s exigente en est\u00e1ndares de calidad. Dentro de todas y cada una de las opiniones, destaca el servicio funerario por Agrupaci\u00f3 Mutua, ya que los clientes lo han valorado como de las mejores coberturas que cuenta dentro de prima mixta Agrupaci\u00f3 Mutua. Dentro de la p\u00f3liza de prima mixta Agrupaci\u00f3 Mutua cuenta con las coberturas que engloban desde el traslado singular, y con todos los complementos como los quedan recogido como son (servicio religioso, asistencia familiar, preparaci\u00f3n de la sala del velatorio para dar el \u00faltimo adi\u00f3s) aparte de adecuar al cad\u00e1ver a fin de que luzca un aspecto m\u00e1s muy elegante. Con lo que va a quedar todo el servicio se realizar\u00e1 de manera detallada, a fin de que quede todo cubierto, en un caso as\u00ed charlamos de las flores, esquelas y el ata\u00fad o incineraci\u00f3n.<\/p>\n<p><\/div><\/div><\/div>\n<h3><span class=\"ez-toc-section\" id=\"%C2%BFA_quien_va_dirigido_el_seguro_de_decesos_Prima_Mixta_de_Agrupacio_Mutua\"><\/span>\u00bfA qui\u00e9n va dirigido el seguro de decesos Prima Mixta de Agrupaci\u00f3 Mutua?<span class=\"ez-toc-section-end\"><\/span><\/h3>\n<p>El seguro de prima mixta Agrupaci\u00f3 Mutua va dirigido a familias o personas en torno a los 50-55 a\u00f1os que se pueden beneficiar del bajo precio de la prima hasta el momento en que llegue a cierta edad y se estabilice sin tener que adelantar dinero por su sepelio como en la prima nivelada. Una de las modalidades se\u00f1aladas de prima mixta Agrupaci\u00f3 Mutua es el conjunto de prima nivelada y natural donde cuenta como una ventaja para cada uno de ellos de sus clientes.<\/p>\n<div class=\"colorf \"  ><div class=\"container clearfix\"><div class=\"col-md-7\"><\/p>\n<h2><span class=\"ez-toc-section\" id=\"Precio_de_seguro_de_decesos_Prima_Mixta_Agrupacio_Mutua\"><\/span>Precio de seguro de decesos Prima Mixta Agrupaci\u00f3 Mutua<span class=\"ez-toc-section-end\"><\/span><\/h2>\n<p>El seguro de decesos de prima mixta Agrupaci\u00f3 Mutua su coste es desde 2\u20ac mensualmente. El an\u00e1lisis del c\u00e1lculo se tomar\u00e1 en cuenta ciertos factores siendo una de las m\u00e1s representativa la edad o bien donde radique la persona. No obstante, podemos asegurarse que el mejor coste de seguros de decesos de prima mixta Agrupaci\u00f3 Mutua es de los m\u00e1s asequibles a nivel nacional. Si con esto, no te quedas apacible, efect\u00faa una comparativa de precios de seguros de prima mixta en iDecesos y contrastarlos con el de Agrupaci\u00f3 Mutua, no tardas ni un minuto y lo vas a poder examinar en un vistazo.<\/p>\n<p><\/div><\/div><\/div>\n<h2><span class=\"ez-toc-section\" id=\"Productos_Prima_Mixta_Agrupacio_Mutua\"><\/span>Productos Prima Mixta Agrupaci\u00f3 Mutua<span class=\"ez-toc-section-end\"><\/span><\/h2>\n<div class=\"colorf\"><div class=\"container clearfix\"><div class=\"col-md-7\"><div class=\"opiniones\">\n<h2><span class=\"ez-toc-section\" id=\"Opiniones_del_seguro_de_decesos_de_Prima_Mixta_de_Agrupacio_Mutua\"><\/span>Opiniones del seguro de decesos de Prima Mixta de Agrupaci\u00f3 Mutua<span class=\"ez-toc-section-end\"><\/span><\/h2>\n<p>Extrapolando toda la informaci\u00f3n y un estudio muy pormenorizado por los grandes aconsejes de iDecesos corroboran al 100 por ciento que el mejor seguro de decesos de prima mixta o bien semi natural es de Agrupaci\u00f3 Mutua en tanto que cumplen con las caracter\u00edsticas m\u00e1s importante que cada cliente del servicio requiere para su contrataci\u00f3n.<\/p>\n<div class=\"opinion \"  >\n\t\t\t<div class=\"cabecera_opinion\">\n\t\t\t\t<div class=\"avatar\">C R <\/div>\n\t\t\t\t<div class=\"datos_opinion\">\n\t\t\t\t\t<div class=\"nombre_opinion\">Clarissa Romero<\/div>\n\t\t\t\t\t<div class=\"info_opinion\">\t\t\t\t\t\t\n\t\t\t\t\t\t<div class=\"cuenta_opinion\"><i class=\"fas fa-pencil-alt\"><\/i><!--span class=\"dashicons dashicons-edit\" style=\"font-size:20px\"><\/span--><span>1 Opini\u00f3n<\/span><\/div>\t\t\t\t\t\t\n\t\t\t\t\t\t<div class=\"localizacion_opinion\">\n\t\t\t\t\t\t\t<i class=\"fas fa-map-marker-alt\"><\/i><!--span class=\"dashicons dashicons-location\" style=\"font-size:20px\"><\/span-->\n\t\t\t\t\t\t\t<span>ES<\/span>\n\t\t\t\t\t\t<\/div>\t\n\t\t\t\t\t<\/div>\n\t\t\t\t<\/div>\n\t\t\t<\/div><div class=\"texto_opinion\"><\/p>\n<p>Recomiendo el seguro de prima Mixta de Agrupaci\u00f3 Mutua sin lugar a dudas, porque cuando muri\u00f3 mi abuelo respondieron fenomenal.<\/p>\n<p><\/div><\/div>\n<div class=\"opinion \"  >\n\t\t\t<div class=\"cabecera_opinion\">\n\t\t\t\t<div class=\"avatar\">R C <\/div>\n\t\t\t\t<div class=\"datos_opinion\">\n\t\t\t\t\t<div class=\"nombre_opinion\">Raquel Cabo<\/div>\n\t\t\t\t\t<div class=\"info_opinion\">\t\t\t\t\t\t\n\t\t\t\t\t\t<div class=\"cuenta_opinion\"><i class=\"fas fa-pencil-alt\"><\/i><!--span class=\"dashicons dashicons-edit\" style=\"font-size:20px\"><\/span--><span>1 Opini\u00f3n<\/span><\/div>\t\t\t\t\t\t\n\t\t\t\t\t\t<div class=\"localizacion_opinion\">\n\t\t\t\t\t\t\t<i class=\"fas fa-map-marker-alt\"><\/i><!--span class=\"dashicons dashicons-location\" style=\"font-size:20px\"><\/span-->\n\t\t\t\t\t\t\t<span>ES<\/span>\n\t\t\t\t\t\t<\/div>\t\n\t\t\t\t\t<\/div>\n\t\t\t\t<\/div>\n\t\t\t<\/div><div class=\"texto_opinion\"><\/p>\n<p>Estoy muy agradecida con Agrupaci\u00f3 Mutua por el seguro de prima Mixta, que el servicio que me dieron fue excepcional, haci\u00e9ndonos todo el proceso del duelo m\u00e1s sencillo y c\u00f3modo.<\/p>\n<p><\/div><\/div>\n<div class=\"opinion \"  >\n\t\t\t<div class=\"cabecera_opinion\">\n\t\t\t\t<div class=\"avatar\">A G <\/div>\n\t\t\t\t<div class=\"datos_opinion\">\n\t\t\t\t\t<div class=\"nombre_opinion\">Am\u00e9rico Gelabert<\/div>\n\t\t\t\t\t<div class=\"info_opinion\">\t\t\t\t\t\t\n\t\t\t\t\t\t<div class=\"cuenta_opinion\"><i class=\"fas fa-pencil-alt\"><\/i><!--span class=\"dashicons dashicons-edit\" style=\"font-size:20px\"><\/span--><span>1 Opini\u00f3n<\/span><\/div>\t\t\t\t\t\t\n\t\t\t\t\t\t<div class=\"localizacion_opinion\">\n\t\t\t\t\t\t\t<i class=\"fas fa-map-marker-alt\"><\/i><!--span class=\"dashicons dashicons-location\" style=\"font-size:20px\"><\/span-->\n\t\t\t\t\t\t\t<span>ES<\/span>\n\t\t\t\t\t\t<\/div>\t\n\t\t\t\t\t<\/div>\n\t\t\t\t<\/div>\n\t\t\t<\/div><div class=\"texto_opinion\"><\/p>\n<p>Recomiendo el seguro de decesos de prima Mixta de Agrupaci\u00f3 Mutua, lo contratamos para mi difunto padre y nos dieron un servicio muy apropiado.<\/p>\n<p><\/div><\/div>\n<\/div><\/div><\/div><\/div>\n<p><div class=\"oficinas\"><br \/>\n<!-- Shortcode [agrupaci%c3%b3-mutua-hijas] does not exist --><\/p>\n<p><\/div> <h3><span class=\"ez-toc-section\" id=\"Paginas_relacionadas\"><\/span>P\u00e1ginas relacionadas<span class=\"ez-toc-section-end\"><\/span><\/h3><div class=\"enlazado\"><ul> <li><a href=\"https:\/\/idecesos.com\/seguros\/companias\/agrupacio-mutua\/opiniones\/\">Opiniones Agrupaci\u00f3 Mutua<\/a><\/li> <li><a href=\"https:\/\/idecesos.com\/seguros\/companias\/agrupacio-mutua\/precio\/\">Precio seguro Agrupaci\u00f3 Mutua<\/a><\/li> <li><a href=\"https:\/\/idecesos.com\/seguros\/companias\/agrupacio-mutua\/prima-mixta\/\">Agrupaci\u00f3 Mutua Prima Mixta<\/a><\/li> <li><a href=\"https:\/\/idecesos.com\/seguros\/companias\/agrupacio-mutua\/prima-natural\/\">Agrupaci\u00f3 Mutua Prima Natural<\/a><\/li> <li><a href=\"https:\/\/idecesos.com\/seguros\/companias\/agrupacio-mutua\/prima-nivelada\/\">Agrupaci\u00f3 Mutua Prima Nivelada<\/a><\/li> <li><a href=\"https:\/\/idecesos.com\/seguros\/companias\/agrupacio-mutua\/prima-unica\/\">Agrupaci\u00f3 Mutua Prima \u00danica<\/a><\/li> <li><a href=\"https:\/\/idecesos.com\/seguros\/companias\/agrupacio-mutua\/repatriacion\/\">Agrupaci\u00f3 Mutua Repatriaci\u00f3n<\/a><\/li> <li><a href=\"https:\/\/idecesos.com\/seguros\/companias\/agrupacio-mutua\/telefono\/\">Tel\u00e9fono Gratuito Agrupaci\u00f3 Mutua<\/a><\/li><\/ul><\/div><\/p>\n","protected":false},"excerpt":{"rendered":"<p>Dentro de las diferentes primas, nos hallamos con prima mixta Agrupaci\u00f3 Mutua, ya que es una mezcla de prima nivelada y prima natural. Cuando se llega a una edad determinada la p\u00f3liza va a quedar estable, merced a ello el abono de esto no resultar\u00e1 de forma bastante dif\u00edcil de asumir, ser\u00e1 m\u00e1s accesible proseguir&hellip; <\/p>\n","protected":false},"author":3,"featured_media":0,"parent":9467,"menu_order":0,"comment_status":"closed","ping_status":"closed","template":"single.php","meta":{"footnotes":""},"class_list":["post-11750","page","type-page","status-publish","hentry"],"yoast_head":"<!-- This site is optimized with the Yoast SEO plugin v27.5 - https:\/\/yoast.com\/product\/yoast-seo-wordpress\/ -->\n<title>Seguro Decesos Agrupaci\u00f3 Mutua Prima Mixta \u25b7 Opiniones y Precio 2026<\/title>\n<meta name=\"description\" content=\"Click aqu\u00ed \u3010Seguro de Decesos Prima Mixta Agrupaci\u00f3 Mutua\u3011 Mejores precios Agrupaci\u00f3 Mutua seguro de fallecidos Prima Mixta \u2611\ufe0f Actualizado por iDecesos\u00ae\" \/>\n<meta name=\"robots\" content=\"index, follow, max-snippet:-1, max-image-preview:large, max-video-preview:-1\" \/>\n<link rel=\"canonical\" href=\"https:\/\/idecesos.com\/seguros\/companias\/agrupacio-mutua\/prima-mixta\/\" \/>\n<meta property=\"og:locale\" content=\"es_ES\" \/>\n<meta property=\"og:type\" content=\"article\" \/>\n<meta property=\"og:title\" content=\"Seguro Decesos Agrupaci\u00f3 Mutua Prima Mixta \u25b7 Opiniones y Precio 2026\" \/>\n<meta property=\"og:description\" content=\"Click aqu\u00ed \u3010Seguro de Decesos Prima Mixta Agrupaci\u00f3 Mutua\u3011 Mejores precios Agrupaci\u00f3 Mutua seguro de fallecidos Prima Mixta \u2611\ufe0f Actualizado por iDecesos\u00ae\" \/>\n<meta property=\"og:url\" content=\"https:\/\/idecesos.com\/seguros\/companias\/agrupacio-mutua\/prima-mixta\/\" \/>\n<meta property=\"article:modified_time\" content=\"2022-04-06T19:13:38+00:00\" \/>\n<meta name=\"twitter:card\" content=\"summary_large_image\" \/>\n<meta name=\"twitter:label1\" content=\"Tiempo de lectura\" \/>\n\t<meta name=\"twitter:data1\" content=\"54 minutos\" \/>\n<script type=\"application\/ld+json\" class=\"yoast-schema-graph\">{\"@context\":\"https:\\\/\\\/schema.org\",\"@graph\":[{\"@type\":\"WebPage\",\"@id\":\"https:\\\/\\\/idecesos.com\\\/seguros\\\/companias\\\/agrupacio-mutua\\\/prima-mixta\\\/\",\"url\":\"https:\\\/\\\/idecesos.com\\\/seguros\\\/companias\\\/agrupacio-mutua\\\/prima-mixta\\\/\",\"name\":\"Seguro Decesos Agrupaci\u00f3 Mutua Prima Mixta \u25b7 Opiniones y Precio 2026\",\"isPartOf\":{\"@id\":\"https:\\\/\\\/idecesos.com\\\/seguros\\\/#website\"},\"datePublished\":\"2021-11-25T00:00:00+00:00\",\"dateModified\":\"2022-04-06T19:13:38+00:00\",\"description\":\"Click aqu\u00ed \u3010Seguro de Decesos Prima Mixta Agrupaci\u00f3 Mutua\u3011 Mejores precios Agrupaci\u00f3 Mutua seguro de fallecidos Prima Mixta \u2611\ufe0f Actualizado por iDecesos\u00ae\",\"breadcrumb\":{\"@id\":\"https:\\\/\\\/idecesos.com\\\/seguros\\\/companias\\\/agrupacio-mutua\\\/prima-mixta\\\/#breadcrumb\"},\"inLanguage\":\"es\",\"potentialAction\":[{\"@type\":\"ReadAction\",\"target\":[\"https:\\\/\\\/idecesos.com\\\/seguros\\\/companias\\\/agrupacio-mutua\\\/prima-mixta\\\/\"]}]},{\"@type\":\"BreadcrumbList\",\"@id\":\"https:\\\/\\\/idecesos.com\\\/seguros\\\/companias\\\/agrupacio-mutua\\\/prima-mixta\\\/#breadcrumb\",\"itemListElement\":[{\"@type\":\"ListItem\",\"position\":1,\"name\":\"Portada\",\"item\":\"https:\\\/\\\/idecesos.com\\\/seguros\\\/\"},{\"@type\":\"ListItem\",\"position\":2,\"name\":\"Compa\u00f1\u00edas de Seguros de Decesos en Espa\u00f1a\",\"item\":\"https:\\\/\\\/idecesos.com\\\/seguros\\\/companias\\\/\"},{\"@type\":\"ListItem\",\"position\":3,\"name\":\"Seguro de decesos Agrupaci\u00f3 M\u00fatua\",\"item\":\"https:\\\/\\\/idecesos.com\\\/seguros\\\/companias\\\/agrupacio-mutua\\\/\"},{\"@type\":\"ListItem\",\"position\":4,\"name\":\"Seguro de decesos Agrupaci\u00f3 Mutua Prima Mixta\"}]},{\"@type\":\"WebSite\",\"@id\":\"https:\\\/\\\/idecesos.com\\\/seguros\\\/#website\",\"url\":\"https:\\\/\\\/idecesos.com\\\/seguros\\\/\",\"name\":\"\",\"description\":\"\",\"potentialAction\":[{\"@type\":\"SearchAction\",\"target\":{\"@type\":\"EntryPoint\",\"urlTemplate\":\"https:\\\/\\\/idecesos.com\\\/seguros\\\/?s={search_term_string}\"},\"query-input\":{\"@type\":\"PropertyValueSpecification\",\"valueRequired\":true,\"valueName\":\"search_term_string\"}}],\"inLanguage\":\"es\"}]}<\/script>\n<!-- \/ Yoast SEO plugin. -->","yoast_head_json":{"title":"Seguro Decesos Agrupaci\u00f3 Mutua Prima Mixta \u25b7 Opiniones y Precio 2026","description":"Click aqu\u00ed \u3010Seguro de Decesos Prima Mixta Agrupaci\u00f3 Mutua\u3011 Mejores precios Agrupaci\u00f3 Mutua seguro de fallecidos Prima Mixta \u2611\ufe0f Actualizado por iDecesos\u00ae","robots":{"index":"index","follow":"follow","max-snippet":"max-snippet:-1","max-image-preview":"max-image-preview:large","max-video-preview":"max-video-preview:-1"},"canonical":"https:\/\/idecesos.com\/seguros\/companias\/agrupacio-mutua\/prima-mixta\/","og_locale":"es_ES","og_type":"article","og_title":"Seguro Decesos Agrupaci\u00f3 Mutua Prima Mixta \u25b7 Opiniones y Precio 2026","og_description":"Click aqu\u00ed \u3010Seguro de Decesos Prima Mixta Agrupaci\u00f3 Mutua\u3011 Mejores precios Agrupaci\u00f3 Mutua seguro de fallecidos Prima Mixta \u2611\ufe0f Actualizado por iDecesos\u00ae","og_url":"https:\/\/idecesos.com\/seguros\/companias\/agrupacio-mutua\/prima-mixta\/","article_modified_time":"2022-04-06T19:13:38+00:00","twitter_card":"summary_large_image","twitter_misc":{"Tiempo de lectura":"54 minutos"},"schema":{"@context":"https:\/\/schema.org","@graph":[{"@type":"WebPage","@id":"https:\/\/idecesos.com\/seguros\/companias\/agrupacio-mutua\/prima-mixta\/","url":"https:\/\/idecesos.com\/seguros\/companias\/agrupacio-mutua\/prima-mixta\/","name":"Seguro Decesos Agrupaci\u00f3 Mutua Prima Mixta \u25b7 Opiniones y Precio 2026","isPartOf":{"@id":"https:\/\/idecesos.com\/seguros\/#website"},"datePublished":"2021-11-25T00:00:00+00:00","dateModified":"2022-04-06T19:13:38+00:00","description":"Click aqu\u00ed \u3010Seguro de Decesos Prima Mixta Agrupaci\u00f3 Mutua\u3011 Mejores precios Agrupaci\u00f3 Mutua seguro de fallecidos Prima Mixta \u2611\ufe0f Actualizado por iDecesos\u00ae","breadcrumb":{"@id":"https:\/\/idecesos.com\/seguros\/companias\/agrupacio-mutua\/prima-mixta\/#breadcrumb"},"inLanguage":"es","potentialAction":[{"@type":"ReadAction","target":["https:\/\/idecesos.com\/seguros\/companias\/agrupacio-mutua\/prima-mixta\/"]}]},{"@type":"BreadcrumbList","@id":"https:\/\/idecesos.com\/seguros\/companias\/agrupacio-mutua\/prima-mixta\/#breadcrumb","itemListElement":[{"@type":"ListItem","position":1,"name":"Portada","item":"https:\/\/idecesos.com\/seguros\/"},{"@type":"ListItem","position":2,"name":"Compa\u00f1\u00edas de Seguros de Decesos en Espa\u00f1a","item":"https:\/\/idecesos.com\/seguros\/companias\/"},{"@type":"ListItem","position":3,"name":"Seguro de decesos Agrupaci\u00f3 M\u00fatua","item":"https:\/\/idecesos.com\/seguros\/companias\/agrupacio-mutua\/"},{"@type":"ListItem","position":4,"name":"Seguro de decesos Agrupaci\u00f3 Mutua Prima Mixta"}]},{"@type":"WebSite","@id":"https:\/\/idecesos.com\/seguros\/#website","url":"https:\/\/idecesos.com\/seguros\/","name":"","description":"","potentialAction":[{"@type":"SearchAction","target":{"@type":"EntryPoint","urlTemplate":"https:\/\/idecesos.com\/seguros\/?s={search_term_string}"},"query-input":{"@type":"PropertyValueSpecification","valueRequired":true,"valueName":"search_term_string"}}],"inLanguage":"es"}]}},"_links":{"self":[{"href":"https:\/\/idecesos.com\/seguros\/wp-json\/wp\/v2\/pages\/11750","targetHints":{"allow":["GET"]}}],"collection":[{"href":"https:\/\/idecesos.com\/seguros\/wp-json\/wp\/v2\/pages"}],"about":[{"href":"https:\/\/idecesos.com\/seguros\/wp-json\/wp\/v2\/types\/page"}],"author":[{"embeddable":true,"href":"https:\/\/idecesos.com\/seguros\/wp-json\/wp\/v2\/users\/3"}],"replies":[{"embeddable":true,"href":"https:\/\/idecesos.com\/seguros\/wp-json\/wp\/v2\/comments?post=11750"}],"version-history":[{"count":2,"href":"https:\/\/idecesos.com\/seguros\/wp-json\/wp\/v2\/pages\/11750\/revisions"}],"predecessor-version":[{"id":21032,"href":"https:\/\/idecesos.com\/seguros\/wp-json\/wp\/v2\/pages\/11750\/revisions\/21032"}],"up":[{"embeddable":true,"href":"https:\/\/idecesos.com\/seguros\/wp-json\/wp\/v2\/pages\/9467"}],"wp:attachment":[{"href":"https:\/\/idecesos.com\/seguros\/wp-json\/wp\/v2\/media?parent=11750"}],"curies":[{"name":"wp","href":"https:\/\/api.w.org\/{rel}","templated":true}]}}