{"id":11756,"date":"2021-11-25T00:00:00","date_gmt":"2021-11-25T00:00:00","guid":{"rendered":"https:\/\/idecesos.com\/seguros\/?page_id=11756"},"modified":"2022-04-06T19:14:49","modified_gmt":"2022-04-06T19:14:49","slug":"prima-unica","status":"publish","type":"page","link":"https:\/\/idecesos.com\/seguros\/companias\/agrupacio-mutua\/prima-unica\/","title":{"rendered":"Seguro de decesos Agrupaci\u00f3 Mutua Prima \u00danica"},"content":{"rendered":"<div id=\"ez-toc-container\" class=\"ez-toc-v2_0_82_2 ez-toc-wrap-center counter-hierarchy ez-toc-counter ez-toc-custom ez-toc-container-direction\">\n<div class=\"ez-toc-title-container\">\n<p class=\"ez-toc-title\" style=\"cursor:inherit\">Tabla de Contenido<\/p>\n<span class=\"ez-toc-title-toggle\"><a href=\"#\" class=\"ez-toc-pull-right ez-toc-btn ez-toc-btn-xs ez-toc-btn-default ez-toc-toggle\" aria-label=\"Alternar tabla de contenidos\"><span class=\"ez-toc-js-icon-con\"><span class=\"\"><span class=\"eztoc-hide\" style=\"display:none;\">Toggle<\/span><span class=\"ez-toc-icon-toggle-span\"><svg style=\"fill: #db6415;color:#db6415\" xmlns=\"http:\/\/www.w3.org\/2000\/svg\" class=\"list-377408\" width=\"20px\" height=\"20px\" viewBox=\"0 0 24 24\" fill=\"none\"><path d=\"M6 6H4v2h2V6zm14 0H8v2h12V6zM4 11h2v2H4v-2zm16 0H8v2h12v-2zM4 16h2v2H4v-2zm16 0H8v2h12v-2z\" fill=\"currentColor\"><\/path><\/svg><svg style=\"fill: #db6415;color:#db6415\" class=\"arrow-unsorted-368013\" xmlns=\"http:\/\/www.w3.org\/2000\/svg\" width=\"10px\" height=\"10px\" viewBox=\"0 0 24 24\" version=\"1.2\" baseProfile=\"tiny\"><path d=\"M18.2 9.3l-6.2-6.3-6.2 6.3c-.2.2-.3.4-.3.7s.1.5.3.7c.2.2.4.3.7.3h11c.3 0 .5-.1.7-.3.2-.2.3-.5.3-.7s-.1-.5-.3-.7zM5.8 14.7l6.2 6.3 6.2-6.3c.2-.2.3-.5.3-.7s-.1-.5-.3-.7c-.2-.2-.4-.3-.7-.3h-11c-.3 0-.5.1-.7.3-.2.2-.3.5-.3.7s.1.5.3.7z\"\/><\/svg><\/span><\/span><\/span><\/a><\/span><\/div>\n<nav><ul class='ez-toc-list ez-toc-list-level-1 ' ><li class='ez-toc-page-1 ez-toc-heading-level-2'><a class=\"ez-toc-link ez-toc-heading-1\" href=\"https:\/\/idecesos.com\/seguros\/companias\/agrupacio-mutua\/prima-unica\/#Coberturas_seguro_Prima_Unica_Agrupacio_Mutua\" >Coberturas seguro Prima \u00danica Agrupaci\u00f3 Mutua<\/a><ul class='ez-toc-list-level-3' ><li class='ez-toc-heading-level-3'><a class=\"ez-toc-link ez-toc-heading-2\" href=\"https:\/\/idecesos.com\/seguros\/companias\/agrupacio-mutua\/prima-unica\/#%C2%BFA_quien_va_dirigido_el_seguro_de_decesos_Prima_Unica_de_Agrupacio_Mutua\" >\u00bfA qui\u00e9n va dirigido el seguro de decesos Prima \u00danica de Agrupaci\u00f3 Mutua?<\/a><\/li><\/ul><\/li><li class='ez-toc-page-1 ez-toc-heading-level-2'><a class=\"ez-toc-link ez-toc-heading-3\" href=\"https:\/\/idecesos.com\/seguros\/companias\/agrupacio-mutua\/prima-unica\/#Precio_de_seguro_de_decesos_Prima_Unica_Agrupacio_Mutua\" >Precio de seguro de decesos Prima \u00danica Agrupaci\u00f3 Mutua<\/a><\/li><li class='ez-toc-page-1 ez-toc-heading-level-2'><a class=\"ez-toc-link ez-toc-heading-4\" href=\"https:\/\/idecesos.com\/seguros\/companias\/agrupacio-mutua\/prima-unica\/#Productos_Prima_Unica_Agrupacio_Mutua\" >Productos Prima \u00danica Agrupaci\u00f3 Mutua<\/a><\/li><li class='ez-toc-page-1 ez-toc-heading-level-2'><a class=\"ez-toc-link ez-toc-heading-5\" href=\"https:\/\/idecesos.com\/seguros\/companias\/agrupacio-mutua\/prima-unica\/#Opiniones_del_seguro_de_decesos_de_Prima_Unica_de_Agrupacio_Mutua\" >Opiniones del seguro de decesos de Prima \u00danica de Agrupaci\u00f3 Mutua<\/a><ul class='ez-toc-list-level-3' ><li class='ez-toc-heading-level-3'><a class=\"ez-toc-link ez-toc-heading-6\" href=\"https:\/\/idecesos.com\/seguros\/companias\/agrupacio-mutua\/prima-unica\/#Paginas_relacionadas\" >P\u00e1ginas relacionadas<\/a><\/li><\/ul><\/li><\/ul><\/nav><\/div>\n<p><br \/>\nEl seguro de decesos de prima \u00fanica de Agrupaci\u00f3 Mutua est\u00e1n para solucionar cualquier incidencia que pudiese ocurrir por el fallecido, as\u00ed como de gestionar cualquier tramitaci\u00f3n legal. Mediante el abono en un s\u00f3lo pago de la prima a Agrupaci\u00f3 Mutua y encomendando de forma indefinida, sin cancelaci\u00f3n anticipada y de forma totalmente garantizada la gesti\u00f3n completa del deceso. Adem\u00e1s de ser un servicio \u00fatil, r\u00e1pido y eficaz Agrupaci\u00f3 Mutua es de las mejores ya que se adapta a los clientes de un rango de edad muy mayor. Todo de manera que resulta de pago \u00fanico.<\/p>\n<p>Leer m\u00e1s: <a href=\"https:\/\/idecesos.com\/seguros\/tipo\/prima-unica\/\">Seguro de decesos Prima \u00danica<\/a><br \/>\n<div class=\"colorf \"  ><div class=\"container clearfix\"><div class=\"col-md-7\"><\/p>\n<h2><span class=\"ez-toc-section\" id=\"Coberturas_seguro_Prima_Unica_Agrupacio_Mutua\"><\/span>Coberturas seguro Prima \u00danica Agrupaci\u00f3 Mutua<span class=\"ez-toc-section-end\"><\/span><\/h2>\n<p>El seguro de prima \u00fanica de Agrupaci\u00f3 Mutua es el mejor del mercado De Espa\u00f1a, te da las mejores garant\u00edas, aparte de que brindan todos los servicios que necesites cada ocasi\u00f3n. Agrupaci\u00f3 Mutua cuenta con las mejores coberturas en gesti\u00f3n de tramitaci\u00f3n del servicio funerario, traslado del fallecido, preparaci\u00f3n de la sala del tanatorio y acomodar al fallecido a fin de que sus familiares puedan dar el \u00faltimo adi\u00f3s. Adem\u00e1s de esto, cubre el tanatorio, flores (corona), esquela, acto religioso, sala de velatorio, personal de asistencia a fin de que gu\u00ede y tambi\u00e9n indique en todo instante a los familiares de los tr\u00e1mites a proseguir y de los los horarios (misa fallecido, traslado cementerio) y los tr\u00e1mites que les realizan (certificado de defunci\u00f3n, registro civil del fallecido, pago de tasas entre otros muchos), ata\u00fad y cementerio en caso de inhumaci\u00f3n o bien urna y servicio de cremaci\u00f3n. Aparte de contar con las coberturas para sustituir las necesidades del fallecido en ese d\u00eda tan singular el seguro de decesos de Agrupaci\u00f3 Mutua se encargar\u00e1 de que no falte nada en ese d\u00eda.<br \/>\n<\/div><\/div><\/div><\/p>\n<h3><span class=\"ez-toc-section\" id=\"%C2%BFA_quien_va_dirigido_el_seguro_de_decesos_Prima_Unica_de_Agrupacio_Mutua\"><\/span>\u00bfA qui\u00e9n va dirigido el seguro de decesos Prima \u00danica de Agrupaci\u00f3 Mutua?<span class=\"ez-toc-section-end\"><\/span><\/h3>\n<p>Agrupaci\u00f3 Mutua, el seguro de prima \u00fanica para todas aquellas personas que sean mayor de 60 a\u00f1os, aunque el rango de contrataci\u00f3n se encuentre en los 70 a\u00f1os los adquieren para dejar todo de forma resuelta en el instante de su \u00f3bito. Va referido para todas y cada una aquellas personas sin tomar en consideraci\u00f3n de que clase nivel venga, en el instante que ocurra ese suceso se debe de poner en contacto con la aseguradora a fin de que lo organice todo y deje solucionado cualquier incidencia que pudiera suceder. Hay que tener en consideraci\u00f3n que el seguro de prima \u00fanica de Agrupaci\u00f3 Mutua es aquella que va dirigida para todas y cada una de las personas que no cuentan con un nivel bastante adquisitivo demasiado alto. Gracias a esta p\u00f3liza la aseguradora en todo momento todo los servicios funerarios de forma completa, donde los familiares no vas a tener nada que preocuparse.<br \/>\n<div class=\"colorf \"  ><div class=\"container clearfix\"><div class=\"col-md-7\"><\/p>\n<h2><span class=\"ez-toc-section\" id=\"Precio_de_seguro_de_decesos_Prima_Unica_Agrupacio_Mutua\"><\/span>Precio de seguro de decesos Prima \u00danica Agrupaci\u00f3 Mutua<span class=\"ez-toc-section-end\"><\/span><\/h2>\n<p>El seguro de prima \u00fanica de Agrupaci\u00f3 Mutua es de lo m\u00e1s asequible en cuesti\u00f3n de el mercado espa\u00f1ol, su precio es de 31500\u20ac a grosso modo, los puntos que se tendr\u00e1n en cuenta es la edad de la persona como la localidad. Realizando una comparativa del seguro de pago \u00fanico de Agrupaci\u00f3 Mutua obtendr\u00e1s la informaci\u00f3n en cuesti\u00f3n de segundos.<br \/>\n<\/div><\/div><\/div><\/p>\n<h2><span class=\"ez-toc-section\" id=\"Productos_Prima_Unica_Agrupacio_Mutua\"><\/span>Productos Prima \u00danica Agrupaci\u00f3 Mutua<span class=\"ez-toc-section-end\"><\/span><\/h2>\n<div class=\"colorf\"><div class=\"container clearfix\"><div class=\"col-md-7\"><div class=\"opiniones\">\n<h2><span class=\"ez-toc-section\" id=\"Opiniones_del_seguro_de_decesos_de_Prima_Unica_de_Agrupacio_Mutua\"><\/span>Opiniones del seguro de decesos de Prima \u00danica de Agrupaci\u00f3 Mutua<span class=\"ez-toc-section-end\"><\/span><\/h2>\n<div class=\"opinion \"  >\n\t\t\t<div class=\"cabecera_opinion\">\n\t\t\t\t<div class=\"avatar\">E L B <\/div>\n\t\t\t\t<div class=\"datos_opinion\">\n\t\t\t\t\t<div class=\"nombre_opinion\">Elodia Ligia Bermejo<\/div>\n\t\t\t\t\t<div class=\"info_opinion\">\t\t\t\t\t\t\n\t\t\t\t\t\t<div class=\"cuenta_opinion\"><i class=\"fas fa-pencil-alt\"><\/i><!--span class=\"dashicons dashicons-edit\" style=\"font-size:20px\"><\/span--><span>1 Opini\u00f3n<\/span><\/div>\t\t\t\t\t\t\n\t\t\t\t\t\t<div class=\"localizacion_opinion\">\n\t\t\t\t\t\t\t<i class=\"fas fa-map-marker-alt\"><\/i><!--span class=\"dashicons dashicons-location\" style=\"font-size:20px\"><\/span-->\n\t\t\t\t\t\t\t<span>ES<\/span>\n\t\t\t\t\t\t<\/div>\t\n\t\t\t\t\t<\/div>\n\t\t\t\t<\/div>\n\t\t\t<\/div><div class=\"texto_opinion\"><\/p>\n<p>Mis familiares me aconsejaron, por el precio que tienen de prima.<\/p>\n<p><\/div><\/div>\n<div class=\"opinion \"  >\n\t\t\t<div class=\"cabecera_opinion\">\n\t\t\t\t<div class=\"avatar\">P N <\/div>\n\t\t\t\t<div class=\"datos_opinion\">\n\t\t\t\t\t<div class=\"nombre_opinion\">P\u00eda Nicol\u00e1s<\/div>\n\t\t\t\t\t<div class=\"info_opinion\">\t\t\t\t\t\t\n\t\t\t\t\t\t<div class=\"cuenta_opinion\"><i class=\"fas fa-pencil-alt\"><\/i><!--span class=\"dashicons dashicons-edit\" style=\"font-size:20px\"><\/span--><span>1 Opini\u00f3n<\/span><\/div>\t\t\t\t\t\t\n\t\t\t\t\t\t<div class=\"localizacion_opinion\">\n\t\t\t\t\t\t\t<i class=\"fas fa-map-marker-alt\"><\/i><!--span class=\"dashicons dashicons-location\" style=\"font-size:20px\"><\/span-->\n\t\t\t\t\t\t\t<span>ES<\/span>\n\t\t\t\t\t\t<\/div>\t\n\t\t\t\t\t<\/div>\n\t\t\t\t<\/div>\n\t\t\t<\/div><div class=\"texto_opinion\"><\/p>\n<p>En Agrupaci\u00f3 Mutua el seguro de prima \u00fanica es el que contrate y honestamente es el mejor que hay en todo el mercado con lo que estoy contenta, resolviendo todas mis dudas al respecto, una atenci\u00f3n muy personalizada.<br \/>\n<\/div><\/div>\n<div class=\"opinion \"  >\n\t\t\t<div class=\"cabecera_opinion\">\n\t\t\t\t<div class=\"avatar\">I V <\/div>\n\t\t\t\t<div class=\"datos_opinion\">\n\t\t\t\t\t<div class=\"nombre_opinion\">Isa\u00edas Vilanova<\/div>\n\t\t\t\t\t<div class=\"info_opinion\">\t\t\t\t\t\t\n\t\t\t\t\t\t<div class=\"cuenta_opinion\"><i class=\"fas fa-pencil-alt\"><\/i><!--span class=\"dashicons dashicons-edit\" style=\"font-size:20px\"><\/span--><span>1 Opini\u00f3n<\/span><\/div>\t\t\t\t\t\t\n\t\t\t\t\t\t<div class=\"localizacion_opinion\">\n\t\t\t\t\t\t\t<i class=\"fas fa-map-marker-alt\"><\/i><!--span class=\"dashicons dashicons-location\" style=\"font-size:20px\"><\/span-->\n\t\t\t\t\t\t\t<span>ES<\/span>\n\t\t\t\t\t\t<\/div>\t\n\t\t\t\t\t<\/div>\n\t\t\t\t<\/div>\n\t\t\t<\/div><div class=\"texto_opinion\"><\/p>\n<p>He contratado el seguro de prima \u00fanica de Agrupaci\u00f3 Mutua y solo puedo decir que desde el instante que llamamos al tel\u00e9fono de asistencia se ocuparon de todo y fue todo correcto por parte de su personal.<\/p>\n<p><\/div><\/div>\n<\/div><\/div><\/div><\/div>\n<p><div class=\"oficinas\"><br \/>\n<!-- Shortcode [agrupaci%c3%b3-mutua-hijas] does not exist --><\/p>\n<p><\/div> <h3><span class=\"ez-toc-section\" id=\"Paginas_relacionadas\"><\/span>P\u00e1ginas relacionadas<span class=\"ez-toc-section-end\"><\/span><\/h3><div class=\"enlazado\"><ul> <li><a href=\"https:\/\/idecesos.com\/seguros\/companias\/agrupacio-mutua\/opiniones\/\">Opiniones Agrupaci\u00f3 Mutua<\/a><\/li> <li><a href=\"https:\/\/idecesos.com\/seguros\/companias\/agrupacio-mutua\/precio\/\">Precio seguro Agrupaci\u00f3 Mutua<\/a><\/li> <li><a href=\"https:\/\/idecesos.com\/seguros\/companias\/agrupacio-mutua\/prima-mixta\/\">Agrupaci\u00f3 Mutua Prima Mixta<\/a><\/li> <li><a href=\"https:\/\/idecesos.com\/seguros\/companias\/agrupacio-mutua\/prima-natural\/\">Agrupaci\u00f3 Mutua Prima Natural<\/a><\/li> <li><a href=\"https:\/\/idecesos.com\/seguros\/companias\/agrupacio-mutua\/prima-nivelada\/\">Agrupaci\u00f3 Mutua Prima Nivelada<\/a><\/li> <li><a href=\"https:\/\/idecesos.com\/seguros\/companias\/agrupacio-mutua\/prima-unica\/\">Agrupaci\u00f3 Mutua Prima \u00danica<\/a><\/li> <li><a href=\"https:\/\/idecesos.com\/seguros\/companias\/agrupacio-mutua\/repatriacion\/\">Agrupaci\u00f3 Mutua Repatriaci\u00f3n<\/a><\/li> <li><a href=\"https:\/\/idecesos.com\/seguros\/companias\/agrupacio-mutua\/telefono\/\">Tel\u00e9fono Gratuito Agrupaci\u00f3 Mutua<\/a><\/li><\/ul><\/div><\/p>\n","protected":false},"excerpt":{"rendered":"<p>El seguro de decesos de prima \u00fanica de Agrupaci\u00f3 Mutua est\u00e1n para solucionar cualquier incidencia que pudiese ocurrir por el fallecido, as\u00ed como de gestionar cualquier tramitaci\u00f3n legal. Mediante el abono en un s\u00f3lo pago de la prima a Agrupaci\u00f3 Mutua y encomendando de forma indefinida, sin cancelaci\u00f3n anticipada y de forma totalmente garantizada la&hellip; <\/p>\n","protected":false},"author":3,"featured_media":0,"parent":9467,"menu_order":0,"comment_status":"closed","ping_status":"closed","template":"single.php","meta":{"footnotes":""},"class_list":["post-11756","page","type-page","status-publish","hentry"],"yoast_head":"<!-- This site is optimized with the Yoast SEO plugin v27.3 - https:\/\/yoast.com\/product\/yoast-seo-wordpress\/ -->\n<title>Seguro Decesos Agrupaci\u00f3 Mutua Prima \u00danica \u25b7 Opiniones y Precio 2026<\/title>\n<meta name=\"description\" content=\"Click aqu\u00ed \u3010Seguro de Decesos Prima \u00danica Agrupaci\u00f3 Mutua\u3011 Mejores precios Agrupaci\u00f3 Mutua seguro de fallecidos Prima \u00danica \u2611\ufe0f Actualizado por iDecesos\u00ae\" \/>\n<meta name=\"robots\" content=\"index, follow, max-snippet:-1, max-image-preview:large, max-video-preview:-1\" \/>\n<link rel=\"canonical\" href=\"https:\/\/idecesos.com\/seguros\/companias\/agrupacio-mutua\/prima-unica\/\" \/>\n<meta property=\"og:locale\" content=\"es_ES\" \/>\n<meta property=\"og:type\" content=\"article\" \/>\n<meta property=\"og:title\" content=\"Seguro Decesos Agrupaci\u00f3 Mutua Prima \u00danica \u25b7 Opiniones y Precio 2026\" \/>\n<meta property=\"og:description\" content=\"Click aqu\u00ed \u3010Seguro de Decesos Prima \u00danica Agrupaci\u00f3 Mutua\u3011 Mejores precios Agrupaci\u00f3 Mutua seguro de fallecidos Prima \u00danica \u2611\ufe0f Actualizado por iDecesos\u00ae\" \/>\n<meta property=\"og:url\" content=\"https:\/\/idecesos.com\/seguros\/companias\/agrupacio-mutua\/prima-unica\/\" \/>\n<meta property=\"article:modified_time\" content=\"2022-04-06T19:14:49+00:00\" \/>\n<meta name=\"twitter:card\" content=\"summary_large_image\" \/>\n<meta name=\"twitter:label1\" content=\"Tiempo de lectura\" \/>\n\t<meta name=\"twitter:data1\" content=\"4 minutos\" \/>\n<script type=\"application\/ld+json\" class=\"yoast-schema-graph\">{\"@context\":\"https:\\\/\\\/schema.org\",\"@graph\":[{\"@type\":\"WebPage\",\"@id\":\"https:\\\/\\\/idecesos.com\\\/seguros\\\/companias\\\/agrupacio-mutua\\\/prima-unica\\\/\",\"url\":\"https:\\\/\\\/idecesos.com\\\/seguros\\\/companias\\\/agrupacio-mutua\\\/prima-unica\\\/\",\"name\":\"Seguro Decesos Agrupaci\u00f3 Mutua Prima \u00danica \u25b7 Opiniones y Precio 2026\",\"isPartOf\":{\"@id\":\"https:\\\/\\\/idecesos.com\\\/seguros\\\/#website\"},\"datePublished\":\"2021-11-25T00:00:00+00:00\",\"dateModified\":\"2022-04-06T19:14:49+00:00\",\"description\":\"Click aqu\u00ed \u3010Seguro de Decesos Prima \u00danica Agrupaci\u00f3 Mutua\u3011 Mejores precios Agrupaci\u00f3 Mutua seguro de fallecidos Prima \u00danica \u2611\ufe0f Actualizado por iDecesos\u00ae\",\"breadcrumb\":{\"@id\":\"https:\\\/\\\/idecesos.com\\\/seguros\\\/companias\\\/agrupacio-mutua\\\/prima-unica\\\/#breadcrumb\"},\"inLanguage\":\"es\",\"potentialAction\":[{\"@type\":\"ReadAction\",\"target\":[\"https:\\\/\\\/idecesos.com\\\/seguros\\\/companias\\\/agrupacio-mutua\\\/prima-unica\\\/\"]}]},{\"@type\":\"BreadcrumbList\",\"@id\":\"https:\\\/\\\/idecesos.com\\\/seguros\\\/companias\\\/agrupacio-mutua\\\/prima-unica\\\/#breadcrumb\",\"itemListElement\":[{\"@type\":\"ListItem\",\"position\":1,\"name\":\"Portada\",\"item\":\"https:\\\/\\\/idecesos.com\\\/seguros\\\/\"},{\"@type\":\"ListItem\",\"position\":2,\"name\":\"Compa\u00f1\u00edas de Seguros de Decesos en Espa\u00f1a\",\"item\":\"https:\\\/\\\/idecesos.com\\\/seguros\\\/companias\\\/\"},{\"@type\":\"ListItem\",\"position\":3,\"name\":\"Seguro de decesos Agrupaci\u00f3 M\u00fatua\",\"item\":\"https:\\\/\\\/idecesos.com\\\/seguros\\\/companias\\\/agrupacio-mutua\\\/\"},{\"@type\":\"ListItem\",\"position\":4,\"name\":\"Seguro de decesos Agrupaci\u00f3 Mutua Prima \u00danica\"}]},{\"@type\":\"WebSite\",\"@id\":\"https:\\\/\\\/idecesos.com\\\/seguros\\\/#website\",\"url\":\"https:\\\/\\\/idecesos.com\\\/seguros\\\/\",\"name\":\"\",\"description\":\"\",\"potentialAction\":[{\"@type\":\"SearchAction\",\"target\":{\"@type\":\"EntryPoint\",\"urlTemplate\":\"https:\\\/\\\/idecesos.com\\\/seguros\\\/?s={search_term_string}\"},\"query-input\":{\"@type\":\"PropertyValueSpecification\",\"valueRequired\":true,\"valueName\":\"search_term_string\"}}],\"inLanguage\":\"es\"}]}<\/script>\n<!-- \/ Yoast SEO plugin. -->","yoast_head_json":{"title":"Seguro Decesos Agrupaci\u00f3 Mutua Prima \u00danica \u25b7 Opiniones y Precio 2026","description":"Click aqu\u00ed \u3010Seguro de Decesos Prima \u00danica Agrupaci\u00f3 Mutua\u3011 Mejores precios Agrupaci\u00f3 Mutua seguro de fallecidos Prima \u00danica \u2611\ufe0f Actualizado por iDecesos\u00ae","robots":{"index":"index","follow":"follow","max-snippet":"max-snippet:-1","max-image-preview":"max-image-preview:large","max-video-preview":"max-video-preview:-1"},"canonical":"https:\/\/idecesos.com\/seguros\/companias\/agrupacio-mutua\/prima-unica\/","og_locale":"es_ES","og_type":"article","og_title":"Seguro Decesos Agrupaci\u00f3 Mutua Prima \u00danica \u25b7 Opiniones y Precio 2026","og_description":"Click aqu\u00ed \u3010Seguro de Decesos Prima \u00danica Agrupaci\u00f3 Mutua\u3011 Mejores precios Agrupaci\u00f3 Mutua seguro de fallecidos Prima \u00danica \u2611\ufe0f Actualizado por iDecesos\u00ae","og_url":"https:\/\/idecesos.com\/seguros\/companias\/agrupacio-mutua\/prima-unica\/","article_modified_time":"2022-04-06T19:14:49+00:00","twitter_card":"summary_large_image","twitter_misc":{"Tiempo de lectura":"4 minutos"},"schema":{"@context":"https:\/\/schema.org","@graph":[{"@type":"WebPage","@id":"https:\/\/idecesos.com\/seguros\/companias\/agrupacio-mutua\/prima-unica\/","url":"https:\/\/idecesos.com\/seguros\/companias\/agrupacio-mutua\/prima-unica\/","name":"Seguro Decesos Agrupaci\u00f3 Mutua Prima \u00danica \u25b7 Opiniones y Precio 2026","isPartOf":{"@id":"https:\/\/idecesos.com\/seguros\/#website"},"datePublished":"2021-11-25T00:00:00+00:00","dateModified":"2022-04-06T19:14:49+00:00","description":"Click aqu\u00ed \u3010Seguro de Decesos Prima \u00danica Agrupaci\u00f3 Mutua\u3011 Mejores precios Agrupaci\u00f3 Mutua seguro de fallecidos Prima \u00danica \u2611\ufe0f Actualizado por iDecesos\u00ae","breadcrumb":{"@id":"https:\/\/idecesos.com\/seguros\/companias\/agrupacio-mutua\/prima-unica\/#breadcrumb"},"inLanguage":"es","potentialAction":[{"@type":"ReadAction","target":["https:\/\/idecesos.com\/seguros\/companias\/agrupacio-mutua\/prima-unica\/"]}]},{"@type":"BreadcrumbList","@id":"https:\/\/idecesos.com\/seguros\/companias\/agrupacio-mutua\/prima-unica\/#breadcrumb","itemListElement":[{"@type":"ListItem","position":1,"name":"Portada","item":"https:\/\/idecesos.com\/seguros\/"},{"@type":"ListItem","position":2,"name":"Compa\u00f1\u00edas de Seguros de Decesos en Espa\u00f1a","item":"https:\/\/idecesos.com\/seguros\/companias\/"},{"@type":"ListItem","position":3,"name":"Seguro de decesos Agrupaci\u00f3 M\u00fatua","item":"https:\/\/idecesos.com\/seguros\/companias\/agrupacio-mutua\/"},{"@type":"ListItem","position":4,"name":"Seguro de decesos Agrupaci\u00f3 Mutua Prima \u00danica"}]},{"@type":"WebSite","@id":"https:\/\/idecesos.com\/seguros\/#website","url":"https:\/\/idecesos.com\/seguros\/","name":"","description":"","potentialAction":[{"@type":"SearchAction","target":{"@type":"EntryPoint","urlTemplate":"https:\/\/idecesos.com\/seguros\/?s={search_term_string}"},"query-input":{"@type":"PropertyValueSpecification","valueRequired":true,"valueName":"search_term_string"}}],"inLanguage":"es"}]}},"_links":{"self":[{"href":"https:\/\/idecesos.com\/seguros\/wp-json\/wp\/v2\/pages\/11756","targetHints":{"allow":["GET"]}}],"collection":[{"href":"https:\/\/idecesos.com\/seguros\/wp-json\/wp\/v2\/pages"}],"about":[{"href":"https:\/\/idecesos.com\/seguros\/wp-json\/wp\/v2\/types\/page"}],"author":[{"embeddable":true,"href":"https:\/\/idecesos.com\/seguros\/wp-json\/wp\/v2\/users\/3"}],"replies":[{"embeddable":true,"href":"https:\/\/idecesos.com\/seguros\/wp-json\/wp\/v2\/comments?post=11756"}],"version-history":[{"count":2,"href":"https:\/\/idecesos.com\/seguros\/wp-json\/wp\/v2\/pages\/11756\/revisions"}],"predecessor-version":[{"id":21035,"href":"https:\/\/idecesos.com\/seguros\/wp-json\/wp\/v2\/pages\/11756\/revisions\/21035"}],"up":[{"embeddable":true,"href":"https:\/\/idecesos.com\/seguros\/wp-json\/wp\/v2\/pages\/9467"}],"wp:attachment":[{"href":"https:\/\/idecesos.com\/seguros\/wp-json\/wp\/v2\/media?parent=11756"}],"curies":[{"name":"wp","href":"https:\/\/api.w.org\/{rel}","templated":true}]}}