{"id":11760,"date":"2021-11-26T00:00:00","date_gmt":"2021-11-26T00:00:00","guid":{"rendered":"https:\/\/idecesos.com\/seguros\/?page_id=11760"},"modified":"2022-04-07T22:16:46","modified_gmt":"2022-04-07T22:16:46","slug":"repatriacion","status":"publish","type":"page","link":"https:\/\/idecesos.com\/seguros\/companias\/union-alcoyana\/repatriacion\/","title":{"rendered":"Seguro de decesos Uni\u00f3n Alcoyana con repatriaci\u00f3n"},"content":{"rendered":"<div id=\"ez-toc-container\" class=\"ez-toc-v2_0_82_2 ez-toc-wrap-center counter-hierarchy ez-toc-counter ez-toc-custom ez-toc-container-direction\">\n<div class=\"ez-toc-title-container\">\n<p class=\"ez-toc-title\" style=\"cursor:inherit\">Tabla de Contenido<\/p>\n<span class=\"ez-toc-title-toggle\"><a href=\"#\" class=\"ez-toc-pull-right ez-toc-btn ez-toc-btn-xs ez-toc-btn-default ez-toc-toggle\" aria-label=\"Alternar tabla de contenidos\"><span class=\"ez-toc-js-icon-con\"><span class=\"\"><span class=\"eztoc-hide\" style=\"display:none;\">Toggle<\/span><span class=\"ez-toc-icon-toggle-span\"><svg style=\"fill: #db6415;color:#db6415\" xmlns=\"http:\/\/www.w3.org\/2000\/svg\" class=\"list-377408\" width=\"20px\" height=\"20px\" viewBox=\"0 0 24 24\" fill=\"none\"><path d=\"M6 6H4v2h2V6zm14 0H8v2h12V6zM4 11h2v2H4v-2zm16 0H8v2h12v-2zM4 16h2v2H4v-2zm16 0H8v2h12v-2z\" fill=\"currentColor\"><\/path><\/svg><svg style=\"fill: #db6415;color:#db6415\" class=\"arrow-unsorted-368013\" xmlns=\"http:\/\/www.w3.org\/2000\/svg\" width=\"10px\" height=\"10px\" viewBox=\"0 0 24 24\" version=\"1.2\" baseProfile=\"tiny\"><path d=\"M18.2 9.3l-6.2-6.3-6.2 6.3c-.2.2-.3.4-.3.7s.1.5.3.7c.2.2.4.3.7.3h11c.3 0 .5-.1.7-.3.2-.2.3-.5.3-.7s-.1-.5-.3-.7zM5.8 14.7l6.2 6.3 6.2-6.3c.2-.2.3-.5.3-.7s-.1-.5-.3-.7c-.2-.2-.4-.3-.7-.3h-11c-.3 0-.5.1-.7.3-.2.2-.3.5-.3.7s.1.5.3.7z\"\/><\/svg><\/span><\/span><\/span><\/a><\/span><\/div>\n<nav><ul class='ez-toc-list ez-toc-list-level-1 ' ><li class='ez-toc-page-1 ez-toc-heading-level-2'><a class=\"ez-toc-link ez-toc-heading-1\" href=\"https:\/\/idecesos.com\/seguros\/companias\/union-alcoyana\/repatriacion\/#Coberturas_seguro_Union_Alcoyana_con_repatriacion\" >Coberturas seguro Uni\u00f3n Alcoyana con repatriaci\u00f3n<\/a><ul class='ez-toc-list-level-3' ><li class='ez-toc-heading-level-3'><a class=\"ez-toc-link ez-toc-heading-2\" href=\"https:\/\/idecesos.com\/seguros\/companias\/union-alcoyana\/repatriacion\/#%C2%BFA_quien_va_dirigido_el_seguro_de_decesos_con_repatriacion_de_Union_Alcoyana\" >\u00bfA qui\u00e9n va dirigido el seguro de decesos con repatriaci\u00f3n de Uni\u00f3n Alcoyana?<\/a><\/li><\/ul><\/li><li class='ez-toc-page-1 ez-toc-heading-level-2'><a class=\"ez-toc-link ez-toc-heading-3\" href=\"https:\/\/idecesos.com\/seguros\/companias\/union-alcoyana\/repatriacion\/#Precio_de_seguro_de_decesos_Union_Alcoyana_con_repatriacion\" >Precio de seguro de decesos Uni\u00f3n Alcoyana con repatriaci\u00f3n<\/a><\/li><li class='ez-toc-page-1 ez-toc-heading-level-2'><a class=\"ez-toc-link ez-toc-heading-4\" href=\"https:\/\/idecesos.com\/seguros\/companias\/union-alcoyana\/repatriacion\/#Productos_Repatriacion_Union_Alcoyana\" >Productos Repatriaci\u00f3n Uni\u00f3n Alcoyana<\/a><\/li><li class='ez-toc-page-1 ez-toc-heading-level-2'><a class=\"ez-toc-link ez-toc-heading-5\" href=\"https:\/\/idecesos.com\/seguros\/companias\/union-alcoyana\/repatriacion\/#Opiniones_del_seguro_de_decesos_de_Repatriacion_de_Union_Alcoyana\" >Opiniones del seguro de decesos de Repatriaci\u00f3n de Uni\u00f3n Alcoyana<\/a><ul class='ez-toc-list-level-3' ><li class='ez-toc-heading-level-3'><a class=\"ez-toc-link ez-toc-heading-6\" href=\"https:\/\/idecesos.com\/seguros\/companias\/union-alcoyana\/repatriacion\/#Paginas_relacionadas\" >P\u00e1ginas relacionadas<\/a><\/li><\/ul><\/li><\/ul><\/nav><\/div>\n\n<p>En todas las coberturas que pueda incluir el seguro de repatriaci\u00f3n Uni\u00f3n Alcoyana quedar\u00e1n las adicionales que vas a poder incluir siempre y cuando desees. En los \u00faltimos tiempo cada persona que ha dejado atr\u00e1s su pa\u00eds de origen para lograr vivir en Espa\u00f1a, es uno de los pa\u00edses que m\u00e1s extranjero acoge durante los tiempos como en el caso de Ruman\u00eda 622555 o como puede ser en un caso as\u00ed Ecuador 415310. Con el tiempo se debe ir evaluando los inconvenientes que vayan a surgir en el futuro, a fin de que cuando llegue el momento no se pierda la calma y tenerlo todo controlado, para poder hacer en frente de las situaciones inesperadas. Esta p\u00f3liza est\u00e1 dise\u00f1ada para todas aquellas personas que deseen a sus seres queridos y quieran brindarles esa tranquilidad, as\u00ed sea donde te encuentres en cualquier parte del planeta, lo que te garantizar\u00e1 en el instante del \u00f3bito el servicio de repatriaci\u00f3n.<\/p>\n<p>Leer m\u00e1s: <a href=\"https:\/\/idecesos.com\/seguros\/tipo\/extranjeros-repatriacion\/\">Seguro de decesos con repatriaci\u00f3n<\/a><\/p>\n<div class=\"colorf \"  ><div class=\"container clearfix\"><div class=\"col-md-7\"><\/p>\n<h2><span class=\"ez-toc-section\" id=\"Coberturas_seguro_Union_Alcoyana_con_repatriacion\"><\/span>Coberturas seguro Uni\u00f3n Alcoyana con repatriaci\u00f3n<span class=\"ez-toc-section-end\"><\/span><\/h2>\n<p>El seguro de decesos de repatriaci\u00f3n en Uni\u00f3n Alcoyana cuenta con diferentes coberturas, de las que saber cu\u00e1l nos interesa, nos puede resultar beneficiario en cualquier momento. Cuentas con el beneficio de poder lograrlo gracias a diferentes modalidades, as\u00ed sea con un seguro de decesos principalmente, seguro de viaje o bien de salud.<\/p>\n<p><\/div><\/div><\/div>\n<h3><span class=\"ez-toc-section\" id=\"%C2%BFA_quien_va_dirigido_el_seguro_de_decesos_con_repatriacion_de_Union_Alcoyana\"><\/span>\u00bfA qui\u00e9n va dirigido el seguro de decesos con repatriaci\u00f3n de Uni\u00f3n Alcoyana?<span class=\"ez-toc-section-end\"><\/span><\/h3>\n<p>Para todas y cada una aquellas personas que residan en cualquier pa\u00eds del mundo, el que mejor se adaptar\u00eda a ti es el seguro de decesos de repatriaci\u00f3n de Uni\u00f3n Alcoyana. Puesto que el motivo ser\u00eda volver a su pa\u00eds de origen tras el \u00f3bito. Con el objetivo de evitar gastos econ\u00f3micos muy elevados a tu familia y del que no podr\u00e1n hacerse cargo. Puesto que se tiene que tener en consideraci\u00f3n que uno de los mayores objetivos es la garant\u00eda de la cobertura de los gastos del servicio funerario en su localidad nacional o bien donde radique el fallecido o as\u00ed sea en cualquier una parte del mundo siempre y cuando contemplado las pautas en el contrato del seguro.<\/p>\n<div class=\"colorf \"  ><div class=\"container clearfix\"><div class=\"col-md-7\"><\/p>\n<h2><span class=\"ez-toc-section\" id=\"Precio_de_seguro_de_decesos_Union_Alcoyana_con_repatriacion\"><\/span>Precio de seguro de decesos Uni\u00f3n Alcoyana con repatriaci\u00f3n<span class=\"ez-toc-section-end\"><\/span><\/h2>\n<p>En uno de los diferentes cat\u00e1logos que tienen, cuentan con los diferentes costes de decesos de repatriaci\u00f3n de la Uni\u00f3n Alcoyana que lo puedes hallar desde 3,20\u20ac. Para tener un precio final lo obtendr\u00e1s una vez se haya efectuado el c\u00e1lculo de manera detallada. Con este seguro generamos una calma a tu familia sin importar en el pa\u00eds que te encuentres. Las cl\u00e1usulas que debes de tomar en consideraci\u00f3n es la que dan garant\u00eda del precio, en el momento que muere el asegurado, como si se encuentra fuera de su pa\u00eds de origen o no. En las circunstancias que te halles, es \u00fatil contar contar con diferentes modalidades de pago.<\/p>\n<p><\/div><\/div><\/div>\n<h2><span class=\"ez-toc-section\" id=\"Productos_Repatriacion_Union_Alcoyana\"><\/span>Productos Repatriaci\u00f3n Uni\u00f3n Alcoyana<span class=\"ez-toc-section-end\"><\/span><\/h2>\n<div class=\"colorf\"><div class=\"container clearfix\"><div class=\"col-md-7\"><div class=\"opiniones\">\n<h2><span class=\"ez-toc-section\" id=\"Opiniones_del_seguro_de_decesos_de_Repatriacion_de_Union_Alcoyana\"><\/span>Opiniones del seguro de decesos de Repatriaci\u00f3n de Uni\u00f3n Alcoyana<span class=\"ez-toc-section-end\"><\/span><\/h2>\n<p>&nbsp;<\/p>\n<div class=\"opinion \"  >\n\t\t\t<div class=\"cabecera_opinion\">\n\t\t\t\t<div class=\"avatar\">V P <\/div>\n\t\t\t\t<div class=\"datos_opinion\">\n\t\t\t\t\t<div class=\"nombre_opinion\">Vito Pi\u00f1a<\/div>\n\t\t\t\t\t<div class=\"info_opinion\">\t\t\t\t\t\t\n\t\t\t\t\t\t<div class=\"cuenta_opinion\"><i class=\"fas fa-pencil-alt\"><\/i><!--span class=\"dashicons dashicons-edit\" style=\"font-size:20px\"><\/span--><span>1 Opini\u00f3n<\/span><\/div>\t\t\t\t\t\t\n\t\t\t\t\t\t<div class=\"localizacion_opinion\">\n\t\t\t\t\t\t\t<i class=\"fas fa-map-marker-alt\"><\/i><!--span class=\"dashicons dashicons-location\" style=\"font-size:20px\"><\/span-->\n\t\t\t\t\t\t\t<span>ES<\/span>\n\t\t\t\t\t\t<\/div>\t\n\t\t\t\t\t<\/div>\n\t\t\t\t<\/div>\n\t\t\t<\/div><div class=\"texto_opinion\"><\/p>\n<p>Una conocida falleci\u00f3 en un viaje de erasmus, por lo que yo este a\u00f1o iba a realizar mi viaje, m\u00e1s es verdad que jam\u00e1s se sabe que puede llegar a pasar por lo que asegure mi viaje, y voy a poder irme de erasmus considerablemente m\u00e1s apacible a sabiendas de que mis progenitores no va a correr con ning\u00fan gasto si me llega a acontecer algo. Afortunadamente no ocurri\u00f3 ninguna incidencia, mas brindaron toda su protecci\u00f3n en todo instante.<\/p>\n<p><\/div><\/div>\n<div class=\"opinion \"  >\n\t\t\t<div class=\"cabecera_opinion\">\n\t\t\t\t<div class=\"avatar\">N E <\/div>\n\t\t\t\t<div class=\"datos_opinion\">\n\t\t\t\t\t<div class=\"nombre_opinion\">Natanael Eugenio<\/div>\n\t\t\t\t\t<div class=\"info_opinion\">\t\t\t\t\t\t\n\t\t\t\t\t\t<div class=\"cuenta_opinion\"><i class=\"fas fa-pencil-alt\"><\/i><!--span class=\"dashicons dashicons-edit\" style=\"font-size:20px\"><\/span--><span>1 Opini\u00f3n<\/span><\/div>\t\t\t\t\t\t\n\t\t\t\t\t\t<div class=\"localizacion_opinion\">\n\t\t\t\t\t\t\t<i class=\"fas fa-map-marker-alt\"><\/i><!--span class=\"dashicons dashicons-location\" style=\"font-size:20px\"><\/span-->\n\t\t\t\t\t\t\t<span>ES<\/span>\n\t\t\t\t\t\t<\/div>\t\n\t\t\t\t\t<\/div>\n\t\t\t\t<\/div>\n\t\t\t<\/div><div class=\"texto_opinion\"><\/p>\n<p>Sinceramente estoy content\u00edsima con Uni\u00f3n Alcoyana desde que lo he efectuado no he tenido ning\u00fan problema, me han gestionado todo de manera profesional, por lo que da ventaja de poder efectuar el pago de diferentes forma, se amolda a la necesidades de cualquiera en estos tiempos tan complicado, le doy un 10 a Uni\u00f3n Alcoyana, por lo que el seguro de repatriaci\u00f3n y sus coberturas excelente.<\/p>\n<p><\/div><\/div>\n<div class=\"opinion \"  >\n\t\t\t<div class=\"cabecera_opinion\">\n\t\t\t\t<div class=\"avatar\">A R <\/div>\n\t\t\t\t<div class=\"datos_opinion\">\n\t\t\t\t\t<div class=\"nombre_opinion\">\u00c1gueda Riquelme<\/div>\n\t\t\t\t\t<div class=\"info_opinion\">\t\t\t\t\t\t\n\t\t\t\t\t\t<div class=\"cuenta_opinion\"><i class=\"fas fa-pencil-alt\"><\/i><!--span class=\"dashicons dashicons-edit\" style=\"font-size:20px\"><\/span--><span>1 Opini\u00f3n<\/span><\/div>\t\t\t\t\t\t\n\t\t\t\t\t\t<div class=\"localizacion_opinion\">\n\t\t\t\t\t\t\t<i class=\"fas fa-map-marker-alt\"><\/i><!--span class=\"dashicons dashicons-location\" style=\"font-size:20px\"><\/span-->\n\t\t\t\t\t\t\t<span>ES<\/span>\n\t\t\t\t\t\t<\/div>\t\n\t\t\t\t\t<\/div>\n\t\t\t\t<\/div>\n\t\t\t<\/div><div class=\"texto_opinion\"><\/p>\n<p>Desde mi experiencia con Uni\u00f3n Alcoyana durante el proceso de contrataci\u00f3n del seguro de repatriaci\u00f3n fue genial contar con profesionales en todo momento que resolvieron cada duda que pod\u00eda llegar a tener as\u00ed como de encargarse de la administraci\u00f3n de manera m\u00e1s oportuna , en mi caso lo hice con mucha prisa debido que mi hija se iba de erasmus y precisaba efectuarlo a la mayor brevedad posible posible, Uni\u00f3n Alcoyana me dio las mejores coberturas as\u00ed como la tranquilidad.<\/p>\n<p><\/div><\/div>\n<\/div><\/div><\/div><\/div>\n<p><div class=\"oficinas\"><br \/>\n<!-- Shortcode [uni%c3%b3n-alcoyana-hijas] does not exist --><\/p>\n<p><\/div> <h3><span class=\"ez-toc-section\" id=\"Paginas_relacionadas\"><\/span>P\u00e1ginas relacionadas<span class=\"ez-toc-section-end\"><\/span><\/h3><div class=\"enlazado\"><ul> <li><a href=\"https:\/\/idecesos.com\/seguros\/companias\/union-alcoyana\/opiniones\/\">Opiniones Uni\u00f3n Alcoyana<\/a><\/li> <li><a href=\"https:\/\/idecesos.com\/seguros\/companias\/union-alcoyana\/precio\/\">Precio seguro Uni\u00f3n Alcoyana<\/a><\/li> <li><a href=\"https:\/\/idecesos.com\/seguros\/companias\/union-alcoyana\/prima-mixta\/\">Uni\u00f3n Alcoyana Prima Mixta<\/a><\/li> <li><a href=\"https:\/\/idecesos.com\/seguros\/companias\/union-alcoyana\/prima-natural\/\">Uni\u00f3n Alcoyana Prima Natural<\/a><\/li> <li><a href=\"https:\/\/idecesos.com\/seguros\/companias\/union-alcoyana\/prima-nivelada\/\">Uni\u00f3n Alcoyana Prima Nivelada<\/a><\/li> <li><a href=\"https:\/\/idecesos.com\/seguros\/companias\/union-alcoyana\/prima-unica\/\">Uni\u00f3n Alcoyana Prima \u00danica<\/a><\/li> <li><a href=\"https:\/\/idecesos.com\/seguros\/companias\/union-alcoyana\/repatriacion\/\">Uni\u00f3n Alcoyana Repatriaci\u00f3n<\/a><\/li> <li><a href=\"https:\/\/idecesos.com\/seguros\/companias\/union-alcoyana\/telefono\/\">Tel\u00e9fono Gratuito Uni\u00f3n Alcoyana<\/a><\/li>                                                                                                                                                                                                                                                                                                                                                                                                                                                                                                                                                                                                                                                                                                                                                                                                                                                                                                                                                                                                                                                                                                                                                                                                                                                                                                                                                                                                                                                                                                                                                                                                                                                                                                                                                                                                                                                                                                                                                                                                                                                                                                                                                                                                                                                                                                                                                                                                                                                                                                                                                                                                                                                                                                                                                                                                                                                                                                                                                                                                                                                                                                                              <\/ul><\/div>\r\n<\/p>\n","protected":false},"excerpt":{"rendered":"<p>En todas las coberturas que pueda incluir el seguro de repatriaci\u00f3n Uni\u00f3n Alcoyana quedar\u00e1n las adicionales que vas a poder incluir siempre y cuando desees. En los \u00faltimos tiempo cada persona que ha dejado atr\u00e1s su pa\u00eds de origen para lograr vivir en Espa\u00f1a, es uno de los pa\u00edses que m\u00e1s extranjero acoge durante los&hellip; <\/p>\n","protected":false},"author":3,"featured_media":0,"parent":9485,"menu_order":0,"comment_status":"closed","ping_status":"closed","template":"single.php","meta":{"footnotes":""},"class_list":["post-11760","page","type-page","status-publish","hentry"],"yoast_head":"<!-- This site is optimized with the Yoast SEO plugin v27.3 - https:\/\/yoast.com\/product\/yoast-seo-wordpress\/ -->\n<title>Seguro Decesos Uni\u00f3n Alcoyana Repatriaci\u00f3n \u25b7 Opiniones y Precio 2026<\/title>\n<meta name=\"description\" content=\"Click aqu\u00ed \u3010Seguro de Decesos con repatriaci\u00f3n Uni\u00f3n Alcoyana\u3011 Mejores precios Uni\u00f3n Alcoyana seguro de fallecidos con repatriaci\u00f3n \u2611\ufe0f Actualizado por iDecesos\u00ae\" \/>\n<meta name=\"robots\" content=\"index, follow, max-snippet:-1, max-image-preview:large, max-video-preview:-1\" \/>\n<link rel=\"canonical\" href=\"https:\/\/idecesos.com\/seguros\/companias\/union-alcoyana\/repatriacion\/\" \/>\n<meta property=\"og:locale\" content=\"es_ES\" \/>\n<meta property=\"og:type\" content=\"article\" \/>\n<meta property=\"og:title\" content=\"Seguro Decesos Uni\u00f3n Alcoyana Repatriaci\u00f3n \u25b7 Opiniones y Precio 2026\" \/>\n<meta property=\"og:description\" content=\"Click aqu\u00ed \u3010Seguro de Decesos con repatriaci\u00f3n Uni\u00f3n Alcoyana\u3011 Mejores precios Uni\u00f3n Alcoyana seguro de fallecidos con repatriaci\u00f3n \u2611\ufe0f Actualizado por iDecesos\u00ae\" \/>\n<meta property=\"og:url\" content=\"https:\/\/idecesos.com\/seguros\/companias\/union-alcoyana\/repatriacion\/\" \/>\n<meta property=\"article:modified_time\" content=\"2022-04-07T22:16:46+00:00\" \/>\n<meta name=\"twitter:card\" content=\"summary_large_image\" \/>\n<meta name=\"twitter:label1\" content=\"Tiempo de lectura\" \/>\n\t<meta name=\"twitter:data1\" content=\"4 minutos\" \/>\n<script type=\"application\/ld+json\" class=\"yoast-schema-graph\">{\"@context\":\"https:\\\/\\\/schema.org\",\"@graph\":[{\"@type\":\"WebPage\",\"@id\":\"https:\\\/\\\/idecesos.com\\\/seguros\\\/companias\\\/union-alcoyana\\\/repatriacion\\\/\",\"url\":\"https:\\\/\\\/idecesos.com\\\/seguros\\\/companias\\\/union-alcoyana\\\/repatriacion\\\/\",\"name\":\"Seguro Decesos Uni\u00f3n Alcoyana Repatriaci\u00f3n \u25b7 Opiniones y Precio 2026\",\"isPartOf\":{\"@id\":\"https:\\\/\\\/idecesos.com\\\/seguros\\\/#website\"},\"datePublished\":\"2021-11-26T00:00:00+00:00\",\"dateModified\":\"2022-04-07T22:16:46+00:00\",\"description\":\"Click aqu\u00ed \u3010Seguro de Decesos con repatriaci\u00f3n Uni\u00f3n Alcoyana\u3011 Mejores precios Uni\u00f3n Alcoyana seguro de fallecidos con repatriaci\u00f3n \u2611\ufe0f Actualizado por iDecesos\u00ae\",\"breadcrumb\":{\"@id\":\"https:\\\/\\\/idecesos.com\\\/seguros\\\/companias\\\/union-alcoyana\\\/repatriacion\\\/#breadcrumb\"},\"inLanguage\":\"es\",\"potentialAction\":[{\"@type\":\"ReadAction\",\"target\":[\"https:\\\/\\\/idecesos.com\\\/seguros\\\/companias\\\/union-alcoyana\\\/repatriacion\\\/\"]}]},{\"@type\":\"BreadcrumbList\",\"@id\":\"https:\\\/\\\/idecesos.com\\\/seguros\\\/companias\\\/union-alcoyana\\\/repatriacion\\\/#breadcrumb\",\"itemListElement\":[{\"@type\":\"ListItem\",\"position\":1,\"name\":\"Portada\",\"item\":\"https:\\\/\\\/idecesos.com\\\/seguros\\\/\"},{\"@type\":\"ListItem\",\"position\":2,\"name\":\"Compa\u00f1\u00edas de Seguros de Decesos en Espa\u00f1a\",\"item\":\"https:\\\/\\\/idecesos.com\\\/seguros\\\/companias\\\/\"},{\"@type\":\"ListItem\",\"position\":3,\"name\":\"Seguros de decesos Uni\u00f3n Alcoyana\",\"item\":\"https:\\\/\\\/idecesos.com\\\/seguros\\\/companias\\\/union-alcoyana\\\/\"},{\"@type\":\"ListItem\",\"position\":4,\"name\":\"Seguro de decesos Uni\u00f3n Alcoyana con repatriaci\u00f3n\"}]},{\"@type\":\"WebSite\",\"@id\":\"https:\\\/\\\/idecesos.com\\\/seguros\\\/#website\",\"url\":\"https:\\\/\\\/idecesos.com\\\/seguros\\\/\",\"name\":\"\",\"description\":\"\",\"potentialAction\":[{\"@type\":\"SearchAction\",\"target\":{\"@type\":\"EntryPoint\",\"urlTemplate\":\"https:\\\/\\\/idecesos.com\\\/seguros\\\/?s={search_term_string}\"},\"query-input\":{\"@type\":\"PropertyValueSpecification\",\"valueRequired\":true,\"valueName\":\"search_term_string\"}}],\"inLanguage\":\"es\"}]}<\/script>\n<!-- \/ Yoast SEO plugin. -->","yoast_head_json":{"title":"Seguro Decesos Uni\u00f3n Alcoyana Repatriaci\u00f3n \u25b7 Opiniones y Precio 2026","description":"Click aqu\u00ed \u3010Seguro de Decesos con repatriaci\u00f3n Uni\u00f3n Alcoyana\u3011 Mejores precios Uni\u00f3n Alcoyana seguro de fallecidos con repatriaci\u00f3n \u2611\ufe0f Actualizado por iDecesos\u00ae","robots":{"index":"index","follow":"follow","max-snippet":"max-snippet:-1","max-image-preview":"max-image-preview:large","max-video-preview":"max-video-preview:-1"},"canonical":"https:\/\/idecesos.com\/seguros\/companias\/union-alcoyana\/repatriacion\/","og_locale":"es_ES","og_type":"article","og_title":"Seguro Decesos Uni\u00f3n Alcoyana Repatriaci\u00f3n \u25b7 Opiniones y Precio 2026","og_description":"Click aqu\u00ed \u3010Seguro de Decesos con repatriaci\u00f3n Uni\u00f3n Alcoyana\u3011 Mejores precios Uni\u00f3n Alcoyana seguro de fallecidos con repatriaci\u00f3n \u2611\ufe0f Actualizado por iDecesos\u00ae","og_url":"https:\/\/idecesos.com\/seguros\/companias\/union-alcoyana\/repatriacion\/","article_modified_time":"2022-04-07T22:16:46+00:00","twitter_card":"summary_large_image","twitter_misc":{"Tiempo de lectura":"4 minutos"},"schema":{"@context":"https:\/\/schema.org","@graph":[{"@type":"WebPage","@id":"https:\/\/idecesos.com\/seguros\/companias\/union-alcoyana\/repatriacion\/","url":"https:\/\/idecesos.com\/seguros\/companias\/union-alcoyana\/repatriacion\/","name":"Seguro Decesos Uni\u00f3n Alcoyana Repatriaci\u00f3n \u25b7 Opiniones y Precio 2026","isPartOf":{"@id":"https:\/\/idecesos.com\/seguros\/#website"},"datePublished":"2021-11-26T00:00:00+00:00","dateModified":"2022-04-07T22:16:46+00:00","description":"Click aqu\u00ed \u3010Seguro de Decesos con repatriaci\u00f3n Uni\u00f3n Alcoyana\u3011 Mejores precios Uni\u00f3n Alcoyana seguro de fallecidos con repatriaci\u00f3n \u2611\ufe0f Actualizado por iDecesos\u00ae","breadcrumb":{"@id":"https:\/\/idecesos.com\/seguros\/companias\/union-alcoyana\/repatriacion\/#breadcrumb"},"inLanguage":"es","potentialAction":[{"@type":"ReadAction","target":["https:\/\/idecesos.com\/seguros\/companias\/union-alcoyana\/repatriacion\/"]}]},{"@type":"BreadcrumbList","@id":"https:\/\/idecesos.com\/seguros\/companias\/union-alcoyana\/repatriacion\/#breadcrumb","itemListElement":[{"@type":"ListItem","position":1,"name":"Portada","item":"https:\/\/idecesos.com\/seguros\/"},{"@type":"ListItem","position":2,"name":"Compa\u00f1\u00edas de Seguros de Decesos en Espa\u00f1a","item":"https:\/\/idecesos.com\/seguros\/companias\/"},{"@type":"ListItem","position":3,"name":"Seguros de decesos Uni\u00f3n Alcoyana","item":"https:\/\/idecesos.com\/seguros\/companias\/union-alcoyana\/"},{"@type":"ListItem","position":4,"name":"Seguro de decesos Uni\u00f3n Alcoyana con repatriaci\u00f3n"}]},{"@type":"WebSite","@id":"https:\/\/idecesos.com\/seguros\/#website","url":"https:\/\/idecesos.com\/seguros\/","name":"","description":"","potentialAction":[{"@type":"SearchAction","target":{"@type":"EntryPoint","urlTemplate":"https:\/\/idecesos.com\/seguros\/?s={search_term_string}"},"query-input":{"@type":"PropertyValueSpecification","valueRequired":true,"valueName":"search_term_string"}}],"inLanguage":"es"}]}},"_links":{"self":[{"href":"https:\/\/idecesos.com\/seguros\/wp-json\/wp\/v2\/pages\/11760","targetHints":{"allow":["GET"]}}],"collection":[{"href":"https:\/\/idecesos.com\/seguros\/wp-json\/wp\/v2\/pages"}],"about":[{"href":"https:\/\/idecesos.com\/seguros\/wp-json\/wp\/v2\/types\/page"}],"author":[{"embeddable":true,"href":"https:\/\/idecesos.com\/seguros\/wp-json\/wp\/v2\/users\/3"}],"replies":[{"embeddable":true,"href":"https:\/\/idecesos.com\/seguros\/wp-json\/wp\/v2\/comments?post=11760"}],"version-history":[{"count":3,"href":"https:\/\/idecesos.com\/seguros\/wp-json\/wp\/v2\/pages\/11760\/revisions"}],"predecessor-version":[{"id":21088,"href":"https:\/\/idecesos.com\/seguros\/wp-json\/wp\/v2\/pages\/11760\/revisions\/21088"}],"up":[{"embeddable":true,"href":"https:\/\/idecesos.com\/seguros\/wp-json\/wp\/v2\/pages\/9485"}],"wp:attachment":[{"href":"https:\/\/idecesos.com\/seguros\/wp-json\/wp\/v2\/media?parent=11760"}],"curies":[{"name":"wp","href":"https:\/\/api.w.org\/{rel}","templated":true}]}}