{"id":11761,"date":"2021-11-26T00:00:00","date_gmt":"2021-11-26T00:00:00","guid":{"rendered":"https:\/\/idecesos.com\/seguros\/?page_id=11761"},"modified":"2022-01-03T12:30:10","modified_gmt":"2022-01-03T12:30:10","slug":"repatriacion","status":"publish","type":"page","link":"https:\/\/idecesos.com\/seguros\/companias\/clinicum\/repatriacion\/","title":{"rendered":"Seguro de decesos Clinicum con repatriaci\u00f3n"},"content":{"rendered":"<div id=\"ez-toc-container\" class=\"ez-toc-v2_0_82_2 ez-toc-wrap-center counter-hierarchy ez-toc-counter ez-toc-custom ez-toc-container-direction\">\n<div class=\"ez-toc-title-container\">\n<p class=\"ez-toc-title\" style=\"cursor:inherit\">Tabla de Contenido<\/p>\n<span class=\"ez-toc-title-toggle\"><a href=\"#\" class=\"ez-toc-pull-right ez-toc-btn ez-toc-btn-xs ez-toc-btn-default ez-toc-toggle\" aria-label=\"Alternar tabla de contenidos\"><span class=\"ez-toc-js-icon-con\"><span class=\"\"><span class=\"eztoc-hide\" style=\"display:none;\">Toggle<\/span><span class=\"ez-toc-icon-toggle-span\"><svg style=\"fill: #db6415;color:#db6415\" xmlns=\"http:\/\/www.w3.org\/2000\/svg\" class=\"list-377408\" width=\"20px\" height=\"20px\" viewBox=\"0 0 24 24\" fill=\"none\"><path d=\"M6 6H4v2h2V6zm14 0H8v2h12V6zM4 11h2v2H4v-2zm16 0H8v2h12v-2zM4 16h2v2H4v-2zm16 0H8v2h12v-2z\" fill=\"currentColor\"><\/path><\/svg><svg style=\"fill: #db6415;color:#db6415\" class=\"arrow-unsorted-368013\" xmlns=\"http:\/\/www.w3.org\/2000\/svg\" width=\"10px\" height=\"10px\" viewBox=\"0 0 24 24\" version=\"1.2\" baseProfile=\"tiny\"><path d=\"M18.2 9.3l-6.2-6.3-6.2 6.3c-.2.2-.3.4-.3.7s.1.5.3.7c.2.2.4.3.7.3h11c.3 0 .5-.1.7-.3.2-.2.3-.5.3-.7s-.1-.5-.3-.7zM5.8 14.7l6.2 6.3 6.2-6.3c.2-.2.3-.5.3-.7s-.1-.5-.3-.7c-.2-.2-.4-.3-.7-.3h-11c-.3 0-.5.1-.7.3-.2.2-.3.5-.3.7s.1.5.3.7z\"\/><\/svg><\/span><\/span><\/span><\/a><\/span><\/div>\n<nav><ul class='ez-toc-list ez-toc-list-level-1 ' ><li class='ez-toc-page-1 ez-toc-heading-level-2'><a class=\"ez-toc-link ez-toc-heading-1\" href=\"https:\/\/idecesos.com\/seguros\/companias\/clinicum\/repatriacion\/#Coberturas_seguro_Clinicum_con_repatriacion\" >Coberturas seguro Clinicum con repatriaci\u00f3n<\/a><ul class='ez-toc-list-level-3' ><li class='ez-toc-heading-level-3'><a class=\"ez-toc-link ez-toc-heading-2\" href=\"https:\/\/idecesos.com\/seguros\/companias\/clinicum\/repatriacion\/#%C2%BFA_quien_va_dirigido_el_seguro_de_decesos_con_repatriacion_de_Clinicum\" >\u00bfA qui\u00e9n va dirigido el seguro de decesos con repatriaci\u00f3n de Clinicum?<\/a><\/li><\/ul><\/li><li class='ez-toc-page-1 ez-toc-heading-level-2'><a class=\"ez-toc-link ez-toc-heading-3\" href=\"https:\/\/idecesos.com\/seguros\/companias\/clinicum\/repatriacion\/#Precio_de_seguro_de_decesos_Clinicum_con_repatriacion\" >Precio de seguro de decesos Clinicum con repatriaci\u00f3n<\/a><\/li><li class='ez-toc-page-1 ez-toc-heading-level-2'><a class=\"ez-toc-link ez-toc-heading-4\" href=\"https:\/\/idecesos.com\/seguros\/companias\/clinicum\/repatriacion\/#Productos_Repatriacion_Clinicum\" >Productos Repatriaci\u00f3n Clinicum<\/a><\/li><li class='ez-toc-page-1 ez-toc-heading-level-2'><a class=\"ez-toc-link ez-toc-heading-5\" href=\"https:\/\/idecesos.com\/seguros\/companias\/clinicum\/repatriacion\/#Opiniones_del_seguro_de_decesos_de_Repatriacion_de_Clinicum\" >Opiniones del seguro de decesos de Repatriaci\u00f3n de Clinicum<\/a><ul class='ez-toc-list-level-3' ><li class='ez-toc-heading-level-3'><a class=\"ez-toc-link ez-toc-heading-6\" href=\"https:\/\/idecesos.com\/seguros\/companias\/clinicum\/repatriacion\/#Paginas_relacionadas\" >P\u00e1ginas relacionadas<\/a><\/li><\/ul><\/li><\/ul><\/nav><\/div>\n\n<p>Adem\u00e1s que tenga las coberturas m\u00e1s b\u00e1sicas, el beneficio de este servicio dentro del seguro de repatriaci\u00f3n Clinicum es la de poder incluir coberturas. Los datos que mostramos ahora son reales en tanto que en los \u00faltimos tiempos Espa\u00f1a ha acogido a diferentes personas de diferentes nacionalidades, por lo que es uno de los pa\u00edses con m\u00e1s extranjeros si lo equiparamos con Alemania con 199117, Per\u00fa 193786 y Republica Dominicana 167176. Es necesario tenerlo todo bajo tu control y asegurarte que no te pille nada por imprevisto, y si en alg\u00fan momento sucede, que lo puedas administrar de una forma eficaz. A\u00fan no sabes que pasar\u00e1 cuando ocurra el \u00f3bito, ten presente que dentro de la repatriaci\u00f3n de los mejores servicios que cuenta es que quedan incluidas todas las personas emigrantes. Conseguir dar serenidad a tu familia es algo de suma importancia, en tanto que en cualquier una parte del planeta, le van a dar esas serenidad. <\/p>\n<p>Leer m\u00e1s: <a href=\"https:\/\/idecesos.com\/seguros\/tipo\/extranjeros-repatriacion\/\">Seguro de decesos con repatriaci\u00f3n<\/a><\/p>\n<div class=\"colorf \"  ><div class=\"container clearfix\"><div class=\"col-md-7\"><\/p>\n<h2><span class=\"ez-toc-section\" id=\"Coberturas_seguro_Clinicum_con_repatriacion\"><\/span>Coberturas seguro Clinicum con repatriaci\u00f3n<span class=\"ez-toc-section-end\"><\/span><\/h2>\n<p>Si eres una de las personas que residen fuera de Espa\u00f1a, las coberturas que vienen en decesos de repatriaci\u00f3n en Clinicum son las que mejor se marchan adaptar a ti, haci\u00e9ndose ellos cargos de todos los gastos en el instante que ocurra el \u00f3bito, gestionando tu traslado a tu sitio de origen. Dentro de un grupo de coberturas, hay uno de ellos que destaca por el servicio tan recordable con un uso de suma importancia. Dentro de las distintas compa\u00f1\u00edas aseguradoras conseguir\u00e1s esta cobertura gracias a conseguir un contrato de un seguro de viaje, seguro de salud y sobre todo el seguro de decesos. Una de las cualidades a fin de que tengas en cuenta es que obtendr\u00e1s la contrataci\u00f3n del seguro de repatriaci\u00f3n de una forma m\u00e1s \u00fanica. <\/p>\n<p><\/div><\/div><\/div>\n<h3><span class=\"ez-toc-section\" id=\"%C2%BFA_quien_va_dirigido_el_seguro_de_decesos_con_repatriacion_de_Clinicum\"><\/span>\u00bfA qui\u00e9n va dirigido el seguro de decesos con repatriaci\u00f3n de Clinicum?<span class=\"ez-toc-section-end\"><\/span><\/h3>\n<p>En tus motivos est\u00e1 la de ahorrar a tu familiar un gasto exorbitante, gracias a la contrataci\u00f3n del seguro de decesos de repatriaci\u00f3n de Clinicum, evitar\u00e1s todo eso. Si adem\u00e1s eres una persona que radica en cualquier parte del planeta, este seguro se adaptar\u00e1 a tus medidas. Dentro de todas coberturas que incluye, lo m\u00e1s destacable es la seguridad de queda cubierto de forma completa los gastos derivados del sepelio, queda cubierto dentro de su localidad nacional o bien donde resida el asegurado, queda tambi\u00e9n al cubierto en cualquier lugar del mundo, conforme los puntos que vengan en el contrato del seguro. <\/p>\n<div class=\"colorf \"  ><div class=\"container clearfix\"><div class=\"col-md-7\"><\/p>\n<h2><span class=\"ez-toc-section\" id=\"Precio_de_seguro_de_decesos_Clinicum_con_repatriacion\"><\/span>Precio de seguro de decesos Clinicum con repatriaci\u00f3n<span class=\"ez-toc-section-end\"><\/span><\/h2>\n<p>El precio de seguro de decesos repatriaci\u00f3n de la Clinicum se tendr\u00e1 en cuenta las coberturas que incluyan la p\u00f3liza, por lo que seguramente en cada uno puede llegar a tener un coste diferente, depender\u00e1 de la p\u00f3liza contratada o bien de la prima que se haya elegido. <\/p>\n<p><\/div><\/div><\/div>\n<h2><span class=\"ez-toc-section\" id=\"Productos_Repatriacion_Clinicum\"><\/span>Productos Repatriaci\u00f3n Clinicum<span class=\"ez-toc-section-end\"><\/span><\/h2>\n<div class=\"colorf\"><div class=\"container clearfix\"><div class=\"col-md-7\"><div class=\"opiniones\">\n<h2><span class=\"ez-toc-section\" id=\"Opiniones_del_seguro_de_decesos_de_Repatriacion_de_Clinicum\"><\/span>Opiniones del seguro de decesos de Repatriaci\u00f3n de Clinicum<span class=\"ez-toc-section-end\"><\/span><\/h2>\n<p>&nbsp;<\/p>\n<div class=\"opinion \"  >\n\t\t\t<div class=\"cabecera_opinion\">\n\t\t\t\t<div class=\"avatar\">S M <\/div>\n\t\t\t\t<div class=\"datos_opinion\">\n\t\t\t\t\t<div class=\"nombre_opinion\">Sergio Mengual<\/div>\n\t\t\t\t\t<div class=\"info_opinion\">\t\t\t\t\t\t\n\t\t\t\t\t\t<div class=\"cuenta_opinion\"><i class=\"fas fa-pencil-alt\"><\/i><!--span class=\"dashicons dashicons-edit\" style=\"font-size:20px\"><\/span--><span>1 Opini\u00f3n<\/span><\/div>\t\t\t\t\t\t\n\t\t\t\t\t\t<div class=\"localizacion_opinion\">\n\t\t\t\t\t\t\t<i class=\"fas fa-map-marker-alt\"><\/i><!--span class=\"dashicons dashicons-location\" style=\"font-size:20px\"><\/span-->\n\t\t\t\t\t\t\t<span>ES<\/span>\n\t\t\t\t\t\t<\/div>\t\n\t\t\t\t\t<\/div>\n\t\t\t\t<\/div>\n\t\t\t<\/div><div class=\"texto_opinion\"><\/p>\n<p>Hace m\u00e1s de 5 a\u00f1os decidimos efectuar un viaje con mis progenitores, por desgracia mi madre falleci\u00f3 en el viaje, con lo que gracias a que realizamos la contrataci\u00f3n de un seguro de decesos hace mucho tiempo, dentro de las coberturas que ten\u00eda era repatriaci\u00f3n en cualquier sitio del mundo, con lo que nos facilit\u00f3 mucho el poder traer a mi madre a su sitio de origen, con todo los gastos cubiertos respecto al fallecimiento, recibimos mucho apoyo durante el viaje por lo que nos sentimos muy respaldados en todo instante.<\/p>\n<p><\/div><\/div>\n<div class=\"opinion \"  >\n\t\t\t<div class=\"cabecera_opinion\">\n\t\t\t\t<div class=\"avatar\">E V <\/div>\n\t\t\t\t<div class=\"datos_opinion\">\n\t\t\t\t\t<div class=\"nombre_opinion\">Eusebia Villena<\/div>\n\t\t\t\t\t<div class=\"info_opinion\">\t\t\t\t\t\t\n\t\t\t\t\t\t<div class=\"cuenta_opinion\"><i class=\"fas fa-pencil-alt\"><\/i><!--span class=\"dashicons dashicons-edit\" style=\"font-size:20px\"><\/span--><span>1 Opini\u00f3n<\/span><\/div>\t\t\t\t\t\t\n\t\t\t\t\t\t<div class=\"localizacion_opinion\">\n\t\t\t\t\t\t\t<i class=\"fas fa-map-marker-alt\"><\/i><!--span class=\"dashicons dashicons-location\" style=\"font-size:20px\"><\/span-->\n\t\t\t\t\t\t\t<span>ES<\/span>\n\t\t\t\t\t\t<\/div>\t\n\t\t\t\t\t<\/div>\n\t\t\t\t<\/div>\n\t\t\t<\/div><div class=\"texto_opinion\"><\/p>\n<p>Desde mi experiencia con Clinicum a lo largo del proceso de contrataci\u00f3n del seguro de repatriaci\u00f3n fue genial contar con profesionales en todo momento que resolvieron cada duda que pod\u00eda llegar a tener as\u00ed como de encargarse de la administraci\u00f3n de forma m\u00e1s oportuna , en mi caso  lo hice con mucha prisa debido que mi hija se iba de erasmus y precisaba efectuarlo a la mayor brevedad posible, Clinicum me dio las mejores coberturas como la calma.<\/p>\n<p><\/div><\/div>\n<div class=\"opinion \"  >\n\t\t\t<div class=\"cabecera_opinion\">\n\t\t\t\t<div class=\"avatar\">R E <\/div>\n\t\t\t\t<div class=\"datos_opinion\">\n\t\t\t\t\t<div class=\"nombre_opinion\">Roc\u00edo Enr\u00edquez<\/div>\n\t\t\t\t\t<div class=\"info_opinion\">\t\t\t\t\t\t\n\t\t\t\t\t\t<div class=\"cuenta_opinion\"><i class=\"fas fa-pencil-alt\"><\/i><!--span class=\"dashicons dashicons-edit\" style=\"font-size:20px\"><\/span--><span>1 Opini\u00f3n<\/span><\/div>\t\t\t\t\t\t\n\t\t\t\t\t\t<div class=\"localizacion_opinion\">\n\t\t\t\t\t\t\t<i class=\"fas fa-map-marker-alt\"><\/i><!--span class=\"dashicons dashicons-location\" style=\"font-size:20px\"><\/span-->\n\t\t\t\t\t\t\t<span>ES<\/span>\n\t\t\t\t\t\t<\/div>\t\n\t\t\t\t\t<\/div>\n\t\t\t\t<\/div>\n\t\t\t<\/div><div class=\"texto_opinion\"><\/p>\n<p>Llevo con esta empresa aseguradora m\u00e1s de 15 a\u00f1os, mis padres ya lo ten\u00edan desde que eran j\u00f3venes, casi toda mi familia lo ten\u00eda, sin embargo en un d\u00eda desafortunado falleci\u00f3 mi hermano siendo una de las p\u00e9rdidas m\u00e1s grande en toda mi familia, o sea de los peores instantes para todos, nos cogi\u00f3 por sorpresa a todos, pero he decir que merced a tener el seguro de decesos contratado, la compa\u00f1\u00eda se ocup\u00f3 de todo a lo largo de esa transici\u00f3n tan dura, adem\u00e1s de que nuestra mente estaba en otro parte, nos hubiese resultado bastante dif\u00edcil sin su ayuda, quedo todos los gastos de sepelio cubierto, merced a las sesiones psicol\u00f3gicas que aportan, conseguimos prosperar, estoy agradecida por el servicio que nos dieron, as\u00ed como la calidad reciba.<\/p>\n<p><\/div><\/div>\n<\/div><\/div><\/div><\/div>\n<p><div class=\"oficinas\"><br \/>\n<h3><span class=\"ez-toc-section\" id=\"Paginas_relacionadas\"><\/span>P\u00e1ginas relacionadas<span class=\"ez-toc-section-end\"><\/span><\/h3><div class=\"enlazado\"><ul> <li><a href=\"https:\/\/idecesos.com\/seguros\/companias\/clinicum\/opiniones\/\">Opiniones Clinicum<\/a><\/li> <li><a href=\"https:\/\/idecesos.com\/seguros\/companias\/clinicum\/precio\/\">Precio seguro Clinicum<\/a><\/li> <li><a href=\"https:\/\/idecesos.com\/seguros\/companias\/clinicum\/prima-mixta\/\">Clinicum Prima Mixta<\/a><\/li> <li><a href=\"https:\/\/idecesos.com\/seguros\/companias\/clinicum\/prima-natural\/\">Clinicum Prima Natural<\/a><\/li> <li><a href=\"https:\/\/idecesos.com\/seguros\/companias\/clinicum\/prima-nivelada\/\">Clinicum Prima Nivelada<\/a><\/li> <li><a href=\"https:\/\/idecesos.com\/seguros\/companias\/clinicum\/prima-unica\/\">Clinicum Prima \u00danica<\/a><\/li> <li><a href=\"https:\/\/idecesos.com\/seguros\/companias\/clinicum\/repatriacion\/\">Clinicum Repatriaci\u00f3n<\/a><\/li> <li><a href=\"https:\/\/idecesos.com\/seguros\/companias\/clinicum\/telefono\/\">Tel\u00e9fono Gratuito Clinicum<\/a><\/li><\/ul><\/div><\/p>\n<\/div>\n","protected":false},"excerpt":{"rendered":"<p>Adem\u00e1s que tenga las coberturas m\u00e1s b\u00e1sicas, el beneficio de este servicio dentro del seguro de repatriaci\u00f3n Clinicum es la de poder incluir coberturas. Los datos que mostramos ahora son reales en tanto que en los \u00faltimos tiempos Espa\u00f1a ha acogido a diferentes personas de diferentes nacionalidades, por lo que es uno de los pa\u00edses&hellip; <\/p>\n","protected":false},"author":3,"featured_media":0,"parent":9488,"menu_order":0,"comment_status":"closed","ping_status":"closed","template":"single.php","meta":{"footnotes":""},"class_list":["post-11761","page","type-page","status-publish","hentry"],"yoast_head":"<!-- This site is optimized with the Yoast SEO plugin v27.2 - https:\/\/yoast.com\/product\/yoast-seo-wordpress\/ -->\n<title>Seguro Decesos Clinicum Repatriaci\u00f3n \u25b7 Opiniones y Precio 2026<\/title>\n<meta name=\"description\" content=\"Click aqu\u00ed \u3010Seguro de Decesos con repatriaci\u00f3n Clinicum\u3011 Mejores precios Clinicum seguro de fallecidos con repatriaci\u00f3n \u2611\ufe0f Actualizado por iDecesos\u00ae\" \/>\n<meta name=\"robots\" content=\"index, follow, max-snippet:-1, max-image-preview:large, max-video-preview:-1\" \/>\n<link rel=\"canonical\" href=\"https:\/\/idecesos.com\/seguros\/companias\/clinicum\/repatriacion\/\" \/>\n<meta property=\"og:locale\" content=\"es_ES\" \/>\n<meta property=\"og:type\" content=\"article\" \/>\n<meta property=\"og:title\" content=\"Seguro Decesos Clinicum Repatriaci\u00f3n \u25b7 Opiniones y Precio 2026\" \/>\n<meta property=\"og:description\" content=\"Click aqu\u00ed \u3010Seguro de Decesos con repatriaci\u00f3n Clinicum\u3011 Mejores precios Clinicum seguro de fallecidos con repatriaci\u00f3n \u2611\ufe0f Actualizado por iDecesos\u00ae\" \/>\n<meta property=\"og:url\" content=\"https:\/\/idecesos.com\/seguros\/companias\/clinicum\/repatriacion\/\" \/>\n<meta property=\"article:modified_time\" content=\"2022-01-03T12:30:10+00:00\" \/>\n<meta name=\"twitter:card\" content=\"summary_large_image\" \/>\n<meta name=\"twitter:label1\" content=\"Tiempo de lectura\" \/>\n\t<meta name=\"twitter:data1\" content=\"56 minutos\" \/>\n<script type=\"application\/ld+json\" class=\"yoast-schema-graph\">{\"@context\":\"https:\/\/schema.org\",\"@graph\":[{\"@type\":\"WebPage\",\"@id\":\"https:\/\/idecesos.com\/seguros\/companias\/clinicum\/repatriacion\/\",\"url\":\"https:\/\/idecesos.com\/seguros\/companias\/clinicum\/repatriacion\/\",\"name\":\"Seguro Decesos Clinicum Repatriaci\u00f3n \u25b7 Opiniones y Precio 2026\",\"isPartOf\":{\"@id\":\"https:\/\/idecesos.com\/seguros\/#website\"},\"datePublished\":\"2021-11-26T00:00:00+00:00\",\"dateModified\":\"2022-01-03T12:30:10+00:00\",\"description\":\"Click aqu\u00ed \u3010Seguro de Decesos con repatriaci\u00f3n Clinicum\u3011 Mejores precios Clinicum seguro de fallecidos con repatriaci\u00f3n \u2611\ufe0f Actualizado por iDecesos\u00ae\",\"breadcrumb\":{\"@id\":\"https:\/\/idecesos.com\/seguros\/companias\/clinicum\/repatriacion\/#breadcrumb\"},\"inLanguage\":\"es\",\"potentialAction\":[{\"@type\":\"ReadAction\",\"target\":[\"https:\/\/idecesos.com\/seguros\/companias\/clinicum\/repatriacion\/\"]}]},{\"@type\":\"BreadcrumbList\",\"@id\":\"https:\/\/idecesos.com\/seguros\/companias\/clinicum\/repatriacion\/#breadcrumb\",\"itemListElement\":[{\"@type\":\"ListItem\",\"position\":1,\"name\":\"Portada\",\"item\":\"https:\/\/idecesos.com\/seguros\/\"},{\"@type\":\"ListItem\",\"position\":2,\"name\":\"Compa\u00f1\u00edas de Seguros de Decesos en Espa\u00f1a\",\"item\":\"https:\/\/idecesos.com\/seguros\/companias\/\"},{\"@type\":\"ListItem\",\"position\":3,\"name\":\"Seguros de decesos Cl\u00ednicum\",\"item\":\"https:\/\/idecesos.com\/seguros\/companias\/clinicum\/\"},{\"@type\":\"ListItem\",\"position\":4,\"name\":\"Seguro de decesos Clinicum con repatriaci\u00f3n\"}]},{\"@type\":\"WebSite\",\"@id\":\"https:\/\/idecesos.com\/seguros\/#website\",\"url\":\"https:\/\/idecesos.com\/seguros\/\",\"name\":\"\",\"description\":\"\",\"potentialAction\":[{\"@type\":\"SearchAction\",\"target\":{\"@type\":\"EntryPoint\",\"urlTemplate\":\"https:\/\/idecesos.com\/seguros\/?s={search_term_string}\"},\"query-input\":{\"@type\":\"PropertyValueSpecification\",\"valueRequired\":true,\"valueName\":\"search_term_string\"}}],\"inLanguage\":\"es\"}]}<\/script>\n<!-- \/ Yoast SEO plugin. -->","yoast_head_json":{"title":"Seguro Decesos Clinicum Repatriaci\u00f3n \u25b7 Opiniones y Precio 2026","description":"Click aqu\u00ed \u3010Seguro de Decesos con repatriaci\u00f3n Clinicum\u3011 Mejores precios Clinicum seguro de fallecidos con repatriaci\u00f3n \u2611\ufe0f Actualizado por iDecesos\u00ae","robots":{"index":"index","follow":"follow","max-snippet":"max-snippet:-1","max-image-preview":"max-image-preview:large","max-video-preview":"max-video-preview:-1"},"canonical":"https:\/\/idecesos.com\/seguros\/companias\/clinicum\/repatriacion\/","og_locale":"es_ES","og_type":"article","og_title":"Seguro Decesos Clinicum Repatriaci\u00f3n \u25b7 Opiniones y Precio 2026","og_description":"Click aqu\u00ed \u3010Seguro de Decesos con repatriaci\u00f3n Clinicum\u3011 Mejores precios Clinicum seguro de fallecidos con repatriaci\u00f3n \u2611\ufe0f Actualizado por iDecesos\u00ae","og_url":"https:\/\/idecesos.com\/seguros\/companias\/clinicum\/repatriacion\/","article_modified_time":"2022-01-03T12:30:10+00:00","twitter_card":"summary_large_image","twitter_misc":{"Tiempo de lectura":"56 minutos"},"schema":{"@context":"https:\/\/schema.org","@graph":[{"@type":"WebPage","@id":"https:\/\/idecesos.com\/seguros\/companias\/clinicum\/repatriacion\/","url":"https:\/\/idecesos.com\/seguros\/companias\/clinicum\/repatriacion\/","name":"Seguro Decesos Clinicum Repatriaci\u00f3n \u25b7 Opiniones y Precio 2026","isPartOf":{"@id":"https:\/\/idecesos.com\/seguros\/#website"},"datePublished":"2021-11-26T00:00:00+00:00","dateModified":"2022-01-03T12:30:10+00:00","description":"Click aqu\u00ed \u3010Seguro de Decesos con repatriaci\u00f3n Clinicum\u3011 Mejores precios Clinicum seguro de fallecidos con repatriaci\u00f3n \u2611\ufe0f Actualizado por iDecesos\u00ae","breadcrumb":{"@id":"https:\/\/idecesos.com\/seguros\/companias\/clinicum\/repatriacion\/#breadcrumb"},"inLanguage":"es","potentialAction":[{"@type":"ReadAction","target":["https:\/\/idecesos.com\/seguros\/companias\/clinicum\/repatriacion\/"]}]},{"@type":"BreadcrumbList","@id":"https:\/\/idecesos.com\/seguros\/companias\/clinicum\/repatriacion\/#breadcrumb","itemListElement":[{"@type":"ListItem","position":1,"name":"Portada","item":"https:\/\/idecesos.com\/seguros\/"},{"@type":"ListItem","position":2,"name":"Compa\u00f1\u00edas de Seguros de Decesos en Espa\u00f1a","item":"https:\/\/idecesos.com\/seguros\/companias\/"},{"@type":"ListItem","position":3,"name":"Seguros de decesos Cl\u00ednicum","item":"https:\/\/idecesos.com\/seguros\/companias\/clinicum\/"},{"@type":"ListItem","position":4,"name":"Seguro de decesos Clinicum con repatriaci\u00f3n"}]},{"@type":"WebSite","@id":"https:\/\/idecesos.com\/seguros\/#website","url":"https:\/\/idecesos.com\/seguros\/","name":"","description":"","potentialAction":[{"@type":"SearchAction","target":{"@type":"EntryPoint","urlTemplate":"https:\/\/idecesos.com\/seguros\/?s={search_term_string}"},"query-input":{"@type":"PropertyValueSpecification","valueRequired":true,"valueName":"search_term_string"}}],"inLanguage":"es"}]}},"_links":{"self":[{"href":"https:\/\/idecesos.com\/seguros\/wp-json\/wp\/v2\/pages\/11761","targetHints":{"allow":["GET"]}}],"collection":[{"href":"https:\/\/idecesos.com\/seguros\/wp-json\/wp\/v2\/pages"}],"about":[{"href":"https:\/\/idecesos.com\/seguros\/wp-json\/wp\/v2\/types\/page"}],"author":[{"embeddable":true,"href":"https:\/\/idecesos.com\/seguros\/wp-json\/wp\/v2\/users\/3"}],"replies":[{"embeddable":true,"href":"https:\/\/idecesos.com\/seguros\/wp-json\/wp\/v2\/comments?post=11761"}],"version-history":[{"count":2,"href":"https:\/\/idecesos.com\/seguros\/wp-json\/wp\/v2\/pages\/11761\/revisions"}],"predecessor-version":[{"id":13283,"href":"https:\/\/idecesos.com\/seguros\/wp-json\/wp\/v2\/pages\/11761\/revisions\/13283"}],"up":[{"embeddable":true,"href":"https:\/\/idecesos.com\/seguros\/wp-json\/wp\/v2\/pages\/9488"}],"wp:attachment":[{"href":"https:\/\/idecesos.com\/seguros\/wp-json\/wp\/v2\/media?parent=11761"}],"curies":[{"name":"wp","href":"https:\/\/api.w.org\/{rel}","templated":true}]}}