{"id":11763,"date":"2021-11-26T00:00:00","date_gmt":"2021-11-26T00:00:00","guid":{"rendered":"https:\/\/idecesos.com\/seguros\/?page_id=11763"},"modified":"2022-04-07T22:15:58","modified_gmt":"2022-04-07T22:15:58","slug":"prima-nivelada","status":"publish","type":"page","link":"https:\/\/idecesos.com\/seguros\/companias\/union-alcoyana\/prima-nivelada\/","title":{"rendered":"Seguro de decesos Uni\u00f3n Alcoyana Prima Nivelada"},"content":{"rendered":"<div id=\"ez-toc-container\" class=\"ez-toc-v2_0_82_2 ez-toc-wrap-center counter-hierarchy ez-toc-counter ez-toc-custom ez-toc-container-direction\">\n<div class=\"ez-toc-title-container\">\n<p class=\"ez-toc-title\" style=\"cursor:inherit\">Tabla de Contenido<\/p>\n<span class=\"ez-toc-title-toggle\"><a href=\"#\" class=\"ez-toc-pull-right ez-toc-btn ez-toc-btn-xs ez-toc-btn-default ez-toc-toggle\" aria-label=\"Alternar tabla de contenidos\"><span class=\"ez-toc-js-icon-con\"><span class=\"\"><span class=\"eztoc-hide\" style=\"display:none;\">Toggle<\/span><span class=\"ez-toc-icon-toggle-span\"><svg style=\"fill: #db6415;color:#db6415\" xmlns=\"http:\/\/www.w3.org\/2000\/svg\" class=\"list-377408\" width=\"20px\" height=\"20px\" viewBox=\"0 0 24 24\" fill=\"none\"><path d=\"M6 6H4v2h2V6zm14 0H8v2h12V6zM4 11h2v2H4v-2zm16 0H8v2h12v-2zM4 16h2v2H4v-2zm16 0H8v2h12v-2z\" fill=\"currentColor\"><\/path><\/svg><svg style=\"fill: #db6415;color:#db6415\" class=\"arrow-unsorted-368013\" xmlns=\"http:\/\/www.w3.org\/2000\/svg\" width=\"10px\" height=\"10px\" viewBox=\"0 0 24 24\" version=\"1.2\" baseProfile=\"tiny\"><path d=\"M18.2 9.3l-6.2-6.3-6.2 6.3c-.2.2-.3.4-.3.7s.1.5.3.7c.2.2.4.3.7.3h11c.3 0 .5-.1.7-.3.2-.2.3-.5.3-.7s-.1-.5-.3-.7zM5.8 14.7l6.2 6.3 6.2-6.3c.2-.2.3-.5.3-.7s-.1-.5-.3-.7c-.2-.2-.4-.3-.7-.3h-11c-.3 0-.5.1-.7.3-.2.2-.3.5-.3.7s.1.5.3.7z\"\/><\/svg><\/span><\/span><\/span><\/a><\/span><\/div>\n<nav><ul class='ez-toc-list ez-toc-list-level-1 ' ><li class='ez-toc-page-1 ez-toc-heading-level-2'><a class=\"ez-toc-link ez-toc-heading-1\" href=\"https:\/\/idecesos.com\/seguros\/companias\/union-alcoyana\/prima-nivelada\/#Coberturas_seguro_Prima_Nivelada_Union_Alcoyana\" >Coberturas seguro Prima Nivelada Uni\u00f3n Alcoyana<\/a><ul class='ez-toc-list-level-3' ><li class='ez-toc-heading-level-3'><a class=\"ez-toc-link ez-toc-heading-2\" href=\"https:\/\/idecesos.com\/seguros\/companias\/union-alcoyana\/prima-nivelada\/#%C2%BFA_quien_va_dirigido_el_seguro_de_decesos_Prima_Nivelada_de_Union_Alcoyana\" >\u00bfA qui\u00e9n va dirigido el seguro de decesos Prima Nivelada de Uni\u00f3n Alcoyana?<\/a><\/li><\/ul><\/li><li class='ez-toc-page-1 ez-toc-heading-level-2'><a class=\"ez-toc-link ez-toc-heading-3\" href=\"https:\/\/idecesos.com\/seguros\/companias\/union-alcoyana\/prima-nivelada\/#Precio_de_seguro_de_decesos_Prima_Nivelada_Union_Alcoyana\" >Precio de seguro de decesos Prima Nivelada Uni\u00f3n Alcoyana<\/a><\/li><li class='ez-toc-page-1 ez-toc-heading-level-2'><a class=\"ez-toc-link ez-toc-heading-4\" href=\"https:\/\/idecesos.com\/seguros\/companias\/union-alcoyana\/prima-nivelada\/#Productos_Prima_Nivelada_Union_Alcoyana\" >Productos Prima Nivelada Uni\u00f3n Alcoyana<\/a><\/li><li class='ez-toc-page-1 ez-toc-heading-level-2'><a class=\"ez-toc-link ez-toc-heading-5\" href=\"https:\/\/idecesos.com\/seguros\/companias\/union-alcoyana\/prima-nivelada\/#Opiniones_del_seguro_de_decesos_de_Prima_Nivelada_de_Union_Alcoyana\" >Opiniones del seguro de decesos de Prima Nivelada de Uni\u00f3n Alcoyana<\/a><ul class='ez-toc-list-level-3' ><li class='ez-toc-heading-level-3'><a class=\"ez-toc-link ez-toc-heading-6\" href=\"https:\/\/idecesos.com\/seguros\/companias\/union-alcoyana\/prima-nivelada\/#Paginas_relacionadas\" >P\u00e1ginas relacionadas<\/a><\/li><\/ul><\/li><\/ul><\/nav><\/div>\n\n<p>Dentro de los seguros que buscas quieres que se halle una prima continuada de la que no contempla alteraciones a largo del tiempo por lo que el seguro de prima nivelada Uni\u00f3n Alcoyana es la m\u00e1s atinada. Con el seguro de prima nivelada Uni\u00f3n Alcoyana va a quedar de manera autom\u00e1tica la tasa de la p\u00f3liza conforme a la edad contratada y va a quedar de forma regulada en el momento que se a\u00f1adan ciertos gastos que tengan que ver con el servicio mortuorio.<\/p>\n<p>Leer m\u00e1s: <a href=\"https:\/\/idecesos.com\/seguros\/tipo\/nivelada\/\">Seguro de decesos Prima Nivelada<\/a><\/p>\n<div class=\"colorf \"  ><div class=\"container clearfix\"><div class=\"col-md-7\"><\/p>\n<h2><span class=\"ez-toc-section\" id=\"Coberturas_seguro_Prima_Nivelada_Union_Alcoyana\"><\/span>Coberturas seguro Prima Nivelada Uni\u00f3n Alcoyana<span class=\"ez-toc-section-end\"><\/span><\/h2>\n<p>Prima nivelada de Uni\u00f3n Alcoyana da unas coberturas de calidad para sus clientes del servicio, dando el mejor servicio y dedicaci\u00f3n en las funerarias. Dando altas expectativas de sus garant\u00edas. resaltamos las pr\u00f3ximas garant\u00edas; desplazamiento en veh\u00edculo mortuorio, ata\u00fad, tanatorio con todos sus servicios internos incluidos para mayor confort de la familia, necrol\u00f3gica, recordatorios, entierro si desean la inhumaci\u00f3n o urna en el caso de cremaci\u00f3n, y gestoria para las tramitaciones ante todos los organismos p\u00fablicos a fin de que quede absolutamente legal el registro del deceso. Han renovado sus servicios de prima nivelada dej\u00e1ndolos de forma actual en Uni\u00f3n Alcoyana destacando como de las mejores en los diferentes mercados que existen. Donde vas a poder contar con entierro o incineraci\u00f3n. \u00bfQu\u00e9 cubre el seguro de decesos Uni\u00f3n Alcoyana? es el interrogante m\u00e1s esencial antes de contratar, y simplemente comparando en iDecesos podr\u00e1 corroborar toda la informaci\u00f3n facilitada y ver condiciones generales y el documento informativo del producto que le parezca m\u00e1s interesante de prima nivelada.<\/p>\n<p><\/div><\/div><\/div>\n<h3><span class=\"ez-toc-section\" id=\"%C2%BFA_quien_va_dirigido_el_seguro_de_decesos_Prima_Nivelada_de_Union_Alcoyana\"><\/span>\u00bfA qui\u00e9n va dirigido el seguro de decesos Prima Nivelada de Uni\u00f3n Alcoyana?<span class=\"ez-toc-section-end\"><\/span><\/h3>\n<p>\u00bfQu\u00e9 es lo que destaca el seguro de prima nivelada de Uni\u00f3n Alcoyana? es de las m\u00e1s acertadas ya que se adapta al nivel econ\u00f3mico de cada cliente del servicio. El 90 por ciento de las personas que adquieren este tipo de p\u00f3liza son mayores en tanto que quieren tener una cuota incesante que no var\u00ede con los a\u00f1os. De las diferentes modalidades el 65 por cien optan por este servicio en Uni\u00f3n Alcoyana ya que es de las mejores conforme las opiniones de cada cliente del servicio.<\/p>\n<div class=\"colorf \"  ><div class=\"container clearfix\"><div class=\"col-md-7\"><\/p>\n<h2><span class=\"ez-toc-section\" id=\"Precio_de_seguro_de_decesos_Prima_Nivelada_Union_Alcoyana\"><\/span>Precio de seguro de decesos Prima Nivelada Uni\u00f3n Alcoyana<span class=\"ez-toc-section-end\"><\/span><\/h2>\n<p>El precio de la prima nivelada de la Uni\u00f3n Alcoyana se encuentra en torno a 4,99\u20ac al mes, deber\u00e1s tener en consideraci\u00f3n que este coste va a ir dependiendo de la persona asegurada, puesto que se calculan en base a la edad, mas no resultar\u00e1 cambiante con el tiempo. Gracias a iDecesos toda la informaci\u00f3n te resultar\u00e1 m\u00e1s entendible, podr\u00e1s eludir cualquier registro, ahora es mucho m\u00e1s f\u00e1cil.<\/p>\n<p><\/div><\/div><\/div>\n<h2><span class=\"ez-toc-section\" id=\"Productos_Prima_Nivelada_Union_Alcoyana\"><\/span>Productos Prima Nivelada Uni\u00f3n Alcoyana<span class=\"ez-toc-section-end\"><\/span><\/h2>\n<div class=\"colorf\"><div class=\"container clearfix\"><div class=\"col-md-7\"><div class=\"opiniones\">\n<h2><span class=\"ez-toc-section\" id=\"Opiniones_del_seguro_de_decesos_de_Prima_Nivelada_de_Union_Alcoyana\"><\/span>Opiniones del seguro de decesos de Prima Nivelada de Uni\u00f3n Alcoyana<span class=\"ez-toc-section-end\"><\/span><\/h2>\n<p>Las creencias del seguro de prima nivelada de Uni\u00f3n Alcoyana por la parte de iDecesos comparador experto en seguros de defunci\u00f3n, es muy conveniente. Este criterio se basa en un an\u00e1lisis profundo cobertura a cobertura y haciendo un estudio de mercado con otras compa\u00f1\u00edas que ofertan prima nivelada.<\/p>\n<div class=\"opinion \"  >\n\t\t\t<div class=\"cabecera_opinion\">\n\t\t\t\t<div class=\"avatar\">T D <\/div>\n\t\t\t\t<div class=\"datos_opinion\">\n\t\t\t\t\t<div class=\"nombre_opinion\">Tom\u00e1s D\u00edaz<\/div>\n\t\t\t\t\t<div class=\"info_opinion\">\t\t\t\t\t\t\n\t\t\t\t\t\t<div class=\"cuenta_opinion\"><i class=\"fas fa-pencil-alt\"><\/i><!--span class=\"dashicons dashicons-edit\" style=\"font-size:20px\"><\/span--><span>1 Opini\u00f3n<\/span><\/div>\t\t\t\t\t\t\n\t\t\t\t\t\t<div class=\"localizacion_opinion\">\n\t\t\t\t\t\t\t<i class=\"fas fa-map-marker-alt\"><\/i><!--span class=\"dashicons dashicons-location\" style=\"font-size:20px\"><\/span-->\n\t\t\t\t\t\t\t<span>ES<\/span>\n\t\t\t\t\t\t<\/div>\t\n\t\t\t\t\t<\/div>\n\t\t\t\t<\/div>\n\t\t\t<\/div><div class=\"texto_opinion\"><\/p>\n<p>Me informe previamente amigos o conocidos que tuviesen contratada la prima nivelada de Uni\u00f3n Alcoyana para asegurarme que tal funcionaba, me puse en contacto con ellos y qued\u00e9 encantada con el servicio que recib\u00ed. De los mejores servicios de atenci\u00f3n que tienen es la asistencia telef\u00f3nica, que solucionan cualquier inconveniente de inmediato, por lo que resulta m\u00e1s f\u00e1cil, dando tantas ventajas en ese momento tan doloroso.<\/p>\n<p><\/div><\/div>\n<div class=\"opinion \"  >\n\t\t\t<div class=\"cabecera_opinion\">\n\t\t\t\t<div class=\"avatar\">R C <\/div>\n\t\t\t\t<div class=\"datos_opinion\">\n\t\t\t\t\t<div class=\"nombre_opinion\">Raquel Cabo<\/div>\n\t\t\t\t\t<div class=\"info_opinion\">\t\t\t\t\t\t\n\t\t\t\t\t\t<div class=\"cuenta_opinion\"><i class=\"fas fa-pencil-alt\"><\/i><!--span class=\"dashicons dashicons-edit\" style=\"font-size:20px\"><\/span--><span>1 Opini\u00f3n<\/span><\/div>\t\t\t\t\t\t\n\t\t\t\t\t\t<div class=\"localizacion_opinion\">\n\t\t\t\t\t\t\t<i class=\"fas fa-map-marker-alt\"><\/i><!--span class=\"dashicons dashicons-location\" style=\"font-size:20px\"><\/span-->\n\t\t\t\t\t\t\t<span>ES<\/span>\n\t\t\t\t\t\t<\/div>\t\n\t\t\t\t\t<\/div>\n\t\t\t\t<\/div>\n\t\t\t<\/div><div class=\"texto_opinion\"><\/p>\n<p>Estaba dudando de cual ser\u00eda el que mejor cobertura tuviese, por lo que unos amigos me aconsejaron la prima nivelada de Uni\u00f3n Alcoyana, desde ese momento he recibido una atenci\u00f3n muy personalizada, han resuelto al instante cualquier incidencia que ha ocurrido. Una de los peores instantes se dio cuando falleci\u00f3 mi t\u00edo al cabo de que realiz\u00f3 la p\u00f3liza de un 1 a\u00f1o m\u00e1s o menos, solventaron al detalle y de una manera muy eficaz como r\u00e1pida.<\/p>\n<p><\/div><\/div>\n<div class=\"opinion \"  >\n\t\t\t<div class=\"cabecera_opinion\">\n\t\t\t\t<div class=\"avatar\">L J <\/div>\n\t\t\t\t<div class=\"datos_opinion\">\n\t\t\t\t\t<div class=\"nombre_opinion\">Luisina Jessica<\/div>\n\t\t\t\t\t<div class=\"info_opinion\">\t\t\t\t\t\t\n\t\t\t\t\t\t<div class=\"cuenta_opinion\"><i class=\"fas fa-pencil-alt\"><\/i><!--span class=\"dashicons dashicons-edit\" style=\"font-size:20px\"><\/span--><span>1 Opini\u00f3n<\/span><\/div>\t\t\t\t\t\t\n\t\t\t\t\t\t<div class=\"localizacion_opinion\">\n\t\t\t\t\t\t\t<i class=\"fas fa-map-marker-alt\"><\/i><!--span class=\"dashicons dashicons-location\" style=\"font-size:20px\"><\/span-->\n\t\t\t\t\t\t\t<span>ES<\/span>\n\t\t\t\t\t\t<\/div>\t\n\t\t\t\t\t<\/div>\n\t\t\t\t<\/div>\n\t\t\t<\/div><div class=\"texto_opinion\"><\/p>\n<p>Este \u00faltimo a\u00f1o mi situaci\u00f3n econ\u00f3mica cambi\u00f3 un poco por lo que tuve que cambiar de compa\u00f1\u00eda, por lo que use iDecesos que par ami es mi mejor aliado a la hora de ver las distintas tarifas de las dem\u00e1s empresas de seguros, por lo que Uni\u00f3n Alcoyana me result\u00f3 muy interesante por ello hice la contrataci\u00f3n de prima nivelada, a d\u00eda de el d\u00eda de hoy prosigo con ellos, de esta manera que os lo aconsejo.<\/p>\n<p><\/div><\/div>\n<\/div><\/div><\/div><\/div>\n<p><div class=\"oficinas\"><br \/>\n<!-- Shortcode [uni%c3%b3n-alcoyana-hijas] does not exist --><\/p>\n<p><\/div> <h3><span class=\"ez-toc-section\" id=\"Paginas_relacionadas\"><\/span>P\u00e1ginas relacionadas<span class=\"ez-toc-section-end\"><\/span><\/h3><div class=\"enlazado\"><ul> <li><a href=\"https:\/\/idecesos.com\/seguros\/companias\/union-alcoyana\/opiniones\/\">Opiniones Uni\u00f3n Alcoyana<\/a><\/li> <li><a href=\"https:\/\/idecesos.com\/seguros\/companias\/union-alcoyana\/precio\/\">Precio seguro Uni\u00f3n Alcoyana<\/a><\/li> <li><a href=\"https:\/\/idecesos.com\/seguros\/companias\/union-alcoyana\/prima-mixta\/\">Uni\u00f3n Alcoyana Prima Mixta<\/a><\/li> <li><a href=\"https:\/\/idecesos.com\/seguros\/companias\/union-alcoyana\/prima-natural\/\">Uni\u00f3n Alcoyana Prima Natural<\/a><\/li> <li><a href=\"https:\/\/idecesos.com\/seguros\/companias\/union-alcoyana\/prima-nivelada\/\">Uni\u00f3n Alcoyana Prima Nivelada<\/a><\/li> <li><a href=\"https:\/\/idecesos.com\/seguros\/companias\/union-alcoyana\/prima-unica\/\">Uni\u00f3n Alcoyana Prima \u00danica<\/a><\/li> <li><a href=\"https:\/\/idecesos.com\/seguros\/companias\/union-alcoyana\/repatriacion\/\">Uni\u00f3n Alcoyana Repatriaci\u00f3n<\/a><\/li> <li><a href=\"https:\/\/idecesos.com\/seguros\/companias\/union-alcoyana\/telefono\/\">Tel\u00e9fono Gratuito Uni\u00f3n Alcoyana<\/a><\/li>                                                                                                                                                                                                                                                                                                                                                                                                                                                                                                                                                                                                                                                                                                                                                                                                                                                                                                                                                                                                                                                                                                                                                                                                                                                                                                                                                                                                                                                                                                                                                                                                                                                                                                                                                                                                                                                                                                                                                                                                                                                                                                                                                                                                                                                                                                                                                                                                                                                                                                                                                                                                                                                                                                                                                                                                                                                                                                                                                                                                                                                                                                                              <\/ul><\/div>\r\n<\/p>\n","protected":false},"excerpt":{"rendered":"<p>Dentro de los seguros que buscas quieres que se halle una prima continuada de la que no contempla alteraciones a largo del tiempo por lo que el seguro de prima nivelada Uni\u00f3n Alcoyana es la m\u00e1s atinada. Con el seguro de prima nivelada Uni\u00f3n Alcoyana va a quedar de manera autom\u00e1tica la tasa de la&hellip; <\/p>\n","protected":false},"author":3,"featured_media":0,"parent":9485,"menu_order":0,"comment_status":"closed","ping_status":"closed","template":"single.php","meta":{"footnotes":""},"class_list":["post-11763","page","type-page","status-publish","hentry"],"yoast_head":"<!-- This site is optimized with the Yoast SEO plugin v27.5 - https:\/\/yoast.com\/product\/yoast-seo-wordpress\/ -->\n<title>Seguro Decesos Uni\u00f3n Alcoyana Prima Nivelada \u25b7 Opiniones y Precio 2026<\/title>\n<meta name=\"description\" content=\"Click aqu\u00ed \u3010Seguro de Decesos Prima Nivelada Uni\u00f3n Alcoyana\u3011 Mejores precios Uni\u00f3n Alcoyana seguro de fallecidos Prima Nivelada \u2611\ufe0f Actualizado por iDecesos\u00ae\" \/>\n<meta name=\"robots\" content=\"index, follow, max-snippet:-1, max-image-preview:large, max-video-preview:-1\" \/>\n<link rel=\"canonical\" href=\"https:\/\/idecesos.com\/seguros\/companias\/union-alcoyana\/prima-nivelada\/\" \/>\n<meta property=\"og:locale\" content=\"es_ES\" \/>\n<meta property=\"og:type\" content=\"article\" \/>\n<meta property=\"og:title\" content=\"Seguro Decesos Uni\u00f3n Alcoyana Prima Nivelada \u25b7 Opiniones y Precio 2026\" \/>\n<meta property=\"og:description\" content=\"Click aqu\u00ed \u3010Seguro de Decesos Prima Nivelada Uni\u00f3n Alcoyana\u3011 Mejores precios Uni\u00f3n Alcoyana seguro de fallecidos Prima Nivelada \u2611\ufe0f Actualizado por iDecesos\u00ae\" \/>\n<meta property=\"og:url\" content=\"https:\/\/idecesos.com\/seguros\/companias\/union-alcoyana\/prima-nivelada\/\" \/>\n<meta property=\"article:modified_time\" content=\"2022-04-07T22:15:58+00:00\" \/>\n<meta name=\"twitter:card\" content=\"summary_large_image\" \/>\n<meta name=\"twitter:label1\" content=\"Tiempo de lectura\" \/>\n\t<meta name=\"twitter:data1\" content=\"4 minutos\" \/>\n<script type=\"application\/ld+json\" class=\"yoast-schema-graph\">{\"@context\":\"https:\\\/\\\/schema.org\",\"@graph\":[{\"@type\":\"WebPage\",\"@id\":\"https:\\\/\\\/idecesos.com\\\/seguros\\\/companias\\\/union-alcoyana\\\/prima-nivelada\\\/\",\"url\":\"https:\\\/\\\/idecesos.com\\\/seguros\\\/companias\\\/union-alcoyana\\\/prima-nivelada\\\/\",\"name\":\"Seguro Decesos Uni\u00f3n Alcoyana Prima Nivelada \u25b7 Opiniones y Precio 2026\",\"isPartOf\":{\"@id\":\"https:\\\/\\\/idecesos.com\\\/seguros\\\/#website\"},\"datePublished\":\"2021-11-26T00:00:00+00:00\",\"dateModified\":\"2022-04-07T22:15:58+00:00\",\"description\":\"Click aqu\u00ed \u3010Seguro de Decesos Prima Nivelada Uni\u00f3n Alcoyana\u3011 Mejores precios Uni\u00f3n Alcoyana seguro de fallecidos Prima Nivelada \u2611\ufe0f Actualizado por iDecesos\u00ae\",\"breadcrumb\":{\"@id\":\"https:\\\/\\\/idecesos.com\\\/seguros\\\/companias\\\/union-alcoyana\\\/prima-nivelada\\\/#breadcrumb\"},\"inLanguage\":\"es\",\"potentialAction\":[{\"@type\":\"ReadAction\",\"target\":[\"https:\\\/\\\/idecesos.com\\\/seguros\\\/companias\\\/union-alcoyana\\\/prima-nivelada\\\/\"]}]},{\"@type\":\"BreadcrumbList\",\"@id\":\"https:\\\/\\\/idecesos.com\\\/seguros\\\/companias\\\/union-alcoyana\\\/prima-nivelada\\\/#breadcrumb\",\"itemListElement\":[{\"@type\":\"ListItem\",\"position\":1,\"name\":\"Portada\",\"item\":\"https:\\\/\\\/idecesos.com\\\/seguros\\\/\"},{\"@type\":\"ListItem\",\"position\":2,\"name\":\"Compa\u00f1\u00edas de Seguros de Decesos en Espa\u00f1a\",\"item\":\"https:\\\/\\\/idecesos.com\\\/seguros\\\/companias\\\/\"},{\"@type\":\"ListItem\",\"position\":3,\"name\":\"Seguros de decesos Uni\u00f3n Alcoyana\",\"item\":\"https:\\\/\\\/idecesos.com\\\/seguros\\\/companias\\\/union-alcoyana\\\/\"},{\"@type\":\"ListItem\",\"position\":4,\"name\":\"Seguro de decesos Uni\u00f3n Alcoyana Prima Nivelada\"}]},{\"@type\":\"WebSite\",\"@id\":\"https:\\\/\\\/idecesos.com\\\/seguros\\\/#website\",\"url\":\"https:\\\/\\\/idecesos.com\\\/seguros\\\/\",\"name\":\"\",\"description\":\"\",\"potentialAction\":[{\"@type\":\"SearchAction\",\"target\":{\"@type\":\"EntryPoint\",\"urlTemplate\":\"https:\\\/\\\/idecesos.com\\\/seguros\\\/?s={search_term_string}\"},\"query-input\":{\"@type\":\"PropertyValueSpecification\",\"valueRequired\":true,\"valueName\":\"search_term_string\"}}],\"inLanguage\":\"es\"}]}<\/script>\n<!-- \/ Yoast SEO plugin. -->","yoast_head_json":{"title":"Seguro Decesos Uni\u00f3n Alcoyana Prima Nivelada \u25b7 Opiniones y Precio 2026","description":"Click aqu\u00ed \u3010Seguro de Decesos Prima Nivelada Uni\u00f3n Alcoyana\u3011 Mejores precios Uni\u00f3n Alcoyana seguro de fallecidos Prima Nivelada \u2611\ufe0f Actualizado por iDecesos\u00ae","robots":{"index":"index","follow":"follow","max-snippet":"max-snippet:-1","max-image-preview":"max-image-preview:large","max-video-preview":"max-video-preview:-1"},"canonical":"https:\/\/idecesos.com\/seguros\/companias\/union-alcoyana\/prima-nivelada\/","og_locale":"es_ES","og_type":"article","og_title":"Seguro Decesos Uni\u00f3n Alcoyana Prima Nivelada \u25b7 Opiniones y Precio 2026","og_description":"Click aqu\u00ed \u3010Seguro de Decesos Prima Nivelada Uni\u00f3n Alcoyana\u3011 Mejores precios Uni\u00f3n Alcoyana seguro de fallecidos Prima Nivelada \u2611\ufe0f Actualizado por iDecesos\u00ae","og_url":"https:\/\/idecesos.com\/seguros\/companias\/union-alcoyana\/prima-nivelada\/","article_modified_time":"2022-04-07T22:15:58+00:00","twitter_card":"summary_large_image","twitter_misc":{"Tiempo de lectura":"4 minutos"},"schema":{"@context":"https:\/\/schema.org","@graph":[{"@type":"WebPage","@id":"https:\/\/idecesos.com\/seguros\/companias\/union-alcoyana\/prima-nivelada\/","url":"https:\/\/idecesos.com\/seguros\/companias\/union-alcoyana\/prima-nivelada\/","name":"Seguro Decesos Uni\u00f3n Alcoyana Prima Nivelada \u25b7 Opiniones y Precio 2026","isPartOf":{"@id":"https:\/\/idecesos.com\/seguros\/#website"},"datePublished":"2021-11-26T00:00:00+00:00","dateModified":"2022-04-07T22:15:58+00:00","description":"Click aqu\u00ed \u3010Seguro de Decesos Prima Nivelada Uni\u00f3n Alcoyana\u3011 Mejores precios Uni\u00f3n Alcoyana seguro de fallecidos Prima Nivelada \u2611\ufe0f Actualizado por iDecesos\u00ae","breadcrumb":{"@id":"https:\/\/idecesos.com\/seguros\/companias\/union-alcoyana\/prima-nivelada\/#breadcrumb"},"inLanguage":"es","potentialAction":[{"@type":"ReadAction","target":["https:\/\/idecesos.com\/seguros\/companias\/union-alcoyana\/prima-nivelada\/"]}]},{"@type":"BreadcrumbList","@id":"https:\/\/idecesos.com\/seguros\/companias\/union-alcoyana\/prima-nivelada\/#breadcrumb","itemListElement":[{"@type":"ListItem","position":1,"name":"Portada","item":"https:\/\/idecesos.com\/seguros\/"},{"@type":"ListItem","position":2,"name":"Compa\u00f1\u00edas de Seguros de Decesos en Espa\u00f1a","item":"https:\/\/idecesos.com\/seguros\/companias\/"},{"@type":"ListItem","position":3,"name":"Seguros de decesos Uni\u00f3n Alcoyana","item":"https:\/\/idecesos.com\/seguros\/companias\/union-alcoyana\/"},{"@type":"ListItem","position":4,"name":"Seguro de decesos Uni\u00f3n Alcoyana Prima Nivelada"}]},{"@type":"WebSite","@id":"https:\/\/idecesos.com\/seguros\/#website","url":"https:\/\/idecesos.com\/seguros\/","name":"","description":"","potentialAction":[{"@type":"SearchAction","target":{"@type":"EntryPoint","urlTemplate":"https:\/\/idecesos.com\/seguros\/?s={search_term_string}"},"query-input":{"@type":"PropertyValueSpecification","valueRequired":true,"valueName":"search_term_string"}}],"inLanguage":"es"}]}},"_links":{"self":[{"href":"https:\/\/idecesos.com\/seguros\/wp-json\/wp\/v2\/pages\/11763","targetHints":{"allow":["GET"]}}],"collection":[{"href":"https:\/\/idecesos.com\/seguros\/wp-json\/wp\/v2\/pages"}],"about":[{"href":"https:\/\/idecesos.com\/seguros\/wp-json\/wp\/v2\/types\/page"}],"author":[{"embeddable":true,"href":"https:\/\/idecesos.com\/seguros\/wp-json\/wp\/v2\/users\/3"}],"replies":[{"embeddable":true,"href":"https:\/\/idecesos.com\/seguros\/wp-json\/wp\/v2\/comments?post=11763"}],"version-history":[{"count":3,"href":"https:\/\/idecesos.com\/seguros\/wp-json\/wp\/v2\/pages\/11763\/revisions"}],"predecessor-version":[{"id":21086,"href":"https:\/\/idecesos.com\/seguros\/wp-json\/wp\/v2\/pages\/11763\/revisions\/21086"}],"up":[{"embeddable":true,"href":"https:\/\/idecesos.com\/seguros\/wp-json\/wp\/v2\/pages\/9485"}],"wp:attachment":[{"href":"https:\/\/idecesos.com\/seguros\/wp-json\/wp\/v2\/media?parent=11763"}],"curies":[{"name":"wp","href":"https:\/\/api.w.org\/{rel}","templated":true}]}}