{"id":11764,"date":"2021-11-26T00:00:00","date_gmt":"2021-11-26T00:00:00","guid":{"rendered":"https:\/\/idecesos.com\/seguros\/?page_id=11764"},"modified":"2022-01-03T12:30:10","modified_gmt":"2022-01-03T12:30:10","slug":"prima-nivelada","status":"publish","type":"page","link":"https:\/\/idecesos.com\/seguros\/companias\/clinicum\/prima-nivelada\/","title":{"rendered":"Seguro de decesos Clinicum Prima Nivelada"},"content":{"rendered":"<div id=\"ez-toc-container\" class=\"ez-toc-v2_0_82_2 ez-toc-wrap-center counter-hierarchy ez-toc-counter ez-toc-custom ez-toc-container-direction\">\n<div class=\"ez-toc-title-container\">\n<p class=\"ez-toc-title\" style=\"cursor:inherit\">Tabla de Contenido<\/p>\n<span class=\"ez-toc-title-toggle\"><a href=\"#\" class=\"ez-toc-pull-right ez-toc-btn ez-toc-btn-xs ez-toc-btn-default ez-toc-toggle\" aria-label=\"Alternar tabla de contenidos\"><span class=\"ez-toc-js-icon-con\"><span class=\"\"><span class=\"eztoc-hide\" style=\"display:none;\">Toggle<\/span><span class=\"ez-toc-icon-toggle-span\"><svg style=\"fill: #db6415;color:#db6415\" xmlns=\"http:\/\/www.w3.org\/2000\/svg\" class=\"list-377408\" width=\"20px\" height=\"20px\" viewBox=\"0 0 24 24\" fill=\"none\"><path d=\"M6 6H4v2h2V6zm14 0H8v2h12V6zM4 11h2v2H4v-2zm16 0H8v2h12v-2zM4 16h2v2H4v-2zm16 0H8v2h12v-2z\" fill=\"currentColor\"><\/path><\/svg><svg style=\"fill: #db6415;color:#db6415\" class=\"arrow-unsorted-368013\" xmlns=\"http:\/\/www.w3.org\/2000\/svg\" width=\"10px\" height=\"10px\" viewBox=\"0 0 24 24\" version=\"1.2\" baseProfile=\"tiny\"><path d=\"M18.2 9.3l-6.2-6.3-6.2 6.3c-.2.2-.3.4-.3.7s.1.5.3.7c.2.2.4.3.7.3h11c.3 0 .5-.1.7-.3.2-.2.3-.5.3-.7s-.1-.5-.3-.7zM5.8 14.7l6.2 6.3 6.2-6.3c.2-.2.3-.5.3-.7s-.1-.5-.3-.7c-.2-.2-.4-.3-.7-.3h-11c-.3 0-.5.1-.7.3-.2.2-.3.5-.3.7s.1.5.3.7z\"\/><\/svg><\/span><\/span><\/span><\/a><\/span><\/div>\n<nav><ul class='ez-toc-list ez-toc-list-level-1 ' ><li class='ez-toc-page-1 ez-toc-heading-level-2'><a class=\"ez-toc-link ez-toc-heading-1\" href=\"https:\/\/idecesos.com\/seguros\/companias\/clinicum\/prima-nivelada\/#Coberturas_seguro_Prima_Nivelada_Clinicum\" >Coberturas seguro Prima Nivelada Clinicum<\/a><ul class='ez-toc-list-level-3' ><li class='ez-toc-heading-level-3'><a class=\"ez-toc-link ez-toc-heading-2\" href=\"https:\/\/idecesos.com\/seguros\/companias\/clinicum\/prima-nivelada\/#%C2%BFA_quien_va_dirigido_el_seguro_de_decesos_Prima_Nivelada_de_Clinicum\" >\u00bfA qui\u00e9n va dirigido el seguro de decesos Prima Nivelada de Clinicum?<\/a><\/li><\/ul><\/li><li class='ez-toc-page-1 ez-toc-heading-level-2'><a class=\"ez-toc-link ez-toc-heading-3\" href=\"https:\/\/idecesos.com\/seguros\/companias\/clinicum\/prima-nivelada\/#Precio_de_seguro_de_decesos_Prima_Nivelada_Clinicum\" >Precio de seguro de decesos Prima Nivelada Clinicum<\/a><\/li><li class='ez-toc-page-1 ez-toc-heading-level-2'><a class=\"ez-toc-link ez-toc-heading-4\" href=\"https:\/\/idecesos.com\/seguros\/companias\/clinicum\/prima-nivelada\/#Productos_Prima_Nivelada_Clinicum\" >Productos Prima Nivelada Clinicum<\/a><\/li><li class='ez-toc-page-1 ez-toc-heading-level-2'><a class=\"ez-toc-link ez-toc-heading-5\" href=\"https:\/\/idecesos.com\/seguros\/companias\/clinicum\/prima-nivelada\/#Opiniones_del_seguro_de_decesos_de_Prima_Nivelada_de_Clinicum\" >Opiniones del seguro de decesos de Prima Nivelada de Clinicum<\/a><ul class='ez-toc-list-level-3' ><li class='ez-toc-heading-level-3'><a class=\"ez-toc-link ez-toc-heading-6\" href=\"https:\/\/idecesos.com\/seguros\/companias\/clinicum\/prima-nivelada\/#Paginas_relacionadas\" >P\u00e1ginas relacionadas<\/a><\/li><\/ul><\/li><\/ul><\/nav><\/div>\n\n<p>En los seguros que est\u00e1s buscando deseas que se encuentre una prima continuada de la que no contempla alteraciones a largo del tiempo por lo que el seguro de prima nivelada Clinicum es la m\u00e1s acertada. Con el seguro de prima nivelada Clinicum va a quedar autom\u00e1ticamente la tasa de la p\u00f3liza de acuerdo a la edad contratada y va a quedar de manera regulada en el momento que se a\u00f1adan algunos gastos que deban ver con el servicio mortuorio. <\/p>\n<p>Leer m\u00e1s: <a href=\"https:\/\/idecesos.com\/seguros\/tipo\/nivelada\/\">Seguro de decesos Prima Nivelada<\/a><\/p>\n<div class=\"colorf \"  ><div class=\"container clearfix\"><div class=\"col-md-7\"><\/p>\n<h2><span class=\"ez-toc-section\" id=\"Coberturas_seguro_Prima_Nivelada_Clinicum\"><\/span>Coberturas seguro Prima Nivelada Clinicum<span class=\"ez-toc-section-end\"><\/span><\/h2>\n<p>Clinicum lidera este campo del seguro funerario en tanto que da las coberturas la seguridad de los servicios de m\u00e1s reconocido y profesionalidad es una de sus cualidades. Clinicum es por la que los clientes adquieren su p\u00f3liza. Antes que el asegurado fallece podr\u00e1 seleccionar entre entierro o bien incineraci\u00f3n, adem\u00e1s de ello quedar\u00e1 resuelto todos y cada uno de los tr\u00e1mites que se deben realizar. Cada familia tiene una cultura o costumbre, con lo que  determinan lo que se llevar\u00e1 a cabo en el momento en que llegue el instante. En el fondo de seguros cuenta con un presupuesto amoldado para cada usuario, quedando ajustado a su medida en todo instante. Lo m\u00e1s importante es el comparador de seguros funerarios profesionales en iDecesos para dejar claro que la cobertura de seguro funerario premium a nivel Clinicum es la mejor y m\u00e1s conveniente para lo que se desee, asimismo puedes consultar toda la informaci\u00f3n general y productos. Un informe detallado que explica las condiciones generales y las auxiliares, junto con las que no incluyen. <\/p>\n<p><\/div><\/div><\/div>\n<h3><span class=\"ez-toc-section\" id=\"%C2%BFA_quien_va_dirigido_el_seguro_de_decesos_Prima_Nivelada_de_Clinicum\"><\/span>\u00bfA qui\u00e9n va dirigido el seguro de decesos Prima Nivelada de Clinicum?<span class=\"ez-toc-section-end\"><\/span><\/h3>\n<p>El seguro de prima nivelada de Clinicum est\u00e1 desarrollado para todas y cada una de las personas, a fin de que se amolden a la coyuntura independientemente de de qu\u00e9 forma se hallen. Suelen ser personas o familias que quieren tener un orden financiero y desean estar protegidos mas con el gasto controlado anualmente. Un 80 por ciento de las personas de edad avanzada tienen una pensi\u00f3n muy b\u00e1sica con lo que requieren de una p\u00f3liza que no aumente la prima todos los a\u00f1os. En Clinicum la modalidad de prima nivelada es una de las que m\u00e1s densidad de clientes tiene y que mayor valoraci\u00f3n le dan sus clientes del servicio. <\/p>\n<div class=\"colorf \"  ><div class=\"container clearfix\"><div class=\"col-md-7\"><\/p>\n<h2><span class=\"ez-toc-section\" id=\"Precio_de_seguro_de_decesos_Prima_Nivelada_Clinicum\"><\/span>Precio de seguro de decesos Prima Nivelada Clinicum<span class=\"ez-toc-section-end\"><\/span><\/h2>\n<p>El precio del seguro de prima nivelada Clinicum es de 5,15 euros quien abonar\u00e1 de forma mensual, dentro de cada ello se va a coger los datos importantes como es el caso de la edad y de la localidad siendo el total de la suma del servicio f\u00fanebre. Adem\u00e1s han sido aplicados todos los descuentos, obteniendo uno de los mejores precios y m\u00e1s econ\u00f3micos de Clinicum. Asimismo se puede pagar de forma mensual, trimestral, semestral o bien anual, dando todas las comodidades de pago posible a los clientes de Clinicum seguro de prima nivelada. Para obtener la tarifa con las ofertas m\u00e1s incre\u00edbles semejantes a tu seguro de prima nivelada Clinicum solamente debes efectuar una comparativa de costes en iDecesos en tan solo un minuto vas a saber si lo que quer\u00edas es lo m\u00e1s econ\u00f3mico a lo que puedes acceder con una prima incesante. <\/p>\n<p><\/div><\/div><\/div>\n<h2><span class=\"ez-toc-section\" id=\"Productos_Prima_Nivelada_Clinicum\"><\/span>Productos Prima Nivelada Clinicum<span class=\"ez-toc-section-end\"><\/span><\/h2>\n<div class=\"colorf\"><div class=\"container clearfix\"><div class=\"col-md-7\"><div class=\"opiniones\">\n<h2><span class=\"ez-toc-section\" id=\"Opiniones_del_seguro_de_decesos_de_Prima_Nivelada_de_Clinicum\"><\/span>Opiniones del seguro de decesos de Prima Nivelada de Clinicum<span class=\"ez-toc-section-end\"><\/span><\/h2>\n<p>Lara Lucas: Me informe previamente amigos o bien conocidos que ya tuvieran contratada la prima nivelada de Clinicum para asegurarme que tal funcionaba, me puse en contacto con ellos y qued\u00e9 encantada con el servicio que recib\u00ed. Uno de los mejores servicios de atenci\u00f3n que tienen es la asistencia telef\u00f3nica, que solventan cualquier problema inmediatamente, por lo que resulta m\u00e1s sencillo, dando tantas ventajas en ese instante tan doloroso. <\/p>\n<div class=\"opinion \"  >\n\t\t\t<div class=\"cabecera_opinion\">\n\t\t\t\t<div class=\"avatar\">V M <\/div>\n\t\t\t\t<div class=\"datos_opinion\">\n\t\t\t\t\t<div class=\"nombre_opinion\">Vito Mesa<\/div>\n\t\t\t\t\t<div class=\"info_opinion\">\t\t\t\t\t\t\n\t\t\t\t\t\t<div class=\"cuenta_opinion\"><i class=\"fas fa-pencil-alt\"><\/i><!--span class=\"dashicons dashicons-edit\" style=\"font-size:20px\"><\/span--><span>1 Opini\u00f3n<\/span><\/div>\t\t\t\t\t\t\n\t\t\t\t\t\t<div class=\"localizacion_opinion\">\n\t\t\t\t\t\t\t<i class=\"fas fa-map-marker-alt\"><\/i><!--span class=\"dashicons dashicons-location\" style=\"font-size:20px\"><\/span-->\n\t\t\t\t\t\t\t<span>ES<\/span>\n\t\t\t\t\t\t<\/div>\t\n\t\t\t\t\t<\/div>\n\t\t\t\t<\/div>\n\t\t\t<\/div><div class=\"texto_opinion\"><\/p>\n<p>Cuando llam\u00e9 por el hecho de que ocurri\u00f3 una incidencia de gran importancia, no tardaron absolutamente nada en resolver mi problema, qued\u00e9 content\u00edsimo con el servicio que tienen para cada ocasi\u00f3n. Para cada g\u00e9nero de problemas que puede llegar a pasar, requieren de diferentes soluciones para poder ponerle remedio cuanto antes. <\/p>\n<p><\/div><\/div>\n<div class=\"opinion \"  >\n\t\t\t<div class=\"cabecera_opinion\">\n\t\t\t\t<div class=\"avatar\">R D Z <\/div>\n\t\t\t\t<div class=\"datos_opinion\">\n\t\t\t\t\t<div class=\"nombre_opinion\">Renato de Zabaleta<\/div>\n\t\t\t\t\t<div class=\"info_opinion\">\t\t\t\t\t\t\n\t\t\t\t\t\t<div class=\"cuenta_opinion\"><i class=\"fas fa-pencil-alt\"><\/i><!--span class=\"dashicons dashicons-edit\" style=\"font-size:20px\"><\/span--><span>1 Opini\u00f3n<\/span><\/div>\t\t\t\t\t\t\n\t\t\t\t\t\t<div class=\"localizacion_opinion\">\n\t\t\t\t\t\t\t<i class=\"fas fa-map-marker-alt\"><\/i><!--span class=\"dashicons dashicons-location\" style=\"font-size:20px\"><\/span-->\n\t\t\t\t\t\t\t<span>ES<\/span>\n\t\t\t\t\t\t<\/div>\t\n\t\t\t\t\t<\/div>\n\t\t\t\t<\/div>\n\t\t\t<\/div><div class=\"texto_opinion\"><\/p>\n<p>Lo recomiendo puesto que me dieron de las mejores coberturas tanto a mi como a mi familia, en el instante del acontecimiento, no dudes con prima nivelada de Clinicum, se encarga de todo. Hace unos meses muri\u00f3 un familiar muy pr\u00f3ximo por lo que contaba con esta p\u00f3liza, es cierto que le dieron todas y cada una de las coberturas y dieron todas y cada una facilidades posibles dentro de ese tan dif\u00edcil de gestionar. <\/p>\n<p><\/div><\/div>\n<div class=\"opinion \"  >\n\t\t\t<div class=\"cabecera_opinion\">\n\t\t\t\t<div class=\"avatar\">P C <\/div>\n\t\t\t\t<div class=\"datos_opinion\">\n\t\t\t\t\t<div class=\"nombre_opinion\">Piedad Castrillo<\/div>\n\t\t\t\t\t<div class=\"info_opinion\">\t\t\t\t\t\t\n\t\t\t\t\t\t<div class=\"cuenta_opinion\"><i class=\"fas fa-pencil-alt\"><\/i><!--span class=\"dashicons dashicons-edit\" style=\"font-size:20px\"><\/span--><span>1 Opini\u00f3n<\/span><\/div>\t\t\t\t\t\t\n\t\t\t\t\t\t<div class=\"localizacion_opinion\">\n\t\t\t\t\t\t\t<i class=\"fas fa-map-marker-alt\"><\/i><!--span class=\"dashicons dashicons-location\" style=\"font-size:20px\"><\/span-->\n\t\t\t\t\t\t\t<span>ES<\/span>\n\t\t\t\t\t\t<\/div>\t\n\t\t\t\t\t<\/div>\n\t\t\t\t<\/div>\n\t\t\t<\/div><div class=\"texto_opinion\"><\/p>\n<p>Cuando realice el contrato de prima nivelada de Clinicum adem\u00e1s de que sus coberturas son muy destacables, me asistieron en todo el proceso,  lo realice de manera telef\u00f3nica, ya que me resultaba mucho m\u00e1s sencillo hacer la contrataci\u00f3n. Te lo aconsejo 100 por cien . <\/p>\n<p><\/div><\/div>\n<\/div><\/div><\/div><\/div>\n<p><div class=\"oficinas\"><br \/>\n<h3><span class=\"ez-toc-section\" id=\"Paginas_relacionadas\"><\/span>P\u00e1ginas relacionadas<span class=\"ez-toc-section-end\"><\/span><\/h3><div class=\"enlazado\"><ul> <li><a href=\"https:\/\/idecesos.com\/seguros\/companias\/clinicum\/opiniones\/\">Opiniones Clinicum<\/a><\/li> <li><a href=\"https:\/\/idecesos.com\/seguros\/companias\/clinicum\/precio\/\">Precio seguro Clinicum<\/a><\/li> <li><a href=\"https:\/\/idecesos.com\/seguros\/companias\/clinicum\/prima-mixta\/\">Clinicum Prima Mixta<\/a><\/li> <li><a href=\"https:\/\/idecesos.com\/seguros\/companias\/clinicum\/prima-natural\/\">Clinicum Prima Natural<\/a><\/li> <li><a href=\"https:\/\/idecesos.com\/seguros\/companias\/clinicum\/prima-nivelada\/\">Clinicum Prima Nivelada<\/a><\/li> <li><a href=\"https:\/\/idecesos.com\/seguros\/companias\/clinicum\/prima-unica\/\">Clinicum Prima \u00danica<\/a><\/li> <li><a href=\"https:\/\/idecesos.com\/seguros\/companias\/clinicum\/repatriacion\/\">Clinicum Repatriaci\u00f3n<\/a><\/li> <li><a href=\"https:\/\/idecesos.com\/seguros\/companias\/clinicum\/telefono\/\">Tel\u00e9fono Gratuito Clinicum<\/a><\/li><\/ul><\/div><\/p>\n<\/div>\n","protected":false},"excerpt":{"rendered":"<p>En los seguros que est\u00e1s buscando deseas que se encuentre una prima continuada de la que no contempla alteraciones a largo del tiempo por lo que el seguro de prima nivelada Clinicum es la m\u00e1s acertada. Con el seguro de prima nivelada Clinicum va a quedar autom\u00e1ticamente la tasa de la p\u00f3liza de acuerdo a&hellip; <\/p>\n","protected":false},"author":3,"featured_media":0,"parent":9488,"menu_order":0,"comment_status":"closed","ping_status":"closed","template":"single.php","meta":{"footnotes":""},"class_list":["post-11764","page","type-page","status-publish","hentry"],"yoast_head":"<!-- This site is optimized with the Yoast SEO plugin v27.3 - https:\/\/yoast.com\/product\/yoast-seo-wordpress\/ -->\n<title>Seguro Decesos Clinicum Prima Nivelada \u25b7 Opiniones y Precio 2026<\/title>\n<meta name=\"description\" content=\"Click aqu\u00ed \u3010Seguro de Decesos Prima Nivelada Clinicum\u3011 Mejores precios Clinicum seguro de fallecidos Prima Nivelada \u2611\ufe0f Actualizado por iDecesos\u00ae\" \/>\n<meta name=\"robots\" content=\"index, follow, max-snippet:-1, max-image-preview:large, max-video-preview:-1\" \/>\n<link rel=\"canonical\" href=\"https:\/\/idecesos.com\/seguros\/companias\/clinicum\/prima-nivelada\/\" \/>\n<meta property=\"og:locale\" content=\"es_ES\" \/>\n<meta property=\"og:type\" content=\"article\" \/>\n<meta property=\"og:title\" content=\"Seguro Decesos Clinicum Prima Nivelada \u25b7 Opiniones y Precio 2026\" \/>\n<meta property=\"og:description\" content=\"Click aqu\u00ed \u3010Seguro de Decesos Prima Nivelada Clinicum\u3011 Mejores precios Clinicum seguro de fallecidos Prima Nivelada \u2611\ufe0f Actualizado por iDecesos\u00ae\" \/>\n<meta property=\"og:url\" content=\"https:\/\/idecesos.com\/seguros\/companias\/clinicum\/prima-nivelada\/\" \/>\n<meta property=\"article:modified_time\" content=\"2022-01-03T12:30:10+00:00\" \/>\n<meta name=\"twitter:card\" content=\"summary_large_image\" \/>\n<meta name=\"twitter:label1\" content=\"Tiempo de lectura\" \/>\n\t<meta name=\"twitter:data1\" content=\"57 minutos\" \/>\n<script type=\"application\/ld+json\" class=\"yoast-schema-graph\">{\"@context\":\"https:\\\/\\\/schema.org\",\"@graph\":[{\"@type\":\"WebPage\",\"@id\":\"https:\\\/\\\/idecesos.com\\\/seguros\\\/companias\\\/clinicum\\\/prima-nivelada\\\/\",\"url\":\"https:\\\/\\\/idecesos.com\\\/seguros\\\/companias\\\/clinicum\\\/prima-nivelada\\\/\",\"name\":\"Seguro Decesos Clinicum Prima Nivelada \u25b7 Opiniones y Precio 2026\",\"isPartOf\":{\"@id\":\"https:\\\/\\\/idecesos.com\\\/seguros\\\/#website\"},\"datePublished\":\"2021-11-26T00:00:00+00:00\",\"dateModified\":\"2022-01-03T12:30:10+00:00\",\"description\":\"Click aqu\u00ed \u3010Seguro de Decesos Prima Nivelada Clinicum\u3011 Mejores precios Clinicum seguro de fallecidos Prima Nivelada \u2611\ufe0f Actualizado por iDecesos\u00ae\",\"breadcrumb\":{\"@id\":\"https:\\\/\\\/idecesos.com\\\/seguros\\\/companias\\\/clinicum\\\/prima-nivelada\\\/#breadcrumb\"},\"inLanguage\":\"es\",\"potentialAction\":[{\"@type\":\"ReadAction\",\"target\":[\"https:\\\/\\\/idecesos.com\\\/seguros\\\/companias\\\/clinicum\\\/prima-nivelada\\\/\"]}]},{\"@type\":\"BreadcrumbList\",\"@id\":\"https:\\\/\\\/idecesos.com\\\/seguros\\\/companias\\\/clinicum\\\/prima-nivelada\\\/#breadcrumb\",\"itemListElement\":[{\"@type\":\"ListItem\",\"position\":1,\"name\":\"Portada\",\"item\":\"https:\\\/\\\/idecesos.com\\\/seguros\\\/\"},{\"@type\":\"ListItem\",\"position\":2,\"name\":\"Compa\u00f1\u00edas de Seguros de Decesos en Espa\u00f1a\",\"item\":\"https:\\\/\\\/idecesos.com\\\/seguros\\\/companias\\\/\"},{\"@type\":\"ListItem\",\"position\":3,\"name\":\"Seguros de decesos Cl\u00ednicum\",\"item\":\"https:\\\/\\\/idecesos.com\\\/seguros\\\/companias\\\/clinicum\\\/\"},{\"@type\":\"ListItem\",\"position\":4,\"name\":\"Seguro de decesos Clinicum Prima Nivelada\"}]},{\"@type\":\"WebSite\",\"@id\":\"https:\\\/\\\/idecesos.com\\\/seguros\\\/#website\",\"url\":\"https:\\\/\\\/idecesos.com\\\/seguros\\\/\",\"name\":\"\",\"description\":\"\",\"potentialAction\":[{\"@type\":\"SearchAction\",\"target\":{\"@type\":\"EntryPoint\",\"urlTemplate\":\"https:\\\/\\\/idecesos.com\\\/seguros\\\/?s={search_term_string}\"},\"query-input\":{\"@type\":\"PropertyValueSpecification\",\"valueRequired\":true,\"valueName\":\"search_term_string\"}}],\"inLanguage\":\"es\"}]}<\/script>\n<!-- \/ Yoast SEO plugin. -->","yoast_head_json":{"title":"Seguro Decesos Clinicum Prima Nivelada \u25b7 Opiniones y Precio 2026","description":"Click aqu\u00ed \u3010Seguro de Decesos Prima Nivelada Clinicum\u3011 Mejores precios Clinicum seguro de fallecidos Prima Nivelada \u2611\ufe0f Actualizado por iDecesos\u00ae","robots":{"index":"index","follow":"follow","max-snippet":"max-snippet:-1","max-image-preview":"max-image-preview:large","max-video-preview":"max-video-preview:-1"},"canonical":"https:\/\/idecesos.com\/seguros\/companias\/clinicum\/prima-nivelada\/","og_locale":"es_ES","og_type":"article","og_title":"Seguro Decesos Clinicum Prima Nivelada \u25b7 Opiniones y Precio 2026","og_description":"Click aqu\u00ed \u3010Seguro de Decesos Prima Nivelada Clinicum\u3011 Mejores precios Clinicum seguro de fallecidos Prima Nivelada \u2611\ufe0f Actualizado por iDecesos\u00ae","og_url":"https:\/\/idecesos.com\/seguros\/companias\/clinicum\/prima-nivelada\/","article_modified_time":"2022-01-03T12:30:10+00:00","twitter_card":"summary_large_image","twitter_misc":{"Tiempo de lectura":"57 minutos"},"schema":{"@context":"https:\/\/schema.org","@graph":[{"@type":"WebPage","@id":"https:\/\/idecesos.com\/seguros\/companias\/clinicum\/prima-nivelada\/","url":"https:\/\/idecesos.com\/seguros\/companias\/clinicum\/prima-nivelada\/","name":"Seguro Decesos Clinicum Prima Nivelada \u25b7 Opiniones y Precio 2026","isPartOf":{"@id":"https:\/\/idecesos.com\/seguros\/#website"},"datePublished":"2021-11-26T00:00:00+00:00","dateModified":"2022-01-03T12:30:10+00:00","description":"Click aqu\u00ed \u3010Seguro de Decesos Prima Nivelada Clinicum\u3011 Mejores precios Clinicum seguro de fallecidos Prima Nivelada \u2611\ufe0f Actualizado por iDecesos\u00ae","breadcrumb":{"@id":"https:\/\/idecesos.com\/seguros\/companias\/clinicum\/prima-nivelada\/#breadcrumb"},"inLanguage":"es","potentialAction":[{"@type":"ReadAction","target":["https:\/\/idecesos.com\/seguros\/companias\/clinicum\/prima-nivelada\/"]}]},{"@type":"BreadcrumbList","@id":"https:\/\/idecesos.com\/seguros\/companias\/clinicum\/prima-nivelada\/#breadcrumb","itemListElement":[{"@type":"ListItem","position":1,"name":"Portada","item":"https:\/\/idecesos.com\/seguros\/"},{"@type":"ListItem","position":2,"name":"Compa\u00f1\u00edas de Seguros de Decesos en Espa\u00f1a","item":"https:\/\/idecesos.com\/seguros\/companias\/"},{"@type":"ListItem","position":3,"name":"Seguros de decesos Cl\u00ednicum","item":"https:\/\/idecesos.com\/seguros\/companias\/clinicum\/"},{"@type":"ListItem","position":4,"name":"Seguro de decesos Clinicum Prima Nivelada"}]},{"@type":"WebSite","@id":"https:\/\/idecesos.com\/seguros\/#website","url":"https:\/\/idecesos.com\/seguros\/","name":"","description":"","potentialAction":[{"@type":"SearchAction","target":{"@type":"EntryPoint","urlTemplate":"https:\/\/idecesos.com\/seguros\/?s={search_term_string}"},"query-input":{"@type":"PropertyValueSpecification","valueRequired":true,"valueName":"search_term_string"}}],"inLanguage":"es"}]}},"_links":{"self":[{"href":"https:\/\/idecesos.com\/seguros\/wp-json\/wp\/v2\/pages\/11764","targetHints":{"allow":["GET"]}}],"collection":[{"href":"https:\/\/idecesos.com\/seguros\/wp-json\/wp\/v2\/pages"}],"about":[{"href":"https:\/\/idecesos.com\/seguros\/wp-json\/wp\/v2\/types\/page"}],"author":[{"embeddable":true,"href":"https:\/\/idecesos.com\/seguros\/wp-json\/wp\/v2\/users\/3"}],"replies":[{"embeddable":true,"href":"https:\/\/idecesos.com\/seguros\/wp-json\/wp\/v2\/comments?post=11764"}],"version-history":[{"count":2,"href":"https:\/\/idecesos.com\/seguros\/wp-json\/wp\/v2\/pages\/11764\/revisions"}],"predecessor-version":[{"id":13280,"href":"https:\/\/idecesos.com\/seguros\/wp-json\/wp\/v2\/pages\/11764\/revisions\/13280"}],"up":[{"embeddable":true,"href":"https:\/\/idecesos.com\/seguros\/wp-json\/wp\/v2\/pages\/9488"}],"wp:attachment":[{"href":"https:\/\/idecesos.com\/seguros\/wp-json\/wp\/v2\/media?parent=11764"}],"curies":[{"name":"wp","href":"https:\/\/api.w.org\/{rel}","templated":true}]}}