{"id":11766,"date":"2021-11-26T00:00:00","date_gmt":"2021-11-26T00:00:00","guid":{"rendered":"https:\/\/idecesos.com\/seguros\/?page_id=11766"},"modified":"2022-04-07T22:14:30","modified_gmt":"2022-04-07T22:14:30","slug":"prima-mixta","status":"publish","type":"page","link":"https:\/\/idecesos.com\/seguros\/companias\/union-alcoyana\/prima-mixta\/","title":{"rendered":"Seguro de decesos Uni\u00f3n Alcoyana Prima Mixta"},"content":{"rendered":"<div id=\"ez-toc-container\" class=\"ez-toc-v2_0_82_2 ez-toc-wrap-center counter-hierarchy ez-toc-counter ez-toc-custom ez-toc-container-direction\">\n<div class=\"ez-toc-title-container\">\n<p class=\"ez-toc-title\" style=\"cursor:inherit\">Tabla de Contenido<\/p>\n<span class=\"ez-toc-title-toggle\"><a href=\"#\" class=\"ez-toc-pull-right ez-toc-btn ez-toc-btn-xs ez-toc-btn-default ez-toc-toggle\" aria-label=\"Alternar tabla de contenidos\"><span class=\"ez-toc-js-icon-con\"><span class=\"\"><span class=\"eztoc-hide\" style=\"display:none;\">Toggle<\/span><span class=\"ez-toc-icon-toggle-span\"><svg style=\"fill: #db6415;color:#db6415\" xmlns=\"http:\/\/www.w3.org\/2000\/svg\" class=\"list-377408\" width=\"20px\" height=\"20px\" viewBox=\"0 0 24 24\" fill=\"none\"><path d=\"M6 6H4v2h2V6zm14 0H8v2h12V6zM4 11h2v2H4v-2zm16 0H8v2h12v-2zM4 16h2v2H4v-2zm16 0H8v2h12v-2z\" fill=\"currentColor\"><\/path><\/svg><svg style=\"fill: #db6415;color:#db6415\" class=\"arrow-unsorted-368013\" xmlns=\"http:\/\/www.w3.org\/2000\/svg\" width=\"10px\" height=\"10px\" viewBox=\"0 0 24 24\" version=\"1.2\" baseProfile=\"tiny\"><path d=\"M18.2 9.3l-6.2-6.3-6.2 6.3c-.2.2-.3.4-.3.7s.1.5.3.7c.2.2.4.3.7.3h11c.3 0 .5-.1.7-.3.2-.2.3-.5.3-.7s-.1-.5-.3-.7zM5.8 14.7l6.2 6.3 6.2-6.3c.2-.2.3-.5.3-.7s-.1-.5-.3-.7c-.2-.2-.4-.3-.7-.3h-11c-.3 0-.5.1-.7.3-.2.2-.3.5-.3.7s.1.5.3.7z\"\/><\/svg><\/span><\/span><\/span><\/a><\/span><\/div>\n<nav><ul class='ez-toc-list ez-toc-list-level-1 ' ><li class='ez-toc-page-1 ez-toc-heading-level-2'><a class=\"ez-toc-link ez-toc-heading-1\" href=\"https:\/\/idecesos.com\/seguros\/companias\/union-alcoyana\/prima-mixta\/#Coberturas_seguro_Prima_Mixta_Union_Alcoyana\" >Coberturas seguro Prima Mixta Uni\u00f3n Alcoyana<\/a><ul class='ez-toc-list-level-3' ><li class='ez-toc-heading-level-3'><a class=\"ez-toc-link ez-toc-heading-2\" href=\"https:\/\/idecesos.com\/seguros\/companias\/union-alcoyana\/prima-mixta\/#%C2%BFA_quien_va_dirigido_el_seguro_de_decesos_Prima_Mixta_de_Union_Alcoyana\" >\u00bfA qui\u00e9n va dirigido el seguro de decesos Prima Mixta de Uni\u00f3n Alcoyana?<\/a><\/li><\/ul><\/li><li class='ez-toc-page-1 ez-toc-heading-level-2'><a class=\"ez-toc-link ez-toc-heading-3\" href=\"https:\/\/idecesos.com\/seguros\/companias\/union-alcoyana\/prima-mixta\/#Precio_de_seguro_de_decesos_Prima_Mixta_Union_Alcoyana\" >Precio de seguro de decesos Prima Mixta Uni\u00f3n Alcoyana<\/a><\/li><li class='ez-toc-page-1 ez-toc-heading-level-2'><a class=\"ez-toc-link ez-toc-heading-4\" href=\"https:\/\/idecesos.com\/seguros\/companias\/union-alcoyana\/prima-mixta\/#Productos_Prima_Mixta_Union_Alcoyana\" >Productos Prima Mixta Uni\u00f3n Alcoyana<\/a><\/li><li class='ez-toc-page-1 ez-toc-heading-level-2'><a class=\"ez-toc-link ez-toc-heading-5\" href=\"https:\/\/idecesos.com\/seguros\/companias\/union-alcoyana\/prima-mixta\/#Opiniones_del_seguro_de_decesos_de_Prima_Mixta_de_Union_Alcoyana\" >Opiniones del seguro de decesos de Prima Mixta de Uni\u00f3n Alcoyana<\/a><ul class='ez-toc-list-level-3' ><li class='ez-toc-heading-level-3'><a class=\"ez-toc-link ez-toc-heading-6\" href=\"https:\/\/idecesos.com\/seguros\/companias\/union-alcoyana\/prima-mixta\/#Paginas_relacionadas\" >P\u00e1ginas relacionadas<\/a><\/li><\/ul><\/li><\/ul><\/nav><\/div>\n\n<p>Dentro de las distintas primas, nos hallamos con prima mixta Uni\u00f3n Alcoyana, ya que es una mezcla de prima nivelada y prima natural. Cuando se llega a una edad determinada la p\u00f3liza quedar\u00e1 estable, merced a ello el abono de esto no resultar\u00e1 de manera bastante dif\u00edcil de aceptar, va a ser m\u00e1s asequible proseguir pagando la prima mixta de Uni\u00f3n Alcoyana. Se tomar\u00e1 como un gasto fijo ya que continuar\u00e1 siempre y en toda circunstancia del mismo pago.<\/p>\n<p>Leer m\u00e1s: <a href=\"https:\/\/idecesos.com\/seguros\/tipo\/mixta\/\">Seguro de decesos Prima Mixta<\/a><\/p>\n<div class=\"colorf \"  ><div class=\"container clearfix\"><div class=\"col-md-7\"><\/p>\n<h2><span class=\"ez-toc-section\" id=\"Coberturas_seguro_Prima_Mixta_Union_Alcoyana\"><\/span>Coberturas seguro Prima Mixta Uni\u00f3n Alcoyana<span class=\"ez-toc-section-end\"><\/span><\/h2>\n<p>\u00bfQu\u00e9 cubre el seguro de decesos de prima mixta Uni\u00f3n Alcoyana? Cada vez que un cliente se pregunte esto debe tener claro que siempre cuenta con todas y cada una de las coberturas necesarias por lo que se refiere al servicio funerario quedar\u00eda de forma cubierta al 100 por ciento . Dentro de Uni\u00f3n Alcoyana el seguro de decesos de prima mixta da el servicio de traslado, flores, centro de salud entre otros muchos. Cuenta con sus coberturas complementarias del seguro de prima mixta Uni\u00f3n Alcoyana de las que puede hacer empleo de manera gratuita. Con iDecesos lograr\u00e1s conocer todo en detalle del seguro de decesos de prima mixta de Uni\u00f3n Alcoyana podr\u00e1s efectuar las comparaciones precisas y conocer las coberturas que te interesan m\u00e1s. Tan f\u00e1cil como apuntarnos tu edad y lugar de vivienda, para brindarte una mayor cobertura en detalle de tu seguro de decesos de prima mixta de Uni\u00f3n Alcoyana. Cada compa\u00f1\u00eda cuenta con diferentes condiciones, pero en la compa\u00f1\u00eda aseguradora Uni\u00f3n Alcoyana es de las expertas en seguro de decesos de prima mixta donde de la los mejores servicios de calidad en el caso de sobrar el capital del asegurado se repartir\u00e1 a los familiares, podr\u00e1s observar en detalle las condiciones de Uni\u00f3n Alcoyana de prima mixta.<\/p>\n<p><\/div><\/div><\/div>\n<h3><span class=\"ez-toc-section\" id=\"%C2%BFA_quien_va_dirigido_el_seguro_de_decesos_Prima_Mixta_de_Union_Alcoyana\"><\/span>\u00bfA qui\u00e9n va dirigido el seguro de decesos Prima Mixta de Uni\u00f3n Alcoyana?<span class=\"ez-toc-section-end\"><\/span><\/h3>\n<p>El seguro que m\u00e1s se puede favorecer de un bajo coste es el seguro de prima mixta Uni\u00f3n Alcoyana siempre y cuando cumpla con los requisitos de estar en torno a los 50 a\u00f1os o m\u00e1s. En contraste a la prima nivelada. Una de las modalidades destacadas de prima mixta Uni\u00f3n Alcoyana es el conjunto de prima nivelada y natural donde cuenta como una ventaja para cada uno de ellos de sus clientes del servicio.<\/p>\n<div class=\"colorf \"  ><div class=\"container clearfix\"><div class=\"col-md-7\"><\/p>\n<h2><span class=\"ez-toc-section\" id=\"Precio_de_seguro_de_decesos_Prima_Mixta_Union_Alcoyana\"><\/span>Precio de seguro de decesos Prima Mixta Uni\u00f3n Alcoyana<span class=\"ez-toc-section-end\"><\/span><\/h2>\n<p>Si tienes una edad de entre los 20 a\u00f1os, dependiendo de la localidad de los servicios funerarios pueden ser m\u00e1s bajos, se contempla que el coste del seguro de decesos de prima mixta es de 2,15\u20ac mensualmente. Es bastante dif\u00edcil localizar una Uni\u00f3n Alcoyana de prima mixta que ofrece unas coberturas de calidad y que su precio sea asequible. A lo largo te surgen dudas con el comparador de iDecesos podr\u00e1s ver los diferentes listados de precios que existe de prima mixta en menos de 1 minuto.<\/p>\n<p><\/div><\/div><\/div>\n<h2><span class=\"ez-toc-section\" id=\"Productos_Prima_Mixta_Union_Alcoyana\"><\/span>Productos Prima Mixta Uni\u00f3n Alcoyana<span class=\"ez-toc-section-end\"><\/span><\/h2>\n<div class=\"colorf\"><div class=\"container clearfix\"><div class=\"col-md-7\"><div class=\"opiniones\">\n<h2><span class=\"ez-toc-section\" id=\"Opiniones_del_seguro_de_decesos_de_Prima_Mixta_de_Union_Alcoyana\"><\/span>Opiniones del seguro de decesos de Prima Mixta de Uni\u00f3n Alcoyana<span class=\"ez-toc-section-end\"><\/span><\/h2>\n<p>Dentro de las filtraciones y an\u00e1lisis en profundidad llevado a cabo por los especialistas de los aconsejes de iDecesos dan el veredicto de que la mejor aseguradora que cuenta con las coberturas m\u00e1s extensa y en el coste m\u00e1s rentable es el seguro de decesos de prima seminatural o bien mixta de Uni\u00f3n Alcoyana.<\/p>\n<div class=\"opinion \"  >\n\t\t\t<div class=\"cabecera_opinion\">\n\t\t\t\t<div class=\"avatar\">E S <\/div>\n\t\t\t\t<div class=\"datos_opinion\">\n\t\t\t\t\t<div class=\"nombre_opinion\">Emigdio Salamanca<\/div>\n\t\t\t\t\t<div class=\"info_opinion\">\t\t\t\t\t\t\n\t\t\t\t\t\t<div class=\"cuenta_opinion\"><i class=\"fas fa-pencil-alt\"><\/i><!--span class=\"dashicons dashicons-edit\" style=\"font-size:20px\"><\/span--><span>1 Opini\u00f3n<\/span><\/div>\t\t\t\t\t\t\n\t\t\t\t\t\t<div class=\"localizacion_opinion\">\n\t\t\t\t\t\t\t<i class=\"fas fa-map-marker-alt\"><\/i><!--span class=\"dashicons dashicons-location\" style=\"font-size:20px\"><\/span-->\n\t\t\t\t\t\t\t<span>ES<\/span>\n\t\t\t\t\t\t<\/div>\t\n\t\t\t\t\t<\/div>\n\t\t\t\t<\/div>\n\t\t\t<\/div><div class=\"texto_opinion\"><\/p>\n<p>Cuando me efectuaron el presupuesto dentro de Uni\u00f3n Alcoyana tanto las coberturas como la tarifa eran espectaculares, claro que debes de tener en cuenta en el momento de realizar la contrataci\u00f3n con Uni\u00f3n Alcoyana comienza aumentar el coste seg\u00fan la edad en tanto que se refieren cuanta m\u00e1s edad m\u00e1s riesgo puede haber.<\/p>\n<p><\/div><\/div>\n<div class=\"opinion \"  >\n\t\t\t<div class=\"cabecera_opinion\">\n\t\t\t\t<div class=\"avatar\">A C <\/div>\n\t\t\t\t<div class=\"datos_opinion\">\n\t\t\t\t\t<div class=\"nombre_opinion\">Anita Castrillo<\/div>\n\t\t\t\t\t<div class=\"info_opinion\">\t\t\t\t\t\t\n\t\t\t\t\t\t<div class=\"cuenta_opinion\"><i class=\"fas fa-pencil-alt\"><\/i><!--span class=\"dashicons dashicons-edit\" style=\"font-size:20px\"><\/span--><span>1 Opini\u00f3n<\/span><\/div>\t\t\t\t\t\t\n\t\t\t\t\t\t<div class=\"localizacion_opinion\">\n\t\t\t\t\t\t\t<i class=\"fas fa-map-marker-alt\"><\/i><!--span class=\"dashicons dashicons-location\" style=\"font-size:20px\"><\/span-->\n\t\t\t\t\t\t\t<span>ES<\/span>\n\t\t\t\t\t\t<\/div>\t\n\t\t\t\t\t<\/div>\n\t\t\t\t<\/div>\n\t\t\t<\/div><div class=\"texto_opinion\"><\/p>\n<p>Muchos de mis conocidos me aconsejaron Uni\u00f3n Alcoyana y decid\u00ed realizar la contrataci\u00f3n con ellos, aparte de que me asesoraron al detalle me dieron toda la informaci\u00f3n que necesitaba saber, como un presupuesto amoldado para mi, con lo que su tarifa fue una de los principales motivos por el cual eleg\u00ed esta Uni\u00f3n Alcoyana.<\/p>\n<p><\/div><\/div>\n<div class=\"opinion \"  >\n\t\t\t<div class=\"cabecera_opinion\">\n\t\t\t\t<div class=\"avatar\">M R <\/div>\n\t\t\t\t<div class=\"datos_opinion\">\n\t\t\t\t\t<div class=\"nombre_opinion\">Manu Rodrigo<\/div>\n\t\t\t\t\t<div class=\"info_opinion\">\t\t\t\t\t\t\n\t\t\t\t\t\t<div class=\"cuenta_opinion\"><i class=\"fas fa-pencil-alt\"><\/i><!--span class=\"dashicons dashicons-edit\" style=\"font-size:20px\"><\/span--><span>1 Opini\u00f3n<\/span><\/div>\t\t\t\t\t\t\n\t\t\t\t\t\t<div class=\"localizacion_opinion\">\n\t\t\t\t\t\t\t<i class=\"fas fa-map-marker-alt\"><\/i><!--span class=\"dashicons dashicons-location\" style=\"font-size:20px\"><\/span-->\n\t\t\t\t\t\t\t<span>ES<\/span>\n\t\t\t\t\t\t<\/div>\t\n\t\t\t\t\t<\/div>\n\t\t\t\t<\/div>\n\t\t\t<\/div><div class=\"texto_opinion\"><\/p>\n<p>Aconsejo el seguro de prima Mixta de Uni\u00f3n Alcoyana sin lugar a dudas, por el hecho de que cuando falleci\u00f3 mi abuelo respondieron sensacional.<\/p>\n<p><\/div><\/div>\n<\/div><\/div><\/div><\/div>\n<p><div class=\"oficinas\"><br \/>\n<!-- Shortcode [uni%c3%b3n-alcoyana-hijas] does not exist --><\/p>\n<p><\/div> <h3><span class=\"ez-toc-section\" id=\"Paginas_relacionadas\"><\/span>P\u00e1ginas relacionadas<span class=\"ez-toc-section-end\"><\/span><\/h3><div class=\"enlazado\"><ul> <li><a href=\"https:\/\/idecesos.com\/seguros\/companias\/union-alcoyana\/opiniones\/\">Opiniones Uni\u00f3n Alcoyana<\/a><\/li> <li><a href=\"https:\/\/idecesos.com\/seguros\/companias\/union-alcoyana\/precio\/\">Precio seguro Uni\u00f3n Alcoyana<\/a><\/li> <li><a href=\"https:\/\/idecesos.com\/seguros\/companias\/union-alcoyana\/prima-mixta\/\">Uni\u00f3n Alcoyana Prima Mixta<\/a><\/li> <li><a href=\"https:\/\/idecesos.com\/seguros\/companias\/union-alcoyana\/prima-natural\/\">Uni\u00f3n Alcoyana Prima Natural<\/a><\/li> <li><a href=\"https:\/\/idecesos.com\/seguros\/companias\/union-alcoyana\/prima-nivelada\/\">Uni\u00f3n Alcoyana Prima Nivelada<\/a><\/li> <li><a href=\"https:\/\/idecesos.com\/seguros\/companias\/union-alcoyana\/prima-unica\/\">Uni\u00f3n Alcoyana Prima \u00danica<\/a><\/li> <li><a href=\"https:\/\/idecesos.com\/seguros\/companias\/union-alcoyana\/repatriacion\/\">Uni\u00f3n Alcoyana Repatriaci\u00f3n<\/a><\/li> <li><a href=\"https:\/\/idecesos.com\/seguros\/companias\/union-alcoyana\/telefono\/\">Tel\u00e9fono Gratuito Uni\u00f3n Alcoyana<\/a><\/li>                                                                                                                                                                                                                                                                                                                                                                                                                                                                                                                                                                                                                                                                                                                                                                                                                                                                                                                                                                                                                                                                                                                                                                                                                                                                                                                                                                                                                                                                                                                                                                                                                                                                                                                                                                                                                                                                                                                                                                                                                                                                                                                                                                                                                                                                                                                                                                                                                                                                                                                                                                                                                                                                                                                                                                                                                                                                                                                                                                                                                                                                                                                              <\/ul><\/div>\r\n<\/p>\n","protected":false},"excerpt":{"rendered":"<p>Dentro de las distintas primas, nos hallamos con prima mixta Uni\u00f3n Alcoyana, ya que es una mezcla de prima nivelada y prima natural. Cuando se llega a una edad determinada la p\u00f3liza quedar\u00e1 estable, merced a ello el abono de esto no resultar\u00e1 de manera bastante dif\u00edcil de aceptar, va a ser m\u00e1s asequible proseguir&hellip; <\/p>\n","protected":false},"author":3,"featured_media":0,"parent":9485,"menu_order":0,"comment_status":"closed","ping_status":"closed","template":"single.php","meta":{"footnotes":""},"class_list":["post-11766","page","type-page","status-publish","hentry"],"yoast_head":"<!-- This site is optimized with the Yoast SEO plugin v27.3 - https:\/\/yoast.com\/product\/yoast-seo-wordpress\/ -->\n<title>Seguro Decesos Uni\u00f3n Alcoyana Prima Mixta \u25b7 Opiniones y Precio 2026<\/title>\n<meta name=\"description\" content=\"Click aqu\u00ed \u3010Seguro de Decesos Prima Mixta Uni\u00f3n Alcoyana\u3011 Mejores precios Uni\u00f3n Alcoyana seguro de fallecidos Prima Mixta \u2611\ufe0f Actualizado por iDecesos\u00ae\" \/>\n<meta name=\"robots\" content=\"index, follow, max-snippet:-1, max-image-preview:large, max-video-preview:-1\" \/>\n<link rel=\"canonical\" href=\"https:\/\/idecesos.com\/seguros\/companias\/union-alcoyana\/prima-mixta\/\" \/>\n<meta property=\"og:locale\" content=\"es_ES\" \/>\n<meta property=\"og:type\" content=\"article\" \/>\n<meta property=\"og:title\" content=\"Seguro Decesos Uni\u00f3n Alcoyana Prima Mixta \u25b7 Opiniones y Precio 2026\" \/>\n<meta property=\"og:description\" content=\"Click aqu\u00ed \u3010Seguro de Decesos Prima Mixta Uni\u00f3n Alcoyana\u3011 Mejores precios Uni\u00f3n Alcoyana seguro de fallecidos Prima Mixta \u2611\ufe0f Actualizado por iDecesos\u00ae\" \/>\n<meta property=\"og:url\" content=\"https:\/\/idecesos.com\/seguros\/companias\/union-alcoyana\/prima-mixta\/\" \/>\n<meta property=\"article:modified_time\" content=\"2022-04-07T22:14:30+00:00\" \/>\n<meta name=\"twitter:card\" content=\"summary_large_image\" \/>\n<meta name=\"twitter:label1\" content=\"Tiempo de lectura\" \/>\n\t<meta name=\"twitter:data1\" content=\"54 minutos\" \/>\n<script type=\"application\/ld+json\" class=\"yoast-schema-graph\">{\"@context\":\"https:\\\/\\\/schema.org\",\"@graph\":[{\"@type\":\"WebPage\",\"@id\":\"https:\\\/\\\/idecesos.com\\\/seguros\\\/companias\\\/union-alcoyana\\\/prima-mixta\\\/\",\"url\":\"https:\\\/\\\/idecesos.com\\\/seguros\\\/companias\\\/union-alcoyana\\\/prima-mixta\\\/\",\"name\":\"Seguro Decesos Uni\u00f3n Alcoyana Prima Mixta \u25b7 Opiniones y Precio 2026\",\"isPartOf\":{\"@id\":\"https:\\\/\\\/idecesos.com\\\/seguros\\\/#website\"},\"datePublished\":\"2021-11-26T00:00:00+00:00\",\"dateModified\":\"2022-04-07T22:14:30+00:00\",\"description\":\"Click aqu\u00ed \u3010Seguro de Decesos Prima Mixta Uni\u00f3n Alcoyana\u3011 Mejores precios Uni\u00f3n Alcoyana seguro de fallecidos Prima Mixta \u2611\ufe0f Actualizado por iDecesos\u00ae\",\"breadcrumb\":{\"@id\":\"https:\\\/\\\/idecesos.com\\\/seguros\\\/companias\\\/union-alcoyana\\\/prima-mixta\\\/#breadcrumb\"},\"inLanguage\":\"es\",\"potentialAction\":[{\"@type\":\"ReadAction\",\"target\":[\"https:\\\/\\\/idecesos.com\\\/seguros\\\/companias\\\/union-alcoyana\\\/prima-mixta\\\/\"]}]},{\"@type\":\"BreadcrumbList\",\"@id\":\"https:\\\/\\\/idecesos.com\\\/seguros\\\/companias\\\/union-alcoyana\\\/prima-mixta\\\/#breadcrumb\",\"itemListElement\":[{\"@type\":\"ListItem\",\"position\":1,\"name\":\"Portada\",\"item\":\"https:\\\/\\\/idecesos.com\\\/seguros\\\/\"},{\"@type\":\"ListItem\",\"position\":2,\"name\":\"Compa\u00f1\u00edas de Seguros de Decesos en Espa\u00f1a\",\"item\":\"https:\\\/\\\/idecesos.com\\\/seguros\\\/companias\\\/\"},{\"@type\":\"ListItem\",\"position\":3,\"name\":\"Seguros de decesos Uni\u00f3n Alcoyana\",\"item\":\"https:\\\/\\\/idecesos.com\\\/seguros\\\/companias\\\/union-alcoyana\\\/\"},{\"@type\":\"ListItem\",\"position\":4,\"name\":\"Seguro de decesos Uni\u00f3n Alcoyana Prima Mixta\"}]},{\"@type\":\"WebSite\",\"@id\":\"https:\\\/\\\/idecesos.com\\\/seguros\\\/#website\",\"url\":\"https:\\\/\\\/idecesos.com\\\/seguros\\\/\",\"name\":\"\",\"description\":\"\",\"potentialAction\":[{\"@type\":\"SearchAction\",\"target\":{\"@type\":\"EntryPoint\",\"urlTemplate\":\"https:\\\/\\\/idecesos.com\\\/seguros\\\/?s={search_term_string}\"},\"query-input\":{\"@type\":\"PropertyValueSpecification\",\"valueRequired\":true,\"valueName\":\"search_term_string\"}}],\"inLanguage\":\"es\"}]}<\/script>\n<!-- \/ Yoast SEO plugin. -->","yoast_head_json":{"title":"Seguro Decesos Uni\u00f3n Alcoyana Prima Mixta \u25b7 Opiniones y Precio 2026","description":"Click aqu\u00ed \u3010Seguro de Decesos Prima Mixta Uni\u00f3n Alcoyana\u3011 Mejores precios Uni\u00f3n Alcoyana seguro de fallecidos Prima Mixta \u2611\ufe0f Actualizado por iDecesos\u00ae","robots":{"index":"index","follow":"follow","max-snippet":"max-snippet:-1","max-image-preview":"max-image-preview:large","max-video-preview":"max-video-preview:-1"},"canonical":"https:\/\/idecesos.com\/seguros\/companias\/union-alcoyana\/prima-mixta\/","og_locale":"es_ES","og_type":"article","og_title":"Seguro Decesos Uni\u00f3n Alcoyana Prima Mixta \u25b7 Opiniones y Precio 2026","og_description":"Click aqu\u00ed \u3010Seguro de Decesos Prima Mixta Uni\u00f3n Alcoyana\u3011 Mejores precios Uni\u00f3n Alcoyana seguro de fallecidos Prima Mixta \u2611\ufe0f Actualizado por iDecesos\u00ae","og_url":"https:\/\/idecesos.com\/seguros\/companias\/union-alcoyana\/prima-mixta\/","article_modified_time":"2022-04-07T22:14:30+00:00","twitter_card":"summary_large_image","twitter_misc":{"Tiempo de lectura":"54 minutos"},"schema":{"@context":"https:\/\/schema.org","@graph":[{"@type":"WebPage","@id":"https:\/\/idecesos.com\/seguros\/companias\/union-alcoyana\/prima-mixta\/","url":"https:\/\/idecesos.com\/seguros\/companias\/union-alcoyana\/prima-mixta\/","name":"Seguro Decesos Uni\u00f3n Alcoyana Prima Mixta \u25b7 Opiniones y Precio 2026","isPartOf":{"@id":"https:\/\/idecesos.com\/seguros\/#website"},"datePublished":"2021-11-26T00:00:00+00:00","dateModified":"2022-04-07T22:14:30+00:00","description":"Click aqu\u00ed \u3010Seguro de Decesos Prima Mixta Uni\u00f3n Alcoyana\u3011 Mejores precios Uni\u00f3n Alcoyana seguro de fallecidos Prima Mixta \u2611\ufe0f Actualizado por iDecesos\u00ae","breadcrumb":{"@id":"https:\/\/idecesos.com\/seguros\/companias\/union-alcoyana\/prima-mixta\/#breadcrumb"},"inLanguage":"es","potentialAction":[{"@type":"ReadAction","target":["https:\/\/idecesos.com\/seguros\/companias\/union-alcoyana\/prima-mixta\/"]}]},{"@type":"BreadcrumbList","@id":"https:\/\/idecesos.com\/seguros\/companias\/union-alcoyana\/prima-mixta\/#breadcrumb","itemListElement":[{"@type":"ListItem","position":1,"name":"Portada","item":"https:\/\/idecesos.com\/seguros\/"},{"@type":"ListItem","position":2,"name":"Compa\u00f1\u00edas de Seguros de Decesos en Espa\u00f1a","item":"https:\/\/idecesos.com\/seguros\/companias\/"},{"@type":"ListItem","position":3,"name":"Seguros de decesos Uni\u00f3n Alcoyana","item":"https:\/\/idecesos.com\/seguros\/companias\/union-alcoyana\/"},{"@type":"ListItem","position":4,"name":"Seguro de decesos Uni\u00f3n Alcoyana Prima Mixta"}]},{"@type":"WebSite","@id":"https:\/\/idecesos.com\/seguros\/#website","url":"https:\/\/idecesos.com\/seguros\/","name":"","description":"","potentialAction":[{"@type":"SearchAction","target":{"@type":"EntryPoint","urlTemplate":"https:\/\/idecesos.com\/seguros\/?s={search_term_string}"},"query-input":{"@type":"PropertyValueSpecification","valueRequired":true,"valueName":"search_term_string"}}],"inLanguage":"es"}]}},"_links":{"self":[{"href":"https:\/\/idecesos.com\/seguros\/wp-json\/wp\/v2\/pages\/11766","targetHints":{"allow":["GET"]}}],"collection":[{"href":"https:\/\/idecesos.com\/seguros\/wp-json\/wp\/v2\/pages"}],"about":[{"href":"https:\/\/idecesos.com\/seguros\/wp-json\/wp\/v2\/types\/page"}],"author":[{"embeddable":true,"href":"https:\/\/idecesos.com\/seguros\/wp-json\/wp\/v2\/users\/3"}],"replies":[{"embeddable":true,"href":"https:\/\/idecesos.com\/seguros\/wp-json\/wp\/v2\/comments?post=11766"}],"version-history":[{"count":3,"href":"https:\/\/idecesos.com\/seguros\/wp-json\/wp\/v2\/pages\/11766\/revisions"}],"predecessor-version":[{"id":21084,"href":"https:\/\/idecesos.com\/seguros\/wp-json\/wp\/v2\/pages\/11766\/revisions\/21084"}],"up":[{"embeddable":true,"href":"https:\/\/idecesos.com\/seguros\/wp-json\/wp\/v2\/pages\/9485"}],"wp:attachment":[{"href":"https:\/\/idecesos.com\/seguros\/wp-json\/wp\/v2\/media?parent=11766"}],"curies":[{"name":"wp","href":"https:\/\/api.w.org\/{rel}","templated":true}]}}