{"id":11768,"date":"2021-11-26T00:00:00","date_gmt":"2021-11-26T00:00:00","guid":{"rendered":"https:\/\/idecesos.com\/seguros\/?page_id=11768"},"modified":"2022-01-03T12:31:07","modified_gmt":"2022-01-03T12:31:07","slug":"prima-natural","status":"publish","type":"page","link":"https:\/\/idecesos.com\/seguros\/companias\/mgs\/prima-natural\/","title":{"rendered":"Seguro de decesos MGS Prima Natural"},"content":{"rendered":"<div id=\"ez-toc-container\" class=\"ez-toc-v2_0_82_2 ez-toc-wrap-center counter-hierarchy ez-toc-counter ez-toc-custom ez-toc-container-direction\">\n<div class=\"ez-toc-title-container\">\n<p class=\"ez-toc-title\" style=\"cursor:inherit\">Tabla de Contenido<\/p>\n<span class=\"ez-toc-title-toggle\"><a href=\"#\" class=\"ez-toc-pull-right ez-toc-btn ez-toc-btn-xs ez-toc-btn-default ez-toc-toggle\" aria-label=\"Alternar tabla de contenidos\"><span class=\"ez-toc-js-icon-con\"><span class=\"\"><span class=\"eztoc-hide\" style=\"display:none;\">Toggle<\/span><span class=\"ez-toc-icon-toggle-span\"><svg style=\"fill: #db6415;color:#db6415\" xmlns=\"http:\/\/www.w3.org\/2000\/svg\" class=\"list-377408\" width=\"20px\" height=\"20px\" viewBox=\"0 0 24 24\" fill=\"none\"><path d=\"M6 6H4v2h2V6zm14 0H8v2h12V6zM4 11h2v2H4v-2zm16 0H8v2h12v-2zM4 16h2v2H4v-2zm16 0H8v2h12v-2z\" fill=\"currentColor\"><\/path><\/svg><svg style=\"fill: #db6415;color:#db6415\" class=\"arrow-unsorted-368013\" xmlns=\"http:\/\/www.w3.org\/2000\/svg\" width=\"10px\" height=\"10px\" viewBox=\"0 0 24 24\" version=\"1.2\" baseProfile=\"tiny\"><path d=\"M18.2 9.3l-6.2-6.3-6.2 6.3c-.2.2-.3.4-.3.7s.1.5.3.7c.2.2.4.3.7.3h11c.3 0 .5-.1.7-.3.2-.2.3-.5.3-.7s-.1-.5-.3-.7zM5.8 14.7l6.2 6.3 6.2-6.3c.2-.2.3-.5.3-.7s-.1-.5-.3-.7c-.2-.2-.4-.3-.7-.3h-11c-.3 0-.5.1-.7.3-.2.2-.3.5-.3.7s.1.5.3.7z\"\/><\/svg><\/span><\/span><\/span><\/a><\/span><\/div>\n<nav><ul class='ez-toc-list ez-toc-list-level-1 ' ><li class='ez-toc-page-1 ez-toc-heading-level-2'><a class=\"ez-toc-link ez-toc-heading-1\" href=\"https:\/\/idecesos.com\/seguros\/companias\/mgs\/prima-natural\/#Coberturas_seguro_Prima_Natural_MGS\" >Coberturas seguro Prima Natural MGS<\/a><ul class='ez-toc-list-level-3' ><li class='ez-toc-heading-level-3'><a class=\"ez-toc-link ez-toc-heading-2\" href=\"https:\/\/idecesos.com\/seguros\/companias\/mgs\/prima-natural\/#%C2%BFA_quien_va_dirigido_el_seguro_de_decesos_Prima_Natural_de_MGS\" >\u00bfA qui\u00e9n va dirigido el seguro de decesos Prima Natural de MGS?<\/a><\/li><\/ul><\/li><li class='ez-toc-page-1 ez-toc-heading-level-2'><a class=\"ez-toc-link ez-toc-heading-3\" href=\"https:\/\/idecesos.com\/seguros\/companias\/mgs\/prima-natural\/#Precio_de_seguro_de_decesos_Prima_Natural_MGS\" >Precio de seguro de decesos Prima Natural MGS<\/a><\/li><li class='ez-toc-page-1 ez-toc-heading-level-2'><a class=\"ez-toc-link ez-toc-heading-4\" href=\"https:\/\/idecesos.com\/seguros\/companias\/mgs\/prima-natural\/#Productos_Prima_Natural_MGS\" >Productos Prima Natural MGS<\/a><\/li><li class='ez-toc-page-1 ez-toc-heading-level-2'><a class=\"ez-toc-link ez-toc-heading-5\" href=\"https:\/\/idecesos.com\/seguros\/companias\/mgs\/prima-natural\/#Opiniones_del_seguro_de_decesos_de_Prima_Natural_de_MGS\" >Opiniones del seguro de decesos de Prima Natural de MGS<\/a><ul class='ez-toc-list-level-3' ><li class='ez-toc-heading-level-3'><a class=\"ez-toc-link ez-toc-heading-6\" href=\"https:\/\/idecesos.com\/seguros\/companias\/mgs\/prima-natural\/#Paginas_relacionadas\" >P\u00e1ginas relacionadas<\/a><\/li><\/ul><\/li><\/ul><\/nav><\/div>\n\n<p>\u00bfMucho de vosotros os preguntareis qu\u00e9 tipo de seguro es? puesto que explicado es un seguro de decesos de prima natural de MGS . Responderemos a estas cuestiones de manera simplificada. El seguro de prima natural MGS el concepto de de su subida anual que se llevar\u00e1 a cabo con el t\u00e9rmino referente de la edad del asegurado, las personas participantes dentro de exactamente la misma p\u00f3liza. Asimismo, el coste asimismo va asociado al incremento del valor de los servicios funerarios asociados en todos y cada localidad, y suelen variar. No obstante, MGS prima natural\u00bb es un seguro muy demandado por lo atractiva que es el importe de su prima. <\/p>\n<p>Leer m\u00e1s: <a href=\"https:\/\/idecesos.com\/seguros\/tipo\/natural\/\">Seguro de decesos Prima Natural<\/a><\/p>\n<div class=\"colorf \"  ><div class=\"container clearfix\"><div class=\"col-md-7\"><\/p>\n<h2><span class=\"ez-toc-section\" id=\"Coberturas_seguro_Prima_Natural_MGS\"><\/span>Coberturas seguro Prima Natural MGS<span class=\"ez-toc-section-end\"><\/span><\/h2>\n<p>El seguro de prima natural de MGS cuenta con las mejores coberturas del mercado en el servicio funerario dejando cubierto el traslado del cuerpo, incluye un experto conductor entre otros. Asimismo todos y cada uno de los suministros necesarios para el correcto y digno trato al difunto de qu\u00e9 manera son ata\u00fad, flores, veh\u00edculo, urna, esquela con su administraci\u00f3n para la publicaci\u00f3n con el texto aprobado por los familiares responsables. Dentro de todos y cada uno de los servicios que tengan el de car\u00e1cter m\u00e1s importante es cubra de manera engrande condiciones el sitio del velorio y que quede de forma adecuada para que sus familiares se hallen en serenidad y se despidan de su ser querido. Siendo de los m\u00e1s destacados MGS la prima natural cuenta con coberturas ampl\u00edsimas que quedan registrados en la normativa vigente, si bien adem\u00e1s de ello, podr\u00e1s tener la opci\u00f3n de seleccionar relaci\u00f3n ya queda incluido dentro del servicio. Habitualmente el servicio religioso se realiza en la capilla del tanatorio, en el camposanto el sacerdote afirmar\u00e1 las \u00faltimas palabras, claro todo va a depender de cada lugar como de las costumbres. Con todo lo anterior asimismo se agrega al seguro de prima natural de MGS unas coberturas complementarias a las que tiene, del que podr\u00e1 hacer empleo mientras que se halle en vigencia la p\u00f3liza. <\/p>\n<p><\/div><\/div><\/div>\n<h3><span class=\"ez-toc-section\" id=\"%C2%BFA_quien_va_dirigido_el_seguro_de_decesos_Prima_Natural_de_MGS\"><\/span>\u00bfA qui\u00e9n va dirigido el seguro de decesos Prima Natural de MGS?<span class=\"ez-toc-section-end\"><\/span><\/h3>\n<p>El seguro de prima natural de MGS va dirigido a un perfil de cliente del servicio en tramo de edad joven, puesto que ofrece una prima de seguro muy econ\u00f3mica. El perfil del cliente de prima natural es joven por eso son primas tan ajustadas y atienden a la esperanza de vida en cada momento. <\/p>\n<div class=\"colorf \"  ><div class=\"container clearfix\"><div class=\"col-md-7\"><\/p>\n<h2><span class=\"ez-toc-section\" id=\"Precio_de_seguro_de_decesos_Prima_Natural_MGS\"><\/span>Precio de seguro de decesos Prima Natural MGS<span class=\"ez-toc-section-end\"><\/span><\/h2>\n<p>El coste estimado es de 20,05\u20ac anuales el seguro de prima natural en MGS. Se tomar\u00e1 como primordiales peculiaridades la edad de una persona joven y la localidad donde se efect\u00faen servicios funerarios m\u00e1s econ\u00f3micos. Sabemos que todav\u00eda no lo tienes claro, por tanto te damos la soluci\u00f3n con iDecesos podr\u00e1s comparar los diferentes precios del seguro de prima natural MGS , sin necesidad de registros en solo cuesti\u00f3n de segundos tendr\u00e1s las mejores comparaciones de costes que hay en el mercado. <\/p>\n<p><\/div><\/div><\/div>\n<h2><span class=\"ez-toc-section\" id=\"Productos_Prima_Natural_MGS\"><\/span>Productos Prima Natural MGS<span class=\"ez-toc-section-end\"><\/span><\/h2>\n<div class=\"colorf\"><div class=\"container clearfix\"><div class=\"col-md-7\"><div class=\"opiniones\">\n<h2><span class=\"ez-toc-section\" id=\"Opiniones_del_seguro_de_decesos_de_Prima_Natural_de_MGS\"><\/span>Opiniones del seguro de decesos de Prima Natural de MGS<span class=\"ez-toc-section-end\"><\/span><\/h2>\n<div class=\"opinion \"  >\n\t\t\t<div class=\"cabecera_opinion\">\n\t\t\t\t<div class=\"avatar\">J M P <\/div>\n\t\t\t\t<div class=\"datos_opinion\">\n\t\t\t\t\t<div class=\"nombre_opinion\">Jose Manuel Palma<\/div>\n\t\t\t\t\t<div class=\"info_opinion\">\t\t\t\t\t\t\n\t\t\t\t\t\t<div class=\"cuenta_opinion\"><i class=\"fas fa-pencil-alt\"><\/i><!--span class=\"dashicons dashicons-edit\" style=\"font-size:20px\"><\/span--><span>1 Opini\u00f3n<\/span><\/div>\t\t\t\t\t\t\n\t\t\t\t\t\t<div class=\"localizacion_opinion\">\n\t\t\t\t\t\t\t<i class=\"fas fa-map-marker-alt\"><\/i><!--span class=\"dashicons dashicons-location\" style=\"font-size:20px\"><\/span-->\n\t\t\t\t\t\t\t<span>ES<\/span>\n\t\t\t\t\t\t<\/div>\t\n\t\t\t\t\t<\/div>\n\t\t\t\t<\/div>\n\t\t\t<\/div><div class=\"texto_opinion\"><\/p>\n<p>Es una de los mejores seguros de decesos de prima natural de MGS lo recomiendo para todas aquellas personas j\u00f3venes, si bien la \u00fanica queja es que con los a\u00f1os en relaci\u00f3n a la edad va aumentando el coste en MGS.<\/p>\n<p><\/div><\/div>\n<div class=\"opinion \"  >\n\t\t\t<div class=\"cabecera_opinion\">\n\t\t\t\t<div class=\"avatar\">A F <\/div>\n\t\t\t\t<div class=\"datos_opinion\">\n\t\t\t\t\t<div class=\"nombre_opinion\">Andr\u00e9s Felipe<\/div>\n\t\t\t\t\t<div class=\"info_opinion\">\t\t\t\t\t\t\n\t\t\t\t\t\t<div class=\"cuenta_opinion\"><i class=\"fas fa-pencil-alt\"><\/i><!--span class=\"dashicons dashicons-edit\" style=\"font-size:20px\"><\/span--><span>1 Opini\u00f3n<\/span><\/div>\t\t\t\t\t\t\n\t\t\t\t\t\t<div class=\"localizacion_opinion\">\n\t\t\t\t\t\t\t<i class=\"fas fa-map-marker-alt\"><\/i><!--span class=\"dashicons dashicons-location\" style=\"font-size:20px\"><\/span-->\n\t\t\t\t\t\t\t<span>ES<\/span>\n\t\t\t\t\t\t<\/div>\t\n\t\t\t\t\t<\/div>\n\t\t\t\t<\/div>\n\t\t\t<\/div><div class=\"texto_opinion\"><\/p>\n<p>MGS de la mejor que hay en el mercado con respecto al seguro de prima natural.<\/p>\n<p><\/div><\/div>\n<div class=\"opinion \"  >\n\t\t\t<div class=\"cabecera_opinion\">\n\t\t\t\t<div class=\"avatar\">L R <\/div>\n\t\t\t\t<div class=\"datos_opinion\">\n\t\t\t\t\t<div class=\"nombre_opinion\">Lara Roldan<\/div>\n\t\t\t\t\t<div class=\"info_opinion\">\t\t\t\t\t\t\n\t\t\t\t\t\t<div class=\"cuenta_opinion\"><i class=\"fas fa-pencil-alt\"><\/i><!--span class=\"dashicons dashicons-edit\" style=\"font-size:20px\"><\/span--><span>1 Opini\u00f3n<\/span><\/div>\t\t\t\t\t\t\n\t\t\t\t\t\t<div class=\"localizacion_opinion\">\n\t\t\t\t\t\t\t<i class=\"fas fa-map-marker-alt\"><\/i><!--span class=\"dashicons dashicons-location\" style=\"font-size:20px\"><\/span-->\n\t\t\t\t\t\t\t<span>ES<\/span>\n\t\t\t\t\t\t<\/div>\t\n\t\t\t\t\t<\/div>\n\t\t\t\t<\/div>\n\t\t\t<\/div><div class=\"texto_opinion\"><\/p>\n<p>Tengo asegurado a mis 3 hijos y a mi mujer con el seguro de prima \u00fanica de MGS y pago 12,80 euros al mes por todos, est\u00e1 sinceramente bien y con una compa\u00f1\u00eda top.<\/p>\n<p><\/div><\/div>\n<\/div><\/div><\/div><\/div>\n<p><div class=\"oficinas\"><br \/>\n<h3><span class=\"ez-toc-section\" id=\"Paginas_relacionadas\"><\/span>P\u00e1ginas relacionadas<span class=\"ez-toc-section-end\"><\/span><\/h3><div class=\"enlazado\"><ul> <li><a href=\"https:\/\/idecesos.com\/seguros\/companias\/mgs\/opiniones\/\">Opiniones MGS<\/a><\/li> <li><a href=\"https:\/\/idecesos.com\/seguros\/companias\/mgs\/precio\/\">Precio seguro MGS<\/a><\/li> <li><a href=\"https:\/\/idecesos.com\/seguros\/companias\/mgs\/prima-mixta\/\">MGS Prima Mixta<\/a><\/li> <li><a href=\"https:\/\/idecesos.com\/seguros\/companias\/mgs\/prima-natural\/\">MGS Prima Natural<\/a><\/li> <li><a href=\"https:\/\/idecesos.com\/seguros\/companias\/mgs\/prima-nivelada\/\">MGS Prima Nivelada<\/a><\/li> <li><a href=\"https:\/\/idecesos.com\/seguros\/companias\/mgs\/prima-unica\/\">MGS Prima \u00danica<\/a><\/li> <li><a href=\"https:\/\/idecesos.com\/seguros\/companias\/mgs\/repatriacion\/\">MGS Repatriaci\u00f3n<\/a><\/li> <li><a href=\"https:\/\/idecesos.com\/seguros\/companias\/mgs\/telefono\/\">Tel\u00e9fono Gratuito MGS<\/a><\/li><\/ul><\/div><\/p>\n<\/div>\n","protected":false},"excerpt":{"rendered":"<p>\u00bfMucho de vosotros os preguntareis qu\u00e9 tipo de seguro es? puesto que explicado es un seguro de decesos de prima natural de MGS . Responderemos a estas cuestiones de manera simplificada. El seguro de prima natural MGS el concepto de de su subida anual que se llevar\u00e1 a cabo con el t\u00e9rmino referente de la&hellip; <\/p>\n","protected":false},"author":3,"featured_media":0,"parent":9480,"menu_order":0,"comment_status":"closed","ping_status":"closed","template":"single.php","meta":{"footnotes":""},"class_list":["post-11768","page","type-page","status-publish","hentry"],"yoast_head":"<!-- This site is optimized with the Yoast SEO plugin v27.3 - https:\/\/yoast.com\/product\/yoast-seo-wordpress\/ -->\n<title>Seguro Decesos MGS Prima Natural \u25b7 Opiniones y Precio 2026<\/title>\n<meta name=\"description\" content=\"Click aqu\u00ed \u3010Seguro de Decesos Prima Natural MGS\u3011 Mejores precios MGS seguro de fallecidos Prima Natural \u2611\ufe0f Actualizado por iDecesos\u00ae\" \/>\n<meta name=\"robots\" content=\"index, follow, max-snippet:-1, max-image-preview:large, max-video-preview:-1\" \/>\n<link rel=\"canonical\" href=\"https:\/\/idecesos.com\/seguros\/companias\/mgs\/prima-natural\/\" \/>\n<meta property=\"og:locale\" content=\"es_ES\" \/>\n<meta property=\"og:type\" content=\"article\" \/>\n<meta property=\"og:title\" content=\"Seguro Decesos MGS Prima Natural \u25b7 Opiniones y Precio 2026\" \/>\n<meta property=\"og:description\" content=\"Click aqu\u00ed \u3010Seguro de Decesos Prima Natural MGS\u3011 Mejores precios MGS seguro de fallecidos Prima Natural \u2611\ufe0f Actualizado por iDecesos\u00ae\" \/>\n<meta property=\"og:url\" content=\"https:\/\/idecesos.com\/seguros\/companias\/mgs\/prima-natural\/\" \/>\n<meta property=\"article:modified_time\" content=\"2022-01-03T12:31:07+00:00\" \/>\n<meta name=\"twitter:card\" content=\"summary_large_image\" \/>\n<meta name=\"twitter:label1\" content=\"Tiempo de lectura\" \/>\n\t<meta name=\"twitter:data1\" content=\"54 minutos\" \/>\n<script type=\"application\/ld+json\" class=\"yoast-schema-graph\">{\"@context\":\"https:\\\/\\\/schema.org\",\"@graph\":[{\"@type\":\"WebPage\",\"@id\":\"https:\\\/\\\/idecesos.com\\\/seguros\\\/companias\\\/mgs\\\/prima-natural\\\/\",\"url\":\"https:\\\/\\\/idecesos.com\\\/seguros\\\/companias\\\/mgs\\\/prima-natural\\\/\",\"name\":\"Seguro Decesos MGS Prima Natural \u25b7 Opiniones y Precio 2026\",\"isPartOf\":{\"@id\":\"https:\\\/\\\/idecesos.com\\\/seguros\\\/#website\"},\"datePublished\":\"2021-11-26T00:00:00+00:00\",\"dateModified\":\"2022-01-03T12:31:07+00:00\",\"description\":\"Click aqu\u00ed \u3010Seguro de Decesos Prima Natural MGS\u3011 Mejores precios MGS seguro de fallecidos Prima Natural \u2611\ufe0f Actualizado por iDecesos\u00ae\",\"breadcrumb\":{\"@id\":\"https:\\\/\\\/idecesos.com\\\/seguros\\\/companias\\\/mgs\\\/prima-natural\\\/#breadcrumb\"},\"inLanguage\":\"es\",\"potentialAction\":[{\"@type\":\"ReadAction\",\"target\":[\"https:\\\/\\\/idecesos.com\\\/seguros\\\/companias\\\/mgs\\\/prima-natural\\\/\"]}]},{\"@type\":\"BreadcrumbList\",\"@id\":\"https:\\\/\\\/idecesos.com\\\/seguros\\\/companias\\\/mgs\\\/prima-natural\\\/#breadcrumb\",\"itemListElement\":[{\"@type\":\"ListItem\",\"position\":1,\"name\":\"Portada\",\"item\":\"https:\\\/\\\/idecesos.com\\\/seguros\\\/\"},{\"@type\":\"ListItem\",\"position\":2,\"name\":\"Compa\u00f1\u00edas de Seguros de Decesos en Espa\u00f1a\",\"item\":\"https:\\\/\\\/idecesos.com\\\/seguros\\\/companias\\\/\"},{\"@type\":\"ListItem\",\"position\":3,\"name\":\"Seguros de decesos MGS\",\"item\":\"https:\\\/\\\/idecesos.com\\\/seguros\\\/companias\\\/mgs\\\/\"},{\"@type\":\"ListItem\",\"position\":4,\"name\":\"Seguro de decesos MGS Prima Natural\"}]},{\"@type\":\"WebSite\",\"@id\":\"https:\\\/\\\/idecesos.com\\\/seguros\\\/#website\",\"url\":\"https:\\\/\\\/idecesos.com\\\/seguros\\\/\",\"name\":\"\",\"description\":\"\",\"potentialAction\":[{\"@type\":\"SearchAction\",\"target\":{\"@type\":\"EntryPoint\",\"urlTemplate\":\"https:\\\/\\\/idecesos.com\\\/seguros\\\/?s={search_term_string}\"},\"query-input\":{\"@type\":\"PropertyValueSpecification\",\"valueRequired\":true,\"valueName\":\"search_term_string\"}}],\"inLanguage\":\"es\"}]}<\/script>\n<!-- \/ Yoast SEO plugin. -->","yoast_head_json":{"title":"Seguro Decesos MGS Prima Natural \u25b7 Opiniones y Precio 2026","description":"Click aqu\u00ed \u3010Seguro de Decesos Prima Natural MGS\u3011 Mejores precios MGS seguro de fallecidos Prima Natural \u2611\ufe0f Actualizado por iDecesos\u00ae","robots":{"index":"index","follow":"follow","max-snippet":"max-snippet:-1","max-image-preview":"max-image-preview:large","max-video-preview":"max-video-preview:-1"},"canonical":"https:\/\/idecesos.com\/seguros\/companias\/mgs\/prima-natural\/","og_locale":"es_ES","og_type":"article","og_title":"Seguro Decesos MGS Prima Natural \u25b7 Opiniones y Precio 2026","og_description":"Click aqu\u00ed \u3010Seguro de Decesos Prima Natural MGS\u3011 Mejores precios MGS seguro de fallecidos Prima Natural \u2611\ufe0f Actualizado por iDecesos\u00ae","og_url":"https:\/\/idecesos.com\/seguros\/companias\/mgs\/prima-natural\/","article_modified_time":"2022-01-03T12:31:07+00:00","twitter_card":"summary_large_image","twitter_misc":{"Tiempo de lectura":"54 minutos"},"schema":{"@context":"https:\/\/schema.org","@graph":[{"@type":"WebPage","@id":"https:\/\/idecesos.com\/seguros\/companias\/mgs\/prima-natural\/","url":"https:\/\/idecesos.com\/seguros\/companias\/mgs\/prima-natural\/","name":"Seguro Decesos MGS Prima Natural \u25b7 Opiniones y Precio 2026","isPartOf":{"@id":"https:\/\/idecesos.com\/seguros\/#website"},"datePublished":"2021-11-26T00:00:00+00:00","dateModified":"2022-01-03T12:31:07+00:00","description":"Click aqu\u00ed \u3010Seguro de Decesos Prima Natural MGS\u3011 Mejores precios MGS seguro de fallecidos Prima Natural \u2611\ufe0f Actualizado por iDecesos\u00ae","breadcrumb":{"@id":"https:\/\/idecesos.com\/seguros\/companias\/mgs\/prima-natural\/#breadcrumb"},"inLanguage":"es","potentialAction":[{"@type":"ReadAction","target":["https:\/\/idecesos.com\/seguros\/companias\/mgs\/prima-natural\/"]}]},{"@type":"BreadcrumbList","@id":"https:\/\/idecesos.com\/seguros\/companias\/mgs\/prima-natural\/#breadcrumb","itemListElement":[{"@type":"ListItem","position":1,"name":"Portada","item":"https:\/\/idecesos.com\/seguros\/"},{"@type":"ListItem","position":2,"name":"Compa\u00f1\u00edas de Seguros de Decesos en Espa\u00f1a","item":"https:\/\/idecesos.com\/seguros\/companias\/"},{"@type":"ListItem","position":3,"name":"Seguros de decesos MGS","item":"https:\/\/idecesos.com\/seguros\/companias\/mgs\/"},{"@type":"ListItem","position":4,"name":"Seguro de decesos MGS Prima Natural"}]},{"@type":"WebSite","@id":"https:\/\/idecesos.com\/seguros\/#website","url":"https:\/\/idecesos.com\/seguros\/","name":"","description":"","potentialAction":[{"@type":"SearchAction","target":{"@type":"EntryPoint","urlTemplate":"https:\/\/idecesos.com\/seguros\/?s={search_term_string}"},"query-input":{"@type":"PropertyValueSpecification","valueRequired":true,"valueName":"search_term_string"}}],"inLanguage":"es"}]}},"_links":{"self":[{"href":"https:\/\/idecesos.com\/seguros\/wp-json\/wp\/v2\/pages\/11768","targetHints":{"allow":["GET"]}}],"collection":[{"href":"https:\/\/idecesos.com\/seguros\/wp-json\/wp\/v2\/pages"}],"about":[{"href":"https:\/\/idecesos.com\/seguros\/wp-json\/wp\/v2\/types\/page"}],"author":[{"embeddable":true,"href":"https:\/\/idecesos.com\/seguros\/wp-json\/wp\/v2\/users\/3"}],"replies":[{"embeddable":true,"href":"https:\/\/idecesos.com\/seguros\/wp-json\/wp\/v2\/comments?post=11768"}],"version-history":[{"count":2,"href":"https:\/\/idecesos.com\/seguros\/wp-json\/wp\/v2\/pages\/11768\/revisions"}],"predecessor-version":[{"id":13284,"href":"https:\/\/idecesos.com\/seguros\/wp-json\/wp\/v2\/pages\/11768\/revisions\/13284"}],"up":[{"embeddable":true,"href":"https:\/\/idecesos.com\/seguros\/wp-json\/wp\/v2\/pages\/9480"}],"wp:attachment":[{"href":"https:\/\/idecesos.com\/seguros\/wp-json\/wp\/v2\/media?parent=11768"}],"curies":[{"name":"wp","href":"https:\/\/api.w.org\/{rel}","templated":true}]}}