{"id":11772,"date":"2021-11-26T00:00:00","date_gmt":"2021-11-26T00:00:00","guid":{"rendered":"https:\/\/idecesos.com\/seguros\/?page_id=11772"},"modified":"2022-04-07T22:16:20","modified_gmt":"2022-04-07T22:16:20","slug":"prima-unica","status":"publish","type":"page","link":"https:\/\/idecesos.com\/seguros\/companias\/union-alcoyana\/prima-unica\/","title":{"rendered":"Seguro de decesos Uni\u00f3n Alcoyana Prima \u00danica"},"content":{"rendered":"<div id=\"ez-toc-container\" class=\"ez-toc-v2_0_82_2 ez-toc-wrap-center counter-hierarchy ez-toc-counter ez-toc-custom ez-toc-container-direction\">\n<div class=\"ez-toc-title-container\">\n<p class=\"ez-toc-title\" style=\"cursor:inherit\">Tabla de Contenido<\/p>\n<span class=\"ez-toc-title-toggle\"><a href=\"#\" class=\"ez-toc-pull-right ez-toc-btn ez-toc-btn-xs ez-toc-btn-default ez-toc-toggle\" aria-label=\"Alternar tabla de contenidos\"><span class=\"ez-toc-js-icon-con\"><span class=\"\"><span class=\"eztoc-hide\" style=\"display:none;\">Toggle<\/span><span class=\"ez-toc-icon-toggle-span\"><svg style=\"fill: #db6415;color:#db6415\" xmlns=\"http:\/\/www.w3.org\/2000\/svg\" class=\"list-377408\" width=\"20px\" height=\"20px\" viewBox=\"0 0 24 24\" fill=\"none\"><path d=\"M6 6H4v2h2V6zm14 0H8v2h12V6zM4 11h2v2H4v-2zm16 0H8v2h12v-2zM4 16h2v2H4v-2zm16 0H8v2h12v-2z\" fill=\"currentColor\"><\/path><\/svg><svg style=\"fill: #db6415;color:#db6415\" class=\"arrow-unsorted-368013\" xmlns=\"http:\/\/www.w3.org\/2000\/svg\" width=\"10px\" height=\"10px\" viewBox=\"0 0 24 24\" version=\"1.2\" baseProfile=\"tiny\"><path d=\"M18.2 9.3l-6.2-6.3-6.2 6.3c-.2.2-.3.4-.3.7s.1.5.3.7c.2.2.4.3.7.3h11c.3 0 .5-.1.7-.3.2-.2.3-.5.3-.7s-.1-.5-.3-.7zM5.8 14.7l6.2 6.3 6.2-6.3c.2-.2.3-.5.3-.7s-.1-.5-.3-.7c-.2-.2-.4-.3-.7-.3h-11c-.3 0-.5.1-.7.3-.2.2-.3.5-.3.7s.1.5.3.7z\"\/><\/svg><\/span><\/span><\/span><\/a><\/span><\/div>\n<nav><ul class='ez-toc-list ez-toc-list-level-1 ' ><li class='ez-toc-page-1 ez-toc-heading-level-2'><a class=\"ez-toc-link ez-toc-heading-1\" href=\"https:\/\/idecesos.com\/seguros\/companias\/union-alcoyana\/prima-unica\/#Coberturas_seguro_Prima_Unica_Union_Alcoyana\" >Coberturas seguro Prima \u00danica Uni\u00f3n Alcoyana<\/a><ul class='ez-toc-list-level-3' ><li class='ez-toc-heading-level-3'><a class=\"ez-toc-link ez-toc-heading-2\" href=\"https:\/\/idecesos.com\/seguros\/companias\/union-alcoyana\/prima-unica\/#%C2%BFA_quien_va_dirigido_el_seguro_de_decesos_Prima_Unica_de_Union_Alcoyana\" >\u00bfA qui\u00e9n va dirigido el seguro de decesos Prima \u00danica de Uni\u00f3n Alcoyana?<\/a><\/li><\/ul><\/li><li class='ez-toc-page-1 ez-toc-heading-level-2'><a class=\"ez-toc-link ez-toc-heading-3\" href=\"https:\/\/idecesos.com\/seguros\/companias\/union-alcoyana\/prima-unica\/#Precio_de_seguro_de_decesos_Prima_Unica_Union_Alcoyana\" >Precio de seguro de decesos Prima \u00danica Uni\u00f3n Alcoyana<\/a><\/li><li class='ez-toc-page-1 ez-toc-heading-level-2'><a class=\"ez-toc-link ez-toc-heading-4\" href=\"https:\/\/idecesos.com\/seguros\/companias\/union-alcoyana\/prima-unica\/#Productos_Prima_Unica_Union_Alcoyana\" >Productos Prima \u00danica Uni\u00f3n Alcoyana<\/a><\/li><li class='ez-toc-page-1 ez-toc-heading-level-2'><a class=\"ez-toc-link ez-toc-heading-5\" href=\"https:\/\/idecesos.com\/seguros\/companias\/union-alcoyana\/prima-unica\/#Opiniones_del_seguro_de_decesos_de_Prima_Unica_de_Union_Alcoyana\" >Opiniones del seguro de decesos de Prima \u00danica de Uni\u00f3n Alcoyana<\/a><ul class='ez-toc-list-level-3' ><li class='ez-toc-heading-level-3'><a class=\"ez-toc-link ez-toc-heading-6\" href=\"https:\/\/idecesos.com\/seguros\/companias\/union-alcoyana\/prima-unica\/#Paginas_relacionadas\" >P\u00e1ginas relacionadas<\/a><\/li><\/ul><\/li><\/ul><\/nav><\/div>\n<p><br \/>\nEl seguro de decesos de Uni\u00f3n Alcoyana es la opci\u00f3n alternativa id\u00f3nea para personas mayores que quieren una p\u00f3liza de pago \u00fanico y que le cubra todos los gastos, servicios, suministros de un entierro, entierro e incineraci\u00f3n. El seguro de prima \u00fanica de Uni\u00f3n Alcoyana es el mejor del mercado que cuenta con todas las garant\u00edas de solucionar los tr\u00e1mites burocr\u00e1ticos y el servicio funerario al completo.<\/p>\n<p>Leer m\u00e1s: <a href=\"https:\/\/idecesos.com\/seguros\/tipo\/prima-unica\/\">Seguro de decesos Prima \u00danica<\/a><br \/>\n<div class=\"colorf \"  ><div class=\"container clearfix\"><div class=\"col-md-7\"><\/p>\n<h2><span class=\"ez-toc-section\" id=\"Coberturas_seguro_Prima_Unica_Union_Alcoyana\"><\/span>Coberturas seguro Prima \u00danica Uni\u00f3n Alcoyana<span class=\"ez-toc-section-end\"><\/span><\/h2>\n<p>\u00bfCuales son las coberturas de prima \u00fanica de Uni\u00f3n Alcoyana? Puesto que son todas y cada una respecto al servicio de sepelio dando las coberturas que procede desde incieranci\u00f3n hasta entierro y dem\u00e1s servicios funerarios. En las coberturas se contempla el desplazamiento del fallecido desde el hospital, donde radique o sitio de sepelio. Tambi\u00e9n el acondicionamiento del fallecido, la administraci\u00f3n y coordinaci\u00f3n del velorio (tanatorio), funeral y entierro en el cementerio, proveer de todos los componentes necesarios para su correcta administraci\u00f3n de qu\u00e9 manera son flores, ata\u00fad, l\u00e1pida, urnas y esquelas. Asimismo, el seguro de prima \u00fanica de Uni\u00f3n Alcoyana garantizan todos y cada uno de los tr\u00e1mites burocr\u00e1ticos como son el certificado de defunci\u00f3n y registro civil del fallecido entre otros.<br \/>\n<\/div><\/div><\/div><\/p>\n<h3><span class=\"ez-toc-section\" id=\"%C2%BFA_quien_va_dirigido_el_seguro_de_decesos_Prima_Unica_de_Union_Alcoyana\"><\/span>\u00bfA qui\u00e9n va dirigido el seguro de decesos Prima \u00danica de Uni\u00f3n Alcoyana?<span class=\"ez-toc-section-end\"><\/span><\/h3>\n<p>Las personas de m\u00e1s de 70 a\u00f1os prefieren el seguro de prima \u00fanica de Uni\u00f3n Alcoyana en tanto que cubren todas y cada una de las necesidades en el instante de su fallecimiento adem\u00e1s que aseguran la calma para sus familiares. Adem\u00e1s, el seguro de pago \u00fanico de Uni\u00f3n Alcoyana est\u00e1 enfocado para dar soluciones con m\u00e1s y menos posibilidades econ\u00f3micas, por el hecho de que en el momento del fallecimiento y pese a tener dinero, el familiar no quiere organizar, administrar, tramitar cada uno de ellos de los servicios de un sepelio completo. El seguro de prima \u00fanica de Uni\u00f3n Alcoyana es id\u00f3neo para dar soluci\u00f3n en el instante que ha fallecido el asegurado, se pondr\u00e1 en marcha y administrar\u00e1 todo aquello que est\u00e9 en sus manos. Por otro lado, si no dispones de posibilidades econ\u00f3micas el seguro de prima \u00fanica de Uni\u00f3n Alcoyana ayuda a los familiares de reunir de forma anticipada entre todos y cada uno de los familiares la suma de la prima y dejarlo contratado, a fin de que llegado el momento del fallecimiento del asegurado no deban buscar funeraria y negociar en un momento tan doloroso y con tanto desamparo.<br \/>\n<div class=\"colorf \"  ><div class=\"container clearfix\"><div class=\"col-md-7\"><\/p>\n<h2><span class=\"ez-toc-section\" id=\"Precio_de_seguro_de_decesos_Prima_Unica_Union_Alcoyana\"><\/span>Precio de seguro de decesos Prima \u00danica Uni\u00f3n Alcoyana<span class=\"ez-toc-section-end\"><\/span><\/h2>\n<p>Se encuentra en un rango de coste es de 3200 euros a grosso modo, contando con el factor de la edad y localidad del asegurado. El uso de nuestro comparador de seguros de decesos de prima \u00fanica te garantiza la mejor compa\u00f1\u00eda de Uni\u00f3n Alcoyana.<br \/>\n<\/div><\/div><\/div><\/p>\n<h2><span class=\"ez-toc-section\" id=\"Productos_Prima_Unica_Union_Alcoyana\"><\/span>Productos Prima \u00danica Uni\u00f3n Alcoyana<span class=\"ez-toc-section-end\"><\/span><\/h2>\n<div class=\"colorf\"><div class=\"container clearfix\"><div class=\"col-md-7\"><div class=\"opiniones\">\n<h2><span class=\"ez-toc-section\" id=\"Opiniones_del_seguro_de_decesos_de_Prima_Unica_de_Union_Alcoyana\"><\/span>Opiniones del seguro de decesos de Prima \u00danica de Uni\u00f3n Alcoyana<span class=\"ez-toc-section-end\"><\/span><\/h2>\n<div class=\"opinion \"  >\n\t\t\t<div class=\"cabecera_opinion\">\n\t\t\t\t<div class=\"avatar\">E T <\/div>\n\t\t\t\t<div class=\"datos_opinion\">\n\t\t\t\t\t<div class=\"nombre_opinion\">Evangelina Tomas<\/div>\n\t\t\t\t\t<div class=\"info_opinion\">\t\t\t\t\t\t\n\t\t\t\t\t\t<div class=\"cuenta_opinion\"><i class=\"fas fa-pencil-alt\"><\/i><!--span class=\"dashicons dashicons-edit\" style=\"font-size:20px\"><\/span--><span>1 Opini\u00f3n<\/span><\/div>\t\t\t\t\t\t\n\t\t\t\t\t\t<div class=\"localizacion_opinion\">\n\t\t\t\t\t\t\t<i class=\"fas fa-map-marker-alt\"><\/i><!--span class=\"dashicons dashicons-location\" style=\"font-size:20px\"><\/span-->\n\t\t\t\t\t\t\t<span>ES<\/span>\n\t\t\t\t\t\t<\/div>\t\n\t\t\t\t\t<\/div>\n\t\t\t\t<\/div>\n\t\t\t<\/div><div class=\"texto_opinion\"><\/p>\n<p>Lo aconsejo siempre puesto que Uni\u00f3n Alcoyana actu\u00f3 de la mejor forma en el momento que muri\u00f3 mi padre, resolvieron todos los problemas y dieron soluci\u00f3n en el instante.<\/p>\n<p><\/div><\/div>\n<div class=\"opinion \"  >\n\t\t\t<div class=\"cabecera_opinion\">\n\t\t\t\t<div class=\"avatar\">A P <\/div>\n\t\t\t\t<div class=\"datos_opinion\">\n\t\t\t\t\t<div class=\"nombre_opinion\">Abel Perera<\/div>\n\t\t\t\t\t<div class=\"info_opinion\">\t\t\t\t\t\t\n\t\t\t\t\t\t<div class=\"cuenta_opinion\"><i class=\"fas fa-pencil-alt\"><\/i><!--span class=\"dashicons dashicons-edit\" style=\"font-size:20px\"><\/span--><span>1 Opini\u00f3n<\/span><\/div>\t\t\t\t\t\t\n\t\t\t\t\t\t<div class=\"localizacion_opinion\">\n\t\t\t\t\t\t\t<i class=\"fas fa-map-marker-alt\"><\/i><!--span class=\"dashicons dashicons-location\" style=\"font-size:20px\"><\/span-->\n\t\t\t\t\t\t\t<span>ES<\/span>\n\t\t\t\t\t\t<\/div>\t\n\t\t\t\t\t<\/div>\n\t\t\t\t<\/div>\n\t\t\t<\/div><div class=\"texto_opinion\"><\/p>\n<p>La mejor compa\u00f1\u00eda que puede existir en el mercado es sin ning\u00fan g\u00e9nero de dudas el seguro de prima \u00fanica de Uni\u00f3n Alcoyana, en tanto que cuentan con el mejor servicio funerario y de manera completa de qu\u00e9 manera detallada.<br \/>\n<\/div><\/div>\n<div class=\"opinion \"  >\n\t\t\t<div class=\"cabecera_opinion\">\n\t\t\t\t<div class=\"avatar\">M R <\/div>\n\t\t\t\t<div class=\"datos_opinion\">\n\t\t\t\t\t<div class=\"nombre_opinion\">Manu Rodrigo<\/div>\n\t\t\t\t\t<div class=\"info_opinion\">\t\t\t\t\t\t\n\t\t\t\t\t\t<div class=\"cuenta_opinion\"><i class=\"fas fa-pencil-alt\"><\/i><!--span class=\"dashicons dashicons-edit\" style=\"font-size:20px\"><\/span--><span>1 Opini\u00f3n<\/span><\/div>\t\t\t\t\t\t\n\t\t\t\t\t\t<div class=\"localizacion_opinion\">\n\t\t\t\t\t\t\t<i class=\"fas fa-map-marker-alt\"><\/i><!--span class=\"dashicons dashicons-location\" style=\"font-size:20px\"><\/span-->\n\t\t\t\t\t\t\t<span>ES<\/span>\n\t\t\t\t\t\t<\/div>\t\n\t\t\t\t\t<\/div>\n\t\t\t\t<\/div>\n\t\t\t<\/div><div class=\"texto_opinion\"><\/p>\n<p>Estoy content\u00edsima con el seguro de prima \u00fanica de Uni\u00f3n Alcoyana, tanto que asimismo se la hemos contratado a mi abuela despu\u00e9s del servicio que le dieron a mi abuelo cuando muri\u00f3.<\/p>\n<p><\/div><\/div>\n<\/div><\/div><\/div><\/div>\n<p><div class=\"oficinas\"><br \/>\n<!-- Shortcode [uni%c3%b3n-alcoyana-hijas] does not exist --><\/p>\n<p><\/div> <h3><span class=\"ez-toc-section\" id=\"Paginas_relacionadas\"><\/span>P\u00e1ginas relacionadas<span class=\"ez-toc-section-end\"><\/span><\/h3><div class=\"enlazado\"><ul> <li><a href=\"https:\/\/idecesos.com\/seguros\/companias\/union-alcoyana\/opiniones\/\">Opiniones Uni\u00f3n Alcoyana<\/a><\/li> <li><a href=\"https:\/\/idecesos.com\/seguros\/companias\/union-alcoyana\/precio\/\">Precio seguro Uni\u00f3n Alcoyana<\/a><\/li> <li><a href=\"https:\/\/idecesos.com\/seguros\/companias\/union-alcoyana\/prima-mixta\/\">Uni\u00f3n Alcoyana Prima Mixta<\/a><\/li> <li><a href=\"https:\/\/idecesos.com\/seguros\/companias\/union-alcoyana\/prima-natural\/\">Uni\u00f3n Alcoyana Prima Natural<\/a><\/li> <li><a href=\"https:\/\/idecesos.com\/seguros\/companias\/union-alcoyana\/prima-nivelada\/\">Uni\u00f3n Alcoyana Prima Nivelada<\/a><\/li> <li><a href=\"https:\/\/idecesos.com\/seguros\/companias\/union-alcoyana\/prima-unica\/\">Uni\u00f3n Alcoyana Prima \u00danica<\/a><\/li> <li><a href=\"https:\/\/idecesos.com\/seguros\/companias\/union-alcoyana\/repatriacion\/\">Uni\u00f3n Alcoyana Repatriaci\u00f3n<\/a><\/li> <li><a href=\"https:\/\/idecesos.com\/seguros\/companias\/union-alcoyana\/telefono\/\">Tel\u00e9fono Gratuito Uni\u00f3n Alcoyana<\/a><\/li>                                                                                                                                                                                                                                                                                                                                                                                                                                                                                                                                                                                                                                                                                                                                                                                                                                                                                                                                                                                                                                                                                                                                                                                                                                                                                                                                                                                                                                                                                                                                                                                                                                                                                                                                                                                                                                                                                                                                                                                                                                                                                                                                                                                                                                                                                                                                                                                                                                                                                                                                                                                                                                                                                                                                                                                                                                                                                                                                                                                                                                                                                                                              <\/ul><\/div>\r\n<\/p>\n","protected":false},"excerpt":{"rendered":"<p>El seguro de decesos de Uni\u00f3n Alcoyana es la opci\u00f3n alternativa id\u00f3nea para personas mayores que quieren una p\u00f3liza de pago \u00fanico y que le cubra todos los gastos, servicios, suministros de un entierro, entierro e incineraci\u00f3n. El seguro de prima \u00fanica de Uni\u00f3n Alcoyana es el mejor del mercado que cuenta con todas las&hellip; <\/p>\n","protected":false},"author":3,"featured_media":0,"parent":9485,"menu_order":0,"comment_status":"closed","ping_status":"closed","template":"single.php","meta":{"footnotes":""},"class_list":["post-11772","page","type-page","status-publish","hentry"],"yoast_head":"<!-- This site is optimized with the Yoast SEO plugin v27.5 - https:\/\/yoast.com\/product\/yoast-seo-wordpress\/ -->\n<title>Seguro Decesos Uni\u00f3n Alcoyana Prima \u00danica \u25b7 Opiniones y Precio 2026<\/title>\n<meta name=\"description\" content=\"Click aqu\u00ed \u3010Seguro de Decesos Prima \u00danica Uni\u00f3n Alcoyana\u3011 Mejores precios Uni\u00f3n Alcoyana seguro de fallecidos Prima \u00danica \u2611\ufe0f Actualizado por iDecesos\u00ae\" \/>\n<meta name=\"robots\" content=\"index, follow, max-snippet:-1, max-image-preview:large, max-video-preview:-1\" \/>\n<link rel=\"canonical\" href=\"https:\/\/idecesos.com\/seguros\/companias\/union-alcoyana\/prima-unica\/\" \/>\n<meta property=\"og:locale\" content=\"es_ES\" \/>\n<meta property=\"og:type\" content=\"article\" \/>\n<meta property=\"og:title\" content=\"Seguro Decesos Uni\u00f3n Alcoyana Prima \u00danica \u25b7 Opiniones y Precio 2026\" \/>\n<meta property=\"og:description\" content=\"Click aqu\u00ed \u3010Seguro de Decesos Prima \u00danica Uni\u00f3n Alcoyana\u3011 Mejores precios Uni\u00f3n Alcoyana seguro de fallecidos Prima \u00danica \u2611\ufe0f Actualizado por iDecesos\u00ae\" \/>\n<meta property=\"og:url\" content=\"https:\/\/idecesos.com\/seguros\/companias\/union-alcoyana\/prima-unica\/\" \/>\n<meta property=\"article:modified_time\" content=\"2022-04-07T22:16:20+00:00\" \/>\n<meta name=\"twitter:card\" content=\"summary_large_image\" \/>\n<meta name=\"twitter:label1\" content=\"Tiempo de lectura\" \/>\n\t<meta name=\"twitter:data1\" content=\"3 minutos\" \/>\n<script type=\"application\/ld+json\" class=\"yoast-schema-graph\">{\"@context\":\"https:\\\/\\\/schema.org\",\"@graph\":[{\"@type\":\"WebPage\",\"@id\":\"https:\\\/\\\/idecesos.com\\\/seguros\\\/companias\\\/union-alcoyana\\\/prima-unica\\\/\",\"url\":\"https:\\\/\\\/idecesos.com\\\/seguros\\\/companias\\\/union-alcoyana\\\/prima-unica\\\/\",\"name\":\"Seguro Decesos Uni\u00f3n Alcoyana Prima \u00danica \u25b7 Opiniones y Precio 2026\",\"isPartOf\":{\"@id\":\"https:\\\/\\\/idecesos.com\\\/seguros\\\/#website\"},\"datePublished\":\"2021-11-26T00:00:00+00:00\",\"dateModified\":\"2022-04-07T22:16:20+00:00\",\"description\":\"Click aqu\u00ed \u3010Seguro de Decesos Prima \u00danica Uni\u00f3n Alcoyana\u3011 Mejores precios Uni\u00f3n Alcoyana seguro de fallecidos Prima \u00danica \u2611\ufe0f Actualizado por iDecesos\u00ae\",\"breadcrumb\":{\"@id\":\"https:\\\/\\\/idecesos.com\\\/seguros\\\/companias\\\/union-alcoyana\\\/prima-unica\\\/#breadcrumb\"},\"inLanguage\":\"es\",\"potentialAction\":[{\"@type\":\"ReadAction\",\"target\":[\"https:\\\/\\\/idecesos.com\\\/seguros\\\/companias\\\/union-alcoyana\\\/prima-unica\\\/\"]}]},{\"@type\":\"BreadcrumbList\",\"@id\":\"https:\\\/\\\/idecesos.com\\\/seguros\\\/companias\\\/union-alcoyana\\\/prima-unica\\\/#breadcrumb\",\"itemListElement\":[{\"@type\":\"ListItem\",\"position\":1,\"name\":\"Portada\",\"item\":\"https:\\\/\\\/idecesos.com\\\/seguros\\\/\"},{\"@type\":\"ListItem\",\"position\":2,\"name\":\"Compa\u00f1\u00edas de Seguros de Decesos en Espa\u00f1a\",\"item\":\"https:\\\/\\\/idecesos.com\\\/seguros\\\/companias\\\/\"},{\"@type\":\"ListItem\",\"position\":3,\"name\":\"Seguros de decesos Uni\u00f3n Alcoyana\",\"item\":\"https:\\\/\\\/idecesos.com\\\/seguros\\\/companias\\\/union-alcoyana\\\/\"},{\"@type\":\"ListItem\",\"position\":4,\"name\":\"Seguro de decesos Uni\u00f3n Alcoyana Prima \u00danica\"}]},{\"@type\":\"WebSite\",\"@id\":\"https:\\\/\\\/idecesos.com\\\/seguros\\\/#website\",\"url\":\"https:\\\/\\\/idecesos.com\\\/seguros\\\/\",\"name\":\"\",\"description\":\"\",\"potentialAction\":[{\"@type\":\"SearchAction\",\"target\":{\"@type\":\"EntryPoint\",\"urlTemplate\":\"https:\\\/\\\/idecesos.com\\\/seguros\\\/?s={search_term_string}\"},\"query-input\":{\"@type\":\"PropertyValueSpecification\",\"valueRequired\":true,\"valueName\":\"search_term_string\"}}],\"inLanguage\":\"es\"}]}<\/script>\n<!-- \/ Yoast SEO plugin. -->","yoast_head_json":{"title":"Seguro Decesos Uni\u00f3n Alcoyana Prima \u00danica \u25b7 Opiniones y Precio 2026","description":"Click aqu\u00ed \u3010Seguro de Decesos Prima \u00danica Uni\u00f3n Alcoyana\u3011 Mejores precios Uni\u00f3n Alcoyana seguro de fallecidos Prima \u00danica \u2611\ufe0f Actualizado por iDecesos\u00ae","robots":{"index":"index","follow":"follow","max-snippet":"max-snippet:-1","max-image-preview":"max-image-preview:large","max-video-preview":"max-video-preview:-1"},"canonical":"https:\/\/idecesos.com\/seguros\/companias\/union-alcoyana\/prima-unica\/","og_locale":"es_ES","og_type":"article","og_title":"Seguro Decesos Uni\u00f3n Alcoyana Prima \u00danica \u25b7 Opiniones y Precio 2026","og_description":"Click aqu\u00ed \u3010Seguro de Decesos Prima \u00danica Uni\u00f3n Alcoyana\u3011 Mejores precios Uni\u00f3n Alcoyana seguro de fallecidos Prima \u00danica \u2611\ufe0f Actualizado por iDecesos\u00ae","og_url":"https:\/\/idecesos.com\/seguros\/companias\/union-alcoyana\/prima-unica\/","article_modified_time":"2022-04-07T22:16:20+00:00","twitter_card":"summary_large_image","twitter_misc":{"Tiempo de lectura":"3 minutos"},"schema":{"@context":"https:\/\/schema.org","@graph":[{"@type":"WebPage","@id":"https:\/\/idecesos.com\/seguros\/companias\/union-alcoyana\/prima-unica\/","url":"https:\/\/idecesos.com\/seguros\/companias\/union-alcoyana\/prima-unica\/","name":"Seguro Decesos Uni\u00f3n Alcoyana Prima \u00danica \u25b7 Opiniones y Precio 2026","isPartOf":{"@id":"https:\/\/idecesos.com\/seguros\/#website"},"datePublished":"2021-11-26T00:00:00+00:00","dateModified":"2022-04-07T22:16:20+00:00","description":"Click aqu\u00ed \u3010Seguro de Decesos Prima \u00danica Uni\u00f3n Alcoyana\u3011 Mejores precios Uni\u00f3n Alcoyana seguro de fallecidos Prima \u00danica \u2611\ufe0f Actualizado por iDecesos\u00ae","breadcrumb":{"@id":"https:\/\/idecesos.com\/seguros\/companias\/union-alcoyana\/prima-unica\/#breadcrumb"},"inLanguage":"es","potentialAction":[{"@type":"ReadAction","target":["https:\/\/idecesos.com\/seguros\/companias\/union-alcoyana\/prima-unica\/"]}]},{"@type":"BreadcrumbList","@id":"https:\/\/idecesos.com\/seguros\/companias\/union-alcoyana\/prima-unica\/#breadcrumb","itemListElement":[{"@type":"ListItem","position":1,"name":"Portada","item":"https:\/\/idecesos.com\/seguros\/"},{"@type":"ListItem","position":2,"name":"Compa\u00f1\u00edas de Seguros de Decesos en Espa\u00f1a","item":"https:\/\/idecesos.com\/seguros\/companias\/"},{"@type":"ListItem","position":3,"name":"Seguros de decesos Uni\u00f3n Alcoyana","item":"https:\/\/idecesos.com\/seguros\/companias\/union-alcoyana\/"},{"@type":"ListItem","position":4,"name":"Seguro de decesos Uni\u00f3n Alcoyana Prima \u00danica"}]},{"@type":"WebSite","@id":"https:\/\/idecesos.com\/seguros\/#website","url":"https:\/\/idecesos.com\/seguros\/","name":"","description":"","potentialAction":[{"@type":"SearchAction","target":{"@type":"EntryPoint","urlTemplate":"https:\/\/idecesos.com\/seguros\/?s={search_term_string}"},"query-input":{"@type":"PropertyValueSpecification","valueRequired":true,"valueName":"search_term_string"}}],"inLanguage":"es"}]}},"_links":{"self":[{"href":"https:\/\/idecesos.com\/seguros\/wp-json\/wp\/v2\/pages\/11772","targetHints":{"allow":["GET"]}}],"collection":[{"href":"https:\/\/idecesos.com\/seguros\/wp-json\/wp\/v2\/pages"}],"about":[{"href":"https:\/\/idecesos.com\/seguros\/wp-json\/wp\/v2\/types\/page"}],"author":[{"embeddable":true,"href":"https:\/\/idecesos.com\/seguros\/wp-json\/wp\/v2\/users\/3"}],"replies":[{"embeddable":true,"href":"https:\/\/idecesos.com\/seguros\/wp-json\/wp\/v2\/comments?post=11772"}],"version-history":[{"count":3,"href":"https:\/\/idecesos.com\/seguros\/wp-json\/wp\/v2\/pages\/11772\/revisions"}],"predecessor-version":[{"id":21087,"href":"https:\/\/idecesos.com\/seguros\/wp-json\/wp\/v2\/pages\/11772\/revisions\/21087"}],"up":[{"embeddable":true,"href":"https:\/\/idecesos.com\/seguros\/wp-json\/wp\/v2\/pages\/9485"}],"wp:attachment":[{"href":"https:\/\/idecesos.com\/seguros\/wp-json\/wp\/v2\/media?parent=11772"}],"curies":[{"name":"wp","href":"https:\/\/api.w.org\/{rel}","templated":true}]}}