{"id":11793,"date":"2021-11-28T00:00:00","date_gmt":"2021-11-28T00:00:00","guid":{"rendered":"https:\/\/idecesos.com\/seguros\/?page_id=11793"},"modified":"2022-01-03T12:31:16","modified_gmt":"2022-01-03T12:31:16","slug":"prima-nivelada","status":"publish","type":"page","link":"https:\/\/idecesos.com\/seguros\/companias\/previsora-general\/prima-nivelada\/","title":{"rendered":"Seguro de decesos Previsora General Prima Nivelada"},"content":{"rendered":"<div id=\"ez-toc-container\" class=\"ez-toc-v2_0_83 ez-toc-wrap-center counter-hierarchy ez-toc-counter ez-toc-custom ez-toc-container-direction\">\n<div class=\"ez-toc-title-container\">\n<p class=\"ez-toc-title\" style=\"cursor:inherit\">Tabla de Contenido<\/p>\n<span class=\"ez-toc-title-toggle\"><a href=\"#\" class=\"ez-toc-pull-right ez-toc-btn ez-toc-btn-xs ez-toc-btn-default ez-toc-toggle\" aria-label=\"Alternar tabla de contenidos\"><span class=\"ez-toc-js-icon-con\"><span class=\"\"><span class=\"eztoc-hide\" style=\"display:none;\">Toggle<\/span><span class=\"ez-toc-icon-toggle-span\"><svg style=\"fill: #db6415;color:#db6415\" xmlns=\"http:\/\/www.w3.org\/2000\/svg\" class=\"list-377408\" width=\"20px\" height=\"20px\" viewBox=\"0 0 24 24\" fill=\"none\"><path d=\"M6 6H4v2h2V6zm14 0H8v2h12V6zM4 11h2v2H4v-2zm16 0H8v2h12v-2zM4 16h2v2H4v-2zm16 0H8v2h12v-2z\" fill=\"currentColor\"><\/path><\/svg><svg style=\"fill: #db6415;color:#db6415\" class=\"arrow-unsorted-368013\" xmlns=\"http:\/\/www.w3.org\/2000\/svg\" width=\"10px\" height=\"10px\" viewBox=\"0 0 24 24\" version=\"1.2\" baseProfile=\"tiny\"><path d=\"M18.2 9.3l-6.2-6.3-6.2 6.3c-.2.2-.3.4-.3.7s.1.5.3.7c.2.2.4.3.7.3h11c.3 0 .5-.1.7-.3.2-.2.3-.5.3-.7s-.1-.5-.3-.7zM5.8 14.7l6.2 6.3 6.2-6.3c.2-.2.3-.5.3-.7s-.1-.5-.3-.7c-.2-.2-.4-.3-.7-.3h-11c-.3 0-.5.1-.7.3-.2.2-.3.5-.3.7s.1.5.3.7z\"\/><\/svg><\/span><\/span><\/span><\/a><\/span><\/div>\n<nav><ul class='ez-toc-list ez-toc-list-level-1 ' ><li class='ez-toc-page-1 ez-toc-heading-level-2'><a class=\"ez-toc-link ez-toc-heading-1\" href=\"https:\/\/idecesos.com\/seguros\/companias\/previsora-general\/prima-nivelada\/#Coberturas_seguro_Prima_Nivelada_Previsora_General\" >Coberturas seguro Prima Nivelada Previsora General<\/a><ul class='ez-toc-list-level-3' ><li class='ez-toc-heading-level-3'><a class=\"ez-toc-link ez-toc-heading-2\" href=\"https:\/\/idecesos.com\/seguros\/companias\/previsora-general\/prima-nivelada\/#%C2%BFA_quien_va_dirigido_el_seguro_de_decesos_Prima_Nivelada_de_Previsora_General\" >\u00bfA qui\u00e9n va dirigido el seguro de decesos Prima Nivelada de Previsora General?<\/a><\/li><\/ul><\/li><li class='ez-toc-page-1 ez-toc-heading-level-2'><a class=\"ez-toc-link ez-toc-heading-3\" href=\"https:\/\/idecesos.com\/seguros\/companias\/previsora-general\/prima-nivelada\/#Precio_de_seguro_de_decesos_Prima_Nivelada_Previsora_General\" >Precio de seguro de decesos Prima Nivelada Previsora General<\/a><\/li><li class='ez-toc-page-1 ez-toc-heading-level-2'><a class=\"ez-toc-link ez-toc-heading-4\" href=\"https:\/\/idecesos.com\/seguros\/companias\/previsora-general\/prima-nivelada\/#Productos_Prima_Nivelada_Previsora_General\" >Productos Prima Nivelada Previsora General<\/a><\/li><li class='ez-toc-page-1 ez-toc-heading-level-2'><a class=\"ez-toc-link ez-toc-heading-5\" href=\"https:\/\/idecesos.com\/seguros\/companias\/previsora-general\/prima-nivelada\/#Opiniones_del_seguro_de_decesos_de_Prima_Nivelada_de_Previsora_General\" >Opiniones del seguro de decesos de Prima Nivelada de Previsora General<\/a><\/li><\/ul><\/nav><\/div>\n\n<p>Si todav\u00eda no has encontrado la p\u00f3liza que desees, el seguro de decesos de prima nivelada de Previsora General es la m\u00e1s conveniente y amoldada a ti, puesto que no habr\u00e1 ninguna variaci\u00f3n de forma imprevisible. Cuando el asegurado es joven terminar\u00e1 abonando un precio m\u00e1s elevado, en comparaci\u00f3n con la prima natural. De esta p\u00f3liza se favorecer\u00e1 aquella persona que sea mayor en tanto que le resultar\u00e1 de una manera m\u00e1s asequible efectuar los pagos. <\/p>\n<p>Leer m\u00e1s: <a href=\"https:\/\/idecesos.com\/seguros\/tipo\/nivelada\/\">Seguro de decesos Prima Nivelada<\/a><\/p>\n<div class=\"colorf \"  ><div class=\"container clearfix\"><div class=\"col-md-7\"><\/p>\n<h2><span class=\"ez-toc-section\" id=\"Coberturas_seguro_Prima_Nivelada_Previsora_General\"><\/span>Coberturas seguro Prima Nivelada Previsora General<span class=\"ez-toc-section-end\"><\/span><\/h2>\n<p>La mayor\u00eda de las contrataciones dentro del seguro de decesos Previsora General es que una de las coberturas con las que cuentan es el servicio de forma al detalle en funeraria. El servicio m\u00e1s famoso dentro de Previsora General es el que cubre los gastos mortuorios, puesto que cuenta con persona cualificada y disciplinada en atender con calidad en todo momento. Dentro de las distintas coberturas que contempla como en el caso de elecci\u00f3n de urna, o bien gestiones documentarias, quedaran todo solventado en el instante que ocurre el fallecimiento. La cobertura m\u00e1s destacada es aquella que cuando ocurra el instante que ha fallecido la persona asegurada, los familiares se pongan en contacto con el servicio de asistencia 24 horas de Previsora General ellos se encargaran de todo de forma inmediata en el presupuesto marcado por el capital del asegurado. Lo m\u00e1s esencial para tener claro que las coberturas del seguro de decesos de prima nivelada de Previsora General son las mejores y que m\u00e1s se ajustan a lo que queremos es comparando en iDecesos el comparador experto en seguros de decesos, vas a poder consultar adem\u00e1s todos y cada uno de los condicionados generales y el documento de informaci\u00f3n del producto donde te explica sin dobleces lo cubierto y sus exclusiones. <\/p>\n<p><\/div><\/div><\/div>\n<h3><span class=\"ez-toc-section\" id=\"%C2%BFA_quien_va_dirigido_el_seguro_de_decesos_Prima_Nivelada_de_Previsora_General\"><\/span>\u00bfA qui\u00e9n va dirigido el seguro de decesos Prima Nivelada de Previsora General?<span class=\"ez-toc-section-end\"><\/span><\/h3>\n<p>\u00bfQu\u00e9 prima se amolda a nivel econ\u00f3mico a cualquier tipo de circunstancias? En un caso as\u00ed el seguro de prima nivelada Previsora General es perfecta puesto que se ajusta a las necesidades de cada uno de ellos de sus clientes del servicio. M\u00e1s del 85 por ciento de las personas que han adquirido esta p\u00f3liza son de edad avanzada debido que desean que su prima se realice de forma constante y no aumente. Siendo las que mejor valoraci\u00f3n ha obtenido, por la satisfacci\u00f3n de cada usuario, la mayor parte escoge esta modalidad. <\/p>\n<div class=\"colorf \"  ><div class=\"container clearfix\"><div class=\"col-md-7\"><\/p>\n<h2><span class=\"ez-toc-section\" id=\"Precio_de_seguro_de_decesos_Prima_Nivelada_Previsora_General\"><\/span>Precio de seguro de decesos Prima Nivelada Previsora General<span class=\"ez-toc-section-end\"><\/span><\/h2>\n<p>El precio del seguro de prima nivelada Previsora General es de 5,15 euros quien abonar\u00e1 de forma mensual, en cada ello se va a coger los datos esenciales como es el caso de la edad y de la localidad siendo el total de la suma del servicio mortuorio. Quedando incluido todas las ofertas y descuentos que contemplen, dejando de este modo uno de los costes m\u00e1s resaltables y econ\u00f3micos de Previsora General. Tambi\u00e9n se puede abonar de forma mensual, trimestral, semestral o anual, dando todas las facilidades de pago posible a los clientes de Previsora General seguro de prima nivelada. Para conseguir la tarifa con las ofertas m\u00e1s incre\u00edbles semejantes a tu seguro de prima nivelada Previsora General solamente debes efectuar una comparativa de precios en iDecesos en tan s\u00f3lo un minuto vas a saber si lo que deseabas es lo m\u00e1s asequible a lo que puedes acceder con una prima constante. <\/p>\n<p><\/div><\/div><\/div>\n<h2><span class=\"ez-toc-section\" id=\"Productos_Prima_Nivelada_Previsora_General\"><\/span>Productos Prima Nivelada Previsora General<span class=\"ez-toc-section-end\"><\/span><\/h2>\n<div class=\"colorf\"><div class=\"container clearfix\"><div class=\"col-md-7\"><div class=\"opiniones\">\n<h2><span class=\"ez-toc-section\" id=\"Opiniones_del_seguro_de_decesos_de_Prima_Nivelada_de_Previsora_General\"><\/span>Opiniones del seguro de decesos de Prima Nivelada de Previsora General<span class=\"ez-toc-section-end\"><\/span><\/h2>\n<p>La prima nivelada del seguro de decesos de Previsora General destaca por conseguir una de las opiniones m\u00e1s fiables por iDecesos que dan comodidades a fin de que tengas el producto sin inconveniente, adem\u00e1s de tener una asistencia de forma general. Adem\u00e1s ponen a disposici\u00f3n de los interesados en la prima nivelada Previsora General todas y cada una de las comodidades de pago sin incrementos significativos en la prima. Previsora General de manera m\u00e1s usual lleva a cabo descuentos muy interesantes para que se puedan favorecerlos clientes del servicio. <\/p>\n<div class=\"opinion \"  >\n\t\t\t<div class=\"cabecera_opinion\">\n\t\t\t\t<div class=\"avatar\">M L <\/div>\n\t\t\t\t<div class=\"datos_opinion\">\n\t\t\t\t\t<div class=\"nombre_opinion\">Marita Lucena<\/div>\n\t\t\t\t\t<div class=\"info_opinion\">\t\t\t\t\t\t\n\t\t\t\t\t\t<div class=\"cuenta_opinion\"><i class=\"fas fa-pencil-alt\"><\/i><!--span class=\"dashicons dashicons-edit\" style=\"font-size:20px\"><\/span--><span>1 Opini\u00f3n<\/span><\/div>\t\t\t\t\t\t\n\t\t\t\t\t\t<div class=\"localizacion_opinion\">\n\t\t\t\t\t\t\t<i class=\"fas fa-map-marker-alt\"><\/i><!--span class=\"dashicons dashicons-location\" style=\"font-size:20px\"><\/span-->\n\t\t\t\t\t\t\t<span>ES<\/span>\n\t\t\t\t\t\t<\/div>\t\n\t\t\t\t\t<\/div>\n\t\t\t\t<\/div>\n\t\t\t<\/div><div class=\"texto_opinion\"><\/p>\n<p>Para mi punto de opini\u00f3n considero que Previsora General con el seguro de prima nivelada es muy aconsejable, cuentan con unas coberturas muy amplias, uno de sus aconsejes me realiz\u00f3 un presupuesto \u00fanico y memorable, contando que siempre y en todo momento es la misma tarifa quede muy contenta tanto con el servicio como todo lo que me brinda Previsora General, quiero agregar que mi familia cuenta con esta compa\u00f1\u00eda de seguros. <\/p>\n<p><\/div><\/div>\n<div class=\"opinion \"  >\n\t\t\t<div class=\"cabecera_opinion\">\n\t\t\t\t<div class=\"avatar\">E A <\/div>\n\t\t\t\t<div class=\"datos_opinion\">\n\t\t\t\t\t<div class=\"nombre_opinion\">Eliseo Aller-Recio<\/div>\n\t\t\t\t\t<div class=\"info_opinion\">\t\t\t\t\t\t\n\t\t\t\t\t\t<div class=\"cuenta_opinion\"><i class=\"fas fa-pencil-alt\"><\/i><!--span class=\"dashicons dashicons-edit\" style=\"font-size:20px\"><\/span--><span>1 Opini\u00f3n<\/span><\/div>\t\t\t\t\t\t\n\t\t\t\t\t\t<div class=\"localizacion_opinion\">\n\t\t\t\t\t\t\t<i class=\"fas fa-map-marker-alt\"><\/i><!--span class=\"dashicons dashicons-location\" style=\"font-size:20px\"><\/span-->\n\t\t\t\t\t\t\t<span>ES<\/span>\n\t\t\t\t\t\t<\/div>\t\n\t\t\t\t\t<\/div>\n\t\t\t\t<\/div>\n\t\t\t<\/div><div class=\"texto_opinion\"><\/p>\n<p>Mi experiencia con Previsora General ha sido muy buena, me han brindado un servicio de calidad de 10, con ellos consegu\u00ed el seguro de prima nivelada, por lo que cont\u00e9 con una tarifa muy adaptada, siempre lo recomiendo cuando me lo preguntan. <\/p>\n<p><\/div><\/div>\n<div class=\"opinion \"  >\n\t\t\t<div class=\"cabecera_opinion\">\n\t\t\t\t<div class=\"avatar\">A N <\/div>\n\t\t\t\t<div class=\"datos_opinion\">\n\t\t\t\t\t<div class=\"nombre_opinion\">Alex Nicol\u00e1s<\/div>\n\t\t\t\t\t<div class=\"info_opinion\">\t\t\t\t\t\t\n\t\t\t\t\t\t<div class=\"cuenta_opinion\"><i class=\"fas fa-pencil-alt\"><\/i><!--span class=\"dashicons dashicons-edit\" style=\"font-size:20px\"><\/span--><span>1 Opini\u00f3n<\/span><\/div>\t\t\t\t\t\t\n\t\t\t\t\t\t<div class=\"localizacion_opinion\">\n\t\t\t\t\t\t\t<i class=\"fas fa-map-marker-alt\"><\/i><!--span class=\"dashicons dashicons-location\" style=\"font-size:20px\"><\/span-->\n\t\t\t\t\t\t\t<span>ES<\/span>\n\t\t\t\t\t\t<\/div>\t\n\t\t\t\t\t<\/div>\n\t\t\t\t<\/div>\n\t\t\t<\/div><div class=\"texto_opinion\"><\/p>\n<p>Me recomendaron Previsora General ya que estaba buscando el seguro de prima nivelada m\u00e1s econ\u00f3mico, efectuando tambi\u00e9n una b\u00fasqueda muy exhaustiva di con iDecesos, con sinceridad para mi es una herramienta chapo ya que se encarga de decirte las diferentes tarifas que puede tener cada empresa de seguros, por lo que me ayudo bastante y decid\u00ed contratar Previsora General. <\/p>\n<p><\/div><\/div>\n<\/div><\/div><\/div><\/div>\n<p><div class=\"oficinas\"><br \/>\n<h3>P\u00e1ginas relacionadas<\/h3><div class=\"enlazado\"><ul> <li><a href=\"https:\/\/idecesos.com\/seguros\/companias\/previsora-general\/opiniones\/\">Opiniones Previsora General<\/a><\/li> <li><a href=\"https:\/\/idecesos.com\/seguros\/companias\/previsora-general\/precio\/\">Precio seguro Previsora General<\/a><\/li> <li><a href=\"https:\/\/idecesos.com\/seguros\/companias\/previsora-general\/prima-mixta\/\">Previsora General Prima Mixta<\/a><\/li> <li><a href=\"https:\/\/idecesos.com\/seguros\/companias\/previsora-general\/prima-natural\/\">Previsora General Prima Natural<\/a><\/li> <li><a href=\"https:\/\/idecesos.com\/seguros\/companias\/previsora-general\/prima-nivelada\/\">Previsora General Prima Nivelada<\/a><\/li> <li><a href=\"https:\/\/idecesos.com\/seguros\/companias\/previsora-general\/prima-unica\/\">Previsora General Prima \u00danica<\/a><\/li> <li><a href=\"https:\/\/idecesos.com\/seguros\/companias\/previsora-general\/repatriacion\/\">Previsora General Repatriaci\u00f3n<\/a><\/li> <li><a href=\"https:\/\/idecesos.com\/seguros\/companias\/previsora-general\/telefono\/\">Tel\u00e9fono Gratuito Previsora General<\/a><\/li><\/ul><\/div><\/p>\n<\/div>\n","protected":false},"excerpt":{"rendered":"<p>Si todav\u00eda no has encontrado la p\u00f3liza que desees, el seguro de decesos de prima nivelada de Previsora General es la m\u00e1s conveniente y amoldada a ti, puesto que no habr\u00e1 ninguna variaci\u00f3n de forma imprevisible. Cuando el asegurado es joven terminar\u00e1 abonando un precio m\u00e1s elevado, en comparaci\u00f3n con la prima natural. De esta&hellip; <\/p>\n","protected":false},"author":3,"featured_media":0,"parent":9508,"menu_order":0,"comment_status":"closed","ping_status":"closed","template":"single.php","meta":{"footnotes":""},"class_list":["post-11793","page","type-page","status-publish","hentry"],"yoast_head":"<!-- This site is optimized with the Yoast SEO plugin v27.5 - https:\/\/yoast.com\/product\/yoast-seo-wordpress\/ -->\n<title>Seguro Decesos Previsora General Prima Nivelada \u25b7 Opiniones y Precio 2026<\/title>\n<meta name=\"description\" content=\"Click aqu\u00ed \u3010Seguro de Decesos Prima Nivelada Previsora General\u3011 Mejores precios Previsora General seguro de fallecidos Prima Nivelada \u2611\ufe0f Actualizado por iDecesos\u00ae\" \/>\n<meta name=\"robots\" content=\"index, follow, max-snippet:-1, max-image-preview:large, max-video-preview:-1\" \/>\n<link rel=\"canonical\" href=\"https:\/\/idecesos.com\/seguros\/companias\/previsora-general\/prima-nivelada\/\" \/>\n<meta property=\"og:locale\" content=\"es_ES\" \/>\n<meta property=\"og:type\" content=\"article\" \/>\n<meta property=\"og:title\" content=\"Seguro Decesos Previsora General Prima Nivelada \u25b7 Opiniones y Precio 2026\" \/>\n<meta property=\"og:description\" content=\"Click aqu\u00ed \u3010Seguro de Decesos Prima Nivelada Previsora General\u3011 Mejores precios Previsora General seguro de fallecidos Prima Nivelada \u2611\ufe0f Actualizado por iDecesos\u00ae\" \/>\n<meta property=\"og:url\" content=\"https:\/\/idecesos.com\/seguros\/companias\/previsora-general\/prima-nivelada\/\" \/>\n<meta property=\"article:modified_time\" content=\"2022-01-03T12:31:16+00:00\" \/>\n<meta name=\"twitter:card\" content=\"summary_large_image\" \/>\n<meta name=\"twitter:label1\" content=\"Tiempo de lectura\" \/>\n\t<meta name=\"twitter:data1\" content=\"57 minutos\" \/>\n<script type=\"application\/ld+json\" class=\"yoast-schema-graph\">{\"@context\":\"https:\\\/\\\/schema.org\",\"@graph\":[{\"@type\":\"WebPage\",\"@id\":\"https:\\\/\\\/idecesos.com\\\/seguros\\\/companias\\\/previsora-general\\\/prima-nivelada\\\/\",\"url\":\"https:\\\/\\\/idecesos.com\\\/seguros\\\/companias\\\/previsora-general\\\/prima-nivelada\\\/\",\"name\":\"Seguro Decesos Previsora General Prima Nivelada \u25b7 Opiniones y Precio 2026\",\"isPartOf\":{\"@id\":\"https:\\\/\\\/idecesos.com\\\/seguros\\\/#website\"},\"datePublished\":\"2021-11-28T00:00:00+00:00\",\"dateModified\":\"2022-01-03T12:31:16+00:00\",\"description\":\"Click aqu\u00ed \u3010Seguro de Decesos Prima Nivelada Previsora General\u3011 Mejores precios Previsora General seguro de fallecidos Prima Nivelada \u2611\ufe0f Actualizado por iDecesos\u00ae\",\"breadcrumb\":{\"@id\":\"https:\\\/\\\/idecesos.com\\\/seguros\\\/companias\\\/previsora-general\\\/prima-nivelada\\\/#breadcrumb\"},\"inLanguage\":\"es\",\"potentialAction\":[{\"@type\":\"ReadAction\",\"target\":[\"https:\\\/\\\/idecesos.com\\\/seguros\\\/companias\\\/previsora-general\\\/prima-nivelada\\\/\"]}]},{\"@type\":\"BreadcrumbList\",\"@id\":\"https:\\\/\\\/idecesos.com\\\/seguros\\\/companias\\\/previsora-general\\\/prima-nivelada\\\/#breadcrumb\",\"itemListElement\":[{\"@type\":\"ListItem\",\"position\":1,\"name\":\"Portada\",\"item\":\"https:\\\/\\\/idecesos.com\\\/seguros\\\/\"},{\"@type\":\"ListItem\",\"position\":2,\"name\":\"Compa\u00f1\u00edas de Seguros de Decesos en Espa\u00f1a\",\"item\":\"https:\\\/\\\/idecesos.com\\\/seguros\\\/companias\\\/\"},{\"@type\":\"ListItem\",\"position\":3,\"name\":\"Seguro de decesos Previsora General\",\"item\":\"https:\\\/\\\/idecesos.com\\\/seguros\\\/companias\\\/previsora-general\\\/\"},{\"@type\":\"ListItem\",\"position\":4,\"name\":\"Seguro de decesos Previsora General Prima Nivelada\"}]},{\"@type\":\"WebSite\",\"@id\":\"https:\\\/\\\/idecesos.com\\\/seguros\\\/#website\",\"url\":\"https:\\\/\\\/idecesos.com\\\/seguros\\\/\",\"name\":\"\",\"description\":\"\",\"potentialAction\":[{\"@type\":\"SearchAction\",\"target\":{\"@type\":\"EntryPoint\",\"urlTemplate\":\"https:\\\/\\\/idecesos.com\\\/seguros\\\/?s={search_term_string}\"},\"query-input\":{\"@type\":\"PropertyValueSpecification\",\"valueRequired\":true,\"valueName\":\"search_term_string\"}}],\"inLanguage\":\"es\"}]}<\/script>\n<!-- \/ Yoast SEO plugin. -->","yoast_head_json":{"title":"Seguro Decesos Previsora General Prima Nivelada \u25b7 Opiniones y Precio 2026","description":"Click aqu\u00ed \u3010Seguro de Decesos Prima Nivelada Previsora General\u3011 Mejores precios Previsora General seguro de fallecidos Prima Nivelada \u2611\ufe0f Actualizado por iDecesos\u00ae","robots":{"index":"index","follow":"follow","max-snippet":"max-snippet:-1","max-image-preview":"max-image-preview:large","max-video-preview":"max-video-preview:-1"},"canonical":"https:\/\/idecesos.com\/seguros\/companias\/previsora-general\/prima-nivelada\/","og_locale":"es_ES","og_type":"article","og_title":"Seguro Decesos Previsora General Prima Nivelada \u25b7 Opiniones y Precio 2026","og_description":"Click aqu\u00ed \u3010Seguro de Decesos Prima Nivelada Previsora General\u3011 Mejores precios Previsora General seguro de fallecidos Prima Nivelada \u2611\ufe0f Actualizado por iDecesos\u00ae","og_url":"https:\/\/idecesos.com\/seguros\/companias\/previsora-general\/prima-nivelada\/","article_modified_time":"2022-01-03T12:31:16+00:00","twitter_card":"summary_large_image","twitter_misc":{"Tiempo de lectura":"57 minutos"},"schema":{"@context":"https:\/\/schema.org","@graph":[{"@type":"WebPage","@id":"https:\/\/idecesos.com\/seguros\/companias\/previsora-general\/prima-nivelada\/","url":"https:\/\/idecesos.com\/seguros\/companias\/previsora-general\/prima-nivelada\/","name":"Seguro Decesos Previsora General Prima Nivelada \u25b7 Opiniones y Precio 2026","isPartOf":{"@id":"https:\/\/idecesos.com\/seguros\/#website"},"datePublished":"2021-11-28T00:00:00+00:00","dateModified":"2022-01-03T12:31:16+00:00","description":"Click aqu\u00ed \u3010Seguro de Decesos Prima Nivelada Previsora General\u3011 Mejores precios Previsora General seguro de fallecidos Prima Nivelada \u2611\ufe0f Actualizado por iDecesos\u00ae","breadcrumb":{"@id":"https:\/\/idecesos.com\/seguros\/companias\/previsora-general\/prima-nivelada\/#breadcrumb"},"inLanguage":"es","potentialAction":[{"@type":"ReadAction","target":["https:\/\/idecesos.com\/seguros\/companias\/previsora-general\/prima-nivelada\/"]}]},{"@type":"BreadcrumbList","@id":"https:\/\/idecesos.com\/seguros\/companias\/previsora-general\/prima-nivelada\/#breadcrumb","itemListElement":[{"@type":"ListItem","position":1,"name":"Portada","item":"https:\/\/idecesos.com\/seguros\/"},{"@type":"ListItem","position":2,"name":"Compa\u00f1\u00edas de Seguros de Decesos en Espa\u00f1a","item":"https:\/\/idecesos.com\/seguros\/companias\/"},{"@type":"ListItem","position":3,"name":"Seguro de decesos Previsora General","item":"https:\/\/idecesos.com\/seguros\/companias\/previsora-general\/"},{"@type":"ListItem","position":4,"name":"Seguro de decesos Previsora General Prima Nivelada"}]},{"@type":"WebSite","@id":"https:\/\/idecesos.com\/seguros\/#website","url":"https:\/\/idecesos.com\/seguros\/","name":"","description":"","potentialAction":[{"@type":"SearchAction","target":{"@type":"EntryPoint","urlTemplate":"https:\/\/idecesos.com\/seguros\/?s={search_term_string}"},"query-input":{"@type":"PropertyValueSpecification","valueRequired":true,"valueName":"search_term_string"}}],"inLanguage":"es"}]}},"_links":{"self":[{"href":"https:\/\/idecesos.com\/seguros\/wp-json\/wp\/v2\/pages\/11793","targetHints":{"allow":["GET"]}}],"collection":[{"href":"https:\/\/idecesos.com\/seguros\/wp-json\/wp\/v2\/pages"}],"about":[{"href":"https:\/\/idecesos.com\/seguros\/wp-json\/wp\/v2\/types\/page"}],"author":[{"embeddable":true,"href":"https:\/\/idecesos.com\/seguros\/wp-json\/wp\/v2\/users\/3"}],"replies":[{"embeddable":true,"href":"https:\/\/idecesos.com\/seguros\/wp-json\/wp\/v2\/comments?post=11793"}],"version-history":[{"count":1,"href":"https:\/\/idecesos.com\/seguros\/wp-json\/wp\/v2\/pages\/11793\/revisions"}],"predecessor-version":[{"id":13313,"href":"https:\/\/idecesos.com\/seguros\/wp-json\/wp\/v2\/pages\/11793\/revisions\/13313"}],"up":[{"embeddable":true,"href":"https:\/\/idecesos.com\/seguros\/wp-json\/wp\/v2\/pages\/9508"}],"wp:attachment":[{"href":"https:\/\/idecesos.com\/seguros\/wp-json\/wp\/v2\/media?parent=11793"}],"curies":[{"name":"wp","href":"https:\/\/api.w.org\/{rel}","templated":true}]}}