{"id":11811,"date":"2021-11-29T00:00:00","date_gmt":"2021-11-29T00:00:00","guid":{"rendered":"https:\/\/idecesos.com\/seguros\/?page_id=11811"},"modified":"2022-01-03T12:31:07","modified_gmt":"2022-01-03T12:31:07","slug":"prima-mixta","status":"publish","type":"page","link":"https:\/\/idecesos.com\/seguros\/companias\/mmt\/prima-mixta\/","title":{"rendered":"Seguro de decesos Mmt Prima Mixta"},"content":{"rendered":"<div id=\"ez-toc-container\" class=\"ez-toc-v2_0_82_2 ez-toc-wrap-center counter-hierarchy ez-toc-counter ez-toc-custom ez-toc-container-direction\">\n<div class=\"ez-toc-title-container\">\n<p class=\"ez-toc-title\" style=\"cursor:inherit\">Tabla de Contenido<\/p>\n<span class=\"ez-toc-title-toggle\"><a href=\"#\" class=\"ez-toc-pull-right ez-toc-btn ez-toc-btn-xs ez-toc-btn-default ez-toc-toggle\" aria-label=\"Alternar tabla de contenidos\"><span class=\"ez-toc-js-icon-con\"><span class=\"\"><span class=\"eztoc-hide\" style=\"display:none;\">Toggle<\/span><span class=\"ez-toc-icon-toggle-span\"><svg style=\"fill: #db6415;color:#db6415\" xmlns=\"http:\/\/www.w3.org\/2000\/svg\" class=\"list-377408\" width=\"20px\" height=\"20px\" viewBox=\"0 0 24 24\" fill=\"none\"><path d=\"M6 6H4v2h2V6zm14 0H8v2h12V6zM4 11h2v2H4v-2zm16 0H8v2h12v-2zM4 16h2v2H4v-2zm16 0H8v2h12v-2z\" fill=\"currentColor\"><\/path><\/svg><svg style=\"fill: #db6415;color:#db6415\" class=\"arrow-unsorted-368013\" xmlns=\"http:\/\/www.w3.org\/2000\/svg\" width=\"10px\" height=\"10px\" viewBox=\"0 0 24 24\" version=\"1.2\" baseProfile=\"tiny\"><path d=\"M18.2 9.3l-6.2-6.3-6.2 6.3c-.2.2-.3.4-.3.7s.1.5.3.7c.2.2.4.3.7.3h11c.3 0 .5-.1.7-.3.2-.2.3-.5.3-.7s-.1-.5-.3-.7zM5.8 14.7l6.2 6.3 6.2-6.3c.2-.2.3-.5.3-.7s-.1-.5-.3-.7c-.2-.2-.4-.3-.7-.3h-11c-.3 0-.5.1-.7.3-.2.2-.3.5-.3.7s.1.5.3.7z\"\/><\/svg><\/span><\/span><\/span><\/a><\/span><\/div>\n<nav><ul class='ez-toc-list ez-toc-list-level-1 ' ><li class='ez-toc-page-1 ez-toc-heading-level-2'><a class=\"ez-toc-link ez-toc-heading-1\" href=\"https:\/\/idecesos.com\/seguros\/companias\/mmt\/prima-mixta\/#Coberturas_seguro_Prima_Mixta_Mmt\" >Coberturas seguro Prima Mixta Mmt<\/a><ul class='ez-toc-list-level-3' ><li class='ez-toc-heading-level-3'><a class=\"ez-toc-link ez-toc-heading-2\" href=\"https:\/\/idecesos.com\/seguros\/companias\/mmt\/prima-mixta\/#%C2%BFA_quien_va_dirigido_el_seguro_de_decesos_Prima_Mixta_de_Mmt\" >\u00bfA qui\u00e9n va dirigido el seguro de decesos Prima Mixta de Mmt?<\/a><\/li><\/ul><\/li><li class='ez-toc-page-1 ez-toc-heading-level-2'><a class=\"ez-toc-link ez-toc-heading-3\" href=\"https:\/\/idecesos.com\/seguros\/companias\/mmt\/prima-mixta\/#Precio_de_seguro_de_decesos_Prima_Mixta_Mmt\" >Precio de seguro de decesos Prima Mixta Mmt<\/a><\/li><li class='ez-toc-page-1 ez-toc-heading-level-2'><a class=\"ez-toc-link ez-toc-heading-4\" href=\"https:\/\/idecesos.com\/seguros\/companias\/mmt\/prima-mixta\/#Productos_Prima_Mixta_Mmt\" >Productos Prima Mixta Mmt<\/a><\/li><li class='ez-toc-page-1 ez-toc-heading-level-2'><a class=\"ez-toc-link ez-toc-heading-5\" href=\"https:\/\/idecesos.com\/seguros\/companias\/mmt\/prima-mixta\/#Opiniones_del_seguro_de_decesos_de_Prima_Mixta_de_Mmt\" >Opiniones del seguro de decesos de Prima Mixta de Mmt<\/a><ul class='ez-toc-list-level-3' ><li class='ez-toc-heading-level-3'><a class=\"ez-toc-link ez-toc-heading-6\" href=\"https:\/\/idecesos.com\/seguros\/companias\/mmt\/prima-mixta\/#Paginas_relacionadas\" >P\u00e1ginas relacionadas<\/a><\/li><\/ul><\/li><\/ul><\/nav><\/div>\n\n<p>Dentro de las distintas primas, nos encontramos con prima mixta Mmt, puesto que es una mezcla de prima nivelada y prima natural. Cuando se llega a una edad determinada la p\u00f3liza quedar\u00e1 estable, gracias a ello el abono de esto no resultar\u00e1 de manera bastante dif\u00edcil de asumir, va a ser m\u00e1s asequible proseguir pagando la prima mixta de Mmt. Asimismo, la tengamos provisionada en nuestro gasto mensual sin variaciones a\u00f1o tras a\u00f1o. <\/p>\n<p>Leer m\u00e1s: <a href=\"https:\/\/idecesos.com\/seguros\/tipo\/mixta\/\">Seguro de decesos Prima Mixta<\/a><\/p>\n<div class=\"colorf \"  ><div class=\"container clearfix\"><div class=\"col-md-7\"><\/p>\n<h2><span class=\"ez-toc-section\" id=\"Coberturas_seguro_Prima_Mixta_Mmt\"><\/span>Coberturas seguro Prima Mixta Mmt<span class=\"ez-toc-section-end\"><\/span><\/h2>\n<p>Sabes que ere un cliente del servicio exigente cuando tu opci\u00f3n es prima mixta Mmt, la que mejor servicio presta en calidad, con los mejores profesionales. Lo m\u00e1s resaltable de las coberturas seg\u00fan las creencias de los clientes es el servicio recibido de funeraria de Mmt cuanta con grandes valoraciones por las coberturas de prima mixta Mmt. En todo momento evitar cualquier accidente que pudiera acontecer, las coberturas con las que cuenta la p\u00f3liza de prima mixta Mmt, son las m\u00e1s completas y expertas en realizar con resoluci\u00f3n toda las gestiones como el desplazamiento, acondicionamiento de la sala de tanatorio adapt\u00e1ndolo conforme las indicaciones que hayan marcado los familiares. Adecuando al cad\u00e1ver para que luzca de una buena presencia a fin de que sus seres queridos puedan despedirse. Asimismo, todos y cada uno de los suministros para realizar el sepelio de cabo a rabo, desde el ata\u00fad, nicho del cementerio, flores, necrol\u00f3gicas, urna en el caso de incineraci\u00f3n del cad\u00e1ver. <\/p>\n<p><\/div><\/div><\/div>\n<h3><span class=\"ez-toc-section\" id=\"%C2%BFA_quien_va_dirigido_el_seguro_de_decesos_Prima_Mixta_de_Mmt\"><\/span>\u00bfA qui\u00e9n va dirigido el seguro de decesos Prima Mixta de Mmt?<span class=\"ez-toc-section-end\"><\/span><\/h3>\n<p>El seguro de prima mixta de Mmt lo suele contratar las personas o bien familias que a\u00fan son j\u00f3venes y pagan una cuota bastante barata y que saben que se les va a estabilizar en un futuro y no tienen miedo a las subidas leves anuales. Adem\u00e1s de esto, acostumbran a ser familias que le dan un empleo intenso a los servicios a\u00f1adidos que ofrece la p\u00f3liza de prima mixta de Mmt. <\/p>\n<div class=\"colorf \"  ><div class=\"container clearfix\"><div class=\"col-md-7\"><\/p>\n<h2><span class=\"ez-toc-section\" id=\"Precio_de_seguro_de_decesos_Prima_Mixta_Mmt\"><\/span>Precio de seguro de decesos Prima Mixta Mmt<span class=\"ez-toc-section-end\"><\/span><\/h2>\n<p>Para el seguro de prima mixta Mmt su precio es de 2,10\u20ac cada mes, siempre y cuando se tenga en cuenta ciertas referencias como es la localidad, ya los servicios funerarios pueden ser m\u00e1s bajos y con una edad de m\u00e1s de 19 a\u00f1os. Este precio de prima mixta es probablemente el mejor y uno de los m\u00e1s asequibles que ofrece Mmt. De las dudas que puedan surgir de Mmt en iDecesos podr\u00e1s comparar los costes que hay de prima mixta con toda la informaci\u00f3n al instante. <\/p>\n<p><\/div><\/div><\/div>\n<h2><span class=\"ez-toc-section\" id=\"Productos_Prima_Mixta_Mmt\"><\/span>Productos Prima Mixta Mmt<span class=\"ez-toc-section-end\"><\/span><\/h2>\n<div class=\"colorf\"><div class=\"container clearfix\"><div class=\"col-md-7\"><div class=\"opiniones\">\n<h2><span class=\"ez-toc-section\" id=\"Opiniones_del_seguro_de_decesos_de_Prima_Mixta_de_Mmt\"><\/span>Opiniones del seguro de decesos de Prima Mixta de Mmt<span class=\"ez-toc-section-end\"><\/span><\/h2>\n<p>Extrapolando toda la informaci\u00f3n y un estudio muy exhaustivo por los grandes asesores de iDecesos corroboran al 100 por ciento que el mejor seguro de decesos de prima mixta o bien semi natural es de Mmt puesto que cumplen con las caracter\u00edsticas m\u00e1s esencial que cada cliente requiere para su contrataci\u00f3n. <\/p>\n<div class=\"opinion \"  >\n\t\t\t<div class=\"cabecera_opinion\">\n\t\t\t\t<div class=\"avatar\">R S <\/div>\n\t\t\t\t<div class=\"datos_opinion\">\n\t\t\t\t\t<div class=\"nombre_opinion\">Roberta Sol\u00edas<\/div>\n\t\t\t\t\t<div class=\"info_opinion\">\t\t\t\t\t\t\n\t\t\t\t\t\t<div class=\"cuenta_opinion\"><i class=\"fas fa-pencil-alt\"><\/i><!--span class=\"dashicons dashicons-edit\" style=\"font-size:20px\"><\/span--><span>1 Opini\u00f3n<\/span><\/div>\t\t\t\t\t\t\n\t\t\t\t\t\t<div class=\"localizacion_opinion\">\n\t\t\t\t\t\t\t<i class=\"fas fa-map-marker-alt\"><\/i><!--span class=\"dashicons dashicons-location\" style=\"font-size:20px\"><\/span-->\n\t\t\t\t\t\t\t<span>ES<\/span>\n\t\t\t\t\t\t<\/div>\t\n\t\t\t\t\t<\/div>\n\t\t\t\t<\/div>\n\t\t\t<\/div><div class=\"texto_opinion\"><\/p>\n<p>Desde mi experiencia que lo contrate siendo muy joven llevo con ellos m\u00e1s de 6 a\u00f1os con Mmt, estoy content\u00edsima con ellos, aunque es cierto que en cuanto mayor nos hemos hecho el precio a subido, mas lo dem\u00e1s he recibido un trato genial por la parte de Mmt, siempre se lo recomiendo al mundo entero.<\/p>\n<p><\/div><\/div>\n<div class=\"opinion \"  >\n\t\t\t<div class=\"cabecera_opinion\">\n\t\t\t\t<div class=\"avatar\">T R <\/div>\n\t\t\t\t<div class=\"datos_opinion\">\n\t\t\t\t\t<div class=\"nombre_opinion\">Tadeo Redondo<\/div>\n\t\t\t\t\t<div class=\"info_opinion\">\t\t\t\t\t\t\n\t\t\t\t\t\t<div class=\"cuenta_opinion\"><i class=\"fas fa-pencil-alt\"><\/i><!--span class=\"dashicons dashicons-edit\" style=\"font-size:20px\"><\/span--><span>1 Opini\u00f3n<\/span><\/div>\t\t\t\t\t\t\n\t\t\t\t\t\t<div class=\"localizacion_opinion\">\n\t\t\t\t\t\t\t<i class=\"fas fa-map-marker-alt\"><\/i><!--span class=\"dashicons dashicons-location\" style=\"font-size:20px\"><\/span-->\n\t\t\t\t\t\t\t<span>ES<\/span>\n\t\t\t\t\t\t<\/div>\t\n\t\t\t\t\t<\/div>\n\t\t\t\t<\/div>\n\t\t\t<\/div><div class=\"texto_opinion\"><\/p>\n<p>He contratado el seguro de prima Mixta de Mmt y s\u00f3lo puedo decir que desde el momento que llamamos al tel\u00e9fono de asistencia se encargaron de todo y fue todo adecuado por la parte de su personal.<\/p>\n<p><\/div><\/div>\n<div class=\"opinion \"  >\n\t\t\t<div class=\"cabecera_opinion\">\n\t\t\t\t<div class=\"avatar\">A R <\/div>\n\t\t\t\t<div class=\"datos_opinion\">\n\t\t\t\t\t<div class=\"nombre_opinion\">\u00c1gueda Riquelme<\/div>\n\t\t\t\t\t<div class=\"info_opinion\">\t\t\t\t\t\t\n\t\t\t\t\t\t<div class=\"cuenta_opinion\"><i class=\"fas fa-pencil-alt\"><\/i><!--span class=\"dashicons dashicons-edit\" style=\"font-size:20px\"><\/span--><span>1 Opini\u00f3n<\/span><\/div>\t\t\t\t\t\t\n\t\t\t\t\t\t<div class=\"localizacion_opinion\">\n\t\t\t\t\t\t\t<i class=\"fas fa-map-marker-alt\"><\/i><!--span class=\"dashicons dashicons-location\" style=\"font-size:20px\"><\/span-->\n\t\t\t\t\t\t\t<span>ES<\/span>\n\t\t\t\t\t\t<\/div>\t\n\t\t\t\t\t<\/div>\n\t\t\t\t<\/div>\n\t\t\t<\/div><div class=\"texto_opinion\"><\/p>\n<p>En mis criterios Mmt es la mejor que existe, adem\u00e1s los aconsejes son muy profesionales en el campo de los seguros, con lo que me dieron mayor seguridad y calma, me resulta esencial antes de realizar una contrataci\u00f3n que conozca al detalle el producto, por lo que atendieron estupendamente, yo hice la contrataci\u00f3n hace bastante poco por lo que la tarifa me result\u00f3 muy rentable, contaba con todas las coberturas que necesitaba, conque no puedo estar m\u00e1s contenta con Mmt.<\/p>\n<p><\/div><\/div>\n<\/div><\/div><\/div><\/div>\n<p><div class=\"oficinas\"><br \/>\n<h3><span class=\"ez-toc-section\" id=\"Paginas_relacionadas\"><\/span>P\u00e1ginas relacionadas<span class=\"ez-toc-section-end\"><\/span><\/h3><div class=\"enlazado\"><ul> <li><a href=\"https:\/\/idecesos.com\/seguros\/companias\/mmt\/opiniones\/\">Opiniones MMT<\/a><\/li> <li><a href=\"https:\/\/idecesos.com\/seguros\/companias\/mmt\/precio\/\">Precio seguro Mmt<\/a><\/li> <li><a href=\"https:\/\/idecesos.com\/seguros\/companias\/mmt\/prima-mixta\/\">Mmt Prima Mixta<\/a><\/li> <li><a href=\"https:\/\/idecesos.com\/seguros\/companias\/mmt\/prima-natural\/\">Mmt Prima Natural<\/a><\/li> <li><a href=\"https:\/\/idecesos.com\/seguros\/companias\/mmt\/prima-nivelada\/\">Mmt Prima Nivelada<\/a><\/li> <li><a href=\"https:\/\/idecesos.com\/seguros\/companias\/mmt\/prima-unica\/\">Mmt Prima \u00danica<\/a><\/li> <li><a href=\"https:\/\/idecesos.com\/seguros\/companias\/mmt\/repatriacion\/\">Mmt Repatriaci\u00f3n<\/a><\/li> <li><a href=\"https:\/\/idecesos.com\/seguros\/companias\/mmt\/telefono\/\">Tel\u00e9fono Gratuito Mmt<\/a><\/li><\/ul><\/div><\/p>\n<\/div>\n","protected":false},"excerpt":{"rendered":"<p>Dentro de las distintas primas, nos encontramos con prima mixta Mmt, puesto que es una mezcla de prima nivelada y prima natural. Cuando se llega a una edad determinada la p\u00f3liza quedar\u00e1 estable, gracias a ello el abono de esto no resultar\u00e1 de manera bastante dif\u00edcil de asumir, va a ser m\u00e1s asequible proseguir pagando&hellip; <\/p>\n","protected":false},"author":3,"featured_media":0,"parent":9515,"menu_order":0,"comment_status":"closed","ping_status":"closed","template":"single.php","meta":{"footnotes":""},"class_list":["post-11811","page","type-page","status-publish","hentry"],"yoast_head":"<!-- This site is optimized with the Yoast SEO plugin v27.5 - https:\/\/yoast.com\/product\/yoast-seo-wordpress\/ -->\n<title>Seguro Decesos Mmt Prima Mixta \u25b7 Opiniones y Precio 2026<\/title>\n<meta name=\"description\" content=\"Click aqu\u00ed \u3010Seguro de Decesos Prima Mixta Mmt\u3011 Mejores precios Mmt seguro de fallecidos Prima Mixta \u2611\ufe0f Actualizado por iDecesos\u00ae\" \/>\n<meta name=\"robots\" content=\"index, follow, max-snippet:-1, max-image-preview:large, max-video-preview:-1\" \/>\n<link rel=\"canonical\" href=\"https:\/\/idecesos.com\/seguros\/companias\/mmt\/prima-mixta\/\" \/>\n<meta property=\"og:locale\" content=\"es_ES\" \/>\n<meta property=\"og:type\" content=\"article\" \/>\n<meta property=\"og:title\" content=\"Seguro Decesos Mmt Prima Mixta \u25b7 Opiniones y Precio 2026\" \/>\n<meta property=\"og:description\" content=\"Click aqu\u00ed \u3010Seguro de Decesos Prima Mixta Mmt\u3011 Mejores precios Mmt seguro de fallecidos Prima Mixta \u2611\ufe0f Actualizado por iDecesos\u00ae\" \/>\n<meta property=\"og:url\" content=\"https:\/\/idecesos.com\/seguros\/companias\/mmt\/prima-mixta\/\" \/>\n<meta property=\"article:modified_time\" content=\"2022-01-03T12:31:07+00:00\" \/>\n<meta name=\"twitter:card\" content=\"summary_large_image\" \/>\n<meta name=\"twitter:label1\" content=\"Tiempo de lectura\" \/>\n\t<meta name=\"twitter:data1\" content=\"54 minutos\" \/>\n<script type=\"application\/ld+json\" class=\"yoast-schema-graph\">{\"@context\":\"https:\\\/\\\/schema.org\",\"@graph\":[{\"@type\":\"WebPage\",\"@id\":\"https:\\\/\\\/idecesos.com\\\/seguros\\\/companias\\\/mmt\\\/prima-mixta\\\/\",\"url\":\"https:\\\/\\\/idecesos.com\\\/seguros\\\/companias\\\/mmt\\\/prima-mixta\\\/\",\"name\":\"Seguro Decesos Mmt Prima Mixta \u25b7 Opiniones y Precio 2026\",\"isPartOf\":{\"@id\":\"https:\\\/\\\/idecesos.com\\\/seguros\\\/#website\"},\"datePublished\":\"2021-11-29T00:00:00+00:00\",\"dateModified\":\"2022-01-03T12:31:07+00:00\",\"description\":\"Click aqu\u00ed \u3010Seguro de Decesos Prima Mixta Mmt\u3011 Mejores precios Mmt seguro de fallecidos Prima Mixta \u2611\ufe0f Actualizado por iDecesos\u00ae\",\"breadcrumb\":{\"@id\":\"https:\\\/\\\/idecesos.com\\\/seguros\\\/companias\\\/mmt\\\/prima-mixta\\\/#breadcrumb\"},\"inLanguage\":\"es\",\"potentialAction\":[{\"@type\":\"ReadAction\",\"target\":[\"https:\\\/\\\/idecesos.com\\\/seguros\\\/companias\\\/mmt\\\/prima-mixta\\\/\"]}]},{\"@type\":\"BreadcrumbList\",\"@id\":\"https:\\\/\\\/idecesos.com\\\/seguros\\\/companias\\\/mmt\\\/prima-mixta\\\/#breadcrumb\",\"itemListElement\":[{\"@type\":\"ListItem\",\"position\":1,\"name\":\"Portada\",\"item\":\"https:\\\/\\\/idecesos.com\\\/seguros\\\/\"},{\"@type\":\"ListItem\",\"position\":2,\"name\":\"Compa\u00f1\u00edas de Seguros de Decesos en Espa\u00f1a\",\"item\":\"https:\\\/\\\/idecesos.com\\\/seguros\\\/companias\\\/\"},{\"@type\":\"ListItem\",\"position\":3,\"name\":\"Seguro de decesos MMT\",\"item\":\"https:\\\/\\\/idecesos.com\\\/seguros\\\/companias\\\/mmt\\\/\"},{\"@type\":\"ListItem\",\"position\":4,\"name\":\"Seguro de decesos Mmt Prima Mixta\"}]},{\"@type\":\"WebSite\",\"@id\":\"https:\\\/\\\/idecesos.com\\\/seguros\\\/#website\",\"url\":\"https:\\\/\\\/idecesos.com\\\/seguros\\\/\",\"name\":\"\",\"description\":\"\",\"potentialAction\":[{\"@type\":\"SearchAction\",\"target\":{\"@type\":\"EntryPoint\",\"urlTemplate\":\"https:\\\/\\\/idecesos.com\\\/seguros\\\/?s={search_term_string}\"},\"query-input\":{\"@type\":\"PropertyValueSpecification\",\"valueRequired\":true,\"valueName\":\"search_term_string\"}}],\"inLanguage\":\"es\"}]}<\/script>\n<!-- \/ Yoast SEO plugin. -->","yoast_head_json":{"title":"Seguro Decesos Mmt Prima Mixta \u25b7 Opiniones y Precio 2026","description":"Click aqu\u00ed \u3010Seguro de Decesos Prima Mixta Mmt\u3011 Mejores precios Mmt seguro de fallecidos Prima Mixta \u2611\ufe0f Actualizado por iDecesos\u00ae","robots":{"index":"index","follow":"follow","max-snippet":"max-snippet:-1","max-image-preview":"max-image-preview:large","max-video-preview":"max-video-preview:-1"},"canonical":"https:\/\/idecesos.com\/seguros\/companias\/mmt\/prima-mixta\/","og_locale":"es_ES","og_type":"article","og_title":"Seguro Decesos Mmt Prima Mixta \u25b7 Opiniones y Precio 2026","og_description":"Click aqu\u00ed \u3010Seguro de Decesos Prima Mixta Mmt\u3011 Mejores precios Mmt seguro de fallecidos Prima Mixta \u2611\ufe0f Actualizado por iDecesos\u00ae","og_url":"https:\/\/idecesos.com\/seguros\/companias\/mmt\/prima-mixta\/","article_modified_time":"2022-01-03T12:31:07+00:00","twitter_card":"summary_large_image","twitter_misc":{"Tiempo de lectura":"54 minutos"},"schema":{"@context":"https:\/\/schema.org","@graph":[{"@type":"WebPage","@id":"https:\/\/idecesos.com\/seguros\/companias\/mmt\/prima-mixta\/","url":"https:\/\/idecesos.com\/seguros\/companias\/mmt\/prima-mixta\/","name":"Seguro Decesos Mmt Prima Mixta \u25b7 Opiniones y Precio 2026","isPartOf":{"@id":"https:\/\/idecesos.com\/seguros\/#website"},"datePublished":"2021-11-29T00:00:00+00:00","dateModified":"2022-01-03T12:31:07+00:00","description":"Click aqu\u00ed \u3010Seguro de Decesos Prima Mixta Mmt\u3011 Mejores precios Mmt seguro de fallecidos Prima Mixta \u2611\ufe0f Actualizado por iDecesos\u00ae","breadcrumb":{"@id":"https:\/\/idecesos.com\/seguros\/companias\/mmt\/prima-mixta\/#breadcrumb"},"inLanguage":"es","potentialAction":[{"@type":"ReadAction","target":["https:\/\/idecesos.com\/seguros\/companias\/mmt\/prima-mixta\/"]}]},{"@type":"BreadcrumbList","@id":"https:\/\/idecesos.com\/seguros\/companias\/mmt\/prima-mixta\/#breadcrumb","itemListElement":[{"@type":"ListItem","position":1,"name":"Portada","item":"https:\/\/idecesos.com\/seguros\/"},{"@type":"ListItem","position":2,"name":"Compa\u00f1\u00edas de Seguros de Decesos en Espa\u00f1a","item":"https:\/\/idecesos.com\/seguros\/companias\/"},{"@type":"ListItem","position":3,"name":"Seguro de decesos MMT","item":"https:\/\/idecesos.com\/seguros\/companias\/mmt\/"},{"@type":"ListItem","position":4,"name":"Seguro de decesos Mmt Prima Mixta"}]},{"@type":"WebSite","@id":"https:\/\/idecesos.com\/seguros\/#website","url":"https:\/\/idecesos.com\/seguros\/","name":"","description":"","potentialAction":[{"@type":"SearchAction","target":{"@type":"EntryPoint","urlTemplate":"https:\/\/idecesos.com\/seguros\/?s={search_term_string}"},"query-input":{"@type":"PropertyValueSpecification","valueRequired":true,"valueName":"search_term_string"}}],"inLanguage":"es"}]}},"_links":{"self":[{"href":"https:\/\/idecesos.com\/seguros\/wp-json\/wp\/v2\/pages\/11811","targetHints":{"allow":["GET"]}}],"collection":[{"href":"https:\/\/idecesos.com\/seguros\/wp-json\/wp\/v2\/pages"}],"about":[{"href":"https:\/\/idecesos.com\/seguros\/wp-json\/wp\/v2\/types\/page"}],"author":[{"embeddable":true,"href":"https:\/\/idecesos.com\/seguros\/wp-json\/wp\/v2\/users\/3"}],"replies":[{"embeddable":true,"href":"https:\/\/idecesos.com\/seguros\/wp-json\/wp\/v2\/comments?post=11811"}],"version-history":[{"count":1,"href":"https:\/\/idecesos.com\/seguros\/wp-json\/wp\/v2\/pages\/11811\/revisions"}],"predecessor-version":[{"id":13322,"href":"https:\/\/idecesos.com\/seguros\/wp-json\/wp\/v2\/pages\/11811\/revisions\/13322"}],"up":[{"embeddable":true,"href":"https:\/\/idecesos.com\/seguros\/wp-json\/wp\/v2\/pages\/9515"}],"wp:attachment":[{"href":"https:\/\/idecesos.com\/seguros\/wp-json\/wp\/v2\/media?parent=11811"}],"curies":[{"name":"wp","href":"https:\/\/api.w.org\/{rel}","templated":true}]}}