{"id":11823,"date":"2021-11-30T00:00:00","date_gmt":"2021-11-30T00:00:00","guid":{"rendered":"https:\/\/idecesos.com\/seguros\/?page_id=11823"},"modified":"2022-01-03T12:30:57","modified_gmt":"2022-01-03T12:30:57","slug":"prima-nivelada","status":"publish","type":"page","link":"https:\/\/idecesos.com\/seguros\/companias\/genesis\/prima-nivelada\/","title":{"rendered":"Seguro de decesos Genesis Prima Nivelada"},"content":{"rendered":"<div id=\"ez-toc-container\" class=\"ez-toc-v2_0_82_2 ez-toc-wrap-center counter-hierarchy ez-toc-counter ez-toc-custom ez-toc-container-direction\">\n<div class=\"ez-toc-title-container\">\n<p class=\"ez-toc-title\" style=\"cursor:inherit\">Tabla de Contenido<\/p>\n<span class=\"ez-toc-title-toggle\"><a href=\"#\" class=\"ez-toc-pull-right ez-toc-btn ez-toc-btn-xs ez-toc-btn-default ez-toc-toggle\" aria-label=\"Alternar tabla de contenidos\"><span class=\"ez-toc-js-icon-con\"><span class=\"\"><span class=\"eztoc-hide\" style=\"display:none;\">Toggle<\/span><span class=\"ez-toc-icon-toggle-span\"><svg style=\"fill: #db6415;color:#db6415\" xmlns=\"http:\/\/www.w3.org\/2000\/svg\" class=\"list-377408\" width=\"20px\" height=\"20px\" viewBox=\"0 0 24 24\" fill=\"none\"><path d=\"M6 6H4v2h2V6zm14 0H8v2h12V6zM4 11h2v2H4v-2zm16 0H8v2h12v-2zM4 16h2v2H4v-2zm16 0H8v2h12v-2z\" fill=\"currentColor\"><\/path><\/svg><svg style=\"fill: #db6415;color:#db6415\" class=\"arrow-unsorted-368013\" xmlns=\"http:\/\/www.w3.org\/2000\/svg\" width=\"10px\" height=\"10px\" viewBox=\"0 0 24 24\" version=\"1.2\" baseProfile=\"tiny\"><path d=\"M18.2 9.3l-6.2-6.3-6.2 6.3c-.2.2-.3.4-.3.7s.1.5.3.7c.2.2.4.3.7.3h11c.3 0 .5-.1.7-.3.2-.2.3-.5.3-.7s-.1-.5-.3-.7zM5.8 14.7l6.2 6.3 6.2-6.3c.2-.2.3-.5.3-.7s-.1-.5-.3-.7c-.2-.2-.4-.3-.7-.3h-11c-.3 0-.5.1-.7.3-.2.2-.3.5-.3.7s.1.5.3.7z\"\/><\/svg><\/span><\/span><\/span><\/a><\/span><\/div>\n<nav><ul class='ez-toc-list ez-toc-list-level-1 ' ><li class='ez-toc-page-1 ez-toc-heading-level-2'><a class=\"ez-toc-link ez-toc-heading-1\" href=\"https:\/\/idecesos.com\/seguros\/companias\/genesis\/prima-nivelada\/#Coberturas_seguro_Prima_Nivelada_Genesis\" >Coberturas seguro Prima Nivelada Genesis<\/a><ul class='ez-toc-list-level-3' ><li class='ez-toc-heading-level-3'><a class=\"ez-toc-link ez-toc-heading-2\" href=\"https:\/\/idecesos.com\/seguros\/companias\/genesis\/prima-nivelada\/#%C2%BFA_quien_va_dirigido_el_seguro_de_decesos_Prima_Nivelada_de_Genesis\" >\u00bfA qui\u00e9n va dirigido el seguro de decesos Prima Nivelada de Genesis?<\/a><\/li><\/ul><\/li><li class='ez-toc-page-1 ez-toc-heading-level-2'><a class=\"ez-toc-link ez-toc-heading-3\" href=\"https:\/\/idecesos.com\/seguros\/companias\/genesis\/prima-nivelada\/#Precio_de_seguro_de_decesos_Prima_Nivelada_Genesis\" >Precio de seguro de decesos Prima Nivelada Genesis<\/a><\/li><li class='ez-toc-page-1 ez-toc-heading-level-2'><a class=\"ez-toc-link ez-toc-heading-4\" href=\"https:\/\/idecesos.com\/seguros\/companias\/genesis\/prima-nivelada\/#Productos_Prima_Nivelada_Genesis\" >Productos Prima Nivelada Genesis<\/a><\/li><li class='ez-toc-page-1 ez-toc-heading-level-2'><a class=\"ez-toc-link ez-toc-heading-5\" href=\"https:\/\/idecesos.com\/seguros\/companias\/genesis\/prima-nivelada\/#Opiniones_del_seguro_de_decesos_de_Prima_Nivelada_de_Genesis\" >Opiniones del seguro de decesos de Prima Nivelada de Genesis<\/a><ul class='ez-toc-list-level-3' ><li class='ez-toc-heading-level-3'><a class=\"ez-toc-link ez-toc-heading-6\" href=\"https:\/\/idecesos.com\/seguros\/companias\/genesis\/prima-nivelada\/#Paginas_relacionadas\" >P\u00e1ginas relacionadas<\/a><\/li><\/ul><\/li><\/ul><\/nav><\/div>\n\n<p>Una de las caracter\u00edsticas destacables del seguro de decesos de prima nivelada Genesis es el tipo que se va a mantener de forma continuada a lo largo de toda la vida que formes una parte de la red de clientes del servicio de la Genesis compa\u00f1\u00eda de seguros. Cuando realizastes por vez primera la contrataci\u00f3n de la p\u00f3liza con Genesis se tomar\u00e1 en cuenta la edad. De esta manera cuando se realice las actualizaciones pertinentes por a\u00f1o pr\u00f3ximo, a la suma asegurada se le va a aplicar una tasa conforme la contrataci\u00f3n precedente. En el c\u00e1lculo de la compa\u00f1\u00eda de manera imprevisible la p\u00f3liza a\u00f1adir\u00e1 una tasa continua conveniente a la edad conseguida. <\/p>\n<p>Leer m\u00e1s: <a href=\"https:\/\/idecesos.com\/seguros\/tipo\/nivelada\/\">Seguro de decesos Prima Nivelada<\/a><\/p>\n<div class=\"colorf \"  ><div class=\"container clearfix\"><div class=\"col-md-7\"><\/p>\n<h2><span class=\"ez-toc-section\" id=\"Coberturas_seguro_Prima_Nivelada_Genesis\"><\/span>Coberturas seguro Prima Nivelada Genesis<span class=\"ez-toc-section-end\"><\/span><\/h2>\n<p>Genesis lidera este sector del seguro funerario ya que da las coberturas la seguridad de los servicios de m\u00e1s reconocido y profesionalidad es una de sus cualidades. Genesis es por la que los clientes adquieren su p\u00f3liza. Adem\u00e1s, si los familiares o bien beneficiarios lo desean, incluye sepelio e incineraci\u00f3n, que se ocupan de todos los tr\u00e1mites relacionados con el registro civil del fallecido, el seguro entra en vigencia desde que muere el asegurado. Cada familia tiene una cultura o bien costumbre, con lo que ellos determinan lo que se har\u00e1 una vez que llegue el instante. En relaci\u00f3n al presupuesto se adaptara de la manera m\u00e1s correcta y dentro de las medidas oportunas de servicios del fondo de seguros. Es una herramienta importante contar con un comparador de seguros en iDecesos tendr\u00e1s todas y cada una de las coberturas a su alcance del seguro funerario m\u00e1s selecto a nivel Genesis se resalta por el hecho de que contempla las distintas opciones que podr\u00e1s consultar toda la informaci\u00f3n que precises de cada producto. Documento informativo, que explica los contenidos y exclusiones desplegados. <\/p>\n<p><\/div><\/div><\/div>\n<h3><span class=\"ez-toc-section\" id=\"%C2%BFA_quien_va_dirigido_el_seguro_de_decesos_Prima_Nivelada_de_Genesis\"><\/span>\u00bfA qui\u00e9n va dirigido el seguro de decesos Prima Nivelada de Genesis?<span class=\"ez-toc-section-end\"><\/span><\/h3>\n<p>\u00bfQue es el seguro de prima nivelada de Genesis ? Est\u00e1 desarrollada para ser accesible para personas de cualquier nivel de ingresos. La mayor\u00eda que realiza este contrato son personas mayores que tienen en cuenta que con los a\u00f1os no quieren que siga creciendo las primas de la p\u00f3liza. De las diferentes modalidades el 65 por cien optan por este servicio en Genesis puesto que es de las mejores conforme las creencias de cada cliente. <\/p>\n<div class=\"colorf \"  ><div class=\"container clearfix\"><div class=\"col-md-7\"><\/p>\n<h2><span class=\"ez-toc-section\" id=\"Precio_de_seguro_de_decesos_Prima_Nivelada_Genesis\"><\/span>Precio de seguro de decesos Prima Nivelada Genesis<span class=\"ez-toc-section-end\"><\/span><\/h2>\n<p>Cada prima nivelada destaca por su precio, dentro de Genesis se calcula que es desde 5,15\u20ac, dependiendo en el rango de edad del cliente asegurando una continuidad. Gracias a iDecesos toda la informaci\u00f3n te resultar\u00e1 m\u00e1s entendible, vas a poder evitar cualquier registro, ahora es considerablemente m\u00e1s f\u00e1cil. <\/p>\n<p><\/div><\/div><\/div>\n<h2><span class=\"ez-toc-section\" id=\"Productos_Prima_Nivelada_Genesis\"><\/span>Productos Prima Nivelada Genesis<span class=\"ez-toc-section-end\"><\/span><\/h2>\n<div class=\"colorf\"><div class=\"container clearfix\"><div class=\"col-md-7\"><div class=\"opiniones\">\n<h2><span class=\"ez-toc-section\" id=\"Opiniones_del_seguro_de_decesos_de_Prima_Nivelada_de_Genesis\"><\/span>Opiniones del seguro de decesos de Prima Nivelada de Genesis<span class=\"ez-toc-section-end\"><\/span><\/h2>\n<p>En Genesis que contiene el seguro de prima nivelada, dentro de iDecesos ha se\u00f1alado por tener de las mejores opiniones de esta compa\u00f1\u00eda. Este criterio se fundamenta en un an\u00e1lisis profundo cobertura a cobertura y haciendo una investigaci\u00f3n de mercado con otras compa\u00f1\u00edas que ofertan prima nivelada. <\/p>\n<div class=\"opinion \"  >\n\t\t\t<div class=\"cabecera_opinion\">\n\t\t\t\t<div class=\"avatar\">P B <\/div>\n\t\t\t\t<div class=\"datos_opinion\">\n\t\t\t\t\t<div class=\"nombre_opinion\">Paula Benito<\/div>\n\t\t\t\t\t<div class=\"info_opinion\">\t\t\t\t\t\t\n\t\t\t\t\t\t<div class=\"cuenta_opinion\"><i class=\"fas fa-pencil-alt\"><\/i><!--span class=\"dashicons dashicons-edit\" style=\"font-size:20px\"><\/span--><span>1 Opini\u00f3n<\/span><\/div>\t\t\t\t\t\t\n\t\t\t\t\t\t<div class=\"localizacion_opinion\">\n\t\t\t\t\t\t\t<i class=\"fas fa-map-marker-alt\"><\/i><!--span class=\"dashicons dashicons-location\" style=\"font-size:20px\"><\/span-->\n\t\t\t\t\t\t\t<span>ES<\/span>\n\t\t\t\t\t\t<\/div>\t\n\t\t\t\t\t<\/div>\n\t\t\t\t<\/div>\n\t\t\t<\/div><div class=\"texto_opinion\"><\/p>\n<p>Ten\u00eda al respecto m\u00faltiples dudas sobre las coberturas que ofrecen dentro de la p\u00f3liza, con lo que asist\u00ed a una de sus oficinas m\u00e1s pr\u00f3ximas, me atendieron profesionalmente, d\u00e1ndome calma y resolviendo indudablemente todas y cada una mis cuestiones. Disponen de diferentes soluciones para cualquier circunstancia que pueda acontecer alg\u00fan tipo de incidencia. <\/p>\n<p><\/div><\/div>\n<div class=\"opinion \"  >\n\t\t\t<div class=\"cabecera_opinion\">\n\t\t\t\t<div class=\"avatar\">S M <\/div>\n\t\t\t\t<div class=\"datos_opinion\">\n\t\t\t\t\t<div class=\"nombre_opinion\">Sara Morales<\/div>\n\t\t\t\t\t<div class=\"info_opinion\">\t\t\t\t\t\t\n\t\t\t\t\t\t<div class=\"cuenta_opinion\"><i class=\"fas fa-pencil-alt\"><\/i><!--span class=\"dashicons dashicons-edit\" style=\"font-size:20px\"><\/span--><span>1 Opini\u00f3n<\/span><\/div>\t\t\t\t\t\t\n\t\t\t\t\t\t<div class=\"localizacion_opinion\">\n\t\t\t\t\t\t\t<i class=\"fas fa-map-marker-alt\"><\/i><!--span class=\"dashicons dashicons-location\" style=\"font-size:20px\"><\/span-->\n\t\t\t\t\t\t\t<span>ES<\/span>\n\t\t\t\t\t\t<\/div>\t\n\t\t\t\t\t<\/div>\n\t\t\t\t<\/div>\n\t\t\t<\/div><div class=\"texto_opinion\"><\/p>\n<p>Me recomendaron Genesis ya que estaba buscando el seguro de prima nivelada m\u00e1s econ\u00f3mico, efectuando asimismo una b\u00fasqueda muy pormenorizada di con iDecesos, francamente para mi es una herramienta chapo ya que se encarga de decirte las diferentes tarifas que puede tener cada aseguradora, por lo que me asisto bastante y decid\u00ed contratar Genesis. <\/p>\n<p><\/div><\/div>\n<div class=\"opinion \"  >\n\t\t\t<div class=\"cabecera_opinion\">\n\t\t\t\t<div class=\"avatar\">L T <\/div>\n\t\t\t\t<div class=\"datos_opinion\">\n\t\t\t\t\t<div class=\"nombre_opinion\">Luc\u00eda Tamarit<\/div>\n\t\t\t\t\t<div class=\"info_opinion\">\t\t\t\t\t\t\n\t\t\t\t\t\t<div class=\"cuenta_opinion\"><i class=\"fas fa-pencil-alt\"><\/i><!--span class=\"dashicons dashicons-edit\" style=\"font-size:20px\"><\/span--><span>1 Opini\u00f3n<\/span><\/div>\t\t\t\t\t\t\n\t\t\t\t\t\t<div class=\"localizacion_opinion\">\n\t\t\t\t\t\t\t<i class=\"fas fa-map-marker-alt\"><\/i><!--span class=\"dashicons dashicons-location\" style=\"font-size:20px\"><\/span-->\n\t\t\t\t\t\t\t<span>ES<\/span>\n\t\t\t\t\t\t<\/div>\t\n\t\t\t\t\t<\/div>\n\t\t\t\t<\/div>\n\t\t\t<\/div><div class=\"texto_opinion\"><\/p>\n<p>Para mi punto de opini\u00f3n considero que Genesis con el seguro de prima nivelada es muy recomendable, cuentan con unas coberturas ampl\u00edsimas, uno de sus aconsejes me realiz\u00f3 un presupuesto \u00fanico y recordable, contando que siempre y en todo momento es la misma tarifa quede muy contenta tanto con el servicio como todo cuanto me brinda Genesis, quiero agregar que mi familia cuenta con esta compa\u00f1\u00eda de seguros. <\/p>\n<p><\/div><\/div>\n<\/div><\/div><\/div><\/div>\n<p><div class=\"oficinas\"><br \/>\n<h3><span class=\"ez-toc-section\" id=\"Paginas_relacionadas\"><\/span>P\u00e1ginas relacionadas<span class=\"ez-toc-section-end\"><\/span><\/h3><div class=\"enlazado\"><ul> <li><a href=\"https:\/\/idecesos.com\/seguros\/companias\/genesis\/opiniones\/\">Opiniones Genesis<\/a><\/li> <li><a href=\"https:\/\/idecesos.com\/seguros\/companias\/genesis\/precio\/\">Precio seguro Genesis<\/a><\/li> <li><a href=\"https:\/\/idecesos.com\/seguros\/companias\/genesis\/prima-mixta\/\">Genesis Prima Mixta<\/a><\/li> <li><a href=\"https:\/\/idecesos.com\/seguros\/companias\/genesis\/prima-natural\/\">Genesis Prima Natural<\/a><\/li> <li><a href=\"https:\/\/idecesos.com\/seguros\/companias\/genesis\/prima-nivelada\/\">Genesis Prima Nivelada<\/a><\/li> <li><a href=\"https:\/\/idecesos.com\/seguros\/companias\/genesis\/prima-unica\/\">Genesis Prima \u00danica<\/a><\/li> <li><a href=\"https:\/\/idecesos.com\/seguros\/companias\/genesis\/repatriacion\/\">Genesis Repatriaci\u00f3n<\/a><\/li> <li><a href=\"https:\/\/idecesos.com\/seguros\/companias\/genesis\/telefono\/\">Tel\u00e9fono Gratuito Genesis<\/a><\/li><\/ul><\/div><\/p>\n<\/div>\n","protected":false},"excerpt":{"rendered":"<p>Una de las caracter\u00edsticas destacables del seguro de decesos de prima nivelada Genesis es el tipo que se va a mantener de forma continuada a lo largo de toda la vida que formes una parte de la red de clientes del servicio de la Genesis compa\u00f1\u00eda de seguros. Cuando realizastes por vez primera la contrataci\u00f3n&hellip; <\/p>\n","protected":false},"author":3,"featured_media":0,"parent":9519,"menu_order":0,"comment_status":"closed","ping_status":"closed","template":"single.php","meta":{"footnotes":""},"class_list":["post-11823","page","type-page","status-publish","hentry"],"yoast_head":"<!-- This site is optimized with the Yoast SEO plugin v27.5 - https:\/\/yoast.com\/product\/yoast-seo-wordpress\/ -->\n<title>Seguro Decesos Genesis Prima Nivelada \u25b7 Opiniones y Precio 2026<\/title>\n<meta name=\"description\" content=\"Click aqu\u00ed \u3010Seguro de Decesos Prima Nivelada Genesis\u3011 Mejores precios Genesis seguro de fallecidos Prima Nivelada \u2611\ufe0f Actualizado por iDecesos\u00ae\" \/>\n<meta name=\"robots\" content=\"index, follow, max-snippet:-1, max-image-preview:large, max-video-preview:-1\" \/>\n<link rel=\"canonical\" href=\"https:\/\/idecesos.com\/seguros\/companias\/genesis\/prima-nivelada\/\" \/>\n<meta property=\"og:locale\" content=\"es_ES\" \/>\n<meta property=\"og:type\" content=\"article\" \/>\n<meta property=\"og:title\" content=\"Seguro Decesos Genesis Prima Nivelada \u25b7 Opiniones y Precio 2026\" \/>\n<meta property=\"og:description\" content=\"Click aqu\u00ed \u3010Seguro de Decesos Prima Nivelada Genesis\u3011 Mejores precios Genesis seguro de fallecidos Prima Nivelada \u2611\ufe0f Actualizado por iDecesos\u00ae\" \/>\n<meta property=\"og:url\" content=\"https:\/\/idecesos.com\/seguros\/companias\/genesis\/prima-nivelada\/\" \/>\n<meta property=\"article:modified_time\" content=\"2022-01-03T12:30:57+00:00\" \/>\n<meta name=\"twitter:card\" content=\"summary_large_image\" \/>\n<meta name=\"twitter:label1\" content=\"Tiempo de lectura\" \/>\n\t<meta name=\"twitter:data1\" content=\"57 minutos\" \/>\n<script type=\"application\/ld+json\" class=\"yoast-schema-graph\">{\"@context\":\"https:\\\/\\\/schema.org\",\"@graph\":[{\"@type\":\"WebPage\",\"@id\":\"https:\\\/\\\/idecesos.com\\\/seguros\\\/companias\\\/genesis\\\/prima-nivelada\\\/\",\"url\":\"https:\\\/\\\/idecesos.com\\\/seguros\\\/companias\\\/genesis\\\/prima-nivelada\\\/\",\"name\":\"Seguro Decesos Genesis Prima Nivelada \u25b7 Opiniones y Precio 2026\",\"isPartOf\":{\"@id\":\"https:\\\/\\\/idecesos.com\\\/seguros\\\/#website\"},\"datePublished\":\"2021-11-30T00:00:00+00:00\",\"dateModified\":\"2022-01-03T12:30:57+00:00\",\"description\":\"Click aqu\u00ed \u3010Seguro de Decesos Prima Nivelada Genesis\u3011 Mejores precios Genesis seguro de fallecidos Prima Nivelada \u2611\ufe0f Actualizado por iDecesos\u00ae\",\"breadcrumb\":{\"@id\":\"https:\\\/\\\/idecesos.com\\\/seguros\\\/companias\\\/genesis\\\/prima-nivelada\\\/#breadcrumb\"},\"inLanguage\":\"es\",\"potentialAction\":[{\"@type\":\"ReadAction\",\"target\":[\"https:\\\/\\\/idecesos.com\\\/seguros\\\/companias\\\/genesis\\\/prima-nivelada\\\/\"]}]},{\"@type\":\"BreadcrumbList\",\"@id\":\"https:\\\/\\\/idecesos.com\\\/seguros\\\/companias\\\/genesis\\\/prima-nivelada\\\/#breadcrumb\",\"itemListElement\":[{\"@type\":\"ListItem\",\"position\":1,\"name\":\"Portada\",\"item\":\"https:\\\/\\\/idecesos.com\\\/seguros\\\/\"},{\"@type\":\"ListItem\",\"position\":2,\"name\":\"Compa\u00f1\u00edas de Seguros de Decesos en Espa\u00f1a\",\"item\":\"https:\\\/\\\/idecesos.com\\\/seguros\\\/companias\\\/\"},{\"@type\":\"ListItem\",\"position\":3,\"name\":\"Seguro de decesos G\u00e9nesis\",\"item\":\"https:\\\/\\\/idecesos.com\\\/seguros\\\/companias\\\/genesis\\\/\"},{\"@type\":\"ListItem\",\"position\":4,\"name\":\"Seguro de decesos Genesis Prima Nivelada\"}]},{\"@type\":\"WebSite\",\"@id\":\"https:\\\/\\\/idecesos.com\\\/seguros\\\/#website\",\"url\":\"https:\\\/\\\/idecesos.com\\\/seguros\\\/\",\"name\":\"\",\"description\":\"\",\"potentialAction\":[{\"@type\":\"SearchAction\",\"target\":{\"@type\":\"EntryPoint\",\"urlTemplate\":\"https:\\\/\\\/idecesos.com\\\/seguros\\\/?s={search_term_string}\"},\"query-input\":{\"@type\":\"PropertyValueSpecification\",\"valueRequired\":true,\"valueName\":\"search_term_string\"}}],\"inLanguage\":\"es\"}]}<\/script>\n<!-- \/ Yoast SEO plugin. -->","yoast_head_json":{"title":"Seguro Decesos Genesis Prima Nivelada \u25b7 Opiniones y Precio 2026","description":"Click aqu\u00ed \u3010Seguro de Decesos Prima Nivelada Genesis\u3011 Mejores precios Genesis seguro de fallecidos Prima Nivelada \u2611\ufe0f Actualizado por iDecesos\u00ae","robots":{"index":"index","follow":"follow","max-snippet":"max-snippet:-1","max-image-preview":"max-image-preview:large","max-video-preview":"max-video-preview:-1"},"canonical":"https:\/\/idecesos.com\/seguros\/companias\/genesis\/prima-nivelada\/","og_locale":"es_ES","og_type":"article","og_title":"Seguro Decesos Genesis Prima Nivelada \u25b7 Opiniones y Precio 2026","og_description":"Click aqu\u00ed \u3010Seguro de Decesos Prima Nivelada Genesis\u3011 Mejores precios Genesis seguro de fallecidos Prima Nivelada \u2611\ufe0f Actualizado por iDecesos\u00ae","og_url":"https:\/\/idecesos.com\/seguros\/companias\/genesis\/prima-nivelada\/","article_modified_time":"2022-01-03T12:30:57+00:00","twitter_card":"summary_large_image","twitter_misc":{"Tiempo de lectura":"57 minutos"},"schema":{"@context":"https:\/\/schema.org","@graph":[{"@type":"WebPage","@id":"https:\/\/idecesos.com\/seguros\/companias\/genesis\/prima-nivelada\/","url":"https:\/\/idecesos.com\/seguros\/companias\/genesis\/prima-nivelada\/","name":"Seguro Decesos Genesis Prima Nivelada \u25b7 Opiniones y Precio 2026","isPartOf":{"@id":"https:\/\/idecesos.com\/seguros\/#website"},"datePublished":"2021-11-30T00:00:00+00:00","dateModified":"2022-01-03T12:30:57+00:00","description":"Click aqu\u00ed \u3010Seguro de Decesos Prima Nivelada Genesis\u3011 Mejores precios Genesis seguro de fallecidos Prima Nivelada \u2611\ufe0f Actualizado por iDecesos\u00ae","breadcrumb":{"@id":"https:\/\/idecesos.com\/seguros\/companias\/genesis\/prima-nivelada\/#breadcrumb"},"inLanguage":"es","potentialAction":[{"@type":"ReadAction","target":["https:\/\/idecesos.com\/seguros\/companias\/genesis\/prima-nivelada\/"]}]},{"@type":"BreadcrumbList","@id":"https:\/\/idecesos.com\/seguros\/companias\/genesis\/prima-nivelada\/#breadcrumb","itemListElement":[{"@type":"ListItem","position":1,"name":"Portada","item":"https:\/\/idecesos.com\/seguros\/"},{"@type":"ListItem","position":2,"name":"Compa\u00f1\u00edas de Seguros de Decesos en Espa\u00f1a","item":"https:\/\/idecesos.com\/seguros\/companias\/"},{"@type":"ListItem","position":3,"name":"Seguro de decesos G\u00e9nesis","item":"https:\/\/idecesos.com\/seguros\/companias\/genesis\/"},{"@type":"ListItem","position":4,"name":"Seguro de decesos Genesis Prima Nivelada"}]},{"@type":"WebSite","@id":"https:\/\/idecesos.com\/seguros\/#website","url":"https:\/\/idecesos.com\/seguros\/","name":"","description":"","potentialAction":[{"@type":"SearchAction","target":{"@type":"EntryPoint","urlTemplate":"https:\/\/idecesos.com\/seguros\/?s={search_term_string}"},"query-input":{"@type":"PropertyValueSpecification","valueRequired":true,"valueName":"search_term_string"}}],"inLanguage":"es"}]}},"_links":{"self":[{"href":"https:\/\/idecesos.com\/seguros\/wp-json\/wp\/v2\/pages\/11823","targetHints":{"allow":["GET"]}}],"collection":[{"href":"https:\/\/idecesos.com\/seguros\/wp-json\/wp\/v2\/pages"}],"about":[{"href":"https:\/\/idecesos.com\/seguros\/wp-json\/wp\/v2\/types\/page"}],"author":[{"embeddable":true,"href":"https:\/\/idecesos.com\/seguros\/wp-json\/wp\/v2\/users\/3"}],"replies":[{"embeddable":true,"href":"https:\/\/idecesos.com\/seguros\/wp-json\/wp\/v2\/comments?post=11823"}],"version-history":[{"count":1,"href":"https:\/\/idecesos.com\/seguros\/wp-json\/wp\/v2\/pages\/11823\/revisions"}],"predecessor-version":[{"id":13341,"href":"https:\/\/idecesos.com\/seguros\/wp-json\/wp\/v2\/pages\/11823\/revisions\/13341"}],"up":[{"embeddable":true,"href":"https:\/\/idecesos.com\/seguros\/wp-json\/wp\/v2\/pages\/9519"}],"wp:attachment":[{"href":"https:\/\/idecesos.com\/seguros\/wp-json\/wp\/v2\/media?parent=11823"}],"curies":[{"name":"wp","href":"https:\/\/api.w.org\/{rel}","templated":true}]}}